{"id":1726,"date":"2020-05-19T09:16:20","date_gmt":"2020-05-19T07:16:20","guid":{"rendered":"http:\/\/lmf.no\/de\/?post_type=product&#038;p=1726"},"modified":"2026-03-05T13:09:46","modified_gmt":"2026-03-05T12:09:46","slug":"havneguiden-1","status":"publish","type":"product","link":"https:\/\/lmf.no\/de\/produkt\/havneguiden-1\/","title":{"rendered":"Havneguiden 1, Svinesund \u2013 Langesund, 7. Auflage"},"content":{"rendered":"<p>Havneguiden 1 beschreibt Natur- und G\u00e4steh\u00e4fen, wobei jeder Hafen mit einer eigenen Hafenguideplan, einem Luftfoto, einem beschreibenden Text sowie einer Faktenbox mit Schl\u00fcsselinformationen vorgestellt wird.<\/p>\n<p>Der Text ist in zwei Teile gegliedert: Der maritime Teil beschreibt den Hafen, die Ansteuerung und besondere Bedingungen, auf die Sie achten sollten. Sie erfahren au\u00dferdem, welche Art der Festmachung aktuell ist, sodass Sie bei der Ankunft vorbereitet sind. Der allgemeine Text berichtet \u00fcber die Besonderheiten und die Geschichte des Ortes sowie dar\u00fcber, was Sie dort sehen, unternehmen und erleben k\u00f6nnen. Wir haben auch versucht, auf Dinge hinzuweisen, \u00fcber die Sie sich vielleicht wundern und \u00fcber die Sie m\u00f6glicherweise selbst mehr herausfinden m\u00f6chten.<\/p>\n<p>In dieser Ausgabe wurden alle Hafenguidepl\u00e4ne \u00fcberarbeitet. Die H\u00e4fen wurden mit einem modernen Mehrstrahl-Echolot neu vermessen. Auf Grundlage der neuen hydrographischen Vermessungen haben wir neue Hafenguidepl\u00e4ne mit deutlich mehr Tiefendetails sowie pr\u00e4ziseren Tiefenlinien erstellt. Das Ergebnis ist, dass wir nun wesentlich mehr sichere Liege- und Festmachepl\u00e4tze in den Naturh\u00e4fen nachweisen k\u00f6nnen. In denselben H\u00e4fen haben wir Pl\u00e4tze markiert, die f\u00fcr alle Bootstypen geeignet sind (rote Linie), sowie Pl\u00e4tze, die nur f\u00fcr Motorboote geeignet sind (blaue Linie). In Naturh\u00e4fen sind L\u00e4ngsseitsliegepl\u00e4tze mit einem eigenen Pfeil an Land markiert.<\/p>\n<p>Die Luftbilder mit Markierungen geben Ihnen einen schnellen \u00dcberblick \u00fcber die Umgebung des Hafens, Einrichtungen, Ansteuerungswege, Gefahren und Festmachm\u00f6glichkeiten. Auf den Seiten mit QR-Code haben Sie schnellen Zugang zu einem Drohnenfilm \u00fcber den Hafen.<\/p>\n<p>Am Ende des Buches befindet sich ein Gutschein, der Ihnen Zugang zur Hafenguide-App verschafft. Mit Hilfe der App k\u00f6nnen Sie den urspr\u00fcnglichen norwegischen Text ganz einfach in Ihre Muttersprache \u00fcbersetzen.<\/p>\n<p>Im Sommer 2026 deckt die Hafenguide-Serie ein Gebiet ab, das sich von \u00d6rnsk\u00f6ldsvik in der Bottenwiek bis nach Kirkenes im \u00e4u\u00dfersten Nordosten Norwegens erstreckt. In der Hafenguide-Serie gibt es auch F\u00fchrer, die D\u00e4nemark, Deutschland, Polen, Slowenien, Kroatien, Montenegro, Albanien und Griechenland abdecken.<\/p>\n","protected":false},"excerpt":{"rendered":"<p>ISBN 978-82-7997-245-7<\/p>\n<p><a href=\"https:\/\/www.flipsnack.com\/skagerrak\/hg1-ft3ev3f51\" target=\"_blank\">Bl\u00e4ttern im Buch<\/a><\/p>\n<p><a href=\"http:\/\/www.harbourguide.com\" target=\"_blank\" rel=\"noopener noreferrer\">Hafenguide Online<\/a><\/p>\n","protected":false},"featured_media":2007,"template":"","meta":[],"product_brand":[],"product_cat":[26],"product_tag":[],"class_list":{"0":"post-1726","1":"product","2":"type-product","3":"status-publish","4":"has-post-thumbnail","6":"product_cat-hamnguiden","8":"first","9":"instock","10":"shipping-taxable","11":"purchasable","12":"product-type-simple"},"yoast_head":"<!-- This site is optimized with the Yoast SEO plugin v27.3 - https:\/\/yoast.com\/product\/yoast-seo-wordpress\/ -->\n<title>Havneguiden 1, Svinesund \u2013 Langesund, 7. Auflage | Skagerrak Forlag AS - DE<\/title>\n<meta name=\"description\" content=\"Der Hafenguide 1, Svinesund \u2013 Langesund beschreibt ca. 400 H\u00e4fen. In einigen F\u00e4llen werden unter einem Suchbegriff mehrere H\u00e4fen beschrieben.\" \/>\n<meta name=\"robots\" content=\"index, follow, max-snippet:-1, max-image-preview:large, max-video-preview:-1\" \/>\n<link rel=\"canonical\" href=\"https:\/\/lmf.no\/de\/produkt\/havneguiden-1\/\" \/>\n<meta property=\"og:locale\" content=\"de_DE\" \/>\n<meta property=\"og:type\" content=\"article\" \/>\n<meta property=\"og:title\" content=\"Havneguiden 1, Svinesund \u2013 Langesund, 7. Auflage | Skagerrak Forlag AS - DE\" \/>\n<meta property=\"og:description\" content=\"Der Hafenguide 1, Svinesund \u2013 Langesund beschreibt ca. 400 H\u00e4fen. In einigen F\u00e4llen werden unter einem Suchbegriff mehrere H\u00e4fen beschrieben.\" \/>\n<meta property=\"og:url\" content=\"https:\/\/lmf.no\/de\/produkt\/havneguiden-1\/\" \/>\n<meta property=\"og:site_name\" content=\"Skagerrak Forlag AS - DE\" \/>\n<meta property=\"article:modified_time\" content=\"2026-03-05T12:09:46+00:00\" \/>\n<meta property=\"og:image\" content=\"https:\/\/lmf.no\/de\/wp-content\/uploads\/2020\/05\/HG1_forside-1-scaled.jpg\" \/>\n\t<meta property=\"og:image:width\" content=\"1810\" \/>\n\t<meta property=\"og:image:height\" content=\"2560\" \/>\n\t<meta property=\"og:image:type\" content=\"image\/jpeg\" \/>\n<meta name=\"twitter:card\" content=\"summary_large_image\" \/>\n<meta name=\"twitter:label1\" content=\"Gesch\u00e4tzte Lesezeit\" \/>\n\t<meta name=\"twitter:data1\" content=\"2\u00a0Minuten\" \/>\n<script type=\"application\/ld+json\" class=\"yoast-schema-graph\">{\"@context\":\"https:\\\/\\\/schema.org\",\"@graph\":[{\"@type\":\"WebPage\",\"@id\":\"https:\\\/\\\/lmf.no\\\/de\\\/produkt\\\/havneguiden-1\\\/\",\"url\":\"https:\\\/\\\/lmf.no\\\/de\\\/produkt\\\/havneguiden-1\\\/\",\"name\":\"Havneguiden 1, Svinesund \u2013 Langesund, 7. Auflage | Skagerrak Forlag AS - DE\",\"isPartOf\":{\"@id\":\"https:\\\/\\\/lmf.no\\\/de\\\/#website\"},\"primaryImageOfPage\":{\"@id\":\"https:\\\/\\\/lmf.no\\\/de\\\/produkt\\\/havneguiden-1\\\/#primaryimage\"},\"image\":{\"@id\":\"https:\\\/\\\/lmf.no\\\/de\\\/produkt\\\/havneguiden-1\\\/#primaryimage\"},\"thumbnailUrl\":\"https:\\\/\\\/lmf.no\\\/de\\\/wp-content\\\/uploads\\\/2020\\\/05\\\/HG1_forside-1-scaled.jpg\",\"datePublished\":\"2020-05-19T07:16:20+00:00\",\"dateModified\":\"2026-03-05T12:09:46+00:00\",\"description\":\"Der Hafenguide 1, Svinesund \u2013 Langesund beschreibt ca. 400 H\u00e4fen. In einigen F\u00e4llen werden unter einem Suchbegriff mehrere H\u00e4fen beschrieben.\",\"breadcrumb\":{\"@id\":\"https:\\\/\\\/lmf.no\\\/de\\\/produkt\\\/havneguiden-1\\\/#breadcrumb\"},\"inLanguage\":\"de\",\"potentialAction\":[{\"@type\":\"ReadAction\",\"target\":[\"https:\\\/\\\/lmf.no\\\/de\\\/produkt\\\/havneguiden-1\\\/\"]}]},{\"@type\":\"ImageObject\",\"inLanguage\":\"de\",\"@id\":\"https:\\\/\\\/lmf.no\\\/de\\\/produkt\\\/havneguiden-1\\\/#primaryimage\",\"url\":\"https:\\\/\\\/lmf.no\\\/de\\\/wp-content\\\/uploads\\\/2020\\\/05\\\/HG1_forside-1-scaled.jpg\",\"contentUrl\":\"https:\\\/\\\/lmf.no\\\/de\\\/wp-content\\\/uploads\\\/2020\\\/05\\\/HG1_forside-1-scaled.jpg\",\"width\":1810,\"height\":2560},{\"@type\":\"BreadcrumbList\",\"@id\":\"https:\\\/\\\/lmf.no\\\/de\\\/produkt\\\/havneguiden-1\\\/#breadcrumb\",\"itemListElement\":[{\"@type\":\"ListItem\",\"position\":1,\"name\":\"Hjem\",\"item\":\"https:\\\/\\\/lmf.no\\\/de\\\/\"},{\"@type\":\"ListItem\",\"position\":2,\"name\":\"Gesch\u00e4ft\",\"item\":\"https:\\\/\\\/lmf.no\\\/de\\\/geschaft\\\/\"},{\"@type\":\"ListItem\",\"position\":3,\"name\":\"Havneguiden 1, Svinesund \u2013 Langesund, 7. Auflage\"}]},{\"@type\":\"WebSite\",\"@id\":\"https:\\\/\\\/lmf.no\\\/de\\\/#website\",\"url\":\"https:\\\/\\\/lmf.no\\\/de\\\/\",\"name\":\"Skagerrak Forlag AS\",\"description\":\"Ver\u00f6ffentlichung von Lehrb\u00fcchern\",\"publisher\":{\"@id\":\"https:\\\/\\\/lmf.no\\\/de\\\/#organization\"},\"alternateName\":\"L\u00e6remiddelforlaget - Skagerrak Forlag AS\",\"potentialAction\":[{\"@type\":\"SearchAction\",\"target\":{\"@type\":\"EntryPoint\",\"urlTemplate\":\"https:\\\/\\\/lmf.no\\\/de\\\/?s={search_term_string}\"},\"query-input\":{\"@type\":\"PropertyValueSpecification\",\"valueRequired\":true,\"valueName\":\"search_term_string\"}}],\"inLanguage\":\"de\"},{\"@type\":\"Organization\",\"@id\":\"https:\\\/\\\/lmf.no\\\/de\\\/#organization\",\"name\":\"Skagerrak Forlag AS\",\"alternateName\":\"L\u00e6remiddelforlaget - Skagerrak Forlag\",\"url\":\"https:\\\/\\\/lmf.no\\\/de\\\/\",\"logo\":{\"@type\":\"ImageObject\",\"inLanguage\":\"de\",\"@id\":\"https:\\\/\\\/lmf.no\\\/de\\\/#\\\/schema\\\/logo\\\/image\\\/\",\"url\":\"https:\\\/\\\/lmf.no\\\/de\\\/wp-content\\\/uploads\\\/2024\\\/04\\\/skagerrak-forlag.png\",\"contentUrl\":\"https:\\\/\\\/lmf.no\\\/de\\\/wp-content\\\/uploads\\\/2024\\\/04\\\/skagerrak-forlag.png\",\"width\":188,\"height\":47,\"caption\":\"Skagerrak Forlag AS\"},\"image\":{\"@id\":\"https:\\\/\\\/lmf.no\\\/de\\\/#\\\/schema\\\/logo\\\/image\\\/\"}}]}<\/script>\n<!-- \/ Yoast SEO plugin. -->","yoast_head_json":{"title":"Havneguiden 1, Svinesund \u2013 Langesund, 7. Auflage | Skagerrak Forlag AS - DE","description":"Der Hafenguide 1, Svinesund \u2013 Langesund beschreibt ca. 400 H\u00e4fen. In einigen F\u00e4llen werden unter einem Suchbegriff mehrere H\u00e4fen beschrieben.","robots":{"index":"index","follow":"follow","max-snippet":"max-snippet:-1","max-image-preview":"max-image-preview:large","max-video-preview":"max-video-preview:-1"},"canonical":"https:\/\/lmf.no\/de\/produkt\/havneguiden-1\/","og_locale":"de_DE","og_type":"article","og_title":"Havneguiden 1, Svinesund \u2013 Langesund, 7. Auflage | Skagerrak Forlag AS - DE","og_description":"Der Hafenguide 1, Svinesund \u2013 Langesund beschreibt ca. 400 H\u00e4fen. In einigen F\u00e4llen werden unter einem Suchbegriff mehrere H\u00e4fen beschrieben.","og_url":"https:\/\/lmf.no\/de\/produkt\/havneguiden-1\/","og_site_name":"Skagerrak Forlag AS - DE","article_modified_time":"2026-03-05T12:09:46+00:00","og_image":[{"width":1810,"height":2560,"url":"https:\/\/lmf.no\/de\/wp-content\/uploads\/2020\/05\/HG1_forside-1-scaled.jpg","type":"image\/jpeg"}],"twitter_card":"summary_large_image","twitter_misc":{"Gesch\u00e4tzte Lesezeit":"2\u00a0Minuten"},"schema":{"@context":"https:\/\/schema.org","@graph":[{"@type":"WebPage","@id":"https:\/\/lmf.no\/de\/produkt\/havneguiden-1\/","url":"https:\/\/lmf.no\/de\/produkt\/havneguiden-1\/","name":"Havneguiden 1, Svinesund \u2013 Langesund, 7. Auflage | Skagerrak Forlag AS - DE","isPartOf":{"@id":"https:\/\/lmf.no\/de\/#website"},"primaryImageOfPage":{"@id":"https:\/\/lmf.no\/de\/produkt\/havneguiden-1\/#primaryimage"},"image":{"@id":"https:\/\/lmf.no\/de\/produkt\/havneguiden-1\/#primaryimage"},"thumbnailUrl":"https:\/\/lmf.no\/de\/wp-content\/uploads\/2020\/05\/HG1_forside-1-scaled.jpg","datePublished":"2020-05-19T07:16:20+00:00","dateModified":"2026-03-05T12:09:46+00:00","description":"Der Hafenguide 1, Svinesund \u2013 Langesund beschreibt ca. 400 H\u00e4fen. In einigen F\u00e4llen werden unter einem Suchbegriff mehrere H\u00e4fen beschrieben.","breadcrumb":{"@id":"https:\/\/lmf.no\/de\/produkt\/havneguiden-1\/#breadcrumb"},"inLanguage":"de","potentialAction":[{"@type":"ReadAction","target":["https:\/\/lmf.no\/de\/produkt\/havneguiden-1\/"]}]},{"@type":"ImageObject","inLanguage":"de","@id":"https:\/\/lmf.no\/de\/produkt\/havneguiden-1\/#primaryimage","url":"https:\/\/lmf.no\/de\/wp-content\/uploads\/2020\/05\/HG1_forside-1-scaled.jpg","contentUrl":"https:\/\/lmf.no\/de\/wp-content\/uploads\/2020\/05\/HG1_forside-1-scaled.jpg","width":1810,"height":2560},{"@type":"BreadcrumbList","@id":"https:\/\/lmf.no\/de\/produkt\/havneguiden-1\/#breadcrumb","itemListElement":[{"@type":"ListItem","position":1,"name":"Hjem","item":"https:\/\/lmf.no\/de\/"},{"@type":"ListItem","position":2,"name":"Gesch\u00e4ft","item":"https:\/\/lmf.no\/de\/geschaft\/"},{"@type":"ListItem","position":3,"name":"Havneguiden 1, Svinesund \u2013 Langesund, 7. Auflage"}]},{"@type":"WebSite","@id":"https:\/\/lmf.no\/de\/#website","url":"https:\/\/lmf.no\/de\/","name":"Skagerrak Forlag AS","description":"Ver\u00f6ffentlichung von Lehrb\u00fcchern","publisher":{"@id":"https:\/\/lmf.no\/de\/#organization"},"alternateName":"L\u00e6remiddelforlaget - Skagerrak Forlag AS","potentialAction":[{"@type":"SearchAction","target":{"@type":"EntryPoint","urlTemplate":"https:\/\/lmf.no\/de\/?s={search_term_string}"},"query-input":{"@type":"PropertyValueSpecification","valueRequired":true,"valueName":"search_term_string"}}],"inLanguage":"de"},{"@type":"Organization","@id":"https:\/\/lmf.no\/de\/#organization","name":"Skagerrak Forlag AS","alternateName":"L\u00e6remiddelforlaget - Skagerrak Forlag","url":"https:\/\/lmf.no\/de\/","logo":{"@type":"ImageObject","inLanguage":"de","@id":"https:\/\/lmf.no\/de\/#\/schema\/logo\/image\/","url":"https:\/\/lmf.no\/de\/wp-content\/uploads\/2024\/04\/skagerrak-forlag.png","contentUrl":"https:\/\/lmf.no\/de\/wp-content\/uploads\/2024\/04\/skagerrak-forlag.png","width":188,"height":47,"caption":"Skagerrak Forlag AS"},"image":{"@id":"https:\/\/lmf.no\/de\/#\/schema\/logo\/image\/"}}]}},"_links":{"self":[{"href":"https:\/\/lmf.no\/de\/wp-json\/wp\/v2\/product\/1726","targetHints":{"allow":["GET"]}}],"collection":[{"href":"https:\/\/lmf.no\/de\/wp-json\/wp\/v2\/product"}],"about":[{"href":"https:\/\/lmf.no\/de\/wp-json\/wp\/v2\/types\/product"}],"wp:featuredmedia":[{"embeddable":true,"href":"https:\/\/lmf.no\/de\/wp-json\/wp\/v2\/media\/2007"}],"wp:attachment":[{"href":"https:\/\/lmf.no\/de\/wp-json\/wp\/v2\/media?parent=1726"}],"wp:term":[{"taxonomy":"product_brand","embeddable":true,"href":"https:\/\/lmf.no\/de\/wp-json\/wp\/v2\/product_brand?post=1726"},{"taxonomy":"product_cat","embeddable":true,"href":"https:\/\/lmf.no\/de\/wp-json\/wp\/v2\/product_cat?post=1726"},{"taxonomy":"product_tag","embeddable":true,"href":"https:\/\/lmf.no\/de\/wp-json\/wp\/v2\/product_tag?post=1726"}],"curies":[{"name":"wp","href":"https:\/\/api.w.org\/{rel}","templated":true}]}}