{"id":1802,"date":"2020-06-01T09:34:42","date_gmt":"2020-06-01T07:34:42","guid":{"rendered":"http:\/\/lmf.no\/de\/?post_type=product&#038;p=1802"},"modified":"2024-10-17T12:08:28","modified_gmt":"2024-10-17T10:08:28","slug":"havneguiden-6-dansk-utgave","status":"publish","type":"product","link":"https:\/\/lmf.no\/de\/produkt\/havneguiden-6-dansk-utgave\/","title":{"rendered":"Havneguiden 6, Danmark og sydvestlige Sverige, 4. Auflage"},"content":{"rendered":"<p>Dieser Hafenguide deckt die gesamte d\u00e4nische K\u00fcste mit Ausnahme der H\u00e4fen auf Bornholm und an der Nordsee ab. Dar\u00fcber hinaus haben wir die schwedische Westk\u00fcste von Skan\u00f6r im S\u00fcden bis G\u00f6teborg im Norden einbezogen. Der \u00fcbrige Teil der Westk\u00fcste, von G\u00f6teborg bis zur norwegischen Grenze, wird in einem eigenen Band behandelt.<\/p>\n<p>In diesem Handbuch werden sowohl Natur- als auch Yachth\u00e4fen beschrieben. Jeder Hafen wird auf einer eigenen Seite pr\u00e4sentiert. Luftaufnahmen sowie Lotsenskizzen und Texte vermitteln wichtige und n\u00fctzliche Informationen. Jede Hafenbeschreibung ist in einen allgemeinen und einen maritimen Teil gegliedert. Im allgemeinen Teil erhalten Sie generelle Informationen \u00fcber Ihr Reiseziel sowie einen \u00dcberblick \u00fcber den historischen und kulturellen Hintergrund und m\u00f6gliche Freizeitaktivit\u00e4ten. Im maritimen Teil erfahren Sie, wo und wie Sie Ihr Boot festmachen k\u00f6nnen und was Sie bei der Einsteuerung und Ihrem Aufenthalt im Hafen beachten m\u00fcssen. Internetadresse und Telefonnummer des Hafens k\u00f6nnen Sie der Informationsleiste am unteren Rand der Seite entnehmen. Diese enth\u00e4lt auch eine kurzgefasste \u00dcbersicht \u00fcber die Service-Einrichtungen, die Sie im jeweiligen Hafen vorfinden.<\/p>\n<p>Dieser Hafenguide gliedert sich in sechs K\u00fcstengebiete. F\u00fcr jedes K\u00fcstengebiet wurde eine eigene Planungskarte erstellt, auf der jeder Hafen eingezeichnet ist. Diese Karte wird Ihnen bei Besprechung und Planung des n\u00e4chsten Tagest\u00f6rns von gro\u00dfem Nutzen sein. Dar\u00fcber hinaus befindet sich eine alphabethische Hafen\u00fcbersicht im hinteren Teil des Buchs.<\/p>\n<p>&nbsp;<\/p>\n<p>Deutscher Text im Buch \u2013 \u00dcbersetzung in optionale Sprache erh\u00e4ltlich \u00fcber das Hafenguide Online Abonnement, erh\u00e4ltlich unter <a href=\"http:\/\/www.harbourguide.com\">www.harbourguide.com<\/a><\/p>\n","protected":false},"excerpt":{"rendered":"<p>ISBN 978-3-667-11346-7<\/p>\n<p><a href=\"https:\/\/cdn.flipsnack.com\/widget\/v2\/widget.html?hash=ftcj4n39d&amp;bgcolor=EEEEEE&amp;t=1523616078\" target=\"_blank\" rel=\"noopener noreferrer\">Bl\u00e4ttern im Buch<\/a><\/p>\n<p><a href=\"https:\/\/www.harbourguide.com\" target=\"_blank\" rel=\"noopener noreferrer\">Hafenguide Online<\/a><\/p>\n","protected":false},"featured_media":1972,"template":"","meta":[],"product_brand":[],"product_cat":[26],"product_tag":[],"class_list":{"0":"post-1802","1":"product","2":"type-product","3":"status-publish","4":"has-post-thumbnail","6":"product_cat-hamnguiden","8":"first","9":"outofstock","10":"shipping-taxable","11":"purchasable","12":"product-type-simple"},"yoast_head":"<!-- This site is optimized with the Yoast SEO plugin v27.3 - https:\/\/yoast.com\/product\/yoast-seo-wordpress\/ -->\n<title>Havneguiden 6, Danmark og sydvestlige Sverige, 4. Auflage | Skagerrak Forlag AS - DE<\/title>\n<meta name=\"description\" content=\"Dieser Hafenguide deckt die gesamte d\u00e4nische K\u00fcste mit Ausnahme der H\u00e4fen auf Bornholm und an der Nordsee ab.\" \/>\n<meta name=\"robots\" content=\"index, follow, max-snippet:-1, max-image-preview:large, max-video-preview:-1\" \/>\n<link rel=\"canonical\" href=\"https:\/\/lmf.no\/de\/produkt\/havneguiden-6-dansk-utgave\/\" \/>\n<meta property=\"og:locale\" content=\"de_DE\" \/>\n<meta property=\"og:type\" content=\"article\" \/>\n<meta property=\"og:title\" content=\"Havneguiden 6, Danmark og sydvestlige Sverige, 4. Auflage | Skagerrak Forlag AS - DE\" \/>\n<meta property=\"og:description\" content=\"Dieser Hafenguide deckt die gesamte d\u00e4nische K\u00fcste mit Ausnahme der H\u00e4fen auf Bornholm und an der Nordsee ab.\" \/>\n<meta property=\"og:url\" content=\"https:\/\/lmf.no\/de\/produkt\/havneguiden-6-dansk-utgave\/\" \/>\n<meta property=\"og:site_name\" content=\"Skagerrak Forlag AS - DE\" \/>\n<meta property=\"article:modified_time\" content=\"2024-10-17T10:08:28+00:00\" \/>\n<meta property=\"og:image\" content=\"https:\/\/lmf.no\/de\/wp-content\/uploads\/2020\/06\/HG6_forside_tysk.jpg\" \/>\n\t<meta property=\"og:image:width\" content=\"600\" \/>\n\t<meta property=\"og:image:height\" content=\"850\" \/>\n\t<meta property=\"og:image:type\" content=\"image\/jpeg\" \/>\n<meta name=\"twitter:card\" content=\"summary_large_image\" \/>\n<meta name=\"twitter:label1\" content=\"Gesch\u00e4tzte Lesezeit\" \/>\n\t<meta name=\"twitter:data1\" content=\"2\u00a0Minuten\" \/>\n<script type=\"application\/ld+json\" class=\"yoast-schema-graph\">{\"@context\":\"https:\\\/\\\/schema.org\",\"@graph\":[{\"@type\":\"WebPage\",\"@id\":\"https:\\\/\\\/lmf.no\\\/de\\\/produkt\\\/havneguiden-6-dansk-utgave\\\/\",\"url\":\"https:\\\/\\\/lmf.no\\\/de\\\/produkt\\\/havneguiden-6-dansk-utgave\\\/\",\"name\":\"Havneguiden 6, Danmark og sydvestlige Sverige, 4. Auflage | Skagerrak Forlag AS - DE\",\"isPartOf\":{\"@id\":\"https:\\\/\\\/lmf.no\\\/de\\\/#website\"},\"primaryImageOfPage\":{\"@id\":\"https:\\\/\\\/lmf.no\\\/de\\\/produkt\\\/havneguiden-6-dansk-utgave\\\/#primaryimage\"},\"image\":{\"@id\":\"https:\\\/\\\/lmf.no\\\/de\\\/produkt\\\/havneguiden-6-dansk-utgave\\\/#primaryimage\"},\"thumbnailUrl\":\"https:\\\/\\\/lmf.no\\\/de\\\/wp-content\\\/uploads\\\/2020\\\/06\\\/HG6_forside_tysk.jpg\",\"datePublished\":\"2020-06-01T07:34:42+00:00\",\"dateModified\":\"2024-10-17T10:08:28+00:00\",\"description\":\"Dieser Hafenguide deckt die gesamte d\u00e4nische K\u00fcste mit Ausnahme der H\u00e4fen auf Bornholm und an der Nordsee ab.\",\"breadcrumb\":{\"@id\":\"https:\\\/\\\/lmf.no\\\/de\\\/produkt\\\/havneguiden-6-dansk-utgave\\\/#breadcrumb\"},\"inLanguage\":\"de\",\"potentialAction\":[{\"@type\":\"ReadAction\",\"target\":[\"https:\\\/\\\/lmf.no\\\/de\\\/produkt\\\/havneguiden-6-dansk-utgave\\\/\"]}]},{\"@type\":\"ImageObject\",\"inLanguage\":\"de\",\"@id\":\"https:\\\/\\\/lmf.no\\\/de\\\/produkt\\\/havneguiden-6-dansk-utgave\\\/#primaryimage\",\"url\":\"https:\\\/\\\/lmf.no\\\/de\\\/wp-content\\\/uploads\\\/2020\\\/06\\\/HG6_forside_tysk.jpg\",\"contentUrl\":\"https:\\\/\\\/lmf.no\\\/de\\\/wp-content\\\/uploads\\\/2020\\\/06\\\/HG6_forside_tysk.jpg\",\"width\":600,\"height\":850},{\"@type\":\"BreadcrumbList\",\"@id\":\"https:\\\/\\\/lmf.no\\\/de\\\/produkt\\\/havneguiden-6-dansk-utgave\\\/#breadcrumb\",\"itemListElement\":[{\"@type\":\"ListItem\",\"position\":1,\"name\":\"Hjem\",\"item\":\"https:\\\/\\\/lmf.no\\\/de\\\/\"},{\"@type\":\"ListItem\",\"position\":2,\"name\":\"Gesch\u00e4ft\",\"item\":\"https:\\\/\\\/lmf.no\\\/de\\\/geschaft\\\/\"},{\"@type\":\"ListItem\",\"position\":3,\"name\":\"Havneguiden 6, Danmark og sydvestlige Sverige, 4. Auflage\"}]},{\"@type\":\"WebSite\",\"@id\":\"https:\\\/\\\/lmf.no\\\/de\\\/#website\",\"url\":\"https:\\\/\\\/lmf.no\\\/de\\\/\",\"name\":\"Skagerrak Forlag AS\",\"description\":\"Ver\u00f6ffentlichung von Lehrb\u00fcchern\",\"publisher\":{\"@id\":\"https:\\\/\\\/lmf.no\\\/de\\\/#organization\"},\"alternateName\":\"L\u00e6remiddelforlaget - Skagerrak Forlag AS\",\"potentialAction\":[{\"@type\":\"SearchAction\",\"target\":{\"@type\":\"EntryPoint\",\"urlTemplate\":\"https:\\\/\\\/lmf.no\\\/de\\\/?s={search_term_string}\"},\"query-input\":{\"@type\":\"PropertyValueSpecification\",\"valueRequired\":true,\"valueName\":\"search_term_string\"}}],\"inLanguage\":\"de\"},{\"@type\":\"Organization\",\"@id\":\"https:\\\/\\\/lmf.no\\\/de\\\/#organization\",\"name\":\"Skagerrak Forlag AS\",\"alternateName\":\"L\u00e6remiddelforlaget - Skagerrak Forlag\",\"url\":\"https:\\\/\\\/lmf.no\\\/de\\\/\",\"logo\":{\"@type\":\"ImageObject\",\"inLanguage\":\"de\",\"@id\":\"https:\\\/\\\/lmf.no\\\/de\\\/#\\\/schema\\\/logo\\\/image\\\/\",\"url\":\"https:\\\/\\\/lmf.no\\\/de\\\/wp-content\\\/uploads\\\/2024\\\/04\\\/skagerrak-forlag.png\",\"contentUrl\":\"https:\\\/\\\/lmf.no\\\/de\\\/wp-content\\\/uploads\\\/2024\\\/04\\\/skagerrak-forlag.png\",\"width\":188,\"height\":47,\"caption\":\"Skagerrak Forlag AS\"},\"image\":{\"@id\":\"https:\\\/\\\/lmf.no\\\/de\\\/#\\\/schema\\\/logo\\\/image\\\/\"}}]}<\/script>\n<!-- \/ Yoast SEO plugin. -->","yoast_head_json":{"title":"Havneguiden 6, Danmark og sydvestlige Sverige, 4. Auflage | Skagerrak Forlag AS - DE","description":"Dieser Hafenguide deckt die gesamte d\u00e4nische K\u00fcste mit Ausnahme der H\u00e4fen auf Bornholm und an der Nordsee ab.","robots":{"index":"index","follow":"follow","max-snippet":"max-snippet:-1","max-image-preview":"max-image-preview:large","max-video-preview":"max-video-preview:-1"},"canonical":"https:\/\/lmf.no\/de\/produkt\/havneguiden-6-dansk-utgave\/","og_locale":"de_DE","og_type":"article","og_title":"Havneguiden 6, Danmark og sydvestlige Sverige, 4. Auflage | Skagerrak Forlag AS - DE","og_description":"Dieser Hafenguide deckt die gesamte d\u00e4nische K\u00fcste mit Ausnahme der H\u00e4fen auf Bornholm und an der Nordsee ab.","og_url":"https:\/\/lmf.no\/de\/produkt\/havneguiden-6-dansk-utgave\/","og_site_name":"Skagerrak Forlag AS - DE","article_modified_time":"2024-10-17T10:08:28+00:00","og_image":[{"width":600,"height":850,"url":"https:\/\/lmf.no\/de\/wp-content\/uploads\/2020\/06\/HG6_forside_tysk.jpg","type":"image\/jpeg"}],"twitter_card":"summary_large_image","twitter_misc":{"Gesch\u00e4tzte Lesezeit":"2\u00a0Minuten"},"schema":{"@context":"https:\/\/schema.org","@graph":[{"@type":"WebPage","@id":"https:\/\/lmf.no\/de\/produkt\/havneguiden-6-dansk-utgave\/","url":"https:\/\/lmf.no\/de\/produkt\/havneguiden-6-dansk-utgave\/","name":"Havneguiden 6, Danmark og sydvestlige Sverige, 4. Auflage | Skagerrak Forlag AS - DE","isPartOf":{"@id":"https:\/\/lmf.no\/de\/#website"},"primaryImageOfPage":{"@id":"https:\/\/lmf.no\/de\/produkt\/havneguiden-6-dansk-utgave\/#primaryimage"},"image":{"@id":"https:\/\/lmf.no\/de\/produkt\/havneguiden-6-dansk-utgave\/#primaryimage"},"thumbnailUrl":"https:\/\/lmf.no\/de\/wp-content\/uploads\/2020\/06\/HG6_forside_tysk.jpg","datePublished":"2020-06-01T07:34:42+00:00","dateModified":"2024-10-17T10:08:28+00:00","description":"Dieser Hafenguide deckt die gesamte d\u00e4nische K\u00fcste mit Ausnahme der H\u00e4fen auf Bornholm und an der Nordsee ab.","breadcrumb":{"@id":"https:\/\/lmf.no\/de\/produkt\/havneguiden-6-dansk-utgave\/#breadcrumb"},"inLanguage":"de","potentialAction":[{"@type":"ReadAction","target":["https:\/\/lmf.no\/de\/produkt\/havneguiden-6-dansk-utgave\/"]}]},{"@type":"ImageObject","inLanguage":"de","@id":"https:\/\/lmf.no\/de\/produkt\/havneguiden-6-dansk-utgave\/#primaryimage","url":"https:\/\/lmf.no\/de\/wp-content\/uploads\/2020\/06\/HG6_forside_tysk.jpg","contentUrl":"https:\/\/lmf.no\/de\/wp-content\/uploads\/2020\/06\/HG6_forside_tysk.jpg","width":600,"height":850},{"@type":"BreadcrumbList","@id":"https:\/\/lmf.no\/de\/produkt\/havneguiden-6-dansk-utgave\/#breadcrumb","itemListElement":[{"@type":"ListItem","position":1,"name":"Hjem","item":"https:\/\/lmf.no\/de\/"},{"@type":"ListItem","position":2,"name":"Gesch\u00e4ft","item":"https:\/\/lmf.no\/de\/geschaft\/"},{"@type":"ListItem","position":3,"name":"Havneguiden 6, Danmark og sydvestlige Sverige, 4. Auflage"}]},{"@type":"WebSite","@id":"https:\/\/lmf.no\/de\/#website","url":"https:\/\/lmf.no\/de\/","name":"Skagerrak Forlag AS","description":"Ver\u00f6ffentlichung von Lehrb\u00fcchern","publisher":{"@id":"https:\/\/lmf.no\/de\/#organization"},"alternateName":"L\u00e6remiddelforlaget - Skagerrak Forlag AS","potentialAction":[{"@type":"SearchAction","target":{"@type":"EntryPoint","urlTemplate":"https:\/\/lmf.no\/de\/?s={search_term_string}"},"query-input":{"@type":"PropertyValueSpecification","valueRequired":true,"valueName":"search_term_string"}}],"inLanguage":"de"},{"@type":"Organization","@id":"https:\/\/lmf.no\/de\/#organization","name":"Skagerrak Forlag AS","alternateName":"L\u00e6remiddelforlaget - Skagerrak Forlag","url":"https:\/\/lmf.no\/de\/","logo":{"@type":"ImageObject","inLanguage":"de","@id":"https:\/\/lmf.no\/de\/#\/schema\/logo\/image\/","url":"https:\/\/lmf.no\/de\/wp-content\/uploads\/2024\/04\/skagerrak-forlag.png","contentUrl":"https:\/\/lmf.no\/de\/wp-content\/uploads\/2024\/04\/skagerrak-forlag.png","width":188,"height":47,"caption":"Skagerrak Forlag AS"},"image":{"@id":"https:\/\/lmf.no\/de\/#\/schema\/logo\/image\/"}}]}},"_links":{"self":[{"href":"https:\/\/lmf.no\/de\/wp-json\/wp\/v2\/product\/1802","targetHints":{"allow":["GET"]}}],"collection":[{"href":"https:\/\/lmf.no\/de\/wp-json\/wp\/v2\/product"}],"about":[{"href":"https:\/\/lmf.no\/de\/wp-json\/wp\/v2\/types\/product"}],"wp:featuredmedia":[{"embeddable":true,"href":"https:\/\/lmf.no\/de\/wp-json\/wp\/v2\/media\/1972"}],"wp:attachment":[{"href":"https:\/\/lmf.no\/de\/wp-json\/wp\/v2\/media?parent=1802"}],"wp:term":[{"taxonomy":"product_brand","embeddable":true,"href":"https:\/\/lmf.no\/de\/wp-json\/wp\/v2\/product_brand?post=1802"},{"taxonomy":"product_cat","embeddable":true,"href":"https:\/\/lmf.no\/de\/wp-json\/wp\/v2\/product_cat?post=1802"},{"taxonomy":"product_tag","embeddable":true,"href":"https:\/\/lmf.no\/de\/wp-json\/wp\/v2\/product_tag?post=1802"}],"curies":[{"name":"wp","href":"https:\/\/api.w.org\/{rel}","templated":true}]}}