{"id":1804,"date":"2020-06-01T09:37:10","date_gmt":"2020-06-01T07:37:10","guid":{"rendered":"http:\/\/lmf.no\/de\/?post_type=product&#038;p=1804"},"modified":"2025-02-26T11:18:56","modified_gmt":"2025-02-26T10:18:56","slug":"havneguiden-7","status":"publish","type":"product","link":"https:\/\/lmf.no\/de\/produkt\/havneguiden-7\/","title":{"rendered":"Hamnguiden 7, Landsort \u2013 Skan\u00f6r, \u00d6land, Gotland &#038; Bornholm, 3. Auflage"},"content":{"rendered":"<p>Im Laufe der Jahre wurden zahlreiche Hafenf\u00fchrer \u00fcber die schwedische Ostk\u00fcste ver\u00f6ffentlicht, jedoch ist keiner so vollst\u00e4ndig und ausf\u00fchrlich wie dieser. Hier werden sowohl bekannte, als auch weniger bekannte Naturh\u00e4fen beschrieben, Tipps f\u00fcr Unternehmungen an Land gegeben und detaillierte Beschreibungen aller Gasth\u00e4fen entlang der K\u00fcste zwischen Landsort und Skan\u00f6r pr\u00e4sentiert und ausf\u00fchrlich mit Luftbildern, Hafenkarten und Text erkl\u00e4rt.<\/p>\n<p>Im ersten Abschnitt dieser neuen und radikal \u00fcberarbeiteten Ausgabe des Buches wurden erstmals die einzigartigen und gesch\u00e4tzten Hafenkarten von Hydrographica f\u00fcr alle H\u00e4fen zwischen Landsort und P\u00e5skallavik benutzt. Vor der Ver\u00f6ffentlichung wurde jeder Hafen besegelt und \u00fcberpr\u00fcft, um sicherzustellen, dass die Informationen so aktuell wie m\u00f6glich sind. F\u00fcr mehr als 270 Naturh\u00e4fen und rund 40 Gasth\u00e4fen erhalten Sie mit der detaillierten Kartierung von Hydrographica viele n\u00fctzliche Fakten \u00fcber die Hafenbedingungen sowohl unter Wasser als auch an Land. Textbeschreibungen der Naturh\u00e4fen stammen aus der Feder von Lars Granath und f\u00fcr die Texte zu den Gasth\u00e4fen zeichnet sich Torbj\u00f6rn Ardebrant und Kenneth verantwortlich.<\/p>\n<p>Der zweite Abschnitt des Buches von P\u00e5skallavik bis Skan\u00f6r mit den Inseln Gotland, \u00d6land und Bornholm basiert auf der fr\u00fcheren Ausgabe von Hafenguide 7, wurde aber auch mit vielen neuen Luftaufnahmen und aktualisierten Hafenbeschreibungen auf den neuesten Stand gebracht.<\/p>\n<p>Einen ausf\u00fchrlicheren Hafenf\u00fchrer werden Sie kaum finden.<\/p>\n<p>Schwedischer Text im Buch \u2013 \u00dcbersetzung in optionale Sprache erh\u00e4ltlich \u00fcber das Havneguiden Online Abonnement, erh\u00e4ltlich unter www.harbourguide.com<\/p>\n","protected":false},"excerpt":{"rendered":"<p>ISBN 978-82-7997-243-3<\/p>\n<p><a href=\"https:\/\/www.flipsnack.com\/skagerrak\/hg-7\/full-view.html\" target=\"_blank\" rel=\"noopener noreferrer\">Bl\u00e4ttern im Buch<\/a><\/p>\n<p><a href=\"https:\/\/www.harbourguide.com\" target=\"_blank\" rel=\"noopener noreferrer\">Hafenguide Online<\/a><\/p>\n","protected":false},"featured_media":1985,"template":"","meta":[],"product_brand":[],"product_cat":[26],"product_tag":[],"class_list":{"0":"post-1804","1":"product","2":"type-product","3":"status-publish","4":"has-post-thumbnail","6":"product_cat-hamnguiden","8":"first","9":"instock","10":"shipping-taxable","11":"purchasable","12":"product-type-simple"},"yoast_head":"<!-- This site is optimized with the Yoast SEO plugin v27.3 - https:\/\/yoast.com\/product\/yoast-seo-wordpress\/ -->\n<title>Hamnguiden 7, Landsort \u2013 Skan\u00f6r, \u00d6land, Gotland &amp; Bornholm, 3. Auflage | Skagerrak Forlag AS - DE<\/title>\n<meta name=\"description\" content=\"Im Laufe der Jahre wurden zahlreiche Hafenf\u00fchrer \u00fcber die schwedische Ostk\u00fcste ver\u00f6ffentlicht, jedoch ist keiner so vollst\u00e4ndig und ausf\u00fchrlich wie dieser.\" \/>\n<meta name=\"robots\" content=\"index, follow, max-snippet:-1, max-image-preview:large, max-video-preview:-1\" \/>\n<link rel=\"canonical\" href=\"https:\/\/lmf.no\/de\/produkt\/havneguiden-7\/\" \/>\n<meta property=\"og:locale\" content=\"de_DE\" \/>\n<meta property=\"og:type\" content=\"article\" \/>\n<meta property=\"og:title\" content=\"Hamnguiden 7, Landsort \u2013 Skan\u00f6r, \u00d6land, Gotland &amp; Bornholm, 3. Auflage | Skagerrak Forlag AS - DE\" \/>\n<meta property=\"og:description\" content=\"Im Laufe der Jahre wurden zahlreiche Hafenf\u00fchrer \u00fcber die schwedische Ostk\u00fcste ver\u00f6ffentlicht, jedoch ist keiner so vollst\u00e4ndig und ausf\u00fchrlich wie dieser.\" \/>\n<meta property=\"og:url\" content=\"https:\/\/lmf.no\/de\/produkt\/havneguiden-7\/\" \/>\n<meta property=\"og:site_name\" content=\"Skagerrak Forlag AS - DE\" \/>\n<meta property=\"article:modified_time\" content=\"2025-02-26T10:18:56+00:00\" \/>\n<meta property=\"og:image\" content=\"https:\/\/lmf.no\/de\/wp-content\/uploads\/2020\/06\/HG7-forside.jpg\" \/>\n\t<meta property=\"og:image:width\" content=\"595\" \/>\n\t<meta property=\"og:image:height\" content=\"842\" \/>\n\t<meta property=\"og:image:type\" content=\"image\/jpeg\" \/>\n<meta name=\"twitter:card\" content=\"summary_large_image\" \/>\n<meta name=\"twitter:label1\" content=\"Gesch\u00e4tzte Lesezeit\" \/>\n\t<meta name=\"twitter:data1\" content=\"2\u00a0Minuten\" \/>\n<script type=\"application\/ld+json\" class=\"yoast-schema-graph\">{\"@context\":\"https:\\\/\\\/schema.org\",\"@graph\":[{\"@type\":\"WebPage\",\"@id\":\"https:\\\/\\\/lmf.no\\\/de\\\/produkt\\\/havneguiden-7\\\/\",\"url\":\"https:\\\/\\\/lmf.no\\\/de\\\/produkt\\\/havneguiden-7\\\/\",\"name\":\"Hamnguiden 7, Landsort \u2013 Skan\u00f6r, \u00d6land, Gotland & Bornholm, 3. Auflage | Skagerrak Forlag AS - DE\",\"isPartOf\":{\"@id\":\"https:\\\/\\\/lmf.no\\\/de\\\/#website\"},\"primaryImageOfPage\":{\"@id\":\"https:\\\/\\\/lmf.no\\\/de\\\/produkt\\\/havneguiden-7\\\/#primaryimage\"},\"image\":{\"@id\":\"https:\\\/\\\/lmf.no\\\/de\\\/produkt\\\/havneguiden-7\\\/#primaryimage\"},\"thumbnailUrl\":\"https:\\\/\\\/lmf.no\\\/de\\\/wp-content\\\/uploads\\\/2020\\\/06\\\/HG7-forside.jpg\",\"datePublished\":\"2020-06-01T07:37:10+00:00\",\"dateModified\":\"2025-02-26T10:18:56+00:00\",\"description\":\"Im Laufe der Jahre wurden zahlreiche Hafenf\u00fchrer \u00fcber die schwedische Ostk\u00fcste ver\u00f6ffentlicht, jedoch ist keiner so vollst\u00e4ndig und ausf\u00fchrlich wie dieser.\",\"breadcrumb\":{\"@id\":\"https:\\\/\\\/lmf.no\\\/de\\\/produkt\\\/havneguiden-7\\\/#breadcrumb\"},\"inLanguage\":\"de\",\"potentialAction\":[{\"@type\":\"ReadAction\",\"target\":[\"https:\\\/\\\/lmf.no\\\/de\\\/produkt\\\/havneguiden-7\\\/\"]}]},{\"@type\":\"ImageObject\",\"inLanguage\":\"de\",\"@id\":\"https:\\\/\\\/lmf.no\\\/de\\\/produkt\\\/havneguiden-7\\\/#primaryimage\",\"url\":\"https:\\\/\\\/lmf.no\\\/de\\\/wp-content\\\/uploads\\\/2020\\\/06\\\/HG7-forside.jpg\",\"contentUrl\":\"https:\\\/\\\/lmf.no\\\/de\\\/wp-content\\\/uploads\\\/2020\\\/06\\\/HG7-forside.jpg\",\"width\":595,\"height\":842},{\"@type\":\"BreadcrumbList\",\"@id\":\"https:\\\/\\\/lmf.no\\\/de\\\/produkt\\\/havneguiden-7\\\/#breadcrumb\",\"itemListElement\":[{\"@type\":\"ListItem\",\"position\":1,\"name\":\"Hjem\",\"item\":\"https:\\\/\\\/lmf.no\\\/de\\\/\"},{\"@type\":\"ListItem\",\"position\":2,\"name\":\"Gesch\u00e4ft\",\"item\":\"https:\\\/\\\/lmf.no\\\/de\\\/geschaft\\\/\"},{\"@type\":\"ListItem\",\"position\":3,\"name\":\"Hamnguiden 7, Landsort \u2013 Skan\u00f6r, \u00d6land, Gotland &#038; Bornholm, 3. Auflage\"}]},{\"@type\":\"WebSite\",\"@id\":\"https:\\\/\\\/lmf.no\\\/de\\\/#website\",\"url\":\"https:\\\/\\\/lmf.no\\\/de\\\/\",\"name\":\"Skagerrak Forlag AS\",\"description\":\"Ver\u00f6ffentlichung von Lehrb\u00fcchern\",\"publisher\":{\"@id\":\"https:\\\/\\\/lmf.no\\\/de\\\/#organization\"},\"alternateName\":\"L\u00e6remiddelforlaget - Skagerrak Forlag AS\",\"potentialAction\":[{\"@type\":\"SearchAction\",\"target\":{\"@type\":\"EntryPoint\",\"urlTemplate\":\"https:\\\/\\\/lmf.no\\\/de\\\/?s={search_term_string}\"},\"query-input\":{\"@type\":\"PropertyValueSpecification\",\"valueRequired\":true,\"valueName\":\"search_term_string\"}}],\"inLanguage\":\"de\"},{\"@type\":\"Organization\",\"@id\":\"https:\\\/\\\/lmf.no\\\/de\\\/#organization\",\"name\":\"Skagerrak Forlag AS\",\"alternateName\":\"L\u00e6remiddelforlaget - Skagerrak Forlag\",\"url\":\"https:\\\/\\\/lmf.no\\\/de\\\/\",\"logo\":{\"@type\":\"ImageObject\",\"inLanguage\":\"de\",\"@id\":\"https:\\\/\\\/lmf.no\\\/de\\\/#\\\/schema\\\/logo\\\/image\\\/\",\"url\":\"https:\\\/\\\/lmf.no\\\/de\\\/wp-content\\\/uploads\\\/2024\\\/04\\\/skagerrak-forlag.png\",\"contentUrl\":\"https:\\\/\\\/lmf.no\\\/de\\\/wp-content\\\/uploads\\\/2024\\\/04\\\/skagerrak-forlag.png\",\"width\":188,\"height\":47,\"caption\":\"Skagerrak Forlag AS\"},\"image\":{\"@id\":\"https:\\\/\\\/lmf.no\\\/de\\\/#\\\/schema\\\/logo\\\/image\\\/\"}}]}<\/script>\n<!-- \/ Yoast SEO plugin. -->","yoast_head_json":{"title":"Hamnguiden 7, Landsort \u2013 Skan\u00f6r, \u00d6land, Gotland & Bornholm, 3. Auflage | Skagerrak Forlag AS - DE","description":"Im Laufe der Jahre wurden zahlreiche Hafenf\u00fchrer \u00fcber die schwedische Ostk\u00fcste ver\u00f6ffentlicht, jedoch ist keiner so vollst\u00e4ndig und ausf\u00fchrlich wie dieser.","robots":{"index":"index","follow":"follow","max-snippet":"max-snippet:-1","max-image-preview":"max-image-preview:large","max-video-preview":"max-video-preview:-1"},"canonical":"https:\/\/lmf.no\/de\/produkt\/havneguiden-7\/","og_locale":"de_DE","og_type":"article","og_title":"Hamnguiden 7, Landsort \u2013 Skan\u00f6r, \u00d6land, Gotland & Bornholm, 3. Auflage | Skagerrak Forlag AS - DE","og_description":"Im Laufe der Jahre wurden zahlreiche Hafenf\u00fchrer \u00fcber die schwedische Ostk\u00fcste ver\u00f6ffentlicht, jedoch ist keiner so vollst\u00e4ndig und ausf\u00fchrlich wie dieser.","og_url":"https:\/\/lmf.no\/de\/produkt\/havneguiden-7\/","og_site_name":"Skagerrak Forlag AS - DE","article_modified_time":"2025-02-26T10:18:56+00:00","og_image":[{"width":595,"height":842,"url":"https:\/\/lmf.no\/de\/wp-content\/uploads\/2020\/06\/HG7-forside.jpg","type":"image\/jpeg"}],"twitter_card":"summary_large_image","twitter_misc":{"Gesch\u00e4tzte Lesezeit":"2\u00a0Minuten"},"schema":{"@context":"https:\/\/schema.org","@graph":[{"@type":"WebPage","@id":"https:\/\/lmf.no\/de\/produkt\/havneguiden-7\/","url":"https:\/\/lmf.no\/de\/produkt\/havneguiden-7\/","name":"Hamnguiden 7, Landsort \u2013 Skan\u00f6r, \u00d6land, Gotland & Bornholm, 3. Auflage | Skagerrak Forlag AS - DE","isPartOf":{"@id":"https:\/\/lmf.no\/de\/#website"},"primaryImageOfPage":{"@id":"https:\/\/lmf.no\/de\/produkt\/havneguiden-7\/#primaryimage"},"image":{"@id":"https:\/\/lmf.no\/de\/produkt\/havneguiden-7\/#primaryimage"},"thumbnailUrl":"https:\/\/lmf.no\/de\/wp-content\/uploads\/2020\/06\/HG7-forside.jpg","datePublished":"2020-06-01T07:37:10+00:00","dateModified":"2025-02-26T10:18:56+00:00","description":"Im Laufe der Jahre wurden zahlreiche Hafenf\u00fchrer \u00fcber die schwedische Ostk\u00fcste ver\u00f6ffentlicht, jedoch ist keiner so vollst\u00e4ndig und ausf\u00fchrlich wie dieser.","breadcrumb":{"@id":"https:\/\/lmf.no\/de\/produkt\/havneguiden-7\/#breadcrumb"},"inLanguage":"de","potentialAction":[{"@type":"ReadAction","target":["https:\/\/lmf.no\/de\/produkt\/havneguiden-7\/"]}]},{"@type":"ImageObject","inLanguage":"de","@id":"https:\/\/lmf.no\/de\/produkt\/havneguiden-7\/#primaryimage","url":"https:\/\/lmf.no\/de\/wp-content\/uploads\/2020\/06\/HG7-forside.jpg","contentUrl":"https:\/\/lmf.no\/de\/wp-content\/uploads\/2020\/06\/HG7-forside.jpg","width":595,"height":842},{"@type":"BreadcrumbList","@id":"https:\/\/lmf.no\/de\/produkt\/havneguiden-7\/#breadcrumb","itemListElement":[{"@type":"ListItem","position":1,"name":"Hjem","item":"https:\/\/lmf.no\/de\/"},{"@type":"ListItem","position":2,"name":"Gesch\u00e4ft","item":"https:\/\/lmf.no\/de\/geschaft\/"},{"@type":"ListItem","position":3,"name":"Hamnguiden 7, Landsort \u2013 Skan\u00f6r, \u00d6land, Gotland &#038; Bornholm, 3. Auflage"}]},{"@type":"WebSite","@id":"https:\/\/lmf.no\/de\/#website","url":"https:\/\/lmf.no\/de\/","name":"Skagerrak Forlag AS","description":"Ver\u00f6ffentlichung von Lehrb\u00fcchern","publisher":{"@id":"https:\/\/lmf.no\/de\/#organization"},"alternateName":"L\u00e6remiddelforlaget - Skagerrak Forlag AS","potentialAction":[{"@type":"SearchAction","target":{"@type":"EntryPoint","urlTemplate":"https:\/\/lmf.no\/de\/?s={search_term_string}"},"query-input":{"@type":"PropertyValueSpecification","valueRequired":true,"valueName":"search_term_string"}}],"inLanguage":"de"},{"@type":"Organization","@id":"https:\/\/lmf.no\/de\/#organization","name":"Skagerrak Forlag AS","alternateName":"L\u00e6remiddelforlaget - Skagerrak Forlag","url":"https:\/\/lmf.no\/de\/","logo":{"@type":"ImageObject","inLanguage":"de","@id":"https:\/\/lmf.no\/de\/#\/schema\/logo\/image\/","url":"https:\/\/lmf.no\/de\/wp-content\/uploads\/2024\/04\/skagerrak-forlag.png","contentUrl":"https:\/\/lmf.no\/de\/wp-content\/uploads\/2024\/04\/skagerrak-forlag.png","width":188,"height":47,"caption":"Skagerrak Forlag AS"},"image":{"@id":"https:\/\/lmf.no\/de\/#\/schema\/logo\/image\/"}}]}},"_links":{"self":[{"href":"https:\/\/lmf.no\/de\/wp-json\/wp\/v2\/product\/1804","targetHints":{"allow":["GET"]}}],"collection":[{"href":"https:\/\/lmf.no\/de\/wp-json\/wp\/v2\/product"}],"about":[{"href":"https:\/\/lmf.no\/de\/wp-json\/wp\/v2\/types\/product"}],"wp:featuredmedia":[{"embeddable":true,"href":"https:\/\/lmf.no\/de\/wp-json\/wp\/v2\/media\/1985"}],"wp:attachment":[{"href":"https:\/\/lmf.no\/de\/wp-json\/wp\/v2\/media?parent=1804"}],"wp:term":[{"taxonomy":"product_brand","embeddable":true,"href":"https:\/\/lmf.no\/de\/wp-json\/wp\/v2\/product_brand?post=1804"},{"taxonomy":"product_cat","embeddable":true,"href":"https:\/\/lmf.no\/de\/wp-json\/wp\/v2\/product_cat?post=1804"},{"taxonomy":"product_tag","embeddable":true,"href":"https:\/\/lmf.no\/de\/wp-json\/wp\/v2\/product_tag?post=1804"}],"curies":[{"name":"wp","href":"https:\/\/api.w.org\/{rel}","templated":true}]}}