{"id":1808,"date":"2020-06-01T09:40:27","date_gmt":"2020-06-01T07:40:27","guid":{"rendered":"http:\/\/lmf.no\/de\/?post_type=product&#038;p=1808"},"modified":"2024-05-15T10:08:28","modified_gmt":"2024-05-15T08:08:28","slug":"havneguiden-9","status":"publish","type":"product","link":"https:\/\/lmf.no\/de\/produkt\/havneguiden-9\/","title":{"rendered":"Hamnguiden 9, V\u00e4nern och V\u00e4ttern, G\u00f6ta \u00e4lv \u2013 Dalslands kanal \u2013 G\u00f6ta kanal, 2. Auflage"},"content":{"rendered":"<p>Dieser Hafenguide beschreibt 255 Natur- und Gasth\u00e4fen auf dem Fluss G\u00f6ta, im V\u00e4nern, im Dalslandkanal, auf dem Vikingaleden, im G\u00f6takanal und im V\u00e4ttern. Hier werden bekannte und weniger bekannte Naturh\u00e4fen beschrieben, Tipps gegeben und die Gasth\u00e4fen detailliert mit Serviceeinrichtungen und Anlegem\u00f6glichkeiten vorgestellt. F\u00fcr jeden Hafen gibt es eine eigene Hafenkarte, eine Luftaufnahme, einen Beschreibungstext und eine Faktenbox mit wichtigen Informationen.<\/p>\n<p>Als 2016 die 2. Ausgabe des Hafenguide 8 erschien, waren die neu gestalteten Hafenkarten etwas, das es so vorher noch nie gegeben hatte. Es war ein Erfolg. Seitdem wurde der Hafenguide 7 neu \u00fcberarbeitet und nun gibt es auch den Hafenguide 9 mit neuen Karten. S\u00e4mtliche Karten im Buch wurden vom Hydrographica erstellt, was bedeutet, dass sie auf der bew\u00e4hrten Meeresmesstechnologie von Hydrographika, basierend auf 3D-Luftbildern, erstellt und vor Ort durch zus\u00e4tzliche Meeresvermessungen \u00fcberpr\u00fcft und verifiziert wurden.<\/p>\n<p>Die Hafenkarten verf\u00fcgen au\u00dferdem \u00fcber erweiterte topographische Angaben, basierend auf der neuesten Technologie mit Laserscanning des Gel\u00e4ndes. Sie enthalten pr\u00e4zise H\u00f6henlinien, hier mit einer \u00c4quidistanz von 2,5 m. Mittels Schatteneffekt erhalten Sie zus\u00e4tzlich zu den herk\u00f6mmlichen H\u00f6henlinien die M\u00f6glichkeit ein 3D-Gef\u00fchl des Gel\u00e4ndes zu formen. Mit dieser Technologie wird es sehr einfach, die Eigenschaften eines Hafens im Voraus zu beurteilen und festzustellen, wo sich die besten Lee-Standorte befinden, oder wo die Inseln flach sind und somit das Windrisiko gr\u00f6\u00dfer ist.<\/p>\n<p>Die Luftaufnahmen und darin enthaltenen Markierungen geben Ihnen einen schnellen \u00dcberblick \u00fcber jeden Hafen, seine Atmosph\u00e4re, vorhandene Einrichtungen, Anlegem\u00f6glichkeiten, Fahrrinnen und besonders zu beachtende Gefahrenstellen und Untiefen.<\/p>\n<p>Der Text ist in zwei Abschnitte unterteilt in Allgemeines und Maritimes. Unter Allgemeines erhalten Sie Informationen zu Natur und Geschichte des Ortes sowie Tipps zu Sehensw\u00fcrdigkeiten und M\u00f6glichkeiten f\u00fcr Unternehmungen. Maritimes \u2013 soll Sie gut auf Ihre Ankunft vorbereiten. Hier erhalten Sie ausf\u00fchrliche Information zum Hafen, bestm\u00f6gliche Ansteuerung und all seinen Besonderheiten, u.a. auf welche Art Sie dort am sichersten festmachen, bzw. auf was Sie besonders achten sollten.<\/p>\n<p>Schwedischer Text im Buch \u2013 \u00dcbersetzung in optionale Sprache erh\u00e4ltlich \u00fcber das Hafenguide Online Abonnement, erh\u00e4ltlich unter <a href=\"http:\/\/www.harbourguide.com\">www.harbourguide.com<\/a><\/p>\n","protected":false},"excerpt":{"rendered":"<p>ISBN 978-82-7997-221-1<\/p>\n<p><a href=\"https:\/\/www.flipsnack.com\/skagerrak\/hg9-pageflip\/full-view.html\" target=\"_blank\" rel=\"noopener noreferrer\">Bl\u00e4ttern im Buch<\/a><\/p>\n<p><a href=\"https:\/\/www.harbourguide.com\" target=\"_blank\" rel=\"noopener noreferrer\">Hafenguide Online<\/a><\/p>\n","protected":false},"featured_media":1973,"template":"","meta":[],"product_brand":[],"product_cat":[26],"product_tag":[],"class_list":{"0":"post-1808","1":"product","2":"type-product","3":"status-publish","4":"has-post-thumbnail","6":"product_cat-hamnguiden","8":"first","9":"instock","10":"shipping-taxable","11":"purchasable","12":"product-type-simple"},"yoast_head":"<!-- This site is optimized with the Yoast SEO plugin v27.3 - https:\/\/yoast.com\/product\/yoast-seo-wordpress\/ -->\n<title>Hamnguiden 9, V\u00e4nern och V\u00e4ttern, G\u00f6ta \u00e4lv \u2013 Dalslands kanal \u2013 G\u00f6ta kanal, 2. Auflage | Skagerrak Forlag AS - DE<\/title>\n<meta name=\"description\" content=\"Dieser Hafenguide beschreibt 255 Natur- und Gasth\u00e4fen auf dem Fluss G\u00f6ta, im V\u00e4nern, im Dalslandkanal, auf dem Vikingaleden, im G\u00f6takanal und im V\u00e4ttern.\" \/>\n<meta name=\"robots\" content=\"index, follow, max-snippet:-1, max-image-preview:large, max-video-preview:-1\" \/>\n<link rel=\"canonical\" href=\"https:\/\/lmf.no\/de\/produkt\/havneguiden-9\/\" \/>\n<meta property=\"og:locale\" content=\"de_DE\" \/>\n<meta property=\"og:type\" content=\"article\" \/>\n<meta property=\"og:title\" content=\"Hamnguiden 9, V\u00e4nern och V\u00e4ttern, G\u00f6ta \u00e4lv \u2013 Dalslands kanal \u2013 G\u00f6ta kanal, 2. Auflage | Skagerrak Forlag AS - DE\" \/>\n<meta property=\"og:description\" content=\"Dieser Hafenguide beschreibt 255 Natur- und Gasth\u00e4fen auf dem Fluss G\u00f6ta, im V\u00e4nern, im Dalslandkanal, auf dem Vikingaleden, im G\u00f6takanal und im V\u00e4ttern.\" \/>\n<meta property=\"og:url\" content=\"https:\/\/lmf.no\/de\/produkt\/havneguiden-9\/\" \/>\n<meta property=\"og:site_name\" content=\"Skagerrak Forlag AS - DE\" \/>\n<meta property=\"article:modified_time\" content=\"2024-05-15T08:08:28+00:00\" \/>\n<meta property=\"og:image\" content=\"https:\/\/lmf.no\/de\/wp-content\/uploads\/2020\/06\/HG9_forside.jpg\" \/>\n\t<meta property=\"og:image:width\" content=\"600\" \/>\n\t<meta property=\"og:image:height\" content=\"850\" \/>\n\t<meta property=\"og:image:type\" content=\"image\/jpeg\" \/>\n<meta name=\"twitter:card\" content=\"summary_large_image\" \/>\n<meta name=\"twitter:label1\" content=\"Gesch\u00e4tzte Lesezeit\" \/>\n\t<meta name=\"twitter:data1\" content=\"3\u00a0Minuten\" \/>\n<script type=\"application\/ld+json\" class=\"yoast-schema-graph\">{\"@context\":\"https:\\\/\\\/schema.org\",\"@graph\":[{\"@type\":\"WebPage\",\"@id\":\"https:\\\/\\\/lmf.no\\\/de\\\/produkt\\\/havneguiden-9\\\/\",\"url\":\"https:\\\/\\\/lmf.no\\\/de\\\/produkt\\\/havneguiden-9\\\/\",\"name\":\"Hamnguiden 9, V\u00e4nern och V\u00e4ttern, G\u00f6ta \u00e4lv \u2013 Dalslands kanal \u2013 G\u00f6ta kanal, 2. Auflage | Skagerrak Forlag AS - DE\",\"isPartOf\":{\"@id\":\"https:\\\/\\\/lmf.no\\\/de\\\/#website\"},\"primaryImageOfPage\":{\"@id\":\"https:\\\/\\\/lmf.no\\\/de\\\/produkt\\\/havneguiden-9\\\/#primaryimage\"},\"image\":{\"@id\":\"https:\\\/\\\/lmf.no\\\/de\\\/produkt\\\/havneguiden-9\\\/#primaryimage\"},\"thumbnailUrl\":\"https:\\\/\\\/lmf.no\\\/de\\\/wp-content\\\/uploads\\\/2020\\\/06\\\/HG9_forside.jpg\",\"datePublished\":\"2020-06-01T07:40:27+00:00\",\"dateModified\":\"2024-05-15T08:08:28+00:00\",\"description\":\"Dieser Hafenguide beschreibt 255 Natur- und Gasth\u00e4fen auf dem Fluss G\u00f6ta, im V\u00e4nern, im Dalslandkanal, auf dem Vikingaleden, im G\u00f6takanal und im V\u00e4ttern.\",\"breadcrumb\":{\"@id\":\"https:\\\/\\\/lmf.no\\\/de\\\/produkt\\\/havneguiden-9\\\/#breadcrumb\"},\"inLanguage\":\"de\",\"potentialAction\":[{\"@type\":\"ReadAction\",\"target\":[\"https:\\\/\\\/lmf.no\\\/de\\\/produkt\\\/havneguiden-9\\\/\"]}]},{\"@type\":\"ImageObject\",\"inLanguage\":\"de\",\"@id\":\"https:\\\/\\\/lmf.no\\\/de\\\/produkt\\\/havneguiden-9\\\/#primaryimage\",\"url\":\"https:\\\/\\\/lmf.no\\\/de\\\/wp-content\\\/uploads\\\/2020\\\/06\\\/HG9_forside.jpg\",\"contentUrl\":\"https:\\\/\\\/lmf.no\\\/de\\\/wp-content\\\/uploads\\\/2020\\\/06\\\/HG9_forside.jpg\",\"width\":600,\"height\":850},{\"@type\":\"BreadcrumbList\",\"@id\":\"https:\\\/\\\/lmf.no\\\/de\\\/produkt\\\/havneguiden-9\\\/#breadcrumb\",\"itemListElement\":[{\"@type\":\"ListItem\",\"position\":1,\"name\":\"Hjem\",\"item\":\"https:\\\/\\\/lmf.no\\\/de\\\/\"},{\"@type\":\"ListItem\",\"position\":2,\"name\":\"Gesch\u00e4ft\",\"item\":\"https:\\\/\\\/lmf.no\\\/de\\\/geschaft\\\/\"},{\"@type\":\"ListItem\",\"position\":3,\"name\":\"Hamnguiden 9, V\u00e4nern och V\u00e4ttern, G\u00f6ta \u00e4lv \u2013 Dalslands kanal \u2013 G\u00f6ta kanal, 2. Auflage\"}]},{\"@type\":\"WebSite\",\"@id\":\"https:\\\/\\\/lmf.no\\\/de\\\/#website\",\"url\":\"https:\\\/\\\/lmf.no\\\/de\\\/\",\"name\":\"Skagerrak Forlag AS\",\"description\":\"Ver\u00f6ffentlichung von Lehrb\u00fcchern\",\"publisher\":{\"@id\":\"https:\\\/\\\/lmf.no\\\/de\\\/#organization\"},\"alternateName\":\"L\u00e6remiddelforlaget - Skagerrak Forlag AS\",\"potentialAction\":[{\"@type\":\"SearchAction\",\"target\":{\"@type\":\"EntryPoint\",\"urlTemplate\":\"https:\\\/\\\/lmf.no\\\/de\\\/?s={search_term_string}\"},\"query-input\":{\"@type\":\"PropertyValueSpecification\",\"valueRequired\":true,\"valueName\":\"search_term_string\"}}],\"inLanguage\":\"de\"},{\"@type\":\"Organization\",\"@id\":\"https:\\\/\\\/lmf.no\\\/de\\\/#organization\",\"name\":\"Skagerrak Forlag AS\",\"alternateName\":\"L\u00e6remiddelforlaget - Skagerrak Forlag\",\"url\":\"https:\\\/\\\/lmf.no\\\/de\\\/\",\"logo\":{\"@type\":\"ImageObject\",\"inLanguage\":\"de\",\"@id\":\"https:\\\/\\\/lmf.no\\\/de\\\/#\\\/schema\\\/logo\\\/image\\\/\",\"url\":\"https:\\\/\\\/lmf.no\\\/de\\\/wp-content\\\/uploads\\\/2024\\\/04\\\/skagerrak-forlag.png\",\"contentUrl\":\"https:\\\/\\\/lmf.no\\\/de\\\/wp-content\\\/uploads\\\/2024\\\/04\\\/skagerrak-forlag.png\",\"width\":188,\"height\":47,\"caption\":\"Skagerrak Forlag AS\"},\"image\":{\"@id\":\"https:\\\/\\\/lmf.no\\\/de\\\/#\\\/schema\\\/logo\\\/image\\\/\"}}]}<\/script>\n<!-- \/ Yoast SEO plugin. -->","yoast_head_json":{"title":"Hamnguiden 9, V\u00e4nern och V\u00e4ttern, G\u00f6ta \u00e4lv \u2013 Dalslands kanal \u2013 G\u00f6ta kanal, 2. Auflage | Skagerrak Forlag AS - DE","description":"Dieser Hafenguide beschreibt 255 Natur- und Gasth\u00e4fen auf dem Fluss G\u00f6ta, im V\u00e4nern, im Dalslandkanal, auf dem Vikingaleden, im G\u00f6takanal und im V\u00e4ttern.","robots":{"index":"index","follow":"follow","max-snippet":"max-snippet:-1","max-image-preview":"max-image-preview:large","max-video-preview":"max-video-preview:-1"},"canonical":"https:\/\/lmf.no\/de\/produkt\/havneguiden-9\/","og_locale":"de_DE","og_type":"article","og_title":"Hamnguiden 9, V\u00e4nern och V\u00e4ttern, G\u00f6ta \u00e4lv \u2013 Dalslands kanal \u2013 G\u00f6ta kanal, 2. Auflage | Skagerrak Forlag AS - DE","og_description":"Dieser Hafenguide beschreibt 255 Natur- und Gasth\u00e4fen auf dem Fluss G\u00f6ta, im V\u00e4nern, im Dalslandkanal, auf dem Vikingaleden, im G\u00f6takanal und im V\u00e4ttern.","og_url":"https:\/\/lmf.no\/de\/produkt\/havneguiden-9\/","og_site_name":"Skagerrak Forlag AS - DE","article_modified_time":"2024-05-15T08:08:28+00:00","og_image":[{"width":600,"height":850,"url":"https:\/\/lmf.no\/de\/wp-content\/uploads\/2020\/06\/HG9_forside.jpg","type":"image\/jpeg"}],"twitter_card":"summary_large_image","twitter_misc":{"Gesch\u00e4tzte Lesezeit":"3\u00a0Minuten"},"schema":{"@context":"https:\/\/schema.org","@graph":[{"@type":"WebPage","@id":"https:\/\/lmf.no\/de\/produkt\/havneguiden-9\/","url":"https:\/\/lmf.no\/de\/produkt\/havneguiden-9\/","name":"Hamnguiden 9, V\u00e4nern och V\u00e4ttern, G\u00f6ta \u00e4lv \u2013 Dalslands kanal \u2013 G\u00f6ta kanal, 2. Auflage | Skagerrak Forlag AS - DE","isPartOf":{"@id":"https:\/\/lmf.no\/de\/#website"},"primaryImageOfPage":{"@id":"https:\/\/lmf.no\/de\/produkt\/havneguiden-9\/#primaryimage"},"image":{"@id":"https:\/\/lmf.no\/de\/produkt\/havneguiden-9\/#primaryimage"},"thumbnailUrl":"https:\/\/lmf.no\/de\/wp-content\/uploads\/2020\/06\/HG9_forside.jpg","datePublished":"2020-06-01T07:40:27+00:00","dateModified":"2024-05-15T08:08:28+00:00","description":"Dieser Hafenguide beschreibt 255 Natur- und Gasth\u00e4fen auf dem Fluss G\u00f6ta, im V\u00e4nern, im Dalslandkanal, auf dem Vikingaleden, im G\u00f6takanal und im V\u00e4ttern.","breadcrumb":{"@id":"https:\/\/lmf.no\/de\/produkt\/havneguiden-9\/#breadcrumb"},"inLanguage":"de","potentialAction":[{"@type":"ReadAction","target":["https:\/\/lmf.no\/de\/produkt\/havneguiden-9\/"]}]},{"@type":"ImageObject","inLanguage":"de","@id":"https:\/\/lmf.no\/de\/produkt\/havneguiden-9\/#primaryimage","url":"https:\/\/lmf.no\/de\/wp-content\/uploads\/2020\/06\/HG9_forside.jpg","contentUrl":"https:\/\/lmf.no\/de\/wp-content\/uploads\/2020\/06\/HG9_forside.jpg","width":600,"height":850},{"@type":"BreadcrumbList","@id":"https:\/\/lmf.no\/de\/produkt\/havneguiden-9\/#breadcrumb","itemListElement":[{"@type":"ListItem","position":1,"name":"Hjem","item":"https:\/\/lmf.no\/de\/"},{"@type":"ListItem","position":2,"name":"Gesch\u00e4ft","item":"https:\/\/lmf.no\/de\/geschaft\/"},{"@type":"ListItem","position":3,"name":"Hamnguiden 9, V\u00e4nern och V\u00e4ttern, G\u00f6ta \u00e4lv \u2013 Dalslands kanal \u2013 G\u00f6ta kanal, 2. Auflage"}]},{"@type":"WebSite","@id":"https:\/\/lmf.no\/de\/#website","url":"https:\/\/lmf.no\/de\/","name":"Skagerrak Forlag AS","description":"Ver\u00f6ffentlichung von Lehrb\u00fcchern","publisher":{"@id":"https:\/\/lmf.no\/de\/#organization"},"alternateName":"L\u00e6remiddelforlaget - Skagerrak Forlag AS","potentialAction":[{"@type":"SearchAction","target":{"@type":"EntryPoint","urlTemplate":"https:\/\/lmf.no\/de\/?s={search_term_string}"},"query-input":{"@type":"PropertyValueSpecification","valueRequired":true,"valueName":"search_term_string"}}],"inLanguage":"de"},{"@type":"Organization","@id":"https:\/\/lmf.no\/de\/#organization","name":"Skagerrak Forlag AS","alternateName":"L\u00e6remiddelforlaget - Skagerrak Forlag","url":"https:\/\/lmf.no\/de\/","logo":{"@type":"ImageObject","inLanguage":"de","@id":"https:\/\/lmf.no\/de\/#\/schema\/logo\/image\/","url":"https:\/\/lmf.no\/de\/wp-content\/uploads\/2024\/04\/skagerrak-forlag.png","contentUrl":"https:\/\/lmf.no\/de\/wp-content\/uploads\/2024\/04\/skagerrak-forlag.png","width":188,"height":47,"caption":"Skagerrak Forlag AS"},"image":{"@id":"https:\/\/lmf.no\/de\/#\/schema\/logo\/image\/"}}]}},"_links":{"self":[{"href":"https:\/\/lmf.no\/de\/wp-json\/wp\/v2\/product\/1808","targetHints":{"allow":["GET"]}}],"collection":[{"href":"https:\/\/lmf.no\/de\/wp-json\/wp\/v2\/product"}],"about":[{"href":"https:\/\/lmf.no\/de\/wp-json\/wp\/v2\/types\/product"}],"wp:featuredmedia":[{"embeddable":true,"href":"https:\/\/lmf.no\/de\/wp-json\/wp\/v2\/media\/1973"}],"wp:attachment":[{"href":"https:\/\/lmf.no\/de\/wp-json\/wp\/v2\/media?parent=1808"}],"wp:term":[{"taxonomy":"product_brand","embeddable":true,"href":"https:\/\/lmf.no\/de\/wp-json\/wp\/v2\/product_brand?post=1808"},{"taxonomy":"product_cat","embeddable":true,"href":"https:\/\/lmf.no\/de\/wp-json\/wp\/v2\/product_cat?post=1808"},{"taxonomy":"product_tag","embeddable":true,"href":"https:\/\/lmf.no\/de\/wp-json\/wp\/v2\/product_tag?post=1808"}],"curies":[{"name":"wp","href":"https:\/\/api.w.org\/{rel}","templated":true}]}}