{"id":1810,"date":"2020-06-01T09:41:56","date_gmt":"2020-06-01T07:41:56","guid":{"rendered":"http:\/\/lmf.no\/de\/?post_type=product&#038;p=1810"},"modified":"2024-05-15T10:09:08","modified_gmt":"2024-05-15T08:09:08","slug":"havneguiden-10","status":"publish","type":"product","link":"https:\/\/lmf.no\/de\/produkt\/havneguiden-10\/","title":{"rendered":"Hafenguide Flensburg \u2013 Danzig"},"content":{"rendered":"<p>Dieser Hafenguide deckt die gesamte deutsche und polnische Ostseek\u00fcste zwischen Flensburg und Danzig ab. Es werden sowohl Yachth\u00e4fen als auch Ankerpl\u00e4tze behandelt.<\/p>\n<p>Jeder Hafen wird auf einer eigenen Seite pr\u00e4sentiert. Luftauf-nahmen sowie Hafenpl\u00e4ne und Texte vermitteln wichtige Informationen. Durch die Fotos gewinnen Sie einen schnellen Eindruck vom jeweiligen Hafen und seiner Atmosph\u00e4re; durch die Kombination von Fotos und Hafenpl\u00e4nen bekommen Sie einen guten \u00dcberblick \u00fcber die speziellen Voraussetzungen bei der Ansteuerung und beim Anlegen.<\/p>\n<p>Die Hafenbeschreibungen sind in einen allgemeinen und einen maritimen Teil gegliedert. Im allgemeinen Teil erhalten Sie generelle Informationen zu Ihrem Reiseziel sowie zum historischen und kulturellen Hintergrund der Gegend und m\u00f6glichen Freizeitaktivit\u00e4ten. Im maritimen Teil erfahren Sie, wie und wo Sie Ihr Boot festmachen k\u00f6nnen und was Sie bei der Ansteuerung und Ihrem Aufenthalt im Hafen beachten m\u00fcssen. Hinzu kommen Kontaktinformationen und eine \u00dcbersicht \u00fcber die Serviceeinrichtungen, die Sie im jeweiligen Hafen vorfinden.<\/p>\n<p>Das Buch gliedert sich in vier K\u00fcstengebiete. F\u00fcr jedes K\u00fcstengebiet gibt es eine eigene \u00dcbersichtskarte, auf der jeder einzelne Hafen eingezeichnet ist. Diese Karten werden Ihnen bei der Planung Ihres T\u00f6rns von gro\u00dfem Nutzen sein. Dar\u00fcber hinaus befindet sich eine alphabethische Hafen\u00fcbersicht im hinteren Teil des Buchs.<\/p>\n<p>Die B\u00fccher der Hafenguide-Reihe sind in Segelfachgesch\u00e4ften, im Buchhandel und auf www.hafenguide.eu erh\u00e4ltlich.<\/p>\n<p>Deutscher Text im Buch \u2013 \u00dcbersetzung in optionale Sprache erh\u00e4ltlich \u00fcber das Hafenguide Online Abonnement, erh\u00e4ltlich unter <a href=\"http:\/\/www.harbourguide.com\">www.harbourguide.com<\/a><\/p>\n","protected":false},"excerpt":{"rendered":"<p>ISBN 978-38-9225-720-2<\/p>\n<p><a href=\"https:\/\/cdn.flipsnack.com\/widget\/v2\/widget.html?hash=fdt8bjim7&amp;bgcolor=EEEEEE&amp;t=1523536626\" target=\"_blank\" rel=\"noopener noreferrer\">Bl\u00e4ttern im Buch<\/a><\/p>\n<p><a href=\"https:\/\/harbourguide.com\/\" target=\"_blank\" rel=\"noopener noreferrer\">Hafenguide Online<\/a><\/p>\n","protected":false},"featured_media":1974,"template":"","meta":[],"product_brand":[],"product_cat":[26],"product_tag":[],"class_list":{"0":"post-1810","1":"product","2":"type-product","3":"status-publish","4":"has-post-thumbnail","6":"product_cat-hamnguiden","8":"first","9":"instock","10":"shipping-taxable","11":"purchasable","12":"product-type-simple"},"yoast_head":"<!-- This site is optimized with the Yoast SEO plugin v27.3 - https:\/\/yoast.com\/product\/yoast-seo-wordpress\/ -->\n<title>Hafenguide Flensburg \u2013 Danzig | Skagerrak Forlag AS - DE<\/title>\n<meta name=\"description\" content=\"Dieser Hafenguide deckt die gesamte deutsche und polnische Ostseek\u00fcste zwischen Flensburg und Danzig ab. Es werden sowohl Yachth\u00e4fen als auch Ankerpl\u00e4tze behandelt.\" \/>\n<meta name=\"robots\" content=\"index, follow, max-snippet:-1, max-image-preview:large, max-video-preview:-1\" \/>\n<link rel=\"canonical\" href=\"https:\/\/lmf.no\/de\/produkt\/havneguiden-10\/\" \/>\n<meta property=\"og:locale\" content=\"de_DE\" \/>\n<meta property=\"og:type\" content=\"article\" \/>\n<meta property=\"og:title\" content=\"Hafenguide Flensburg \u2013 Danzig | Skagerrak Forlag AS - DE\" \/>\n<meta property=\"og:description\" content=\"Dieser Hafenguide deckt die gesamte deutsche und polnische Ostseek\u00fcste zwischen Flensburg und Danzig ab. Es werden sowohl Yachth\u00e4fen als auch Ankerpl\u00e4tze behandelt.\" \/>\n<meta property=\"og:url\" content=\"https:\/\/lmf.no\/de\/produkt\/havneguiden-10\/\" \/>\n<meta property=\"og:site_name\" content=\"Skagerrak Forlag AS - DE\" \/>\n<meta property=\"article:modified_time\" content=\"2024-05-15T08:09:08+00:00\" \/>\n<meta property=\"og:image\" content=\"https:\/\/lmf.no\/de\/wp-content\/uploads\/2020\/06\/HG-Flensburg.jpg\" \/>\n\t<meta property=\"og:image:width\" content=\"600\" \/>\n\t<meta property=\"og:image:height\" content=\"850\" \/>\n\t<meta property=\"og:image:type\" content=\"image\/jpeg\" \/>\n<meta name=\"twitter:card\" content=\"summary_large_image\" \/>\n<meta name=\"twitter:label1\" content=\"Gesch\u00e4tzte Lesezeit\" \/>\n\t<meta name=\"twitter:data1\" content=\"2\u00a0Minuten\" \/>\n<script type=\"application\/ld+json\" class=\"yoast-schema-graph\">{\"@context\":\"https:\\\/\\\/schema.org\",\"@graph\":[{\"@type\":\"WebPage\",\"@id\":\"https:\\\/\\\/lmf.no\\\/de\\\/produkt\\\/havneguiden-10\\\/\",\"url\":\"https:\\\/\\\/lmf.no\\\/de\\\/produkt\\\/havneguiden-10\\\/\",\"name\":\"Hafenguide Flensburg \u2013 Danzig | Skagerrak Forlag AS - DE\",\"isPartOf\":{\"@id\":\"https:\\\/\\\/lmf.no\\\/de\\\/#website\"},\"primaryImageOfPage\":{\"@id\":\"https:\\\/\\\/lmf.no\\\/de\\\/produkt\\\/havneguiden-10\\\/#primaryimage\"},\"image\":{\"@id\":\"https:\\\/\\\/lmf.no\\\/de\\\/produkt\\\/havneguiden-10\\\/#primaryimage\"},\"thumbnailUrl\":\"https:\\\/\\\/lmf.no\\\/de\\\/wp-content\\\/uploads\\\/2020\\\/06\\\/HG-Flensburg.jpg\",\"datePublished\":\"2020-06-01T07:41:56+00:00\",\"dateModified\":\"2024-05-15T08:09:08+00:00\",\"description\":\"Dieser Hafenguide deckt die gesamte deutsche und polnische Ostseek\u00fcste zwischen Flensburg und Danzig ab. Es werden sowohl Yachth\u00e4fen als auch Ankerpl\u00e4tze behandelt.\",\"breadcrumb\":{\"@id\":\"https:\\\/\\\/lmf.no\\\/de\\\/produkt\\\/havneguiden-10\\\/#breadcrumb\"},\"inLanguage\":\"de\",\"potentialAction\":[{\"@type\":\"ReadAction\",\"target\":[\"https:\\\/\\\/lmf.no\\\/de\\\/produkt\\\/havneguiden-10\\\/\"]}]},{\"@type\":\"ImageObject\",\"inLanguage\":\"de\",\"@id\":\"https:\\\/\\\/lmf.no\\\/de\\\/produkt\\\/havneguiden-10\\\/#primaryimage\",\"url\":\"https:\\\/\\\/lmf.no\\\/de\\\/wp-content\\\/uploads\\\/2020\\\/06\\\/HG-Flensburg.jpg\",\"contentUrl\":\"https:\\\/\\\/lmf.no\\\/de\\\/wp-content\\\/uploads\\\/2020\\\/06\\\/HG-Flensburg.jpg\",\"width\":600,\"height\":850},{\"@type\":\"BreadcrumbList\",\"@id\":\"https:\\\/\\\/lmf.no\\\/de\\\/produkt\\\/havneguiden-10\\\/#breadcrumb\",\"itemListElement\":[{\"@type\":\"ListItem\",\"position\":1,\"name\":\"Hjem\",\"item\":\"https:\\\/\\\/lmf.no\\\/de\\\/\"},{\"@type\":\"ListItem\",\"position\":2,\"name\":\"Gesch\u00e4ft\",\"item\":\"https:\\\/\\\/lmf.no\\\/de\\\/geschaft\\\/\"},{\"@type\":\"ListItem\",\"position\":3,\"name\":\"Hafenguide Flensburg \u2013 Danzig\"}]},{\"@type\":\"WebSite\",\"@id\":\"https:\\\/\\\/lmf.no\\\/de\\\/#website\",\"url\":\"https:\\\/\\\/lmf.no\\\/de\\\/\",\"name\":\"Skagerrak Forlag AS\",\"description\":\"Ver\u00f6ffentlichung von Lehrb\u00fcchern\",\"publisher\":{\"@id\":\"https:\\\/\\\/lmf.no\\\/de\\\/#organization\"},\"alternateName\":\"L\u00e6remiddelforlaget - Skagerrak Forlag AS\",\"potentialAction\":[{\"@type\":\"SearchAction\",\"target\":{\"@type\":\"EntryPoint\",\"urlTemplate\":\"https:\\\/\\\/lmf.no\\\/de\\\/?s={search_term_string}\"},\"query-input\":{\"@type\":\"PropertyValueSpecification\",\"valueRequired\":true,\"valueName\":\"search_term_string\"}}],\"inLanguage\":\"de\"},{\"@type\":\"Organization\",\"@id\":\"https:\\\/\\\/lmf.no\\\/de\\\/#organization\",\"name\":\"Skagerrak Forlag AS\",\"alternateName\":\"L\u00e6remiddelforlaget - Skagerrak Forlag\",\"url\":\"https:\\\/\\\/lmf.no\\\/de\\\/\",\"logo\":{\"@type\":\"ImageObject\",\"inLanguage\":\"de\",\"@id\":\"https:\\\/\\\/lmf.no\\\/de\\\/#\\\/schema\\\/logo\\\/image\\\/\",\"url\":\"https:\\\/\\\/lmf.no\\\/de\\\/wp-content\\\/uploads\\\/2024\\\/04\\\/skagerrak-forlag.png\",\"contentUrl\":\"https:\\\/\\\/lmf.no\\\/de\\\/wp-content\\\/uploads\\\/2024\\\/04\\\/skagerrak-forlag.png\",\"width\":188,\"height\":47,\"caption\":\"Skagerrak Forlag AS\"},\"image\":{\"@id\":\"https:\\\/\\\/lmf.no\\\/de\\\/#\\\/schema\\\/logo\\\/image\\\/\"}}]}<\/script>\n<!-- \/ Yoast SEO plugin. -->","yoast_head_json":{"title":"Hafenguide Flensburg \u2013 Danzig | Skagerrak Forlag AS - DE","description":"Dieser Hafenguide deckt die gesamte deutsche und polnische Ostseek\u00fcste zwischen Flensburg und Danzig ab. Es werden sowohl Yachth\u00e4fen als auch Ankerpl\u00e4tze behandelt.","robots":{"index":"index","follow":"follow","max-snippet":"max-snippet:-1","max-image-preview":"max-image-preview:large","max-video-preview":"max-video-preview:-1"},"canonical":"https:\/\/lmf.no\/de\/produkt\/havneguiden-10\/","og_locale":"de_DE","og_type":"article","og_title":"Hafenguide Flensburg \u2013 Danzig | Skagerrak Forlag AS - DE","og_description":"Dieser Hafenguide deckt die gesamte deutsche und polnische Ostseek\u00fcste zwischen Flensburg und Danzig ab. Es werden sowohl Yachth\u00e4fen als auch Ankerpl\u00e4tze behandelt.","og_url":"https:\/\/lmf.no\/de\/produkt\/havneguiden-10\/","og_site_name":"Skagerrak Forlag AS - DE","article_modified_time":"2024-05-15T08:09:08+00:00","og_image":[{"width":600,"height":850,"url":"https:\/\/lmf.no\/de\/wp-content\/uploads\/2020\/06\/HG-Flensburg.jpg","type":"image\/jpeg"}],"twitter_card":"summary_large_image","twitter_misc":{"Gesch\u00e4tzte Lesezeit":"2\u00a0Minuten"},"schema":{"@context":"https:\/\/schema.org","@graph":[{"@type":"WebPage","@id":"https:\/\/lmf.no\/de\/produkt\/havneguiden-10\/","url":"https:\/\/lmf.no\/de\/produkt\/havneguiden-10\/","name":"Hafenguide Flensburg \u2013 Danzig | Skagerrak Forlag AS - DE","isPartOf":{"@id":"https:\/\/lmf.no\/de\/#website"},"primaryImageOfPage":{"@id":"https:\/\/lmf.no\/de\/produkt\/havneguiden-10\/#primaryimage"},"image":{"@id":"https:\/\/lmf.no\/de\/produkt\/havneguiden-10\/#primaryimage"},"thumbnailUrl":"https:\/\/lmf.no\/de\/wp-content\/uploads\/2020\/06\/HG-Flensburg.jpg","datePublished":"2020-06-01T07:41:56+00:00","dateModified":"2024-05-15T08:09:08+00:00","description":"Dieser Hafenguide deckt die gesamte deutsche und polnische Ostseek\u00fcste zwischen Flensburg und Danzig ab. Es werden sowohl Yachth\u00e4fen als auch Ankerpl\u00e4tze behandelt.","breadcrumb":{"@id":"https:\/\/lmf.no\/de\/produkt\/havneguiden-10\/#breadcrumb"},"inLanguage":"de","potentialAction":[{"@type":"ReadAction","target":["https:\/\/lmf.no\/de\/produkt\/havneguiden-10\/"]}]},{"@type":"ImageObject","inLanguage":"de","@id":"https:\/\/lmf.no\/de\/produkt\/havneguiden-10\/#primaryimage","url":"https:\/\/lmf.no\/de\/wp-content\/uploads\/2020\/06\/HG-Flensburg.jpg","contentUrl":"https:\/\/lmf.no\/de\/wp-content\/uploads\/2020\/06\/HG-Flensburg.jpg","width":600,"height":850},{"@type":"BreadcrumbList","@id":"https:\/\/lmf.no\/de\/produkt\/havneguiden-10\/#breadcrumb","itemListElement":[{"@type":"ListItem","position":1,"name":"Hjem","item":"https:\/\/lmf.no\/de\/"},{"@type":"ListItem","position":2,"name":"Gesch\u00e4ft","item":"https:\/\/lmf.no\/de\/geschaft\/"},{"@type":"ListItem","position":3,"name":"Hafenguide Flensburg \u2013 Danzig"}]},{"@type":"WebSite","@id":"https:\/\/lmf.no\/de\/#website","url":"https:\/\/lmf.no\/de\/","name":"Skagerrak Forlag AS","description":"Ver\u00f6ffentlichung von Lehrb\u00fcchern","publisher":{"@id":"https:\/\/lmf.no\/de\/#organization"},"alternateName":"L\u00e6remiddelforlaget - Skagerrak Forlag AS","potentialAction":[{"@type":"SearchAction","target":{"@type":"EntryPoint","urlTemplate":"https:\/\/lmf.no\/de\/?s={search_term_string}"},"query-input":{"@type":"PropertyValueSpecification","valueRequired":true,"valueName":"search_term_string"}}],"inLanguage":"de"},{"@type":"Organization","@id":"https:\/\/lmf.no\/de\/#organization","name":"Skagerrak Forlag AS","alternateName":"L\u00e6remiddelforlaget - Skagerrak Forlag","url":"https:\/\/lmf.no\/de\/","logo":{"@type":"ImageObject","inLanguage":"de","@id":"https:\/\/lmf.no\/de\/#\/schema\/logo\/image\/","url":"https:\/\/lmf.no\/de\/wp-content\/uploads\/2024\/04\/skagerrak-forlag.png","contentUrl":"https:\/\/lmf.no\/de\/wp-content\/uploads\/2024\/04\/skagerrak-forlag.png","width":188,"height":47,"caption":"Skagerrak Forlag AS"},"image":{"@id":"https:\/\/lmf.no\/de\/#\/schema\/logo\/image\/"}}]}},"_links":{"self":[{"href":"https:\/\/lmf.no\/de\/wp-json\/wp\/v2\/product\/1810","targetHints":{"allow":["GET"]}}],"collection":[{"href":"https:\/\/lmf.no\/de\/wp-json\/wp\/v2\/product"}],"about":[{"href":"https:\/\/lmf.no\/de\/wp-json\/wp\/v2\/types\/product"}],"wp:featuredmedia":[{"embeddable":true,"href":"https:\/\/lmf.no\/de\/wp-json\/wp\/v2\/media\/1974"}],"wp:attachment":[{"href":"https:\/\/lmf.no\/de\/wp-json\/wp\/v2\/media?parent=1810"}],"wp:term":[{"taxonomy":"product_brand","embeddable":true,"href":"https:\/\/lmf.no\/de\/wp-json\/wp\/v2\/product_brand?post=1810"},{"taxonomy":"product_cat","embeddable":true,"href":"https:\/\/lmf.no\/de\/wp-json\/wp\/v2\/product_cat?post=1810"},{"taxonomy":"product_tag","embeddable":true,"href":"https:\/\/lmf.no\/de\/wp-json\/wp\/v2\/product_tag?post=1810"}],"curies":[{"name":"wp","href":"https:\/\/api.w.org\/{rel}","templated":true}]}}