{"id":1812,"date":"2020-06-01T09:43:27","date_gmt":"2020-06-01T07:43:27","guid":{"rendered":"http:\/\/lmf.no\/de\/?post_type=product&#038;p=1812"},"modified":"2025-02-26T11:14:47","modified_gmt":"2025-02-26T10:14:47","slug":"harbour-guide-11-greece-1-engelsk-utgave","status":"publish","type":"product","link":"https:\/\/lmf.no\/de\/produkt\/harbour-guide-11-greece-1-engelsk-utgave\/","title":{"rendered":"Hafenguide 11, Griechenland 1, Ionisches Meer \u2013 Peloponnes \u2013 Golf von Korinth \u2013 Athen \u2013 Saronischer Golf \u2013 Albanien"},"content":{"rendered":"<p>Strahlender Sonnenschein, idyllische Ankerbuchten, spannende Geschichte \u2013 der Westen Griechenlands ist f\u00fcr einen entspannten Bootsurlaub einfach wie gemacht! Dieser Hafenguide zeigt Ihnen die besten H\u00e4fen, Marinas und Ankerpl\u00e4tze vom Ionischen Meer \u00fcber den Peloponnes und den Golf von Korinth bis nach Athen und zum Saronischen Golf. Als besonderer Bonus wird au\u00dferdem Albanien vorgestellt.<\/p>\n<p>Jeder Hafen wird \u00fcbersichtlich auf einer Seite inklusive eines Luftbilds und eines Plans beschrieben. Die Fotos vermitteln nicht nur einen Eindruck vom Charakter des jeweiligen Hafens, vor allem erleichtern sie dank der eingezeichneten Wassertiefen und Liegepl\u00e4tze erheblich die Orientierung vor Ort. Die Hafenpl\u00e4ne enthalten dar\u00fcber hinaus detaillierte Informationen zum Festmachen an Murings, mit Anker oder l\u00e4ngsseits sowie zu Untiefen, F\u00e4hren, Leuchtfeuern u. v. m.<\/p>\n<p>Im Textteil erfahren Sie allerhand Wissenswertes \u00fcber den jeweiligen Ort inklusive seiner Geschichte und m\u00f6glicher Freizeitaktivit\u00e4ten. Au\u00dferdem erhalten Sie wertvolle Hinweise zur Ansteuerung und zur Liegeplatzsituation. Hinzu kommen Kontaktinformationen und eine \u00dcbersicht \u00fcber die Serviceeinrichtungen, die Sie im Hafen vorfinden.<\/p>\n<p>Das Buch ist in sieben K\u00fcstengebiete unterteilt, zu denen es jeweils eine \u00dcbersichtskarte gibt, in die die jeweiligen H\u00e4fen eingezeichnet sind. Hiermit gelingt Ihnen auch die T\u00f6rnplanung im Handumdrehen, sodass Sie zusammen mit den Hafenbeschreibungen perfekt f\u00fcr Ihren Griechenland-Urlaub ger\u00fcstet sind!<\/p>\n<p>Deutscher Text im Buch \u2013 \u00dcbersetzung in optionale Sprache erh\u00e4ltlich \u00fcber das Hafenguide Online Abonnement, erh\u00e4ltlich unter <a href=\"http:\/\/www.harbourguide.com\">www.harbourguide.com<\/a><\/p>\n","protected":false},"excerpt":{"rendered":"<p>ISBN 978-3-667-11511-9<\/p>\n<p><a href=\"https:\/\/cdn.flipsnack.com\/widget\/v2\/widget.html?hash=ftm2tse0p&amp;bgcolor=EEEEEE&amp;t=1523536762\" target=\"_blank\" rel=\"noopener noreferrer\">Bl\u00e4ttern im Buch<\/a><\/p>\n<p><a href=\"https:\/\/www.harbourguide.com\" target=\"_blank\" rel=\"noopener noreferrer\">Hafenguide Online<\/a><\/p>\n","protected":false},"featured_media":1841,"template":"","meta":[],"product_brand":[],"product_cat":[26],"product_tag":[],"class_list":{"0":"post-1812","1":"product","2":"type-product","3":"status-publish","4":"has-post-thumbnail","6":"product_cat-hamnguiden","8":"first","9":"outofstock","10":"shipping-taxable","11":"purchasable","12":"product-type-simple"},"yoast_head":"<!-- This site is optimized with the Yoast SEO plugin v27.3 - https:\/\/yoast.com\/product\/yoast-seo-wordpress\/ -->\n<title>Hafenguide 11, Griechenland 1, Ionisches Meer \u2013 Peloponnes \u2013 Golf von Korinth \u2013 Athen \u2013 Saronischer Golf \u2013 Albanien | Skagerrak Forlag AS - DE<\/title>\n<meta name=\"description\" content=\"Strahlender Sonnenschein, idyllische Ankerbuchten, spannende Geschichte \u2013 der Westen Griechenlands ist f\u00fcr einen entspannten Bootsurlaub einfach wie gemacht!\" \/>\n<meta name=\"robots\" content=\"index, follow, max-snippet:-1, max-image-preview:large, max-video-preview:-1\" \/>\n<link rel=\"canonical\" href=\"https:\/\/lmf.no\/de\/produkt\/harbour-guide-11-greece-1-engelsk-utgave\/\" \/>\n<meta property=\"og:locale\" content=\"de_DE\" \/>\n<meta property=\"og:type\" content=\"article\" \/>\n<meta property=\"og:title\" content=\"Hafenguide 11, Griechenland 1, Ionisches Meer \u2013 Peloponnes \u2013 Golf von Korinth \u2013 Athen \u2013 Saronischer Golf \u2013 Albanien | Skagerrak Forlag AS - DE\" \/>\n<meta property=\"og:description\" content=\"Strahlender Sonnenschein, idyllische Ankerbuchten, spannende Geschichte \u2013 der Westen Griechenlands ist f\u00fcr einen entspannten Bootsurlaub einfach wie gemacht!\" \/>\n<meta property=\"og:url\" content=\"https:\/\/lmf.no\/de\/produkt\/harbour-guide-11-greece-1-engelsk-utgave\/\" \/>\n<meta property=\"og:site_name\" content=\"Skagerrak Forlag AS - DE\" \/>\n<meta property=\"article:modified_time\" content=\"2025-02-26T10:14:47+00:00\" \/>\n<meta property=\"og:image\" content=\"https:\/\/lmf.no\/de\/wp-content\/uploads\/2020\/06\/HG-Griechenland.jpg\" \/>\n\t<meta property=\"og:image:width\" content=\"600\" \/>\n\t<meta property=\"og:image:height\" content=\"849\" \/>\n\t<meta property=\"og:image:type\" content=\"image\/jpeg\" \/>\n<meta name=\"twitter:card\" content=\"summary_large_image\" \/>\n<meta name=\"twitter:label1\" content=\"Gesch\u00e4tzte Lesezeit\" \/>\n\t<meta name=\"twitter:data1\" content=\"2\u00a0Minuten\" \/>\n<script type=\"application\/ld+json\" class=\"yoast-schema-graph\">{\"@context\":\"https:\\\/\\\/schema.org\",\"@graph\":[{\"@type\":\"WebPage\",\"@id\":\"https:\\\/\\\/lmf.no\\\/de\\\/produkt\\\/harbour-guide-11-greece-1-engelsk-utgave\\\/\",\"url\":\"https:\\\/\\\/lmf.no\\\/de\\\/produkt\\\/harbour-guide-11-greece-1-engelsk-utgave\\\/\",\"name\":\"Hafenguide 11, Griechenland 1, Ionisches Meer \u2013 Peloponnes \u2013 Golf von Korinth \u2013 Athen \u2013 Saronischer Golf \u2013 Albanien | Skagerrak Forlag AS - DE\",\"isPartOf\":{\"@id\":\"https:\\\/\\\/lmf.no\\\/de\\\/#website\"},\"primaryImageOfPage\":{\"@id\":\"https:\\\/\\\/lmf.no\\\/de\\\/produkt\\\/harbour-guide-11-greece-1-engelsk-utgave\\\/#primaryimage\"},\"image\":{\"@id\":\"https:\\\/\\\/lmf.no\\\/de\\\/produkt\\\/harbour-guide-11-greece-1-engelsk-utgave\\\/#primaryimage\"},\"thumbnailUrl\":\"https:\\\/\\\/lmf.no\\\/de\\\/wp-content\\\/uploads\\\/2020\\\/06\\\/HG-Griechenland.jpg\",\"datePublished\":\"2020-06-01T07:43:27+00:00\",\"dateModified\":\"2025-02-26T10:14:47+00:00\",\"description\":\"Strahlender Sonnenschein, idyllische Ankerbuchten, spannende Geschichte \u2013 der Westen Griechenlands ist f\u00fcr einen entspannten Bootsurlaub einfach wie gemacht!\",\"breadcrumb\":{\"@id\":\"https:\\\/\\\/lmf.no\\\/de\\\/produkt\\\/harbour-guide-11-greece-1-engelsk-utgave\\\/#breadcrumb\"},\"inLanguage\":\"de\",\"potentialAction\":[{\"@type\":\"ReadAction\",\"target\":[\"https:\\\/\\\/lmf.no\\\/de\\\/produkt\\\/harbour-guide-11-greece-1-engelsk-utgave\\\/\"]}]},{\"@type\":\"ImageObject\",\"inLanguage\":\"de\",\"@id\":\"https:\\\/\\\/lmf.no\\\/de\\\/produkt\\\/harbour-guide-11-greece-1-engelsk-utgave\\\/#primaryimage\",\"url\":\"https:\\\/\\\/lmf.no\\\/de\\\/wp-content\\\/uploads\\\/2020\\\/06\\\/HG-Griechenland.jpg\",\"contentUrl\":\"https:\\\/\\\/lmf.no\\\/de\\\/wp-content\\\/uploads\\\/2020\\\/06\\\/HG-Griechenland.jpg\",\"width\":600,\"height\":849},{\"@type\":\"BreadcrumbList\",\"@id\":\"https:\\\/\\\/lmf.no\\\/de\\\/produkt\\\/harbour-guide-11-greece-1-engelsk-utgave\\\/#breadcrumb\",\"itemListElement\":[{\"@type\":\"ListItem\",\"position\":1,\"name\":\"Hjem\",\"item\":\"https:\\\/\\\/lmf.no\\\/de\\\/\"},{\"@type\":\"ListItem\",\"position\":2,\"name\":\"Gesch\u00e4ft\",\"item\":\"https:\\\/\\\/lmf.no\\\/de\\\/geschaft\\\/\"},{\"@type\":\"ListItem\",\"position\":3,\"name\":\"Hafenguide 11, Griechenland 1, Ionisches Meer \u2013 Peloponnes \u2013 Golf von Korinth \u2013 Athen \u2013 Saronischer Golf \u2013 Albanien\"}]},{\"@type\":\"WebSite\",\"@id\":\"https:\\\/\\\/lmf.no\\\/de\\\/#website\",\"url\":\"https:\\\/\\\/lmf.no\\\/de\\\/\",\"name\":\"Skagerrak Forlag AS\",\"description\":\"Ver\u00f6ffentlichung von Lehrb\u00fcchern\",\"publisher\":{\"@id\":\"https:\\\/\\\/lmf.no\\\/de\\\/#organization\"},\"alternateName\":\"L\u00e6remiddelforlaget - Skagerrak Forlag AS\",\"potentialAction\":[{\"@type\":\"SearchAction\",\"target\":{\"@type\":\"EntryPoint\",\"urlTemplate\":\"https:\\\/\\\/lmf.no\\\/de\\\/?s={search_term_string}\"},\"query-input\":{\"@type\":\"PropertyValueSpecification\",\"valueRequired\":true,\"valueName\":\"search_term_string\"}}],\"inLanguage\":\"de\"},{\"@type\":\"Organization\",\"@id\":\"https:\\\/\\\/lmf.no\\\/de\\\/#organization\",\"name\":\"Skagerrak Forlag AS\",\"alternateName\":\"L\u00e6remiddelforlaget - Skagerrak Forlag\",\"url\":\"https:\\\/\\\/lmf.no\\\/de\\\/\",\"logo\":{\"@type\":\"ImageObject\",\"inLanguage\":\"de\",\"@id\":\"https:\\\/\\\/lmf.no\\\/de\\\/#\\\/schema\\\/logo\\\/image\\\/\",\"url\":\"https:\\\/\\\/lmf.no\\\/de\\\/wp-content\\\/uploads\\\/2024\\\/04\\\/skagerrak-forlag.png\",\"contentUrl\":\"https:\\\/\\\/lmf.no\\\/de\\\/wp-content\\\/uploads\\\/2024\\\/04\\\/skagerrak-forlag.png\",\"width\":188,\"height\":47,\"caption\":\"Skagerrak Forlag AS\"},\"image\":{\"@id\":\"https:\\\/\\\/lmf.no\\\/de\\\/#\\\/schema\\\/logo\\\/image\\\/\"}}]}<\/script>\n<!-- \/ Yoast SEO plugin. -->","yoast_head_json":{"title":"Hafenguide 11, Griechenland 1, Ionisches Meer \u2013 Peloponnes \u2013 Golf von Korinth \u2013 Athen \u2013 Saronischer Golf \u2013 Albanien | Skagerrak Forlag AS - DE","description":"Strahlender Sonnenschein, idyllische Ankerbuchten, spannende Geschichte \u2013 der Westen Griechenlands ist f\u00fcr einen entspannten Bootsurlaub einfach wie gemacht!","robots":{"index":"index","follow":"follow","max-snippet":"max-snippet:-1","max-image-preview":"max-image-preview:large","max-video-preview":"max-video-preview:-1"},"canonical":"https:\/\/lmf.no\/de\/produkt\/harbour-guide-11-greece-1-engelsk-utgave\/","og_locale":"de_DE","og_type":"article","og_title":"Hafenguide 11, Griechenland 1, Ionisches Meer \u2013 Peloponnes \u2013 Golf von Korinth \u2013 Athen \u2013 Saronischer Golf \u2013 Albanien | Skagerrak Forlag AS - DE","og_description":"Strahlender Sonnenschein, idyllische Ankerbuchten, spannende Geschichte \u2013 der Westen Griechenlands ist f\u00fcr einen entspannten Bootsurlaub einfach wie gemacht!","og_url":"https:\/\/lmf.no\/de\/produkt\/harbour-guide-11-greece-1-engelsk-utgave\/","og_site_name":"Skagerrak Forlag AS - DE","article_modified_time":"2025-02-26T10:14:47+00:00","og_image":[{"width":600,"height":849,"url":"https:\/\/lmf.no\/de\/wp-content\/uploads\/2020\/06\/HG-Griechenland.jpg","type":"image\/jpeg"}],"twitter_card":"summary_large_image","twitter_misc":{"Gesch\u00e4tzte Lesezeit":"2\u00a0Minuten"},"schema":{"@context":"https:\/\/schema.org","@graph":[{"@type":"WebPage","@id":"https:\/\/lmf.no\/de\/produkt\/harbour-guide-11-greece-1-engelsk-utgave\/","url":"https:\/\/lmf.no\/de\/produkt\/harbour-guide-11-greece-1-engelsk-utgave\/","name":"Hafenguide 11, Griechenland 1, Ionisches Meer \u2013 Peloponnes \u2013 Golf von Korinth \u2013 Athen \u2013 Saronischer Golf \u2013 Albanien | Skagerrak Forlag AS - DE","isPartOf":{"@id":"https:\/\/lmf.no\/de\/#website"},"primaryImageOfPage":{"@id":"https:\/\/lmf.no\/de\/produkt\/harbour-guide-11-greece-1-engelsk-utgave\/#primaryimage"},"image":{"@id":"https:\/\/lmf.no\/de\/produkt\/harbour-guide-11-greece-1-engelsk-utgave\/#primaryimage"},"thumbnailUrl":"https:\/\/lmf.no\/de\/wp-content\/uploads\/2020\/06\/HG-Griechenland.jpg","datePublished":"2020-06-01T07:43:27+00:00","dateModified":"2025-02-26T10:14:47+00:00","description":"Strahlender Sonnenschein, idyllische Ankerbuchten, spannende Geschichte \u2013 der Westen Griechenlands ist f\u00fcr einen entspannten Bootsurlaub einfach wie gemacht!","breadcrumb":{"@id":"https:\/\/lmf.no\/de\/produkt\/harbour-guide-11-greece-1-engelsk-utgave\/#breadcrumb"},"inLanguage":"de","potentialAction":[{"@type":"ReadAction","target":["https:\/\/lmf.no\/de\/produkt\/harbour-guide-11-greece-1-engelsk-utgave\/"]}]},{"@type":"ImageObject","inLanguage":"de","@id":"https:\/\/lmf.no\/de\/produkt\/harbour-guide-11-greece-1-engelsk-utgave\/#primaryimage","url":"https:\/\/lmf.no\/de\/wp-content\/uploads\/2020\/06\/HG-Griechenland.jpg","contentUrl":"https:\/\/lmf.no\/de\/wp-content\/uploads\/2020\/06\/HG-Griechenland.jpg","width":600,"height":849},{"@type":"BreadcrumbList","@id":"https:\/\/lmf.no\/de\/produkt\/harbour-guide-11-greece-1-engelsk-utgave\/#breadcrumb","itemListElement":[{"@type":"ListItem","position":1,"name":"Hjem","item":"https:\/\/lmf.no\/de\/"},{"@type":"ListItem","position":2,"name":"Gesch\u00e4ft","item":"https:\/\/lmf.no\/de\/geschaft\/"},{"@type":"ListItem","position":3,"name":"Hafenguide 11, Griechenland 1, Ionisches Meer \u2013 Peloponnes \u2013 Golf von Korinth \u2013 Athen \u2013 Saronischer Golf \u2013 Albanien"}]},{"@type":"WebSite","@id":"https:\/\/lmf.no\/de\/#website","url":"https:\/\/lmf.no\/de\/","name":"Skagerrak Forlag AS","description":"Ver\u00f6ffentlichung von Lehrb\u00fcchern","publisher":{"@id":"https:\/\/lmf.no\/de\/#organization"},"alternateName":"L\u00e6remiddelforlaget - Skagerrak Forlag AS","potentialAction":[{"@type":"SearchAction","target":{"@type":"EntryPoint","urlTemplate":"https:\/\/lmf.no\/de\/?s={search_term_string}"},"query-input":{"@type":"PropertyValueSpecification","valueRequired":true,"valueName":"search_term_string"}}],"inLanguage":"de"},{"@type":"Organization","@id":"https:\/\/lmf.no\/de\/#organization","name":"Skagerrak Forlag AS","alternateName":"L\u00e6remiddelforlaget - Skagerrak Forlag","url":"https:\/\/lmf.no\/de\/","logo":{"@type":"ImageObject","inLanguage":"de","@id":"https:\/\/lmf.no\/de\/#\/schema\/logo\/image\/","url":"https:\/\/lmf.no\/de\/wp-content\/uploads\/2024\/04\/skagerrak-forlag.png","contentUrl":"https:\/\/lmf.no\/de\/wp-content\/uploads\/2024\/04\/skagerrak-forlag.png","width":188,"height":47,"caption":"Skagerrak Forlag AS"},"image":{"@id":"https:\/\/lmf.no\/de\/#\/schema\/logo\/image\/"}}]}},"_links":{"self":[{"href":"https:\/\/lmf.no\/de\/wp-json\/wp\/v2\/product\/1812","targetHints":{"allow":["GET"]}}],"collection":[{"href":"https:\/\/lmf.no\/de\/wp-json\/wp\/v2\/product"}],"about":[{"href":"https:\/\/lmf.no\/de\/wp-json\/wp\/v2\/types\/product"}],"wp:featuredmedia":[{"embeddable":true,"href":"https:\/\/lmf.no\/de\/wp-json\/wp\/v2\/media\/1841"}],"wp:attachment":[{"href":"https:\/\/lmf.no\/de\/wp-json\/wp\/v2\/media?parent=1812"}],"wp:term":[{"taxonomy":"product_brand","embeddable":true,"href":"https:\/\/lmf.no\/de\/wp-json\/wp\/v2\/product_brand?post=1812"},{"taxonomy":"product_cat","embeddable":true,"href":"https:\/\/lmf.no\/de\/wp-json\/wp\/v2\/product_cat?post=1812"},{"taxonomy":"product_tag","embeddable":true,"href":"https:\/\/lmf.no\/de\/wp-json\/wp\/v2\/product_tag?post=1812"}],"curies":[{"name":"wp","href":"https:\/\/api.w.org\/{rel}","templated":true}]}}