{"id":1814,"date":"2020-06-01T09:45:43","date_gmt":"2020-06-01T07:45:43","guid":{"rendered":"http:\/\/lmf.no\/de\/?post_type=product&#038;p=1814"},"modified":"2024-04-30T10:25:36","modified_gmt":"2024-04-30T08:25:36","slug":"harbour-guide-12-croatia-engelsk-utgave","status":"publish","type":"product","link":"https:\/\/lmf.no\/de\/produkt\/harbour-guide-12-croatia-engelsk-utgave\/","title":{"rendered":"Harbour Guide 12, Kroatien \u2013 Montenegro \u2013 Slowenien"},"content":{"rendered":"<p>Sie m\u00f6chten in Kroatien, Slowenien oder Montenegro mit dem Boot auf Entdeckungsreise gehen und die sch\u00f6nsten Orte an der K\u00fcste und auf den Inseln erkunden? Dann ist dieser Hafenguide der perfekte Begleiter an Bord!<\/p>\n<p>Er behandelt sowohl Yachth\u00e4fen als auch Ankerpl\u00e4tze, wobei jeder Hafen auf einer eigenen Seite anhand einer Luftaufnahme, einem Hafenplan und einer kurzen Beschreibung vorgestellt wird. Durch die Fotos gewinnen Sie einen schnellen Eindruck vom jeweiligen Hafen und seiner Atmosph\u00e4re, und zusammen mit den Hafenpl\u00e4nen bekommen Sie einen guten \u00dcberblick \u00fcber die speziellen Voraussetzungen bei der Ansteuerung und beim Anlegen.<\/p>\n<p>Die Hafenbeschreibungen sind in einen allgemeinen und einen nautischen Teil gegliedert. Im allgemeinen Teil erhalten Sie generelle Informationen zu Ihrem Reiseziel sowie zum historischen und kulturellen Hintergrund der Gegend und zu m\u00f6glichen Freizeitaktivit\u00e4ten. Im nautischen Teil erfahren Sie, wie und wo Sie Ihr Boot festmachen k\u00f6nnen und was Sie bei der Ansteuerung und Ihrem Aufenthalt im Hafen beachten m\u00fcssen. Hinzu kommen Kontaktinformationen und eine \u00dcbersicht \u00fcber die Serviceeinrichtungen, die Sie im jeweiligen Hafen vorfinden.<br \/>\nDas Buch ist in f\u00fcnf K\u00fcstengebiete gegliedert, wobei es zu jedem K\u00fcstengebiet eine \u00dcbersichtskarte gibt, auf der die einzelnen H\u00e4fen eingezeichnet sind. Dies erleichtert Ihnen die Planung Ihres T\u00f6rns, sodass Sie mit diesem Hafenguide sowohl im Vorfeld als auch unterwegs optimal ger\u00fcstet sind.<\/p>\n<p>Deutscher Text im Buch \u2013 \u00dcbersetzung in optionale Sprache erh\u00e4ltlich \u00fcber das Hafenguide Online Abonnement, erh\u00e4ltlich unter <a href=\"http:\/\/www.harbourguide.com\">www.harbourguide.com<\/a><\/p>\n","protected":false},"excerpt":{"rendered":"<p>ISBN 978-3-667-10432-8<\/p>\n<p><a href=\"https:\/\/cdn.flipsnack.com\/widget\/v2\/widget.html?hash=ft3qzlqak&amp;bgcolor=EEEEEE&amp;t=1523600917\" target=\"_blank\" rel=\"noopener noreferrer\">Bl\u00e4ttern im Buch<\/a><\/p>\n<p><a href=\"https:\/\/www.harbourguide.com\" target=\"_blank\" rel=\"noopener noreferrer\">Hafenguide Online<\/a><\/p>\n","protected":false},"featured_media":1842,"template":"","meta":[],"product_brand":[],"product_cat":[26],"product_tag":[],"class_list":{"0":"post-1814","1":"product","2":"type-product","3":"status-publish","4":"has-post-thumbnail","6":"product_cat-hamnguiden","8":"first","9":"instock","10":"shipping-taxable","11":"purchasable","12":"product-type-simple"},"yoast_head":"<!-- This site is optimized with the Yoast SEO plugin v27.4 - https:\/\/yoast.com\/product\/yoast-seo-wordpress\/ -->\n<title>Harbour Guide 12, Kroatien \u2013 Montenegro \u2013 Slowenien | Skagerrak Forlag AS - DE<\/title>\n<meta name=\"description\" content=\"Sie m\u00f6chten in Kroatien, Slowenien oder Montenegro mit dem Boot auf Entdeckungsreise gehen und die sch\u00f6nsten Orte an der K\u00fcste und auf den Inseln erkunden?\" \/>\n<meta name=\"robots\" content=\"index, follow, max-snippet:-1, max-image-preview:large, max-video-preview:-1\" \/>\n<link rel=\"canonical\" href=\"https:\/\/lmf.no\/de\/produkt\/harbour-guide-12-croatia-engelsk-utgave\/\" \/>\n<meta property=\"og:locale\" content=\"de_DE\" \/>\n<meta property=\"og:type\" content=\"article\" \/>\n<meta property=\"og:title\" content=\"Harbour Guide 12, Kroatien \u2013 Montenegro \u2013 Slowenien | Skagerrak Forlag AS - DE\" \/>\n<meta property=\"og:description\" content=\"Sie m\u00f6chten in Kroatien, Slowenien oder Montenegro mit dem Boot auf Entdeckungsreise gehen und die sch\u00f6nsten Orte an der K\u00fcste und auf den Inseln erkunden?\" \/>\n<meta property=\"og:url\" content=\"https:\/\/lmf.no\/de\/produkt\/harbour-guide-12-croatia-engelsk-utgave\/\" \/>\n<meta property=\"og:site_name\" content=\"Skagerrak Forlag AS - DE\" \/>\n<meta property=\"article:modified_time\" content=\"2024-04-30T08:25:36+00:00\" \/>\n<meta property=\"og:image\" content=\"https:\/\/lmf.no\/de\/wp-content\/uploads\/2020\/06\/HG-Croatia-german-HR.jpg\" \/>\n\t<meta property=\"og:image:width\" content=\"600\" \/>\n\t<meta property=\"og:image:height\" content=\"850\" \/>\n\t<meta property=\"og:image:type\" content=\"image\/jpeg\" \/>\n<meta name=\"twitter:card\" content=\"summary_large_image\" \/>\n<meta name=\"twitter:label1\" content=\"Gesch\u00e4tzte Lesezeit\" \/>\n\t<meta name=\"twitter:data1\" content=\"2\u00a0Minuten\" \/>\n<script type=\"application\/ld+json\" class=\"yoast-schema-graph\">{\"@context\":\"https:\\\/\\\/schema.org\",\"@graph\":[{\"@type\":\"WebPage\",\"@id\":\"https:\\\/\\\/lmf.no\\\/de\\\/produkt\\\/harbour-guide-12-croatia-engelsk-utgave\\\/\",\"url\":\"https:\\\/\\\/lmf.no\\\/de\\\/produkt\\\/harbour-guide-12-croatia-engelsk-utgave\\\/\",\"name\":\"Harbour Guide 12, Kroatien \u2013 Montenegro \u2013 Slowenien | Skagerrak Forlag AS - DE\",\"isPartOf\":{\"@id\":\"https:\\\/\\\/lmf.no\\\/de\\\/#website\"},\"primaryImageOfPage\":{\"@id\":\"https:\\\/\\\/lmf.no\\\/de\\\/produkt\\\/harbour-guide-12-croatia-engelsk-utgave\\\/#primaryimage\"},\"image\":{\"@id\":\"https:\\\/\\\/lmf.no\\\/de\\\/produkt\\\/harbour-guide-12-croatia-engelsk-utgave\\\/#primaryimage\"},\"thumbnailUrl\":\"https:\\\/\\\/lmf.no\\\/de\\\/wp-content\\\/uploads\\\/2020\\\/06\\\/HG-Croatia-german-HR.jpg\",\"datePublished\":\"2020-06-01T07:45:43+00:00\",\"dateModified\":\"2024-04-30T08:25:36+00:00\",\"description\":\"Sie m\u00f6chten in Kroatien, Slowenien oder Montenegro mit dem Boot auf Entdeckungsreise gehen und die sch\u00f6nsten Orte an der K\u00fcste und auf den Inseln erkunden?\",\"breadcrumb\":{\"@id\":\"https:\\\/\\\/lmf.no\\\/de\\\/produkt\\\/harbour-guide-12-croatia-engelsk-utgave\\\/#breadcrumb\"},\"inLanguage\":\"de\",\"potentialAction\":[{\"@type\":\"ReadAction\",\"target\":[\"https:\\\/\\\/lmf.no\\\/de\\\/produkt\\\/harbour-guide-12-croatia-engelsk-utgave\\\/\"]}]},{\"@type\":\"ImageObject\",\"inLanguage\":\"de\",\"@id\":\"https:\\\/\\\/lmf.no\\\/de\\\/produkt\\\/harbour-guide-12-croatia-engelsk-utgave\\\/#primaryimage\",\"url\":\"https:\\\/\\\/lmf.no\\\/de\\\/wp-content\\\/uploads\\\/2020\\\/06\\\/HG-Croatia-german-HR.jpg\",\"contentUrl\":\"https:\\\/\\\/lmf.no\\\/de\\\/wp-content\\\/uploads\\\/2020\\\/06\\\/HG-Croatia-german-HR.jpg\",\"width\":600,\"height\":850},{\"@type\":\"BreadcrumbList\",\"@id\":\"https:\\\/\\\/lmf.no\\\/de\\\/produkt\\\/harbour-guide-12-croatia-engelsk-utgave\\\/#breadcrumb\",\"itemListElement\":[{\"@type\":\"ListItem\",\"position\":1,\"name\":\"Hjem\",\"item\":\"https:\\\/\\\/lmf.no\\\/de\\\/\"},{\"@type\":\"ListItem\",\"position\":2,\"name\":\"Gesch\u00e4ft\",\"item\":\"https:\\\/\\\/lmf.no\\\/de\\\/geschaft\\\/\"},{\"@type\":\"ListItem\",\"position\":3,\"name\":\"Harbour Guide 12, Kroatien \u2013 Montenegro \u2013 Slowenien\"}]},{\"@type\":\"WebSite\",\"@id\":\"https:\\\/\\\/lmf.no\\\/de\\\/#website\",\"url\":\"https:\\\/\\\/lmf.no\\\/de\\\/\",\"name\":\"Skagerrak Forlag AS\",\"description\":\"Ver\u00f6ffentlichung von Lehrb\u00fcchern\",\"publisher\":{\"@id\":\"https:\\\/\\\/lmf.no\\\/de\\\/#organization\"},\"alternateName\":\"L\u00e6remiddelforlaget - Skagerrak Forlag AS\",\"potentialAction\":[{\"@type\":\"SearchAction\",\"target\":{\"@type\":\"EntryPoint\",\"urlTemplate\":\"https:\\\/\\\/lmf.no\\\/de\\\/?s={search_term_string}\"},\"query-input\":{\"@type\":\"PropertyValueSpecification\",\"valueRequired\":true,\"valueName\":\"search_term_string\"}}],\"inLanguage\":\"de\"},{\"@type\":\"Organization\",\"@id\":\"https:\\\/\\\/lmf.no\\\/de\\\/#organization\",\"name\":\"Skagerrak Forlag AS\",\"alternateName\":\"L\u00e6remiddelforlaget - Skagerrak Forlag\",\"url\":\"https:\\\/\\\/lmf.no\\\/de\\\/\",\"logo\":{\"@type\":\"ImageObject\",\"inLanguage\":\"de\",\"@id\":\"https:\\\/\\\/lmf.no\\\/de\\\/#\\\/schema\\\/logo\\\/image\\\/\",\"url\":\"https:\\\/\\\/lmf.no\\\/de\\\/wp-content\\\/uploads\\\/2024\\\/04\\\/skagerrak-forlag.png\",\"contentUrl\":\"https:\\\/\\\/lmf.no\\\/de\\\/wp-content\\\/uploads\\\/2024\\\/04\\\/skagerrak-forlag.png\",\"width\":188,\"height\":47,\"caption\":\"Skagerrak Forlag AS\"},\"image\":{\"@id\":\"https:\\\/\\\/lmf.no\\\/de\\\/#\\\/schema\\\/logo\\\/image\\\/\"}}]}<\/script>\n<!-- \/ Yoast SEO plugin. -->","yoast_head_json":{"title":"Harbour Guide 12, Kroatien \u2013 Montenegro \u2013 Slowenien | Skagerrak Forlag AS - DE","description":"Sie m\u00f6chten in Kroatien, Slowenien oder Montenegro mit dem Boot auf Entdeckungsreise gehen und die sch\u00f6nsten Orte an der K\u00fcste und auf den Inseln erkunden?","robots":{"index":"index","follow":"follow","max-snippet":"max-snippet:-1","max-image-preview":"max-image-preview:large","max-video-preview":"max-video-preview:-1"},"canonical":"https:\/\/lmf.no\/de\/produkt\/harbour-guide-12-croatia-engelsk-utgave\/","og_locale":"de_DE","og_type":"article","og_title":"Harbour Guide 12, Kroatien \u2013 Montenegro \u2013 Slowenien | Skagerrak Forlag AS - DE","og_description":"Sie m\u00f6chten in Kroatien, Slowenien oder Montenegro mit dem Boot auf Entdeckungsreise gehen und die sch\u00f6nsten Orte an der K\u00fcste und auf den Inseln erkunden?","og_url":"https:\/\/lmf.no\/de\/produkt\/harbour-guide-12-croatia-engelsk-utgave\/","og_site_name":"Skagerrak Forlag AS - DE","article_modified_time":"2024-04-30T08:25:36+00:00","og_image":[{"width":600,"height":850,"url":"https:\/\/lmf.no\/de\/wp-content\/uploads\/2020\/06\/HG-Croatia-german-HR.jpg","type":"image\/jpeg"}],"twitter_card":"summary_large_image","twitter_misc":{"Gesch\u00e4tzte Lesezeit":"2\u00a0Minuten"},"schema":{"@context":"https:\/\/schema.org","@graph":[{"@type":"WebPage","@id":"https:\/\/lmf.no\/de\/produkt\/harbour-guide-12-croatia-engelsk-utgave\/","url":"https:\/\/lmf.no\/de\/produkt\/harbour-guide-12-croatia-engelsk-utgave\/","name":"Harbour Guide 12, Kroatien \u2013 Montenegro \u2013 Slowenien | Skagerrak Forlag AS - DE","isPartOf":{"@id":"https:\/\/lmf.no\/de\/#website"},"primaryImageOfPage":{"@id":"https:\/\/lmf.no\/de\/produkt\/harbour-guide-12-croatia-engelsk-utgave\/#primaryimage"},"image":{"@id":"https:\/\/lmf.no\/de\/produkt\/harbour-guide-12-croatia-engelsk-utgave\/#primaryimage"},"thumbnailUrl":"https:\/\/lmf.no\/de\/wp-content\/uploads\/2020\/06\/HG-Croatia-german-HR.jpg","datePublished":"2020-06-01T07:45:43+00:00","dateModified":"2024-04-30T08:25:36+00:00","description":"Sie m\u00f6chten in Kroatien, Slowenien oder Montenegro mit dem Boot auf Entdeckungsreise gehen und die sch\u00f6nsten Orte an der K\u00fcste und auf den Inseln erkunden?","breadcrumb":{"@id":"https:\/\/lmf.no\/de\/produkt\/harbour-guide-12-croatia-engelsk-utgave\/#breadcrumb"},"inLanguage":"de","potentialAction":[{"@type":"ReadAction","target":["https:\/\/lmf.no\/de\/produkt\/harbour-guide-12-croatia-engelsk-utgave\/"]}]},{"@type":"ImageObject","inLanguage":"de","@id":"https:\/\/lmf.no\/de\/produkt\/harbour-guide-12-croatia-engelsk-utgave\/#primaryimage","url":"https:\/\/lmf.no\/de\/wp-content\/uploads\/2020\/06\/HG-Croatia-german-HR.jpg","contentUrl":"https:\/\/lmf.no\/de\/wp-content\/uploads\/2020\/06\/HG-Croatia-german-HR.jpg","width":600,"height":850},{"@type":"BreadcrumbList","@id":"https:\/\/lmf.no\/de\/produkt\/harbour-guide-12-croatia-engelsk-utgave\/#breadcrumb","itemListElement":[{"@type":"ListItem","position":1,"name":"Hjem","item":"https:\/\/lmf.no\/de\/"},{"@type":"ListItem","position":2,"name":"Gesch\u00e4ft","item":"https:\/\/lmf.no\/de\/geschaft\/"},{"@type":"ListItem","position":3,"name":"Harbour Guide 12, Kroatien \u2013 Montenegro \u2013 Slowenien"}]},{"@type":"WebSite","@id":"https:\/\/lmf.no\/de\/#website","url":"https:\/\/lmf.no\/de\/","name":"Skagerrak Forlag AS","description":"Ver\u00f6ffentlichung von Lehrb\u00fcchern","publisher":{"@id":"https:\/\/lmf.no\/de\/#organization"},"alternateName":"L\u00e6remiddelforlaget - Skagerrak Forlag AS","potentialAction":[{"@type":"SearchAction","target":{"@type":"EntryPoint","urlTemplate":"https:\/\/lmf.no\/de\/?s={search_term_string}"},"query-input":{"@type":"PropertyValueSpecification","valueRequired":true,"valueName":"search_term_string"}}],"inLanguage":"de"},{"@type":"Organization","@id":"https:\/\/lmf.no\/de\/#organization","name":"Skagerrak Forlag AS","alternateName":"L\u00e6remiddelforlaget - Skagerrak Forlag","url":"https:\/\/lmf.no\/de\/","logo":{"@type":"ImageObject","inLanguage":"de","@id":"https:\/\/lmf.no\/de\/#\/schema\/logo\/image\/","url":"https:\/\/lmf.no\/de\/wp-content\/uploads\/2024\/04\/skagerrak-forlag.png","contentUrl":"https:\/\/lmf.no\/de\/wp-content\/uploads\/2024\/04\/skagerrak-forlag.png","width":188,"height":47,"caption":"Skagerrak Forlag AS"},"image":{"@id":"https:\/\/lmf.no\/de\/#\/schema\/logo\/image\/"}}]}},"_links":{"self":[{"href":"https:\/\/lmf.no\/de\/wp-json\/wp\/v2\/product\/1814","targetHints":{"allow":["GET"]}}],"collection":[{"href":"https:\/\/lmf.no\/de\/wp-json\/wp\/v2\/product"}],"about":[{"href":"https:\/\/lmf.no\/de\/wp-json\/wp\/v2\/types\/product"}],"wp:featuredmedia":[{"embeddable":true,"href":"https:\/\/lmf.no\/de\/wp-json\/wp\/v2\/media\/1842"}],"wp:attachment":[{"href":"https:\/\/lmf.no\/de\/wp-json\/wp\/v2\/media?parent=1814"}],"wp:term":[{"taxonomy":"product_brand","embeddable":true,"href":"https:\/\/lmf.no\/de\/wp-json\/wp\/v2\/product_brand?post=1814"},{"taxonomy":"product_cat","embeddable":true,"href":"https:\/\/lmf.no\/de\/wp-json\/wp\/v2\/product_cat?post=1814"},{"taxonomy":"product_tag","embeddable":true,"href":"https:\/\/lmf.no\/de\/wp-json\/wp\/v2\/product_tag?post=1814"}],"curies":[{"name":"wp","href":"https:\/\/api.w.org\/{rel}","templated":true}]}}