{"id":1887,"date":"2023-02-08T15:21:18","date_gmt":"2023-02-08T14:21:18","guid":{"rendered":"https:\/\/lmf.no\/de\/?post_type=product&#038;p=1887"},"modified":"2024-04-30T10:25:25","modified_gmt":"2024-04-30T08:25:25","slug":"hamnguiden-10-hoega-kusten-arholma","status":"publish","type":"product","link":"https:\/\/lmf.no\/de\/produkt\/hamnguiden-10-hoega-kusten-arholma\/","title":{"rendered":"Hamnguiden 10, H\u00f6ga kusten &#8211; Arholma"},"content":{"rendered":"<p>Der Hafenguide 10, H\u00f6ga kusten \u2013 Arholma beschreibt 206 H\u00e4fen. In einigen F\u00e4llen werden unter einem Suchbegriff mehrere H\u00e4fen beschrieben. F\u00fcr jeden Hafen gibt es eine eigene Hafenkarte, ein Luftbild, einen Beschreibungstext und eine Faktenbox mit wichtigen Informationen. Der Text ist in zwei Abschnitte unterteilt: Maritimes \u2013 soll Sie gut auf Ihre Ankunft vorbereiten. Hier erhalten Sie ausf\u00fchrliche Informationen zum Hafen, bestm\u00f6gliche Ansteuerung und all seinen Besonderheiten, u.a. auf welche Art dort \u00fcblicherweise festgemacht wird. Allgemeines \u2013 berichtet \u00fcber die Geschichte des Ortes und der Umgebung, \u00fcber Sehensw\u00fcrdigkeiten und M\u00f6glichkeiten f\u00fcr Unternehmungen. Manchmal haben wir Interessantes auch nur kurz angedeutet, um Sie neugierig zu machen, selbst mehr herauszufinden. Neugier erh\u00f6ht den Reiz einer Reise.<\/p>\n<p>Auf den Hafenkarten finden Sie mehr Details als in den \u00fcblichen Seekarten und Kartenplottern. Hier haben wir auch markiert, wo am besten und auf welche Art dort festgemacht wird sowie, von wo die Luftaufnahme erstellt wurde. Mit den in den Luftbildern eingef\u00fcgten Markierungen erhalten Sie einen schnellen \u00dcberblick \u00fcber die Umgebung, Serviceeinrichtungen, Fahrrinnen, Gefahrenstellen und Anlegem\u00f6glichkeiten im jeweiligen Hafen.<\/p>\n<p>Im Sommer 2020 decken die Hafenguide-B\u00fccher ein Gebiet ab, das sich von Arholma N-lich von Stockholm bis nach Kirkenes ganz im NE von Norwegen erstreckt. Die Hafenguide-Reihe umfasst auch Guides f\u00fcr D\u00e4nemark, Deutschland, Polen, Slowenien, Kroatien, Montenegro, Albanien und Griechenland. Die Hafenguide-B\u00fccher sind ein internationaler Erfolg und einige Teile wurden ins Deutsche und Englische \u00fcbersetzt.<\/p>\n<p>Schwedischer Text im Buch \u2013 \u00dcbersetzung in optionale Sprache erh\u00e4ltlich \u00fcber das Hafenguide Online Abonnement, erh\u00e4ltlich unter <a href=\"http:\/\/www.harbourguide.com\">www.harbourguide.com<\/a><\/p>\n","protected":false},"excerpt":{"rendered":"<p>ISBN 978-82-7997-240-2<\/p>\n<p><a href=\"https:\/\/www.flipsnack.com\/skagerrak\/hg10_pageflip\/full-view.html\" target=\"_blank\" rel=\"noopener noreferrer\">Bl\u00e4ttern im Buch<\/a><\/p>\n<p><a href=\"https:\/\/www.harbourguide.com\">Hafenguide Online<\/a><\/p>\n","protected":false},"featured_media":1894,"template":"","meta":[],"product_brand":[],"product_cat":[26],"product_tag":[],"class_list":{"0":"post-1887","1":"product","2":"type-product","3":"status-publish","4":"has-post-thumbnail","6":"product_cat-hamnguiden","8":"first","9":"instock","10":"shipping-taxable","11":"purchasable","12":"product-type-simple"},"yoast_head":"<!-- This site is optimized with the Yoast SEO plugin v27.3 - https:\/\/yoast.com\/product\/yoast-seo-wordpress\/ -->\n<title>Hamnguiden 10, H\u00f6ga kusten - Arholma | Skagerrak Forlag AS - DE<\/title>\n<meta name=\"description\" content=\"Der Hafenguide 10, H\u00f6ga kusten \u2013 Arholma beschreibt 206 H\u00e4fen. In einigen F\u00e4llen werden unter einem Suchbegriff mehrere H\u00e4fen beschrieben.\" \/>\n<meta name=\"robots\" content=\"index, follow, max-snippet:-1, max-image-preview:large, max-video-preview:-1\" \/>\n<link rel=\"canonical\" href=\"https:\/\/lmf.no\/de\/produkt\/hamnguiden-10-hoega-kusten-arholma\/\" \/>\n<meta property=\"og:locale\" content=\"de_DE\" \/>\n<meta property=\"og:type\" content=\"article\" \/>\n<meta property=\"og:title\" content=\"Hamnguiden 10, H\u00f6ga kusten - Arholma | Skagerrak Forlag AS - DE\" \/>\n<meta property=\"og:description\" content=\"Der Hafenguide 10, H\u00f6ga kusten \u2013 Arholma beschreibt 206 H\u00e4fen. In einigen F\u00e4llen werden unter einem Suchbegriff mehrere H\u00e4fen beschrieben.\" \/>\n<meta property=\"og:url\" content=\"https:\/\/lmf.no\/de\/produkt\/hamnguiden-10-hoega-kusten-arholma\/\" \/>\n<meta property=\"og:site_name\" content=\"Skagerrak Forlag AS - DE\" \/>\n<meta property=\"article:modified_time\" content=\"2024-04-30T08:25:25+00:00\" \/>\n<meta property=\"og:image\" content=\"https:\/\/lmf.no\/de\/wp-content\/uploads\/2020\/06\/HG10_forside.jpg\" \/>\n\t<meta property=\"og:image:width\" content=\"600\" \/>\n\t<meta property=\"og:image:height\" content=\"850\" \/>\n\t<meta property=\"og:image:type\" content=\"image\/jpeg\" \/>\n<meta name=\"twitter:card\" content=\"summary_large_image\" \/>\n<meta name=\"twitter:label1\" content=\"Gesch\u00e4tzte Lesezeit\" \/>\n\t<meta name=\"twitter:data1\" content=\"2\u00a0Minuten\" \/>\n<script type=\"application\/ld+json\" class=\"yoast-schema-graph\">{\"@context\":\"https:\\\/\\\/schema.org\",\"@graph\":[{\"@type\":\"WebPage\",\"@id\":\"https:\\\/\\\/lmf.no\\\/de\\\/produkt\\\/hamnguiden-10-hoega-kusten-arholma\\\/\",\"url\":\"https:\\\/\\\/lmf.no\\\/de\\\/produkt\\\/hamnguiden-10-hoega-kusten-arholma\\\/\",\"name\":\"Hamnguiden 10, H\u00f6ga kusten - Arholma | Skagerrak Forlag AS - DE\",\"isPartOf\":{\"@id\":\"https:\\\/\\\/lmf.no\\\/de\\\/#website\"},\"primaryImageOfPage\":{\"@id\":\"https:\\\/\\\/lmf.no\\\/de\\\/produkt\\\/hamnguiden-10-hoega-kusten-arholma\\\/#primaryimage\"},\"image\":{\"@id\":\"https:\\\/\\\/lmf.no\\\/de\\\/produkt\\\/hamnguiden-10-hoega-kusten-arholma\\\/#primaryimage\"},\"thumbnailUrl\":\"https:\\\/\\\/lmf.no\\\/de\\\/wp-content\\\/uploads\\\/2020\\\/06\\\/HG10_forside.jpg\",\"datePublished\":\"2023-02-08T14:21:18+00:00\",\"dateModified\":\"2024-04-30T08:25:25+00:00\",\"description\":\"Der Hafenguide 10, H\u00f6ga kusten \u2013 Arholma beschreibt 206 H\u00e4fen. In einigen F\u00e4llen werden unter einem Suchbegriff mehrere H\u00e4fen beschrieben.\",\"breadcrumb\":{\"@id\":\"https:\\\/\\\/lmf.no\\\/de\\\/produkt\\\/hamnguiden-10-hoega-kusten-arholma\\\/#breadcrumb\"},\"inLanguage\":\"de\",\"potentialAction\":[{\"@type\":\"ReadAction\",\"target\":[\"https:\\\/\\\/lmf.no\\\/de\\\/produkt\\\/hamnguiden-10-hoega-kusten-arholma\\\/\"]}]},{\"@type\":\"ImageObject\",\"inLanguage\":\"de\",\"@id\":\"https:\\\/\\\/lmf.no\\\/de\\\/produkt\\\/hamnguiden-10-hoega-kusten-arholma\\\/#primaryimage\",\"url\":\"https:\\\/\\\/lmf.no\\\/de\\\/wp-content\\\/uploads\\\/2020\\\/06\\\/HG10_forside.jpg\",\"contentUrl\":\"https:\\\/\\\/lmf.no\\\/de\\\/wp-content\\\/uploads\\\/2020\\\/06\\\/HG10_forside.jpg\",\"width\":600,\"height\":850},{\"@type\":\"BreadcrumbList\",\"@id\":\"https:\\\/\\\/lmf.no\\\/de\\\/produkt\\\/hamnguiden-10-hoega-kusten-arholma\\\/#breadcrumb\",\"itemListElement\":[{\"@type\":\"ListItem\",\"position\":1,\"name\":\"Hjem\",\"item\":\"https:\\\/\\\/lmf.no\\\/de\\\/\"},{\"@type\":\"ListItem\",\"position\":2,\"name\":\"Gesch\u00e4ft\",\"item\":\"https:\\\/\\\/lmf.no\\\/de\\\/geschaft\\\/\"},{\"@type\":\"ListItem\",\"position\":3,\"name\":\"Hamnguiden 10, H\u00f6ga kusten &#8211; Arholma\"}]},{\"@type\":\"WebSite\",\"@id\":\"https:\\\/\\\/lmf.no\\\/de\\\/#website\",\"url\":\"https:\\\/\\\/lmf.no\\\/de\\\/\",\"name\":\"Skagerrak Forlag AS\",\"description\":\"Ver\u00f6ffentlichung von Lehrb\u00fcchern\",\"publisher\":{\"@id\":\"https:\\\/\\\/lmf.no\\\/de\\\/#organization\"},\"alternateName\":\"L\u00e6remiddelforlaget - Skagerrak Forlag AS\",\"potentialAction\":[{\"@type\":\"SearchAction\",\"target\":{\"@type\":\"EntryPoint\",\"urlTemplate\":\"https:\\\/\\\/lmf.no\\\/de\\\/?s={search_term_string}\"},\"query-input\":{\"@type\":\"PropertyValueSpecification\",\"valueRequired\":true,\"valueName\":\"search_term_string\"}}],\"inLanguage\":\"de\"},{\"@type\":\"Organization\",\"@id\":\"https:\\\/\\\/lmf.no\\\/de\\\/#organization\",\"name\":\"Skagerrak Forlag AS\",\"alternateName\":\"L\u00e6remiddelforlaget - Skagerrak Forlag\",\"url\":\"https:\\\/\\\/lmf.no\\\/de\\\/\",\"logo\":{\"@type\":\"ImageObject\",\"inLanguage\":\"de\",\"@id\":\"https:\\\/\\\/lmf.no\\\/de\\\/#\\\/schema\\\/logo\\\/image\\\/\",\"url\":\"https:\\\/\\\/lmf.no\\\/de\\\/wp-content\\\/uploads\\\/2024\\\/04\\\/skagerrak-forlag.png\",\"contentUrl\":\"https:\\\/\\\/lmf.no\\\/de\\\/wp-content\\\/uploads\\\/2024\\\/04\\\/skagerrak-forlag.png\",\"width\":188,\"height\":47,\"caption\":\"Skagerrak Forlag AS\"},\"image\":{\"@id\":\"https:\\\/\\\/lmf.no\\\/de\\\/#\\\/schema\\\/logo\\\/image\\\/\"}}]}<\/script>\n<!-- \/ Yoast SEO plugin. -->","yoast_head_json":{"title":"Hamnguiden 10, H\u00f6ga kusten - Arholma | Skagerrak Forlag AS - DE","description":"Der Hafenguide 10, H\u00f6ga kusten \u2013 Arholma beschreibt 206 H\u00e4fen. In einigen F\u00e4llen werden unter einem Suchbegriff mehrere H\u00e4fen beschrieben.","robots":{"index":"index","follow":"follow","max-snippet":"max-snippet:-1","max-image-preview":"max-image-preview:large","max-video-preview":"max-video-preview:-1"},"canonical":"https:\/\/lmf.no\/de\/produkt\/hamnguiden-10-hoega-kusten-arholma\/","og_locale":"de_DE","og_type":"article","og_title":"Hamnguiden 10, H\u00f6ga kusten - Arholma | Skagerrak Forlag AS - DE","og_description":"Der Hafenguide 10, H\u00f6ga kusten \u2013 Arholma beschreibt 206 H\u00e4fen. In einigen F\u00e4llen werden unter einem Suchbegriff mehrere H\u00e4fen beschrieben.","og_url":"https:\/\/lmf.no\/de\/produkt\/hamnguiden-10-hoega-kusten-arholma\/","og_site_name":"Skagerrak Forlag AS - DE","article_modified_time":"2024-04-30T08:25:25+00:00","og_image":[{"width":600,"height":850,"url":"https:\/\/lmf.no\/de\/wp-content\/uploads\/2020\/06\/HG10_forside.jpg","type":"image\/jpeg"}],"twitter_card":"summary_large_image","twitter_misc":{"Gesch\u00e4tzte Lesezeit":"2\u00a0Minuten"},"schema":{"@context":"https:\/\/schema.org","@graph":[{"@type":"WebPage","@id":"https:\/\/lmf.no\/de\/produkt\/hamnguiden-10-hoega-kusten-arholma\/","url":"https:\/\/lmf.no\/de\/produkt\/hamnguiden-10-hoega-kusten-arholma\/","name":"Hamnguiden 10, H\u00f6ga kusten - Arholma | Skagerrak Forlag AS - DE","isPartOf":{"@id":"https:\/\/lmf.no\/de\/#website"},"primaryImageOfPage":{"@id":"https:\/\/lmf.no\/de\/produkt\/hamnguiden-10-hoega-kusten-arholma\/#primaryimage"},"image":{"@id":"https:\/\/lmf.no\/de\/produkt\/hamnguiden-10-hoega-kusten-arholma\/#primaryimage"},"thumbnailUrl":"https:\/\/lmf.no\/de\/wp-content\/uploads\/2020\/06\/HG10_forside.jpg","datePublished":"2023-02-08T14:21:18+00:00","dateModified":"2024-04-30T08:25:25+00:00","description":"Der Hafenguide 10, H\u00f6ga kusten \u2013 Arholma beschreibt 206 H\u00e4fen. In einigen F\u00e4llen werden unter einem Suchbegriff mehrere H\u00e4fen beschrieben.","breadcrumb":{"@id":"https:\/\/lmf.no\/de\/produkt\/hamnguiden-10-hoega-kusten-arholma\/#breadcrumb"},"inLanguage":"de","potentialAction":[{"@type":"ReadAction","target":["https:\/\/lmf.no\/de\/produkt\/hamnguiden-10-hoega-kusten-arholma\/"]}]},{"@type":"ImageObject","inLanguage":"de","@id":"https:\/\/lmf.no\/de\/produkt\/hamnguiden-10-hoega-kusten-arholma\/#primaryimage","url":"https:\/\/lmf.no\/de\/wp-content\/uploads\/2020\/06\/HG10_forside.jpg","contentUrl":"https:\/\/lmf.no\/de\/wp-content\/uploads\/2020\/06\/HG10_forside.jpg","width":600,"height":850},{"@type":"BreadcrumbList","@id":"https:\/\/lmf.no\/de\/produkt\/hamnguiden-10-hoega-kusten-arholma\/#breadcrumb","itemListElement":[{"@type":"ListItem","position":1,"name":"Hjem","item":"https:\/\/lmf.no\/de\/"},{"@type":"ListItem","position":2,"name":"Gesch\u00e4ft","item":"https:\/\/lmf.no\/de\/geschaft\/"},{"@type":"ListItem","position":3,"name":"Hamnguiden 10, H\u00f6ga kusten &#8211; Arholma"}]},{"@type":"WebSite","@id":"https:\/\/lmf.no\/de\/#website","url":"https:\/\/lmf.no\/de\/","name":"Skagerrak Forlag AS","description":"Ver\u00f6ffentlichung von Lehrb\u00fcchern","publisher":{"@id":"https:\/\/lmf.no\/de\/#organization"},"alternateName":"L\u00e6remiddelforlaget - Skagerrak Forlag AS","potentialAction":[{"@type":"SearchAction","target":{"@type":"EntryPoint","urlTemplate":"https:\/\/lmf.no\/de\/?s={search_term_string}"},"query-input":{"@type":"PropertyValueSpecification","valueRequired":true,"valueName":"search_term_string"}}],"inLanguage":"de"},{"@type":"Organization","@id":"https:\/\/lmf.no\/de\/#organization","name":"Skagerrak Forlag AS","alternateName":"L\u00e6remiddelforlaget - Skagerrak Forlag","url":"https:\/\/lmf.no\/de\/","logo":{"@type":"ImageObject","inLanguage":"de","@id":"https:\/\/lmf.no\/de\/#\/schema\/logo\/image\/","url":"https:\/\/lmf.no\/de\/wp-content\/uploads\/2024\/04\/skagerrak-forlag.png","contentUrl":"https:\/\/lmf.no\/de\/wp-content\/uploads\/2024\/04\/skagerrak-forlag.png","width":188,"height":47,"caption":"Skagerrak Forlag AS"},"image":{"@id":"https:\/\/lmf.no\/de\/#\/schema\/logo\/image\/"}}]}},"_links":{"self":[{"href":"https:\/\/lmf.no\/de\/wp-json\/wp\/v2\/product\/1887","targetHints":{"allow":["GET"]}}],"collection":[{"href":"https:\/\/lmf.no\/de\/wp-json\/wp\/v2\/product"}],"about":[{"href":"https:\/\/lmf.no\/de\/wp-json\/wp\/v2\/types\/product"}],"wp:featuredmedia":[{"embeddable":true,"href":"https:\/\/lmf.no\/de\/wp-json\/wp\/v2\/media\/1894"}],"wp:attachment":[{"href":"https:\/\/lmf.no\/de\/wp-json\/wp\/v2\/media?parent=1887"}],"wp:term":[{"taxonomy":"product_brand","embeddable":true,"href":"https:\/\/lmf.no\/de\/wp-json\/wp\/v2\/product_brand?post=1887"},{"taxonomy":"product_cat","embeddable":true,"href":"https:\/\/lmf.no\/de\/wp-json\/wp\/v2\/product_cat?post=1887"},{"taxonomy":"product_tag","embeddable":true,"href":"https:\/\/lmf.no\/de\/wp-json\/wp\/v2\/product_tag?post=1887"}],"curies":[{"name":"wp","href":"https:\/\/api.w.org\/{rel}","templated":true}]}}