{"id":1726,"date":"2020-05-19T09:16:20","date_gmt":"2020-05-19T07:16:20","guid":{"rendered":"http:\/\/lmf.no\/dk\/?post_type=product&#038;p=1726"},"modified":"2026-03-05T13:13:06","modified_gmt":"2026-03-05T12:13:06","slug":"havneguiden-1","status":"publish","type":"product","link":"https:\/\/lmf.no\/dk\/produkt\/havneguiden-1\/","title":{"rendered":"Havneguiden 1, Svinesund \u2013 Langesund, 7. udgave"},"content":{"rendered":"<p>Havneguiden 1 beskriver natur- og g\u00e6stehavne, hvor hver havn pr\u00e6senteres med sit eget Havneguidekort, luftfoto, beskrivende tekst og en faktaboks med n\u00f8gleinformation.<\/p>\n<p>Teksten er opdelt i to: Den maritime del beskriver havnen, indsejlingen og s\u00e6rlige forhold, du skal v\u00e6re opm\u00e6rksom p\u00e5. Du f\u00e5r ogs\u00e5 at vide, hvilken type fort\u00f8jning der er relevant, s\u00e5 du kan v\u00e6re forberedt ved ankomst. Den generelle tekst fort\u00e6ller om stedets s\u00e6rpr\u00e6g og historie samt om, hvad I kan se, g\u00f8re og opleve, n\u00e5r I kommer dertil. Vi har ogs\u00e5 fors\u00f8gt at pege p\u00e5 ting, I kan undre jer over, og m\u00e5ske finde ud af mere om selv.<\/p>\n<p>I denne udgave er alle Havneguidekortene blevet omarbejdet. Havnene er blevet m\u00e5lt p\u00e5 ny med et avanceret multistr\u00e5le-ekkolod. P\u00e5 baggrund af de nye s\u00f8opm\u00e5linger har vi udarbejdet nye Havneguidekort med langt flere dybdedetaljer samt mere pr\u00e6cise dybdekurver. Resultatet er, at vi nu kan p\u00e5vise langt flere sikre fort\u00f8jningspladser i naturhavnene. I de samme havne har vi markeret pladser, som egner sig til alle b\u00e5dtyper (r\u00f8d streg), og pladser som kun egner sig til motorb\u00e5de (bl\u00e5 streg). I naturhavne er longsidepladser markeret med en s\u00e6rlig pil p\u00e5 land.<\/p>\n<p>Luftbillederne med markeringer giver dig et hurtigt overblik over havnens omgivelser, faciliteter, indsejlingsleder, farer og fort\u00f8jningsmuligheder. P\u00e5 siderne med QR-kode har du hurtig adgang til en dronefilm over havnen.<\/p>\n<p>Bagerst i bogen findes en kupon, som giver dig adgang til Havneguide-appen. Ved hj\u00e6lp af appen kan du nemt overs\u00e6tte den originale norske tekst til dit modersm\u00e5l.<\/p>\n<p>Sommeren 2026 d\u00e6kker Havneguide-serien et omr\u00e5de, der str\u00e6kker sig fra \u00d6rnsk\u00f6ldsvik i Bottenviken til Kirkenes l\u00e6ngst mod nord\u00f8st i Norge. I Havneguide-serien findes der ogs\u00e5 guider, som d\u00e6kker Danmark, Tyskland, Polen, Slovenien, Kroatien, Montenegro, Albanien og Gr\u00e6kenland.<\/p>\n","protected":false},"excerpt":{"rendered":"<p>ISBN 978-82-7997-245-7<\/p>\n<p><a href=\"https:\/\/www.flipsnack.com\/skagerrak\/hg1-ft3ev3f51\" target=\"_blank\">Kik i bogen<\/a><\/p>\n<p><a href=\"http:\/\/www.harbourguide.com\" rel=\"noopener noreferrer\" target=\"_blank\">Havneguiden Online<\/a><\/p>\n","protected":false},"featured_media":1996,"template":"","meta":[],"product_brand":[],"product_cat":[26],"product_tag":[],"class_list":{"0":"post-1726","1":"product","2":"type-product","3":"status-publish","4":"has-post-thumbnail","6":"product_cat-hamnguiden","8":"first","9":"instock","10":"shipping-taxable","11":"purchasable","12":"product-type-simple"},"yoast_head":"<!-- This site is optimized with the Yoast SEO plugin v27.4 - https:\/\/yoast.com\/product\/yoast-seo-wordpress\/ -->\n<title>Havneguiden 1, Svinesund \u2013 Langesund, 7. udgave | Skagerrak Forlag AS - DK<\/title>\n<meta name=\"description\" content=\"Havneguiden 1, Svinesund \u2013 Langesund beskriver ca. 400 havne. I enkelte tilf\u00e6lde omtales mere end \u00e9n havn p\u00e5 samme opslag.\" \/>\n<meta name=\"robots\" content=\"index, follow, max-snippet:-1, max-image-preview:large, max-video-preview:-1\" \/>\n<link rel=\"canonical\" href=\"https:\/\/lmf.no\/dk\/produkt\/havneguiden-1\/\" \/>\n<meta property=\"og:locale\" content=\"da_DK\" \/>\n<meta property=\"og:type\" content=\"article\" \/>\n<meta property=\"og:title\" content=\"Havneguiden 1, Svinesund \u2013 Langesund, 7. udgave | Skagerrak Forlag AS - DK\" \/>\n<meta property=\"og:description\" content=\"Havneguiden 1, Svinesund \u2013 Langesund beskriver ca. 400 havne. I enkelte tilf\u00e6lde omtales mere end \u00e9n havn p\u00e5 samme opslag.\" \/>\n<meta property=\"og:url\" content=\"https:\/\/lmf.no\/dk\/produkt\/havneguiden-1\/\" \/>\n<meta property=\"og:site_name\" content=\"Skagerrak Forlag AS - DK\" \/>\n<meta property=\"article:modified_time\" content=\"2026-03-05T12:13:06+00:00\" \/>\n<meta property=\"og:image\" content=\"https:\/\/lmf.no\/dk\/wp-content\/uploads\/2020\/05\/HG1_forside-scaled.jpg\" \/>\n\t<meta property=\"og:image:width\" content=\"1810\" \/>\n\t<meta property=\"og:image:height\" content=\"2560\" \/>\n\t<meta property=\"og:image:type\" content=\"image\/jpeg\" \/>\n<meta name=\"twitter:card\" content=\"summary_large_image\" \/>\n<meta name=\"twitter:label1\" content=\"Estimeret l\u00e6setid\" \/>\n\t<meta name=\"twitter:data1\" content=\"2 minutter\" \/>\n<script type=\"application\/ld+json\" class=\"yoast-schema-graph\">{\"@context\":\"https:\\\/\\\/schema.org\",\"@graph\":[{\"@type\":\"WebPage\",\"@id\":\"https:\\\/\\\/lmf.no\\\/dk\\\/produkt\\\/havneguiden-1\\\/\",\"url\":\"https:\\\/\\\/lmf.no\\\/dk\\\/produkt\\\/havneguiden-1\\\/\",\"name\":\"Havneguiden 1, Svinesund \u2013 Langesund, 7. udgave | Skagerrak Forlag AS - DK\",\"isPartOf\":{\"@id\":\"https:\\\/\\\/lmf.no\\\/dk\\\/#website\"},\"primaryImageOfPage\":{\"@id\":\"https:\\\/\\\/lmf.no\\\/dk\\\/produkt\\\/havneguiden-1\\\/#primaryimage\"},\"image\":{\"@id\":\"https:\\\/\\\/lmf.no\\\/dk\\\/produkt\\\/havneguiden-1\\\/#primaryimage\"},\"thumbnailUrl\":\"https:\\\/\\\/lmf.no\\\/dk\\\/wp-content\\\/uploads\\\/2020\\\/05\\\/HG1_forside-scaled.jpg\",\"datePublished\":\"2020-05-19T07:16:20+00:00\",\"dateModified\":\"2026-03-05T12:13:06+00:00\",\"description\":\"Havneguiden 1, Svinesund \u2013 Langesund beskriver ca. 400 havne. I enkelte tilf\u00e6lde omtales mere end \u00e9n havn p\u00e5 samme opslag.\",\"breadcrumb\":{\"@id\":\"https:\\\/\\\/lmf.no\\\/dk\\\/produkt\\\/havneguiden-1\\\/#breadcrumb\"},\"inLanguage\":\"da-DK\",\"potentialAction\":[{\"@type\":\"ReadAction\",\"target\":[\"https:\\\/\\\/lmf.no\\\/dk\\\/produkt\\\/havneguiden-1\\\/\"]}]},{\"@type\":\"ImageObject\",\"inLanguage\":\"da-DK\",\"@id\":\"https:\\\/\\\/lmf.no\\\/dk\\\/produkt\\\/havneguiden-1\\\/#primaryimage\",\"url\":\"https:\\\/\\\/lmf.no\\\/dk\\\/wp-content\\\/uploads\\\/2020\\\/05\\\/HG1_forside-scaled.jpg\",\"contentUrl\":\"https:\\\/\\\/lmf.no\\\/dk\\\/wp-content\\\/uploads\\\/2020\\\/05\\\/HG1_forside-scaled.jpg\",\"width\":1810,\"height\":2560},{\"@type\":\"BreadcrumbList\",\"@id\":\"https:\\\/\\\/lmf.no\\\/dk\\\/produkt\\\/havneguiden-1\\\/#breadcrumb\",\"itemListElement\":[{\"@type\":\"ListItem\",\"position\":1,\"name\":\"Hjem\",\"item\":\"https:\\\/\\\/lmf.no\\\/dk\\\/\"},{\"@type\":\"ListItem\",\"position\":2,\"name\":\"Butik\",\"item\":\"https:\\\/\\\/lmf.no\\\/dk\\\/butik\\\/\"},{\"@type\":\"ListItem\",\"position\":3,\"name\":\"Havneguiden 1, Svinesund \u2013 Langesund, 7. udgave\"}]},{\"@type\":\"WebSite\",\"@id\":\"https:\\\/\\\/lmf.no\\\/dk\\\/#website\",\"url\":\"https:\\\/\\\/lmf.no\\\/dk\\\/\",\"name\":\"Skagerrak Forlag AS\",\"description\":\"Udgivelse af l\u00e6reb\u00f8ger\",\"publisher\":{\"@id\":\"https:\\\/\\\/lmf.no\\\/dk\\\/#organization\"},\"alternateName\":\"L\u00e6remiddelforlaget - Skagerrak Forlag AS\",\"potentialAction\":[{\"@type\":\"SearchAction\",\"target\":{\"@type\":\"EntryPoint\",\"urlTemplate\":\"https:\\\/\\\/lmf.no\\\/dk\\\/?s={search_term_string}\"},\"query-input\":{\"@type\":\"PropertyValueSpecification\",\"valueRequired\":true,\"valueName\":\"search_term_string\"}}],\"inLanguage\":\"da-DK\"},{\"@type\":\"Organization\",\"@id\":\"https:\\\/\\\/lmf.no\\\/dk\\\/#organization\",\"name\":\"Skagerrak Forlag AS\",\"alternateName\":\"L\u00e6remiddelforlaget - Skagerrak Forlag\",\"url\":\"https:\\\/\\\/lmf.no\\\/dk\\\/\",\"logo\":{\"@type\":\"ImageObject\",\"inLanguage\":\"da-DK\",\"@id\":\"https:\\\/\\\/lmf.no\\\/dk\\\/#\\\/schema\\\/logo\\\/image\\\/\",\"url\":\"https:\\\/\\\/lmf.no\\\/dk\\\/wp-content\\\/uploads\\\/2024\\\/04\\\/skagerrak-forlag.png\",\"contentUrl\":\"https:\\\/\\\/lmf.no\\\/dk\\\/wp-content\\\/uploads\\\/2024\\\/04\\\/skagerrak-forlag.png\",\"width\":188,\"height\":47,\"caption\":\"Skagerrak Forlag AS\"},\"image\":{\"@id\":\"https:\\\/\\\/lmf.no\\\/dk\\\/#\\\/schema\\\/logo\\\/image\\\/\"}}]}<\/script>\n<!-- \/ Yoast SEO plugin. -->","yoast_head_json":{"title":"Havneguiden 1, Svinesund \u2013 Langesund, 7. udgave | Skagerrak Forlag AS - DK","description":"Havneguiden 1, Svinesund \u2013 Langesund beskriver ca. 400 havne. I enkelte tilf\u00e6lde omtales mere end \u00e9n havn p\u00e5 samme opslag.","robots":{"index":"index","follow":"follow","max-snippet":"max-snippet:-1","max-image-preview":"max-image-preview:large","max-video-preview":"max-video-preview:-1"},"canonical":"https:\/\/lmf.no\/dk\/produkt\/havneguiden-1\/","og_locale":"da_DK","og_type":"article","og_title":"Havneguiden 1, Svinesund \u2013 Langesund, 7. udgave | Skagerrak Forlag AS - DK","og_description":"Havneguiden 1, Svinesund \u2013 Langesund beskriver ca. 400 havne. I enkelte tilf\u00e6lde omtales mere end \u00e9n havn p\u00e5 samme opslag.","og_url":"https:\/\/lmf.no\/dk\/produkt\/havneguiden-1\/","og_site_name":"Skagerrak Forlag AS - DK","article_modified_time":"2026-03-05T12:13:06+00:00","og_image":[{"width":1810,"height":2560,"url":"https:\/\/lmf.no\/dk\/wp-content\/uploads\/2020\/05\/HG1_forside-scaled.jpg","type":"image\/jpeg"}],"twitter_card":"summary_large_image","twitter_misc":{"Estimeret l\u00e6setid":"2 minutter"},"schema":{"@context":"https:\/\/schema.org","@graph":[{"@type":"WebPage","@id":"https:\/\/lmf.no\/dk\/produkt\/havneguiden-1\/","url":"https:\/\/lmf.no\/dk\/produkt\/havneguiden-1\/","name":"Havneguiden 1, Svinesund \u2013 Langesund, 7. udgave | Skagerrak Forlag AS - DK","isPartOf":{"@id":"https:\/\/lmf.no\/dk\/#website"},"primaryImageOfPage":{"@id":"https:\/\/lmf.no\/dk\/produkt\/havneguiden-1\/#primaryimage"},"image":{"@id":"https:\/\/lmf.no\/dk\/produkt\/havneguiden-1\/#primaryimage"},"thumbnailUrl":"https:\/\/lmf.no\/dk\/wp-content\/uploads\/2020\/05\/HG1_forside-scaled.jpg","datePublished":"2020-05-19T07:16:20+00:00","dateModified":"2026-03-05T12:13:06+00:00","description":"Havneguiden 1, Svinesund \u2013 Langesund beskriver ca. 400 havne. I enkelte tilf\u00e6lde omtales mere end \u00e9n havn p\u00e5 samme opslag.","breadcrumb":{"@id":"https:\/\/lmf.no\/dk\/produkt\/havneguiden-1\/#breadcrumb"},"inLanguage":"da-DK","potentialAction":[{"@type":"ReadAction","target":["https:\/\/lmf.no\/dk\/produkt\/havneguiden-1\/"]}]},{"@type":"ImageObject","inLanguage":"da-DK","@id":"https:\/\/lmf.no\/dk\/produkt\/havneguiden-1\/#primaryimage","url":"https:\/\/lmf.no\/dk\/wp-content\/uploads\/2020\/05\/HG1_forside-scaled.jpg","contentUrl":"https:\/\/lmf.no\/dk\/wp-content\/uploads\/2020\/05\/HG1_forside-scaled.jpg","width":1810,"height":2560},{"@type":"BreadcrumbList","@id":"https:\/\/lmf.no\/dk\/produkt\/havneguiden-1\/#breadcrumb","itemListElement":[{"@type":"ListItem","position":1,"name":"Hjem","item":"https:\/\/lmf.no\/dk\/"},{"@type":"ListItem","position":2,"name":"Butik","item":"https:\/\/lmf.no\/dk\/butik\/"},{"@type":"ListItem","position":3,"name":"Havneguiden 1, Svinesund \u2013 Langesund, 7. udgave"}]},{"@type":"WebSite","@id":"https:\/\/lmf.no\/dk\/#website","url":"https:\/\/lmf.no\/dk\/","name":"Skagerrak Forlag AS","description":"Udgivelse af l\u00e6reb\u00f8ger","publisher":{"@id":"https:\/\/lmf.no\/dk\/#organization"},"alternateName":"L\u00e6remiddelforlaget - Skagerrak Forlag AS","potentialAction":[{"@type":"SearchAction","target":{"@type":"EntryPoint","urlTemplate":"https:\/\/lmf.no\/dk\/?s={search_term_string}"},"query-input":{"@type":"PropertyValueSpecification","valueRequired":true,"valueName":"search_term_string"}}],"inLanguage":"da-DK"},{"@type":"Organization","@id":"https:\/\/lmf.no\/dk\/#organization","name":"Skagerrak Forlag AS","alternateName":"L\u00e6remiddelforlaget - Skagerrak Forlag","url":"https:\/\/lmf.no\/dk\/","logo":{"@type":"ImageObject","inLanguage":"da-DK","@id":"https:\/\/lmf.no\/dk\/#\/schema\/logo\/image\/","url":"https:\/\/lmf.no\/dk\/wp-content\/uploads\/2024\/04\/skagerrak-forlag.png","contentUrl":"https:\/\/lmf.no\/dk\/wp-content\/uploads\/2024\/04\/skagerrak-forlag.png","width":188,"height":47,"caption":"Skagerrak Forlag AS"},"image":{"@id":"https:\/\/lmf.no\/dk\/#\/schema\/logo\/image\/"}}]}},"_links":{"self":[{"href":"https:\/\/lmf.no\/dk\/wp-json\/wp\/v2\/product\/1726","targetHints":{"allow":["GET"]}}],"collection":[{"href":"https:\/\/lmf.no\/dk\/wp-json\/wp\/v2\/product"}],"about":[{"href":"https:\/\/lmf.no\/dk\/wp-json\/wp\/v2\/types\/product"}],"wp:featuredmedia":[{"embeddable":true,"href":"https:\/\/lmf.no\/dk\/wp-json\/wp\/v2\/media\/1996"}],"wp:attachment":[{"href":"https:\/\/lmf.no\/dk\/wp-json\/wp\/v2\/media?parent=1726"}],"wp:term":[{"taxonomy":"product_brand","embeddable":true,"href":"https:\/\/lmf.no\/dk\/wp-json\/wp\/v2\/product_brand?post=1726"},{"taxonomy":"product_cat","embeddable":true,"href":"https:\/\/lmf.no\/dk\/wp-json\/wp\/v2\/product_cat?post=1726"},{"taxonomy":"product_tag","embeddable":true,"href":"https:\/\/lmf.no\/dk\/wp-json\/wp\/v2\/product_tag?post=1726"}],"curies":[{"name":"wp","href":"https:\/\/api.w.org\/{rel}","templated":true}]}}