{"id":1800,"date":"2020-06-01T09:33:23","date_gmt":"2020-06-01T07:33:23","guid":{"rendered":"http:\/\/lmf.no\/dk\/?post_type=product&#038;p=1800"},"modified":"2025-02-25T10:28:28","modified_gmt":"2025-02-25T09:28:28","slug":"hamnguiden-5-svensk-utgave","status":"publish","type":"product","link":"https:\/\/lmf.no\/dk\/produkt\/hamnguiden-5-svensk-utgave\/","title":{"rendered":"Hamnguiden 5, G\u00f6teborg \u2013 Svinesund, 4. udgave"},"content":{"rendered":"<p>Hamnguiden 5, G\u00f6teborg \u2013 Svinesund beskriver ca. 400 havne. I enkelte tilf\u00e6lde omtales mere end \u00e9n havn p\u00e5 samme opslag. Hver havn bliver pr\u00e6senteret med sit eget Havneguidekort, luftfoto, beskrivende tekst og en faktaboks med n\u00f8gleinformationer. Teksten er delt i to: Den maritime del beskriver havnen, indsejlingen og eventuelle specielle forhold. Du f\u00e5r ogs\u00e5 vide, hvilken type fort\u00f8jning, du skal bruge, s\u00e5 du kan v\u00e6re forberedt ved ankomsten. Den generelle tekst fort\u00e6ller om stedets og omgivelsernes karaktertr\u00e6k og historie og om, hvad I kan se, g\u00f8re og opleve, n\u00e5r I kommer frem. Hvor det er aktuelt, har vi ogs\u00e5 fors\u00f8gt at pege p\u00e5 ting, I kan finde interessante og selv udforske n\u00e6rmere. Nysgerrighed er en god f\u00f8lgesvend at have med p\u00e5 tur.<\/p>\n<p>P\u00e5 Havnekortene finder du flere detaljer end p\u00e5 almindelige s\u00f8kort og kortplottere. Her er der desuden markeret, hvor det er bedst at fort\u00f8je, hvilken slags fort\u00f8jning, der bruges, og hvilken retning billedet er taget fra. Luftfotoene med markeringer giver dig et hurtigt overblik over havnens omgivelser, faciliteter, anl\u00f8bsruter, farer og fort\u00f8jningsmuligheder.<\/p>\n<p>I sommeren 2020 d\u00e6kker Havneguiderne et omr\u00e5de, som str\u00e6kker sig fra Arholma nord for Stockholm til Kirkenes, det nord\u00f8stligste punkt i Norge. I Havneguideserien findes ogs\u00e5 guider, som d\u00e6kker Danmark, Tyskland, Polen, Slovenien, Kroatien, Montenegro, Albanien og Gr\u00e6kenland. Havneguiderne er en international succes, og flere dele er oversat til tysk og engelsk.<\/p>\n<p>Svensk tekst i bogen. Overs\u00e6ttelse til valgfrit sprog kan foretages via Havneguidens Online abonnement, www.harbourguide.com<\/p>\n","protected":false},"excerpt":{"rendered":"<p>ISBN 978-82-7997-229-7<\/p>\n<p><a href=\"https:\/\/www.flipsnack.com\/skagerrak\/hg5-pageflip-norsk-ftmqz8alu\/full-view.html\" target=\"_blank\" rel=\"noopener noreferrer\">Kik i bogen<\/a><\/p>\n<p><a href=\"http:\/\/www.harbourguide.com\" target=\"_blank\" rel=\"noopener noreferrer\">Havneguiden Online<\/a><\/p>\n","protected":false},"featured_media":1863,"template":"","meta":[],"product_brand":[],"product_cat":[26],"product_tag":[],"class_list":{"0":"post-1800","1":"product","2":"type-product","3":"status-publish","4":"has-post-thumbnail","6":"product_cat-hamnguiden","8":"first","9":"instock","10":"shipping-taxable","11":"purchasable","12":"product-type-simple"},"yoast_head":"<!-- This site is optimized with the Yoast SEO plugin v27.4 - https:\/\/yoast.com\/product\/yoast-seo-wordpress\/ -->\n<title>Hamnguiden 5, G\u00f6teborg \u2013 Svinesund, 4. udgave | Skagerrak Forlag AS - DK<\/title>\n<meta name=\"description\" content=\"Hamnguiden 5, G\u00f6teborg \u2013 Svinesund beskriver ca. 400 havne. I enkelte tilf\u00e6lde omtales mere end \u00e9n havn p\u00e5 samme opslag.\" \/>\n<meta name=\"robots\" content=\"index, follow, max-snippet:-1, max-image-preview:large, max-video-preview:-1\" \/>\n<link rel=\"canonical\" href=\"https:\/\/lmf.no\/dk\/produkt\/hamnguiden-5-svensk-utgave\/\" \/>\n<meta property=\"og:locale\" content=\"da_DK\" \/>\n<meta property=\"og:type\" content=\"article\" \/>\n<meta property=\"og:title\" content=\"Hamnguiden 5, G\u00f6teborg \u2013 Svinesund, 4. udgave | Skagerrak Forlag AS - DK\" \/>\n<meta property=\"og:description\" content=\"Hamnguiden 5, G\u00f6teborg \u2013 Svinesund beskriver ca. 400 havne. I enkelte tilf\u00e6lde omtales mere end \u00e9n havn p\u00e5 samme opslag.\" \/>\n<meta property=\"og:url\" content=\"https:\/\/lmf.no\/dk\/produkt\/hamnguiden-5-svensk-utgave\/\" \/>\n<meta property=\"og:site_name\" content=\"Skagerrak Forlag AS - DK\" \/>\n<meta property=\"article:modified_time\" content=\"2025-02-25T09:28:28+00:00\" \/>\n<meta property=\"og:image\" content=\"https:\/\/lmf.no\/dk\/wp-content\/uploads\/2020\/06\/hg5-2.jpg\" \/>\n\t<meta property=\"og:image:width\" content=\"601\" \/>\n\t<meta property=\"og:image:height\" content=\"850\" \/>\n\t<meta property=\"og:image:type\" content=\"image\/jpeg\" \/>\n<meta name=\"twitter:card\" content=\"summary_large_image\" \/>\n<meta name=\"twitter:label1\" content=\"Estimeret l\u00e6setid\" \/>\n\t<meta name=\"twitter:data1\" content=\"2 minutter\" \/>\n<script type=\"application\/ld+json\" class=\"yoast-schema-graph\">{\"@context\":\"https:\\\/\\\/schema.org\",\"@graph\":[{\"@type\":\"WebPage\",\"@id\":\"https:\\\/\\\/lmf.no\\\/dk\\\/produkt\\\/hamnguiden-5-svensk-utgave\\\/\",\"url\":\"https:\\\/\\\/lmf.no\\\/dk\\\/produkt\\\/hamnguiden-5-svensk-utgave\\\/\",\"name\":\"Hamnguiden 5, G\u00f6teborg \u2013 Svinesund, 4. udgave | Skagerrak Forlag AS - DK\",\"isPartOf\":{\"@id\":\"https:\\\/\\\/lmf.no\\\/dk\\\/#website\"},\"primaryImageOfPage\":{\"@id\":\"https:\\\/\\\/lmf.no\\\/dk\\\/produkt\\\/hamnguiden-5-svensk-utgave\\\/#primaryimage\"},\"image\":{\"@id\":\"https:\\\/\\\/lmf.no\\\/dk\\\/produkt\\\/hamnguiden-5-svensk-utgave\\\/#primaryimage\"},\"thumbnailUrl\":\"https:\\\/\\\/lmf.no\\\/dk\\\/wp-content\\\/uploads\\\/2020\\\/06\\\/hg5-2.jpg\",\"datePublished\":\"2020-06-01T07:33:23+00:00\",\"dateModified\":\"2025-02-25T09:28:28+00:00\",\"description\":\"Hamnguiden 5, G\u00f6teborg \u2013 Svinesund beskriver ca. 400 havne. I enkelte tilf\u00e6lde omtales mere end \u00e9n havn p\u00e5 samme opslag.\",\"breadcrumb\":{\"@id\":\"https:\\\/\\\/lmf.no\\\/dk\\\/produkt\\\/hamnguiden-5-svensk-utgave\\\/#breadcrumb\"},\"inLanguage\":\"da-DK\",\"potentialAction\":[{\"@type\":\"ReadAction\",\"target\":[\"https:\\\/\\\/lmf.no\\\/dk\\\/produkt\\\/hamnguiden-5-svensk-utgave\\\/\"]}]},{\"@type\":\"ImageObject\",\"inLanguage\":\"da-DK\",\"@id\":\"https:\\\/\\\/lmf.no\\\/dk\\\/produkt\\\/hamnguiden-5-svensk-utgave\\\/#primaryimage\",\"url\":\"https:\\\/\\\/lmf.no\\\/dk\\\/wp-content\\\/uploads\\\/2020\\\/06\\\/hg5-2.jpg\",\"contentUrl\":\"https:\\\/\\\/lmf.no\\\/dk\\\/wp-content\\\/uploads\\\/2020\\\/06\\\/hg5-2.jpg\",\"width\":601,\"height\":850},{\"@type\":\"BreadcrumbList\",\"@id\":\"https:\\\/\\\/lmf.no\\\/dk\\\/produkt\\\/hamnguiden-5-svensk-utgave\\\/#breadcrumb\",\"itemListElement\":[{\"@type\":\"ListItem\",\"position\":1,\"name\":\"Hjem\",\"item\":\"https:\\\/\\\/lmf.no\\\/dk\\\/\"},{\"@type\":\"ListItem\",\"position\":2,\"name\":\"Butik\",\"item\":\"https:\\\/\\\/lmf.no\\\/dk\\\/butik\\\/\"},{\"@type\":\"ListItem\",\"position\":3,\"name\":\"Hamnguiden 5, G\u00f6teborg \u2013 Svinesund, 4. udgave\"}]},{\"@type\":\"WebSite\",\"@id\":\"https:\\\/\\\/lmf.no\\\/dk\\\/#website\",\"url\":\"https:\\\/\\\/lmf.no\\\/dk\\\/\",\"name\":\"Skagerrak Forlag AS\",\"description\":\"Udgivelse af l\u00e6reb\u00f8ger\",\"publisher\":{\"@id\":\"https:\\\/\\\/lmf.no\\\/dk\\\/#organization\"},\"alternateName\":\"L\u00e6remiddelforlaget - Skagerrak Forlag AS\",\"potentialAction\":[{\"@type\":\"SearchAction\",\"target\":{\"@type\":\"EntryPoint\",\"urlTemplate\":\"https:\\\/\\\/lmf.no\\\/dk\\\/?s={search_term_string}\"},\"query-input\":{\"@type\":\"PropertyValueSpecification\",\"valueRequired\":true,\"valueName\":\"search_term_string\"}}],\"inLanguage\":\"da-DK\"},{\"@type\":\"Organization\",\"@id\":\"https:\\\/\\\/lmf.no\\\/dk\\\/#organization\",\"name\":\"Skagerrak Forlag AS\",\"alternateName\":\"L\u00e6remiddelforlaget - Skagerrak Forlag\",\"url\":\"https:\\\/\\\/lmf.no\\\/dk\\\/\",\"logo\":{\"@type\":\"ImageObject\",\"inLanguage\":\"da-DK\",\"@id\":\"https:\\\/\\\/lmf.no\\\/dk\\\/#\\\/schema\\\/logo\\\/image\\\/\",\"url\":\"https:\\\/\\\/lmf.no\\\/dk\\\/wp-content\\\/uploads\\\/2024\\\/04\\\/skagerrak-forlag.png\",\"contentUrl\":\"https:\\\/\\\/lmf.no\\\/dk\\\/wp-content\\\/uploads\\\/2024\\\/04\\\/skagerrak-forlag.png\",\"width\":188,\"height\":47,\"caption\":\"Skagerrak Forlag AS\"},\"image\":{\"@id\":\"https:\\\/\\\/lmf.no\\\/dk\\\/#\\\/schema\\\/logo\\\/image\\\/\"}}]}<\/script>\n<!-- \/ Yoast SEO plugin. -->","yoast_head_json":{"title":"Hamnguiden 5, G\u00f6teborg \u2013 Svinesund, 4. udgave | Skagerrak Forlag AS - DK","description":"Hamnguiden 5, G\u00f6teborg \u2013 Svinesund beskriver ca. 400 havne. I enkelte tilf\u00e6lde omtales mere end \u00e9n havn p\u00e5 samme opslag.","robots":{"index":"index","follow":"follow","max-snippet":"max-snippet:-1","max-image-preview":"max-image-preview:large","max-video-preview":"max-video-preview:-1"},"canonical":"https:\/\/lmf.no\/dk\/produkt\/hamnguiden-5-svensk-utgave\/","og_locale":"da_DK","og_type":"article","og_title":"Hamnguiden 5, G\u00f6teborg \u2013 Svinesund, 4. udgave | Skagerrak Forlag AS - DK","og_description":"Hamnguiden 5, G\u00f6teborg \u2013 Svinesund beskriver ca. 400 havne. I enkelte tilf\u00e6lde omtales mere end \u00e9n havn p\u00e5 samme opslag.","og_url":"https:\/\/lmf.no\/dk\/produkt\/hamnguiden-5-svensk-utgave\/","og_site_name":"Skagerrak Forlag AS - DK","article_modified_time":"2025-02-25T09:28:28+00:00","og_image":[{"width":601,"height":850,"url":"https:\/\/lmf.no\/dk\/wp-content\/uploads\/2020\/06\/hg5-2.jpg","type":"image\/jpeg"}],"twitter_card":"summary_large_image","twitter_misc":{"Estimeret l\u00e6setid":"2 minutter"},"schema":{"@context":"https:\/\/schema.org","@graph":[{"@type":"WebPage","@id":"https:\/\/lmf.no\/dk\/produkt\/hamnguiden-5-svensk-utgave\/","url":"https:\/\/lmf.no\/dk\/produkt\/hamnguiden-5-svensk-utgave\/","name":"Hamnguiden 5, G\u00f6teborg \u2013 Svinesund, 4. udgave | Skagerrak Forlag AS - DK","isPartOf":{"@id":"https:\/\/lmf.no\/dk\/#website"},"primaryImageOfPage":{"@id":"https:\/\/lmf.no\/dk\/produkt\/hamnguiden-5-svensk-utgave\/#primaryimage"},"image":{"@id":"https:\/\/lmf.no\/dk\/produkt\/hamnguiden-5-svensk-utgave\/#primaryimage"},"thumbnailUrl":"https:\/\/lmf.no\/dk\/wp-content\/uploads\/2020\/06\/hg5-2.jpg","datePublished":"2020-06-01T07:33:23+00:00","dateModified":"2025-02-25T09:28:28+00:00","description":"Hamnguiden 5, G\u00f6teborg \u2013 Svinesund beskriver ca. 400 havne. I enkelte tilf\u00e6lde omtales mere end \u00e9n havn p\u00e5 samme opslag.","breadcrumb":{"@id":"https:\/\/lmf.no\/dk\/produkt\/hamnguiden-5-svensk-utgave\/#breadcrumb"},"inLanguage":"da-DK","potentialAction":[{"@type":"ReadAction","target":["https:\/\/lmf.no\/dk\/produkt\/hamnguiden-5-svensk-utgave\/"]}]},{"@type":"ImageObject","inLanguage":"da-DK","@id":"https:\/\/lmf.no\/dk\/produkt\/hamnguiden-5-svensk-utgave\/#primaryimage","url":"https:\/\/lmf.no\/dk\/wp-content\/uploads\/2020\/06\/hg5-2.jpg","contentUrl":"https:\/\/lmf.no\/dk\/wp-content\/uploads\/2020\/06\/hg5-2.jpg","width":601,"height":850},{"@type":"BreadcrumbList","@id":"https:\/\/lmf.no\/dk\/produkt\/hamnguiden-5-svensk-utgave\/#breadcrumb","itemListElement":[{"@type":"ListItem","position":1,"name":"Hjem","item":"https:\/\/lmf.no\/dk\/"},{"@type":"ListItem","position":2,"name":"Butik","item":"https:\/\/lmf.no\/dk\/butik\/"},{"@type":"ListItem","position":3,"name":"Hamnguiden 5, G\u00f6teborg \u2013 Svinesund, 4. udgave"}]},{"@type":"WebSite","@id":"https:\/\/lmf.no\/dk\/#website","url":"https:\/\/lmf.no\/dk\/","name":"Skagerrak Forlag AS","description":"Udgivelse af l\u00e6reb\u00f8ger","publisher":{"@id":"https:\/\/lmf.no\/dk\/#organization"},"alternateName":"L\u00e6remiddelforlaget - Skagerrak Forlag AS","potentialAction":[{"@type":"SearchAction","target":{"@type":"EntryPoint","urlTemplate":"https:\/\/lmf.no\/dk\/?s={search_term_string}"},"query-input":{"@type":"PropertyValueSpecification","valueRequired":true,"valueName":"search_term_string"}}],"inLanguage":"da-DK"},{"@type":"Organization","@id":"https:\/\/lmf.no\/dk\/#organization","name":"Skagerrak Forlag AS","alternateName":"L\u00e6remiddelforlaget - Skagerrak Forlag","url":"https:\/\/lmf.no\/dk\/","logo":{"@type":"ImageObject","inLanguage":"da-DK","@id":"https:\/\/lmf.no\/dk\/#\/schema\/logo\/image\/","url":"https:\/\/lmf.no\/dk\/wp-content\/uploads\/2024\/04\/skagerrak-forlag.png","contentUrl":"https:\/\/lmf.no\/dk\/wp-content\/uploads\/2024\/04\/skagerrak-forlag.png","width":188,"height":47,"caption":"Skagerrak Forlag AS"},"image":{"@id":"https:\/\/lmf.no\/dk\/#\/schema\/logo\/image\/"}}]}},"_links":{"self":[{"href":"https:\/\/lmf.no\/dk\/wp-json\/wp\/v2\/product\/1800","targetHints":{"allow":["GET"]}}],"collection":[{"href":"https:\/\/lmf.no\/dk\/wp-json\/wp\/v2\/product"}],"about":[{"href":"https:\/\/lmf.no\/dk\/wp-json\/wp\/v2\/types\/product"}],"wp:featuredmedia":[{"embeddable":true,"href":"https:\/\/lmf.no\/dk\/wp-json\/wp\/v2\/media\/1863"}],"wp:attachment":[{"href":"https:\/\/lmf.no\/dk\/wp-json\/wp\/v2\/media?parent=1800"}],"wp:term":[{"taxonomy":"product_brand","embeddable":true,"href":"https:\/\/lmf.no\/dk\/wp-json\/wp\/v2\/product_brand?post=1800"},{"taxonomy":"product_cat","embeddable":true,"href":"https:\/\/lmf.no\/dk\/wp-json\/wp\/v2\/product_cat?post=1800"},{"taxonomy":"product_tag","embeddable":true,"href":"https:\/\/lmf.no\/dk\/wp-json\/wp\/v2\/product_tag?post=1800"}],"curies":[{"name":"wp","href":"https:\/\/api.w.org\/{rel}","templated":true}]}}