{"id":1804,"date":"2020-06-01T09:37:10","date_gmt":"2020-06-01T07:37:10","guid":{"rendered":"http:\/\/lmf.no\/dk\/?post_type=product&#038;p=1804"},"modified":"2025-02-26T11:10:56","modified_gmt":"2025-02-26T10:10:56","slug":"havneguiden-7","status":"publish","type":"product","link":"https:\/\/lmf.no\/dk\/produkt\/havneguiden-7\/","title":{"rendered":"Hamnguiden 7, Landsort \u2013 Skan\u00f6r, \u00d6land, Gotland &#038; Bornholm, 3. udgave"},"content":{"rendered":"<p>I denne Havneguide beskrives 377 natur-, klub- og g\u00e6stehavne langs kysten mellem Landsort og Skan\u00f6r samt p\u00e5 \u00d6land, Gotland og Bornholm. Her beskrives kendte og mindre kendte naturhavne, der gives tips om farvande og farled, og g\u00e6stehavnene beskrives detaljeret med service- og fort\u00f8jningsmuligheder. Alle havne pr\u00e6senteres med et detaljeret Havneguidekort, et luftfoto, en faktaboks samt en vejledende tekst.<\/p>\n<p>Luftfotoene og markeringerne giver dig et hurtigt overblik over hver havn med dens atmosf\u00e6re, faciliteter, sejlrender og fort\u00f8jningsmuligheder.<\/p>\n<p>Den generelle del af teksten beskriver havnen, stedets historie og natur og giver tips om de aktiviteter, der er adgang til p\u00e5 havnen og i dens n\u00e6rhed. Den maritime del giver information om, hvor der er roligt og trygt at  ligge fort\u00f8jet, hvordan du fort\u00f8jer sikrest, og hvad du skal v\u00e6re specielt opm\u00e6rksom p\u00e5.<\/p>\n<p>Samtlige havne i bogen pr\u00e6senteres med et Havneguidekort i stor skala, som giver detaljeret information om anl\u00f8b, fort\u00f8jningspladser, havneservice m.m. Alle Havneguidekort p\u00e5 kyststr\u00e6kningen mellem Landsort og P\u00e5skallavik er opm\u00e5lt af firmaet Hydrographica, der udgiver s\u00f8kort over Svenske farvande. De \u00f8vrige Havneguidekort er baseret p\u00e5 materiale fra Sj\u00f6fartsverket, som er den svenske s\u00f8fartsstyrelse, samt andre kilder.<\/p>\n<p>En mere indholdsrig havneguide end denne finder du nok ikke.<\/p>\n<p>Svensk tekst i bogen. Overs\u00e6ttelse til valgfrit sprog kan foretages via Havneguidens Online abonnement, www.harbourguide.com<\/p>\n","protected":false},"excerpt":{"rendered":"<p>ISBN 978-82-7997-243-3<\/p>\n<p><a href=\"https:\/\/www.flipsnack.com\/skagerrak\/hg-7\/full-view.html\" target=\"_blank\" rel=\"noopener noreferrer\">Kik i bogen<\/a><\/p>\n<p><a href=\"http:\/\/www.harbourguide.com\" target=\"_blank\" rel=\"noopener noreferrer\">Havneguiden Online<\/a><\/p>\n","protected":false},"featured_media":1976,"template":"","meta":[],"product_brand":[],"product_cat":[26],"product_tag":[],"class_list":{"0":"post-1804","1":"product","2":"type-product","3":"status-publish","4":"has-post-thumbnail","6":"product_cat-hamnguiden","8":"first","9":"instock","10":"shipping-taxable","11":"purchasable","12":"product-type-simple"},"yoast_head":"<!-- This site is optimized with the Yoast SEO plugin v27.4 - https:\/\/yoast.com\/product\/yoast-seo-wordpress\/ -->\n<title>Hamnguiden 7, Landsort \u2013 Skan\u00f6r, \u00d6land, Gotland &amp; Bornholm, 3. udgave | Skagerrak Forlag AS - DK<\/title>\n<meta name=\"description\" content=\"Der er i \u00e5renes l\u00f8b udgivet mange havneguider over den svenske \u00f8stkyst, men ingen s\u00e5 righoldig og komplet som denne.\" \/>\n<meta name=\"robots\" content=\"index, follow, max-snippet:-1, max-image-preview:large, max-video-preview:-1\" \/>\n<link rel=\"canonical\" href=\"https:\/\/lmf.no\/dk\/produkt\/havneguiden-7\/\" \/>\n<meta property=\"og:locale\" content=\"da_DK\" \/>\n<meta property=\"og:type\" content=\"article\" \/>\n<meta property=\"og:title\" content=\"Hamnguiden 7, Landsort \u2013 Skan\u00f6r, \u00d6land, Gotland &amp; Bornholm, 3. udgave | Skagerrak Forlag AS - DK\" \/>\n<meta property=\"og:description\" content=\"Der er i \u00e5renes l\u00f8b udgivet mange havneguider over den svenske \u00f8stkyst, men ingen s\u00e5 righoldig og komplet som denne.\" \/>\n<meta property=\"og:url\" content=\"https:\/\/lmf.no\/dk\/produkt\/havneguiden-7\/\" \/>\n<meta property=\"og:site_name\" content=\"Skagerrak Forlag AS - DK\" \/>\n<meta property=\"article:modified_time\" content=\"2025-02-26T10:10:56+00:00\" \/>\n<meta property=\"og:image\" content=\"https:\/\/lmf.no\/dk\/wp-content\/uploads\/2020\/06\/HG7-forside.jpg\" \/>\n\t<meta property=\"og:image:width\" content=\"595\" \/>\n\t<meta property=\"og:image:height\" content=\"842\" \/>\n\t<meta property=\"og:image:type\" content=\"image\/jpeg\" \/>\n<meta name=\"twitter:card\" content=\"summary_large_image\" \/>\n<meta name=\"twitter:label1\" content=\"Estimeret l\u00e6setid\" \/>\n\t<meta name=\"twitter:data1\" content=\"2 minutter\" \/>\n<script type=\"application\/ld+json\" class=\"yoast-schema-graph\">{\"@context\":\"https:\\\/\\\/schema.org\",\"@graph\":[{\"@type\":\"WebPage\",\"@id\":\"https:\\\/\\\/lmf.no\\\/dk\\\/produkt\\\/havneguiden-7\\\/\",\"url\":\"https:\\\/\\\/lmf.no\\\/dk\\\/produkt\\\/havneguiden-7\\\/\",\"name\":\"Hamnguiden 7, Landsort \u2013 Skan\u00f6r, \u00d6land, Gotland & Bornholm, 3. udgave | Skagerrak Forlag AS - DK\",\"isPartOf\":{\"@id\":\"https:\\\/\\\/lmf.no\\\/dk\\\/#website\"},\"primaryImageOfPage\":{\"@id\":\"https:\\\/\\\/lmf.no\\\/dk\\\/produkt\\\/havneguiden-7\\\/#primaryimage\"},\"image\":{\"@id\":\"https:\\\/\\\/lmf.no\\\/dk\\\/produkt\\\/havneguiden-7\\\/#primaryimage\"},\"thumbnailUrl\":\"https:\\\/\\\/lmf.no\\\/dk\\\/wp-content\\\/uploads\\\/2020\\\/06\\\/HG7-forside.jpg\",\"datePublished\":\"2020-06-01T07:37:10+00:00\",\"dateModified\":\"2025-02-26T10:10:56+00:00\",\"description\":\"Der er i \u00e5renes l\u00f8b udgivet mange havneguider over den svenske \u00f8stkyst, men ingen s\u00e5 righoldig og komplet som denne.\",\"breadcrumb\":{\"@id\":\"https:\\\/\\\/lmf.no\\\/dk\\\/produkt\\\/havneguiden-7\\\/#breadcrumb\"},\"inLanguage\":\"da-DK\",\"potentialAction\":[{\"@type\":\"ReadAction\",\"target\":[\"https:\\\/\\\/lmf.no\\\/dk\\\/produkt\\\/havneguiden-7\\\/\"]}]},{\"@type\":\"ImageObject\",\"inLanguage\":\"da-DK\",\"@id\":\"https:\\\/\\\/lmf.no\\\/dk\\\/produkt\\\/havneguiden-7\\\/#primaryimage\",\"url\":\"https:\\\/\\\/lmf.no\\\/dk\\\/wp-content\\\/uploads\\\/2020\\\/06\\\/HG7-forside.jpg\",\"contentUrl\":\"https:\\\/\\\/lmf.no\\\/dk\\\/wp-content\\\/uploads\\\/2020\\\/06\\\/HG7-forside.jpg\",\"width\":595,\"height\":842},{\"@type\":\"BreadcrumbList\",\"@id\":\"https:\\\/\\\/lmf.no\\\/dk\\\/produkt\\\/havneguiden-7\\\/#breadcrumb\",\"itemListElement\":[{\"@type\":\"ListItem\",\"position\":1,\"name\":\"Hjem\",\"item\":\"https:\\\/\\\/lmf.no\\\/dk\\\/\"},{\"@type\":\"ListItem\",\"position\":2,\"name\":\"Butik\",\"item\":\"https:\\\/\\\/lmf.no\\\/dk\\\/butik\\\/\"},{\"@type\":\"ListItem\",\"position\":3,\"name\":\"Hamnguiden 7, Landsort \u2013 Skan\u00f6r, \u00d6land, Gotland &#038; Bornholm, 3. udgave\"}]},{\"@type\":\"WebSite\",\"@id\":\"https:\\\/\\\/lmf.no\\\/dk\\\/#website\",\"url\":\"https:\\\/\\\/lmf.no\\\/dk\\\/\",\"name\":\"Skagerrak Forlag AS\",\"description\":\"Udgivelse af l\u00e6reb\u00f8ger\",\"publisher\":{\"@id\":\"https:\\\/\\\/lmf.no\\\/dk\\\/#organization\"},\"alternateName\":\"L\u00e6remiddelforlaget - Skagerrak Forlag AS\",\"potentialAction\":[{\"@type\":\"SearchAction\",\"target\":{\"@type\":\"EntryPoint\",\"urlTemplate\":\"https:\\\/\\\/lmf.no\\\/dk\\\/?s={search_term_string}\"},\"query-input\":{\"@type\":\"PropertyValueSpecification\",\"valueRequired\":true,\"valueName\":\"search_term_string\"}}],\"inLanguage\":\"da-DK\"},{\"@type\":\"Organization\",\"@id\":\"https:\\\/\\\/lmf.no\\\/dk\\\/#organization\",\"name\":\"Skagerrak Forlag AS\",\"alternateName\":\"L\u00e6remiddelforlaget - Skagerrak Forlag\",\"url\":\"https:\\\/\\\/lmf.no\\\/dk\\\/\",\"logo\":{\"@type\":\"ImageObject\",\"inLanguage\":\"da-DK\",\"@id\":\"https:\\\/\\\/lmf.no\\\/dk\\\/#\\\/schema\\\/logo\\\/image\\\/\",\"url\":\"https:\\\/\\\/lmf.no\\\/dk\\\/wp-content\\\/uploads\\\/2024\\\/04\\\/skagerrak-forlag.png\",\"contentUrl\":\"https:\\\/\\\/lmf.no\\\/dk\\\/wp-content\\\/uploads\\\/2024\\\/04\\\/skagerrak-forlag.png\",\"width\":188,\"height\":47,\"caption\":\"Skagerrak Forlag AS\"},\"image\":{\"@id\":\"https:\\\/\\\/lmf.no\\\/dk\\\/#\\\/schema\\\/logo\\\/image\\\/\"}}]}<\/script>\n<!-- \/ Yoast SEO plugin. -->","yoast_head_json":{"title":"Hamnguiden 7, Landsort \u2013 Skan\u00f6r, \u00d6land, Gotland & Bornholm, 3. udgave | Skagerrak Forlag AS - DK","description":"Der er i \u00e5renes l\u00f8b udgivet mange havneguider over den svenske \u00f8stkyst, men ingen s\u00e5 righoldig og komplet som denne.","robots":{"index":"index","follow":"follow","max-snippet":"max-snippet:-1","max-image-preview":"max-image-preview:large","max-video-preview":"max-video-preview:-1"},"canonical":"https:\/\/lmf.no\/dk\/produkt\/havneguiden-7\/","og_locale":"da_DK","og_type":"article","og_title":"Hamnguiden 7, Landsort \u2013 Skan\u00f6r, \u00d6land, Gotland & Bornholm, 3. udgave | Skagerrak Forlag AS - DK","og_description":"Der er i \u00e5renes l\u00f8b udgivet mange havneguider over den svenske \u00f8stkyst, men ingen s\u00e5 righoldig og komplet som denne.","og_url":"https:\/\/lmf.no\/dk\/produkt\/havneguiden-7\/","og_site_name":"Skagerrak Forlag AS - DK","article_modified_time":"2025-02-26T10:10:56+00:00","og_image":[{"width":595,"height":842,"url":"https:\/\/lmf.no\/dk\/wp-content\/uploads\/2020\/06\/HG7-forside.jpg","type":"image\/jpeg"}],"twitter_card":"summary_large_image","twitter_misc":{"Estimeret l\u00e6setid":"2 minutter"},"schema":{"@context":"https:\/\/schema.org","@graph":[{"@type":"WebPage","@id":"https:\/\/lmf.no\/dk\/produkt\/havneguiden-7\/","url":"https:\/\/lmf.no\/dk\/produkt\/havneguiden-7\/","name":"Hamnguiden 7, Landsort \u2013 Skan\u00f6r, \u00d6land, Gotland & Bornholm, 3. udgave | Skagerrak Forlag AS - DK","isPartOf":{"@id":"https:\/\/lmf.no\/dk\/#website"},"primaryImageOfPage":{"@id":"https:\/\/lmf.no\/dk\/produkt\/havneguiden-7\/#primaryimage"},"image":{"@id":"https:\/\/lmf.no\/dk\/produkt\/havneguiden-7\/#primaryimage"},"thumbnailUrl":"https:\/\/lmf.no\/dk\/wp-content\/uploads\/2020\/06\/HG7-forside.jpg","datePublished":"2020-06-01T07:37:10+00:00","dateModified":"2025-02-26T10:10:56+00:00","description":"Der er i \u00e5renes l\u00f8b udgivet mange havneguider over den svenske \u00f8stkyst, men ingen s\u00e5 righoldig og komplet som denne.","breadcrumb":{"@id":"https:\/\/lmf.no\/dk\/produkt\/havneguiden-7\/#breadcrumb"},"inLanguage":"da-DK","potentialAction":[{"@type":"ReadAction","target":["https:\/\/lmf.no\/dk\/produkt\/havneguiden-7\/"]}]},{"@type":"ImageObject","inLanguage":"da-DK","@id":"https:\/\/lmf.no\/dk\/produkt\/havneguiden-7\/#primaryimage","url":"https:\/\/lmf.no\/dk\/wp-content\/uploads\/2020\/06\/HG7-forside.jpg","contentUrl":"https:\/\/lmf.no\/dk\/wp-content\/uploads\/2020\/06\/HG7-forside.jpg","width":595,"height":842},{"@type":"BreadcrumbList","@id":"https:\/\/lmf.no\/dk\/produkt\/havneguiden-7\/#breadcrumb","itemListElement":[{"@type":"ListItem","position":1,"name":"Hjem","item":"https:\/\/lmf.no\/dk\/"},{"@type":"ListItem","position":2,"name":"Butik","item":"https:\/\/lmf.no\/dk\/butik\/"},{"@type":"ListItem","position":3,"name":"Hamnguiden 7, Landsort \u2013 Skan\u00f6r, \u00d6land, Gotland &#038; Bornholm, 3. udgave"}]},{"@type":"WebSite","@id":"https:\/\/lmf.no\/dk\/#website","url":"https:\/\/lmf.no\/dk\/","name":"Skagerrak Forlag AS","description":"Udgivelse af l\u00e6reb\u00f8ger","publisher":{"@id":"https:\/\/lmf.no\/dk\/#organization"},"alternateName":"L\u00e6remiddelforlaget - Skagerrak Forlag AS","potentialAction":[{"@type":"SearchAction","target":{"@type":"EntryPoint","urlTemplate":"https:\/\/lmf.no\/dk\/?s={search_term_string}"},"query-input":{"@type":"PropertyValueSpecification","valueRequired":true,"valueName":"search_term_string"}}],"inLanguage":"da-DK"},{"@type":"Organization","@id":"https:\/\/lmf.no\/dk\/#organization","name":"Skagerrak Forlag AS","alternateName":"L\u00e6remiddelforlaget - Skagerrak Forlag","url":"https:\/\/lmf.no\/dk\/","logo":{"@type":"ImageObject","inLanguage":"da-DK","@id":"https:\/\/lmf.no\/dk\/#\/schema\/logo\/image\/","url":"https:\/\/lmf.no\/dk\/wp-content\/uploads\/2024\/04\/skagerrak-forlag.png","contentUrl":"https:\/\/lmf.no\/dk\/wp-content\/uploads\/2024\/04\/skagerrak-forlag.png","width":188,"height":47,"caption":"Skagerrak Forlag AS"},"image":{"@id":"https:\/\/lmf.no\/dk\/#\/schema\/logo\/image\/"}}]}},"_links":{"self":[{"href":"https:\/\/lmf.no\/dk\/wp-json\/wp\/v2\/product\/1804","targetHints":{"allow":["GET"]}}],"collection":[{"href":"https:\/\/lmf.no\/dk\/wp-json\/wp\/v2\/product"}],"about":[{"href":"https:\/\/lmf.no\/dk\/wp-json\/wp\/v2\/types\/product"}],"wp:featuredmedia":[{"embeddable":true,"href":"https:\/\/lmf.no\/dk\/wp-json\/wp\/v2\/media\/1976"}],"wp:attachment":[{"href":"https:\/\/lmf.no\/dk\/wp-json\/wp\/v2\/media?parent=1804"}],"wp:term":[{"taxonomy":"product_brand","embeddable":true,"href":"https:\/\/lmf.no\/dk\/wp-json\/wp\/v2\/product_brand?post=1804"},{"taxonomy":"product_cat","embeddable":true,"href":"https:\/\/lmf.no\/dk\/wp-json\/wp\/v2\/product_cat?post=1804"},{"taxonomy":"product_tag","embeddable":true,"href":"https:\/\/lmf.no\/dk\/wp-json\/wp\/v2\/product_tag?post=1804"}],"curies":[{"name":"wp","href":"https:\/\/api.w.org\/{rel}","templated":true}]}}