{"id":1808,"date":"2020-06-01T09:40:27","date_gmt":"2020-06-01T07:40:27","guid":{"rendered":"http:\/\/lmf.no\/dk\/?post_type=product&#038;p=1808"},"modified":"2024-04-30T10:23:06","modified_gmt":"2024-04-30T08:23:06","slug":"havneguiden-9","status":"publish","type":"product","link":"https:\/\/lmf.no\/dk\/produkt\/havneguiden-9\/","title":{"rendered":"Hamnguiden 9, V\u00e4nern och V\u00e4ttern, G\u00f6ta \u00e4lv \u2013 Dalslands kanal \u2013 G\u00f6ta kanal, 2. udgave"},"content":{"rendered":"<p>Denne Havneguide beskriver 255 natur- og g\u00e6stehavne i G\u00f6taelven, V\u00e4nern, Dalslands kanal, Vikingaleden, G\u00f6takanalen og V\u00e4ttern. Her beskrives kendte og mindre kendte naturhavne, her gives tips om farled, og g\u00e6stehavnene beskrives detaljeret med service og muligheder for till\u00e6gning. Alle havne pr\u00e6senteres med et detaljeret Havneguidekort, et helikopterfoto, en guidetekst og en faktaboks.<\/p>\n<p>Da 2. udgave af Havneguiden 8 udkom i 2016, var de nye Havneguidekort noget nyt, som aldrig tidligere var set i forbindelse med s\u00f8kort, og det blev en succes. Senere er Havneguiden 7 udkommet, og nu kommer ogs\u00e5 en ny udgave som Havneguiden 9 med nye Havneguidekort. Samtlige Havneguidekort i bogen er produceret af Hydrographica p\u00e5 grundlag Hydrographicas gennempr\u00f8vede s\u00f8opm\u00e5lingsteknik p\u00e5 grundlag af 3D-luftfotos. Hvert Havneguidekort er desuden kontrolleret og verificeret ved supplerende s\u00f8opm\u00e5linger p\u00e5 stedet.<\/p>\n<p>Kortene i Havneguiden har ogs\u00e5 en avanceret topografisk beskrivelse, som bygger p\u00e5 den allernyeste teknik med laserscanning af terr\u00e6net. Man f\u00e5r n\u00f8jagtige h\u00f8jdekurver med 2,5 meters \u00e6kvidistancer, men ogs\u00e5 med mulighed for skyggeeffekter, skaber en 3D-oplevelse af terr\u00e6nets former som et supplement til traditionelle h\u00f8jdekurver. Med denne teknik bliver det meget nemt at bed\u00f8mme forholdene i en havn i forvejen og finde de bedste l\u00e6steder, eller hvor \u00f8erne er flade, s\u00e5 risikoen for bl\u00e6st dermed er st\u00f8rre.<\/p>\n<p>Helikopterbillederne og markeringerne giver dig et hurtigt overblik over hver enkelt havn med dens karakter, faciliteter, anl\u00f8bsruter, farer og fort\u00f8jningsmuligheder. Sk\u00e6r, sten og grunde, som man skal v\u00e6re s\u00e6rligt opm\u00e6rksom p\u00e5, er markeret p\u00e5 billederne.<\/p>\n<p>Teksten i Havneguiden 9 er opdelt i en generel og en maritim del. Den generelle del beskriver stedets historie og natur og giver tips om forskellige aktiviteter, som kan benyttes i havnen. Den maritime del giver oplysninger om, hvor der er trygt og roligt at ligge, hvordan du fort\u00f8jer sikrest muligt, og hvad du skal v\u00e6re s\u00e6rligt opm\u00e6rksom p\u00e5.<\/p>\n<p>Svensk tekst i bogen. Overs\u00e6ttelse til valgfrit sprog kan foretages via Havneguidens Online abonnement, www.harbourguide.com<\/p>\n","protected":false},"excerpt":{"rendered":"<p>ISBN 978-82-7997-221-1<\/p>\n<p><a href=\"https:\/\/www.flipsnack.com\/skagerrak\/hg9-pageflip\/full-view.html\" target=\"_blank\" rel=\"noopener noreferrer\">Kik i bogen<\/a><\/p>\n<p><a href=\"http:\/\/www.harbourguide.com\" target=\"_blank\" rel=\"noopener noreferrer\">Havneguiden Online<\/a><\/p>\n","protected":false},"featured_media":1809,"template":"","meta":[],"product_brand":[],"product_cat":[26],"product_tag":[],"class_list":{"0":"post-1808","1":"product","2":"type-product","3":"status-publish","4":"has-post-thumbnail","6":"product_cat-hamnguiden","8":"first","9":"instock","10":"shipping-taxable","11":"purchasable","12":"product-type-simple"},"yoast_head":"<!-- This site is optimized with the Yoast SEO plugin v27.4 - https:\/\/yoast.com\/product\/yoast-seo-wordpress\/ -->\n<title>Hamnguiden 9, V\u00e4nern och V\u00e4ttern, G\u00f6ta \u00e4lv \u2013 Dalslands kanal \u2013 G\u00f6ta kanal, 2. udgave | Skagerrak Forlag AS - DK<\/title>\n<meta name=\"description\" content=\"Denne Havneguide beskriver 255 natur- og g\u00e6stehavne i G\u00f6taelven, V\u00e4nern, Dalslands kanal, Vikingaleden, G\u00f6takanalen og V\u00e4ttern.\" \/>\n<meta name=\"robots\" content=\"index, follow, max-snippet:-1, max-image-preview:large, max-video-preview:-1\" \/>\n<link rel=\"canonical\" href=\"https:\/\/lmf.no\/dk\/produkt\/havneguiden-9\/\" \/>\n<meta property=\"og:locale\" content=\"da_DK\" \/>\n<meta property=\"og:type\" content=\"article\" \/>\n<meta property=\"og:title\" content=\"Hamnguiden 9, V\u00e4nern och V\u00e4ttern, G\u00f6ta \u00e4lv \u2013 Dalslands kanal \u2013 G\u00f6ta kanal, 2. udgave | Skagerrak Forlag AS - DK\" \/>\n<meta property=\"og:description\" content=\"Denne Havneguide beskriver 255 natur- og g\u00e6stehavne i G\u00f6taelven, V\u00e4nern, Dalslands kanal, Vikingaleden, G\u00f6takanalen og V\u00e4ttern.\" \/>\n<meta property=\"og:url\" content=\"https:\/\/lmf.no\/dk\/produkt\/havneguiden-9\/\" \/>\n<meta property=\"og:site_name\" content=\"Skagerrak Forlag AS - DK\" \/>\n<meta property=\"article:modified_time\" content=\"2024-04-30T08:23:06+00:00\" \/>\n<meta property=\"og:image\" content=\"https:\/\/lmf.no\/dk\/wp-content\/uploads\/2020\/06\/hg9.jpg\" \/>\n\t<meta property=\"og:image:width\" content=\"600\" \/>\n\t<meta property=\"og:image:height\" content=\"850\" \/>\n\t<meta property=\"og:image:type\" content=\"image\/jpeg\" \/>\n<meta name=\"twitter:card\" content=\"summary_large_image\" \/>\n<meta name=\"twitter:label1\" content=\"Estimeret l\u00e6setid\" \/>\n\t<meta name=\"twitter:data1\" content=\"2 minutter\" \/>\n<script type=\"application\/ld+json\" class=\"yoast-schema-graph\">{\"@context\":\"https:\\\/\\\/schema.org\",\"@graph\":[{\"@type\":\"WebPage\",\"@id\":\"https:\\\/\\\/lmf.no\\\/dk\\\/produkt\\\/havneguiden-9\\\/\",\"url\":\"https:\\\/\\\/lmf.no\\\/dk\\\/produkt\\\/havneguiden-9\\\/\",\"name\":\"Hamnguiden 9, V\u00e4nern och V\u00e4ttern, G\u00f6ta \u00e4lv \u2013 Dalslands kanal \u2013 G\u00f6ta kanal, 2. udgave | Skagerrak Forlag AS - DK\",\"isPartOf\":{\"@id\":\"https:\\\/\\\/lmf.no\\\/dk\\\/#website\"},\"primaryImageOfPage\":{\"@id\":\"https:\\\/\\\/lmf.no\\\/dk\\\/produkt\\\/havneguiden-9\\\/#primaryimage\"},\"image\":{\"@id\":\"https:\\\/\\\/lmf.no\\\/dk\\\/produkt\\\/havneguiden-9\\\/#primaryimage\"},\"thumbnailUrl\":\"https:\\\/\\\/lmf.no\\\/dk\\\/wp-content\\\/uploads\\\/2020\\\/06\\\/hg9.jpg\",\"datePublished\":\"2020-06-01T07:40:27+00:00\",\"dateModified\":\"2024-04-30T08:23:06+00:00\",\"description\":\"Denne Havneguide beskriver 255 natur- og g\u00e6stehavne i G\u00f6taelven, V\u00e4nern, Dalslands kanal, Vikingaleden, G\u00f6takanalen og V\u00e4ttern.\",\"breadcrumb\":{\"@id\":\"https:\\\/\\\/lmf.no\\\/dk\\\/produkt\\\/havneguiden-9\\\/#breadcrumb\"},\"inLanguage\":\"da-DK\",\"potentialAction\":[{\"@type\":\"ReadAction\",\"target\":[\"https:\\\/\\\/lmf.no\\\/dk\\\/produkt\\\/havneguiden-9\\\/\"]}]},{\"@type\":\"ImageObject\",\"inLanguage\":\"da-DK\",\"@id\":\"https:\\\/\\\/lmf.no\\\/dk\\\/produkt\\\/havneguiden-9\\\/#primaryimage\",\"url\":\"https:\\\/\\\/lmf.no\\\/dk\\\/wp-content\\\/uploads\\\/2020\\\/06\\\/hg9.jpg\",\"contentUrl\":\"https:\\\/\\\/lmf.no\\\/dk\\\/wp-content\\\/uploads\\\/2020\\\/06\\\/hg9.jpg\",\"width\":600,\"height\":850},{\"@type\":\"BreadcrumbList\",\"@id\":\"https:\\\/\\\/lmf.no\\\/dk\\\/produkt\\\/havneguiden-9\\\/#breadcrumb\",\"itemListElement\":[{\"@type\":\"ListItem\",\"position\":1,\"name\":\"Hjem\",\"item\":\"https:\\\/\\\/lmf.no\\\/dk\\\/\"},{\"@type\":\"ListItem\",\"position\":2,\"name\":\"Butik\",\"item\":\"https:\\\/\\\/lmf.no\\\/dk\\\/butik\\\/\"},{\"@type\":\"ListItem\",\"position\":3,\"name\":\"Hamnguiden 9, V\u00e4nern och V\u00e4ttern, G\u00f6ta \u00e4lv \u2013 Dalslands kanal \u2013 G\u00f6ta kanal, 2. udgave\"}]},{\"@type\":\"WebSite\",\"@id\":\"https:\\\/\\\/lmf.no\\\/dk\\\/#website\",\"url\":\"https:\\\/\\\/lmf.no\\\/dk\\\/\",\"name\":\"Skagerrak Forlag AS\",\"description\":\"Udgivelse af l\u00e6reb\u00f8ger\",\"publisher\":{\"@id\":\"https:\\\/\\\/lmf.no\\\/dk\\\/#organization\"},\"alternateName\":\"L\u00e6remiddelforlaget - Skagerrak Forlag AS\",\"potentialAction\":[{\"@type\":\"SearchAction\",\"target\":{\"@type\":\"EntryPoint\",\"urlTemplate\":\"https:\\\/\\\/lmf.no\\\/dk\\\/?s={search_term_string}\"},\"query-input\":{\"@type\":\"PropertyValueSpecification\",\"valueRequired\":true,\"valueName\":\"search_term_string\"}}],\"inLanguage\":\"da-DK\"},{\"@type\":\"Organization\",\"@id\":\"https:\\\/\\\/lmf.no\\\/dk\\\/#organization\",\"name\":\"Skagerrak Forlag AS\",\"alternateName\":\"L\u00e6remiddelforlaget - Skagerrak Forlag\",\"url\":\"https:\\\/\\\/lmf.no\\\/dk\\\/\",\"logo\":{\"@type\":\"ImageObject\",\"inLanguage\":\"da-DK\",\"@id\":\"https:\\\/\\\/lmf.no\\\/dk\\\/#\\\/schema\\\/logo\\\/image\\\/\",\"url\":\"https:\\\/\\\/lmf.no\\\/dk\\\/wp-content\\\/uploads\\\/2024\\\/04\\\/skagerrak-forlag.png\",\"contentUrl\":\"https:\\\/\\\/lmf.no\\\/dk\\\/wp-content\\\/uploads\\\/2024\\\/04\\\/skagerrak-forlag.png\",\"width\":188,\"height\":47,\"caption\":\"Skagerrak Forlag AS\"},\"image\":{\"@id\":\"https:\\\/\\\/lmf.no\\\/dk\\\/#\\\/schema\\\/logo\\\/image\\\/\"}}]}<\/script>\n<!-- \/ Yoast SEO plugin. -->","yoast_head_json":{"title":"Hamnguiden 9, V\u00e4nern och V\u00e4ttern, G\u00f6ta \u00e4lv \u2013 Dalslands kanal \u2013 G\u00f6ta kanal, 2. udgave | Skagerrak Forlag AS - DK","description":"Denne Havneguide beskriver 255 natur- og g\u00e6stehavne i G\u00f6taelven, V\u00e4nern, Dalslands kanal, Vikingaleden, G\u00f6takanalen og V\u00e4ttern.","robots":{"index":"index","follow":"follow","max-snippet":"max-snippet:-1","max-image-preview":"max-image-preview:large","max-video-preview":"max-video-preview:-1"},"canonical":"https:\/\/lmf.no\/dk\/produkt\/havneguiden-9\/","og_locale":"da_DK","og_type":"article","og_title":"Hamnguiden 9, V\u00e4nern och V\u00e4ttern, G\u00f6ta \u00e4lv \u2013 Dalslands kanal \u2013 G\u00f6ta kanal, 2. udgave | Skagerrak Forlag AS - DK","og_description":"Denne Havneguide beskriver 255 natur- og g\u00e6stehavne i G\u00f6taelven, V\u00e4nern, Dalslands kanal, Vikingaleden, G\u00f6takanalen og V\u00e4ttern.","og_url":"https:\/\/lmf.no\/dk\/produkt\/havneguiden-9\/","og_site_name":"Skagerrak Forlag AS - DK","article_modified_time":"2024-04-30T08:23:06+00:00","og_image":[{"width":600,"height":850,"url":"https:\/\/lmf.no\/dk\/wp-content\/uploads\/2020\/06\/hg9.jpg","type":"image\/jpeg"}],"twitter_card":"summary_large_image","twitter_misc":{"Estimeret l\u00e6setid":"2 minutter"},"schema":{"@context":"https:\/\/schema.org","@graph":[{"@type":"WebPage","@id":"https:\/\/lmf.no\/dk\/produkt\/havneguiden-9\/","url":"https:\/\/lmf.no\/dk\/produkt\/havneguiden-9\/","name":"Hamnguiden 9, V\u00e4nern och V\u00e4ttern, G\u00f6ta \u00e4lv \u2013 Dalslands kanal \u2013 G\u00f6ta kanal, 2. udgave | Skagerrak Forlag AS - DK","isPartOf":{"@id":"https:\/\/lmf.no\/dk\/#website"},"primaryImageOfPage":{"@id":"https:\/\/lmf.no\/dk\/produkt\/havneguiden-9\/#primaryimage"},"image":{"@id":"https:\/\/lmf.no\/dk\/produkt\/havneguiden-9\/#primaryimage"},"thumbnailUrl":"https:\/\/lmf.no\/dk\/wp-content\/uploads\/2020\/06\/hg9.jpg","datePublished":"2020-06-01T07:40:27+00:00","dateModified":"2024-04-30T08:23:06+00:00","description":"Denne Havneguide beskriver 255 natur- og g\u00e6stehavne i G\u00f6taelven, V\u00e4nern, Dalslands kanal, Vikingaleden, G\u00f6takanalen og V\u00e4ttern.","breadcrumb":{"@id":"https:\/\/lmf.no\/dk\/produkt\/havneguiden-9\/#breadcrumb"},"inLanguage":"da-DK","potentialAction":[{"@type":"ReadAction","target":["https:\/\/lmf.no\/dk\/produkt\/havneguiden-9\/"]}]},{"@type":"ImageObject","inLanguage":"da-DK","@id":"https:\/\/lmf.no\/dk\/produkt\/havneguiden-9\/#primaryimage","url":"https:\/\/lmf.no\/dk\/wp-content\/uploads\/2020\/06\/hg9.jpg","contentUrl":"https:\/\/lmf.no\/dk\/wp-content\/uploads\/2020\/06\/hg9.jpg","width":600,"height":850},{"@type":"BreadcrumbList","@id":"https:\/\/lmf.no\/dk\/produkt\/havneguiden-9\/#breadcrumb","itemListElement":[{"@type":"ListItem","position":1,"name":"Hjem","item":"https:\/\/lmf.no\/dk\/"},{"@type":"ListItem","position":2,"name":"Butik","item":"https:\/\/lmf.no\/dk\/butik\/"},{"@type":"ListItem","position":3,"name":"Hamnguiden 9, V\u00e4nern och V\u00e4ttern, G\u00f6ta \u00e4lv \u2013 Dalslands kanal \u2013 G\u00f6ta kanal, 2. udgave"}]},{"@type":"WebSite","@id":"https:\/\/lmf.no\/dk\/#website","url":"https:\/\/lmf.no\/dk\/","name":"Skagerrak Forlag AS","description":"Udgivelse af l\u00e6reb\u00f8ger","publisher":{"@id":"https:\/\/lmf.no\/dk\/#organization"},"alternateName":"L\u00e6remiddelforlaget - Skagerrak Forlag AS","potentialAction":[{"@type":"SearchAction","target":{"@type":"EntryPoint","urlTemplate":"https:\/\/lmf.no\/dk\/?s={search_term_string}"},"query-input":{"@type":"PropertyValueSpecification","valueRequired":true,"valueName":"search_term_string"}}],"inLanguage":"da-DK"},{"@type":"Organization","@id":"https:\/\/lmf.no\/dk\/#organization","name":"Skagerrak Forlag AS","alternateName":"L\u00e6remiddelforlaget - Skagerrak Forlag","url":"https:\/\/lmf.no\/dk\/","logo":{"@type":"ImageObject","inLanguage":"da-DK","@id":"https:\/\/lmf.no\/dk\/#\/schema\/logo\/image\/","url":"https:\/\/lmf.no\/dk\/wp-content\/uploads\/2024\/04\/skagerrak-forlag.png","contentUrl":"https:\/\/lmf.no\/dk\/wp-content\/uploads\/2024\/04\/skagerrak-forlag.png","width":188,"height":47,"caption":"Skagerrak Forlag AS"},"image":{"@id":"https:\/\/lmf.no\/dk\/#\/schema\/logo\/image\/"}}]}},"_links":{"self":[{"href":"https:\/\/lmf.no\/dk\/wp-json\/wp\/v2\/product\/1808","targetHints":{"allow":["GET"]}}],"collection":[{"href":"https:\/\/lmf.no\/dk\/wp-json\/wp\/v2\/product"}],"about":[{"href":"https:\/\/lmf.no\/dk\/wp-json\/wp\/v2\/types\/product"}],"wp:featuredmedia":[{"embeddable":true,"href":"https:\/\/lmf.no\/dk\/wp-json\/wp\/v2\/media\/1809"}],"wp:attachment":[{"href":"https:\/\/lmf.no\/dk\/wp-json\/wp\/v2\/media?parent=1808"}],"wp:term":[{"taxonomy":"product_brand","embeddable":true,"href":"https:\/\/lmf.no\/dk\/wp-json\/wp\/v2\/product_brand?post=1808"},{"taxonomy":"product_cat","embeddable":true,"href":"https:\/\/lmf.no\/dk\/wp-json\/wp\/v2\/product_cat?post=1808"},{"taxonomy":"product_tag","embeddable":true,"href":"https:\/\/lmf.no\/dk\/wp-json\/wp\/v2\/product_tag?post=1808"}],"curies":[{"name":"wp","href":"https:\/\/api.w.org\/{rel}","templated":true}]}}