{"id":1810,"date":"2020-06-01T09:41:56","date_gmt":"2020-06-01T07:41:56","guid":{"rendered":"http:\/\/lmf.no\/dk\/?post_type=product&#038;p=1810"},"modified":"2024-04-30T10:22:55","modified_gmt":"2024-04-30T08:22:55","slug":"havneguiden-10","status":"publish","type":"product","link":"https:\/\/lmf.no\/dk\/produkt\/havneguiden-10\/","title":{"rendered":"Hafenguide Flensburg \u2013 Danzig (Gdansk)"},"content":{"rendered":"<p>Denne Havneguide beskriver alle ankersteder og g\u00e6stehavne\/marinaer fra Flensborg til Gdansk.<br \/>\nHver havn pr\u00e6senteres p\u00e5 sin egen side med et detaljeret kort, luftfoto, beskrivende tekst og en faktaboks. Luftfotoene og markeringerne giver dig et hurtigt overblik over forholdene i havnen, dens karakter, faciliteter og anl\u00f8bsruter, farer og fort\u00f8jningssteder. Sk\u00e6r, sten og grunde, du skal v\u00e6re s\u00e6rlig opm\u00e6rksom p\u00e5, er markeret p\u00e5 fotoene.<\/p>\n<p>Teksterne beskriver stedets historie og giver tips og ideer til forskellige aktiviteter, du kan dyrke i havnen. Du vil ogs\u00e5 finde oplysninger om beskyttede ankerpladser, hvordan du bedst fort\u00f8jer, og hvad du skal v\u00e6re s\u00e6rligt opm\u00e6rksom p\u00e5.<br \/>\nFaktaboksene giver dig et hurtigt overblik over havnenes faciliteter, nyttige internetadresser og telefonnumre.<br \/>\nHavneguiderne kan k\u00f8bes i forretninger med b\u00e5dudstyr, i boghandler eller online p\u00e5 www.hafenguide.eu.<\/p>\n<p>Tysk tekst i bogen. Overs\u00e6ttelse til valgfrit sprog kan foretages via Havneguidens Online abonnement, www.harbourguide.com.<\/p>\n","protected":false},"excerpt":{"rendered":"<p>ISBN 978-38-9225-720-2<\/p>\n<p><a href=\"https:\/\/cdn.flipsnack.com\/widget\/v2\/widget.html?hash=fdt8bjim7&amp;bgcolor=EEEEEE&amp;t=1523536626\" target=\"_blank\" rel=\"noopener noreferrer\">Kik i bogen<\/a><\/p>\n<p><a href=\"http:\/\/www.harbourguide.com\" target=\"_blank\" rel=\"noopener noreferrer\">Havneguiden Online<\/a><\/p>\n","protected":false},"featured_media":1811,"template":"","meta":[],"product_brand":[],"product_cat":[26],"product_tag":[],"class_list":{"0":"post-1810","1":"product","2":"type-product","3":"status-publish","4":"has-post-thumbnail","6":"product_cat-hamnguiden","8":"first","9":"instock","10":"shipping-taxable","11":"purchasable","12":"product-type-simple"},"yoast_head":"<!-- This site is optimized with the Yoast SEO plugin v27.4 - https:\/\/yoast.com\/product\/yoast-seo-wordpress\/ -->\n<title>Hafenguide Flensburg \u2013 Danzig (Gdansk) | Skagerrak Forlag AS - DK<\/title>\n<meta name=\"description\" content=\"Denne Havneguide beskriver alle ankersteder og g\u00e6stehavne\/marinaer fra Flensborg til Gdansk.\" \/>\n<meta name=\"robots\" content=\"index, follow, max-snippet:-1, max-image-preview:large, max-video-preview:-1\" \/>\n<link rel=\"canonical\" href=\"https:\/\/lmf.no\/dk\/produkt\/havneguiden-10\/\" \/>\n<meta property=\"og:locale\" content=\"da_DK\" \/>\n<meta property=\"og:type\" content=\"article\" \/>\n<meta property=\"og:title\" content=\"Hafenguide Flensburg \u2013 Danzig (Gdansk) | Skagerrak Forlag AS - DK\" \/>\n<meta property=\"og:description\" content=\"Denne Havneguide beskriver alle ankersteder og g\u00e6stehavne\/marinaer fra Flensborg til Gdansk.\" \/>\n<meta property=\"og:url\" content=\"https:\/\/lmf.no\/dk\/produkt\/havneguiden-10\/\" \/>\n<meta property=\"og:site_name\" content=\"Skagerrak Forlag AS - DK\" \/>\n<meta property=\"article:modified_time\" content=\"2024-04-30T08:22:55+00:00\" \/>\n<meta property=\"og:image\" content=\"https:\/\/lmf.no\/dk\/wp-content\/uploads\/2020\/06\/hg10.jpg\" \/>\n\t<meta property=\"og:image:width\" content=\"600\" \/>\n\t<meta property=\"og:image:height\" content=\"850\" \/>\n\t<meta property=\"og:image:type\" content=\"image\/jpeg\" \/>\n<meta name=\"twitter:card\" content=\"summary_large_image\" \/>\n<meta name=\"twitter:label1\" content=\"Estimeret l\u00e6setid\" \/>\n\t<meta name=\"twitter:data1\" content=\"1 minut\" \/>\n<script type=\"application\/ld+json\" class=\"yoast-schema-graph\">{\"@context\":\"https:\\\/\\\/schema.org\",\"@graph\":[{\"@type\":\"WebPage\",\"@id\":\"https:\\\/\\\/lmf.no\\\/dk\\\/produkt\\\/havneguiden-10\\\/\",\"url\":\"https:\\\/\\\/lmf.no\\\/dk\\\/produkt\\\/havneguiden-10\\\/\",\"name\":\"Hafenguide Flensburg \u2013 Danzig (Gdansk) | Skagerrak Forlag AS - DK\",\"isPartOf\":{\"@id\":\"https:\\\/\\\/lmf.no\\\/dk\\\/#website\"},\"primaryImageOfPage\":{\"@id\":\"https:\\\/\\\/lmf.no\\\/dk\\\/produkt\\\/havneguiden-10\\\/#primaryimage\"},\"image\":{\"@id\":\"https:\\\/\\\/lmf.no\\\/dk\\\/produkt\\\/havneguiden-10\\\/#primaryimage\"},\"thumbnailUrl\":\"https:\\\/\\\/lmf.no\\\/dk\\\/wp-content\\\/uploads\\\/2020\\\/06\\\/hg10.jpg\",\"datePublished\":\"2020-06-01T07:41:56+00:00\",\"dateModified\":\"2024-04-30T08:22:55+00:00\",\"description\":\"Denne Havneguide beskriver alle ankersteder og g\u00e6stehavne\\\/marinaer fra Flensborg til Gdansk.\",\"breadcrumb\":{\"@id\":\"https:\\\/\\\/lmf.no\\\/dk\\\/produkt\\\/havneguiden-10\\\/#breadcrumb\"},\"inLanguage\":\"da-DK\",\"potentialAction\":[{\"@type\":\"ReadAction\",\"target\":[\"https:\\\/\\\/lmf.no\\\/dk\\\/produkt\\\/havneguiden-10\\\/\"]}]},{\"@type\":\"ImageObject\",\"inLanguage\":\"da-DK\",\"@id\":\"https:\\\/\\\/lmf.no\\\/dk\\\/produkt\\\/havneguiden-10\\\/#primaryimage\",\"url\":\"https:\\\/\\\/lmf.no\\\/dk\\\/wp-content\\\/uploads\\\/2020\\\/06\\\/hg10.jpg\",\"contentUrl\":\"https:\\\/\\\/lmf.no\\\/dk\\\/wp-content\\\/uploads\\\/2020\\\/06\\\/hg10.jpg\",\"width\":600,\"height\":850},{\"@type\":\"BreadcrumbList\",\"@id\":\"https:\\\/\\\/lmf.no\\\/dk\\\/produkt\\\/havneguiden-10\\\/#breadcrumb\",\"itemListElement\":[{\"@type\":\"ListItem\",\"position\":1,\"name\":\"Hjem\",\"item\":\"https:\\\/\\\/lmf.no\\\/dk\\\/\"},{\"@type\":\"ListItem\",\"position\":2,\"name\":\"Butik\",\"item\":\"https:\\\/\\\/lmf.no\\\/dk\\\/butik\\\/\"},{\"@type\":\"ListItem\",\"position\":3,\"name\":\"Hafenguide Flensburg \u2013 Danzig (Gdansk)\"}]},{\"@type\":\"WebSite\",\"@id\":\"https:\\\/\\\/lmf.no\\\/dk\\\/#website\",\"url\":\"https:\\\/\\\/lmf.no\\\/dk\\\/\",\"name\":\"Skagerrak Forlag AS\",\"description\":\"Udgivelse af l\u00e6reb\u00f8ger\",\"publisher\":{\"@id\":\"https:\\\/\\\/lmf.no\\\/dk\\\/#organization\"},\"alternateName\":\"L\u00e6remiddelforlaget - Skagerrak Forlag AS\",\"potentialAction\":[{\"@type\":\"SearchAction\",\"target\":{\"@type\":\"EntryPoint\",\"urlTemplate\":\"https:\\\/\\\/lmf.no\\\/dk\\\/?s={search_term_string}\"},\"query-input\":{\"@type\":\"PropertyValueSpecification\",\"valueRequired\":true,\"valueName\":\"search_term_string\"}}],\"inLanguage\":\"da-DK\"},{\"@type\":\"Organization\",\"@id\":\"https:\\\/\\\/lmf.no\\\/dk\\\/#organization\",\"name\":\"Skagerrak Forlag AS\",\"alternateName\":\"L\u00e6remiddelforlaget - Skagerrak Forlag\",\"url\":\"https:\\\/\\\/lmf.no\\\/dk\\\/\",\"logo\":{\"@type\":\"ImageObject\",\"inLanguage\":\"da-DK\",\"@id\":\"https:\\\/\\\/lmf.no\\\/dk\\\/#\\\/schema\\\/logo\\\/image\\\/\",\"url\":\"https:\\\/\\\/lmf.no\\\/dk\\\/wp-content\\\/uploads\\\/2024\\\/04\\\/skagerrak-forlag.png\",\"contentUrl\":\"https:\\\/\\\/lmf.no\\\/dk\\\/wp-content\\\/uploads\\\/2024\\\/04\\\/skagerrak-forlag.png\",\"width\":188,\"height\":47,\"caption\":\"Skagerrak Forlag AS\"},\"image\":{\"@id\":\"https:\\\/\\\/lmf.no\\\/dk\\\/#\\\/schema\\\/logo\\\/image\\\/\"}}]}<\/script>\n<!-- \/ Yoast SEO plugin. -->","yoast_head_json":{"title":"Hafenguide Flensburg \u2013 Danzig (Gdansk) | Skagerrak Forlag AS - DK","description":"Denne Havneguide beskriver alle ankersteder og g\u00e6stehavne\/marinaer fra Flensborg til Gdansk.","robots":{"index":"index","follow":"follow","max-snippet":"max-snippet:-1","max-image-preview":"max-image-preview:large","max-video-preview":"max-video-preview:-1"},"canonical":"https:\/\/lmf.no\/dk\/produkt\/havneguiden-10\/","og_locale":"da_DK","og_type":"article","og_title":"Hafenguide Flensburg \u2013 Danzig (Gdansk) | Skagerrak Forlag AS - DK","og_description":"Denne Havneguide beskriver alle ankersteder og g\u00e6stehavne\/marinaer fra Flensborg til Gdansk.","og_url":"https:\/\/lmf.no\/dk\/produkt\/havneguiden-10\/","og_site_name":"Skagerrak Forlag AS - DK","article_modified_time":"2024-04-30T08:22:55+00:00","og_image":[{"width":600,"height":850,"url":"https:\/\/lmf.no\/dk\/wp-content\/uploads\/2020\/06\/hg10.jpg","type":"image\/jpeg"}],"twitter_card":"summary_large_image","twitter_misc":{"Estimeret l\u00e6setid":"1 minut"},"schema":{"@context":"https:\/\/schema.org","@graph":[{"@type":"WebPage","@id":"https:\/\/lmf.no\/dk\/produkt\/havneguiden-10\/","url":"https:\/\/lmf.no\/dk\/produkt\/havneguiden-10\/","name":"Hafenguide Flensburg \u2013 Danzig (Gdansk) | Skagerrak Forlag AS - DK","isPartOf":{"@id":"https:\/\/lmf.no\/dk\/#website"},"primaryImageOfPage":{"@id":"https:\/\/lmf.no\/dk\/produkt\/havneguiden-10\/#primaryimage"},"image":{"@id":"https:\/\/lmf.no\/dk\/produkt\/havneguiden-10\/#primaryimage"},"thumbnailUrl":"https:\/\/lmf.no\/dk\/wp-content\/uploads\/2020\/06\/hg10.jpg","datePublished":"2020-06-01T07:41:56+00:00","dateModified":"2024-04-30T08:22:55+00:00","description":"Denne Havneguide beskriver alle ankersteder og g\u00e6stehavne\/marinaer fra Flensborg til Gdansk.","breadcrumb":{"@id":"https:\/\/lmf.no\/dk\/produkt\/havneguiden-10\/#breadcrumb"},"inLanguage":"da-DK","potentialAction":[{"@type":"ReadAction","target":["https:\/\/lmf.no\/dk\/produkt\/havneguiden-10\/"]}]},{"@type":"ImageObject","inLanguage":"da-DK","@id":"https:\/\/lmf.no\/dk\/produkt\/havneguiden-10\/#primaryimage","url":"https:\/\/lmf.no\/dk\/wp-content\/uploads\/2020\/06\/hg10.jpg","contentUrl":"https:\/\/lmf.no\/dk\/wp-content\/uploads\/2020\/06\/hg10.jpg","width":600,"height":850},{"@type":"BreadcrumbList","@id":"https:\/\/lmf.no\/dk\/produkt\/havneguiden-10\/#breadcrumb","itemListElement":[{"@type":"ListItem","position":1,"name":"Hjem","item":"https:\/\/lmf.no\/dk\/"},{"@type":"ListItem","position":2,"name":"Butik","item":"https:\/\/lmf.no\/dk\/butik\/"},{"@type":"ListItem","position":3,"name":"Hafenguide Flensburg \u2013 Danzig (Gdansk)"}]},{"@type":"WebSite","@id":"https:\/\/lmf.no\/dk\/#website","url":"https:\/\/lmf.no\/dk\/","name":"Skagerrak Forlag AS","description":"Udgivelse af l\u00e6reb\u00f8ger","publisher":{"@id":"https:\/\/lmf.no\/dk\/#organization"},"alternateName":"L\u00e6remiddelforlaget - Skagerrak Forlag AS","potentialAction":[{"@type":"SearchAction","target":{"@type":"EntryPoint","urlTemplate":"https:\/\/lmf.no\/dk\/?s={search_term_string}"},"query-input":{"@type":"PropertyValueSpecification","valueRequired":true,"valueName":"search_term_string"}}],"inLanguage":"da-DK"},{"@type":"Organization","@id":"https:\/\/lmf.no\/dk\/#organization","name":"Skagerrak Forlag AS","alternateName":"L\u00e6remiddelforlaget - Skagerrak Forlag","url":"https:\/\/lmf.no\/dk\/","logo":{"@type":"ImageObject","inLanguage":"da-DK","@id":"https:\/\/lmf.no\/dk\/#\/schema\/logo\/image\/","url":"https:\/\/lmf.no\/dk\/wp-content\/uploads\/2024\/04\/skagerrak-forlag.png","contentUrl":"https:\/\/lmf.no\/dk\/wp-content\/uploads\/2024\/04\/skagerrak-forlag.png","width":188,"height":47,"caption":"Skagerrak Forlag AS"},"image":{"@id":"https:\/\/lmf.no\/dk\/#\/schema\/logo\/image\/"}}]}},"_links":{"self":[{"href":"https:\/\/lmf.no\/dk\/wp-json\/wp\/v2\/product\/1810","targetHints":{"allow":["GET"]}}],"collection":[{"href":"https:\/\/lmf.no\/dk\/wp-json\/wp\/v2\/product"}],"about":[{"href":"https:\/\/lmf.no\/dk\/wp-json\/wp\/v2\/types\/product"}],"wp:featuredmedia":[{"embeddable":true,"href":"https:\/\/lmf.no\/dk\/wp-json\/wp\/v2\/media\/1811"}],"wp:attachment":[{"href":"https:\/\/lmf.no\/dk\/wp-json\/wp\/v2\/media?parent=1810"}],"wp:term":[{"taxonomy":"product_brand","embeddable":true,"href":"https:\/\/lmf.no\/dk\/wp-json\/wp\/v2\/product_brand?post=1810"},{"taxonomy":"product_cat","embeddable":true,"href":"https:\/\/lmf.no\/dk\/wp-json\/wp\/v2\/product_cat?post=1810"},{"taxonomy":"product_tag","embeddable":true,"href":"https:\/\/lmf.no\/dk\/wp-json\/wp\/v2\/product_tag?post=1810"}],"curies":[{"name":"wp","href":"https:\/\/api.w.org\/{rel}","templated":true}]}}