{"id":1812,"date":"2020-06-01T09:43:27","date_gmt":"2020-06-01T07:43:27","guid":{"rendered":"http:\/\/lmf.no\/dk\/?post_type=product&#038;p=1812"},"modified":"2025-02-26T11:09:48","modified_gmt":"2025-02-26T10:09:48","slug":"harbour-guide-11-greece-1-engelsk-utgave","status":"publish","type":"product","link":"https:\/\/lmf.no\/dk\/produkt\/harbour-guide-11-greece-1-engelsk-utgave\/","title":{"rendered":"Harbour Guide 11, Greece 1, Ionian sea \u2013 Peloponnese gulf \u2013 Athens \u2013 Saronic Gulf \u2013 Albania"},"content":{"rendered":"<p>Havneguiden Gr\u00e6kenland 1 indeholder en detaljeret beskrivelse af alle ankerpladser, havne og marinaer langs den popul\u00e6re og veludbyggede gr\u00e6ske \u00f8stkyst, herunder Den Korinthiske Bugt, Peloponnes, Athen og den Saroniske bugt. Guiden d\u00e6kker ogs\u00e5 hele Albaniens kyst, et nyt og endnu ikke helt udviklet sejlomr\u00e5de. Denne Havneguide er skrevet af en af Skagerrak Forlagets mest erfarne skippere, Per Hotvedt. Per har sejlet p\u00e5 mange af verdens have og farvande, men har ogs\u00e5 tilbragt mange \u00e5r med at besejle og udforske farvandene omkring det \u00f8stlige Gr\u00e6kenland og Albanien og indsamle og organisere de oplysninger og kort, du finder i denne guide.<\/p>\n<p>Som alle guider i vores serie beskriver denne Havneguide hver enkelt havn p\u00e5 en s\u00e6rskilt side, et format, der er udviklet af Skagerrak Forlag p\u00e5 grundlag af de meget omfattende sejlerfaringer, der er samlet af de forfattere og redakt\u00f8rer, der bidrager til produktionen af vores guider, herunder ogs\u00e5 deres egne erfaringer med at bruge vores guider i praksis til s\u00f8s. Vi tror p\u00e5, at dette format giver skipperen og bes\u00e6tningen den bedste og nemmeste adgang til de oplysninger, de skal bruge for at bringe deres skib sikkert i havn.<\/p>\n<p>P\u00e5 hver side er der et stort luftfoto af havnen, der er markeret med de n\u00f8dvendige oplysninger til navigation, herunder en anl\u00f8bsrute et stort og tydeligt kort af selve havnen i en stor m\u00e5lestok, en tekst, der beskriver omr\u00e5det omkring havnen, hvor man kan spise, hvad man kan se og foretage sig, samt en beskrivelse af fort\u00f8jnings og ankerpladser sammen med en faktaboks. Alle fotos er bestilt eller taget af forlaget og er dermed unikke. Alle kort er tegnet med eneret for forlaget og indeholder dybdem\u00e5linger foretaget af forfatteren eller Skagerrak Forlag. Havnene i guiden er h\u00e5ndplukket af os selv ud fra vores kendskab og brug af omr\u00e5det.<br \/>\nEt online abonnement p\u00e5 denne guide kan ogs\u00e5 k\u00f8bes p\u00e5 <a href=\"http:\/\/www.harbourguide.com\">www.harbourguide.com<\/a> med alle andre udgivne Havneguider.<\/p>\n<p>Engelsk tekst i bogen. Overs\u00e6ttelse til valgfrit sprog kan foretages via Havneguidens Online abonnement, www.harbourguide.com<\/p>\n","protected":false},"excerpt":{"rendered":"<p>ISBN 978-82-7997-207-5<\/p>\n<p><a href=\"https:\/\/cdn.flipsnack.com\/widget\/v2\/widget.html?hash=ftk9wcjpo&amp;bgcolor=EEEEEE&amp;t=1523536945\" target=\"_blank\" rel=\"noopener noreferrer\">Kik i bogen<\/a><\/p>\n<p><a href=\"http:\/\/www.harbourguide.com\" target=\"_blank\" rel=\"noopener noreferrer\">Havneguiden Online<\/a><\/p>\n","protected":false},"featured_media":1813,"template":"","meta":[],"product_brand":[],"product_cat":[26],"product_tag":[],"class_list":{"0":"post-1812","1":"product","2":"type-product","3":"status-publish","4":"has-post-thumbnail","6":"product_cat-hamnguiden","8":"first","9":"outofstock","10":"shipping-taxable","11":"purchasable","12":"product-type-simple"},"yoast_head":"<!-- This site is optimized with the Yoast SEO plugin v27.4 - https:\/\/yoast.com\/product\/yoast-seo-wordpress\/ -->\n<title>Harbour Guide 11, Greece 1, Ionian sea \u2013 Peloponnese gulf \u2013 Athens \u2013 Saronic Gulf \u2013 Albania | Skagerrak Forlag AS - DK<\/title>\n<meta name=\"description\" content=\"Havneguiden Gr\u00e6kenland 1 indeholder en detaljeret beskrivelse af alle ankerpladser, havne og marinaer langs den popul\u00e6re og veludbyggede gr\u00e6ske \u00f8stkyst.\" \/>\n<meta name=\"robots\" content=\"index, follow, max-snippet:-1, max-image-preview:large, max-video-preview:-1\" \/>\n<link rel=\"canonical\" href=\"https:\/\/lmf.no\/dk\/produkt\/harbour-guide-11-greece-1-engelsk-utgave\/\" \/>\n<meta property=\"og:locale\" content=\"da_DK\" \/>\n<meta property=\"og:type\" content=\"article\" \/>\n<meta property=\"og:title\" content=\"Harbour Guide 11, Greece 1, Ionian sea \u2013 Peloponnese gulf \u2013 Athens \u2013 Saronic Gulf \u2013 Albania | Skagerrak Forlag AS - DK\" \/>\n<meta property=\"og:description\" content=\"Havneguiden Gr\u00e6kenland 1 indeholder en detaljeret beskrivelse af alle ankerpladser, havne og marinaer langs den popul\u00e6re og veludbyggede gr\u00e6ske \u00f8stkyst.\" \/>\n<meta property=\"og:url\" content=\"https:\/\/lmf.no\/dk\/produkt\/harbour-guide-11-greece-1-engelsk-utgave\/\" \/>\n<meta property=\"og:site_name\" content=\"Skagerrak Forlag AS - DK\" \/>\n<meta property=\"article:modified_time\" content=\"2025-02-26T10:09:48+00:00\" \/>\n<meta property=\"og:image\" content=\"https:\/\/lmf.no\/dk\/wp-content\/uploads\/2020\/06\/hg11.jpg\" \/>\n\t<meta property=\"og:image:width\" content=\"600\" \/>\n\t<meta property=\"og:image:height\" content=\"850\" \/>\n\t<meta property=\"og:image:type\" content=\"image\/jpeg\" \/>\n<meta name=\"twitter:card\" content=\"summary_large_image\" \/>\n<meta name=\"twitter:label1\" content=\"Estimeret l\u00e6setid\" \/>\n\t<meta name=\"twitter:data1\" content=\"2 minutter\" \/>\n<script type=\"application\/ld+json\" class=\"yoast-schema-graph\">{\"@context\":\"https:\\\/\\\/schema.org\",\"@graph\":[{\"@type\":\"WebPage\",\"@id\":\"https:\\\/\\\/lmf.no\\\/dk\\\/produkt\\\/harbour-guide-11-greece-1-engelsk-utgave\\\/\",\"url\":\"https:\\\/\\\/lmf.no\\\/dk\\\/produkt\\\/harbour-guide-11-greece-1-engelsk-utgave\\\/\",\"name\":\"Harbour Guide 11, Greece 1, Ionian sea \u2013 Peloponnese gulf \u2013 Athens \u2013 Saronic Gulf \u2013 Albania | Skagerrak Forlag AS - DK\",\"isPartOf\":{\"@id\":\"https:\\\/\\\/lmf.no\\\/dk\\\/#website\"},\"primaryImageOfPage\":{\"@id\":\"https:\\\/\\\/lmf.no\\\/dk\\\/produkt\\\/harbour-guide-11-greece-1-engelsk-utgave\\\/#primaryimage\"},\"image\":{\"@id\":\"https:\\\/\\\/lmf.no\\\/dk\\\/produkt\\\/harbour-guide-11-greece-1-engelsk-utgave\\\/#primaryimage\"},\"thumbnailUrl\":\"https:\\\/\\\/lmf.no\\\/dk\\\/wp-content\\\/uploads\\\/2020\\\/06\\\/hg11.jpg\",\"datePublished\":\"2020-06-01T07:43:27+00:00\",\"dateModified\":\"2025-02-26T10:09:48+00:00\",\"description\":\"Havneguiden Gr\u00e6kenland 1 indeholder en detaljeret beskrivelse af alle ankerpladser, havne og marinaer langs den popul\u00e6re og veludbyggede gr\u00e6ske \u00f8stkyst.\",\"breadcrumb\":{\"@id\":\"https:\\\/\\\/lmf.no\\\/dk\\\/produkt\\\/harbour-guide-11-greece-1-engelsk-utgave\\\/#breadcrumb\"},\"inLanguage\":\"da-DK\",\"potentialAction\":[{\"@type\":\"ReadAction\",\"target\":[\"https:\\\/\\\/lmf.no\\\/dk\\\/produkt\\\/harbour-guide-11-greece-1-engelsk-utgave\\\/\"]}]},{\"@type\":\"ImageObject\",\"inLanguage\":\"da-DK\",\"@id\":\"https:\\\/\\\/lmf.no\\\/dk\\\/produkt\\\/harbour-guide-11-greece-1-engelsk-utgave\\\/#primaryimage\",\"url\":\"https:\\\/\\\/lmf.no\\\/dk\\\/wp-content\\\/uploads\\\/2020\\\/06\\\/hg11.jpg\",\"contentUrl\":\"https:\\\/\\\/lmf.no\\\/dk\\\/wp-content\\\/uploads\\\/2020\\\/06\\\/hg11.jpg\",\"width\":600,\"height\":850},{\"@type\":\"BreadcrumbList\",\"@id\":\"https:\\\/\\\/lmf.no\\\/dk\\\/produkt\\\/harbour-guide-11-greece-1-engelsk-utgave\\\/#breadcrumb\",\"itemListElement\":[{\"@type\":\"ListItem\",\"position\":1,\"name\":\"Hjem\",\"item\":\"https:\\\/\\\/lmf.no\\\/dk\\\/\"},{\"@type\":\"ListItem\",\"position\":2,\"name\":\"Butik\",\"item\":\"https:\\\/\\\/lmf.no\\\/dk\\\/butik\\\/\"},{\"@type\":\"ListItem\",\"position\":3,\"name\":\"Harbour Guide 11, Greece 1, Ionian sea \u2013 Peloponnese gulf \u2013 Athens \u2013 Saronic Gulf \u2013 Albania\"}]},{\"@type\":\"WebSite\",\"@id\":\"https:\\\/\\\/lmf.no\\\/dk\\\/#website\",\"url\":\"https:\\\/\\\/lmf.no\\\/dk\\\/\",\"name\":\"Skagerrak Forlag AS\",\"description\":\"Udgivelse af l\u00e6reb\u00f8ger\",\"publisher\":{\"@id\":\"https:\\\/\\\/lmf.no\\\/dk\\\/#organization\"},\"alternateName\":\"L\u00e6remiddelforlaget - Skagerrak Forlag AS\",\"potentialAction\":[{\"@type\":\"SearchAction\",\"target\":{\"@type\":\"EntryPoint\",\"urlTemplate\":\"https:\\\/\\\/lmf.no\\\/dk\\\/?s={search_term_string}\"},\"query-input\":{\"@type\":\"PropertyValueSpecification\",\"valueRequired\":true,\"valueName\":\"search_term_string\"}}],\"inLanguage\":\"da-DK\"},{\"@type\":\"Organization\",\"@id\":\"https:\\\/\\\/lmf.no\\\/dk\\\/#organization\",\"name\":\"Skagerrak Forlag AS\",\"alternateName\":\"L\u00e6remiddelforlaget - Skagerrak Forlag\",\"url\":\"https:\\\/\\\/lmf.no\\\/dk\\\/\",\"logo\":{\"@type\":\"ImageObject\",\"inLanguage\":\"da-DK\",\"@id\":\"https:\\\/\\\/lmf.no\\\/dk\\\/#\\\/schema\\\/logo\\\/image\\\/\",\"url\":\"https:\\\/\\\/lmf.no\\\/dk\\\/wp-content\\\/uploads\\\/2024\\\/04\\\/skagerrak-forlag.png\",\"contentUrl\":\"https:\\\/\\\/lmf.no\\\/dk\\\/wp-content\\\/uploads\\\/2024\\\/04\\\/skagerrak-forlag.png\",\"width\":188,\"height\":47,\"caption\":\"Skagerrak Forlag AS\"},\"image\":{\"@id\":\"https:\\\/\\\/lmf.no\\\/dk\\\/#\\\/schema\\\/logo\\\/image\\\/\"}}]}<\/script>\n<!-- \/ Yoast SEO plugin. -->","yoast_head_json":{"title":"Harbour Guide 11, Greece 1, Ionian sea \u2013 Peloponnese gulf \u2013 Athens \u2013 Saronic Gulf \u2013 Albania | Skagerrak Forlag AS - DK","description":"Havneguiden Gr\u00e6kenland 1 indeholder en detaljeret beskrivelse af alle ankerpladser, havne og marinaer langs den popul\u00e6re og veludbyggede gr\u00e6ske \u00f8stkyst.","robots":{"index":"index","follow":"follow","max-snippet":"max-snippet:-1","max-image-preview":"max-image-preview:large","max-video-preview":"max-video-preview:-1"},"canonical":"https:\/\/lmf.no\/dk\/produkt\/harbour-guide-11-greece-1-engelsk-utgave\/","og_locale":"da_DK","og_type":"article","og_title":"Harbour Guide 11, Greece 1, Ionian sea \u2013 Peloponnese gulf \u2013 Athens \u2013 Saronic Gulf \u2013 Albania | Skagerrak Forlag AS - DK","og_description":"Havneguiden Gr\u00e6kenland 1 indeholder en detaljeret beskrivelse af alle ankerpladser, havne og marinaer langs den popul\u00e6re og veludbyggede gr\u00e6ske \u00f8stkyst.","og_url":"https:\/\/lmf.no\/dk\/produkt\/harbour-guide-11-greece-1-engelsk-utgave\/","og_site_name":"Skagerrak Forlag AS - DK","article_modified_time":"2025-02-26T10:09:48+00:00","og_image":[{"width":600,"height":850,"url":"https:\/\/lmf.no\/dk\/wp-content\/uploads\/2020\/06\/hg11.jpg","type":"image\/jpeg"}],"twitter_card":"summary_large_image","twitter_misc":{"Estimeret l\u00e6setid":"2 minutter"},"schema":{"@context":"https:\/\/schema.org","@graph":[{"@type":"WebPage","@id":"https:\/\/lmf.no\/dk\/produkt\/harbour-guide-11-greece-1-engelsk-utgave\/","url":"https:\/\/lmf.no\/dk\/produkt\/harbour-guide-11-greece-1-engelsk-utgave\/","name":"Harbour Guide 11, Greece 1, Ionian sea \u2013 Peloponnese gulf \u2013 Athens \u2013 Saronic Gulf \u2013 Albania | Skagerrak Forlag AS - DK","isPartOf":{"@id":"https:\/\/lmf.no\/dk\/#website"},"primaryImageOfPage":{"@id":"https:\/\/lmf.no\/dk\/produkt\/harbour-guide-11-greece-1-engelsk-utgave\/#primaryimage"},"image":{"@id":"https:\/\/lmf.no\/dk\/produkt\/harbour-guide-11-greece-1-engelsk-utgave\/#primaryimage"},"thumbnailUrl":"https:\/\/lmf.no\/dk\/wp-content\/uploads\/2020\/06\/hg11.jpg","datePublished":"2020-06-01T07:43:27+00:00","dateModified":"2025-02-26T10:09:48+00:00","description":"Havneguiden Gr\u00e6kenland 1 indeholder en detaljeret beskrivelse af alle ankerpladser, havne og marinaer langs den popul\u00e6re og veludbyggede gr\u00e6ske \u00f8stkyst.","breadcrumb":{"@id":"https:\/\/lmf.no\/dk\/produkt\/harbour-guide-11-greece-1-engelsk-utgave\/#breadcrumb"},"inLanguage":"da-DK","potentialAction":[{"@type":"ReadAction","target":["https:\/\/lmf.no\/dk\/produkt\/harbour-guide-11-greece-1-engelsk-utgave\/"]}]},{"@type":"ImageObject","inLanguage":"da-DK","@id":"https:\/\/lmf.no\/dk\/produkt\/harbour-guide-11-greece-1-engelsk-utgave\/#primaryimage","url":"https:\/\/lmf.no\/dk\/wp-content\/uploads\/2020\/06\/hg11.jpg","contentUrl":"https:\/\/lmf.no\/dk\/wp-content\/uploads\/2020\/06\/hg11.jpg","width":600,"height":850},{"@type":"BreadcrumbList","@id":"https:\/\/lmf.no\/dk\/produkt\/harbour-guide-11-greece-1-engelsk-utgave\/#breadcrumb","itemListElement":[{"@type":"ListItem","position":1,"name":"Hjem","item":"https:\/\/lmf.no\/dk\/"},{"@type":"ListItem","position":2,"name":"Butik","item":"https:\/\/lmf.no\/dk\/butik\/"},{"@type":"ListItem","position":3,"name":"Harbour Guide 11, Greece 1, Ionian sea \u2013 Peloponnese gulf \u2013 Athens \u2013 Saronic Gulf \u2013 Albania"}]},{"@type":"WebSite","@id":"https:\/\/lmf.no\/dk\/#website","url":"https:\/\/lmf.no\/dk\/","name":"Skagerrak Forlag AS","description":"Udgivelse af l\u00e6reb\u00f8ger","publisher":{"@id":"https:\/\/lmf.no\/dk\/#organization"},"alternateName":"L\u00e6remiddelforlaget - Skagerrak Forlag AS","potentialAction":[{"@type":"SearchAction","target":{"@type":"EntryPoint","urlTemplate":"https:\/\/lmf.no\/dk\/?s={search_term_string}"},"query-input":{"@type":"PropertyValueSpecification","valueRequired":true,"valueName":"search_term_string"}}],"inLanguage":"da-DK"},{"@type":"Organization","@id":"https:\/\/lmf.no\/dk\/#organization","name":"Skagerrak Forlag AS","alternateName":"L\u00e6remiddelforlaget - Skagerrak Forlag","url":"https:\/\/lmf.no\/dk\/","logo":{"@type":"ImageObject","inLanguage":"da-DK","@id":"https:\/\/lmf.no\/dk\/#\/schema\/logo\/image\/","url":"https:\/\/lmf.no\/dk\/wp-content\/uploads\/2024\/04\/skagerrak-forlag.png","contentUrl":"https:\/\/lmf.no\/dk\/wp-content\/uploads\/2024\/04\/skagerrak-forlag.png","width":188,"height":47,"caption":"Skagerrak Forlag AS"},"image":{"@id":"https:\/\/lmf.no\/dk\/#\/schema\/logo\/image\/"}}]}},"_links":{"self":[{"href":"https:\/\/lmf.no\/dk\/wp-json\/wp\/v2\/product\/1812","targetHints":{"allow":["GET"]}}],"collection":[{"href":"https:\/\/lmf.no\/dk\/wp-json\/wp\/v2\/product"}],"about":[{"href":"https:\/\/lmf.no\/dk\/wp-json\/wp\/v2\/types\/product"}],"wp:featuredmedia":[{"embeddable":true,"href":"https:\/\/lmf.no\/dk\/wp-json\/wp\/v2\/media\/1813"}],"wp:attachment":[{"href":"https:\/\/lmf.no\/dk\/wp-json\/wp\/v2\/media?parent=1812"}],"wp:term":[{"taxonomy":"product_brand","embeddable":true,"href":"https:\/\/lmf.no\/dk\/wp-json\/wp\/v2\/product_brand?post=1812"},{"taxonomy":"product_cat","embeddable":true,"href":"https:\/\/lmf.no\/dk\/wp-json\/wp\/v2\/product_cat?post=1812"},{"taxonomy":"product_tag","embeddable":true,"href":"https:\/\/lmf.no\/dk\/wp-json\/wp\/v2\/product_tag?post=1812"}],"curies":[{"name":"wp","href":"https:\/\/api.w.org\/{rel}","templated":true}]}}