{"id":1814,"date":"2020-06-01T09:45:43","date_gmt":"2020-06-01T07:45:43","guid":{"rendered":"http:\/\/lmf.no\/dk\/?post_type=product&#038;p=1814"},"modified":"2025-01-24T12:59:14","modified_gmt":"2025-01-24T11:59:14","slug":"harbour-guide-12-croatia-engelsk-utgave","status":"publish","type":"product","link":"https:\/\/lmf.no\/dk\/produkt\/harbour-guide-12-croatia-engelsk-utgave\/","title":{"rendered":"Harbour Guide 12, Croatia \u2013 Montenegro \u2013 Slovenia"},"content":{"rendered":"<p>Imray har bestilt denne engelsksprogede udgave af Skagerrak Forlags Havneguide til Slovenien, Kroatien og Montenegro, der d\u00e6kker kysterne omkring disse lande og deres \u00f8er. Det norske forlag har allerede udgivet en omfattende serie Havneguider over \u00d8sters\u00f8en med fokus p\u00e5 at give brugeren de klarest mulige oplysninger om anl\u00f8b af havne og ankerpladser. Med dette partnerskab udvides serien Adriaterhavet.<\/p>\n<p>Hver enkelt havn beskrives p\u00e5 sin egen side med specielt bestilte luftfotos med markeringer, der viser anl\u00f8bsruter og ankerpladser suppleret med tydelige kort over havnene, en faktaboks og sejladsanvisninger. Luftfotoene giver et hurtigt overblik over forholdene i havnen, dens karakter, faciliteter og sejll\u00f8b, farer og fort\u00f8jningssteder. Dybder, sk\u00e6r og grunde er tydeligt markeret. Kort i stor skala, et per havn, med dybdeangivelser, sikreste anl\u00f8bsrute og oplysninger om fort\u00f8jning.<\/p>\n<p>Hver havnebeskrivelse er opdelt i to afsnit: En generel oversigt med omr\u00e5dets historie og landskab og oplysninger om, hvad man kan se og foretage sig p\u00e5 stedet, og et afsnit om fort\u00f8jning med oplysninger om anl\u00f8b og de farer, man skal holde s\u00e6rligt \u00f8je med, samt hvor man kan l\u00e6gge sig beskyttet og med l\u00e6.<br \/>\nFaktaboksen giver et hurtigt overblik over havnens faciliteter samt nyttige websteder og kontaktoplysninger.<br \/>\nBogen er opdelt i 5 sejlomr\u00e5der, der hver is\u00e6r har et nyttigt oversigtskort med havnene markeret.<\/p>\n<p>Engelsk tekst i bogen. Overs\u00e6ttelse til valgfrit sprog kan foretages via Havneguidens Online abonnement, www.harbourguide.com<\/p>\n","protected":false},"excerpt":{"rendered":"<p>ISBN 978-18-4623-745-4<\/p>\n<p><a href=\"https:\/\/cdn.flipsnack.com\/widget\/v2\/widget.html?hash=ftnsv5sfh&amp;bgcolor=EEEEEE&amp;t=1523601302\" target=\"_blank\" rel=\"noopener noreferrer\">Kik i bogen<\/a><\/p>\n<p><a href=\"http:\/\/www.harbourguide.com\" target=\"_blank\" rel=\"noopener noreferrer\">Havneguiden Online<\/a><\/p>\n","protected":false},"featured_media":1815,"template":"","meta":[],"product_brand":[],"product_cat":[26],"product_tag":[],"class_list":{"0":"post-1814","1":"product","2":"type-product","3":"status-publish","4":"has-post-thumbnail","6":"product_cat-hamnguiden","8":"first","9":"outofstock","10":"shipping-taxable","11":"purchasable","12":"product-type-simple"},"yoast_head":"<!-- This site is optimized with the Yoast SEO plugin v27.4 - https:\/\/yoast.com\/product\/yoast-seo-wordpress\/ -->\n<title>Harbour Guide 12, Croatia \u2013 Montenegro \u2013 Slovenia | Skagerrak Forlag AS - DK<\/title>\n<meta name=\"description\" content=\"Imray har bestilt denne engelsksprogede udgave af Skagerrak Forlags Havneguide til Slovenien, Kroatien og Montenegro.\" \/>\n<meta name=\"robots\" content=\"index, follow, max-snippet:-1, max-image-preview:large, max-video-preview:-1\" \/>\n<link rel=\"canonical\" href=\"https:\/\/lmf.no\/dk\/produkt\/harbour-guide-12-croatia-engelsk-utgave\/\" \/>\n<meta property=\"og:locale\" content=\"da_DK\" \/>\n<meta property=\"og:type\" content=\"article\" \/>\n<meta property=\"og:title\" content=\"Harbour Guide 12, Croatia \u2013 Montenegro \u2013 Slovenia | Skagerrak Forlag AS - DK\" \/>\n<meta property=\"og:description\" content=\"Imray har bestilt denne engelsksprogede udgave af Skagerrak Forlags Havneguide til Slovenien, Kroatien og Montenegro.\" \/>\n<meta property=\"og:url\" content=\"https:\/\/lmf.no\/dk\/produkt\/harbour-guide-12-croatia-engelsk-utgave\/\" \/>\n<meta property=\"og:site_name\" content=\"Skagerrak Forlag AS - DK\" \/>\n<meta property=\"article:modified_time\" content=\"2025-01-24T11:59:14+00:00\" \/>\n<meta property=\"og:image\" content=\"https:\/\/lmf.no\/dk\/wp-content\/uploads\/2020\/06\/hg12.jpg\" \/>\n\t<meta property=\"og:image:width\" content=\"600\" \/>\n\t<meta property=\"og:image:height\" content=\"850\" \/>\n\t<meta property=\"og:image:type\" content=\"image\/jpeg\" \/>\n<meta name=\"twitter:card\" content=\"summary_large_image\" \/>\n<meta name=\"twitter:label1\" content=\"Estimeret l\u00e6setid\" \/>\n\t<meta name=\"twitter:data1\" content=\"2 minutter\" \/>\n<script type=\"application\/ld+json\" class=\"yoast-schema-graph\">{\"@context\":\"https:\\\/\\\/schema.org\",\"@graph\":[{\"@type\":\"WebPage\",\"@id\":\"https:\\\/\\\/lmf.no\\\/dk\\\/produkt\\\/harbour-guide-12-croatia-engelsk-utgave\\\/\",\"url\":\"https:\\\/\\\/lmf.no\\\/dk\\\/produkt\\\/harbour-guide-12-croatia-engelsk-utgave\\\/\",\"name\":\"Harbour Guide 12, Croatia \u2013 Montenegro \u2013 Slovenia | Skagerrak Forlag AS - DK\",\"isPartOf\":{\"@id\":\"https:\\\/\\\/lmf.no\\\/dk\\\/#website\"},\"primaryImageOfPage\":{\"@id\":\"https:\\\/\\\/lmf.no\\\/dk\\\/produkt\\\/harbour-guide-12-croatia-engelsk-utgave\\\/#primaryimage\"},\"image\":{\"@id\":\"https:\\\/\\\/lmf.no\\\/dk\\\/produkt\\\/harbour-guide-12-croatia-engelsk-utgave\\\/#primaryimage\"},\"thumbnailUrl\":\"https:\\\/\\\/lmf.no\\\/dk\\\/wp-content\\\/uploads\\\/2020\\\/06\\\/hg12.jpg\",\"datePublished\":\"2020-06-01T07:45:43+00:00\",\"dateModified\":\"2025-01-24T11:59:14+00:00\",\"description\":\"Imray har bestilt denne engelsksprogede udgave af Skagerrak Forlags Havneguide til Slovenien, Kroatien og Montenegro.\",\"breadcrumb\":{\"@id\":\"https:\\\/\\\/lmf.no\\\/dk\\\/produkt\\\/harbour-guide-12-croatia-engelsk-utgave\\\/#breadcrumb\"},\"inLanguage\":\"da-DK\",\"potentialAction\":[{\"@type\":\"ReadAction\",\"target\":[\"https:\\\/\\\/lmf.no\\\/dk\\\/produkt\\\/harbour-guide-12-croatia-engelsk-utgave\\\/\"]}]},{\"@type\":\"ImageObject\",\"inLanguage\":\"da-DK\",\"@id\":\"https:\\\/\\\/lmf.no\\\/dk\\\/produkt\\\/harbour-guide-12-croatia-engelsk-utgave\\\/#primaryimage\",\"url\":\"https:\\\/\\\/lmf.no\\\/dk\\\/wp-content\\\/uploads\\\/2020\\\/06\\\/hg12.jpg\",\"contentUrl\":\"https:\\\/\\\/lmf.no\\\/dk\\\/wp-content\\\/uploads\\\/2020\\\/06\\\/hg12.jpg\",\"width\":600,\"height\":850},{\"@type\":\"BreadcrumbList\",\"@id\":\"https:\\\/\\\/lmf.no\\\/dk\\\/produkt\\\/harbour-guide-12-croatia-engelsk-utgave\\\/#breadcrumb\",\"itemListElement\":[{\"@type\":\"ListItem\",\"position\":1,\"name\":\"Hjem\",\"item\":\"https:\\\/\\\/lmf.no\\\/dk\\\/\"},{\"@type\":\"ListItem\",\"position\":2,\"name\":\"Butik\",\"item\":\"https:\\\/\\\/lmf.no\\\/dk\\\/butik\\\/\"},{\"@type\":\"ListItem\",\"position\":3,\"name\":\"Harbour Guide 12, Croatia \u2013 Montenegro \u2013 Slovenia\"}]},{\"@type\":\"WebSite\",\"@id\":\"https:\\\/\\\/lmf.no\\\/dk\\\/#website\",\"url\":\"https:\\\/\\\/lmf.no\\\/dk\\\/\",\"name\":\"Skagerrak Forlag AS\",\"description\":\"Udgivelse af l\u00e6reb\u00f8ger\",\"publisher\":{\"@id\":\"https:\\\/\\\/lmf.no\\\/dk\\\/#organization\"},\"alternateName\":\"L\u00e6remiddelforlaget - Skagerrak Forlag AS\",\"potentialAction\":[{\"@type\":\"SearchAction\",\"target\":{\"@type\":\"EntryPoint\",\"urlTemplate\":\"https:\\\/\\\/lmf.no\\\/dk\\\/?s={search_term_string}\"},\"query-input\":{\"@type\":\"PropertyValueSpecification\",\"valueRequired\":true,\"valueName\":\"search_term_string\"}}],\"inLanguage\":\"da-DK\"},{\"@type\":\"Organization\",\"@id\":\"https:\\\/\\\/lmf.no\\\/dk\\\/#organization\",\"name\":\"Skagerrak Forlag AS\",\"alternateName\":\"L\u00e6remiddelforlaget - Skagerrak Forlag\",\"url\":\"https:\\\/\\\/lmf.no\\\/dk\\\/\",\"logo\":{\"@type\":\"ImageObject\",\"inLanguage\":\"da-DK\",\"@id\":\"https:\\\/\\\/lmf.no\\\/dk\\\/#\\\/schema\\\/logo\\\/image\\\/\",\"url\":\"https:\\\/\\\/lmf.no\\\/dk\\\/wp-content\\\/uploads\\\/2024\\\/04\\\/skagerrak-forlag.png\",\"contentUrl\":\"https:\\\/\\\/lmf.no\\\/dk\\\/wp-content\\\/uploads\\\/2024\\\/04\\\/skagerrak-forlag.png\",\"width\":188,\"height\":47,\"caption\":\"Skagerrak Forlag AS\"},\"image\":{\"@id\":\"https:\\\/\\\/lmf.no\\\/dk\\\/#\\\/schema\\\/logo\\\/image\\\/\"}}]}<\/script>\n<!-- \/ Yoast SEO plugin. -->","yoast_head_json":{"title":"Harbour Guide 12, Croatia \u2013 Montenegro \u2013 Slovenia | Skagerrak Forlag AS - DK","description":"Imray har bestilt denne engelsksprogede udgave af Skagerrak Forlags Havneguide til Slovenien, Kroatien og Montenegro.","robots":{"index":"index","follow":"follow","max-snippet":"max-snippet:-1","max-image-preview":"max-image-preview:large","max-video-preview":"max-video-preview:-1"},"canonical":"https:\/\/lmf.no\/dk\/produkt\/harbour-guide-12-croatia-engelsk-utgave\/","og_locale":"da_DK","og_type":"article","og_title":"Harbour Guide 12, Croatia \u2013 Montenegro \u2013 Slovenia | Skagerrak Forlag AS - DK","og_description":"Imray har bestilt denne engelsksprogede udgave af Skagerrak Forlags Havneguide til Slovenien, Kroatien og Montenegro.","og_url":"https:\/\/lmf.no\/dk\/produkt\/harbour-guide-12-croatia-engelsk-utgave\/","og_site_name":"Skagerrak Forlag AS - DK","article_modified_time":"2025-01-24T11:59:14+00:00","og_image":[{"width":600,"height":850,"url":"https:\/\/lmf.no\/dk\/wp-content\/uploads\/2020\/06\/hg12.jpg","type":"image\/jpeg"}],"twitter_card":"summary_large_image","twitter_misc":{"Estimeret l\u00e6setid":"2 minutter"},"schema":{"@context":"https:\/\/schema.org","@graph":[{"@type":"WebPage","@id":"https:\/\/lmf.no\/dk\/produkt\/harbour-guide-12-croatia-engelsk-utgave\/","url":"https:\/\/lmf.no\/dk\/produkt\/harbour-guide-12-croatia-engelsk-utgave\/","name":"Harbour Guide 12, Croatia \u2013 Montenegro \u2013 Slovenia | Skagerrak Forlag AS - DK","isPartOf":{"@id":"https:\/\/lmf.no\/dk\/#website"},"primaryImageOfPage":{"@id":"https:\/\/lmf.no\/dk\/produkt\/harbour-guide-12-croatia-engelsk-utgave\/#primaryimage"},"image":{"@id":"https:\/\/lmf.no\/dk\/produkt\/harbour-guide-12-croatia-engelsk-utgave\/#primaryimage"},"thumbnailUrl":"https:\/\/lmf.no\/dk\/wp-content\/uploads\/2020\/06\/hg12.jpg","datePublished":"2020-06-01T07:45:43+00:00","dateModified":"2025-01-24T11:59:14+00:00","description":"Imray har bestilt denne engelsksprogede udgave af Skagerrak Forlags Havneguide til Slovenien, Kroatien og Montenegro.","breadcrumb":{"@id":"https:\/\/lmf.no\/dk\/produkt\/harbour-guide-12-croatia-engelsk-utgave\/#breadcrumb"},"inLanguage":"da-DK","potentialAction":[{"@type":"ReadAction","target":["https:\/\/lmf.no\/dk\/produkt\/harbour-guide-12-croatia-engelsk-utgave\/"]}]},{"@type":"ImageObject","inLanguage":"da-DK","@id":"https:\/\/lmf.no\/dk\/produkt\/harbour-guide-12-croatia-engelsk-utgave\/#primaryimage","url":"https:\/\/lmf.no\/dk\/wp-content\/uploads\/2020\/06\/hg12.jpg","contentUrl":"https:\/\/lmf.no\/dk\/wp-content\/uploads\/2020\/06\/hg12.jpg","width":600,"height":850},{"@type":"BreadcrumbList","@id":"https:\/\/lmf.no\/dk\/produkt\/harbour-guide-12-croatia-engelsk-utgave\/#breadcrumb","itemListElement":[{"@type":"ListItem","position":1,"name":"Hjem","item":"https:\/\/lmf.no\/dk\/"},{"@type":"ListItem","position":2,"name":"Butik","item":"https:\/\/lmf.no\/dk\/butik\/"},{"@type":"ListItem","position":3,"name":"Harbour Guide 12, Croatia \u2013 Montenegro \u2013 Slovenia"}]},{"@type":"WebSite","@id":"https:\/\/lmf.no\/dk\/#website","url":"https:\/\/lmf.no\/dk\/","name":"Skagerrak Forlag AS","description":"Udgivelse af l\u00e6reb\u00f8ger","publisher":{"@id":"https:\/\/lmf.no\/dk\/#organization"},"alternateName":"L\u00e6remiddelforlaget - Skagerrak Forlag AS","potentialAction":[{"@type":"SearchAction","target":{"@type":"EntryPoint","urlTemplate":"https:\/\/lmf.no\/dk\/?s={search_term_string}"},"query-input":{"@type":"PropertyValueSpecification","valueRequired":true,"valueName":"search_term_string"}}],"inLanguage":"da-DK"},{"@type":"Organization","@id":"https:\/\/lmf.no\/dk\/#organization","name":"Skagerrak Forlag AS","alternateName":"L\u00e6remiddelforlaget - Skagerrak Forlag","url":"https:\/\/lmf.no\/dk\/","logo":{"@type":"ImageObject","inLanguage":"da-DK","@id":"https:\/\/lmf.no\/dk\/#\/schema\/logo\/image\/","url":"https:\/\/lmf.no\/dk\/wp-content\/uploads\/2024\/04\/skagerrak-forlag.png","contentUrl":"https:\/\/lmf.no\/dk\/wp-content\/uploads\/2024\/04\/skagerrak-forlag.png","width":188,"height":47,"caption":"Skagerrak Forlag AS"},"image":{"@id":"https:\/\/lmf.no\/dk\/#\/schema\/logo\/image\/"}}]}},"_links":{"self":[{"href":"https:\/\/lmf.no\/dk\/wp-json\/wp\/v2\/product\/1814","targetHints":{"allow":["GET"]}}],"collection":[{"href":"https:\/\/lmf.no\/dk\/wp-json\/wp\/v2\/product"}],"about":[{"href":"https:\/\/lmf.no\/dk\/wp-json\/wp\/v2\/types\/product"}],"wp:featuredmedia":[{"embeddable":true,"href":"https:\/\/lmf.no\/dk\/wp-json\/wp\/v2\/media\/1815"}],"wp:attachment":[{"href":"https:\/\/lmf.no\/dk\/wp-json\/wp\/v2\/media?parent=1814"}],"wp:term":[{"taxonomy":"product_brand","embeddable":true,"href":"https:\/\/lmf.no\/dk\/wp-json\/wp\/v2\/product_brand?post=1814"},{"taxonomy":"product_cat","embeddable":true,"href":"https:\/\/lmf.no\/dk\/wp-json\/wp\/v2\/product_cat?post=1814"},{"taxonomy":"product_tag","embeddable":true,"href":"https:\/\/lmf.no\/dk\/wp-json\/wp\/v2\/product_tag?post=1814"}],"curies":[{"name":"wp","href":"https:\/\/api.w.org\/{rel}","templated":true}]}}