{"id":1808,"date":"2020-06-01T09:40:27","date_gmt":"2020-06-01T07:40:27","guid":{"rendered":"http:\/\/lmf.no\/en\/?post_type=product&#038;p=1808"},"modified":"2024-04-30T10:19:35","modified_gmt":"2024-04-30T08:19:35","slug":"havneguiden-9","status":"publish","type":"product","link":"https:\/\/lmf.no\/en\/produkt\/havneguiden-9\/","title":{"rendered":"Hamnguiden 9, V\u00e4nern och V\u00e4ttern, G\u00f6ta \u00e4lv \u2013 Dalslands kanal \u2013 G\u00f6ta kanal, 2nd edition"},"content":{"rendered":"<p>Harbour Guide 9 covers 255 natural and manmade harbours along the inland route across southern Sweden starting from the river G\u00f6ta, continuing to Lake V\u00e4nern, passing along the Dalsland Canal, the Vikingaleden inland waterway and the G\u00f6ta Canal and ending in Lake V\u00e4ttern. Well-known and less well-known natural harbours are described, and fairway tips are given. Manmade harbours are also described in detail, including their facilities and mooring options, every harbour entry including a detailed Harbour Guide chart, a helicopter photograph, text and a fact box.<\/p>\n<p>The charts in the 2nd edition of Harbour Guide 8, which was published in 2016, were something completely new at that time for sea charts. They were well received and this type of chart has also been used in Harbour Guide 7 and now in this new edition of Harbour Guide 9. All the Harbour Guide charts are produced by Hydrographica and are based on Hydrographica\u2019s tried and tested 3D aerial photograph surveying technique. Every Harbour Guide chart has been checked and verified by on-site surveys.<\/p>\n<p>Harbour Guide charts also use the very latest terrain laser scanning technology. Contours are very accurate, the equidistance being 2.5 metres. Shadow effects also allow the terrain to be given a 3D-feeling. This helps the user quickly gain an impression of a harbour, where the best shelter is and, for example, whether islands are flat and give any shelter.<\/p>\n<p>Helicopter pictures and markings give users a quick impression of each harbour, its atmosphere, facilities, approaches, hazards and mooring options. Rocks and shallows are also marked on the pictures.<\/p>\n<p>The text is split into a general and maritime section. The general section describes the history, natural environment and activities the harbour can offer. The maritime section provides information on where it is sheltered and safe to moor, the safest way of mooring and things you should be aware of.<\/p>\n<p>Book text in Swedish. The text can be translated into a wide range of languages via a Harbour Guide Online subscription at www.harbourguide.com<\/p>\n","protected":false},"excerpt":{"rendered":"<p>ISBN 978-82-7997-221-1<\/p>\n<p><a href=\"https:\/\/www.flipsnack.com\/skagerrak\/hg9-pageflip\/full-view.html\" target=\"_blank\" rel=\"noopener noreferrer\">Kik i bogen<\/a><\/p>\n<p><a href=\"https:\/\/www.harbourguide.com\" target=\"_blank\" rel=\"noopener noreferrer\">Havneguiden Online<\/a><\/p>\n","protected":false},"featured_media":1809,"template":"","meta":[],"product_brand":[],"product_cat":[26],"product_tag":[],"class_list":{"0":"post-1808","1":"product","2":"type-product","3":"status-publish","4":"has-post-thumbnail","6":"product_cat-hamnguiden","8":"first","9":"instock","10":"shipping-taxable","11":"purchasable","12":"product-type-simple"},"yoast_head":"<!-- This site is optimized with the Yoast SEO plugin v27.4 - https:\/\/yoast.com\/product\/yoast-seo-wordpress\/ -->\n<title>Hamnguiden 9, V\u00e4nern och V\u00e4ttern, G\u00f6ta \u00e4lv \u2013 Dalslands kanal \u2013 G\u00f6ta kanal, 2nd edition | Skagerrak Forlag AS - EN<\/title>\n<meta name=\"description\" content=\"Harbour Guide 9 covers 255 natural and manmade harbours along the inland route across southern Sweden.\" \/>\n<meta name=\"robots\" content=\"index, follow, max-snippet:-1, max-image-preview:large, max-video-preview:-1\" \/>\n<link rel=\"canonical\" href=\"https:\/\/lmf.no\/en\/produkt\/havneguiden-9\/\" \/>\n<meta property=\"og:locale\" content=\"en_US\" \/>\n<meta property=\"og:type\" content=\"article\" \/>\n<meta property=\"og:title\" content=\"Hamnguiden 9, V\u00e4nern och V\u00e4ttern, G\u00f6ta \u00e4lv \u2013 Dalslands kanal \u2013 G\u00f6ta kanal, 2nd edition | Skagerrak Forlag AS - EN\" \/>\n<meta property=\"og:description\" content=\"Harbour Guide 9 covers 255 natural and manmade harbours along the inland route across southern Sweden.\" \/>\n<meta property=\"og:url\" content=\"https:\/\/lmf.no\/en\/produkt\/havneguiden-9\/\" \/>\n<meta property=\"og:site_name\" content=\"Skagerrak Forlag AS - EN\" \/>\n<meta property=\"article:modified_time\" content=\"2024-04-30T08:19:35+00:00\" \/>\n<meta property=\"og:image\" content=\"https:\/\/lmf.no\/en\/wp-content\/uploads\/2020\/06\/hg9.jpg\" \/>\n\t<meta property=\"og:image:width\" content=\"600\" \/>\n\t<meta property=\"og:image:height\" content=\"850\" \/>\n\t<meta property=\"og:image:type\" content=\"image\/jpeg\" \/>\n<meta name=\"twitter:card\" content=\"summary_large_image\" \/>\n<meta name=\"twitter:label1\" content=\"Est. reading time\" \/>\n\t<meta name=\"twitter:data1\" content=\"2 minutes\" \/>\n<script type=\"application\/ld+json\" class=\"yoast-schema-graph\">{\"@context\":\"https:\\\/\\\/schema.org\",\"@graph\":[{\"@type\":\"WebPage\",\"@id\":\"https:\\\/\\\/lmf.no\\\/en\\\/produkt\\\/havneguiden-9\\\/\",\"url\":\"https:\\\/\\\/lmf.no\\\/en\\\/produkt\\\/havneguiden-9\\\/\",\"name\":\"Hamnguiden 9, V\u00e4nern och V\u00e4ttern, G\u00f6ta \u00e4lv \u2013 Dalslands kanal \u2013 G\u00f6ta kanal, 2nd edition | Skagerrak Forlag AS - EN\",\"isPartOf\":{\"@id\":\"https:\\\/\\\/lmf.no\\\/en\\\/#website\"},\"primaryImageOfPage\":{\"@id\":\"https:\\\/\\\/lmf.no\\\/en\\\/produkt\\\/havneguiden-9\\\/#primaryimage\"},\"image\":{\"@id\":\"https:\\\/\\\/lmf.no\\\/en\\\/produkt\\\/havneguiden-9\\\/#primaryimage\"},\"thumbnailUrl\":\"https:\\\/\\\/lmf.no\\\/en\\\/wp-content\\\/uploads\\\/2020\\\/06\\\/hg9.jpg\",\"datePublished\":\"2020-06-01T07:40:27+00:00\",\"dateModified\":\"2024-04-30T08:19:35+00:00\",\"description\":\"Harbour Guide 9 covers 255 natural and manmade harbours along the inland route across southern Sweden.\",\"breadcrumb\":{\"@id\":\"https:\\\/\\\/lmf.no\\\/en\\\/produkt\\\/havneguiden-9\\\/#breadcrumb\"},\"inLanguage\":\"en-US\",\"potentialAction\":[{\"@type\":\"ReadAction\",\"target\":[\"https:\\\/\\\/lmf.no\\\/en\\\/produkt\\\/havneguiden-9\\\/\"]}]},{\"@type\":\"ImageObject\",\"inLanguage\":\"en-US\",\"@id\":\"https:\\\/\\\/lmf.no\\\/en\\\/produkt\\\/havneguiden-9\\\/#primaryimage\",\"url\":\"https:\\\/\\\/lmf.no\\\/en\\\/wp-content\\\/uploads\\\/2020\\\/06\\\/hg9.jpg\",\"contentUrl\":\"https:\\\/\\\/lmf.no\\\/en\\\/wp-content\\\/uploads\\\/2020\\\/06\\\/hg9.jpg\",\"width\":600,\"height\":850},{\"@type\":\"BreadcrumbList\",\"@id\":\"https:\\\/\\\/lmf.no\\\/en\\\/produkt\\\/havneguiden-9\\\/#breadcrumb\",\"itemListElement\":[{\"@type\":\"ListItem\",\"position\":1,\"name\":\"Hjem\",\"item\":\"https:\\\/\\\/lmf.no\\\/en\\\/\"},{\"@type\":\"ListItem\",\"position\":2,\"name\":\"Products\",\"item\":\"https:\\\/\\\/lmf.no\\\/en\\\/products\\\/\"},{\"@type\":\"ListItem\",\"position\":3,\"name\":\"Hamnguiden 9, V\u00e4nern och V\u00e4ttern, G\u00f6ta \u00e4lv \u2013 Dalslands kanal \u2013 G\u00f6ta kanal, 2nd edition\"}]},{\"@type\":\"WebSite\",\"@id\":\"https:\\\/\\\/lmf.no\\\/en\\\/#website\",\"url\":\"https:\\\/\\\/lmf.no\\\/en\\\/\",\"name\":\"Skagerrak Forlag AS\",\"description\":\"Publicering av l\u00e4rob\u00f6cker\",\"publisher\":{\"@id\":\"https:\\\/\\\/lmf.no\\\/en\\\/#organization\"},\"alternateName\":\"L\u00e6remiddelforlaget - Skagerrak Forlag AS\",\"potentialAction\":[{\"@type\":\"SearchAction\",\"target\":{\"@type\":\"EntryPoint\",\"urlTemplate\":\"https:\\\/\\\/lmf.no\\\/en\\\/?s={search_term_string}\"},\"query-input\":{\"@type\":\"PropertyValueSpecification\",\"valueRequired\":true,\"valueName\":\"search_term_string\"}}],\"inLanguage\":\"en-US\"},{\"@type\":\"Organization\",\"@id\":\"https:\\\/\\\/lmf.no\\\/en\\\/#organization\",\"name\":\"Skagerrak Forlag AS\",\"alternateName\":\"L\u00e6remiddelforlaget - Skagerrak Forlag\",\"url\":\"https:\\\/\\\/lmf.no\\\/en\\\/\",\"logo\":{\"@type\":\"ImageObject\",\"inLanguage\":\"en-US\",\"@id\":\"https:\\\/\\\/lmf.no\\\/en\\\/#\\\/schema\\\/logo\\\/image\\\/\",\"url\":\"https:\\\/\\\/lmf.no\\\/en\\\/wp-content\\\/uploads\\\/2024\\\/04\\\/skagerrak-forlag.png\",\"contentUrl\":\"https:\\\/\\\/lmf.no\\\/en\\\/wp-content\\\/uploads\\\/2024\\\/04\\\/skagerrak-forlag.png\",\"width\":188,\"height\":47,\"caption\":\"Skagerrak Forlag AS\"},\"image\":{\"@id\":\"https:\\\/\\\/lmf.no\\\/en\\\/#\\\/schema\\\/logo\\\/image\\\/\"}}]}<\/script>\n<!-- \/ Yoast SEO plugin. -->","yoast_head_json":{"title":"Hamnguiden 9, V\u00e4nern och V\u00e4ttern, G\u00f6ta \u00e4lv \u2013 Dalslands kanal \u2013 G\u00f6ta kanal, 2nd edition | Skagerrak Forlag AS - EN","description":"Harbour Guide 9 covers 255 natural and manmade harbours along the inland route across southern Sweden.","robots":{"index":"index","follow":"follow","max-snippet":"max-snippet:-1","max-image-preview":"max-image-preview:large","max-video-preview":"max-video-preview:-1"},"canonical":"https:\/\/lmf.no\/en\/produkt\/havneguiden-9\/","og_locale":"en_US","og_type":"article","og_title":"Hamnguiden 9, V\u00e4nern och V\u00e4ttern, G\u00f6ta \u00e4lv \u2013 Dalslands kanal \u2013 G\u00f6ta kanal, 2nd edition | Skagerrak Forlag AS - EN","og_description":"Harbour Guide 9 covers 255 natural and manmade harbours along the inland route across southern Sweden.","og_url":"https:\/\/lmf.no\/en\/produkt\/havneguiden-9\/","og_site_name":"Skagerrak Forlag AS - EN","article_modified_time":"2024-04-30T08:19:35+00:00","og_image":[{"width":600,"height":850,"url":"https:\/\/lmf.no\/en\/wp-content\/uploads\/2020\/06\/hg9.jpg","type":"image\/jpeg"}],"twitter_card":"summary_large_image","twitter_misc":{"Est. reading time":"2 minutes"},"schema":{"@context":"https:\/\/schema.org","@graph":[{"@type":"WebPage","@id":"https:\/\/lmf.no\/en\/produkt\/havneguiden-9\/","url":"https:\/\/lmf.no\/en\/produkt\/havneguiden-9\/","name":"Hamnguiden 9, V\u00e4nern och V\u00e4ttern, G\u00f6ta \u00e4lv \u2013 Dalslands kanal \u2013 G\u00f6ta kanal, 2nd edition | Skagerrak Forlag AS - EN","isPartOf":{"@id":"https:\/\/lmf.no\/en\/#website"},"primaryImageOfPage":{"@id":"https:\/\/lmf.no\/en\/produkt\/havneguiden-9\/#primaryimage"},"image":{"@id":"https:\/\/lmf.no\/en\/produkt\/havneguiden-9\/#primaryimage"},"thumbnailUrl":"https:\/\/lmf.no\/en\/wp-content\/uploads\/2020\/06\/hg9.jpg","datePublished":"2020-06-01T07:40:27+00:00","dateModified":"2024-04-30T08:19:35+00:00","description":"Harbour Guide 9 covers 255 natural and manmade harbours along the inland route across southern Sweden.","breadcrumb":{"@id":"https:\/\/lmf.no\/en\/produkt\/havneguiden-9\/#breadcrumb"},"inLanguage":"en-US","potentialAction":[{"@type":"ReadAction","target":["https:\/\/lmf.no\/en\/produkt\/havneguiden-9\/"]}]},{"@type":"ImageObject","inLanguage":"en-US","@id":"https:\/\/lmf.no\/en\/produkt\/havneguiden-9\/#primaryimage","url":"https:\/\/lmf.no\/en\/wp-content\/uploads\/2020\/06\/hg9.jpg","contentUrl":"https:\/\/lmf.no\/en\/wp-content\/uploads\/2020\/06\/hg9.jpg","width":600,"height":850},{"@type":"BreadcrumbList","@id":"https:\/\/lmf.no\/en\/produkt\/havneguiden-9\/#breadcrumb","itemListElement":[{"@type":"ListItem","position":1,"name":"Hjem","item":"https:\/\/lmf.no\/en\/"},{"@type":"ListItem","position":2,"name":"Products","item":"https:\/\/lmf.no\/en\/products\/"},{"@type":"ListItem","position":3,"name":"Hamnguiden 9, V\u00e4nern och V\u00e4ttern, G\u00f6ta \u00e4lv \u2013 Dalslands kanal \u2013 G\u00f6ta kanal, 2nd edition"}]},{"@type":"WebSite","@id":"https:\/\/lmf.no\/en\/#website","url":"https:\/\/lmf.no\/en\/","name":"Skagerrak Forlag AS","description":"Publicering av l\u00e4rob\u00f6cker","publisher":{"@id":"https:\/\/lmf.no\/en\/#organization"},"alternateName":"L\u00e6remiddelforlaget - Skagerrak Forlag AS","potentialAction":[{"@type":"SearchAction","target":{"@type":"EntryPoint","urlTemplate":"https:\/\/lmf.no\/en\/?s={search_term_string}"},"query-input":{"@type":"PropertyValueSpecification","valueRequired":true,"valueName":"search_term_string"}}],"inLanguage":"en-US"},{"@type":"Organization","@id":"https:\/\/lmf.no\/en\/#organization","name":"Skagerrak Forlag AS","alternateName":"L\u00e6remiddelforlaget - Skagerrak Forlag","url":"https:\/\/lmf.no\/en\/","logo":{"@type":"ImageObject","inLanguage":"en-US","@id":"https:\/\/lmf.no\/en\/#\/schema\/logo\/image\/","url":"https:\/\/lmf.no\/en\/wp-content\/uploads\/2024\/04\/skagerrak-forlag.png","contentUrl":"https:\/\/lmf.no\/en\/wp-content\/uploads\/2024\/04\/skagerrak-forlag.png","width":188,"height":47,"caption":"Skagerrak Forlag AS"},"image":{"@id":"https:\/\/lmf.no\/en\/#\/schema\/logo\/image\/"}}]}},"_links":{"self":[{"href":"https:\/\/lmf.no\/en\/wp-json\/wp\/v2\/product\/1808","targetHints":{"allow":["GET"]}}],"collection":[{"href":"https:\/\/lmf.no\/en\/wp-json\/wp\/v2\/product"}],"about":[{"href":"https:\/\/lmf.no\/en\/wp-json\/wp\/v2\/types\/product"}],"wp:featuredmedia":[{"embeddable":true,"href":"https:\/\/lmf.no\/en\/wp-json\/wp\/v2\/media\/1809"}],"wp:attachment":[{"href":"https:\/\/lmf.no\/en\/wp-json\/wp\/v2\/media?parent=1808"}],"wp:term":[{"taxonomy":"product_brand","embeddable":true,"href":"https:\/\/lmf.no\/en\/wp-json\/wp\/v2\/product_brand?post=1808"},{"taxonomy":"product_cat","embeddable":true,"href":"https:\/\/lmf.no\/en\/wp-json\/wp\/v2\/product_cat?post=1808"},{"taxonomy":"product_tag","embeddable":true,"href":"https:\/\/lmf.no\/en\/wp-json\/wp\/v2\/product_tag?post=1808"}],"curies":[{"name":"wp","href":"https:\/\/api.w.org\/{rel}","templated":true}]}}