{"id":3617,"date":"2023-07-12T09:53:56","date_gmt":"2023-07-12T07:53:56","guid":{"rendered":"https:\/\/lmf.no\/laeremiddelforlaget\/?page_id=3617"},"modified":"2023-08-09T10:12:28","modified_gmt":"2023-08-09T08:12:28","slug":"mester-og-byggfag","status":"publish","type":"page","link":"https:\/\/lmf.no\/laeremiddelforlaget\/mester-og-byggfag\/","title":{"rendered":"Mester \/ Byggfag"},"content":{"rendered":"<div class=\"wpb-content-wrapper\"><p>[vc_row][vc_column width=&raquo;1\/4&#8243;]<div class=\"woocommerce columns-1\">\n<div class=\"products_wrapper mfn-woo-products isotope_wrapper default-woo-loop lm_wrapper\">\n\t<ul class=\"products mfn-product-badges-left\">\n<li class=\"product-category product first\">\n\t<a aria-label=\"Bes\u00f8k produktkategori Bedriftsledelse\" href=\"https:\/\/lmf.no\/laeremiddelforlaget\/produktkategori\/mester-byggfag\/bedriftsledelse\/\"><img loading=\"lazy\" decoding=\"async\" src=\"https:\/\/lmf.no\/laeremiddelforlaget\/wp-content\/uploads\/2017\/04\/Bedriftsledelse_2020_forside_low.jpg\" alt=\"Bedriftsledelse\" width=\"800\" height=\"800\" srcset=\"https:\/\/lmf.no\/laeremiddelforlaget\/wp-content\/uploads\/2017\/04\/Bedriftsledelse_2020_forside_low.jpg 300w, https:\/\/lmf.no\/laeremiddelforlaget\/wp-content\/uploads\/2017\/04\/Bedriftsledelse_2020_forside_low-247x300.jpg 247w, https:\/\/lmf.no\/laeremiddelforlaget\/wp-content\/uploads\/2017\/04\/Bedriftsledelse_2020_forside_low-120x146.jpg 120w, https:\/\/lmf.no\/laeremiddelforlaget\/wp-content\/uploads\/2017\/04\/Bedriftsledelse_2020_forside_low-41x50.jpg 41w, https:\/\/lmf.no\/laeremiddelforlaget\/wp-content\/uploads\/2017\/04\/Bedriftsledelse_2020_forside_low-62x75.jpg 62w\" sizes=\"auto, (max-width:767px) 300px, 300px\" \/>\t\t<h2 class=\"woocommerce-loop-category__title\">\n\t\t\tBedriftsledelse <mark class=\"count\">(2)<\/mark>\t\t<\/h2>\n\t\t<\/a><\/li>\n\n\t<\/ul>\n<\/div><\/div>[\/vc_column][vc_column width=&raquo;1\/4&#8243;]<div class=\"photo_box \"><div class=\"image_frame\"><div class=\"image_wrapper\"><a href=\"\/laeremiddelforlaget\/bestilling-av-laeremidler-i-faglig-ledelse\/\"  title=\"\"><div class=\"mask\"><\/div><img loading=\"lazy\" decoding=\"async\" class=\"scale-with-grid\" src=\"https:\/\/lmf.no\/laeremiddelforlaget\/wp-content\/uploads\/2023\/08\/Forside-til-hjemmesiden-2022-1.jpg\" alt=\"Forside til hjemmesiden 2022\" width=\"300\" height=\"365\"\/><\/a><\/div><\/div><div class=\"desc\">Faglig ledelse<\/div><\/div>\n[\/vc_column][vc_column width=&raquo;1\/4&#8243;]<div class=\"woocommerce columns-1\">\n<div class=\"products_wrapper mfn-woo-products isotope_wrapper default-woo-loop lm_wrapper\">\n\t<ul class=\"products mfn-product-badges-left\">\n<li class=\"product-category product first\">\n\t<a aria-label=\"Bes\u00f8k produktkategori B\u00f8ker - NEAK\" href=\"https:\/\/lmf.no\/laeremiddelforlaget\/produktkategori\/mester-byggfag\/boker-neak\/\"><img loading=\"lazy\" decoding=\"async\" src=\"https:\/\/lmf.no\/laeremiddelforlaget\/wp-content\/uploads\/2023\/08\/Boker_NEAK.jpg\" alt=\"B\u00f8ker - NEAK\" width=\"800\" height=\"800\" srcset=\"https:\/\/lmf.no\/laeremiddelforlaget\/wp-content\/uploads\/2023\/08\/Boker_NEAK.jpg 470w, https:\/\/lmf.no\/laeremiddelforlaget\/wp-content\/uploads\/2023\/08\/Boker_NEAK-239x300.jpg 239w, https:\/\/lmf.no\/laeremiddelforlaget\/wp-content\/uploads\/2023\/08\/Boker_NEAK-60x75.jpg 60w\" sizes=\"auto, (max-width:767px) 470px, 470px\" \/>\t\t<h2 class=\"woocommerce-loop-category__title\">\n\t\t\tB\u00f8ker - NEAK <mark class=\"count\">(5)<\/mark>\t\t<\/h2>\n\t\t<\/a><\/li>\n\n\t<\/ul>\n<\/div><\/div>[\/vc_column][vc_column width=&raquo;1\/4&#8243;][\/vc_column][\/vc_row][vc_row][vc_column width=&raquo;1\/4&#8243;]<div class=\"woocommerce columns-1\">\n<div class=\"products_wrapper mfn-woo-products isotope_wrapper default-woo-loop lm_wrapper\">\n\t<ul class=\"products mfn-product-badges-left\">\n<li class=\"product-category product first\">\n\t<a aria-label=\"Bes\u00f8k produktkategori Kvalitetsmanual for byggfag\" href=\"https:\/\/lmf.no\/laeremiddelforlaget\/produktkategori\/mester-byggfag\/kvalitetsmanual-for-byggfag\/\"><img loading=\"lazy\" decoding=\"async\" src=\"https:\/\/lmf.no\/laeremiddelforlaget\/wp-content\/uploads\/2017\/04\/Valdal-tegning-RGB_1.jpg\" alt=\"Kvalitetsmanual for byggfag\" width=\"800\" height=\"800\" srcset=\"https:\/\/lmf.no\/laeremiddelforlaget\/wp-content\/uploads\/2017\/04\/Valdal-tegning-RGB_1.jpg 200w, https:\/\/lmf.no\/laeremiddelforlaget\/wp-content\/uploads\/2017\/04\/Valdal-tegning-RGB_1-109x146.jpg 109w, https:\/\/lmf.no\/laeremiddelforlaget\/wp-content\/uploads\/2017\/04\/Valdal-tegning-RGB_1-37x50.jpg 37w, https:\/\/lmf.no\/laeremiddelforlaget\/wp-content\/uploads\/2017\/04\/Valdal-tegning-RGB_1-56x75.jpg 56w\" sizes=\"auto, (max-width:767px) 200px, 200px\" \/>\t\t<h2 class=\"woocommerce-loop-category__title\">\n\t\t\tKvalitetsmanual for byggfag <mark class=\"count\">(1)<\/mark>\t\t<\/h2>\n\t\t<\/a><\/li>\n\n\t<\/ul>\n<\/div><\/div>[\/vc_column][vc_column width=&raquo;1\/4&#8243;]<div class=\"woocommerce columns-1\">\n<div class=\"products_wrapper mfn-woo-products isotope_wrapper default-woo-loop lm_wrapper\">\n\t<ul class=\"products mfn-product-badges-left\">\n<li class=\"product-category product first\">\n\t<a aria-label=\"Bes\u00f8k produktkategori Litteratur fra Boligprodusentene\" href=\"https:\/\/lmf.no\/laeremiddelforlaget\/produktkategori\/mester-byggfag\/litteratur-fra-boligprodusentene\/\"><img loading=\"lazy\" decoding=\"async\" src=\"https:\/\/lmf.no\/laeremiddelforlaget\/wp-content\/uploads\/2023\/08\/Boligprodusentene.jpg\" alt=\"Litteratur fra Boligprodusentene\" width=\"800\" height=\"800\" srcset=\"https:\/\/lmf.no\/laeremiddelforlaget\/wp-content\/uploads\/2023\/08\/Boligprodusentene.jpg 370w, https:\/\/lmf.no\/laeremiddelforlaget\/wp-content\/uploads\/2023\/08\/Boligprodusentene-236x300.jpg 236w, https:\/\/lmf.no\/laeremiddelforlaget\/wp-content\/uploads\/2023\/08\/Boligprodusentene-59x75.jpg 59w\" sizes=\"auto, (max-width:767px) 370px, 370px\" \/>\t\t<h2 class=\"woocommerce-loop-category__title\">\n\t\t\tLitteratur fra Boligprodusentene <mark class=\"count\">(4)<\/mark>\t\t<\/h2>\n\t\t<\/a><\/li>\n\n\t<\/ul>\n<\/div><\/div>[\/vc_column][vc_column width=&raquo;1\/4&#8243;][\/vc_column][vc_column width=&raquo;1\/4&#8243;][\/vc_column][\/vc_row]<\/p>\n<\/div>","protected":false},"excerpt":{"rendered":"<p><span class=\"excerpt-hellip\"> [\u2026]<\/span><\/p>\n","protected":false},"author":1,"featured_media":0,"parent":0,"menu_order":0,"comment_status":"closed","ping_status":"closed","template":"","meta":{"rs_blank_template":"","rs_page_bg_color":"","slide_template_v7":"","footnotes":""},"class_list":["post-3617","page","type-page","status-publish","hentry"],"yoast_head":"<!-- This site is optimized with the Yoast SEO plugin v27.4 - https:\/\/yoast.com\/product\/yoast-seo-wordpress\/ -->\n<title>Mester \/ Byggfag - L\u00e6remiddelforlaget - Skagerrak Forlag AS<\/title>\n<meta name=\"robots\" content=\"index, follow, max-snippet:-1, max-image-preview:large, max-video-preview:-1\" \/>\n<link rel=\"canonical\" href=\"https:\/\/lmf.no\/laeremiddelforlaget\/mester-og-byggfag\/\" \/>\n<meta property=\"og:locale\" content=\"nb_NO\" \/>\n<meta property=\"og:type\" content=\"article\" \/>\n<meta property=\"og:title\" content=\"Mester \/ Byggfag - L\u00e6remiddelforlaget - Skagerrak Forlag AS\" \/>\n<meta property=\"og:description\" content=\"[\u2026]\" \/>\n<meta property=\"og:url\" content=\"https:\/\/lmf.no\/laeremiddelforlaget\/mester-og-byggfag\/\" \/>\n<meta property=\"og:site_name\" content=\"L\u00e6remiddelforlaget - Skagerrak Forlag AS\" \/>\n<meta property=\"article:modified_time\" content=\"2023-08-09T08:12:28+00:00\" \/>\n<meta name=\"twitter:card\" content=\"summary_large_image\" \/>\n<meta name=\"twitter:label1\" content=\"Ansl. lesetid\" \/>\n\t<meta name=\"twitter:data1\" content=\"1 minutt\" \/>\n<script type=\"application\/ld+json\" class=\"yoast-schema-graph\">{\"@context\":\"https:\\\/\\\/schema.org\",\"@graph\":[{\"@type\":\"WebPage\",\"@id\":\"https:\\\/\\\/lmf.no\\\/laeremiddelforlaget\\\/mester-og-byggfag\\\/\",\"url\":\"https:\\\/\\\/lmf.no\\\/laeremiddelforlaget\\\/mester-og-byggfag\\\/\",\"name\":\"Mester \\\/ Byggfag - L\u00e6remiddelforlaget - Skagerrak Forlag AS\",\"isPartOf\":{\"@id\":\"https:\\\/\\\/lmf.no\\\/laeremiddelforlaget\\\/#website\"},\"datePublished\":\"2023-07-12T07:53:56+00:00\",\"dateModified\":\"2023-08-09T08:12:28+00:00\",\"breadcrumb\":{\"@id\":\"https:\\\/\\\/lmf.no\\\/laeremiddelforlaget\\\/mester-og-byggfag\\\/#breadcrumb\"},\"inLanguage\":\"nb-NO\",\"potentialAction\":[{\"@type\":\"ReadAction\",\"target\":[\"https:\\\/\\\/lmf.no\\\/laeremiddelforlaget\\\/mester-og-byggfag\\\/\"]}]},{\"@type\":\"BreadcrumbList\",\"@id\":\"https:\\\/\\\/lmf.no\\\/laeremiddelforlaget\\\/mester-og-byggfag\\\/#breadcrumb\",\"itemListElement\":[{\"@type\":\"ListItem\",\"position\":1,\"name\":\"Hjem\",\"item\":\"https:\\\/\\\/lmf.no\\\/laeremiddelforlaget\\\/\"},{\"@type\":\"ListItem\",\"position\":2,\"name\":\"Mester \\\/ Byggfag\"}]},{\"@type\":\"WebSite\",\"@id\":\"https:\\\/\\\/lmf.no\\\/laeremiddelforlaget\\\/#website\",\"url\":\"https:\\\/\\\/lmf.no\\\/laeremiddelforlaget\\\/\",\"name\":\"L\u00e6remiddelforlaget - Skagerrak Forlag AS\",\"description\":\"Utgivelse av l\u00e6reb\u00f8ker\",\"potentialAction\":[{\"@type\":\"SearchAction\",\"target\":{\"@type\":\"EntryPoint\",\"urlTemplate\":\"https:\\\/\\\/lmf.no\\\/laeremiddelforlaget\\\/?s={search_term_string}\"},\"query-input\":{\"@type\":\"PropertyValueSpecification\",\"valueRequired\":true,\"valueName\":\"search_term_string\"}}],\"inLanguage\":\"nb-NO\"}]}<\/script>\n<!-- \/ Yoast SEO plugin. -->","yoast_head_json":{"title":"Mester \/ Byggfag - L\u00e6remiddelforlaget - Skagerrak Forlag AS","robots":{"index":"index","follow":"follow","max-snippet":"max-snippet:-1","max-image-preview":"max-image-preview:large","max-video-preview":"max-video-preview:-1"},"canonical":"https:\/\/lmf.no\/laeremiddelforlaget\/mester-og-byggfag\/","og_locale":"nb_NO","og_type":"article","og_title":"Mester \/ Byggfag - L\u00e6remiddelforlaget - Skagerrak Forlag AS","og_description":"[\u2026]","og_url":"https:\/\/lmf.no\/laeremiddelforlaget\/mester-og-byggfag\/","og_site_name":"L\u00e6remiddelforlaget - Skagerrak Forlag AS","article_modified_time":"2023-08-09T08:12:28+00:00","twitter_card":"summary_large_image","twitter_misc":{"Ansl. lesetid":"1 minutt"},"schema":{"@context":"https:\/\/schema.org","@graph":[{"@type":"WebPage","@id":"https:\/\/lmf.no\/laeremiddelforlaget\/mester-og-byggfag\/","url":"https:\/\/lmf.no\/laeremiddelforlaget\/mester-og-byggfag\/","name":"Mester \/ Byggfag - L\u00e6remiddelforlaget - Skagerrak Forlag AS","isPartOf":{"@id":"https:\/\/lmf.no\/laeremiddelforlaget\/#website"},"datePublished":"2023-07-12T07:53:56+00:00","dateModified":"2023-08-09T08:12:28+00:00","breadcrumb":{"@id":"https:\/\/lmf.no\/laeremiddelforlaget\/mester-og-byggfag\/#breadcrumb"},"inLanguage":"nb-NO","potentialAction":[{"@type":"ReadAction","target":["https:\/\/lmf.no\/laeremiddelforlaget\/mester-og-byggfag\/"]}]},{"@type":"BreadcrumbList","@id":"https:\/\/lmf.no\/laeremiddelforlaget\/mester-og-byggfag\/#breadcrumb","itemListElement":[{"@type":"ListItem","position":1,"name":"Hjem","item":"https:\/\/lmf.no\/laeremiddelforlaget\/"},{"@type":"ListItem","position":2,"name":"Mester \/ Byggfag"}]},{"@type":"WebSite","@id":"https:\/\/lmf.no\/laeremiddelforlaget\/#website","url":"https:\/\/lmf.no\/laeremiddelforlaget\/","name":"L\u00e6remiddelforlaget - Skagerrak Forlag AS","description":"Utgivelse av l\u00e6reb\u00f8ker","potentialAction":[{"@type":"SearchAction","target":{"@type":"EntryPoint","urlTemplate":"https:\/\/lmf.no\/laeremiddelforlaget\/?s={search_term_string}"},"query-input":{"@type":"PropertyValueSpecification","valueRequired":true,"valueName":"search_term_string"}}],"inLanguage":"nb-NO"}]}},"_links":{"self":[{"href":"https:\/\/lmf.no\/laeremiddelforlaget\/wp-json\/wp\/v2\/pages\/3617","targetHints":{"allow":["GET"]}}],"collection":[{"href":"https:\/\/lmf.no\/laeremiddelforlaget\/wp-json\/wp\/v2\/pages"}],"about":[{"href":"https:\/\/lmf.no\/laeremiddelforlaget\/wp-json\/wp\/v2\/types\/page"}],"author":[{"embeddable":true,"href":"https:\/\/lmf.no\/laeremiddelforlaget\/wp-json\/wp\/v2\/users\/1"}],"replies":[{"embeddable":true,"href":"https:\/\/lmf.no\/laeremiddelforlaget\/wp-json\/wp\/v2\/comments?post=3617"}],"version-history":[{"count":10,"href":"https:\/\/lmf.no\/laeremiddelforlaget\/wp-json\/wp\/v2\/pages\/3617\/revisions"}],"predecessor-version":[{"id":3645,"href":"https:\/\/lmf.no\/laeremiddelforlaget\/wp-json\/wp\/v2\/pages\/3617\/revisions\/3645"}],"wp:attachment":[{"href":"https:\/\/lmf.no\/laeremiddelforlaget\/wp-json\/wp\/v2\/media?parent=3617"}],"curies":[{"name":"wp","href":"https:\/\/api.w.org\/{rel}","templated":true}]}}