{"id":248,"date":"2017-04-12T09:40:01","date_gmt":"2017-04-12T07:40:01","guid":{"rendered":"http:\/\/laeremiddelforlaget.utkast.org\/laeremiddelforlaget\/?post_type=product&#038;p=248"},"modified":"2021-11-23T14:36:07","modified_gmt":"2021-11-23T13:36:07","slug":"kroppsovning-et-progressivt-og-detaljert-undervisningsopplegg-for-barnetrinnet","status":"publish","type":"product","link":"https:\/\/lmf.no\/laeremiddelforlaget\/butikk\/barneskole\/kroppsoving\/kroppsovning-et-progressivt-og-detaljert-undervisningsopplegg-for-barnetrinnet\/","title":{"rendered":"Kropps\u00f8ving &#8211; \u00f8velsesbank og undervisningsopplegg for hele barnetrinnet"},"content":{"rendered":"<p>Forfatter: Markus Aasland, Oda Eline Aasland og Erlend Ellefsen Vinje<br \/>\nISBN: 9788279972334<\/p>\n<p>Denne boka egner seg meget godt for alle l\u00e6rere. Den rutinerte kropps\u00f8vingsl\u00e6reren som vil skape struktur og f\u00e5 nye ideer har truffet blink. Men boka passer like godt for l\u00e6rere som vanligvis ikke underviser i faget, men som vil skaffe seg et detaljert arbeidsredskap for undervisningstimer i faget.<\/p>\n<p>Boka kan brukes som en \u00f8velsesbank da det er mengder med ulike aktiviteter i heftet. Eventuelle aktivitetsforslag som er nye for l\u00e6reren vil da kunne settes inn p\u00e5 kontoen \u2013 og legge til rette for fortsatt variert og god undervisning. Boka kan imidlertid ogs\u00e5 benyttes som en \u00e5rsplan for alle p\u00e5 barnetrinnet.<\/p>\n<p>I boka presenterer forfatterne et forslag til \u00e5rsplan for alle de syv f\u00f8rste trinnene, og beskriver forslag til aktiviteter og innhold i alle timene.<\/p>\n<p>I den innledende delen av boka besvares noen sentrale sp\u00f8rsm\u00e5l knyttet til hvordan faget b\u00f8r forst\u00e5s etter innf\u00f8ringen av ny l\u00e6replan. I den avsluttende delen dr\u00f8ftes sentrale sp\u00f8rsm\u00e5l kropps\u00f8vingsl\u00e6reren b\u00f8r stille seg n\u00e5r hun eller han lager en \u00e5rsplan i faget.<\/p>\n<p>&nbsp;<\/p>\n<p>Klikk p\u00e5 lenken under for \u00e5 se noen sider fra boka.<\/p>\n<p><a href=\"https:\/\/www.flipsnack.com\/skagerrak\/kropps-ving-barnetrinnet\/full-view.html\" target=\"_blank\" rel=\"noopener\">Bla i boka<\/a><\/p>\n","protected":false},"excerpt":{"rendered":"<p><span class=\"excerpt-hellip\"> [\u2026]<\/span><\/p>\n","protected":false},"featured_media":2873,"comment_status":"open","ping_status":"closed","template":"","meta":{"rs_blank_template":"","rs_page_bg_color":"","slide_template_v7":""},"product_brand":[],"product_cat":[29],"product_tag":[],"class_list":{"0":"post-248","1":"product","2":"type-product","3":"status-publish","4":"has-post-thumbnail","6":"product_cat-kroppsoving","8":"first","9":"instock","10":"taxable","11":"shipping-taxable","12":"purchasable","13":"product-type-simple"},"yoast_head":"<!-- This site is optimized with the Yoast SEO plugin v27.4 - https:\/\/yoast.com\/product\/yoast-seo-wordpress\/ -->\n<title>Kropps\u00f8ving - \u00f8velsesbank og undervisningsopplegg for hele barnetrinnet - L\u00e6remiddelforlaget - Skagerrak Forlag AS<\/title>\n<meta name=\"robots\" content=\"index, follow, max-snippet:-1, max-image-preview:large, max-video-preview:-1\" \/>\n<link rel=\"canonical\" href=\"https:\/\/lmf.no\/laeremiddelforlaget\/butikk\/barneskole\/kroppsoving\/kroppsovning-et-progressivt-og-detaljert-undervisningsopplegg-for-barnetrinnet\/\" \/>\n<meta property=\"og:locale\" content=\"nb_NO\" \/>\n<meta property=\"og:type\" content=\"article\" \/>\n<meta property=\"og:title\" content=\"Kropps\u00f8ving - \u00f8velsesbank og undervisningsopplegg for hele barnetrinnet - L\u00e6remiddelforlaget - Skagerrak Forlag AS\" \/>\n<meta property=\"og:description\" content=\"[\u2026]\" \/>\n<meta property=\"og:url\" content=\"https:\/\/lmf.no\/laeremiddelforlaget\/butikk\/barneskole\/kroppsoving\/kroppsovning-et-progressivt-og-detaljert-undervisningsopplegg-for-barnetrinnet\/\" \/>\n<meta property=\"og:site_name\" content=\"L\u00e6remiddelforlaget - Skagerrak Forlag AS\" \/>\n<meta property=\"article:modified_time\" content=\"2021-11-23T13:36:07+00:00\" \/>\n<meta property=\"og:image\" content=\"https:\/\/lmf.no\/laeremiddelforlaget\/wp-content\/uploads\/2017\/04\/Forside_kroppsoving_barnetrinn_2021_lite.jpg\" \/>\n\t<meta property=\"og:image:width\" content=\"192\" \/>\n\t<meta property=\"og:image:height\" content=\"270\" \/>\n\t<meta property=\"og:image:type\" content=\"image\/jpeg\" \/>\n<meta name=\"twitter:card\" content=\"summary_large_image\" \/>\n<meta name=\"twitter:label1\" content=\"Ansl. lesetid\" \/>\n\t<meta name=\"twitter:data1\" content=\"1 minutt\" \/>\n<script type=\"application\/ld+json\" class=\"yoast-schema-graph\">{\"@context\":\"https:\\\/\\\/schema.org\",\"@graph\":[{\"@type\":\"WebPage\",\"@id\":\"https:\\\/\\\/lmf.no\\\/laeremiddelforlaget\\\/butikk\\\/barneskole\\\/kroppsoving\\\/kroppsovning-et-progressivt-og-detaljert-undervisningsopplegg-for-barnetrinnet\\\/\",\"url\":\"https:\\\/\\\/lmf.no\\\/laeremiddelforlaget\\\/butikk\\\/barneskole\\\/kroppsoving\\\/kroppsovning-et-progressivt-og-detaljert-undervisningsopplegg-for-barnetrinnet\\\/\",\"name\":\"Kropps\u00f8ving - \u00f8velsesbank og undervisningsopplegg for hele barnetrinnet - L\u00e6remiddelforlaget - Skagerrak Forlag AS\",\"isPartOf\":{\"@id\":\"https:\\\/\\\/lmf.no\\\/laeremiddelforlaget\\\/#website\"},\"primaryImageOfPage\":{\"@id\":\"https:\\\/\\\/lmf.no\\\/laeremiddelforlaget\\\/butikk\\\/barneskole\\\/kroppsoving\\\/kroppsovning-et-progressivt-og-detaljert-undervisningsopplegg-for-barnetrinnet\\\/#primaryimage\"},\"image\":{\"@id\":\"https:\\\/\\\/lmf.no\\\/laeremiddelforlaget\\\/butikk\\\/barneskole\\\/kroppsoving\\\/kroppsovning-et-progressivt-og-detaljert-undervisningsopplegg-for-barnetrinnet\\\/#primaryimage\"},\"thumbnailUrl\":\"https:\\\/\\\/lmf.no\\\/laeremiddelforlaget\\\/wp-content\\\/uploads\\\/2017\\\/04\\\/Forside_kroppsoving_barnetrinn_2021_lite.jpg\",\"datePublished\":\"2017-04-12T07:40:01+00:00\",\"dateModified\":\"2021-11-23T13:36:07+00:00\",\"breadcrumb\":{\"@id\":\"https:\\\/\\\/lmf.no\\\/laeremiddelforlaget\\\/butikk\\\/barneskole\\\/kroppsoving\\\/kroppsovning-et-progressivt-og-detaljert-undervisningsopplegg-for-barnetrinnet\\\/#breadcrumb\"},\"inLanguage\":\"nb-NO\",\"potentialAction\":[{\"@type\":\"ReadAction\",\"target\":[\"https:\\\/\\\/lmf.no\\\/laeremiddelforlaget\\\/butikk\\\/barneskole\\\/kroppsoving\\\/kroppsovning-et-progressivt-og-detaljert-undervisningsopplegg-for-barnetrinnet\\\/\"]}]},{\"@type\":\"ImageObject\",\"inLanguage\":\"nb-NO\",\"@id\":\"https:\\\/\\\/lmf.no\\\/laeremiddelforlaget\\\/butikk\\\/barneskole\\\/kroppsoving\\\/kroppsovning-et-progressivt-og-detaljert-undervisningsopplegg-for-barnetrinnet\\\/#primaryimage\",\"url\":\"https:\\\/\\\/lmf.no\\\/laeremiddelforlaget\\\/wp-content\\\/uploads\\\/2017\\\/04\\\/Forside_kroppsoving_barnetrinn_2021_lite.jpg\",\"contentUrl\":\"https:\\\/\\\/lmf.no\\\/laeremiddelforlaget\\\/wp-content\\\/uploads\\\/2017\\\/04\\\/Forside_kroppsoving_barnetrinn_2021_lite.jpg\",\"width\":192,\"height\":270},{\"@type\":\"BreadcrumbList\",\"@id\":\"https:\\\/\\\/lmf.no\\\/laeremiddelforlaget\\\/butikk\\\/barneskole\\\/kroppsoving\\\/kroppsovning-et-progressivt-og-detaljert-undervisningsopplegg-for-barnetrinnet\\\/#breadcrumb\",\"itemListElement\":[{\"@type\":\"ListItem\",\"position\":1,\"name\":\"Hjem\",\"item\":\"https:\\\/\\\/lmf.no\\\/laeremiddelforlaget\\\/\"},{\"@type\":\"ListItem\",\"position\":2,\"name\":\"Butikk\",\"item\":\"https:\\\/\\\/lmf.no\\\/laeremiddelforlaget\\\/butikk\\\/\"},{\"@type\":\"ListItem\",\"position\":3,\"name\":\"Kropps\u00f8ving &#8211; \u00f8velsesbank og undervisningsopplegg for hele barnetrinnet\"}]},{\"@type\":\"WebSite\",\"@id\":\"https:\\\/\\\/lmf.no\\\/laeremiddelforlaget\\\/#website\",\"url\":\"https:\\\/\\\/lmf.no\\\/laeremiddelforlaget\\\/\",\"name\":\"L\u00e6remiddelforlaget - Skagerrak Forlag AS\",\"description\":\"Utgivelse av l\u00e6reb\u00f8ker\",\"potentialAction\":[{\"@type\":\"SearchAction\",\"target\":{\"@type\":\"EntryPoint\",\"urlTemplate\":\"https:\\\/\\\/lmf.no\\\/laeremiddelforlaget\\\/?s={search_term_string}\"},\"query-input\":{\"@type\":\"PropertyValueSpecification\",\"valueRequired\":true,\"valueName\":\"search_term_string\"}}],\"inLanguage\":\"nb-NO\"}]}<\/script>\n<!-- \/ Yoast SEO plugin. -->","yoast_head_json":{"title":"Kropps\u00f8ving - \u00f8velsesbank og undervisningsopplegg for hele barnetrinnet - L\u00e6remiddelforlaget - Skagerrak Forlag AS","robots":{"index":"index","follow":"follow","max-snippet":"max-snippet:-1","max-image-preview":"max-image-preview:large","max-video-preview":"max-video-preview:-1"},"canonical":"https:\/\/lmf.no\/laeremiddelforlaget\/butikk\/barneskole\/kroppsoving\/kroppsovning-et-progressivt-og-detaljert-undervisningsopplegg-for-barnetrinnet\/","og_locale":"nb_NO","og_type":"article","og_title":"Kropps\u00f8ving - \u00f8velsesbank og undervisningsopplegg for hele barnetrinnet - L\u00e6remiddelforlaget - Skagerrak Forlag AS","og_description":"[\u2026]","og_url":"https:\/\/lmf.no\/laeremiddelforlaget\/butikk\/barneskole\/kroppsoving\/kroppsovning-et-progressivt-og-detaljert-undervisningsopplegg-for-barnetrinnet\/","og_site_name":"L\u00e6remiddelforlaget - Skagerrak Forlag AS","article_modified_time":"2021-11-23T13:36:07+00:00","og_image":[{"width":192,"height":270,"url":"https:\/\/lmf.no\/laeremiddelforlaget\/wp-content\/uploads\/2017\/04\/Forside_kroppsoving_barnetrinn_2021_lite.jpg","type":"image\/jpeg"}],"twitter_card":"summary_large_image","twitter_misc":{"Ansl. lesetid":"1 minutt"},"schema":{"@context":"https:\/\/schema.org","@graph":[{"@type":"WebPage","@id":"https:\/\/lmf.no\/laeremiddelforlaget\/butikk\/barneskole\/kroppsoving\/kroppsovning-et-progressivt-og-detaljert-undervisningsopplegg-for-barnetrinnet\/","url":"https:\/\/lmf.no\/laeremiddelforlaget\/butikk\/barneskole\/kroppsoving\/kroppsovning-et-progressivt-og-detaljert-undervisningsopplegg-for-barnetrinnet\/","name":"Kropps\u00f8ving - \u00f8velsesbank og undervisningsopplegg for hele barnetrinnet - L\u00e6remiddelforlaget - Skagerrak Forlag AS","isPartOf":{"@id":"https:\/\/lmf.no\/laeremiddelforlaget\/#website"},"primaryImageOfPage":{"@id":"https:\/\/lmf.no\/laeremiddelforlaget\/butikk\/barneskole\/kroppsoving\/kroppsovning-et-progressivt-og-detaljert-undervisningsopplegg-for-barnetrinnet\/#primaryimage"},"image":{"@id":"https:\/\/lmf.no\/laeremiddelforlaget\/butikk\/barneskole\/kroppsoving\/kroppsovning-et-progressivt-og-detaljert-undervisningsopplegg-for-barnetrinnet\/#primaryimage"},"thumbnailUrl":"https:\/\/lmf.no\/laeremiddelforlaget\/wp-content\/uploads\/2017\/04\/Forside_kroppsoving_barnetrinn_2021_lite.jpg","datePublished":"2017-04-12T07:40:01+00:00","dateModified":"2021-11-23T13:36:07+00:00","breadcrumb":{"@id":"https:\/\/lmf.no\/laeremiddelforlaget\/butikk\/barneskole\/kroppsoving\/kroppsovning-et-progressivt-og-detaljert-undervisningsopplegg-for-barnetrinnet\/#breadcrumb"},"inLanguage":"nb-NO","potentialAction":[{"@type":"ReadAction","target":["https:\/\/lmf.no\/laeremiddelforlaget\/butikk\/barneskole\/kroppsoving\/kroppsovning-et-progressivt-og-detaljert-undervisningsopplegg-for-barnetrinnet\/"]}]},{"@type":"ImageObject","inLanguage":"nb-NO","@id":"https:\/\/lmf.no\/laeremiddelforlaget\/butikk\/barneskole\/kroppsoving\/kroppsovning-et-progressivt-og-detaljert-undervisningsopplegg-for-barnetrinnet\/#primaryimage","url":"https:\/\/lmf.no\/laeremiddelforlaget\/wp-content\/uploads\/2017\/04\/Forside_kroppsoving_barnetrinn_2021_lite.jpg","contentUrl":"https:\/\/lmf.no\/laeremiddelforlaget\/wp-content\/uploads\/2017\/04\/Forside_kroppsoving_barnetrinn_2021_lite.jpg","width":192,"height":270},{"@type":"BreadcrumbList","@id":"https:\/\/lmf.no\/laeremiddelforlaget\/butikk\/barneskole\/kroppsoving\/kroppsovning-et-progressivt-og-detaljert-undervisningsopplegg-for-barnetrinnet\/#breadcrumb","itemListElement":[{"@type":"ListItem","position":1,"name":"Hjem","item":"https:\/\/lmf.no\/laeremiddelforlaget\/"},{"@type":"ListItem","position":2,"name":"Butikk","item":"https:\/\/lmf.no\/laeremiddelforlaget\/butikk\/"},{"@type":"ListItem","position":3,"name":"Kropps\u00f8ving &#8211; \u00f8velsesbank og undervisningsopplegg for hele barnetrinnet"}]},{"@type":"WebSite","@id":"https:\/\/lmf.no\/laeremiddelforlaget\/#website","url":"https:\/\/lmf.no\/laeremiddelforlaget\/","name":"L\u00e6remiddelforlaget - Skagerrak Forlag AS","description":"Utgivelse av l\u00e6reb\u00f8ker","potentialAction":[{"@type":"SearchAction","target":{"@type":"EntryPoint","urlTemplate":"https:\/\/lmf.no\/laeremiddelforlaget\/?s={search_term_string}"},"query-input":{"@type":"PropertyValueSpecification","valueRequired":true,"valueName":"search_term_string"}}],"inLanguage":"nb-NO"}]}},"_links":{"self":[{"href":"https:\/\/lmf.no\/laeremiddelforlaget\/wp-json\/wp\/v2\/product\/248","targetHints":{"allow":["GET"]}}],"collection":[{"href":"https:\/\/lmf.no\/laeremiddelforlaget\/wp-json\/wp\/v2\/product"}],"about":[{"href":"https:\/\/lmf.no\/laeremiddelforlaget\/wp-json\/wp\/v2\/types\/product"}],"replies":[{"embeddable":true,"href":"https:\/\/lmf.no\/laeremiddelforlaget\/wp-json\/wp\/v2\/comments?post=248"}],"wp:featuredmedia":[{"embeddable":true,"href":"https:\/\/lmf.no\/laeremiddelforlaget\/wp-json\/wp\/v2\/media\/2873"}],"wp:attachment":[{"href":"https:\/\/lmf.no\/laeremiddelforlaget\/wp-json\/wp\/v2\/media?parent=248"}],"wp:term":[{"taxonomy":"product_brand","embeddable":true,"href":"https:\/\/lmf.no\/laeremiddelforlaget\/wp-json\/wp\/v2\/product_brand?post=248"},{"taxonomy":"product_cat","embeddable":true,"href":"https:\/\/lmf.no\/laeremiddelforlaget\/wp-json\/wp\/v2\/product_cat?post=248"},{"taxonomy":"product_tag","embeddable":true,"href":"https:\/\/lmf.no\/laeremiddelforlaget\/wp-json\/wp\/v2\/product_tag?post=248"}],"curies":[{"name":"wp","href":"https:\/\/api.w.org\/{rel}","templated":true}]}}