{"id":300,"date":"2017-04-12T10:19:39","date_gmt":"2017-04-12T08:19:39","guid":{"rendered":"http:\/\/laeremiddelforlaget.utkast.org\/laeremiddelforlaget\/?post_type=product&#038;p=300"},"modified":"2024-02-06T14:07:16","modified_gmt":"2024-02-06T13:07:16","slug":"kroppsovning-et-progressivt-og-detaljert-undervisningsopplegg-for-ungdomstrinnet","status":"publish","type":"product","link":"https:\/\/lmf.no\/laeremiddelforlaget\/butikk\/ungdomsskole\/kroppsoving-ungdomsskole\/kroppsovning-et-progressivt-og-detaljert-undervisningsopplegg-for-ungdomstrinnet\/","title":{"rendered":"Kropps\u00f8ving &#8211; \u00f8velsesbank og undervisningsopplegg for hele ungdomstrinnet"},"content":{"rendered":"<p>Forfatter: Karl Petter Fon, Markus Aasland, Oda Eline Aasland og Erlend Ellefsen Vinje<br \/>\nISBN: 9788279972341<\/p>\n<p>Denne boka er helt ny innholdsmessig, men strukturen i den f\u00f8rste delen bygger p\u00e5 den tidligere bestselgeren som Vinje skrev allerede 2004 \u2013 og som har blitt revidert flere ganger.<\/p>\n<p>Den f\u00f8rste delen, som er skrevet av Markus og Oda Eline Aasland, gir en \u00f8velsesbank og et forslag til en tradisjonell undervisningsplanlegging i kropps\u00f8ving gjennom de tre trinnene p\u00e5 ungdomsskolen. Den andre, og mest omfattende delen av boka, er skrevet av Fon. Denne gir <em>som f\u00f8rste bok i Norge<\/em> en praktisk innf\u00f8ring i modellbasert praksis i kropps\u00f8ving gjennom mengder av aktivitetsforslag \u2013 og tre konkrete \u00e5rsplanforslag. Modellbasert praksis har i nyere norsk forskning blitt fremhevet som et mulig svar p\u00e5 fagfornyelsen og kravet om et mindre idrettsrettet fag. I denne boka blir det tydelig gjennomg\u00e5tt hva modellbasert praksis er \u2013 og gjennom mengder av aktivitetsforslag og overbyggende tekst blir det forklart hvorfor dette kan v\u00e6re svaret du som kropps\u00f8vingsl\u00e6rer kanskje leter etter.<\/p>\n<p>Denne boka gir dermed \u2013 dobbelt opp \u2013 en fullstendig og detaljert oppl\u00e6ringsplan for kropps\u00f8vingsfaget gjennom hele ungdomstrinnet \u2013 og er skreddersydd etter ny l\u00e6replan i kropps\u00f8ving og overordnet del av l\u00e6replanen.<\/p>\n<p>Klikk p\u00e5 lenken under for \u00e5 se noen sider fra boka.<\/p>\n<p><a href=\"https:\/\/www.flipsnack.com\/skagerrak\/kropps-ving-ungdomstrinnet\/full-view.html\" target=\"_blank\" rel=\"noopener\">Bla i boka<\/a><\/p>\n","protected":false},"excerpt":{"rendered":"<p><span class=\"excerpt-hellip\"> [\u2026]<\/span><\/p>\n","protected":false},"featured_media":2875,"comment_status":"open","ping_status":"closed","template":"","meta":{"rs_blank_template":"","rs_page_bg_color":"","slide_template_v7":""},"product_brand":[],"product_cat":[34],"product_tag":[],"class_list":{"0":"post-300","1":"product","2":"type-product","3":"status-publish","4":"has-post-thumbnail","6":"product_cat-kroppsoving-ungdomsskole","8":"first","9":"instock","10":"taxable","11":"shipping-taxable","12":"purchasable","13":"product-type-simple"},"yoast_head":"<!-- This site is optimized with the Yoast SEO plugin v27.4 - https:\/\/yoast.com\/product\/yoast-seo-wordpress\/ -->\n<title>Kropps\u00f8ving - \u00f8velsesbank og undervisningsopplegg for hele ungdomstrinnet - L\u00e6remiddelforlaget - Skagerrak Forlag AS<\/title>\n<meta name=\"robots\" content=\"index, follow, max-snippet:-1, max-image-preview:large, max-video-preview:-1\" \/>\n<link rel=\"canonical\" href=\"https:\/\/lmf.no\/laeremiddelforlaget\/butikk\/ungdomsskole\/kroppsoving-ungdomsskole\/kroppsovning-et-progressivt-og-detaljert-undervisningsopplegg-for-ungdomstrinnet\/\" \/>\n<meta property=\"og:locale\" content=\"nb_NO\" \/>\n<meta property=\"og:type\" content=\"article\" \/>\n<meta property=\"og:title\" content=\"Kropps\u00f8ving - \u00f8velsesbank og undervisningsopplegg for hele ungdomstrinnet - L\u00e6remiddelforlaget - Skagerrak Forlag AS\" \/>\n<meta property=\"og:description\" content=\"[\u2026]\" \/>\n<meta property=\"og:url\" content=\"https:\/\/lmf.no\/laeremiddelforlaget\/butikk\/ungdomsskole\/kroppsoving-ungdomsskole\/kroppsovning-et-progressivt-og-detaljert-undervisningsopplegg-for-ungdomstrinnet\/\" \/>\n<meta property=\"og:site_name\" content=\"L\u00e6remiddelforlaget - Skagerrak Forlag AS\" \/>\n<meta property=\"article:modified_time\" content=\"2024-02-06T13:07:16+00:00\" \/>\n<meta property=\"og:image\" content=\"https:\/\/lmf.no\/laeremiddelforlaget\/wp-content\/uploads\/2017\/04\/Forside_2021_lite.jpg\" \/>\n\t<meta property=\"og:image:width\" content=\"195\" \/>\n\t<meta property=\"og:image:height\" content=\"270\" \/>\n\t<meta property=\"og:image:type\" content=\"image\/jpeg\" \/>\n<meta name=\"twitter:card\" content=\"summary_large_image\" \/>\n<meta name=\"twitter:label1\" content=\"Ansl. lesetid\" \/>\n\t<meta name=\"twitter:data1\" content=\"2 minutter\" \/>\n<script type=\"application\/ld+json\" class=\"yoast-schema-graph\">{\"@context\":\"https:\\\/\\\/schema.org\",\"@graph\":[{\"@type\":\"WebPage\",\"@id\":\"https:\\\/\\\/lmf.no\\\/laeremiddelforlaget\\\/butikk\\\/ungdomsskole\\\/kroppsoving-ungdomsskole\\\/kroppsovning-et-progressivt-og-detaljert-undervisningsopplegg-for-ungdomstrinnet\\\/\",\"url\":\"https:\\\/\\\/lmf.no\\\/laeremiddelforlaget\\\/butikk\\\/ungdomsskole\\\/kroppsoving-ungdomsskole\\\/kroppsovning-et-progressivt-og-detaljert-undervisningsopplegg-for-ungdomstrinnet\\\/\",\"name\":\"Kropps\u00f8ving - \u00f8velsesbank og undervisningsopplegg for hele ungdomstrinnet - L\u00e6remiddelforlaget - Skagerrak Forlag AS\",\"isPartOf\":{\"@id\":\"https:\\\/\\\/lmf.no\\\/laeremiddelforlaget\\\/#website\"},\"primaryImageOfPage\":{\"@id\":\"https:\\\/\\\/lmf.no\\\/laeremiddelforlaget\\\/butikk\\\/ungdomsskole\\\/kroppsoving-ungdomsskole\\\/kroppsovning-et-progressivt-og-detaljert-undervisningsopplegg-for-ungdomstrinnet\\\/#primaryimage\"},\"image\":{\"@id\":\"https:\\\/\\\/lmf.no\\\/laeremiddelforlaget\\\/butikk\\\/ungdomsskole\\\/kroppsoving-ungdomsskole\\\/kroppsovning-et-progressivt-og-detaljert-undervisningsopplegg-for-ungdomstrinnet\\\/#primaryimage\"},\"thumbnailUrl\":\"https:\\\/\\\/lmf.no\\\/laeremiddelforlaget\\\/wp-content\\\/uploads\\\/2017\\\/04\\\/Forside_2021_lite.jpg\",\"datePublished\":\"2017-04-12T08:19:39+00:00\",\"dateModified\":\"2024-02-06T13:07:16+00:00\",\"breadcrumb\":{\"@id\":\"https:\\\/\\\/lmf.no\\\/laeremiddelforlaget\\\/butikk\\\/ungdomsskole\\\/kroppsoving-ungdomsskole\\\/kroppsovning-et-progressivt-og-detaljert-undervisningsopplegg-for-ungdomstrinnet\\\/#breadcrumb\"},\"inLanguage\":\"nb-NO\",\"potentialAction\":[{\"@type\":\"ReadAction\",\"target\":[\"https:\\\/\\\/lmf.no\\\/laeremiddelforlaget\\\/butikk\\\/ungdomsskole\\\/kroppsoving-ungdomsskole\\\/kroppsovning-et-progressivt-og-detaljert-undervisningsopplegg-for-ungdomstrinnet\\\/\"]}]},{\"@type\":\"ImageObject\",\"inLanguage\":\"nb-NO\",\"@id\":\"https:\\\/\\\/lmf.no\\\/laeremiddelforlaget\\\/butikk\\\/ungdomsskole\\\/kroppsoving-ungdomsskole\\\/kroppsovning-et-progressivt-og-detaljert-undervisningsopplegg-for-ungdomstrinnet\\\/#primaryimage\",\"url\":\"https:\\\/\\\/lmf.no\\\/laeremiddelforlaget\\\/wp-content\\\/uploads\\\/2017\\\/04\\\/Forside_2021_lite.jpg\",\"contentUrl\":\"https:\\\/\\\/lmf.no\\\/laeremiddelforlaget\\\/wp-content\\\/uploads\\\/2017\\\/04\\\/Forside_2021_lite.jpg\",\"width\":195,\"height\":270},{\"@type\":\"BreadcrumbList\",\"@id\":\"https:\\\/\\\/lmf.no\\\/laeremiddelforlaget\\\/butikk\\\/ungdomsskole\\\/kroppsoving-ungdomsskole\\\/kroppsovning-et-progressivt-og-detaljert-undervisningsopplegg-for-ungdomstrinnet\\\/#breadcrumb\",\"itemListElement\":[{\"@type\":\"ListItem\",\"position\":1,\"name\":\"Hjem\",\"item\":\"https:\\\/\\\/lmf.no\\\/laeremiddelforlaget\\\/\"},{\"@type\":\"ListItem\",\"position\":2,\"name\":\"Butikk\",\"item\":\"https:\\\/\\\/lmf.no\\\/laeremiddelforlaget\\\/butikk\\\/\"},{\"@type\":\"ListItem\",\"position\":3,\"name\":\"Kropps\u00f8ving &#8211; \u00f8velsesbank og undervisningsopplegg for hele ungdomstrinnet\"}]},{\"@type\":\"WebSite\",\"@id\":\"https:\\\/\\\/lmf.no\\\/laeremiddelforlaget\\\/#website\",\"url\":\"https:\\\/\\\/lmf.no\\\/laeremiddelforlaget\\\/\",\"name\":\"L\u00e6remiddelforlaget - Skagerrak Forlag AS\",\"description\":\"Utgivelse av l\u00e6reb\u00f8ker\",\"potentialAction\":[{\"@type\":\"SearchAction\",\"target\":{\"@type\":\"EntryPoint\",\"urlTemplate\":\"https:\\\/\\\/lmf.no\\\/laeremiddelforlaget\\\/?s={search_term_string}\"},\"query-input\":{\"@type\":\"PropertyValueSpecification\",\"valueRequired\":true,\"valueName\":\"search_term_string\"}}],\"inLanguage\":\"nb-NO\"}]}<\/script>\n<!-- \/ Yoast SEO plugin. -->","yoast_head_json":{"title":"Kropps\u00f8ving - \u00f8velsesbank og undervisningsopplegg for hele ungdomstrinnet - L\u00e6remiddelforlaget - Skagerrak Forlag AS","robots":{"index":"index","follow":"follow","max-snippet":"max-snippet:-1","max-image-preview":"max-image-preview:large","max-video-preview":"max-video-preview:-1"},"canonical":"https:\/\/lmf.no\/laeremiddelforlaget\/butikk\/ungdomsskole\/kroppsoving-ungdomsskole\/kroppsovning-et-progressivt-og-detaljert-undervisningsopplegg-for-ungdomstrinnet\/","og_locale":"nb_NO","og_type":"article","og_title":"Kropps\u00f8ving - \u00f8velsesbank og undervisningsopplegg for hele ungdomstrinnet - L\u00e6remiddelforlaget - Skagerrak Forlag AS","og_description":"[\u2026]","og_url":"https:\/\/lmf.no\/laeremiddelforlaget\/butikk\/ungdomsskole\/kroppsoving-ungdomsskole\/kroppsovning-et-progressivt-og-detaljert-undervisningsopplegg-for-ungdomstrinnet\/","og_site_name":"L\u00e6remiddelforlaget - Skagerrak Forlag AS","article_modified_time":"2024-02-06T13:07:16+00:00","og_image":[{"width":195,"height":270,"url":"https:\/\/lmf.no\/laeremiddelforlaget\/wp-content\/uploads\/2017\/04\/Forside_2021_lite.jpg","type":"image\/jpeg"}],"twitter_card":"summary_large_image","twitter_misc":{"Ansl. lesetid":"2 minutter"},"schema":{"@context":"https:\/\/schema.org","@graph":[{"@type":"WebPage","@id":"https:\/\/lmf.no\/laeremiddelforlaget\/butikk\/ungdomsskole\/kroppsoving-ungdomsskole\/kroppsovning-et-progressivt-og-detaljert-undervisningsopplegg-for-ungdomstrinnet\/","url":"https:\/\/lmf.no\/laeremiddelforlaget\/butikk\/ungdomsskole\/kroppsoving-ungdomsskole\/kroppsovning-et-progressivt-og-detaljert-undervisningsopplegg-for-ungdomstrinnet\/","name":"Kropps\u00f8ving - \u00f8velsesbank og undervisningsopplegg for hele ungdomstrinnet - L\u00e6remiddelforlaget - Skagerrak Forlag AS","isPartOf":{"@id":"https:\/\/lmf.no\/laeremiddelforlaget\/#website"},"primaryImageOfPage":{"@id":"https:\/\/lmf.no\/laeremiddelforlaget\/butikk\/ungdomsskole\/kroppsoving-ungdomsskole\/kroppsovning-et-progressivt-og-detaljert-undervisningsopplegg-for-ungdomstrinnet\/#primaryimage"},"image":{"@id":"https:\/\/lmf.no\/laeremiddelforlaget\/butikk\/ungdomsskole\/kroppsoving-ungdomsskole\/kroppsovning-et-progressivt-og-detaljert-undervisningsopplegg-for-ungdomstrinnet\/#primaryimage"},"thumbnailUrl":"https:\/\/lmf.no\/laeremiddelforlaget\/wp-content\/uploads\/2017\/04\/Forside_2021_lite.jpg","datePublished":"2017-04-12T08:19:39+00:00","dateModified":"2024-02-06T13:07:16+00:00","breadcrumb":{"@id":"https:\/\/lmf.no\/laeremiddelforlaget\/butikk\/ungdomsskole\/kroppsoving-ungdomsskole\/kroppsovning-et-progressivt-og-detaljert-undervisningsopplegg-for-ungdomstrinnet\/#breadcrumb"},"inLanguage":"nb-NO","potentialAction":[{"@type":"ReadAction","target":["https:\/\/lmf.no\/laeremiddelforlaget\/butikk\/ungdomsskole\/kroppsoving-ungdomsskole\/kroppsovning-et-progressivt-og-detaljert-undervisningsopplegg-for-ungdomstrinnet\/"]}]},{"@type":"ImageObject","inLanguage":"nb-NO","@id":"https:\/\/lmf.no\/laeremiddelforlaget\/butikk\/ungdomsskole\/kroppsoving-ungdomsskole\/kroppsovning-et-progressivt-og-detaljert-undervisningsopplegg-for-ungdomstrinnet\/#primaryimage","url":"https:\/\/lmf.no\/laeremiddelforlaget\/wp-content\/uploads\/2017\/04\/Forside_2021_lite.jpg","contentUrl":"https:\/\/lmf.no\/laeremiddelforlaget\/wp-content\/uploads\/2017\/04\/Forside_2021_lite.jpg","width":195,"height":270},{"@type":"BreadcrumbList","@id":"https:\/\/lmf.no\/laeremiddelforlaget\/butikk\/ungdomsskole\/kroppsoving-ungdomsskole\/kroppsovning-et-progressivt-og-detaljert-undervisningsopplegg-for-ungdomstrinnet\/#breadcrumb","itemListElement":[{"@type":"ListItem","position":1,"name":"Hjem","item":"https:\/\/lmf.no\/laeremiddelforlaget\/"},{"@type":"ListItem","position":2,"name":"Butikk","item":"https:\/\/lmf.no\/laeremiddelforlaget\/butikk\/"},{"@type":"ListItem","position":3,"name":"Kropps\u00f8ving &#8211; \u00f8velsesbank og undervisningsopplegg for hele ungdomstrinnet"}]},{"@type":"WebSite","@id":"https:\/\/lmf.no\/laeremiddelforlaget\/#website","url":"https:\/\/lmf.no\/laeremiddelforlaget\/","name":"L\u00e6remiddelforlaget - Skagerrak Forlag AS","description":"Utgivelse av l\u00e6reb\u00f8ker","potentialAction":[{"@type":"SearchAction","target":{"@type":"EntryPoint","urlTemplate":"https:\/\/lmf.no\/laeremiddelforlaget\/?s={search_term_string}"},"query-input":{"@type":"PropertyValueSpecification","valueRequired":true,"valueName":"search_term_string"}}],"inLanguage":"nb-NO"}]}},"_links":{"self":[{"href":"https:\/\/lmf.no\/laeremiddelforlaget\/wp-json\/wp\/v2\/product\/300","targetHints":{"allow":["GET"]}}],"collection":[{"href":"https:\/\/lmf.no\/laeremiddelforlaget\/wp-json\/wp\/v2\/product"}],"about":[{"href":"https:\/\/lmf.no\/laeremiddelforlaget\/wp-json\/wp\/v2\/types\/product"}],"replies":[{"embeddable":true,"href":"https:\/\/lmf.no\/laeremiddelforlaget\/wp-json\/wp\/v2\/comments?post=300"}],"wp:featuredmedia":[{"embeddable":true,"href":"https:\/\/lmf.no\/laeremiddelforlaget\/wp-json\/wp\/v2\/media\/2875"}],"wp:attachment":[{"href":"https:\/\/lmf.no\/laeremiddelforlaget\/wp-json\/wp\/v2\/media?parent=300"}],"wp:term":[{"taxonomy":"product_brand","embeddable":true,"href":"https:\/\/lmf.no\/laeremiddelforlaget\/wp-json\/wp\/v2\/product_brand?post=300"},{"taxonomy":"product_cat","embeddable":true,"href":"https:\/\/lmf.no\/laeremiddelforlaget\/wp-json\/wp\/v2\/product_cat?post=300"},{"taxonomy":"product_tag","embeddable":true,"href":"https:\/\/lmf.no\/laeremiddelforlaget\/wp-json\/wp\/v2\/product_tag?post=300"}],"curies":[{"name":"wp","href":"https:\/\/api.w.org\/{rel}","templated":true}]}}