{"id":306,"date":"2017-04-12T08:28:22","date_gmt":"2017-04-12T08:28:22","guid":{"rendered":"http:\/\/laeremiddelforlaget.utkast.org\/laeremiddelforlaget\/?post_type=product&#038;p=306"},"modified":"2017-04-12T08:28:22","modified_gmt":"2017-04-12T08:28:22","slug":"medieetikk-for-alle-2","status":"publish","type":"product","link":"https:\/\/lmf.no\/laeremiddelforlaget\/butikk\/videregaende-skole\/film-og-media-videregaende-skole\/medieetikk-for-alle-2\/","title":{"rendered":"Medieetikk for alle"},"content":{"rendered":"<p>Forfatter: Trond Heum<br \/>\nISBN: 9788292284575<\/p>\n<p>Boken gir en innf\u00f8ring i pressens etikkplakater og de juridiske rammer for ytringsfriheten.<\/p>\n<p>Den belyser en rekke saker av presseetisk karakter som har v\u00e6rt gjenstand for debatt, klager eller s\u00f8ksm\u00e5l. Enkelte kontroversielle hendelser trekkes ogs\u00e5 inn i denne sammenheng. Boken setter fokus p\u00e5 etiske utfordringer i det multimedielle samfunnet.<\/p>\n<p>Hensikten med boken er ikke \u00e5 gi svar, men snarere stimulere til videre etisk refleksjon blant leserne. Medieetikk for alle egner seg s\u00e5ledes for elever og l\u00e6rere innen mediefag samt l\u00e6rere i samfunnskunnskap og religion\/etikk i videreg\u00e5ende skole. Studenter innenfor journalistikk og mediefag, og andre med interesse for presseetiske problemstillinger, vil ogs\u00e5 ha stort utbytte av boken.<\/p>\n","protected":false},"excerpt":{"rendered":"<p><span class=\"excerpt-hellip\"> [\u2026]<\/span><\/p>\n","protected":false},"featured_media":307,"comment_status":"open","ping_status":"closed","template":"","meta":{"rs_blank_template":"","rs_page_bg_color":"","slide_template_v7":""},"product_brand":[],"product_cat":[36],"product_tag":[],"class_list":{"0":"post-306","1":"product","2":"type-product","3":"status-publish","4":"has-post-thumbnail","6":"product_cat-film-og-media-videregaende-skole","8":"first","9":"instock","10":"taxable","11":"shipping-taxable","12":"purchasable","13":"product-type-simple"},"yoast_head":"<!-- This site is optimized with the Yoast SEO plugin v27.4 - https:\/\/yoast.com\/product\/yoast-seo-wordpress\/ -->\n<title>Medieetikk for alle - L\u00e6remiddelforlaget - Skagerrak Forlag AS<\/title>\n<meta name=\"robots\" content=\"index, follow, max-snippet:-1, max-image-preview:large, max-video-preview:-1\" \/>\n<link rel=\"canonical\" href=\"https:\/\/lmf.no\/laeremiddelforlaget\/butikk\/videregaende-skole\/film-og-media-videregaende-skole\/medieetikk-for-alle-2\/\" \/>\n<meta property=\"og:locale\" content=\"nb_NO\" \/>\n<meta property=\"og:type\" content=\"article\" \/>\n<meta property=\"og:title\" content=\"Medieetikk for alle - L\u00e6remiddelforlaget - Skagerrak Forlag AS\" \/>\n<meta property=\"og:description\" content=\"[\u2026]\" \/>\n<meta property=\"og:url\" content=\"https:\/\/lmf.no\/laeremiddelforlaget\/butikk\/videregaende-skole\/film-og-media-videregaende-skole\/medieetikk-for-alle-2\/\" \/>\n<meta property=\"og:site_name\" content=\"L\u00e6remiddelforlaget - Skagerrak Forlag AS\" \/>\n<meta property=\"og:image\" content=\"https:\/\/lmf.no\/laeremiddelforlaget\/wp-content\/uploads\/2017\/04\/Forside_medieetikk_web_1_1.jpg\" \/>\n\t<meta property=\"og:image:width\" content=\"193\" \/>\n\t<meta property=\"og:image:height\" content=\"270\" \/>\n\t<meta property=\"og:image:type\" content=\"image\/jpeg\" \/>\n<meta name=\"twitter:card\" content=\"summary_large_image\" \/>\n<meta name=\"twitter:label1\" content=\"Ansl. lesetid\" \/>\n\t<meta name=\"twitter:data1\" content=\"1 minutt\" \/>\n<script type=\"application\/ld+json\" class=\"yoast-schema-graph\">{\"@context\":\"https:\\\/\\\/schema.org\",\"@graph\":[{\"@type\":\"WebPage\",\"@id\":\"https:\\\/\\\/lmf.no\\\/laeremiddelforlaget\\\/butikk\\\/videregaende-skole\\\/film-og-media-videregaende-skole\\\/medieetikk-for-alle-2\\\/\",\"url\":\"https:\\\/\\\/lmf.no\\\/laeremiddelforlaget\\\/butikk\\\/videregaende-skole\\\/film-og-media-videregaende-skole\\\/medieetikk-for-alle-2\\\/\",\"name\":\"Medieetikk for alle - L\u00e6remiddelforlaget - Skagerrak Forlag AS\",\"isPartOf\":{\"@id\":\"https:\\\/\\\/lmf.no\\\/laeremiddelforlaget\\\/#website\"},\"primaryImageOfPage\":{\"@id\":\"https:\\\/\\\/lmf.no\\\/laeremiddelforlaget\\\/butikk\\\/videregaende-skole\\\/film-og-media-videregaende-skole\\\/medieetikk-for-alle-2\\\/#primaryimage\"},\"image\":{\"@id\":\"https:\\\/\\\/lmf.no\\\/laeremiddelforlaget\\\/butikk\\\/videregaende-skole\\\/film-og-media-videregaende-skole\\\/medieetikk-for-alle-2\\\/#primaryimage\"},\"thumbnailUrl\":\"https:\\\/\\\/lmf.no\\\/laeremiddelforlaget\\\/wp-content\\\/uploads\\\/2017\\\/04\\\/Forside_medieetikk_web_1_1.jpg\",\"datePublished\":\"2017-04-12T08:28:22+00:00\",\"breadcrumb\":{\"@id\":\"https:\\\/\\\/lmf.no\\\/laeremiddelforlaget\\\/butikk\\\/videregaende-skole\\\/film-og-media-videregaende-skole\\\/medieetikk-for-alle-2\\\/#breadcrumb\"},\"inLanguage\":\"nb-NO\",\"potentialAction\":[{\"@type\":\"ReadAction\",\"target\":[\"https:\\\/\\\/lmf.no\\\/laeremiddelforlaget\\\/butikk\\\/videregaende-skole\\\/film-og-media-videregaende-skole\\\/medieetikk-for-alle-2\\\/\"]}]},{\"@type\":\"ImageObject\",\"inLanguage\":\"nb-NO\",\"@id\":\"https:\\\/\\\/lmf.no\\\/laeremiddelforlaget\\\/butikk\\\/videregaende-skole\\\/film-og-media-videregaende-skole\\\/medieetikk-for-alle-2\\\/#primaryimage\",\"url\":\"https:\\\/\\\/lmf.no\\\/laeremiddelforlaget\\\/wp-content\\\/uploads\\\/2017\\\/04\\\/Forside_medieetikk_web_1_1.jpg\",\"contentUrl\":\"https:\\\/\\\/lmf.no\\\/laeremiddelforlaget\\\/wp-content\\\/uploads\\\/2017\\\/04\\\/Forside_medieetikk_web_1_1.jpg\",\"width\":193,\"height\":270},{\"@type\":\"BreadcrumbList\",\"@id\":\"https:\\\/\\\/lmf.no\\\/laeremiddelforlaget\\\/butikk\\\/videregaende-skole\\\/film-og-media-videregaende-skole\\\/medieetikk-for-alle-2\\\/#breadcrumb\",\"itemListElement\":[{\"@type\":\"ListItem\",\"position\":1,\"name\":\"Hjem\",\"item\":\"https:\\\/\\\/lmf.no\\\/laeremiddelforlaget\\\/\"},{\"@type\":\"ListItem\",\"position\":2,\"name\":\"Butikk\",\"item\":\"https:\\\/\\\/lmf.no\\\/laeremiddelforlaget\\\/butikk\\\/\"},{\"@type\":\"ListItem\",\"position\":3,\"name\":\"Medieetikk for alle\"}]},{\"@type\":\"WebSite\",\"@id\":\"https:\\\/\\\/lmf.no\\\/laeremiddelforlaget\\\/#website\",\"url\":\"https:\\\/\\\/lmf.no\\\/laeremiddelforlaget\\\/\",\"name\":\"L\u00e6remiddelforlaget - Skagerrak Forlag AS\",\"description\":\"Utgivelse av l\u00e6reb\u00f8ker\",\"potentialAction\":[{\"@type\":\"SearchAction\",\"target\":{\"@type\":\"EntryPoint\",\"urlTemplate\":\"https:\\\/\\\/lmf.no\\\/laeremiddelforlaget\\\/?s={search_term_string}\"},\"query-input\":{\"@type\":\"PropertyValueSpecification\",\"valueRequired\":true,\"valueName\":\"search_term_string\"}}],\"inLanguage\":\"nb-NO\"}]}<\/script>\n<!-- \/ Yoast SEO plugin. -->","yoast_head_json":{"title":"Medieetikk for alle - L\u00e6remiddelforlaget - Skagerrak Forlag AS","robots":{"index":"index","follow":"follow","max-snippet":"max-snippet:-1","max-image-preview":"max-image-preview:large","max-video-preview":"max-video-preview:-1"},"canonical":"https:\/\/lmf.no\/laeremiddelforlaget\/butikk\/videregaende-skole\/film-og-media-videregaende-skole\/medieetikk-for-alle-2\/","og_locale":"nb_NO","og_type":"article","og_title":"Medieetikk for alle - L\u00e6remiddelforlaget - Skagerrak Forlag AS","og_description":"[\u2026]","og_url":"https:\/\/lmf.no\/laeremiddelforlaget\/butikk\/videregaende-skole\/film-og-media-videregaende-skole\/medieetikk-for-alle-2\/","og_site_name":"L\u00e6remiddelforlaget - Skagerrak Forlag AS","og_image":[{"width":193,"height":270,"url":"https:\/\/lmf.no\/laeremiddelforlaget\/wp-content\/uploads\/2017\/04\/Forside_medieetikk_web_1_1.jpg","type":"image\/jpeg"}],"twitter_card":"summary_large_image","twitter_misc":{"Ansl. lesetid":"1 minutt"},"schema":{"@context":"https:\/\/schema.org","@graph":[{"@type":"WebPage","@id":"https:\/\/lmf.no\/laeremiddelforlaget\/butikk\/videregaende-skole\/film-og-media-videregaende-skole\/medieetikk-for-alle-2\/","url":"https:\/\/lmf.no\/laeremiddelforlaget\/butikk\/videregaende-skole\/film-og-media-videregaende-skole\/medieetikk-for-alle-2\/","name":"Medieetikk for alle - L\u00e6remiddelforlaget - Skagerrak Forlag AS","isPartOf":{"@id":"https:\/\/lmf.no\/laeremiddelforlaget\/#website"},"primaryImageOfPage":{"@id":"https:\/\/lmf.no\/laeremiddelforlaget\/butikk\/videregaende-skole\/film-og-media-videregaende-skole\/medieetikk-for-alle-2\/#primaryimage"},"image":{"@id":"https:\/\/lmf.no\/laeremiddelforlaget\/butikk\/videregaende-skole\/film-og-media-videregaende-skole\/medieetikk-for-alle-2\/#primaryimage"},"thumbnailUrl":"https:\/\/lmf.no\/laeremiddelforlaget\/wp-content\/uploads\/2017\/04\/Forside_medieetikk_web_1_1.jpg","datePublished":"2017-04-12T08:28:22+00:00","breadcrumb":{"@id":"https:\/\/lmf.no\/laeremiddelforlaget\/butikk\/videregaende-skole\/film-og-media-videregaende-skole\/medieetikk-for-alle-2\/#breadcrumb"},"inLanguage":"nb-NO","potentialAction":[{"@type":"ReadAction","target":["https:\/\/lmf.no\/laeremiddelforlaget\/butikk\/videregaende-skole\/film-og-media-videregaende-skole\/medieetikk-for-alle-2\/"]}]},{"@type":"ImageObject","inLanguage":"nb-NO","@id":"https:\/\/lmf.no\/laeremiddelforlaget\/butikk\/videregaende-skole\/film-og-media-videregaende-skole\/medieetikk-for-alle-2\/#primaryimage","url":"https:\/\/lmf.no\/laeremiddelforlaget\/wp-content\/uploads\/2017\/04\/Forside_medieetikk_web_1_1.jpg","contentUrl":"https:\/\/lmf.no\/laeremiddelforlaget\/wp-content\/uploads\/2017\/04\/Forside_medieetikk_web_1_1.jpg","width":193,"height":270},{"@type":"BreadcrumbList","@id":"https:\/\/lmf.no\/laeremiddelforlaget\/butikk\/videregaende-skole\/film-og-media-videregaende-skole\/medieetikk-for-alle-2\/#breadcrumb","itemListElement":[{"@type":"ListItem","position":1,"name":"Hjem","item":"https:\/\/lmf.no\/laeremiddelforlaget\/"},{"@type":"ListItem","position":2,"name":"Butikk","item":"https:\/\/lmf.no\/laeremiddelforlaget\/butikk\/"},{"@type":"ListItem","position":3,"name":"Medieetikk for alle"}]},{"@type":"WebSite","@id":"https:\/\/lmf.no\/laeremiddelforlaget\/#website","url":"https:\/\/lmf.no\/laeremiddelforlaget\/","name":"L\u00e6remiddelforlaget - Skagerrak Forlag AS","description":"Utgivelse av l\u00e6reb\u00f8ker","potentialAction":[{"@type":"SearchAction","target":{"@type":"EntryPoint","urlTemplate":"https:\/\/lmf.no\/laeremiddelforlaget\/?s={search_term_string}"},"query-input":{"@type":"PropertyValueSpecification","valueRequired":true,"valueName":"search_term_string"}}],"inLanguage":"nb-NO"}]}},"_links":{"self":[{"href":"https:\/\/lmf.no\/laeremiddelforlaget\/wp-json\/wp\/v2\/product\/306","targetHints":{"allow":["GET"]}}],"collection":[{"href":"https:\/\/lmf.no\/laeremiddelforlaget\/wp-json\/wp\/v2\/product"}],"about":[{"href":"https:\/\/lmf.no\/laeremiddelforlaget\/wp-json\/wp\/v2\/types\/product"}],"replies":[{"embeddable":true,"href":"https:\/\/lmf.no\/laeremiddelforlaget\/wp-json\/wp\/v2\/comments?post=306"}],"wp:featuredmedia":[{"embeddable":true,"href":"https:\/\/lmf.no\/laeremiddelforlaget\/wp-json\/wp\/v2\/media\/307"}],"wp:attachment":[{"href":"https:\/\/lmf.no\/laeremiddelforlaget\/wp-json\/wp\/v2\/media?parent=306"}],"wp:term":[{"taxonomy":"product_brand","embeddable":true,"href":"https:\/\/lmf.no\/laeremiddelforlaget\/wp-json\/wp\/v2\/product_brand?post=306"},{"taxonomy":"product_cat","embeddable":true,"href":"https:\/\/lmf.no\/laeremiddelforlaget\/wp-json\/wp\/v2\/product_cat?post=306"},{"taxonomy":"product_tag","embeddable":true,"href":"https:\/\/lmf.no\/laeremiddelforlaget\/wp-json\/wp\/v2\/product_tag?post=306"}],"curies":[{"name":"wp","href":"https:\/\/api.w.org\/{rel}","templated":true}]}}