{"id":308,"date":"2017-04-12T08:30:21","date_gmt":"2017-04-12T08:30:21","guid":{"rendered":"http:\/\/laeremiddelforlaget.utkast.org\/laeremiddelforlaget\/?post_type=product&#038;p=308"},"modified":"2024-11-03T08:08:11","modified_gmt":"2024-11-03T07:08:11","slug":"grunnbok-i-helsenorsk","status":"publish","type":"product","link":"https:\/\/lmf.no\/laeremiddelforlaget\/butikk\/voksenopplaering\/helsenorsk-voksenopplaering\/grunnbok-i-helsenorsk\/","title":{"rendered":"Grunnbok i helsenorsk"},"content":{"rendered":"<p>Forfatter: Else Ryen og Lasse Morten Johannesen<br \/>\nISBN: 9788279970354<\/p>\n<p>Helsenorsk er et l\u00e6reverk for voksne fremmedspr\u00e5klige sykepleiere og annet helsepersonell som alt har tilegnet seg grunnleggende norskkunnskaper. Boken er ogs\u00e5 aktuell for fremmedspr\u00e5klige elever i helse- og sosial fag p\u00e5 videreg\u00e5ende skoler.<\/p>\n<p><strong>M\u00e5lgruppe<\/strong><\/p>\n<p>Helsenorsk er et l\u00e6reverk for voksne fremmedspr\u00e5klige sykepleiere og annet helsepersonell som alt har tilegnet seg grunnleggende norskkunnskaper. B\u00f8kene ogs\u00e5 aktuell for fremmedspr\u00e5klige elever i helse- og sosial fag p\u00e5 videreg\u00e5ende skoler.<\/p>\n<p><strong>L\u00e6rebok, arbeidsbok og lyd CD.<\/strong><\/p>\n<p>L\u00e6reverket best\u00e5r av fire b\u00f8ker: \u201dGrunnbok i Helsenorsk\u201d, \u201dHelsenorsk\u201d m\/lyd-CD samt arbeidsb\u00f8ker til begge l\u00e6reb\u00f8kene.<br \/>\nL\u00e6reb\u00f8kene inneholder materiale som omhandler sykepleie og helsefaglige sp\u00f8rsm\u00e5l, og m\u00e5let er at den skal gi fremmedspr\u00e5klig helsepersonell nok kunnskap til \u00e5 forst\u00e5 talt og skrevet norsk, og til selv \u00e5 formulere seg muntlig og skriftlig. B\u00f8kene omhandler ogs\u00e5 grammatiske emner som er viktige for \u00e5 produsere spr\u00e5k i en faglig sammenheng. De gir dessuten mye nyttig informasjon om norsk helsevesen.<br \/>\nLyd-CD inneholder aktuelle temaer som rapporter fra morgenm\u00f8te p\u00e5 sykehus, radioprogram om senil demens, intervju med en sykepleier m.m. I grunnboken er det QR-koder i boka i stedet for CD. Disse kodene scanner du med din smarttelefon, og du kan lytte til tekstene direkte p\u00e5 din mobil. Arbeidsb\u00f8kene best\u00e5r av oppgaver som fokuserer p\u00e5 \u00e5 opp\u00f8ve kommunikative ferdigheter b\u00e5de muntlig og skriftlig. Alle oppgavene tar utgangspunkt i tekstene i l\u00e6reboka eller lyd-CD. B\u00f8kene dekker de mest sentrale temaene for helsepersonell i Norge.<\/p>\n","protected":false},"excerpt":{"rendered":"<p><span class=\"excerpt-hellip\"> [\u2026]<\/span><\/p>\n","protected":false},"featured_media":312,"comment_status":"open","ping_status":"closed","template":"","meta":{"rs_blank_template":"","rs_page_bg_color":"","slide_template_v7":""},"product_brand":[],"product_cat":[37,50],"product_tag":[],"class_list":{"0":"post-308","1":"product","2":"type-product","3":"status-publish","4":"has-post-thumbnail","6":"product_cat-helsenorsk","7":"product_cat-helsenorsk-voksenopplaering","9":"first","10":"instock","11":"taxable","12":"shipping-taxable","13":"purchasable","14":"product-type-simple"},"yoast_head":"<!-- This site is optimized with the Yoast SEO plugin v27.4 - https:\/\/yoast.com\/product\/yoast-seo-wordpress\/ -->\n<title>Grunnbok i helsenorsk - L\u00e6remiddelforlaget - Skagerrak Forlag AS<\/title>\n<meta name=\"robots\" content=\"index, follow, max-snippet:-1, max-image-preview:large, max-video-preview:-1\" \/>\n<link rel=\"canonical\" href=\"https:\/\/lmf.no\/laeremiddelforlaget\/butikk\/voksenopplaering\/helsenorsk-voksenopplaering\/grunnbok-i-helsenorsk\/\" \/>\n<meta property=\"og:locale\" content=\"nb_NO\" \/>\n<meta property=\"og:type\" content=\"article\" \/>\n<meta property=\"og:title\" content=\"Grunnbok i helsenorsk - L\u00e6remiddelforlaget - Skagerrak Forlag AS\" \/>\n<meta property=\"og:description\" content=\"[\u2026]\" \/>\n<meta property=\"og:url\" content=\"https:\/\/lmf.no\/laeremiddelforlaget\/butikk\/voksenopplaering\/helsenorsk-voksenopplaering\/grunnbok-i-helsenorsk\/\" \/>\n<meta property=\"og:site_name\" content=\"L\u00e6remiddelforlaget - Skagerrak Forlag AS\" \/>\n<meta property=\"article:modified_time\" content=\"2024-11-03T07:08:11+00:00\" \/>\n<meta property=\"og:image\" content=\"https:\/\/lmf.no\/laeremiddelforlaget\/wp-content\/uploads\/2017\/04\/Grunnbok_helsenorsk_forside_web_1.jpg\" \/>\n\t<meta property=\"og:image:width\" content=\"196\" \/>\n\t<meta property=\"og:image:height\" content=\"270\" \/>\n\t<meta property=\"og:image:type\" content=\"image\/jpeg\" \/>\n<meta name=\"twitter:card\" content=\"summary_large_image\" \/>\n<meta name=\"twitter:label1\" content=\"Ansl. lesetid\" \/>\n\t<meta name=\"twitter:data1\" content=\"1 minutt\" \/>\n<script type=\"application\/ld+json\" class=\"yoast-schema-graph\">{\"@context\":\"https:\\\/\\\/schema.org\",\"@graph\":[{\"@type\":\"WebPage\",\"@id\":\"https:\\\/\\\/lmf.no\\\/laeremiddelforlaget\\\/butikk\\\/voksenopplaering\\\/helsenorsk-voksenopplaering\\\/grunnbok-i-helsenorsk\\\/\",\"url\":\"https:\\\/\\\/lmf.no\\\/laeremiddelforlaget\\\/butikk\\\/voksenopplaering\\\/helsenorsk-voksenopplaering\\\/grunnbok-i-helsenorsk\\\/\",\"name\":\"Grunnbok i helsenorsk - L\u00e6remiddelforlaget - Skagerrak Forlag AS\",\"isPartOf\":{\"@id\":\"https:\\\/\\\/lmf.no\\\/laeremiddelforlaget\\\/#website\"},\"primaryImageOfPage\":{\"@id\":\"https:\\\/\\\/lmf.no\\\/laeremiddelforlaget\\\/butikk\\\/voksenopplaering\\\/helsenorsk-voksenopplaering\\\/grunnbok-i-helsenorsk\\\/#primaryimage\"},\"image\":{\"@id\":\"https:\\\/\\\/lmf.no\\\/laeremiddelforlaget\\\/butikk\\\/voksenopplaering\\\/helsenorsk-voksenopplaering\\\/grunnbok-i-helsenorsk\\\/#primaryimage\"},\"thumbnailUrl\":\"https:\\\/\\\/lmf.no\\\/laeremiddelforlaget\\\/wp-content\\\/uploads\\\/2017\\\/04\\\/Grunnbok_helsenorsk_forside_web_1.jpg\",\"datePublished\":\"2017-04-12T08:30:21+00:00\",\"dateModified\":\"2024-11-03T07:08:11+00:00\",\"breadcrumb\":{\"@id\":\"https:\\\/\\\/lmf.no\\\/laeremiddelforlaget\\\/butikk\\\/voksenopplaering\\\/helsenorsk-voksenopplaering\\\/grunnbok-i-helsenorsk\\\/#breadcrumb\"},\"inLanguage\":\"nb-NO\",\"potentialAction\":[{\"@type\":\"ReadAction\",\"target\":[\"https:\\\/\\\/lmf.no\\\/laeremiddelforlaget\\\/butikk\\\/voksenopplaering\\\/helsenorsk-voksenopplaering\\\/grunnbok-i-helsenorsk\\\/\"]}]},{\"@type\":\"ImageObject\",\"inLanguage\":\"nb-NO\",\"@id\":\"https:\\\/\\\/lmf.no\\\/laeremiddelforlaget\\\/butikk\\\/voksenopplaering\\\/helsenorsk-voksenopplaering\\\/grunnbok-i-helsenorsk\\\/#primaryimage\",\"url\":\"https:\\\/\\\/lmf.no\\\/laeremiddelforlaget\\\/wp-content\\\/uploads\\\/2017\\\/04\\\/Grunnbok_helsenorsk_forside_web_1.jpg\",\"contentUrl\":\"https:\\\/\\\/lmf.no\\\/laeremiddelforlaget\\\/wp-content\\\/uploads\\\/2017\\\/04\\\/Grunnbok_helsenorsk_forside_web_1.jpg\",\"width\":196,\"height\":270},{\"@type\":\"BreadcrumbList\",\"@id\":\"https:\\\/\\\/lmf.no\\\/laeremiddelforlaget\\\/butikk\\\/voksenopplaering\\\/helsenorsk-voksenopplaering\\\/grunnbok-i-helsenorsk\\\/#breadcrumb\",\"itemListElement\":[{\"@type\":\"ListItem\",\"position\":1,\"name\":\"Hjem\",\"item\":\"https:\\\/\\\/lmf.no\\\/laeremiddelforlaget\\\/\"},{\"@type\":\"ListItem\",\"position\":2,\"name\":\"Butikk\",\"item\":\"https:\\\/\\\/lmf.no\\\/laeremiddelforlaget\\\/butikk\\\/\"},{\"@type\":\"ListItem\",\"position\":3,\"name\":\"Grunnbok i helsenorsk\"}]},{\"@type\":\"WebSite\",\"@id\":\"https:\\\/\\\/lmf.no\\\/laeremiddelforlaget\\\/#website\",\"url\":\"https:\\\/\\\/lmf.no\\\/laeremiddelforlaget\\\/\",\"name\":\"L\u00e6remiddelforlaget - Skagerrak Forlag AS\",\"description\":\"Utgivelse av l\u00e6reb\u00f8ker\",\"potentialAction\":[{\"@type\":\"SearchAction\",\"target\":{\"@type\":\"EntryPoint\",\"urlTemplate\":\"https:\\\/\\\/lmf.no\\\/laeremiddelforlaget\\\/?s={search_term_string}\"},\"query-input\":{\"@type\":\"PropertyValueSpecification\",\"valueRequired\":true,\"valueName\":\"search_term_string\"}}],\"inLanguage\":\"nb-NO\"}]}<\/script>\n<!-- \/ Yoast SEO plugin. -->","yoast_head_json":{"title":"Grunnbok i helsenorsk - L\u00e6remiddelforlaget - Skagerrak Forlag AS","robots":{"index":"index","follow":"follow","max-snippet":"max-snippet:-1","max-image-preview":"max-image-preview:large","max-video-preview":"max-video-preview:-1"},"canonical":"https:\/\/lmf.no\/laeremiddelforlaget\/butikk\/voksenopplaering\/helsenorsk-voksenopplaering\/grunnbok-i-helsenorsk\/","og_locale":"nb_NO","og_type":"article","og_title":"Grunnbok i helsenorsk - L\u00e6remiddelforlaget - Skagerrak Forlag AS","og_description":"[\u2026]","og_url":"https:\/\/lmf.no\/laeremiddelforlaget\/butikk\/voksenopplaering\/helsenorsk-voksenopplaering\/grunnbok-i-helsenorsk\/","og_site_name":"L\u00e6remiddelforlaget - Skagerrak Forlag AS","article_modified_time":"2024-11-03T07:08:11+00:00","og_image":[{"width":196,"height":270,"url":"https:\/\/lmf.no\/laeremiddelforlaget\/wp-content\/uploads\/2017\/04\/Grunnbok_helsenorsk_forside_web_1.jpg","type":"image\/jpeg"}],"twitter_card":"summary_large_image","twitter_misc":{"Ansl. lesetid":"1 minutt"},"schema":{"@context":"https:\/\/schema.org","@graph":[{"@type":"WebPage","@id":"https:\/\/lmf.no\/laeremiddelforlaget\/butikk\/voksenopplaering\/helsenorsk-voksenopplaering\/grunnbok-i-helsenorsk\/","url":"https:\/\/lmf.no\/laeremiddelforlaget\/butikk\/voksenopplaering\/helsenorsk-voksenopplaering\/grunnbok-i-helsenorsk\/","name":"Grunnbok i helsenorsk - L\u00e6remiddelforlaget - Skagerrak Forlag AS","isPartOf":{"@id":"https:\/\/lmf.no\/laeremiddelforlaget\/#website"},"primaryImageOfPage":{"@id":"https:\/\/lmf.no\/laeremiddelforlaget\/butikk\/voksenopplaering\/helsenorsk-voksenopplaering\/grunnbok-i-helsenorsk\/#primaryimage"},"image":{"@id":"https:\/\/lmf.no\/laeremiddelforlaget\/butikk\/voksenopplaering\/helsenorsk-voksenopplaering\/grunnbok-i-helsenorsk\/#primaryimage"},"thumbnailUrl":"https:\/\/lmf.no\/laeremiddelforlaget\/wp-content\/uploads\/2017\/04\/Grunnbok_helsenorsk_forside_web_1.jpg","datePublished":"2017-04-12T08:30:21+00:00","dateModified":"2024-11-03T07:08:11+00:00","breadcrumb":{"@id":"https:\/\/lmf.no\/laeremiddelforlaget\/butikk\/voksenopplaering\/helsenorsk-voksenopplaering\/grunnbok-i-helsenorsk\/#breadcrumb"},"inLanguage":"nb-NO","potentialAction":[{"@type":"ReadAction","target":["https:\/\/lmf.no\/laeremiddelforlaget\/butikk\/voksenopplaering\/helsenorsk-voksenopplaering\/grunnbok-i-helsenorsk\/"]}]},{"@type":"ImageObject","inLanguage":"nb-NO","@id":"https:\/\/lmf.no\/laeremiddelforlaget\/butikk\/voksenopplaering\/helsenorsk-voksenopplaering\/grunnbok-i-helsenorsk\/#primaryimage","url":"https:\/\/lmf.no\/laeremiddelforlaget\/wp-content\/uploads\/2017\/04\/Grunnbok_helsenorsk_forside_web_1.jpg","contentUrl":"https:\/\/lmf.no\/laeremiddelforlaget\/wp-content\/uploads\/2017\/04\/Grunnbok_helsenorsk_forside_web_1.jpg","width":196,"height":270},{"@type":"BreadcrumbList","@id":"https:\/\/lmf.no\/laeremiddelforlaget\/butikk\/voksenopplaering\/helsenorsk-voksenopplaering\/grunnbok-i-helsenorsk\/#breadcrumb","itemListElement":[{"@type":"ListItem","position":1,"name":"Hjem","item":"https:\/\/lmf.no\/laeremiddelforlaget\/"},{"@type":"ListItem","position":2,"name":"Butikk","item":"https:\/\/lmf.no\/laeremiddelforlaget\/butikk\/"},{"@type":"ListItem","position":3,"name":"Grunnbok i helsenorsk"}]},{"@type":"WebSite","@id":"https:\/\/lmf.no\/laeremiddelforlaget\/#website","url":"https:\/\/lmf.no\/laeremiddelforlaget\/","name":"L\u00e6remiddelforlaget - Skagerrak Forlag AS","description":"Utgivelse av l\u00e6reb\u00f8ker","potentialAction":[{"@type":"SearchAction","target":{"@type":"EntryPoint","urlTemplate":"https:\/\/lmf.no\/laeremiddelforlaget\/?s={search_term_string}"},"query-input":{"@type":"PropertyValueSpecification","valueRequired":true,"valueName":"search_term_string"}}],"inLanguage":"nb-NO"}]}},"_links":{"self":[{"href":"https:\/\/lmf.no\/laeremiddelforlaget\/wp-json\/wp\/v2\/product\/308","targetHints":{"allow":["GET"]}}],"collection":[{"href":"https:\/\/lmf.no\/laeremiddelforlaget\/wp-json\/wp\/v2\/product"}],"about":[{"href":"https:\/\/lmf.no\/laeremiddelforlaget\/wp-json\/wp\/v2\/types\/product"}],"replies":[{"embeddable":true,"href":"https:\/\/lmf.no\/laeremiddelforlaget\/wp-json\/wp\/v2\/comments?post=308"}],"wp:featuredmedia":[{"embeddable":true,"href":"https:\/\/lmf.no\/laeremiddelforlaget\/wp-json\/wp\/v2\/media\/312"}],"wp:attachment":[{"href":"https:\/\/lmf.no\/laeremiddelforlaget\/wp-json\/wp\/v2\/media?parent=308"}],"wp:term":[{"taxonomy":"product_brand","embeddable":true,"href":"https:\/\/lmf.no\/laeremiddelforlaget\/wp-json\/wp\/v2\/product_brand?post=308"},{"taxonomy":"product_cat","embeddable":true,"href":"https:\/\/lmf.no\/laeremiddelforlaget\/wp-json\/wp\/v2\/product_cat?post=308"},{"taxonomy":"product_tag","embeddable":true,"href":"https:\/\/lmf.no\/laeremiddelforlaget\/wp-json\/wp\/v2\/product_tag?post=308"}],"curies":[{"name":"wp","href":"https:\/\/api.w.org\/{rel}","templated":true}]}}