{"id":309,"date":"2017-04-12T08:30:56","date_gmt":"2017-04-12T08:30:56","guid":{"rendered":"http:\/\/laeremiddelforlaget.utkast.org\/laeremiddelforlaget\/?post_type=product&#038;p=309"},"modified":"2017-04-12T12:02:18","modified_gmt":"2017-04-12T12:02:18","slug":"grunnbok-i-helsenorsk-arbeidsbok","status":"publish","type":"product","link":"https:\/\/lmf.no\/laeremiddelforlaget\/butikk\/voksenopplaering\/helsenorsk-voksenopplaering\/grunnbok-i-helsenorsk-arbeidsbok\/","title":{"rendered":"Grunnbok i helsenorsk &#8211; Arbeidsbok"},"content":{"rendered":"<p>Forfatter: Else Ryen og Lasse Morten Johannesen<br \/>\nISBN: 8279970363<\/p>\n<p>Arbeidsboken best\u00e5r av oppgaver som fokuserer p\u00e5 \u00e5 opp\u00f8ve kommunikative ferdigheter b\u00e5de muntlig og skriftlig. Alle oppgavene tar utgangspunkt i tekstene i l\u00e6reboka eller lydeksemplene.<\/p>\n","protected":false},"excerpt":{"rendered":"<p><span class=\"excerpt-hellip\"> [\u2026]<\/span><\/p>\n","protected":false},"featured_media":313,"comment_status":"open","ping_status":"closed","template":"","meta":{"rs_blank_template":"","rs_page_bg_color":"","slide_template_v7":""},"product_brand":[],"product_cat":[37,50],"product_tag":[],"class_list":{"0":"post-309","1":"product","2":"type-product","3":"status-publish","4":"has-post-thumbnail","6":"product_cat-helsenorsk","7":"product_cat-helsenorsk-voksenopplaering","9":"first","10":"instock","11":"taxable","12":"shipping-taxable","13":"purchasable","14":"product-type-simple"},"yoast_head":"<!-- This site is optimized with the Yoast SEO plugin v27.4 - https:\/\/yoast.com\/product\/yoast-seo-wordpress\/ -->\n<title>Grunnbok i helsenorsk - Arbeidsbok - L\u00e6remiddelforlaget - Skagerrak Forlag AS<\/title>\n<meta name=\"robots\" content=\"index, follow, max-snippet:-1, max-image-preview:large, max-video-preview:-1\" \/>\n<link rel=\"canonical\" href=\"https:\/\/lmf.no\/laeremiddelforlaget\/butikk\/voksenopplaering\/helsenorsk-voksenopplaering\/grunnbok-i-helsenorsk-arbeidsbok\/\" \/>\n<meta property=\"og:locale\" content=\"nb_NO\" \/>\n<meta property=\"og:type\" content=\"article\" \/>\n<meta property=\"og:title\" content=\"Grunnbok i helsenorsk - Arbeidsbok - L\u00e6remiddelforlaget - Skagerrak Forlag AS\" \/>\n<meta property=\"og:description\" content=\"[\u2026]\" \/>\n<meta property=\"og:url\" content=\"https:\/\/lmf.no\/laeremiddelforlaget\/butikk\/voksenopplaering\/helsenorsk-voksenopplaering\/grunnbok-i-helsenorsk-arbeidsbok\/\" \/>\n<meta property=\"og:site_name\" content=\"L\u00e6remiddelforlaget - Skagerrak Forlag AS\" \/>\n<meta property=\"article:modified_time\" content=\"2017-04-12T12:02:18+00:00\" \/>\n<meta property=\"og:image\" content=\"https:\/\/lmf.no\/laeremiddelforlaget\/wp-content\/uploads\/2017\/04\/Grunnbok_helsenorsk_arbeidsbok_forside_web_1.jpg\" \/>\n\t<meta property=\"og:image:width\" content=\"188\" \/>\n\t<meta property=\"og:image:height\" content=\"270\" \/>\n\t<meta property=\"og:image:type\" content=\"image\/jpeg\" \/>\n<meta name=\"twitter:card\" content=\"summary_large_image\" \/>\n<script type=\"application\/ld+json\" class=\"yoast-schema-graph\">{\"@context\":\"https:\\\/\\\/schema.org\",\"@graph\":[{\"@type\":\"WebPage\",\"@id\":\"https:\\\/\\\/lmf.no\\\/laeremiddelforlaget\\\/butikk\\\/voksenopplaering\\\/helsenorsk-voksenopplaering\\\/grunnbok-i-helsenorsk-arbeidsbok\\\/\",\"url\":\"https:\\\/\\\/lmf.no\\\/laeremiddelforlaget\\\/butikk\\\/voksenopplaering\\\/helsenorsk-voksenopplaering\\\/grunnbok-i-helsenorsk-arbeidsbok\\\/\",\"name\":\"Grunnbok i helsenorsk - Arbeidsbok - L\u00e6remiddelforlaget - Skagerrak Forlag AS\",\"isPartOf\":{\"@id\":\"https:\\\/\\\/lmf.no\\\/laeremiddelforlaget\\\/#website\"},\"primaryImageOfPage\":{\"@id\":\"https:\\\/\\\/lmf.no\\\/laeremiddelforlaget\\\/butikk\\\/voksenopplaering\\\/helsenorsk-voksenopplaering\\\/grunnbok-i-helsenorsk-arbeidsbok\\\/#primaryimage\"},\"image\":{\"@id\":\"https:\\\/\\\/lmf.no\\\/laeremiddelforlaget\\\/butikk\\\/voksenopplaering\\\/helsenorsk-voksenopplaering\\\/grunnbok-i-helsenorsk-arbeidsbok\\\/#primaryimage\"},\"thumbnailUrl\":\"https:\\\/\\\/lmf.no\\\/laeremiddelforlaget\\\/wp-content\\\/uploads\\\/2017\\\/04\\\/Grunnbok_helsenorsk_arbeidsbok_forside_web_1.jpg\",\"datePublished\":\"2017-04-12T08:30:56+00:00\",\"dateModified\":\"2017-04-12T12:02:18+00:00\",\"breadcrumb\":{\"@id\":\"https:\\\/\\\/lmf.no\\\/laeremiddelforlaget\\\/butikk\\\/voksenopplaering\\\/helsenorsk-voksenopplaering\\\/grunnbok-i-helsenorsk-arbeidsbok\\\/#breadcrumb\"},\"inLanguage\":\"nb-NO\",\"potentialAction\":[{\"@type\":\"ReadAction\",\"target\":[\"https:\\\/\\\/lmf.no\\\/laeremiddelforlaget\\\/butikk\\\/voksenopplaering\\\/helsenorsk-voksenopplaering\\\/grunnbok-i-helsenorsk-arbeidsbok\\\/\"]}]},{\"@type\":\"ImageObject\",\"inLanguage\":\"nb-NO\",\"@id\":\"https:\\\/\\\/lmf.no\\\/laeremiddelforlaget\\\/butikk\\\/voksenopplaering\\\/helsenorsk-voksenopplaering\\\/grunnbok-i-helsenorsk-arbeidsbok\\\/#primaryimage\",\"url\":\"https:\\\/\\\/lmf.no\\\/laeremiddelforlaget\\\/wp-content\\\/uploads\\\/2017\\\/04\\\/Grunnbok_helsenorsk_arbeidsbok_forside_web_1.jpg\",\"contentUrl\":\"https:\\\/\\\/lmf.no\\\/laeremiddelforlaget\\\/wp-content\\\/uploads\\\/2017\\\/04\\\/Grunnbok_helsenorsk_arbeidsbok_forside_web_1.jpg\",\"width\":188,\"height\":270},{\"@type\":\"BreadcrumbList\",\"@id\":\"https:\\\/\\\/lmf.no\\\/laeremiddelforlaget\\\/butikk\\\/voksenopplaering\\\/helsenorsk-voksenopplaering\\\/grunnbok-i-helsenorsk-arbeidsbok\\\/#breadcrumb\",\"itemListElement\":[{\"@type\":\"ListItem\",\"position\":1,\"name\":\"Hjem\",\"item\":\"https:\\\/\\\/lmf.no\\\/laeremiddelforlaget\\\/\"},{\"@type\":\"ListItem\",\"position\":2,\"name\":\"Butikk\",\"item\":\"https:\\\/\\\/lmf.no\\\/laeremiddelforlaget\\\/butikk\\\/\"},{\"@type\":\"ListItem\",\"position\":3,\"name\":\"Grunnbok i helsenorsk &#8211; Arbeidsbok\"}]},{\"@type\":\"WebSite\",\"@id\":\"https:\\\/\\\/lmf.no\\\/laeremiddelforlaget\\\/#website\",\"url\":\"https:\\\/\\\/lmf.no\\\/laeremiddelforlaget\\\/\",\"name\":\"L\u00e6remiddelforlaget - Skagerrak Forlag AS\",\"description\":\"Utgivelse av l\u00e6reb\u00f8ker\",\"potentialAction\":[{\"@type\":\"SearchAction\",\"target\":{\"@type\":\"EntryPoint\",\"urlTemplate\":\"https:\\\/\\\/lmf.no\\\/laeremiddelforlaget\\\/?s={search_term_string}\"},\"query-input\":{\"@type\":\"PropertyValueSpecification\",\"valueRequired\":true,\"valueName\":\"search_term_string\"}}],\"inLanguage\":\"nb-NO\"}]}<\/script>\n<!-- \/ Yoast SEO plugin. -->","yoast_head_json":{"title":"Grunnbok i helsenorsk - Arbeidsbok - L\u00e6remiddelforlaget - Skagerrak Forlag AS","robots":{"index":"index","follow":"follow","max-snippet":"max-snippet:-1","max-image-preview":"max-image-preview:large","max-video-preview":"max-video-preview:-1"},"canonical":"https:\/\/lmf.no\/laeremiddelforlaget\/butikk\/voksenopplaering\/helsenorsk-voksenopplaering\/grunnbok-i-helsenorsk-arbeidsbok\/","og_locale":"nb_NO","og_type":"article","og_title":"Grunnbok i helsenorsk - Arbeidsbok - L\u00e6remiddelforlaget - Skagerrak Forlag AS","og_description":"[\u2026]","og_url":"https:\/\/lmf.no\/laeremiddelforlaget\/butikk\/voksenopplaering\/helsenorsk-voksenopplaering\/grunnbok-i-helsenorsk-arbeidsbok\/","og_site_name":"L\u00e6remiddelforlaget - Skagerrak Forlag AS","article_modified_time":"2017-04-12T12:02:18+00:00","og_image":[{"width":188,"height":270,"url":"https:\/\/lmf.no\/laeremiddelforlaget\/wp-content\/uploads\/2017\/04\/Grunnbok_helsenorsk_arbeidsbok_forside_web_1.jpg","type":"image\/jpeg"}],"twitter_card":"summary_large_image","schema":{"@context":"https:\/\/schema.org","@graph":[{"@type":"WebPage","@id":"https:\/\/lmf.no\/laeremiddelforlaget\/butikk\/voksenopplaering\/helsenorsk-voksenopplaering\/grunnbok-i-helsenorsk-arbeidsbok\/","url":"https:\/\/lmf.no\/laeremiddelforlaget\/butikk\/voksenopplaering\/helsenorsk-voksenopplaering\/grunnbok-i-helsenorsk-arbeidsbok\/","name":"Grunnbok i helsenorsk - Arbeidsbok - L\u00e6remiddelforlaget - Skagerrak Forlag AS","isPartOf":{"@id":"https:\/\/lmf.no\/laeremiddelforlaget\/#website"},"primaryImageOfPage":{"@id":"https:\/\/lmf.no\/laeremiddelforlaget\/butikk\/voksenopplaering\/helsenorsk-voksenopplaering\/grunnbok-i-helsenorsk-arbeidsbok\/#primaryimage"},"image":{"@id":"https:\/\/lmf.no\/laeremiddelforlaget\/butikk\/voksenopplaering\/helsenorsk-voksenopplaering\/grunnbok-i-helsenorsk-arbeidsbok\/#primaryimage"},"thumbnailUrl":"https:\/\/lmf.no\/laeremiddelforlaget\/wp-content\/uploads\/2017\/04\/Grunnbok_helsenorsk_arbeidsbok_forside_web_1.jpg","datePublished":"2017-04-12T08:30:56+00:00","dateModified":"2017-04-12T12:02:18+00:00","breadcrumb":{"@id":"https:\/\/lmf.no\/laeremiddelforlaget\/butikk\/voksenopplaering\/helsenorsk-voksenopplaering\/grunnbok-i-helsenorsk-arbeidsbok\/#breadcrumb"},"inLanguage":"nb-NO","potentialAction":[{"@type":"ReadAction","target":["https:\/\/lmf.no\/laeremiddelforlaget\/butikk\/voksenopplaering\/helsenorsk-voksenopplaering\/grunnbok-i-helsenorsk-arbeidsbok\/"]}]},{"@type":"ImageObject","inLanguage":"nb-NO","@id":"https:\/\/lmf.no\/laeremiddelforlaget\/butikk\/voksenopplaering\/helsenorsk-voksenopplaering\/grunnbok-i-helsenorsk-arbeidsbok\/#primaryimage","url":"https:\/\/lmf.no\/laeremiddelforlaget\/wp-content\/uploads\/2017\/04\/Grunnbok_helsenorsk_arbeidsbok_forside_web_1.jpg","contentUrl":"https:\/\/lmf.no\/laeremiddelforlaget\/wp-content\/uploads\/2017\/04\/Grunnbok_helsenorsk_arbeidsbok_forside_web_1.jpg","width":188,"height":270},{"@type":"BreadcrumbList","@id":"https:\/\/lmf.no\/laeremiddelforlaget\/butikk\/voksenopplaering\/helsenorsk-voksenopplaering\/grunnbok-i-helsenorsk-arbeidsbok\/#breadcrumb","itemListElement":[{"@type":"ListItem","position":1,"name":"Hjem","item":"https:\/\/lmf.no\/laeremiddelforlaget\/"},{"@type":"ListItem","position":2,"name":"Butikk","item":"https:\/\/lmf.no\/laeremiddelforlaget\/butikk\/"},{"@type":"ListItem","position":3,"name":"Grunnbok i helsenorsk &#8211; Arbeidsbok"}]},{"@type":"WebSite","@id":"https:\/\/lmf.no\/laeremiddelforlaget\/#website","url":"https:\/\/lmf.no\/laeremiddelforlaget\/","name":"L\u00e6remiddelforlaget - Skagerrak Forlag AS","description":"Utgivelse av l\u00e6reb\u00f8ker","potentialAction":[{"@type":"SearchAction","target":{"@type":"EntryPoint","urlTemplate":"https:\/\/lmf.no\/laeremiddelforlaget\/?s={search_term_string}"},"query-input":{"@type":"PropertyValueSpecification","valueRequired":true,"valueName":"search_term_string"}}],"inLanguage":"nb-NO"}]}},"_links":{"self":[{"href":"https:\/\/lmf.no\/laeremiddelforlaget\/wp-json\/wp\/v2\/product\/309","targetHints":{"allow":["GET"]}}],"collection":[{"href":"https:\/\/lmf.no\/laeremiddelforlaget\/wp-json\/wp\/v2\/product"}],"about":[{"href":"https:\/\/lmf.no\/laeremiddelforlaget\/wp-json\/wp\/v2\/types\/product"}],"replies":[{"embeddable":true,"href":"https:\/\/lmf.no\/laeremiddelforlaget\/wp-json\/wp\/v2\/comments?post=309"}],"wp:featuredmedia":[{"embeddable":true,"href":"https:\/\/lmf.no\/laeremiddelforlaget\/wp-json\/wp\/v2\/media\/313"}],"wp:attachment":[{"href":"https:\/\/lmf.no\/laeremiddelforlaget\/wp-json\/wp\/v2\/media?parent=309"}],"wp:term":[{"taxonomy":"product_brand","embeddable":true,"href":"https:\/\/lmf.no\/laeremiddelforlaget\/wp-json\/wp\/v2\/product_brand?post=309"},{"taxonomy":"product_cat","embeddable":true,"href":"https:\/\/lmf.no\/laeremiddelforlaget\/wp-json\/wp\/v2\/product_cat?post=309"},{"taxonomy":"product_tag","embeddable":true,"href":"https:\/\/lmf.no\/laeremiddelforlaget\/wp-json\/wp\/v2\/product_tag?post=309"}],"curies":[{"name":"wp","href":"https:\/\/api.w.org\/{rel}","templated":true}]}}