{"id":331,"date":"2017-04-12T11:47:30","date_gmt":"2017-04-12T11:47:30","guid":{"rendered":"http:\/\/laeremiddelforlaget.utkast.org\/laeremiddelforlaget\/?post_type=product&#038;p=331"},"modified":"2024-10-17T10:51:22","modified_gmt":"2024-10-17T08:51:22","slug":"sjorett-og-okonomi-oppgavesamling","status":"publish","type":"product","link":"https:\/\/lmf.no\/laeremiddelforlaget\/butikk\/fagskole\/sjorett-og-okonomi\/sjorett-og-okonomi-oppgavesamling\/","title":{"rendered":"Sj\u00f8rett og \u00f8konomi &#8211; Oppgavesamling"},"content":{"rendered":"<p>Forfatter: Per Aasmundseth<br \/>\nISBN: 9788292284773<\/p>\n<p>Denne oppgavesamlingen f\u00f8lger samme oppbygging som l\u00e6reboken Sj\u00f8rett og \u00f8konomi. Oppgavesamlingen brukes sammen med l\u00e6reboken.<br \/>\nOm l\u00e6reboken:<br \/>\nBoken dekker pensumlitteratur for Maritime Fagskoler, nautisk og skipsteknisk linje. F\u00f8lgende temaer blir behandlet: Maritime regelverk, konvensjoner, koder, lover og forskrifter. Regelverket handler om havets inndeling i sj\u00f8territorium, \u00f8konomisk sone, sikkerhet til sj\u00f8s, forurensning til sj\u00f8s, utdanning av maritimt personell, havari, lasten og fraktavtaler. \u00d8konomi i rederier og p\u00e5 skip, markeder og ulike type skip og last blir ogs\u00e5 gjennomg\u00e5tt.<\/p>\n<p>Boken dekker tema i l\u00e6replanen for Maritime Fagskoler for 1. og 2. \u00e5r. Dette er de samme kravene som p\u00e5 maritime h\u00f8yskoler som driver sertifikatutdanning etter STCW har. Sj\u00f8rett og \u00f8konomi dekker temaene for offiserer med ansvar etter STCW koden tabell A-III og A-II (1. og 2. \u00e5r fagskole) innenfor kompetansekravene:<br \/>\n&#8211; Overv\u00e5ke oppfyllelse av regelverkets krav (1. \u00e5r).<br \/>\n&#8211; Sikre at krav om hindring av forurensning oppfylles (1. \u00e5r)<br \/>\n&#8211; Overv\u00e5ke og kontrollere etterlevelse av regelverkets krav og tiltak for \u00e5 ivareta sikkerheten for menneskeliv til sj\u00f8s og vern av havmilj\u00f8et (2. \u00e5r).<\/p>\n<p>I tillegg dekker boken tema i \u00f8konomi, administrasjon og rederidrift etter den nye fagplanen.<\/p>\n<p>Det er laget l\u00f8sningsforsalg til kapittel 12-16 i oppgavsamlingen. Disse kan du laste ned <a href=\"\/laeremiddelforlaget\/wp-content\/uploads\/2017\/04\/losningsforslagkapittel12-16.docx\" target=\"_blank\" rel=\"noopener\">her<\/a>. Flere kapitler vil bli lagt ut etter hvert.<\/p>\n","protected":false},"excerpt":{"rendered":"<p><span class=\"excerpt-hellip\"> [\u2026]<\/span><\/p>\n","protected":false},"featured_media":4011,"comment_status":"open","ping_status":"closed","template":"","meta":{"rs_blank_template":"","rs_page_bg_color":"","slide_template_v7":""},"product_brand":[],"product_cat":[43],"product_tag":[],"class_list":{"0":"post-331","1":"product","2":"type-product","3":"status-publish","4":"has-post-thumbnail","6":"product_cat-sjorett-og-okonomi","8":"first","9":"instock","10":"taxable","11":"shipping-taxable","12":"purchasable","13":"product-type-simple"},"yoast_head":"<!-- This site is optimized with the Yoast SEO plugin v27.4 - https:\/\/yoast.com\/product\/yoast-seo-wordpress\/ -->\n<title>Sj\u00f8rett og \u00f8konomi - Oppgavesamling - L\u00e6remiddelforlaget - Skagerrak Forlag AS<\/title>\n<meta name=\"robots\" content=\"index, follow, max-snippet:-1, max-image-preview:large, max-video-preview:-1\" \/>\n<link rel=\"canonical\" href=\"https:\/\/lmf.no\/laeremiddelforlaget\/butikk\/fagskole\/sjorett-og-okonomi\/sjorett-og-okonomi-oppgavesamling\/\" \/>\n<meta property=\"og:locale\" content=\"nb_NO\" \/>\n<meta property=\"og:type\" content=\"article\" \/>\n<meta property=\"og:title\" content=\"Sj\u00f8rett og \u00f8konomi - Oppgavesamling - L\u00e6remiddelforlaget - Skagerrak Forlag AS\" \/>\n<meta property=\"og:description\" content=\"[\u2026]\" \/>\n<meta property=\"og:url\" content=\"https:\/\/lmf.no\/laeremiddelforlaget\/butikk\/fagskole\/sjorett-og-okonomi\/sjorett-og-okonomi-oppgavesamling\/\" \/>\n<meta property=\"og:site_name\" content=\"L\u00e6remiddelforlaget - Skagerrak Forlag AS\" \/>\n<meta property=\"article:modified_time\" content=\"2024-10-17T08:51:22+00:00\" \/>\n<meta property=\"og:image\" content=\"https:\/\/lmf.no\/laeremiddelforlaget\/wp-content\/uploads\/2017\/04\/Forside_oppgaver_2022_nettbutikk-1.jpg\" \/>\n\t<meta property=\"og:image:width\" content=\"1042\" \/>\n\t<meta property=\"og:image:height\" content=\"1474\" \/>\n\t<meta property=\"og:image:type\" content=\"image\/jpeg\" \/>\n<meta name=\"twitter:card\" content=\"summary_large_image\" \/>\n<meta name=\"twitter:label1\" content=\"Ansl. lesetid\" \/>\n\t<meta name=\"twitter:data1\" content=\"2 minutter\" \/>\n<script type=\"application\/ld+json\" class=\"yoast-schema-graph\">{\"@context\":\"https:\\\/\\\/schema.org\",\"@graph\":[{\"@type\":\"WebPage\",\"@id\":\"https:\\\/\\\/lmf.no\\\/laeremiddelforlaget\\\/butikk\\\/fagskole\\\/sjorett-og-okonomi\\\/sjorett-og-okonomi-oppgavesamling\\\/\",\"url\":\"https:\\\/\\\/lmf.no\\\/laeremiddelforlaget\\\/butikk\\\/fagskole\\\/sjorett-og-okonomi\\\/sjorett-og-okonomi-oppgavesamling\\\/\",\"name\":\"Sj\u00f8rett og \u00f8konomi - Oppgavesamling - L\u00e6remiddelforlaget - Skagerrak Forlag AS\",\"isPartOf\":{\"@id\":\"https:\\\/\\\/lmf.no\\\/laeremiddelforlaget\\\/#website\"},\"primaryImageOfPage\":{\"@id\":\"https:\\\/\\\/lmf.no\\\/laeremiddelforlaget\\\/butikk\\\/fagskole\\\/sjorett-og-okonomi\\\/sjorett-og-okonomi-oppgavesamling\\\/#primaryimage\"},\"image\":{\"@id\":\"https:\\\/\\\/lmf.no\\\/laeremiddelforlaget\\\/butikk\\\/fagskole\\\/sjorett-og-okonomi\\\/sjorett-og-okonomi-oppgavesamling\\\/#primaryimage\"},\"thumbnailUrl\":\"https:\\\/\\\/lmf.no\\\/laeremiddelforlaget\\\/wp-content\\\/uploads\\\/2017\\\/04\\\/Forside_oppgaver_2022_nettbutikk-1.jpg\",\"datePublished\":\"2017-04-12T11:47:30+00:00\",\"dateModified\":\"2024-10-17T08:51:22+00:00\",\"breadcrumb\":{\"@id\":\"https:\\\/\\\/lmf.no\\\/laeremiddelforlaget\\\/butikk\\\/fagskole\\\/sjorett-og-okonomi\\\/sjorett-og-okonomi-oppgavesamling\\\/#breadcrumb\"},\"inLanguage\":\"nb-NO\",\"potentialAction\":[{\"@type\":\"ReadAction\",\"target\":[\"https:\\\/\\\/lmf.no\\\/laeremiddelforlaget\\\/butikk\\\/fagskole\\\/sjorett-og-okonomi\\\/sjorett-og-okonomi-oppgavesamling\\\/\"]}]},{\"@type\":\"ImageObject\",\"inLanguage\":\"nb-NO\",\"@id\":\"https:\\\/\\\/lmf.no\\\/laeremiddelforlaget\\\/butikk\\\/fagskole\\\/sjorett-og-okonomi\\\/sjorett-og-okonomi-oppgavesamling\\\/#primaryimage\",\"url\":\"https:\\\/\\\/lmf.no\\\/laeremiddelforlaget\\\/wp-content\\\/uploads\\\/2017\\\/04\\\/Forside_oppgaver_2022_nettbutikk-1.jpg\",\"contentUrl\":\"https:\\\/\\\/lmf.no\\\/laeremiddelforlaget\\\/wp-content\\\/uploads\\\/2017\\\/04\\\/Forside_oppgaver_2022_nettbutikk-1.jpg\",\"width\":1042,\"height\":1474},{\"@type\":\"BreadcrumbList\",\"@id\":\"https:\\\/\\\/lmf.no\\\/laeremiddelforlaget\\\/butikk\\\/fagskole\\\/sjorett-og-okonomi\\\/sjorett-og-okonomi-oppgavesamling\\\/#breadcrumb\",\"itemListElement\":[{\"@type\":\"ListItem\",\"position\":1,\"name\":\"Hjem\",\"item\":\"https:\\\/\\\/lmf.no\\\/laeremiddelforlaget\\\/\"},{\"@type\":\"ListItem\",\"position\":2,\"name\":\"Butikk\",\"item\":\"https:\\\/\\\/lmf.no\\\/laeremiddelforlaget\\\/butikk\\\/\"},{\"@type\":\"ListItem\",\"position\":3,\"name\":\"Sj\u00f8rett og \u00f8konomi &#8211; Oppgavesamling\"}]},{\"@type\":\"WebSite\",\"@id\":\"https:\\\/\\\/lmf.no\\\/laeremiddelforlaget\\\/#website\",\"url\":\"https:\\\/\\\/lmf.no\\\/laeremiddelforlaget\\\/\",\"name\":\"L\u00e6remiddelforlaget - Skagerrak Forlag AS\",\"description\":\"Utgivelse av l\u00e6reb\u00f8ker\",\"potentialAction\":[{\"@type\":\"SearchAction\",\"target\":{\"@type\":\"EntryPoint\",\"urlTemplate\":\"https:\\\/\\\/lmf.no\\\/laeremiddelforlaget\\\/?s={search_term_string}\"},\"query-input\":{\"@type\":\"PropertyValueSpecification\",\"valueRequired\":true,\"valueName\":\"search_term_string\"}}],\"inLanguage\":\"nb-NO\"}]}<\/script>\n<!-- \/ Yoast SEO plugin. -->","yoast_head_json":{"title":"Sj\u00f8rett og \u00f8konomi - Oppgavesamling - L\u00e6remiddelforlaget - Skagerrak Forlag AS","robots":{"index":"index","follow":"follow","max-snippet":"max-snippet:-1","max-image-preview":"max-image-preview:large","max-video-preview":"max-video-preview:-1"},"canonical":"https:\/\/lmf.no\/laeremiddelforlaget\/butikk\/fagskole\/sjorett-og-okonomi\/sjorett-og-okonomi-oppgavesamling\/","og_locale":"nb_NO","og_type":"article","og_title":"Sj\u00f8rett og \u00f8konomi - Oppgavesamling - L\u00e6remiddelforlaget - Skagerrak Forlag AS","og_description":"[\u2026]","og_url":"https:\/\/lmf.no\/laeremiddelforlaget\/butikk\/fagskole\/sjorett-og-okonomi\/sjorett-og-okonomi-oppgavesamling\/","og_site_name":"L\u00e6remiddelforlaget - Skagerrak Forlag AS","article_modified_time":"2024-10-17T08:51:22+00:00","og_image":[{"width":1042,"height":1474,"url":"https:\/\/lmf.no\/laeremiddelforlaget\/wp-content\/uploads\/2017\/04\/Forside_oppgaver_2022_nettbutikk-1.jpg","type":"image\/jpeg"}],"twitter_card":"summary_large_image","twitter_misc":{"Ansl. lesetid":"2 minutter"},"schema":{"@context":"https:\/\/schema.org","@graph":[{"@type":"WebPage","@id":"https:\/\/lmf.no\/laeremiddelforlaget\/butikk\/fagskole\/sjorett-og-okonomi\/sjorett-og-okonomi-oppgavesamling\/","url":"https:\/\/lmf.no\/laeremiddelforlaget\/butikk\/fagskole\/sjorett-og-okonomi\/sjorett-og-okonomi-oppgavesamling\/","name":"Sj\u00f8rett og \u00f8konomi - Oppgavesamling - L\u00e6remiddelforlaget - Skagerrak Forlag AS","isPartOf":{"@id":"https:\/\/lmf.no\/laeremiddelforlaget\/#website"},"primaryImageOfPage":{"@id":"https:\/\/lmf.no\/laeremiddelforlaget\/butikk\/fagskole\/sjorett-og-okonomi\/sjorett-og-okonomi-oppgavesamling\/#primaryimage"},"image":{"@id":"https:\/\/lmf.no\/laeremiddelforlaget\/butikk\/fagskole\/sjorett-og-okonomi\/sjorett-og-okonomi-oppgavesamling\/#primaryimage"},"thumbnailUrl":"https:\/\/lmf.no\/laeremiddelforlaget\/wp-content\/uploads\/2017\/04\/Forside_oppgaver_2022_nettbutikk-1.jpg","datePublished":"2017-04-12T11:47:30+00:00","dateModified":"2024-10-17T08:51:22+00:00","breadcrumb":{"@id":"https:\/\/lmf.no\/laeremiddelforlaget\/butikk\/fagskole\/sjorett-og-okonomi\/sjorett-og-okonomi-oppgavesamling\/#breadcrumb"},"inLanguage":"nb-NO","potentialAction":[{"@type":"ReadAction","target":["https:\/\/lmf.no\/laeremiddelforlaget\/butikk\/fagskole\/sjorett-og-okonomi\/sjorett-og-okonomi-oppgavesamling\/"]}]},{"@type":"ImageObject","inLanguage":"nb-NO","@id":"https:\/\/lmf.no\/laeremiddelforlaget\/butikk\/fagskole\/sjorett-og-okonomi\/sjorett-og-okonomi-oppgavesamling\/#primaryimage","url":"https:\/\/lmf.no\/laeremiddelforlaget\/wp-content\/uploads\/2017\/04\/Forside_oppgaver_2022_nettbutikk-1.jpg","contentUrl":"https:\/\/lmf.no\/laeremiddelforlaget\/wp-content\/uploads\/2017\/04\/Forside_oppgaver_2022_nettbutikk-1.jpg","width":1042,"height":1474},{"@type":"BreadcrumbList","@id":"https:\/\/lmf.no\/laeremiddelforlaget\/butikk\/fagskole\/sjorett-og-okonomi\/sjorett-og-okonomi-oppgavesamling\/#breadcrumb","itemListElement":[{"@type":"ListItem","position":1,"name":"Hjem","item":"https:\/\/lmf.no\/laeremiddelforlaget\/"},{"@type":"ListItem","position":2,"name":"Butikk","item":"https:\/\/lmf.no\/laeremiddelforlaget\/butikk\/"},{"@type":"ListItem","position":3,"name":"Sj\u00f8rett og \u00f8konomi &#8211; Oppgavesamling"}]},{"@type":"WebSite","@id":"https:\/\/lmf.no\/laeremiddelforlaget\/#website","url":"https:\/\/lmf.no\/laeremiddelforlaget\/","name":"L\u00e6remiddelforlaget - Skagerrak Forlag AS","description":"Utgivelse av l\u00e6reb\u00f8ker","potentialAction":[{"@type":"SearchAction","target":{"@type":"EntryPoint","urlTemplate":"https:\/\/lmf.no\/laeremiddelforlaget\/?s={search_term_string}"},"query-input":{"@type":"PropertyValueSpecification","valueRequired":true,"valueName":"search_term_string"}}],"inLanguage":"nb-NO"}]}},"_links":{"self":[{"href":"https:\/\/lmf.no\/laeremiddelforlaget\/wp-json\/wp\/v2\/product\/331","targetHints":{"allow":["GET"]}}],"collection":[{"href":"https:\/\/lmf.no\/laeremiddelforlaget\/wp-json\/wp\/v2\/product"}],"about":[{"href":"https:\/\/lmf.no\/laeremiddelforlaget\/wp-json\/wp\/v2\/types\/product"}],"replies":[{"embeddable":true,"href":"https:\/\/lmf.no\/laeremiddelforlaget\/wp-json\/wp\/v2\/comments?post=331"}],"wp:featuredmedia":[{"embeddable":true,"href":"https:\/\/lmf.no\/laeremiddelforlaget\/wp-json\/wp\/v2\/media\/4011"}],"wp:attachment":[{"href":"https:\/\/lmf.no\/laeremiddelforlaget\/wp-json\/wp\/v2\/media?parent=331"}],"wp:term":[{"taxonomy":"product_brand","embeddable":true,"href":"https:\/\/lmf.no\/laeremiddelforlaget\/wp-json\/wp\/v2\/product_brand?post=331"},{"taxonomy":"product_cat","embeddable":true,"href":"https:\/\/lmf.no\/laeremiddelforlaget\/wp-json\/wp\/v2\/product_cat?post=331"},{"taxonomy":"product_tag","embeddable":true,"href":"https:\/\/lmf.no\/laeremiddelforlaget\/wp-json\/wp\/v2\/product_tag?post=331"}],"curies":[{"name":"wp","href":"https:\/\/api.w.org\/{rel}","templated":true}]}}