{"id":337,"date":"2017-04-12T13:50:32","date_gmt":"2017-04-12T11:50:32","guid":{"rendered":"http:\/\/laeremiddelforlaget.utkast.org\/laeremiddelforlaget\/?post_type=product&#038;p=337"},"modified":"2025-06-25T10:25:55","modified_gmt":"2025-06-25T08:25:55","slug":"bedriftsledelse-laerebok","status":"publish","type":"product","link":"https:\/\/lmf.no\/laeremiddelforlaget\/butikk\/mester-byggfag\/bedriftsledelse\/bedriftsledelse-laerebok\/","title":{"rendered":"Bedriftsledelse, L\u00e6rebok, 2. utgave"},"content":{"rendered":"<p>Forfatter: Kioto Villalobos Sanchez<br \/>\nISBN: 9788279972266<\/p>\n<p>L\u00e6reboken Bedriftsledelse er en bok som retter seg mot de som \u00f8nsker \u00e5 skaffe seg kunnskap om hvordan en bedrift fungerer og drives. Boken dekker de viktigste temaene knyttet til organisering, administrasjon, ledelse, markedsf\u00f8ring og \u00f8konomistyring av bedriften.<\/p>\n<p>Boken tar utgangspunkt i l\u00e6replanen Bedriftsledelse for mesterpr\u00f8ven og i faget <em>Ledelse, \u00f8konomi og markedsf\u00f8ring (L\u00d8M)<\/em> ved fagskolen. Den kombinerer fagene p\u00e5 en pedagogisk, praktisk og moderne m\u00e5te. Anerkjente modeller og teorier blir forklart ved hjelp av eksempler, illustrasjoner, tanke\u00f8velser og lenker til videoer.<br \/>\nL\u00e6reboken integrerer fagene slik at fagstoffet samsvarer med det du m\u00f8ter p\u00e5 eksamen og ikke minst i det praktiske liv.<\/p>\n<p>Du l\u00e6rer stoffet best ved \u00e5 arbeide med oppgaver parallelt mens du leser. Vi har derfor laget en arbeidsbok med praktiske og virkelighetsn\u00e6re oppgaver. Arbeidsboken (ISBN 978-82-7997-227-3) best\u00e5r av en trykket oppgavebok og en digital ressursside. P\u00e5 ressurssiden har vi utarbeidet innspill til hvordan oppgavene kan l\u00f8ses. Vi ogs\u00e5 tatt med nyttige eksamenstips og forslag til hvordan elever med lese- og skrivevansker best kan jobbe med stoffet. Generelle tips om hvordan du svarer skriftlig p\u00e5 en oppgave blir ogs\u00e5 gjennomg\u00e5tt. Ressurssiden inneholder ogs\u00e5 en del Excel-modeller som er nyttige n\u00e5r du skal l\u00f8se \u00f8konomioppgavene.<\/p>\n","protected":false},"excerpt":{"rendered":"<p><span class=\"excerpt-hellip\"> [\u2026]<\/span><\/p>\n","protected":false},"featured_media":4013,"comment_status":"open","ping_status":"closed","template":"","meta":{"rs_blank_template":"","rs_page_bg_color":"","slide_template_v7":""},"product_brand":[],"product_cat":[52,44],"product_tag":[],"class_list":{"0":"post-337","1":"product","2":"type-product","3":"status-publish","4":"has-post-thumbnail","6":"product_cat-bedriftsledelse","7":"product_cat-ledelse-okonomi-og-markedsforing","9":"first","10":"instock","11":"taxable","12":"shipping-taxable","13":"purchasable","14":"product-type-simple"},"yoast_head":"<!-- This site is optimized with the Yoast SEO plugin v27.4 - https:\/\/yoast.com\/product\/yoast-seo-wordpress\/ -->\n<title>Bedriftsledelse, L\u00e6rebok, 2. utgave - L\u00e6remiddelforlaget - Skagerrak Forlag AS<\/title>\n<meta name=\"robots\" content=\"index, follow, max-snippet:-1, max-image-preview:large, max-video-preview:-1\" \/>\n<link rel=\"canonical\" href=\"https:\/\/lmf.no\/laeremiddelforlaget\/butikk\/mester-byggfag\/bedriftsledelse\/bedriftsledelse-laerebok\/\" \/>\n<meta property=\"og:locale\" content=\"nb_NO\" \/>\n<meta property=\"og:type\" content=\"article\" \/>\n<meta property=\"og:title\" content=\"Bedriftsledelse, L\u00e6rebok, 2. utgave - L\u00e6remiddelforlaget - Skagerrak Forlag AS\" \/>\n<meta property=\"og:description\" content=\"[\u2026]\" \/>\n<meta property=\"og:url\" content=\"https:\/\/lmf.no\/laeremiddelforlaget\/butikk\/mester-byggfag\/bedriftsledelse\/bedriftsledelse-laerebok\/\" \/>\n<meta property=\"og:site_name\" content=\"L\u00e6remiddelforlaget - Skagerrak Forlag AS\" \/>\n<meta property=\"article:modified_time\" content=\"2025-06-25T08:25:55+00:00\" \/>\n<meta property=\"og:image\" content=\"https:\/\/lmf.no\/laeremiddelforlaget\/wp-content\/uploads\/2024\/10\/Bedriftsledelse_2020_forside_low.jpg\" \/>\n\t<meta property=\"og:image:width\" content=\"1211\" \/>\n\t<meta property=\"og:image:height\" content=\"1474\" \/>\n\t<meta property=\"og:image:type\" content=\"image\/jpeg\" \/>\n<meta name=\"twitter:card\" content=\"summary_large_image\" \/>\n<meta name=\"twitter:label1\" content=\"Ansl. lesetid\" \/>\n\t<meta name=\"twitter:data1\" content=\"2 minutter\" \/>\n<script type=\"application\/ld+json\" class=\"yoast-schema-graph\">{\"@context\":\"https:\\\/\\\/schema.org\",\"@graph\":[{\"@type\":\"WebPage\",\"@id\":\"https:\\\/\\\/lmf.no\\\/laeremiddelforlaget\\\/butikk\\\/mester-byggfag\\\/bedriftsledelse\\\/bedriftsledelse-laerebok\\\/\",\"url\":\"https:\\\/\\\/lmf.no\\\/laeremiddelforlaget\\\/butikk\\\/mester-byggfag\\\/bedriftsledelse\\\/bedriftsledelse-laerebok\\\/\",\"name\":\"Bedriftsledelse, L\u00e6rebok, 2. utgave - L\u00e6remiddelforlaget - Skagerrak Forlag AS\",\"isPartOf\":{\"@id\":\"https:\\\/\\\/lmf.no\\\/laeremiddelforlaget\\\/#website\"},\"primaryImageOfPage\":{\"@id\":\"https:\\\/\\\/lmf.no\\\/laeremiddelforlaget\\\/butikk\\\/mester-byggfag\\\/bedriftsledelse\\\/bedriftsledelse-laerebok\\\/#primaryimage\"},\"image\":{\"@id\":\"https:\\\/\\\/lmf.no\\\/laeremiddelforlaget\\\/butikk\\\/mester-byggfag\\\/bedriftsledelse\\\/bedriftsledelse-laerebok\\\/#primaryimage\"},\"thumbnailUrl\":\"https:\\\/\\\/lmf.no\\\/laeremiddelforlaget\\\/wp-content\\\/uploads\\\/2024\\\/10\\\/Bedriftsledelse_2020_forside_low.jpg\",\"datePublished\":\"2017-04-12T11:50:32+00:00\",\"dateModified\":\"2025-06-25T08:25:55+00:00\",\"breadcrumb\":{\"@id\":\"https:\\\/\\\/lmf.no\\\/laeremiddelforlaget\\\/butikk\\\/mester-byggfag\\\/bedriftsledelse\\\/bedriftsledelse-laerebok\\\/#breadcrumb\"},\"inLanguage\":\"nb-NO\",\"potentialAction\":[{\"@type\":\"ReadAction\",\"target\":[\"https:\\\/\\\/lmf.no\\\/laeremiddelforlaget\\\/butikk\\\/mester-byggfag\\\/bedriftsledelse\\\/bedriftsledelse-laerebok\\\/\"]}]},{\"@type\":\"ImageObject\",\"inLanguage\":\"nb-NO\",\"@id\":\"https:\\\/\\\/lmf.no\\\/laeremiddelforlaget\\\/butikk\\\/mester-byggfag\\\/bedriftsledelse\\\/bedriftsledelse-laerebok\\\/#primaryimage\",\"url\":\"https:\\\/\\\/lmf.no\\\/laeremiddelforlaget\\\/wp-content\\\/uploads\\\/2024\\\/10\\\/Bedriftsledelse_2020_forside_low.jpg\",\"contentUrl\":\"https:\\\/\\\/lmf.no\\\/laeremiddelforlaget\\\/wp-content\\\/uploads\\\/2024\\\/10\\\/Bedriftsledelse_2020_forside_low.jpg\",\"width\":1211,\"height\":1474},{\"@type\":\"BreadcrumbList\",\"@id\":\"https:\\\/\\\/lmf.no\\\/laeremiddelforlaget\\\/butikk\\\/mester-byggfag\\\/bedriftsledelse\\\/bedriftsledelse-laerebok\\\/#breadcrumb\",\"itemListElement\":[{\"@type\":\"ListItem\",\"position\":1,\"name\":\"Hjem\",\"item\":\"https:\\\/\\\/lmf.no\\\/laeremiddelforlaget\\\/\"},{\"@type\":\"ListItem\",\"position\":2,\"name\":\"Butikk\",\"item\":\"https:\\\/\\\/lmf.no\\\/laeremiddelforlaget\\\/butikk\\\/\"},{\"@type\":\"ListItem\",\"position\":3,\"name\":\"Bedriftsledelse, L\u00e6rebok, 2. utgave\"}]},{\"@type\":\"WebSite\",\"@id\":\"https:\\\/\\\/lmf.no\\\/laeremiddelforlaget\\\/#website\",\"url\":\"https:\\\/\\\/lmf.no\\\/laeremiddelforlaget\\\/\",\"name\":\"L\u00e6remiddelforlaget - Skagerrak Forlag AS\",\"description\":\"Utgivelse av l\u00e6reb\u00f8ker\",\"potentialAction\":[{\"@type\":\"SearchAction\",\"target\":{\"@type\":\"EntryPoint\",\"urlTemplate\":\"https:\\\/\\\/lmf.no\\\/laeremiddelforlaget\\\/?s={search_term_string}\"},\"query-input\":{\"@type\":\"PropertyValueSpecification\",\"valueRequired\":true,\"valueName\":\"search_term_string\"}}],\"inLanguage\":\"nb-NO\"}]}<\/script>\n<!-- \/ Yoast SEO plugin. -->","yoast_head_json":{"title":"Bedriftsledelse, L\u00e6rebok, 2. utgave - L\u00e6remiddelforlaget - Skagerrak Forlag AS","robots":{"index":"index","follow":"follow","max-snippet":"max-snippet:-1","max-image-preview":"max-image-preview:large","max-video-preview":"max-video-preview:-1"},"canonical":"https:\/\/lmf.no\/laeremiddelforlaget\/butikk\/mester-byggfag\/bedriftsledelse\/bedriftsledelse-laerebok\/","og_locale":"nb_NO","og_type":"article","og_title":"Bedriftsledelse, L\u00e6rebok, 2. utgave - L\u00e6remiddelforlaget - Skagerrak Forlag AS","og_description":"[\u2026]","og_url":"https:\/\/lmf.no\/laeremiddelforlaget\/butikk\/mester-byggfag\/bedriftsledelse\/bedriftsledelse-laerebok\/","og_site_name":"L\u00e6remiddelforlaget - Skagerrak Forlag AS","article_modified_time":"2025-06-25T08:25:55+00:00","og_image":[{"width":1211,"height":1474,"url":"https:\/\/lmf.no\/laeremiddelforlaget\/wp-content\/uploads\/2024\/10\/Bedriftsledelse_2020_forside_low.jpg","type":"image\/jpeg"}],"twitter_card":"summary_large_image","twitter_misc":{"Ansl. lesetid":"2 minutter"},"schema":{"@context":"https:\/\/schema.org","@graph":[{"@type":"WebPage","@id":"https:\/\/lmf.no\/laeremiddelforlaget\/butikk\/mester-byggfag\/bedriftsledelse\/bedriftsledelse-laerebok\/","url":"https:\/\/lmf.no\/laeremiddelforlaget\/butikk\/mester-byggfag\/bedriftsledelse\/bedriftsledelse-laerebok\/","name":"Bedriftsledelse, L\u00e6rebok, 2. utgave - L\u00e6remiddelforlaget - Skagerrak Forlag AS","isPartOf":{"@id":"https:\/\/lmf.no\/laeremiddelforlaget\/#website"},"primaryImageOfPage":{"@id":"https:\/\/lmf.no\/laeremiddelforlaget\/butikk\/mester-byggfag\/bedriftsledelse\/bedriftsledelse-laerebok\/#primaryimage"},"image":{"@id":"https:\/\/lmf.no\/laeremiddelforlaget\/butikk\/mester-byggfag\/bedriftsledelse\/bedriftsledelse-laerebok\/#primaryimage"},"thumbnailUrl":"https:\/\/lmf.no\/laeremiddelforlaget\/wp-content\/uploads\/2024\/10\/Bedriftsledelse_2020_forside_low.jpg","datePublished":"2017-04-12T11:50:32+00:00","dateModified":"2025-06-25T08:25:55+00:00","breadcrumb":{"@id":"https:\/\/lmf.no\/laeremiddelforlaget\/butikk\/mester-byggfag\/bedriftsledelse\/bedriftsledelse-laerebok\/#breadcrumb"},"inLanguage":"nb-NO","potentialAction":[{"@type":"ReadAction","target":["https:\/\/lmf.no\/laeremiddelforlaget\/butikk\/mester-byggfag\/bedriftsledelse\/bedriftsledelse-laerebok\/"]}]},{"@type":"ImageObject","inLanguage":"nb-NO","@id":"https:\/\/lmf.no\/laeremiddelforlaget\/butikk\/mester-byggfag\/bedriftsledelse\/bedriftsledelse-laerebok\/#primaryimage","url":"https:\/\/lmf.no\/laeremiddelforlaget\/wp-content\/uploads\/2024\/10\/Bedriftsledelse_2020_forside_low.jpg","contentUrl":"https:\/\/lmf.no\/laeremiddelforlaget\/wp-content\/uploads\/2024\/10\/Bedriftsledelse_2020_forside_low.jpg","width":1211,"height":1474},{"@type":"BreadcrumbList","@id":"https:\/\/lmf.no\/laeremiddelforlaget\/butikk\/mester-byggfag\/bedriftsledelse\/bedriftsledelse-laerebok\/#breadcrumb","itemListElement":[{"@type":"ListItem","position":1,"name":"Hjem","item":"https:\/\/lmf.no\/laeremiddelforlaget\/"},{"@type":"ListItem","position":2,"name":"Butikk","item":"https:\/\/lmf.no\/laeremiddelforlaget\/butikk\/"},{"@type":"ListItem","position":3,"name":"Bedriftsledelse, L\u00e6rebok, 2. utgave"}]},{"@type":"WebSite","@id":"https:\/\/lmf.no\/laeremiddelforlaget\/#website","url":"https:\/\/lmf.no\/laeremiddelforlaget\/","name":"L\u00e6remiddelforlaget - Skagerrak Forlag AS","description":"Utgivelse av l\u00e6reb\u00f8ker","potentialAction":[{"@type":"SearchAction","target":{"@type":"EntryPoint","urlTemplate":"https:\/\/lmf.no\/laeremiddelforlaget\/?s={search_term_string}"},"query-input":{"@type":"PropertyValueSpecification","valueRequired":true,"valueName":"search_term_string"}}],"inLanguage":"nb-NO"}]}},"_links":{"self":[{"href":"https:\/\/lmf.no\/laeremiddelforlaget\/wp-json\/wp\/v2\/product\/337","targetHints":{"allow":["GET"]}}],"collection":[{"href":"https:\/\/lmf.no\/laeremiddelforlaget\/wp-json\/wp\/v2\/product"}],"about":[{"href":"https:\/\/lmf.no\/laeremiddelforlaget\/wp-json\/wp\/v2\/types\/product"}],"replies":[{"embeddable":true,"href":"https:\/\/lmf.no\/laeremiddelforlaget\/wp-json\/wp\/v2\/comments?post=337"}],"wp:featuredmedia":[{"embeddable":true,"href":"https:\/\/lmf.no\/laeremiddelforlaget\/wp-json\/wp\/v2\/media\/4013"}],"wp:attachment":[{"href":"https:\/\/lmf.no\/laeremiddelforlaget\/wp-json\/wp\/v2\/media?parent=337"}],"wp:term":[{"taxonomy":"product_brand","embeddable":true,"href":"https:\/\/lmf.no\/laeremiddelforlaget\/wp-json\/wp\/v2\/product_brand?post=337"},{"taxonomy":"product_cat","embeddable":true,"href":"https:\/\/lmf.no\/laeremiddelforlaget\/wp-json\/wp\/v2\/product_cat?post=337"},{"taxonomy":"product_tag","embeddable":true,"href":"https:\/\/lmf.no\/laeremiddelforlaget\/wp-json\/wp\/v2\/product_tag?post=337"}],"curies":[{"name":"wp","href":"https:\/\/api.w.org\/{rel}","templated":true}]}}