{"id":350,"date":"2017-04-12T14:05:45","date_gmt":"2017-04-12T12:05:45","guid":{"rendered":"http:\/\/laeremiddelforlaget.utkast.org\/laeremiddelforlaget\/?post_type=product&#038;p=350"},"modified":"2025-11-05T09:25:28","modified_gmt":"2025-11-05T08:25:28","slug":"bedriftsledelse-arbeidsbok-2","status":"publish","type":"product","link":"https:\/\/lmf.no\/laeremiddelforlaget\/butikk\/mester-byggfag\/bedriftsledelse\/bedriftsledelse-arbeidsbok-2\/","title":{"rendered":"Bedriftsledelse, Arbeidsbok, 3. utgave"},"content":{"rendered":"<p>Forfatter: Rolf Arne Skuterud<br \/>\nISBN: 9788279972273<\/p>\n<p>Arbeidsboken til l\u00e6reverket Bedriftsledelse best\u00e5r av en trykket oppgavebok og en digital ressursside.<\/p>\n<p>P\u00e5 ressurssiden har vi utarbeidet innspill til hvordan oppgavene kan l\u00f8ses. Vi ogs\u00e5 tatt med nyttige eksamenstips og forslag til hvordan elever med lese- og skrivevansker best kan jobbe med stoffet. Generelle tips om hvordan du svarer skriftlig p\u00e5 en oppgave blir ogs\u00e5 gjennomg\u00e5tt.<\/p>\n<p>Ressurssiden inneholder ogs\u00e5 en del Excel-modeller som er nyttige n\u00e5r du skal l\u00f8se \u00f8konomioppgavene. du finner alle lover, forskrifter, standarder etc. som er aktuelle for faget, du finner link til Hovedavtalen NHO\/LO og i tillegg masse annet nyttig stoff.<\/p>\n<p>Du f\u00e5r automatisk tilsendt brukernavn og passord til den digitale ressurssiden n\u00e5r du bestiller den trykte oppgaveboka. Tilgangen til ressurssiden varer i ett \u00e5r.<\/p>\n","protected":false},"excerpt":{"rendered":"<p><span class=\"excerpt-hellip\"> [\u2026]<\/span><\/p>\n","protected":false},"featured_media":4174,"comment_status":"open","ping_status":"closed","template":"","meta":{"rs_blank_template":"","rs_page_bg_color":"","slide_template_v7":""},"product_brand":[],"product_cat":[52,44],"product_tag":[],"class_list":{"0":"post-350","1":"product","2":"type-product","3":"status-publish","4":"has-post-thumbnail","6":"product_cat-bedriftsledelse","7":"product_cat-ledelse-okonomi-og-markedsforing","9":"first","10":"instock","11":"purchasable","12":"product-type-simple"},"yoast_head":"<!-- This site is optimized with the Yoast SEO plugin v27.4 - https:\/\/yoast.com\/product\/yoast-seo-wordpress\/ -->\n<title>Bedriftsledelse, Arbeidsbok, 3. utgave - L\u00e6remiddelforlaget - Skagerrak Forlag AS<\/title>\n<meta name=\"robots\" content=\"index, follow, max-snippet:-1, max-image-preview:large, max-video-preview:-1\" \/>\n<link rel=\"canonical\" href=\"https:\/\/lmf.no\/laeremiddelforlaget\/butikk\/mester-byggfag\/bedriftsledelse\/bedriftsledelse-arbeidsbok-2\/\" \/>\n<meta property=\"og:locale\" content=\"nb_NO\" \/>\n<meta property=\"og:type\" content=\"article\" \/>\n<meta property=\"og:title\" content=\"Bedriftsledelse, Arbeidsbok, 3. utgave - L\u00e6remiddelforlaget - Skagerrak Forlag AS\" \/>\n<meta property=\"og:description\" content=\"[\u2026]\" \/>\n<meta property=\"og:url\" content=\"https:\/\/lmf.no\/laeremiddelforlaget\/butikk\/mester-byggfag\/bedriftsledelse\/bedriftsledelse-arbeidsbok-2\/\" \/>\n<meta property=\"og:site_name\" content=\"L\u00e6remiddelforlaget - Skagerrak Forlag AS\" \/>\n<meta property=\"article:modified_time\" content=\"2025-11-05T08:25:28+00:00\" \/>\n<meta property=\"og:image\" content=\"https:\/\/lmf.no\/laeremiddelforlaget\/wp-content\/uploads\/2017\/04\/Bedriftsledelse_arbeidsbok_omslag_2020_web-3.jpg\" \/>\n\t<meta property=\"og:image:width\" content=\"1038\" \/>\n\t<meta property=\"og:image:height\" content=\"1474\" \/>\n\t<meta property=\"og:image:type\" content=\"image\/jpeg\" \/>\n<meta name=\"twitter:card\" content=\"summary_large_image\" \/>\n<meta name=\"twitter:label1\" content=\"Ansl. lesetid\" \/>\n\t<meta name=\"twitter:data1\" content=\"1 minutt\" \/>\n<script type=\"application\/ld+json\" class=\"yoast-schema-graph\">{\"@context\":\"https:\\\/\\\/schema.org\",\"@graph\":[{\"@type\":\"WebPage\",\"@id\":\"https:\\\/\\\/lmf.no\\\/laeremiddelforlaget\\\/butikk\\\/mester-byggfag\\\/bedriftsledelse\\\/bedriftsledelse-arbeidsbok-2\\\/\",\"url\":\"https:\\\/\\\/lmf.no\\\/laeremiddelforlaget\\\/butikk\\\/mester-byggfag\\\/bedriftsledelse\\\/bedriftsledelse-arbeidsbok-2\\\/\",\"name\":\"Bedriftsledelse, Arbeidsbok, 3. utgave - L\u00e6remiddelforlaget - Skagerrak Forlag AS\",\"isPartOf\":{\"@id\":\"https:\\\/\\\/lmf.no\\\/laeremiddelforlaget\\\/#website\"},\"primaryImageOfPage\":{\"@id\":\"https:\\\/\\\/lmf.no\\\/laeremiddelforlaget\\\/butikk\\\/mester-byggfag\\\/bedriftsledelse\\\/bedriftsledelse-arbeidsbok-2\\\/#primaryimage\"},\"image\":{\"@id\":\"https:\\\/\\\/lmf.no\\\/laeremiddelforlaget\\\/butikk\\\/mester-byggfag\\\/bedriftsledelse\\\/bedriftsledelse-arbeidsbok-2\\\/#primaryimage\"},\"thumbnailUrl\":\"https:\\\/\\\/lmf.no\\\/laeremiddelforlaget\\\/wp-content\\\/uploads\\\/2017\\\/04\\\/Bedriftsledelse_arbeidsbok_omslag_2020_web-3.jpg\",\"datePublished\":\"2017-04-12T12:05:45+00:00\",\"dateModified\":\"2025-11-05T08:25:28+00:00\",\"breadcrumb\":{\"@id\":\"https:\\\/\\\/lmf.no\\\/laeremiddelforlaget\\\/butikk\\\/mester-byggfag\\\/bedriftsledelse\\\/bedriftsledelse-arbeidsbok-2\\\/#breadcrumb\"},\"inLanguage\":\"nb-NO\",\"potentialAction\":[{\"@type\":\"ReadAction\",\"target\":[\"https:\\\/\\\/lmf.no\\\/laeremiddelforlaget\\\/butikk\\\/mester-byggfag\\\/bedriftsledelse\\\/bedriftsledelse-arbeidsbok-2\\\/\"]}]},{\"@type\":\"ImageObject\",\"inLanguage\":\"nb-NO\",\"@id\":\"https:\\\/\\\/lmf.no\\\/laeremiddelforlaget\\\/butikk\\\/mester-byggfag\\\/bedriftsledelse\\\/bedriftsledelse-arbeidsbok-2\\\/#primaryimage\",\"url\":\"https:\\\/\\\/lmf.no\\\/laeremiddelforlaget\\\/wp-content\\\/uploads\\\/2017\\\/04\\\/Bedriftsledelse_arbeidsbok_omslag_2020_web-3.jpg\",\"contentUrl\":\"https:\\\/\\\/lmf.no\\\/laeremiddelforlaget\\\/wp-content\\\/uploads\\\/2017\\\/04\\\/Bedriftsledelse_arbeidsbok_omslag_2020_web-3.jpg\",\"width\":1038,\"height\":1474},{\"@type\":\"BreadcrumbList\",\"@id\":\"https:\\\/\\\/lmf.no\\\/laeremiddelforlaget\\\/butikk\\\/mester-byggfag\\\/bedriftsledelse\\\/bedriftsledelse-arbeidsbok-2\\\/#breadcrumb\",\"itemListElement\":[{\"@type\":\"ListItem\",\"position\":1,\"name\":\"Hjem\",\"item\":\"https:\\\/\\\/lmf.no\\\/laeremiddelforlaget\\\/\"},{\"@type\":\"ListItem\",\"position\":2,\"name\":\"Butikk\",\"item\":\"https:\\\/\\\/lmf.no\\\/laeremiddelforlaget\\\/butikk\\\/\"},{\"@type\":\"ListItem\",\"position\":3,\"name\":\"Bedriftsledelse, Arbeidsbok, 3. utgave\"}]},{\"@type\":\"WebSite\",\"@id\":\"https:\\\/\\\/lmf.no\\\/laeremiddelforlaget\\\/#website\",\"url\":\"https:\\\/\\\/lmf.no\\\/laeremiddelforlaget\\\/\",\"name\":\"L\u00e6remiddelforlaget - Skagerrak Forlag AS\",\"description\":\"Utgivelse av l\u00e6reb\u00f8ker\",\"potentialAction\":[{\"@type\":\"SearchAction\",\"target\":{\"@type\":\"EntryPoint\",\"urlTemplate\":\"https:\\\/\\\/lmf.no\\\/laeremiddelforlaget\\\/?s={search_term_string}\"},\"query-input\":{\"@type\":\"PropertyValueSpecification\",\"valueRequired\":true,\"valueName\":\"search_term_string\"}}],\"inLanguage\":\"nb-NO\"}]}<\/script>\n<!-- \/ Yoast SEO plugin. -->","yoast_head_json":{"title":"Bedriftsledelse, Arbeidsbok, 3. utgave - L\u00e6remiddelforlaget - Skagerrak Forlag AS","robots":{"index":"index","follow":"follow","max-snippet":"max-snippet:-1","max-image-preview":"max-image-preview:large","max-video-preview":"max-video-preview:-1"},"canonical":"https:\/\/lmf.no\/laeremiddelforlaget\/butikk\/mester-byggfag\/bedriftsledelse\/bedriftsledelse-arbeidsbok-2\/","og_locale":"nb_NO","og_type":"article","og_title":"Bedriftsledelse, Arbeidsbok, 3. utgave - L\u00e6remiddelforlaget - Skagerrak Forlag AS","og_description":"[\u2026]","og_url":"https:\/\/lmf.no\/laeremiddelforlaget\/butikk\/mester-byggfag\/bedriftsledelse\/bedriftsledelse-arbeidsbok-2\/","og_site_name":"L\u00e6remiddelforlaget - Skagerrak Forlag AS","article_modified_time":"2025-11-05T08:25:28+00:00","og_image":[{"width":1038,"height":1474,"url":"https:\/\/lmf.no\/laeremiddelforlaget\/wp-content\/uploads\/2017\/04\/Bedriftsledelse_arbeidsbok_omslag_2020_web-3.jpg","type":"image\/jpeg"}],"twitter_card":"summary_large_image","twitter_misc":{"Ansl. lesetid":"1 minutt"},"schema":{"@context":"https:\/\/schema.org","@graph":[{"@type":"WebPage","@id":"https:\/\/lmf.no\/laeremiddelforlaget\/butikk\/mester-byggfag\/bedriftsledelse\/bedriftsledelse-arbeidsbok-2\/","url":"https:\/\/lmf.no\/laeremiddelforlaget\/butikk\/mester-byggfag\/bedriftsledelse\/bedriftsledelse-arbeidsbok-2\/","name":"Bedriftsledelse, Arbeidsbok, 3. utgave - L\u00e6remiddelforlaget - Skagerrak Forlag AS","isPartOf":{"@id":"https:\/\/lmf.no\/laeremiddelforlaget\/#website"},"primaryImageOfPage":{"@id":"https:\/\/lmf.no\/laeremiddelforlaget\/butikk\/mester-byggfag\/bedriftsledelse\/bedriftsledelse-arbeidsbok-2\/#primaryimage"},"image":{"@id":"https:\/\/lmf.no\/laeremiddelforlaget\/butikk\/mester-byggfag\/bedriftsledelse\/bedriftsledelse-arbeidsbok-2\/#primaryimage"},"thumbnailUrl":"https:\/\/lmf.no\/laeremiddelforlaget\/wp-content\/uploads\/2017\/04\/Bedriftsledelse_arbeidsbok_omslag_2020_web-3.jpg","datePublished":"2017-04-12T12:05:45+00:00","dateModified":"2025-11-05T08:25:28+00:00","breadcrumb":{"@id":"https:\/\/lmf.no\/laeremiddelforlaget\/butikk\/mester-byggfag\/bedriftsledelse\/bedriftsledelse-arbeidsbok-2\/#breadcrumb"},"inLanguage":"nb-NO","potentialAction":[{"@type":"ReadAction","target":["https:\/\/lmf.no\/laeremiddelforlaget\/butikk\/mester-byggfag\/bedriftsledelse\/bedriftsledelse-arbeidsbok-2\/"]}]},{"@type":"ImageObject","inLanguage":"nb-NO","@id":"https:\/\/lmf.no\/laeremiddelforlaget\/butikk\/mester-byggfag\/bedriftsledelse\/bedriftsledelse-arbeidsbok-2\/#primaryimage","url":"https:\/\/lmf.no\/laeremiddelforlaget\/wp-content\/uploads\/2017\/04\/Bedriftsledelse_arbeidsbok_omslag_2020_web-3.jpg","contentUrl":"https:\/\/lmf.no\/laeremiddelforlaget\/wp-content\/uploads\/2017\/04\/Bedriftsledelse_arbeidsbok_omslag_2020_web-3.jpg","width":1038,"height":1474},{"@type":"BreadcrumbList","@id":"https:\/\/lmf.no\/laeremiddelforlaget\/butikk\/mester-byggfag\/bedriftsledelse\/bedriftsledelse-arbeidsbok-2\/#breadcrumb","itemListElement":[{"@type":"ListItem","position":1,"name":"Hjem","item":"https:\/\/lmf.no\/laeremiddelforlaget\/"},{"@type":"ListItem","position":2,"name":"Butikk","item":"https:\/\/lmf.no\/laeremiddelforlaget\/butikk\/"},{"@type":"ListItem","position":3,"name":"Bedriftsledelse, Arbeidsbok, 3. utgave"}]},{"@type":"WebSite","@id":"https:\/\/lmf.no\/laeremiddelforlaget\/#website","url":"https:\/\/lmf.no\/laeremiddelforlaget\/","name":"L\u00e6remiddelforlaget - Skagerrak Forlag AS","description":"Utgivelse av l\u00e6reb\u00f8ker","potentialAction":[{"@type":"SearchAction","target":{"@type":"EntryPoint","urlTemplate":"https:\/\/lmf.no\/laeremiddelforlaget\/?s={search_term_string}"},"query-input":{"@type":"PropertyValueSpecification","valueRequired":true,"valueName":"search_term_string"}}],"inLanguage":"nb-NO"}]}},"_links":{"self":[{"href":"https:\/\/lmf.no\/laeremiddelforlaget\/wp-json\/wp\/v2\/product\/350","targetHints":{"allow":["GET"]}}],"collection":[{"href":"https:\/\/lmf.no\/laeremiddelforlaget\/wp-json\/wp\/v2\/product"}],"about":[{"href":"https:\/\/lmf.no\/laeremiddelforlaget\/wp-json\/wp\/v2\/types\/product"}],"replies":[{"embeddable":true,"href":"https:\/\/lmf.no\/laeremiddelforlaget\/wp-json\/wp\/v2\/comments?post=350"}],"wp:featuredmedia":[{"embeddable":true,"href":"https:\/\/lmf.no\/laeremiddelforlaget\/wp-json\/wp\/v2\/media\/4174"}],"wp:attachment":[{"href":"https:\/\/lmf.no\/laeremiddelforlaget\/wp-json\/wp\/v2\/media?parent=350"}],"wp:term":[{"taxonomy":"product_brand","embeddable":true,"href":"https:\/\/lmf.no\/laeremiddelforlaget\/wp-json\/wp\/v2\/product_brand?post=350"},{"taxonomy":"product_cat","embeddable":true,"href":"https:\/\/lmf.no\/laeremiddelforlaget\/wp-json\/wp\/v2\/product_cat?post=350"},{"taxonomy":"product_tag","embeddable":true,"href":"https:\/\/lmf.no\/laeremiddelforlaget\/wp-json\/wp\/v2\/product_tag?post=350"}],"curies":[{"name":"wp","href":"https:\/\/api.w.org\/{rel}","templated":true}]}}