{"id":366,"date":"2017-04-12T14:18:35","date_gmt":"2017-04-12T12:18:35","guid":{"rendered":"http:\/\/laeremiddelforlaget.utkast.org\/laeremiddelforlaget\/?post_type=product&#038;p=366"},"modified":"2025-06-25T10:34:20","modified_gmt":"2025-06-25T08:34:20","slug":"byggesaker","status":"publish","type":"product","link":"https:\/\/lmf.no\/laeremiddelforlaget\/butikk\/mester-byggfag\/faglig-ledelse\/byggesaker\/","title":{"rendered":"Byggesaken"},"content":{"rendered":"<p>Forfatter: K\u00e5re Bua og Anders Digernes<br \/>\nISBN: 978-82-7997-237-2<\/p>\n<p>Den nye utgaven av Byggesaken fra august 2022 er skrevet etter den nyeste l\u00e6replanen i faglig ledelse for Mesterpr\u00f8ven. Boka dekker fellesmodulene byggfag, og brukes i tillegg ved en rekke fagskoler.<br \/>\nBoka omhandler en rekke lover, forskrifter, veiledninger og standarder som regulerer virksomheten i byggebransjen. Videre gir den kunnskap om hvordan en starter opp og driver en liten byggebedrift. Oppl\u00e6ringen i bransjen og spesielt fagoppl\u00e6ringen blir ogs\u00e5 omtalt. Videre blir HMS og kvalitetssikring behandlet.<\/p>\n<p>Sist, men ikke minst blir byggesaken med alle dens faser og aktiviteter omtalt. Stoffet blir presentert p\u00e5 en praktisk og oversiktlig m\u00e5te, og vi har ogs\u00e5 tatt med eksempler der vi synes det er passende.<\/p>\n","protected":false},"excerpt":{"rendered":"<p><span class=\"excerpt-hellip\"> [\u2026]<\/span><\/p>\n","protected":false},"featured_media":3325,"comment_status":"open","ping_status":"closed","template":"","meta":{"rs_blank_template":"","rs_page_bg_color":"","slide_template_v7":""},"product_brand":[],"product_cat":[61,54],"product_tag":[],"class_list":{"0":"post-366","1":"product","2":"type-product","3":"status-publish","4":"has-post-thumbnail","6":"product_cat-boker-neak","7":"product_cat-faglig-ledelse","9":"first","10":"instock","11":"taxable","12":"shipping-taxable","13":"purchasable","14":"product-type-simple"},"yoast_head":"<!-- This site is optimized with the Yoast SEO plugin v27.4 - https:\/\/yoast.com\/product\/yoast-seo-wordpress\/ -->\n<title>Byggesaken - L\u00e6remiddelforlaget - Skagerrak Forlag AS<\/title>\n<meta name=\"robots\" content=\"index, follow, max-snippet:-1, max-image-preview:large, max-video-preview:-1\" \/>\n<link rel=\"canonical\" href=\"https:\/\/lmf.no\/laeremiddelforlaget\/butikk\/mester-byggfag\/faglig-ledelse\/byggesaker\/\" \/>\n<meta property=\"og:locale\" content=\"nb_NO\" \/>\n<meta property=\"og:type\" content=\"article\" \/>\n<meta property=\"og:title\" content=\"Byggesaken - L\u00e6remiddelforlaget - Skagerrak Forlag AS\" \/>\n<meta property=\"og:description\" content=\"[\u2026]\" \/>\n<meta property=\"og:url\" content=\"https:\/\/lmf.no\/laeremiddelforlaget\/butikk\/mester-byggfag\/faglig-ledelse\/byggesaker\/\" \/>\n<meta property=\"og:site_name\" content=\"L\u00e6remiddelforlaget - Skagerrak Forlag AS\" \/>\n<meta property=\"article:modified_time\" content=\"2025-06-25T08:34:20+00:00\" \/>\n<meta property=\"og:image\" content=\"https:\/\/lmf.no\/laeremiddelforlaget\/wp-content\/uploads\/2017\/04\/Forside-til-hjemmesiden-2022.jpg\" \/>\n\t<meta property=\"og:image:width\" content=\"200\" \/>\n\t<meta property=\"og:image:height\" content=\"257\" \/>\n\t<meta property=\"og:image:type\" content=\"image\/jpeg\" \/>\n<meta name=\"twitter:card\" content=\"summary_large_image\" \/>\n<meta name=\"twitter:label1\" content=\"Ansl. lesetid\" \/>\n\t<meta name=\"twitter:data1\" content=\"1 minutt\" \/>\n<script type=\"application\/ld+json\" class=\"yoast-schema-graph\">{\"@context\":\"https:\\\/\\\/schema.org\",\"@graph\":[{\"@type\":\"WebPage\",\"@id\":\"https:\\\/\\\/lmf.no\\\/laeremiddelforlaget\\\/butikk\\\/mester-byggfag\\\/faglig-ledelse\\\/byggesaker\\\/\",\"url\":\"https:\\\/\\\/lmf.no\\\/laeremiddelforlaget\\\/butikk\\\/mester-byggfag\\\/faglig-ledelse\\\/byggesaker\\\/\",\"name\":\"Byggesaken - L\u00e6remiddelforlaget - Skagerrak Forlag AS\",\"isPartOf\":{\"@id\":\"https:\\\/\\\/lmf.no\\\/laeremiddelforlaget\\\/#website\"},\"primaryImageOfPage\":{\"@id\":\"https:\\\/\\\/lmf.no\\\/laeremiddelforlaget\\\/butikk\\\/mester-byggfag\\\/faglig-ledelse\\\/byggesaker\\\/#primaryimage\"},\"image\":{\"@id\":\"https:\\\/\\\/lmf.no\\\/laeremiddelforlaget\\\/butikk\\\/mester-byggfag\\\/faglig-ledelse\\\/byggesaker\\\/#primaryimage\"},\"thumbnailUrl\":\"https:\\\/\\\/lmf.no\\\/laeremiddelforlaget\\\/wp-content\\\/uploads\\\/2017\\\/04\\\/Forside-til-hjemmesiden-2022.jpg\",\"datePublished\":\"2017-04-12T12:18:35+00:00\",\"dateModified\":\"2025-06-25T08:34:20+00:00\",\"breadcrumb\":{\"@id\":\"https:\\\/\\\/lmf.no\\\/laeremiddelforlaget\\\/butikk\\\/mester-byggfag\\\/faglig-ledelse\\\/byggesaker\\\/#breadcrumb\"},\"inLanguage\":\"nb-NO\",\"potentialAction\":[{\"@type\":\"ReadAction\",\"target\":[\"https:\\\/\\\/lmf.no\\\/laeremiddelforlaget\\\/butikk\\\/mester-byggfag\\\/faglig-ledelse\\\/byggesaker\\\/\"]}]},{\"@type\":\"ImageObject\",\"inLanguage\":\"nb-NO\",\"@id\":\"https:\\\/\\\/lmf.no\\\/laeremiddelforlaget\\\/butikk\\\/mester-byggfag\\\/faglig-ledelse\\\/byggesaker\\\/#primaryimage\",\"url\":\"https:\\\/\\\/lmf.no\\\/laeremiddelforlaget\\\/wp-content\\\/uploads\\\/2017\\\/04\\\/Forside-til-hjemmesiden-2022.jpg\",\"contentUrl\":\"https:\\\/\\\/lmf.no\\\/laeremiddelforlaget\\\/wp-content\\\/uploads\\\/2017\\\/04\\\/Forside-til-hjemmesiden-2022.jpg\",\"width\":200,\"height\":257},{\"@type\":\"BreadcrumbList\",\"@id\":\"https:\\\/\\\/lmf.no\\\/laeremiddelforlaget\\\/butikk\\\/mester-byggfag\\\/faglig-ledelse\\\/byggesaker\\\/#breadcrumb\",\"itemListElement\":[{\"@type\":\"ListItem\",\"position\":1,\"name\":\"Hjem\",\"item\":\"https:\\\/\\\/lmf.no\\\/laeremiddelforlaget\\\/\"},{\"@type\":\"ListItem\",\"position\":2,\"name\":\"Butikk\",\"item\":\"https:\\\/\\\/lmf.no\\\/laeremiddelforlaget\\\/butikk\\\/\"},{\"@type\":\"ListItem\",\"position\":3,\"name\":\"Byggesaken\"}]},{\"@type\":\"WebSite\",\"@id\":\"https:\\\/\\\/lmf.no\\\/laeremiddelforlaget\\\/#website\",\"url\":\"https:\\\/\\\/lmf.no\\\/laeremiddelforlaget\\\/\",\"name\":\"L\u00e6remiddelforlaget - Skagerrak Forlag AS\",\"description\":\"Utgivelse av l\u00e6reb\u00f8ker\",\"potentialAction\":[{\"@type\":\"SearchAction\",\"target\":{\"@type\":\"EntryPoint\",\"urlTemplate\":\"https:\\\/\\\/lmf.no\\\/laeremiddelforlaget\\\/?s={search_term_string}\"},\"query-input\":{\"@type\":\"PropertyValueSpecification\",\"valueRequired\":true,\"valueName\":\"search_term_string\"}}],\"inLanguage\":\"nb-NO\"}]}<\/script>\n<!-- \/ Yoast SEO plugin. -->","yoast_head_json":{"title":"Byggesaken - L\u00e6remiddelforlaget - Skagerrak Forlag AS","robots":{"index":"index","follow":"follow","max-snippet":"max-snippet:-1","max-image-preview":"max-image-preview:large","max-video-preview":"max-video-preview:-1"},"canonical":"https:\/\/lmf.no\/laeremiddelforlaget\/butikk\/mester-byggfag\/faglig-ledelse\/byggesaker\/","og_locale":"nb_NO","og_type":"article","og_title":"Byggesaken - L\u00e6remiddelforlaget - Skagerrak Forlag AS","og_description":"[\u2026]","og_url":"https:\/\/lmf.no\/laeremiddelforlaget\/butikk\/mester-byggfag\/faglig-ledelse\/byggesaker\/","og_site_name":"L\u00e6remiddelforlaget - Skagerrak Forlag AS","article_modified_time":"2025-06-25T08:34:20+00:00","og_image":[{"width":200,"height":257,"url":"https:\/\/lmf.no\/laeremiddelforlaget\/wp-content\/uploads\/2017\/04\/Forside-til-hjemmesiden-2022.jpg","type":"image\/jpeg"}],"twitter_card":"summary_large_image","twitter_misc":{"Ansl. lesetid":"1 minutt"},"schema":{"@context":"https:\/\/schema.org","@graph":[{"@type":"WebPage","@id":"https:\/\/lmf.no\/laeremiddelforlaget\/butikk\/mester-byggfag\/faglig-ledelse\/byggesaker\/","url":"https:\/\/lmf.no\/laeremiddelforlaget\/butikk\/mester-byggfag\/faglig-ledelse\/byggesaker\/","name":"Byggesaken - L\u00e6remiddelforlaget - Skagerrak Forlag AS","isPartOf":{"@id":"https:\/\/lmf.no\/laeremiddelforlaget\/#website"},"primaryImageOfPage":{"@id":"https:\/\/lmf.no\/laeremiddelforlaget\/butikk\/mester-byggfag\/faglig-ledelse\/byggesaker\/#primaryimage"},"image":{"@id":"https:\/\/lmf.no\/laeremiddelforlaget\/butikk\/mester-byggfag\/faglig-ledelse\/byggesaker\/#primaryimage"},"thumbnailUrl":"https:\/\/lmf.no\/laeremiddelforlaget\/wp-content\/uploads\/2017\/04\/Forside-til-hjemmesiden-2022.jpg","datePublished":"2017-04-12T12:18:35+00:00","dateModified":"2025-06-25T08:34:20+00:00","breadcrumb":{"@id":"https:\/\/lmf.no\/laeremiddelforlaget\/butikk\/mester-byggfag\/faglig-ledelse\/byggesaker\/#breadcrumb"},"inLanguage":"nb-NO","potentialAction":[{"@type":"ReadAction","target":["https:\/\/lmf.no\/laeremiddelforlaget\/butikk\/mester-byggfag\/faglig-ledelse\/byggesaker\/"]}]},{"@type":"ImageObject","inLanguage":"nb-NO","@id":"https:\/\/lmf.no\/laeremiddelforlaget\/butikk\/mester-byggfag\/faglig-ledelse\/byggesaker\/#primaryimage","url":"https:\/\/lmf.no\/laeremiddelforlaget\/wp-content\/uploads\/2017\/04\/Forside-til-hjemmesiden-2022.jpg","contentUrl":"https:\/\/lmf.no\/laeremiddelforlaget\/wp-content\/uploads\/2017\/04\/Forside-til-hjemmesiden-2022.jpg","width":200,"height":257},{"@type":"BreadcrumbList","@id":"https:\/\/lmf.no\/laeremiddelforlaget\/butikk\/mester-byggfag\/faglig-ledelse\/byggesaker\/#breadcrumb","itemListElement":[{"@type":"ListItem","position":1,"name":"Hjem","item":"https:\/\/lmf.no\/laeremiddelforlaget\/"},{"@type":"ListItem","position":2,"name":"Butikk","item":"https:\/\/lmf.no\/laeremiddelforlaget\/butikk\/"},{"@type":"ListItem","position":3,"name":"Byggesaken"}]},{"@type":"WebSite","@id":"https:\/\/lmf.no\/laeremiddelforlaget\/#website","url":"https:\/\/lmf.no\/laeremiddelforlaget\/","name":"L\u00e6remiddelforlaget - Skagerrak Forlag AS","description":"Utgivelse av l\u00e6reb\u00f8ker","potentialAction":[{"@type":"SearchAction","target":{"@type":"EntryPoint","urlTemplate":"https:\/\/lmf.no\/laeremiddelforlaget\/?s={search_term_string}"},"query-input":{"@type":"PropertyValueSpecification","valueRequired":true,"valueName":"search_term_string"}}],"inLanguage":"nb-NO"}]}},"_links":{"self":[{"href":"https:\/\/lmf.no\/laeremiddelforlaget\/wp-json\/wp\/v2\/product\/366","targetHints":{"allow":["GET"]}}],"collection":[{"href":"https:\/\/lmf.no\/laeremiddelforlaget\/wp-json\/wp\/v2\/product"}],"about":[{"href":"https:\/\/lmf.no\/laeremiddelforlaget\/wp-json\/wp\/v2\/types\/product"}],"replies":[{"embeddable":true,"href":"https:\/\/lmf.no\/laeremiddelforlaget\/wp-json\/wp\/v2\/comments?post=366"}],"wp:featuredmedia":[{"embeddable":true,"href":"https:\/\/lmf.no\/laeremiddelforlaget\/wp-json\/wp\/v2\/media\/3325"}],"wp:attachment":[{"href":"https:\/\/lmf.no\/laeremiddelforlaget\/wp-json\/wp\/v2\/media?parent=366"}],"wp:term":[{"taxonomy":"product_brand","embeddable":true,"href":"https:\/\/lmf.no\/laeremiddelforlaget\/wp-json\/wp\/v2\/product_brand?post=366"},{"taxonomy":"product_cat","embeddable":true,"href":"https:\/\/lmf.no\/laeremiddelforlaget\/wp-json\/wp\/v2\/product_cat?post=366"},{"taxonomy":"product_tag","embeddable":true,"href":"https:\/\/lmf.no\/laeremiddelforlaget\/wp-json\/wp\/v2\/product_tag?post=366"}],"curies":[{"name":"wp","href":"https:\/\/api.w.org\/{rel}","templated":true}]}}