{"id":372,"date":"2017-04-12T14:23:21","date_gmt":"2017-04-12T12:23:21","guid":{"rendered":"http:\/\/laeremiddelforlaget.utkast.org\/laeremiddelforlaget\/?post_type=product&#038;p=372"},"modified":"2024-07-30T17:24:33","modified_gmt":"2024-07-30T15:24:33","slug":"kvalitetsmanual","status":"publish","type":"product","link":"https:\/\/lmf.no\/laeremiddelforlaget\/butikk\/mester-byggfag\/kvalitetsmanual-for-byggfag\/kvalitetsmanual\/","title":{"rendered":"Kvalitetsmanual for byggfag"},"content":{"rendered":"<p><strong>Markedets enkleste og rimeligste KS- og HMS-system<\/strong><\/p>\n<ul>\n<li>Hvorfor gj\u00f8re det vanskeligere enn det er?<\/li>\n<li>Hvorfor bruke mer penger enn n\u00f8dvendig?<\/li>\n<\/ul>\n<p>Vi har i samarbeid med Byggr\u00e5dhuset AS utviklet et kvalitetssikrings-<br \/>\nog HMS-system som er enkelt og rimelig, men som samtidig oppfyller alle krav med hensyn til \u00e5 f\u00e5 sentral godkjenning.<\/p>\n<p>Systemet kalles \u201dKvalitetsmanual for byggfag\u201d og den er revidert og ajour med alle endringer i lovverket pr. 10.01.2018.<\/p>\n<p>\u201dKvalitetsmanual for byggfag\u201d passer perfekt for sm\u00e5 og mellomstore<br \/>\nbedrifter innenfor alle byggfag. Den best\u00e5r av en ringperm hvor du finner alle skjemaer og sjekklister i papirformat, og i tillegg f\u00e5r du tilgang til nettsiden <a href=\"http:\/\/kvalitetsmanualen.lmf.no\/\" target=\"_blank\" rel=\"noopener noreferrer\">http:\/\/kvalitetsmanualen.lmf.no<\/a> som inneholder de samme skjemaene for elektronisk utfylling.<\/p>\n<p>Systemet oppdateres fortl\u00f8pende n\u00e5r endring i lovverket krever det. Hver gang det blir gjort endringer, vil disse bli lagt ut p\u00e5 nettsidene slik at du selv kan skrive ut de sidene som er endret. \u00c5rlig abonnementsavgift er kun kr 925,- eks. mva.<\/p>\n<p>Vi har pr. i dag over 500 brukere, og tilbakemeldingene er udelt positive. Kvalitetsmanualen brukes ogs\u00e5 i Mesterutdanningen.<\/p>\n<p>Kvalitetsmanualen er ikke bare enkel og praktisk \u00e5 bruke. Den er ogs\u00e5 s\u00e6rdeles rimelig sammenlignet med andre systemer p\u00e5 markedet. Den koster <strong>kun kr 1 995,- eks mva<\/strong>.<\/p>\n<p>S\u00e5 hvorfor vente? Bestill i dag og vurder den selv! Du har 30 dagers full returrett dersom du ikke er forn\u00f8yd.<\/p>\n","protected":false},"excerpt":{"rendered":"<p><span class=\"excerpt-hellip\"> [\u2026]<\/span><\/p>\n","protected":false},"featured_media":373,"comment_status":"open","ping_status":"closed","template":"","meta":{"rs_blank_template":"","rs_page_bg_color":"","slide_template_v7":""},"product_brand":[],"product_cat":[56],"product_tag":[],"class_list":{"0":"post-372","1":"product","2":"type-product","3":"status-publish","4":"has-post-thumbnail","6":"product_cat-kvalitetsmanual-for-byggfag","8":"first","9":"instock","10":"taxable","11":"shipping-taxable","12":"purchasable","13":"product-type-simple"},"yoast_head":"<!-- This site is optimized with the Yoast SEO plugin v27.4 - https:\/\/yoast.com\/product\/yoast-seo-wordpress\/ -->\n<title>Kvalitetsmanual for byggfag - L\u00e6remiddelforlaget - Skagerrak Forlag AS<\/title>\n<meta name=\"description\" content=\"V\u00e5r kvalitetsmanual for byggfag er markedets enkleste og rimeligste KS- og HMS-system.\" \/>\n<meta name=\"robots\" content=\"index, follow, max-snippet:-1, max-image-preview:large, max-video-preview:-1\" \/>\n<link rel=\"canonical\" href=\"https:\/\/lmf.no\/laeremiddelforlaget\/butikk\/mester-byggfag\/kvalitetsmanual-for-byggfag\/kvalitetsmanual\/\" \/>\n<meta property=\"og:locale\" content=\"nb_NO\" \/>\n<meta property=\"og:type\" content=\"article\" \/>\n<meta property=\"og:title\" content=\"Kvalitetsmanual for byggfag - L\u00e6remiddelforlaget - Skagerrak Forlag AS\" \/>\n<meta property=\"og:description\" content=\"V\u00e5r kvalitetsmanual for byggfag er markedets enkleste og rimeligste KS- og HMS-system.\" \/>\n<meta property=\"og:url\" content=\"https:\/\/lmf.no\/laeremiddelforlaget\/butikk\/mester-byggfag\/kvalitetsmanual-for-byggfag\/kvalitetsmanual\/\" \/>\n<meta property=\"og:site_name\" content=\"L\u00e6remiddelforlaget - Skagerrak Forlag AS\" \/>\n<meta property=\"article:modified_time\" content=\"2024-07-30T15:24:33+00:00\" \/>\n<meta property=\"og:image\" content=\"https:\/\/lmf.no\/laeremiddelforlaget\/wp-content\/uploads\/2017\/04\/Valdal-tegning-RGB_1.jpg\" \/>\n\t<meta property=\"og:image:width\" content=\"200\" \/>\n\t<meta property=\"og:image:height\" content=\"269\" \/>\n\t<meta property=\"og:image:type\" content=\"image\/jpeg\" \/>\n<meta name=\"twitter:card\" content=\"summary_large_image\" \/>\n<meta name=\"twitter:label1\" content=\"Ansl. lesetid\" \/>\n\t<meta name=\"twitter:data1\" content=\"1 minutt\" \/>\n<script type=\"application\/ld+json\" class=\"yoast-schema-graph\">{\"@context\":\"https:\\\/\\\/schema.org\",\"@graph\":[{\"@type\":\"WebPage\",\"@id\":\"https:\\\/\\\/lmf.no\\\/laeremiddelforlaget\\\/butikk\\\/mester-byggfag\\\/kvalitetsmanual-for-byggfag\\\/kvalitetsmanual\\\/\",\"url\":\"https:\\\/\\\/lmf.no\\\/laeremiddelforlaget\\\/butikk\\\/mester-byggfag\\\/kvalitetsmanual-for-byggfag\\\/kvalitetsmanual\\\/\",\"name\":\"Kvalitetsmanual for byggfag - L\u00e6remiddelforlaget - Skagerrak Forlag AS\",\"isPartOf\":{\"@id\":\"https:\\\/\\\/lmf.no\\\/laeremiddelforlaget\\\/#website\"},\"primaryImageOfPage\":{\"@id\":\"https:\\\/\\\/lmf.no\\\/laeremiddelforlaget\\\/butikk\\\/mester-byggfag\\\/kvalitetsmanual-for-byggfag\\\/kvalitetsmanual\\\/#primaryimage\"},\"image\":{\"@id\":\"https:\\\/\\\/lmf.no\\\/laeremiddelforlaget\\\/butikk\\\/mester-byggfag\\\/kvalitetsmanual-for-byggfag\\\/kvalitetsmanual\\\/#primaryimage\"},\"thumbnailUrl\":\"https:\\\/\\\/lmf.no\\\/laeremiddelforlaget\\\/wp-content\\\/uploads\\\/2017\\\/04\\\/Valdal-tegning-RGB_1.jpg\",\"datePublished\":\"2017-04-12T12:23:21+00:00\",\"dateModified\":\"2024-07-30T15:24:33+00:00\",\"description\":\"V\u00e5r kvalitetsmanual for byggfag er markedets enkleste og rimeligste KS- og HMS-system.\",\"breadcrumb\":{\"@id\":\"https:\\\/\\\/lmf.no\\\/laeremiddelforlaget\\\/butikk\\\/mester-byggfag\\\/kvalitetsmanual-for-byggfag\\\/kvalitetsmanual\\\/#breadcrumb\"},\"inLanguage\":\"nb-NO\",\"potentialAction\":[{\"@type\":\"ReadAction\",\"target\":[\"https:\\\/\\\/lmf.no\\\/laeremiddelforlaget\\\/butikk\\\/mester-byggfag\\\/kvalitetsmanual-for-byggfag\\\/kvalitetsmanual\\\/\"]}]},{\"@type\":\"ImageObject\",\"inLanguage\":\"nb-NO\",\"@id\":\"https:\\\/\\\/lmf.no\\\/laeremiddelforlaget\\\/butikk\\\/mester-byggfag\\\/kvalitetsmanual-for-byggfag\\\/kvalitetsmanual\\\/#primaryimage\",\"url\":\"https:\\\/\\\/lmf.no\\\/laeremiddelforlaget\\\/wp-content\\\/uploads\\\/2017\\\/04\\\/Valdal-tegning-RGB_1.jpg\",\"contentUrl\":\"https:\\\/\\\/lmf.no\\\/laeremiddelforlaget\\\/wp-content\\\/uploads\\\/2017\\\/04\\\/Valdal-tegning-RGB_1.jpg\",\"width\":200,\"height\":269},{\"@type\":\"BreadcrumbList\",\"@id\":\"https:\\\/\\\/lmf.no\\\/laeremiddelforlaget\\\/butikk\\\/mester-byggfag\\\/kvalitetsmanual-for-byggfag\\\/kvalitetsmanual\\\/#breadcrumb\",\"itemListElement\":[{\"@type\":\"ListItem\",\"position\":1,\"name\":\"Hjem\",\"item\":\"https:\\\/\\\/lmf.no\\\/laeremiddelforlaget\\\/\"},{\"@type\":\"ListItem\",\"position\":2,\"name\":\"Butikk\",\"item\":\"https:\\\/\\\/lmf.no\\\/laeremiddelforlaget\\\/butikk\\\/\"},{\"@type\":\"ListItem\",\"position\":3,\"name\":\"Kvalitetsmanual for byggfag\"}]},{\"@type\":\"WebSite\",\"@id\":\"https:\\\/\\\/lmf.no\\\/laeremiddelforlaget\\\/#website\",\"url\":\"https:\\\/\\\/lmf.no\\\/laeremiddelforlaget\\\/\",\"name\":\"L\u00e6remiddelforlaget - Skagerrak Forlag AS\",\"description\":\"Utgivelse av l\u00e6reb\u00f8ker\",\"potentialAction\":[{\"@type\":\"SearchAction\",\"target\":{\"@type\":\"EntryPoint\",\"urlTemplate\":\"https:\\\/\\\/lmf.no\\\/laeremiddelforlaget\\\/?s={search_term_string}\"},\"query-input\":{\"@type\":\"PropertyValueSpecification\",\"valueRequired\":true,\"valueName\":\"search_term_string\"}}],\"inLanguage\":\"nb-NO\"}]}<\/script>\n<!-- \/ Yoast SEO plugin. -->","yoast_head_json":{"title":"Kvalitetsmanual for byggfag - L\u00e6remiddelforlaget - Skagerrak Forlag AS","description":"V\u00e5r kvalitetsmanual for byggfag er markedets enkleste og rimeligste KS- og HMS-system.","robots":{"index":"index","follow":"follow","max-snippet":"max-snippet:-1","max-image-preview":"max-image-preview:large","max-video-preview":"max-video-preview:-1"},"canonical":"https:\/\/lmf.no\/laeremiddelforlaget\/butikk\/mester-byggfag\/kvalitetsmanual-for-byggfag\/kvalitetsmanual\/","og_locale":"nb_NO","og_type":"article","og_title":"Kvalitetsmanual for byggfag - L\u00e6remiddelforlaget - Skagerrak Forlag AS","og_description":"V\u00e5r kvalitetsmanual for byggfag er markedets enkleste og rimeligste KS- og HMS-system.","og_url":"https:\/\/lmf.no\/laeremiddelforlaget\/butikk\/mester-byggfag\/kvalitetsmanual-for-byggfag\/kvalitetsmanual\/","og_site_name":"L\u00e6remiddelforlaget - Skagerrak Forlag AS","article_modified_time":"2024-07-30T15:24:33+00:00","og_image":[{"width":200,"height":269,"url":"https:\/\/lmf.no\/laeremiddelforlaget\/wp-content\/uploads\/2017\/04\/Valdal-tegning-RGB_1.jpg","type":"image\/jpeg"}],"twitter_card":"summary_large_image","twitter_misc":{"Ansl. lesetid":"1 minutt"},"schema":{"@context":"https:\/\/schema.org","@graph":[{"@type":"WebPage","@id":"https:\/\/lmf.no\/laeremiddelforlaget\/butikk\/mester-byggfag\/kvalitetsmanual-for-byggfag\/kvalitetsmanual\/","url":"https:\/\/lmf.no\/laeremiddelforlaget\/butikk\/mester-byggfag\/kvalitetsmanual-for-byggfag\/kvalitetsmanual\/","name":"Kvalitetsmanual for byggfag - L\u00e6remiddelforlaget - Skagerrak Forlag AS","isPartOf":{"@id":"https:\/\/lmf.no\/laeremiddelforlaget\/#website"},"primaryImageOfPage":{"@id":"https:\/\/lmf.no\/laeremiddelforlaget\/butikk\/mester-byggfag\/kvalitetsmanual-for-byggfag\/kvalitetsmanual\/#primaryimage"},"image":{"@id":"https:\/\/lmf.no\/laeremiddelforlaget\/butikk\/mester-byggfag\/kvalitetsmanual-for-byggfag\/kvalitetsmanual\/#primaryimage"},"thumbnailUrl":"https:\/\/lmf.no\/laeremiddelforlaget\/wp-content\/uploads\/2017\/04\/Valdal-tegning-RGB_1.jpg","datePublished":"2017-04-12T12:23:21+00:00","dateModified":"2024-07-30T15:24:33+00:00","description":"V\u00e5r kvalitetsmanual for byggfag er markedets enkleste og rimeligste KS- og HMS-system.","breadcrumb":{"@id":"https:\/\/lmf.no\/laeremiddelforlaget\/butikk\/mester-byggfag\/kvalitetsmanual-for-byggfag\/kvalitetsmanual\/#breadcrumb"},"inLanguage":"nb-NO","potentialAction":[{"@type":"ReadAction","target":["https:\/\/lmf.no\/laeremiddelforlaget\/butikk\/mester-byggfag\/kvalitetsmanual-for-byggfag\/kvalitetsmanual\/"]}]},{"@type":"ImageObject","inLanguage":"nb-NO","@id":"https:\/\/lmf.no\/laeremiddelforlaget\/butikk\/mester-byggfag\/kvalitetsmanual-for-byggfag\/kvalitetsmanual\/#primaryimage","url":"https:\/\/lmf.no\/laeremiddelforlaget\/wp-content\/uploads\/2017\/04\/Valdal-tegning-RGB_1.jpg","contentUrl":"https:\/\/lmf.no\/laeremiddelforlaget\/wp-content\/uploads\/2017\/04\/Valdal-tegning-RGB_1.jpg","width":200,"height":269},{"@type":"BreadcrumbList","@id":"https:\/\/lmf.no\/laeremiddelforlaget\/butikk\/mester-byggfag\/kvalitetsmanual-for-byggfag\/kvalitetsmanual\/#breadcrumb","itemListElement":[{"@type":"ListItem","position":1,"name":"Hjem","item":"https:\/\/lmf.no\/laeremiddelforlaget\/"},{"@type":"ListItem","position":2,"name":"Butikk","item":"https:\/\/lmf.no\/laeremiddelforlaget\/butikk\/"},{"@type":"ListItem","position":3,"name":"Kvalitetsmanual for byggfag"}]},{"@type":"WebSite","@id":"https:\/\/lmf.no\/laeremiddelforlaget\/#website","url":"https:\/\/lmf.no\/laeremiddelforlaget\/","name":"L\u00e6remiddelforlaget - Skagerrak Forlag AS","description":"Utgivelse av l\u00e6reb\u00f8ker","potentialAction":[{"@type":"SearchAction","target":{"@type":"EntryPoint","urlTemplate":"https:\/\/lmf.no\/laeremiddelforlaget\/?s={search_term_string}"},"query-input":{"@type":"PropertyValueSpecification","valueRequired":true,"valueName":"search_term_string"}}],"inLanguage":"nb-NO"}]}},"_links":{"self":[{"href":"https:\/\/lmf.no\/laeremiddelforlaget\/wp-json\/wp\/v2\/product\/372","targetHints":{"allow":["GET"]}}],"collection":[{"href":"https:\/\/lmf.no\/laeremiddelforlaget\/wp-json\/wp\/v2\/product"}],"about":[{"href":"https:\/\/lmf.no\/laeremiddelforlaget\/wp-json\/wp\/v2\/types\/product"}],"replies":[{"embeddable":true,"href":"https:\/\/lmf.no\/laeremiddelforlaget\/wp-json\/wp\/v2\/comments?post=372"}],"wp:featuredmedia":[{"embeddable":true,"href":"https:\/\/lmf.no\/laeremiddelforlaget\/wp-json\/wp\/v2\/media\/373"}],"wp:attachment":[{"href":"https:\/\/lmf.no\/laeremiddelforlaget\/wp-json\/wp\/v2\/media?parent=372"}],"wp:term":[{"taxonomy":"product_brand","embeddable":true,"href":"https:\/\/lmf.no\/laeremiddelforlaget\/wp-json\/wp\/v2\/product_brand?post=372"},{"taxonomy":"product_cat","embeddable":true,"href":"https:\/\/lmf.no\/laeremiddelforlaget\/wp-json\/wp\/v2\/product_cat?post=372"},{"taxonomy":"product_tag","embeddable":true,"href":"https:\/\/lmf.no\/laeremiddelforlaget\/wp-json\/wp\/v2\/product_tag?post=372"}],"curies":[{"name":"wp","href":"https:\/\/api.w.org\/{rel}","templated":true}]}}