{"id":377,"date":"2017-04-12T12:30:13","date_gmt":"2017-04-12T12:30:13","guid":{"rendered":"http:\/\/laeremiddelforlaget.utkast.org\/laeremiddelforlaget\/?post_type=product&#038;p=377"},"modified":"2017-04-12T12:30:13","modified_gmt":"2017-04-12T12:30:13","slug":"veileder-private-reguleringsplanforslag-for-smahusbebyggelse","status":"publish","type":"product","link":"https:\/\/lmf.no\/laeremiddelforlaget\/butikk\/mester-byggfag\/litteratur-fra-boligprodusentene\/veileder-private-reguleringsplanforslag-for-smahusbebyggelse\/","title":{"rendered":"Veileder &#8211; Private reguleringsplanforslag for sm\u00e5husbebyggelse"},"content":{"rendered":"<p>Forfatter: Boligprodusentene<br \/>\nISBN: 978-82-9217-013-7<\/p>\n<p>Denne veilederen fors\u00f8ker \u00e5 svare p\u00e5 hva som kreves av private reguleringsforslag for sm\u00e5husbegyggelse. Den beskriver veien mot m\u00e5let &#8211; en godkjent detaljregulering, og gir r\u00e5d til utbyggeren som enten selv foretar regulering eller som kj\u00f8per slike tjenester. Veilederen har ogs\u00e5 kommunale planleggere som m\u00e5lgruppe, i det den avklarer det informasjonsinnholdet som skal v\u00e6re tilstrekkelig for aksept av private planforslag. Veilederen legger vekt p\u00e5 rosessen for utarbeidelse av private forslag til detaljregulering, og omtaler ikke kvaliteten p\u00e5 innholdet i planen.<\/p>\n<p>(Pris for medlemmer i Boligprodusentene\/Byggmesterforbundet: kr 250,-)<br \/>\nDette m\u00e5 oppgis i merknadsfeltet ved bestilling.<\/p>\n","protected":false},"excerpt":{"rendered":"<p><span class=\"excerpt-hellip\"> [\u2026]<\/span><\/p>\n","protected":false},"featured_media":382,"comment_status":"open","ping_status":"closed","template":"","meta":{"rs_blank_template":"","rs_page_bg_color":"","slide_template_v7":""},"product_brand":[],"product_cat":[58],"product_tag":[],"class_list":{"0":"post-377","1":"product","2":"type-product","3":"status-publish","4":"has-post-thumbnail","6":"product_cat-litteratur-fra-boligprodusentene","8":"first","9":"instock","10":"taxable","11":"shipping-taxable","12":"purchasable","13":"product-type-simple"},"yoast_head":"<!-- This site is optimized with the Yoast SEO plugin v27.4 - https:\/\/yoast.com\/product\/yoast-seo-wordpress\/ -->\n<title>Veileder - Private reguleringsplanforslag for sm\u00e5husbebyggelse - L\u00e6remiddelforlaget - Skagerrak Forlag AS<\/title>\n<meta name=\"robots\" content=\"index, follow, max-snippet:-1, max-image-preview:large, max-video-preview:-1\" \/>\n<link rel=\"canonical\" href=\"https:\/\/lmf.no\/laeremiddelforlaget\/butikk\/mester-byggfag\/litteratur-fra-boligprodusentene\/veileder-private-reguleringsplanforslag-for-smahusbebyggelse\/\" \/>\n<meta property=\"og:locale\" content=\"nb_NO\" \/>\n<meta property=\"og:type\" content=\"article\" \/>\n<meta property=\"og:title\" content=\"Veileder - Private reguleringsplanforslag for sm\u00e5husbebyggelse - L\u00e6remiddelforlaget - Skagerrak Forlag AS\" \/>\n<meta property=\"og:description\" content=\"[\u2026]\" \/>\n<meta property=\"og:url\" content=\"https:\/\/lmf.no\/laeremiddelforlaget\/butikk\/mester-byggfag\/litteratur-fra-boligprodusentene\/veileder-private-reguleringsplanforslag-for-smahusbebyggelse\/\" \/>\n<meta property=\"og:site_name\" content=\"L\u00e6remiddelforlaget - Skagerrak Forlag AS\" \/>\n<meta property=\"og:image\" content=\"https:\/\/lmf.no\/laeremiddelforlaget\/wp-content\/uploads\/2017\/04\/Veileder-private2_1.jpg\" \/>\n\t<meta property=\"og:image:width\" content=\"190\" \/>\n\t<meta property=\"og:image:height\" content=\"270\" \/>\n\t<meta property=\"og:image:type\" content=\"image\/jpeg\" \/>\n<meta name=\"twitter:card\" content=\"summary_large_image\" \/>\n<meta name=\"twitter:label1\" content=\"Ansl. lesetid\" \/>\n\t<meta name=\"twitter:data1\" content=\"1 minutt\" \/>\n<script type=\"application\/ld+json\" class=\"yoast-schema-graph\">{\"@context\":\"https:\\\/\\\/schema.org\",\"@graph\":[{\"@type\":\"WebPage\",\"@id\":\"https:\\\/\\\/lmf.no\\\/laeremiddelforlaget\\\/butikk\\\/mester-byggfag\\\/litteratur-fra-boligprodusentene\\\/veileder-private-reguleringsplanforslag-for-smahusbebyggelse\\\/\",\"url\":\"https:\\\/\\\/lmf.no\\\/laeremiddelforlaget\\\/butikk\\\/mester-byggfag\\\/litteratur-fra-boligprodusentene\\\/veileder-private-reguleringsplanforslag-for-smahusbebyggelse\\\/\",\"name\":\"Veileder - Private reguleringsplanforslag for sm\u00e5husbebyggelse - L\u00e6remiddelforlaget - Skagerrak Forlag AS\",\"isPartOf\":{\"@id\":\"https:\\\/\\\/lmf.no\\\/laeremiddelforlaget\\\/#website\"},\"primaryImageOfPage\":{\"@id\":\"https:\\\/\\\/lmf.no\\\/laeremiddelforlaget\\\/butikk\\\/mester-byggfag\\\/litteratur-fra-boligprodusentene\\\/veileder-private-reguleringsplanforslag-for-smahusbebyggelse\\\/#primaryimage\"},\"image\":{\"@id\":\"https:\\\/\\\/lmf.no\\\/laeremiddelforlaget\\\/butikk\\\/mester-byggfag\\\/litteratur-fra-boligprodusentene\\\/veileder-private-reguleringsplanforslag-for-smahusbebyggelse\\\/#primaryimage\"},\"thumbnailUrl\":\"https:\\\/\\\/lmf.no\\\/laeremiddelforlaget\\\/wp-content\\\/uploads\\\/2017\\\/04\\\/Veileder-private2_1.jpg\",\"datePublished\":\"2017-04-12T12:30:13+00:00\",\"breadcrumb\":{\"@id\":\"https:\\\/\\\/lmf.no\\\/laeremiddelforlaget\\\/butikk\\\/mester-byggfag\\\/litteratur-fra-boligprodusentene\\\/veileder-private-reguleringsplanforslag-for-smahusbebyggelse\\\/#breadcrumb\"},\"inLanguage\":\"nb-NO\",\"potentialAction\":[{\"@type\":\"ReadAction\",\"target\":[\"https:\\\/\\\/lmf.no\\\/laeremiddelforlaget\\\/butikk\\\/mester-byggfag\\\/litteratur-fra-boligprodusentene\\\/veileder-private-reguleringsplanforslag-for-smahusbebyggelse\\\/\"]}]},{\"@type\":\"ImageObject\",\"inLanguage\":\"nb-NO\",\"@id\":\"https:\\\/\\\/lmf.no\\\/laeremiddelforlaget\\\/butikk\\\/mester-byggfag\\\/litteratur-fra-boligprodusentene\\\/veileder-private-reguleringsplanforslag-for-smahusbebyggelse\\\/#primaryimage\",\"url\":\"https:\\\/\\\/lmf.no\\\/laeremiddelforlaget\\\/wp-content\\\/uploads\\\/2017\\\/04\\\/Veileder-private2_1.jpg\",\"contentUrl\":\"https:\\\/\\\/lmf.no\\\/laeremiddelforlaget\\\/wp-content\\\/uploads\\\/2017\\\/04\\\/Veileder-private2_1.jpg\",\"width\":190,\"height\":270},{\"@type\":\"BreadcrumbList\",\"@id\":\"https:\\\/\\\/lmf.no\\\/laeremiddelforlaget\\\/butikk\\\/mester-byggfag\\\/litteratur-fra-boligprodusentene\\\/veileder-private-reguleringsplanforslag-for-smahusbebyggelse\\\/#breadcrumb\",\"itemListElement\":[{\"@type\":\"ListItem\",\"position\":1,\"name\":\"Hjem\",\"item\":\"https:\\\/\\\/lmf.no\\\/laeremiddelforlaget\\\/\"},{\"@type\":\"ListItem\",\"position\":2,\"name\":\"Butikk\",\"item\":\"https:\\\/\\\/lmf.no\\\/laeremiddelforlaget\\\/butikk\\\/\"},{\"@type\":\"ListItem\",\"position\":3,\"name\":\"Veileder &#8211; Private reguleringsplanforslag for sm\u00e5husbebyggelse\"}]},{\"@type\":\"WebSite\",\"@id\":\"https:\\\/\\\/lmf.no\\\/laeremiddelforlaget\\\/#website\",\"url\":\"https:\\\/\\\/lmf.no\\\/laeremiddelforlaget\\\/\",\"name\":\"L\u00e6remiddelforlaget - Skagerrak Forlag AS\",\"description\":\"Utgivelse av l\u00e6reb\u00f8ker\",\"potentialAction\":[{\"@type\":\"SearchAction\",\"target\":{\"@type\":\"EntryPoint\",\"urlTemplate\":\"https:\\\/\\\/lmf.no\\\/laeremiddelforlaget\\\/?s={search_term_string}\"},\"query-input\":{\"@type\":\"PropertyValueSpecification\",\"valueRequired\":true,\"valueName\":\"search_term_string\"}}],\"inLanguage\":\"nb-NO\"}]}<\/script>\n<!-- \/ Yoast SEO plugin. -->","yoast_head_json":{"title":"Veileder - Private reguleringsplanforslag for sm\u00e5husbebyggelse - L\u00e6remiddelforlaget - Skagerrak Forlag AS","robots":{"index":"index","follow":"follow","max-snippet":"max-snippet:-1","max-image-preview":"max-image-preview:large","max-video-preview":"max-video-preview:-1"},"canonical":"https:\/\/lmf.no\/laeremiddelforlaget\/butikk\/mester-byggfag\/litteratur-fra-boligprodusentene\/veileder-private-reguleringsplanforslag-for-smahusbebyggelse\/","og_locale":"nb_NO","og_type":"article","og_title":"Veileder - Private reguleringsplanforslag for sm\u00e5husbebyggelse - L\u00e6remiddelforlaget - Skagerrak Forlag AS","og_description":"[\u2026]","og_url":"https:\/\/lmf.no\/laeremiddelforlaget\/butikk\/mester-byggfag\/litteratur-fra-boligprodusentene\/veileder-private-reguleringsplanforslag-for-smahusbebyggelse\/","og_site_name":"L\u00e6remiddelforlaget - Skagerrak Forlag AS","og_image":[{"width":190,"height":270,"url":"https:\/\/lmf.no\/laeremiddelforlaget\/wp-content\/uploads\/2017\/04\/Veileder-private2_1.jpg","type":"image\/jpeg"}],"twitter_card":"summary_large_image","twitter_misc":{"Ansl. lesetid":"1 minutt"},"schema":{"@context":"https:\/\/schema.org","@graph":[{"@type":"WebPage","@id":"https:\/\/lmf.no\/laeremiddelforlaget\/butikk\/mester-byggfag\/litteratur-fra-boligprodusentene\/veileder-private-reguleringsplanforslag-for-smahusbebyggelse\/","url":"https:\/\/lmf.no\/laeremiddelforlaget\/butikk\/mester-byggfag\/litteratur-fra-boligprodusentene\/veileder-private-reguleringsplanforslag-for-smahusbebyggelse\/","name":"Veileder - Private reguleringsplanforslag for sm\u00e5husbebyggelse - L\u00e6remiddelforlaget - Skagerrak Forlag AS","isPartOf":{"@id":"https:\/\/lmf.no\/laeremiddelforlaget\/#website"},"primaryImageOfPage":{"@id":"https:\/\/lmf.no\/laeremiddelforlaget\/butikk\/mester-byggfag\/litteratur-fra-boligprodusentene\/veileder-private-reguleringsplanforslag-for-smahusbebyggelse\/#primaryimage"},"image":{"@id":"https:\/\/lmf.no\/laeremiddelforlaget\/butikk\/mester-byggfag\/litteratur-fra-boligprodusentene\/veileder-private-reguleringsplanforslag-for-smahusbebyggelse\/#primaryimage"},"thumbnailUrl":"https:\/\/lmf.no\/laeremiddelforlaget\/wp-content\/uploads\/2017\/04\/Veileder-private2_1.jpg","datePublished":"2017-04-12T12:30:13+00:00","breadcrumb":{"@id":"https:\/\/lmf.no\/laeremiddelforlaget\/butikk\/mester-byggfag\/litteratur-fra-boligprodusentene\/veileder-private-reguleringsplanforslag-for-smahusbebyggelse\/#breadcrumb"},"inLanguage":"nb-NO","potentialAction":[{"@type":"ReadAction","target":["https:\/\/lmf.no\/laeremiddelforlaget\/butikk\/mester-byggfag\/litteratur-fra-boligprodusentene\/veileder-private-reguleringsplanforslag-for-smahusbebyggelse\/"]}]},{"@type":"ImageObject","inLanguage":"nb-NO","@id":"https:\/\/lmf.no\/laeremiddelforlaget\/butikk\/mester-byggfag\/litteratur-fra-boligprodusentene\/veileder-private-reguleringsplanforslag-for-smahusbebyggelse\/#primaryimage","url":"https:\/\/lmf.no\/laeremiddelforlaget\/wp-content\/uploads\/2017\/04\/Veileder-private2_1.jpg","contentUrl":"https:\/\/lmf.no\/laeremiddelforlaget\/wp-content\/uploads\/2017\/04\/Veileder-private2_1.jpg","width":190,"height":270},{"@type":"BreadcrumbList","@id":"https:\/\/lmf.no\/laeremiddelforlaget\/butikk\/mester-byggfag\/litteratur-fra-boligprodusentene\/veileder-private-reguleringsplanforslag-for-smahusbebyggelse\/#breadcrumb","itemListElement":[{"@type":"ListItem","position":1,"name":"Hjem","item":"https:\/\/lmf.no\/laeremiddelforlaget\/"},{"@type":"ListItem","position":2,"name":"Butikk","item":"https:\/\/lmf.no\/laeremiddelforlaget\/butikk\/"},{"@type":"ListItem","position":3,"name":"Veileder &#8211; Private reguleringsplanforslag for sm\u00e5husbebyggelse"}]},{"@type":"WebSite","@id":"https:\/\/lmf.no\/laeremiddelforlaget\/#website","url":"https:\/\/lmf.no\/laeremiddelforlaget\/","name":"L\u00e6remiddelforlaget - Skagerrak Forlag AS","description":"Utgivelse av l\u00e6reb\u00f8ker","potentialAction":[{"@type":"SearchAction","target":{"@type":"EntryPoint","urlTemplate":"https:\/\/lmf.no\/laeremiddelforlaget\/?s={search_term_string}"},"query-input":{"@type":"PropertyValueSpecification","valueRequired":true,"valueName":"search_term_string"}}],"inLanguage":"nb-NO"}]}},"_links":{"self":[{"href":"https:\/\/lmf.no\/laeremiddelforlaget\/wp-json\/wp\/v2\/product\/377","targetHints":{"allow":["GET"]}}],"collection":[{"href":"https:\/\/lmf.no\/laeremiddelforlaget\/wp-json\/wp\/v2\/product"}],"about":[{"href":"https:\/\/lmf.no\/laeremiddelforlaget\/wp-json\/wp\/v2\/types\/product"}],"replies":[{"embeddable":true,"href":"https:\/\/lmf.no\/laeremiddelforlaget\/wp-json\/wp\/v2\/comments?post=377"}],"wp:featuredmedia":[{"embeddable":true,"href":"https:\/\/lmf.no\/laeremiddelforlaget\/wp-json\/wp\/v2\/media\/382"}],"wp:attachment":[{"href":"https:\/\/lmf.no\/laeremiddelforlaget\/wp-json\/wp\/v2\/media?parent=377"}],"wp:term":[{"taxonomy":"product_brand","embeddable":true,"href":"https:\/\/lmf.no\/laeremiddelforlaget\/wp-json\/wp\/v2\/product_brand?post=377"},{"taxonomy":"product_cat","embeddable":true,"href":"https:\/\/lmf.no\/laeremiddelforlaget\/wp-json\/wp\/v2\/product_cat?post=377"},{"taxonomy":"product_tag","embeddable":true,"href":"https:\/\/lmf.no\/laeremiddelforlaget\/wp-json\/wp\/v2\/product_tag?post=377"}],"curies":[{"name":"wp","href":"https:\/\/api.w.org\/{rel}","templated":true}]}}