{"id":695,"date":"2017-08-29T10:33:49","date_gmt":"2017-08-29T08:33:49","guid":{"rendered":"https:\/\/lmf.no\/laeremiddelforlaget\/?post_type=product&#038;p=695"},"modified":"2025-06-25T10:35:28","modified_gmt":"2025-06-25T08:35:28","slug":"kvalitetsmanual-byggfag-studentversjon-arig-nettilgang","status":"publish","type":"product","link":"https:\/\/lmf.no\/laeremiddelforlaget\/butikk\/mester-byggfag\/boker-neak\/kvalitetsmanual-byggfag-studentversjon-arig-nettilgang\/","title":{"rendered":"Kvalitetsmanual for byggfag (studentversjon), ett-\u00e5rig nettilgang"},"content":{"rendered":"<p>Les mer om kvalitetsmanualen <a href=\"http:\/\/kvalitetsmanulaen.lmf.no\" target=\"_blank\" rel=\"noopener noreferrer\">her<\/a>.<\/p>\n","protected":false},"excerpt":{"rendered":"<p><span class=\"excerpt-hellip\"> [\u2026]<\/span><\/p>\n","protected":false},"featured_media":373,"comment_status":"open","ping_status":"closed","template":"","meta":{"rs_blank_template":"","rs_page_bg_color":"","slide_template_v7":""},"product_brand":[],"product_cat":[61],"product_tag":[],"class_list":{"0":"post-695","1":"product","2":"type-product","3":"status-publish","4":"has-post-thumbnail","6":"product_cat-boker-neak","8":"first","9":"instock","10":"taxable","11":"shipping-taxable","12":"purchasable","13":"product-type-simple"},"yoast_head":"<!-- This site is optimized with the Yoast SEO plugin v27.4 - https:\/\/yoast.com\/product\/yoast-seo-wordpress\/ -->\n<title>Kvalitetsmanual for byggfag (studentversjon), ett-\u00e5rig nettilgang - L\u00e6remiddelforlaget - Skagerrak Forlag AS<\/title>\n<meta name=\"robots\" content=\"index, follow, max-snippet:-1, max-image-preview:large, max-video-preview:-1\" \/>\n<link rel=\"canonical\" href=\"https:\/\/lmf.no\/laeremiddelforlaget\/butikk\/mester-byggfag\/boker-neak\/kvalitetsmanual-byggfag-studentversjon-arig-nettilgang\/\" \/>\n<meta property=\"og:locale\" content=\"nb_NO\" \/>\n<meta property=\"og:type\" content=\"article\" \/>\n<meta property=\"og:title\" content=\"Kvalitetsmanual for byggfag (studentversjon), ett-\u00e5rig nettilgang - L\u00e6remiddelforlaget - Skagerrak Forlag AS\" \/>\n<meta property=\"og:description\" content=\"[\u2026]\" \/>\n<meta property=\"og:url\" content=\"https:\/\/lmf.no\/laeremiddelforlaget\/butikk\/mester-byggfag\/boker-neak\/kvalitetsmanual-byggfag-studentversjon-arig-nettilgang\/\" \/>\n<meta property=\"og:site_name\" content=\"L\u00e6remiddelforlaget - Skagerrak Forlag AS\" \/>\n<meta property=\"article:modified_time\" content=\"2025-06-25T08:35:28+00:00\" \/>\n<meta property=\"og:image\" content=\"https:\/\/lmf.no\/laeremiddelforlaget\/wp-content\/uploads\/2017\/04\/Valdal-tegning-RGB_1.jpg\" \/>\n\t<meta property=\"og:image:width\" content=\"200\" \/>\n\t<meta property=\"og:image:height\" content=\"269\" \/>\n\t<meta property=\"og:image:type\" content=\"image\/jpeg\" \/>\n<meta name=\"twitter:card\" content=\"summary_large_image\" \/>\n<meta name=\"twitter:label1\" content=\"Ansl. lesetid\" \/>\n\t<meta name=\"twitter:data1\" content=\"1 minutt\" \/>\n<script type=\"application\/ld+json\" class=\"yoast-schema-graph\">{\"@context\":\"https:\\\/\\\/schema.org\",\"@graph\":[{\"@type\":\"WebPage\",\"@id\":\"https:\\\/\\\/lmf.no\\\/laeremiddelforlaget\\\/butikk\\\/mester-byggfag\\\/boker-neak\\\/kvalitetsmanual-byggfag-studentversjon-arig-nettilgang\\\/\",\"url\":\"https:\\\/\\\/lmf.no\\\/laeremiddelforlaget\\\/butikk\\\/mester-byggfag\\\/boker-neak\\\/kvalitetsmanual-byggfag-studentversjon-arig-nettilgang\\\/\",\"name\":\"Kvalitetsmanual for byggfag (studentversjon), ett-\u00e5rig nettilgang - L\u00e6remiddelforlaget - Skagerrak Forlag AS\",\"isPartOf\":{\"@id\":\"https:\\\/\\\/lmf.no\\\/laeremiddelforlaget\\\/#website\"},\"primaryImageOfPage\":{\"@id\":\"https:\\\/\\\/lmf.no\\\/laeremiddelforlaget\\\/butikk\\\/mester-byggfag\\\/boker-neak\\\/kvalitetsmanual-byggfag-studentversjon-arig-nettilgang\\\/#primaryimage\"},\"image\":{\"@id\":\"https:\\\/\\\/lmf.no\\\/laeremiddelforlaget\\\/butikk\\\/mester-byggfag\\\/boker-neak\\\/kvalitetsmanual-byggfag-studentversjon-arig-nettilgang\\\/#primaryimage\"},\"thumbnailUrl\":\"https:\\\/\\\/lmf.no\\\/laeremiddelforlaget\\\/wp-content\\\/uploads\\\/2017\\\/04\\\/Valdal-tegning-RGB_1.jpg\",\"datePublished\":\"2017-08-29T08:33:49+00:00\",\"dateModified\":\"2025-06-25T08:35:28+00:00\",\"breadcrumb\":{\"@id\":\"https:\\\/\\\/lmf.no\\\/laeremiddelforlaget\\\/butikk\\\/mester-byggfag\\\/boker-neak\\\/kvalitetsmanual-byggfag-studentversjon-arig-nettilgang\\\/#breadcrumb\"},\"inLanguage\":\"nb-NO\",\"potentialAction\":[{\"@type\":\"ReadAction\",\"target\":[\"https:\\\/\\\/lmf.no\\\/laeremiddelforlaget\\\/butikk\\\/mester-byggfag\\\/boker-neak\\\/kvalitetsmanual-byggfag-studentversjon-arig-nettilgang\\\/\"]}]},{\"@type\":\"ImageObject\",\"inLanguage\":\"nb-NO\",\"@id\":\"https:\\\/\\\/lmf.no\\\/laeremiddelforlaget\\\/butikk\\\/mester-byggfag\\\/boker-neak\\\/kvalitetsmanual-byggfag-studentversjon-arig-nettilgang\\\/#primaryimage\",\"url\":\"https:\\\/\\\/lmf.no\\\/laeremiddelforlaget\\\/wp-content\\\/uploads\\\/2017\\\/04\\\/Valdal-tegning-RGB_1.jpg\",\"contentUrl\":\"https:\\\/\\\/lmf.no\\\/laeremiddelforlaget\\\/wp-content\\\/uploads\\\/2017\\\/04\\\/Valdal-tegning-RGB_1.jpg\",\"width\":200,\"height\":269},{\"@type\":\"BreadcrumbList\",\"@id\":\"https:\\\/\\\/lmf.no\\\/laeremiddelforlaget\\\/butikk\\\/mester-byggfag\\\/boker-neak\\\/kvalitetsmanual-byggfag-studentversjon-arig-nettilgang\\\/#breadcrumb\",\"itemListElement\":[{\"@type\":\"ListItem\",\"position\":1,\"name\":\"Hjem\",\"item\":\"https:\\\/\\\/lmf.no\\\/laeremiddelforlaget\\\/\"},{\"@type\":\"ListItem\",\"position\":2,\"name\":\"Butikk\",\"item\":\"https:\\\/\\\/lmf.no\\\/laeremiddelforlaget\\\/butikk\\\/\"},{\"@type\":\"ListItem\",\"position\":3,\"name\":\"Kvalitetsmanual for byggfag (studentversjon), ett-\u00e5rig nettilgang\"}]},{\"@type\":\"WebSite\",\"@id\":\"https:\\\/\\\/lmf.no\\\/laeremiddelforlaget\\\/#website\",\"url\":\"https:\\\/\\\/lmf.no\\\/laeremiddelforlaget\\\/\",\"name\":\"L\u00e6remiddelforlaget - Skagerrak Forlag AS\",\"description\":\"Utgivelse av l\u00e6reb\u00f8ker\",\"potentialAction\":[{\"@type\":\"SearchAction\",\"target\":{\"@type\":\"EntryPoint\",\"urlTemplate\":\"https:\\\/\\\/lmf.no\\\/laeremiddelforlaget\\\/?s={search_term_string}\"},\"query-input\":{\"@type\":\"PropertyValueSpecification\",\"valueRequired\":true,\"valueName\":\"search_term_string\"}}],\"inLanguage\":\"nb-NO\"}]}<\/script>\n<!-- \/ Yoast SEO plugin. -->","yoast_head_json":{"title":"Kvalitetsmanual for byggfag (studentversjon), ett-\u00e5rig nettilgang - L\u00e6remiddelforlaget - Skagerrak Forlag AS","robots":{"index":"index","follow":"follow","max-snippet":"max-snippet:-1","max-image-preview":"max-image-preview:large","max-video-preview":"max-video-preview:-1"},"canonical":"https:\/\/lmf.no\/laeremiddelforlaget\/butikk\/mester-byggfag\/boker-neak\/kvalitetsmanual-byggfag-studentversjon-arig-nettilgang\/","og_locale":"nb_NO","og_type":"article","og_title":"Kvalitetsmanual for byggfag (studentversjon), ett-\u00e5rig nettilgang - L\u00e6remiddelforlaget - Skagerrak Forlag AS","og_description":"[\u2026]","og_url":"https:\/\/lmf.no\/laeremiddelforlaget\/butikk\/mester-byggfag\/boker-neak\/kvalitetsmanual-byggfag-studentversjon-arig-nettilgang\/","og_site_name":"L\u00e6remiddelforlaget - Skagerrak Forlag AS","article_modified_time":"2025-06-25T08:35:28+00:00","og_image":[{"width":200,"height":269,"url":"https:\/\/lmf.no\/laeremiddelforlaget\/wp-content\/uploads\/2017\/04\/Valdal-tegning-RGB_1.jpg","type":"image\/jpeg"}],"twitter_card":"summary_large_image","twitter_misc":{"Ansl. lesetid":"1 minutt"},"schema":{"@context":"https:\/\/schema.org","@graph":[{"@type":"WebPage","@id":"https:\/\/lmf.no\/laeremiddelforlaget\/butikk\/mester-byggfag\/boker-neak\/kvalitetsmanual-byggfag-studentversjon-arig-nettilgang\/","url":"https:\/\/lmf.no\/laeremiddelforlaget\/butikk\/mester-byggfag\/boker-neak\/kvalitetsmanual-byggfag-studentversjon-arig-nettilgang\/","name":"Kvalitetsmanual for byggfag (studentversjon), ett-\u00e5rig nettilgang - L\u00e6remiddelforlaget - Skagerrak Forlag AS","isPartOf":{"@id":"https:\/\/lmf.no\/laeremiddelforlaget\/#website"},"primaryImageOfPage":{"@id":"https:\/\/lmf.no\/laeremiddelforlaget\/butikk\/mester-byggfag\/boker-neak\/kvalitetsmanual-byggfag-studentversjon-arig-nettilgang\/#primaryimage"},"image":{"@id":"https:\/\/lmf.no\/laeremiddelforlaget\/butikk\/mester-byggfag\/boker-neak\/kvalitetsmanual-byggfag-studentversjon-arig-nettilgang\/#primaryimage"},"thumbnailUrl":"https:\/\/lmf.no\/laeremiddelforlaget\/wp-content\/uploads\/2017\/04\/Valdal-tegning-RGB_1.jpg","datePublished":"2017-08-29T08:33:49+00:00","dateModified":"2025-06-25T08:35:28+00:00","breadcrumb":{"@id":"https:\/\/lmf.no\/laeremiddelforlaget\/butikk\/mester-byggfag\/boker-neak\/kvalitetsmanual-byggfag-studentversjon-arig-nettilgang\/#breadcrumb"},"inLanguage":"nb-NO","potentialAction":[{"@type":"ReadAction","target":["https:\/\/lmf.no\/laeremiddelforlaget\/butikk\/mester-byggfag\/boker-neak\/kvalitetsmanual-byggfag-studentversjon-arig-nettilgang\/"]}]},{"@type":"ImageObject","inLanguage":"nb-NO","@id":"https:\/\/lmf.no\/laeremiddelforlaget\/butikk\/mester-byggfag\/boker-neak\/kvalitetsmanual-byggfag-studentversjon-arig-nettilgang\/#primaryimage","url":"https:\/\/lmf.no\/laeremiddelforlaget\/wp-content\/uploads\/2017\/04\/Valdal-tegning-RGB_1.jpg","contentUrl":"https:\/\/lmf.no\/laeremiddelforlaget\/wp-content\/uploads\/2017\/04\/Valdal-tegning-RGB_1.jpg","width":200,"height":269},{"@type":"BreadcrumbList","@id":"https:\/\/lmf.no\/laeremiddelforlaget\/butikk\/mester-byggfag\/boker-neak\/kvalitetsmanual-byggfag-studentversjon-arig-nettilgang\/#breadcrumb","itemListElement":[{"@type":"ListItem","position":1,"name":"Hjem","item":"https:\/\/lmf.no\/laeremiddelforlaget\/"},{"@type":"ListItem","position":2,"name":"Butikk","item":"https:\/\/lmf.no\/laeremiddelforlaget\/butikk\/"},{"@type":"ListItem","position":3,"name":"Kvalitetsmanual for byggfag (studentversjon), ett-\u00e5rig nettilgang"}]},{"@type":"WebSite","@id":"https:\/\/lmf.no\/laeremiddelforlaget\/#website","url":"https:\/\/lmf.no\/laeremiddelforlaget\/","name":"L\u00e6remiddelforlaget - Skagerrak Forlag AS","description":"Utgivelse av l\u00e6reb\u00f8ker","potentialAction":[{"@type":"SearchAction","target":{"@type":"EntryPoint","urlTemplate":"https:\/\/lmf.no\/laeremiddelforlaget\/?s={search_term_string}"},"query-input":{"@type":"PropertyValueSpecification","valueRequired":true,"valueName":"search_term_string"}}],"inLanguage":"nb-NO"}]}},"_links":{"self":[{"href":"https:\/\/lmf.no\/laeremiddelforlaget\/wp-json\/wp\/v2\/product\/695","targetHints":{"allow":["GET"]}}],"collection":[{"href":"https:\/\/lmf.no\/laeremiddelforlaget\/wp-json\/wp\/v2\/product"}],"about":[{"href":"https:\/\/lmf.no\/laeremiddelforlaget\/wp-json\/wp\/v2\/types\/product"}],"replies":[{"embeddable":true,"href":"https:\/\/lmf.no\/laeremiddelforlaget\/wp-json\/wp\/v2\/comments?post=695"}],"wp:featuredmedia":[{"embeddable":true,"href":"https:\/\/lmf.no\/laeremiddelforlaget\/wp-json\/wp\/v2\/media\/373"}],"wp:attachment":[{"href":"https:\/\/lmf.no\/laeremiddelforlaget\/wp-json\/wp\/v2\/media?parent=695"}],"wp:term":[{"taxonomy":"product_brand","embeddable":true,"href":"https:\/\/lmf.no\/laeremiddelforlaget\/wp-json\/wp\/v2\/product_brand?post=695"},{"taxonomy":"product_cat","embeddable":true,"href":"https:\/\/lmf.no\/laeremiddelforlaget\/wp-json\/wp\/v2\/product_cat?post=695"},{"taxonomy":"product_tag","embeddable":true,"href":"https:\/\/lmf.no\/laeremiddelforlaget\/wp-json\/wp\/v2\/product_tag?post=695"}],"curies":[{"name":"wp","href":"https:\/\/api.w.org\/{rel}","templated":true}]}}