{"id":1765,"date":"2020-05-19T09:36:23","date_gmt":"2020-05-19T07:36:23","guid":{"rendered":"http:\/\/lmf.no\/se\/?page_id=1765"},"modified":"2020-06-01T10:00:43","modified_gmt":"2020-06-01T08:00:43","slug":"kontakt","status":"publish","type":"page","link":"https:\/\/lmf.no\/se\/kontakt\/","title":{"rendered":"Kontakt"},"content":{"rendered":"<div class=\"wpb-content-wrapper\"><p>[vc_row][vc_column width=&#8221;1\/2&#8243;][vc_column_text]V\u00e5r bes\u00f6ksaddress \u00e4r Thor\u00f8yaveien 21 i Sandefjord, Norge.<br \/>\nHar du n\u00e5gra fr\u00e5gor oss \u00e4r det bara att ta kontakt! Vi lovar att ge dig ett svar inom kort![\/vc_column_text][\/vc_column][vc_column width=&#8221;1\/2&#8243;][vc_column_text]Epost till kontoret: <a href=\"mailto:LMF@LMF.NO\">LMF@LMF.NO<\/a><br \/>\nTelefon: (+47) 33 42 33 42[\/vc_column_text][\/vc_column][\/vc_row][vc_row][vc_column width=&#8221;1\/4&#8243;][vc_column_text el_class=&#8221;boxshadow&#8221;]<img decoding=\"async\" src=\"\/se\/wp-content\/uploads\/2020\/05\/p1-2.jpg\" \/><br \/>\n<strong>J\u00f8rn Engevik<\/strong><br \/>\nForlagssjef<\/p>\n<p><i class=\"fa fa-phone mail-icon\" style=\"color: #337776;\"><\/i> (+47) 99 69 74 55<br \/>\n<i class=\"fa fa-envelope mail-icon\" style=\"color: #337776;\"><\/i> jorn@lmf.no[\/vc_column_text][\/vc_column][vc_column width=&#8221;1\/4&#8243;][vc_column_text el_class=&#8221;boxshadow&#8221;]<img decoding=\"async\" src=\"\/se\/wp-content\/uploads\/2020\/05\/p2.jpg\" \/><br \/>\n<strong>Helge Heian<\/strong><br \/>\nKundeansvarlig<\/p>\n<p><i class=\"fa fa-phone mail-icon\" style=\"color: #337776;\"><\/i> (+47) 40 28 71 96<br \/>\n<i class=\"fa fa-envelope mail-icon\" style=\"color: #337776;\"><\/i> helge@lmf.no[\/vc_column_text][\/vc_column][vc_column width=&#8221;1\/4&#8243;][vc_column_text el_class=&#8221;boxshadow&#8221;]<img decoding=\"async\" src=\"\/se\/wp-content\/uploads\/2020\/05\/p3.jpg\" \/><br \/>\n<strong>Martin Lohne<\/strong><br \/>\nRedakt\u00f8r og IT-ansvarlig<\/p>\n<p><i class=\"fa fa-phone mail-icon\" style=\"color: #337776;\"><\/i> (+47) 47 01 41 41<br \/>\n<i class=\"fa fa-envelope mail-icon\" style=\"color: #337776;\"><\/i> martin@lmf.no[\/vc_column_text][\/vc_column][vc_column width=&#8221;1\/4&#8243;][\/vc_column][\/vc_row]<\/p>\n<\/div>","protected":false},"excerpt":{"rendered":"<p>[vc_row][vc_column width=&#8221;1\/2&#8243;][vc_column_text]V\u00e5r bes\u00f6ksaddress \u00e4r Thor\u00f8yaveien 21 i Sandefjord, Norge. Har du n\u00e5gra fr\u00e5gor oss \u00e4r det bara att ta kontakt! Vi lovar att ge dig ett svar inom kort![\/vc_column_text][\/vc_column][vc_column width=&#8221;1\/2&#8243;][vc_column_text]Epost till kontoret: LMF@LMF.NO Telefon: (+47) 33 42 33 42[\/vc_column_text][\/vc_column][\/vc_row][vc_row][vc_column width=&#8221;1\/4&#8243;][vc_column_text<span class=\"read_more_area\"><a class=\"read-more\" href=\"https:\/\/lmf.no\/se\/kontakt\/\"> Continue Reading <\/a><\/span><\/p>\n","protected":false},"author":1,"featured_media":0,"parent":0,"menu_order":0,"comment_status":"closed","ping_status":"closed","template":"","meta":{"footnotes":""},"class_list":["post-1765","page","type-page","status-publish","hentry"],"yoast_head":"<!-- This site is optimized with the Yoast SEO plugin v27.3 - https:\/\/yoast.com\/product\/yoast-seo-wordpress\/ -->\n<title>Kontakt | Skagerrak Forlag AS - SE<\/title>\n<meta name=\"robots\" content=\"index, follow, max-snippet:-1, max-image-preview:large, max-video-preview:-1\" \/>\n<link rel=\"canonical\" href=\"https:\/\/lmf.no\/se\/kontakt\/\" \/>\n<meta property=\"og:locale\" content=\"sv_SE\" \/>\n<meta property=\"og:type\" content=\"article\" \/>\n<meta property=\"og:title\" content=\"Kontakt | Skagerrak Forlag AS - SE\" \/>\n<meta property=\"og:description\" content=\"[vc_row][vc_column width=&#8221;1\/2&#8243;][vc_column_text]V\u00e5r bes\u00f6ksaddress \u00e4r Thor\u00f8yaveien 21 i Sandefjord, Norge. Har du n\u00e5gra fr\u00e5gor oss \u00e4r det bara att ta kontakt! Vi lovar att ge dig ett svar inom kort![\/vc_column_text][\/vc_column][vc_column width=&#8221;1\/2&#8243;][vc_column_text]Epost till kontoret: LMF@LMF.NO Telefon: (+47) 33 42 33 42[\/vc_column_text][\/vc_column][\/vc_row][vc_row][vc_column width=&#8221;1\/4&#8243;][vc_column_text Continue Reading\" \/>\n<meta property=\"og:url\" content=\"https:\/\/lmf.no\/se\/kontakt\/\" \/>\n<meta property=\"og:site_name\" content=\"Skagerrak Forlag AS - SE\" \/>\n<meta property=\"article:modified_time\" content=\"2020-06-01T08:00:43+00:00\" \/>\n<meta property=\"og:image\" content=\"https:\/\/lmf.no\/se\/wp-content\/uploads\/2024\/04\/skagerrak-forlag.jpg\" \/>\n\t<meta property=\"og:image:width\" content=\"1200\" \/>\n\t<meta property=\"og:image:height\" content=\"675\" \/>\n\t<meta property=\"og:image:type\" content=\"image\/jpeg\" \/>\n<meta name=\"twitter:card\" content=\"summary_large_image\" \/>\n<meta name=\"twitter:label1\" content=\"Ber\u00e4knad l\u00e4stid\" \/>\n\t<meta name=\"twitter:data1\" content=\"1 minut\" \/>\n<script type=\"application\/ld+json\" class=\"yoast-schema-graph\">{\"@context\":\"https:\\\/\\\/schema.org\",\"@graph\":[{\"@type\":\"WebPage\",\"@id\":\"https:\\\/\\\/lmf.no\\\/se\\\/kontakt\\\/\",\"url\":\"https:\\\/\\\/lmf.no\\\/se\\\/kontakt\\\/\",\"name\":\"Kontakt | Skagerrak Forlag AS - SE\",\"isPartOf\":{\"@id\":\"https:\\\/\\\/lmf.no\\\/se\\\/#website\"},\"datePublished\":\"2020-05-19T07:36:23+00:00\",\"dateModified\":\"2020-06-01T08:00:43+00:00\",\"breadcrumb\":{\"@id\":\"https:\\\/\\\/lmf.no\\\/se\\\/kontakt\\\/#breadcrumb\"},\"inLanguage\":\"sv-SE\",\"potentialAction\":[{\"@type\":\"ReadAction\",\"target\":[\"https:\\\/\\\/lmf.no\\\/se\\\/kontakt\\\/\"]}]},{\"@type\":\"BreadcrumbList\",\"@id\":\"https:\\\/\\\/lmf.no\\\/se\\\/kontakt\\\/#breadcrumb\",\"itemListElement\":[{\"@type\":\"ListItem\",\"position\":1,\"name\":\"Hjem\",\"item\":\"https:\\\/\\\/lmf.no\\\/se\\\/\"},{\"@type\":\"ListItem\",\"position\":2,\"name\":\"Kontakt\"}]},{\"@type\":\"WebSite\",\"@id\":\"https:\\\/\\\/lmf.no\\\/se\\\/#website\",\"url\":\"https:\\\/\\\/lmf.no\\\/se\\\/\",\"name\":\"Skagerrak Forlag AS\",\"description\":\"Publicering av l\u00e4rob\u00f6cker\",\"publisher\":{\"@id\":\"https:\\\/\\\/lmf.no\\\/se\\\/#organization\"},\"alternateName\":\"L\u00e6remiddelforlaget - Skagerrak Forlag AS\",\"potentialAction\":[{\"@type\":\"SearchAction\",\"target\":{\"@type\":\"EntryPoint\",\"urlTemplate\":\"https:\\\/\\\/lmf.no\\\/se\\\/?s={search_term_string}\"},\"query-input\":{\"@type\":\"PropertyValueSpecification\",\"valueRequired\":true,\"valueName\":\"search_term_string\"}}],\"inLanguage\":\"sv-SE\"},{\"@type\":\"Organization\",\"@id\":\"https:\\\/\\\/lmf.no\\\/se\\\/#organization\",\"name\":\"Skagerrak Forlag\",\"url\":\"https:\\\/\\\/lmf.no\\\/se\\\/\",\"logo\":{\"@type\":\"ImageObject\",\"inLanguage\":\"sv-SE\",\"@id\":\"https:\\\/\\\/lmf.no\\\/se\\\/#\\\/schema\\\/logo\\\/image\\\/\",\"url\":\"https:\\\/\\\/lmf.no\\\/se\\\/wp-content\\\/uploads\\\/2024\\\/04\\\/skagerrak-forlag.png\",\"contentUrl\":\"https:\\\/\\\/lmf.no\\\/se\\\/wp-content\\\/uploads\\\/2024\\\/04\\\/skagerrak-forlag.png\",\"width\":188,\"height\":47,\"caption\":\"Skagerrak Forlag\"},\"image\":{\"@id\":\"https:\\\/\\\/lmf.no\\\/se\\\/#\\\/schema\\\/logo\\\/image\\\/\"}}]}<\/script>\n<!-- \/ Yoast SEO plugin. -->","yoast_head_json":{"title":"Kontakt | Skagerrak Forlag AS - SE","robots":{"index":"index","follow":"follow","max-snippet":"max-snippet:-1","max-image-preview":"max-image-preview:large","max-video-preview":"max-video-preview:-1"},"canonical":"https:\/\/lmf.no\/se\/kontakt\/","og_locale":"sv_SE","og_type":"article","og_title":"Kontakt | Skagerrak Forlag AS - SE","og_description":"[vc_row][vc_column width=&#8221;1\/2&#8243;][vc_column_text]V\u00e5r bes\u00f6ksaddress \u00e4r Thor\u00f8yaveien 21 i Sandefjord, Norge. Har du n\u00e5gra fr\u00e5gor oss \u00e4r det bara att ta kontakt! Vi lovar att ge dig ett svar inom kort![\/vc_column_text][\/vc_column][vc_column width=&#8221;1\/2&#8243;][vc_column_text]Epost till kontoret: LMF@LMF.NO Telefon: (+47) 33 42 33 42[\/vc_column_text][\/vc_column][\/vc_row][vc_row][vc_column width=&#8221;1\/4&#8243;][vc_column_text Continue Reading","og_url":"https:\/\/lmf.no\/se\/kontakt\/","og_site_name":"Skagerrak Forlag AS - SE","article_modified_time":"2020-06-01T08:00:43+00:00","og_image":[{"width":1200,"height":675,"url":"https:\/\/lmf.no\/se\/wp-content\/uploads\/2024\/04\/skagerrak-forlag.jpg","type":"image\/jpeg"}],"twitter_card":"summary_large_image","twitter_misc":{"Ber\u00e4knad l\u00e4stid":"1 minut"},"schema":{"@context":"https:\/\/schema.org","@graph":[{"@type":"WebPage","@id":"https:\/\/lmf.no\/se\/kontakt\/","url":"https:\/\/lmf.no\/se\/kontakt\/","name":"Kontakt | Skagerrak Forlag AS - SE","isPartOf":{"@id":"https:\/\/lmf.no\/se\/#website"},"datePublished":"2020-05-19T07:36:23+00:00","dateModified":"2020-06-01T08:00:43+00:00","breadcrumb":{"@id":"https:\/\/lmf.no\/se\/kontakt\/#breadcrumb"},"inLanguage":"sv-SE","potentialAction":[{"@type":"ReadAction","target":["https:\/\/lmf.no\/se\/kontakt\/"]}]},{"@type":"BreadcrumbList","@id":"https:\/\/lmf.no\/se\/kontakt\/#breadcrumb","itemListElement":[{"@type":"ListItem","position":1,"name":"Hjem","item":"https:\/\/lmf.no\/se\/"},{"@type":"ListItem","position":2,"name":"Kontakt"}]},{"@type":"WebSite","@id":"https:\/\/lmf.no\/se\/#website","url":"https:\/\/lmf.no\/se\/","name":"Skagerrak Forlag AS","description":"Publicering av l\u00e4rob\u00f6cker","publisher":{"@id":"https:\/\/lmf.no\/se\/#organization"},"alternateName":"L\u00e6remiddelforlaget - Skagerrak Forlag AS","potentialAction":[{"@type":"SearchAction","target":{"@type":"EntryPoint","urlTemplate":"https:\/\/lmf.no\/se\/?s={search_term_string}"},"query-input":{"@type":"PropertyValueSpecification","valueRequired":true,"valueName":"search_term_string"}}],"inLanguage":"sv-SE"},{"@type":"Organization","@id":"https:\/\/lmf.no\/se\/#organization","name":"Skagerrak Forlag","url":"https:\/\/lmf.no\/se\/","logo":{"@type":"ImageObject","inLanguage":"sv-SE","@id":"https:\/\/lmf.no\/se\/#\/schema\/logo\/image\/","url":"https:\/\/lmf.no\/se\/wp-content\/uploads\/2024\/04\/skagerrak-forlag.png","contentUrl":"https:\/\/lmf.no\/se\/wp-content\/uploads\/2024\/04\/skagerrak-forlag.png","width":188,"height":47,"caption":"Skagerrak Forlag"},"image":{"@id":"https:\/\/lmf.no\/se\/#\/schema\/logo\/image\/"}}]}},"_links":{"self":[{"href":"https:\/\/lmf.no\/se\/wp-json\/wp\/v2\/pages\/1765","targetHints":{"allow":["GET"]}}],"collection":[{"href":"https:\/\/lmf.no\/se\/wp-json\/wp\/v2\/pages"}],"about":[{"href":"https:\/\/lmf.no\/se\/wp-json\/wp\/v2\/types\/page"}],"author":[{"embeddable":true,"href":"https:\/\/lmf.no\/se\/wp-json\/wp\/v2\/users\/1"}],"replies":[{"embeddable":true,"href":"https:\/\/lmf.no\/se\/wp-json\/wp\/v2\/comments?post=1765"}],"version-history":[{"count":8,"href":"https:\/\/lmf.no\/se\/wp-json\/wp\/v2\/pages\/1765\/revisions"}],"predecessor-version":[{"id":1818,"href":"https:\/\/lmf.no\/se\/wp-json\/wp\/v2\/pages\/1765\/revisions\/1818"}],"wp:attachment":[{"href":"https:\/\/lmf.no\/se\/wp-json\/wp\/v2\/media?parent=1765"}],"curies":[{"name":"wp","href":"https:\/\/api.w.org\/{rel}","templated":true}]}}