{"id":1726,"date":"2020-05-19T09:16:20","date_gmt":"2020-05-19T07:16:20","guid":{"rendered":"http:\/\/lmf.no\/se\/?post_type=product&#038;p=1726"},"modified":"2026-03-05T13:11:38","modified_gmt":"2026-03-05T12:11:38","slug":"havneguiden-1","status":"publish","type":"product","link":"https:\/\/lmf.no\/se\/produkt\/havneguiden-1\/","title":{"rendered":"Havneguiden 1, Svinesund \u2013 Langesund, utg\u00e5va 7"},"content":{"rendered":"<p>Havneguiden 1 beskriver natur- och g\u00e4sthamnar d\u00e4r varje hamn presenteras med en egen Hamnguidekarta, flygfoto, beskrivande text och en faktaruta med nyckelinformation.<\/p>\n<p>Texten \u00e4r uppdelad i tv\u00e5 delar: Den maritima delen beskriver hamnen, inseglingen och s\u00e4rskilda f\u00f6rh\u00e5llanden som du ska vara uppm\u00e4rksam p\u00e5. Du f\u00e5r ocks\u00e5 veta vilken typ av f\u00f6rt\u00f6jning som \u00e4r aktuell, s\u00e5 att du kan vara f\u00f6rberedd vid ankomst. Den allm\u00e4nna texten ber\u00e4ttar om platsens s\u00e4rdrag och historia samt om vad ni kan se, g\u00f6ra och uppleva n\u00e4r ni kommer dit. Vi har ocks\u00e5 f\u00f6rs\u00f6kt peka p\u00e5 saker ni kan undra \u00f6ver, och kanske ta reda p\u00e5 mer om sj\u00e4lva.<\/p>\n<p>I denna utg\u00e5va \u00e4r alla Hamnguidekartor omarbetade. Hamnarna har m\u00e4tts p\u00e5 nytt med ett avancerat multistr\u00e5le-ekolod. P\u00e5 grundval av de nya sj\u00f6m\u00e4tningarna har vi tagit fram nya Hamnguidekartor med betydligt fler djupdetaljer samt mer precisa djupkurvor. Resultatet \u00e4r att vi nu kan p\u00e5visa l\u00e5ngt fler s\u00e4kra f\u00f6rt\u00f6jningsplatser i naturhamnarna. I samma hamnar har vi markerat platser som l\u00e4mpar sig f\u00f6r alla b\u00e5ttyper (r\u00f6d linje) och platser som endast l\u00e4mpar sig f\u00f6r motorb\u00e5tar (bl\u00e5 linje). I naturhamnar \u00e4r longsideplatser markerade med en egen pil p\u00e5 land.<\/p>\n<p>Flygbilderna med markeringar ger dig en snabb \u00f6verblick \u00f6ver hamnens omgivningar, faciliteter, inseglingsleder, faror och f\u00f6rt\u00f6jningsm\u00f6jligheter. P\u00e5 sidorna med QR-kod har du snabb tillg\u00e5ng till en dr\u00f6narfilm \u00f6ver hamnen.<\/p>\n<p>L\u00e4ngst bak i boken finns en kupong som ger dig tillg\u00e5ng till Havneguide-appen. Med hj\u00e4lp av appen kan du enkelt \u00f6vers\u00e4tta den ursprungliga norska texten till ditt modersm\u00e5l.<\/p>\n<p>Sommaren 2026 t\u00e4cker Hamnguide-serien ett omr\u00e5de som str\u00e4cker sig fr\u00e5n \u00d6rnsk\u00f6ldsvik i Bottenviken till Kirkenes l\u00e4ngst nordost i Norge. I Hamnguide-serien finns ocks\u00e5 guider som t\u00e4cker Danmark, Tyskland, Polen, Slovenien, Kroatien, Montenegro, Albanien och Grekland.<\/p>\n<p>Norsk text i boken. \u00d6vers\u00e4ttning till valfritt spr\u00e5k kan g\u00f6ras via Hamnguiden Online-prenumeration. <a href=\"http:\/\/www.harbourguide.com\">www.harbourguide.com<\/a><\/p>\n","protected":false},"excerpt":{"rendered":"<p>ISBN 978-82-7997-245-7<\/p>\n<p><a href=\"https:\/\/www.flipsnack.com\/skagerrak\/hg1-ft3ev3f51\" target=\"_blank\">Bl\u00e4ddra i boken<\/a><\/p>\n<p><a href=\"https:\/\/www.harbourguide.com\/\" target=\"_blank\" rel=\"noopener noreferrer\">Hamnguiden Online<\/a><\/p>\n","protected":false},"featured_media":2020,"template":"","meta":[],"product_brand":[],"product_cat":[26],"product_tag":[],"class_list":{"0":"post-1726","1":"product","2":"type-product","3":"status-publish","4":"has-post-thumbnail","6":"product_cat-hamnguiden","8":"first","9":"instock","10":"shipping-taxable","11":"purchasable","12":"product-type-simple"},"yoast_head":"<!-- This site is optimized with the Yoast SEO plugin v27.3 - https:\/\/yoast.com\/product\/yoast-seo-wordpress\/ -->\n<title>Havneguiden 1, Svinesund \u2013 Langesund, utg\u00e5va 7 | Skagerrak Forlag AS - SE<\/title>\n<meta name=\"description\" content=\"Havneguiden 1, Svinesund \u2013 Langesund beskriver cirka 400 hamnar. Vid n\u00e5gra tillf\u00e4llen beskrivs mer \u00e4n en hamn p\u00e5 samma uppslag.\" \/>\n<meta name=\"robots\" content=\"index, follow, max-snippet:-1, max-image-preview:large, max-video-preview:-1\" \/>\n<link rel=\"canonical\" href=\"https:\/\/lmf.no\/se\/produkt\/havneguiden-1\/\" \/>\n<meta property=\"og:locale\" content=\"sv_SE\" \/>\n<meta property=\"og:type\" content=\"article\" \/>\n<meta property=\"og:title\" content=\"Havneguiden 1, Svinesund \u2013 Langesund, utg\u00e5va 7 | Skagerrak Forlag AS - SE\" \/>\n<meta property=\"og:description\" content=\"Havneguiden 1, Svinesund \u2013 Langesund beskriver cirka 400 hamnar. Vid n\u00e5gra tillf\u00e4llen beskrivs mer \u00e4n en hamn p\u00e5 samma uppslag.\" \/>\n<meta property=\"og:url\" content=\"https:\/\/lmf.no\/se\/produkt\/havneguiden-1\/\" \/>\n<meta property=\"og:site_name\" content=\"Skagerrak Forlag AS - SE\" \/>\n<meta property=\"article:modified_time\" content=\"2026-03-05T12:11:38+00:00\" \/>\n<meta property=\"og:image\" content=\"https:\/\/lmf.no\/se\/wp-content\/uploads\/2020\/05\/HG1_forside-scaled.jpg\" \/>\n\t<meta property=\"og:image:width\" content=\"1810\" \/>\n\t<meta property=\"og:image:height\" content=\"2560\" \/>\n\t<meta property=\"og:image:type\" content=\"image\/jpeg\" \/>\n<meta name=\"twitter:card\" content=\"summary_large_image\" \/>\n<meta name=\"twitter:label1\" content=\"Ber\u00e4knad l\u00e4stid\" \/>\n\t<meta name=\"twitter:data1\" content=\"2 minuter\" \/>\n<script type=\"application\/ld+json\" class=\"yoast-schema-graph\">{\"@context\":\"https:\\\/\\\/schema.org\",\"@graph\":[{\"@type\":\"WebPage\",\"@id\":\"https:\\\/\\\/lmf.no\\\/se\\\/produkt\\\/havneguiden-1\\\/\",\"url\":\"https:\\\/\\\/lmf.no\\\/se\\\/produkt\\\/havneguiden-1\\\/\",\"name\":\"Havneguiden 1, Svinesund \u2013 Langesund, utg\u00e5va 7 | Skagerrak Forlag AS - SE\",\"isPartOf\":{\"@id\":\"https:\\\/\\\/lmf.no\\\/se\\\/#website\"},\"primaryImageOfPage\":{\"@id\":\"https:\\\/\\\/lmf.no\\\/se\\\/produkt\\\/havneguiden-1\\\/#primaryimage\"},\"image\":{\"@id\":\"https:\\\/\\\/lmf.no\\\/se\\\/produkt\\\/havneguiden-1\\\/#primaryimage\"},\"thumbnailUrl\":\"https:\\\/\\\/lmf.no\\\/se\\\/wp-content\\\/uploads\\\/2020\\\/05\\\/HG1_forside-scaled.jpg\",\"datePublished\":\"2020-05-19T07:16:20+00:00\",\"dateModified\":\"2026-03-05T12:11:38+00:00\",\"description\":\"Havneguiden 1, Svinesund \u2013 Langesund beskriver cirka 400 hamnar. Vid n\u00e5gra tillf\u00e4llen beskrivs mer \u00e4n en hamn p\u00e5 samma uppslag.\",\"breadcrumb\":{\"@id\":\"https:\\\/\\\/lmf.no\\\/se\\\/produkt\\\/havneguiden-1\\\/#breadcrumb\"},\"inLanguage\":\"sv-SE\",\"potentialAction\":[{\"@type\":\"ReadAction\",\"target\":[\"https:\\\/\\\/lmf.no\\\/se\\\/produkt\\\/havneguiden-1\\\/\"]}]},{\"@type\":\"ImageObject\",\"inLanguage\":\"sv-SE\",\"@id\":\"https:\\\/\\\/lmf.no\\\/se\\\/produkt\\\/havneguiden-1\\\/#primaryimage\",\"url\":\"https:\\\/\\\/lmf.no\\\/se\\\/wp-content\\\/uploads\\\/2020\\\/05\\\/HG1_forside-scaled.jpg\",\"contentUrl\":\"https:\\\/\\\/lmf.no\\\/se\\\/wp-content\\\/uploads\\\/2020\\\/05\\\/HG1_forside-scaled.jpg\",\"width\":1810,\"height\":2560},{\"@type\":\"BreadcrumbList\",\"@id\":\"https:\\\/\\\/lmf.no\\\/se\\\/produkt\\\/havneguiden-1\\\/#breadcrumb\",\"itemListElement\":[{\"@type\":\"ListItem\",\"position\":1,\"name\":\"Hjem\",\"item\":\"https:\\\/\\\/lmf.no\\\/se\\\/\"},{\"@type\":\"ListItem\",\"position\":2,\"name\":\"Butikk\",\"item\":\"https:\\\/\\\/lmf.no\\\/se\\\/butikk\\\/\"},{\"@type\":\"ListItem\",\"position\":3,\"name\":\"Havneguiden 1, Svinesund \u2013 Langesund, utg\u00e5va 7\"}]},{\"@type\":\"WebSite\",\"@id\":\"https:\\\/\\\/lmf.no\\\/se\\\/#website\",\"url\":\"https:\\\/\\\/lmf.no\\\/se\\\/\",\"name\":\"Skagerrak Forlag AS\",\"description\":\"Publicering av l\u00e4rob\u00f6cker\",\"publisher\":{\"@id\":\"https:\\\/\\\/lmf.no\\\/se\\\/#organization\"},\"alternateName\":\"L\u00e6remiddelforlaget - Skagerrak Forlag AS\",\"potentialAction\":[{\"@type\":\"SearchAction\",\"target\":{\"@type\":\"EntryPoint\",\"urlTemplate\":\"https:\\\/\\\/lmf.no\\\/se\\\/?s={search_term_string}\"},\"query-input\":{\"@type\":\"PropertyValueSpecification\",\"valueRequired\":true,\"valueName\":\"search_term_string\"}}],\"inLanguage\":\"sv-SE\"},{\"@type\":\"Organization\",\"@id\":\"https:\\\/\\\/lmf.no\\\/se\\\/#organization\",\"name\":\"Skagerrak Forlag\",\"url\":\"https:\\\/\\\/lmf.no\\\/se\\\/\",\"logo\":{\"@type\":\"ImageObject\",\"inLanguage\":\"sv-SE\",\"@id\":\"https:\\\/\\\/lmf.no\\\/se\\\/#\\\/schema\\\/logo\\\/image\\\/\",\"url\":\"https:\\\/\\\/lmf.no\\\/se\\\/wp-content\\\/uploads\\\/2024\\\/04\\\/skagerrak-forlag.png\",\"contentUrl\":\"https:\\\/\\\/lmf.no\\\/se\\\/wp-content\\\/uploads\\\/2024\\\/04\\\/skagerrak-forlag.png\",\"width\":188,\"height\":47,\"caption\":\"Skagerrak Forlag\"},\"image\":{\"@id\":\"https:\\\/\\\/lmf.no\\\/se\\\/#\\\/schema\\\/logo\\\/image\\\/\"}}]}<\/script>\n<!-- \/ Yoast SEO plugin. -->","yoast_head_json":{"title":"Havneguiden 1, Svinesund \u2013 Langesund, utg\u00e5va 7 | Skagerrak Forlag AS - SE","description":"Havneguiden 1, Svinesund \u2013 Langesund beskriver cirka 400 hamnar. Vid n\u00e5gra tillf\u00e4llen beskrivs mer \u00e4n en hamn p\u00e5 samma uppslag.","robots":{"index":"index","follow":"follow","max-snippet":"max-snippet:-1","max-image-preview":"max-image-preview:large","max-video-preview":"max-video-preview:-1"},"canonical":"https:\/\/lmf.no\/se\/produkt\/havneguiden-1\/","og_locale":"sv_SE","og_type":"article","og_title":"Havneguiden 1, Svinesund \u2013 Langesund, utg\u00e5va 7 | Skagerrak Forlag AS - SE","og_description":"Havneguiden 1, Svinesund \u2013 Langesund beskriver cirka 400 hamnar. Vid n\u00e5gra tillf\u00e4llen beskrivs mer \u00e4n en hamn p\u00e5 samma uppslag.","og_url":"https:\/\/lmf.no\/se\/produkt\/havneguiden-1\/","og_site_name":"Skagerrak Forlag AS - SE","article_modified_time":"2026-03-05T12:11:38+00:00","og_image":[{"width":1810,"height":2560,"url":"https:\/\/lmf.no\/se\/wp-content\/uploads\/2020\/05\/HG1_forside-scaled.jpg","type":"image\/jpeg"}],"twitter_card":"summary_large_image","twitter_misc":{"Ber\u00e4knad l\u00e4stid":"2 minuter"},"schema":{"@context":"https:\/\/schema.org","@graph":[{"@type":"WebPage","@id":"https:\/\/lmf.no\/se\/produkt\/havneguiden-1\/","url":"https:\/\/lmf.no\/se\/produkt\/havneguiden-1\/","name":"Havneguiden 1, Svinesund \u2013 Langesund, utg\u00e5va 7 | Skagerrak Forlag AS - SE","isPartOf":{"@id":"https:\/\/lmf.no\/se\/#website"},"primaryImageOfPage":{"@id":"https:\/\/lmf.no\/se\/produkt\/havneguiden-1\/#primaryimage"},"image":{"@id":"https:\/\/lmf.no\/se\/produkt\/havneguiden-1\/#primaryimage"},"thumbnailUrl":"https:\/\/lmf.no\/se\/wp-content\/uploads\/2020\/05\/HG1_forside-scaled.jpg","datePublished":"2020-05-19T07:16:20+00:00","dateModified":"2026-03-05T12:11:38+00:00","description":"Havneguiden 1, Svinesund \u2013 Langesund beskriver cirka 400 hamnar. Vid n\u00e5gra tillf\u00e4llen beskrivs mer \u00e4n en hamn p\u00e5 samma uppslag.","breadcrumb":{"@id":"https:\/\/lmf.no\/se\/produkt\/havneguiden-1\/#breadcrumb"},"inLanguage":"sv-SE","potentialAction":[{"@type":"ReadAction","target":["https:\/\/lmf.no\/se\/produkt\/havneguiden-1\/"]}]},{"@type":"ImageObject","inLanguage":"sv-SE","@id":"https:\/\/lmf.no\/se\/produkt\/havneguiden-1\/#primaryimage","url":"https:\/\/lmf.no\/se\/wp-content\/uploads\/2020\/05\/HG1_forside-scaled.jpg","contentUrl":"https:\/\/lmf.no\/se\/wp-content\/uploads\/2020\/05\/HG1_forside-scaled.jpg","width":1810,"height":2560},{"@type":"BreadcrumbList","@id":"https:\/\/lmf.no\/se\/produkt\/havneguiden-1\/#breadcrumb","itemListElement":[{"@type":"ListItem","position":1,"name":"Hjem","item":"https:\/\/lmf.no\/se\/"},{"@type":"ListItem","position":2,"name":"Butikk","item":"https:\/\/lmf.no\/se\/butikk\/"},{"@type":"ListItem","position":3,"name":"Havneguiden 1, Svinesund \u2013 Langesund, utg\u00e5va 7"}]},{"@type":"WebSite","@id":"https:\/\/lmf.no\/se\/#website","url":"https:\/\/lmf.no\/se\/","name":"Skagerrak Forlag AS","description":"Publicering av l\u00e4rob\u00f6cker","publisher":{"@id":"https:\/\/lmf.no\/se\/#organization"},"alternateName":"L\u00e6remiddelforlaget - Skagerrak Forlag AS","potentialAction":[{"@type":"SearchAction","target":{"@type":"EntryPoint","urlTemplate":"https:\/\/lmf.no\/se\/?s={search_term_string}"},"query-input":{"@type":"PropertyValueSpecification","valueRequired":true,"valueName":"search_term_string"}}],"inLanguage":"sv-SE"},{"@type":"Organization","@id":"https:\/\/lmf.no\/se\/#organization","name":"Skagerrak Forlag","url":"https:\/\/lmf.no\/se\/","logo":{"@type":"ImageObject","inLanguage":"sv-SE","@id":"https:\/\/lmf.no\/se\/#\/schema\/logo\/image\/","url":"https:\/\/lmf.no\/se\/wp-content\/uploads\/2024\/04\/skagerrak-forlag.png","contentUrl":"https:\/\/lmf.no\/se\/wp-content\/uploads\/2024\/04\/skagerrak-forlag.png","width":188,"height":47,"caption":"Skagerrak Forlag"},"image":{"@id":"https:\/\/lmf.no\/se\/#\/schema\/logo\/image\/"}}]}},"_links":{"self":[{"href":"https:\/\/lmf.no\/se\/wp-json\/wp\/v2\/product\/1726","targetHints":{"allow":["GET"]}}],"collection":[{"href":"https:\/\/lmf.no\/se\/wp-json\/wp\/v2\/product"}],"about":[{"href":"https:\/\/lmf.no\/se\/wp-json\/wp\/v2\/types\/product"}],"wp:featuredmedia":[{"embeddable":true,"href":"https:\/\/lmf.no\/se\/wp-json\/wp\/v2\/media\/2020"}],"wp:attachment":[{"href":"https:\/\/lmf.no\/se\/wp-json\/wp\/v2\/media?parent=1726"}],"wp:term":[{"taxonomy":"product_brand","embeddable":true,"href":"https:\/\/lmf.no\/se\/wp-json\/wp\/v2\/product_brand?post=1726"},{"taxonomy":"product_cat","embeddable":true,"href":"https:\/\/lmf.no\/se\/wp-json\/wp\/v2\/product_cat?post=1726"},{"taxonomy":"product_tag","embeddable":true,"href":"https:\/\/lmf.no\/se\/wp-json\/wp\/v2\/product_tag?post=1726"}],"curies":[{"name":"wp","href":"https:\/\/api.w.org\/{rel}","templated":true}]}}