{"id":1796,"date":"2020-06-01T09:30:01","date_gmt":"2020-06-01T07:30:01","guid":{"rendered":"https:\/\/lmf.no\/se\/?post_type=product&#038;p=1796"},"modified":"2024-04-30T10:16:13","modified_gmt":"2024-04-30T08:16:13","slug":"havneguiden-3","status":"publish","type":"product","link":"https:\/\/lmf.no\/se\/produkt\/havneguiden-3\/","title":{"rendered":"Havneguiden 3, Lindesnes \u2013 Bergen, utg\u00e5va 3"},"content":{"rendered":"<p>Hamnguiden 3, Lindesnes \u2013 Bergen beskriver cirka 400 hamnar. Vid n\u00e5gra tillf\u00e4llen beskrivs mer \u00e4n en hamn p\u00e5 samma uppslag. Varje hamn presenteras med en egen Hamnguidekarta, flygfoto, beskrivande text och en faktaruta med nyckelinformation. Texten \u00e4r uppdelad i tv\u00e5 delar. Den maritima delen beskriver hamnen, inseglingen och eventuella speciella f\u00f6rh\u00e5llanden. Du f\u00e5r ocks\u00e5 veta vilken slags f\u00f6rt\u00f6jning som \u00e4r aktuell, s\u00e5 att du kan vara f\u00f6rberedd vid ankomsten. Den generella texten ber\u00e4ttar om platsens och omgivningens sev\u00e4rdheter och historia, och om vad du kan se, g\u00f6ra och uppleva n\u00e4r du kommer dit. D\u00e4r det passar har vi ocks\u00e5 f\u00f6rs\u00f6kt peka p\u00e5 saker som du kan t\u00e4nka p\u00e5 och kanske uppt\u00e4cka mer p\u00e5 egen hand. Nyfikenhet \u00e4r bra att ha med p\u00e5 en resa.<\/p>\n<p>P\u00e5 hamnkartorna hittar du fler detaljer \u00e4n p\u00e5 vanliga sj\u00f6kort och plottrar. H\u00e4r \u00e4r det \u00e4ven markerat var det \u00e4r b\u00e4st att f\u00f6rt\u00f6ja, vilken slags f\u00f6rt\u00f6jning som anv\u00e4nds och varifr\u00e5n bilden \u00e4r tagen. Flygbilderna med markeringar ger dig snabb \u00f6versikt \u00f6ver hamnens omgivningar, faciliteter, inseglingsleder, faror och f\u00f6rt\u00f6jningsm\u00f6jligheter.<\/p>\n<p>Sedan sommaren 2019 t\u00e4cker Hamnguiderna ett omr\u00e5de som str\u00e4cker sig fr\u00e5n Arholma norr om Stockholm till Kirkenes l\u00e4ngst nordost ut i Norge. I Hamnguideserien finns ocks\u00e5 guider som t\u00e4cker Danmark, Tyskland, Polen, Slovenien, Kroatien, Montenegro, Albanien och Grekland. Hamnguiderna \u00e4r en internationell succ\u00e9 och flera delar \u00e4r \u00f6versatta till tyska och engelska.<\/p>\n<p>Norsk text i boken. \u00d6vers\u00e4ttning till valfritt spr\u00e5k kan g\u00f6ras via Hamnguiden Online-prenumeration. <a href=\"http:\/\/www.harbourguide.com\">www.harbourguide.com<\/a><\/p>\n","protected":false},"excerpt":{"rendered":"<p>ISBN 978-82-7997-219-8<\/p>\n<p><a href=\"https:\/\/cdn.flipsnack.com\/widget\/v2\/widget.html?hash=fdk5wcjpo&amp;bgcolor=EEEEEE&amp;t=1523523531\" target=\"_blank\" rel=\"noopener noreferrer\">Bl\u00e4ddra i boken<\/a><\/p>\n<p><a href=\"https:\/\/www.harbourguide.com\/\" target=\"_blank\" rel=\"noopener noreferrer\">Hamnguiden Online<\/a><\/p>\n","protected":false},"featured_media":1797,"template":"","meta":[],"product_brand":[],"product_cat":[26],"product_tag":[],"class_list":{"0":"post-1796","1":"product","2":"type-product","3":"status-publish","4":"has-post-thumbnail","6":"product_cat-hamnguiden","8":"first","9":"instock","10":"shipping-taxable","11":"purchasable","12":"product-type-simple"},"yoast_head":"<!-- This site is optimized with the Yoast SEO plugin v27.3 - https:\/\/yoast.com\/product\/yoast-seo-wordpress\/ -->\n<title>Havneguiden 3, Lindesnes \u2013 Bergen, utg\u00e5va 3 | Skagerrak Forlag AS - SE<\/title>\n<meta name=\"description\" content=\"Hamnguiden 3, Lindesnes \u2013 Bergen beskriver cirka 400 hamnar. Vid n\u00e5gra tillf\u00e4llen beskrivs mer \u00e4n en hamn p\u00e5 samma uppslag.\" \/>\n<meta name=\"robots\" content=\"index, follow, max-snippet:-1, max-image-preview:large, max-video-preview:-1\" \/>\n<link rel=\"canonical\" href=\"https:\/\/lmf.no\/se\/produkt\/havneguiden-3\/\" \/>\n<meta property=\"og:locale\" content=\"sv_SE\" \/>\n<meta property=\"og:type\" content=\"article\" \/>\n<meta property=\"og:title\" content=\"Havneguiden 3, Lindesnes \u2013 Bergen, utg\u00e5va 3 | Skagerrak Forlag AS - SE\" \/>\n<meta property=\"og:description\" content=\"Hamnguiden 3, Lindesnes \u2013 Bergen beskriver cirka 400 hamnar. Vid n\u00e5gra tillf\u00e4llen beskrivs mer \u00e4n en hamn p\u00e5 samma uppslag.\" \/>\n<meta property=\"og:url\" content=\"https:\/\/lmf.no\/se\/produkt\/havneguiden-3\/\" \/>\n<meta property=\"og:site_name\" content=\"Skagerrak Forlag AS - SE\" \/>\n<meta property=\"article:modified_time\" content=\"2024-04-30T08:16:13+00:00\" \/>\n<meta property=\"og:image\" content=\"https:\/\/lmf.no\/se\/wp-content\/uploads\/2020\/06\/hg3.jpg\" \/>\n\t<meta property=\"og:image:width\" content=\"600\" \/>\n\t<meta property=\"og:image:height\" content=\"850\" \/>\n\t<meta property=\"og:image:type\" content=\"image\/jpeg\" \/>\n<meta name=\"twitter:card\" content=\"summary_large_image\" \/>\n<meta name=\"twitter:label1\" content=\"Ber\u00e4knad l\u00e4stid\" \/>\n\t<meta name=\"twitter:data1\" content=\"2 minuter\" \/>\n<script type=\"application\/ld+json\" class=\"yoast-schema-graph\">{\"@context\":\"https:\\\/\\\/schema.org\",\"@graph\":[{\"@type\":\"WebPage\",\"@id\":\"https:\\\/\\\/lmf.no\\\/se\\\/produkt\\\/havneguiden-3\\\/\",\"url\":\"https:\\\/\\\/lmf.no\\\/se\\\/produkt\\\/havneguiden-3\\\/\",\"name\":\"Havneguiden 3, Lindesnes \u2013 Bergen, utg\u00e5va 3 | Skagerrak Forlag AS - SE\",\"isPartOf\":{\"@id\":\"https:\\\/\\\/lmf.no\\\/se\\\/#website\"},\"primaryImageOfPage\":{\"@id\":\"https:\\\/\\\/lmf.no\\\/se\\\/produkt\\\/havneguiden-3\\\/#primaryimage\"},\"image\":{\"@id\":\"https:\\\/\\\/lmf.no\\\/se\\\/produkt\\\/havneguiden-3\\\/#primaryimage\"},\"thumbnailUrl\":\"https:\\\/\\\/lmf.no\\\/se\\\/wp-content\\\/uploads\\\/2020\\\/06\\\/hg3.jpg\",\"datePublished\":\"2020-06-01T07:30:01+00:00\",\"dateModified\":\"2024-04-30T08:16:13+00:00\",\"description\":\"Hamnguiden 3, Lindesnes \u2013 Bergen beskriver cirka 400 hamnar. Vid n\u00e5gra tillf\u00e4llen beskrivs mer \u00e4n en hamn p\u00e5 samma uppslag.\",\"breadcrumb\":{\"@id\":\"https:\\\/\\\/lmf.no\\\/se\\\/produkt\\\/havneguiden-3\\\/#breadcrumb\"},\"inLanguage\":\"sv-SE\",\"potentialAction\":[{\"@type\":\"ReadAction\",\"target\":[\"https:\\\/\\\/lmf.no\\\/se\\\/produkt\\\/havneguiden-3\\\/\"]}]},{\"@type\":\"ImageObject\",\"inLanguage\":\"sv-SE\",\"@id\":\"https:\\\/\\\/lmf.no\\\/se\\\/produkt\\\/havneguiden-3\\\/#primaryimage\",\"url\":\"https:\\\/\\\/lmf.no\\\/se\\\/wp-content\\\/uploads\\\/2020\\\/06\\\/hg3.jpg\",\"contentUrl\":\"https:\\\/\\\/lmf.no\\\/se\\\/wp-content\\\/uploads\\\/2020\\\/06\\\/hg3.jpg\",\"width\":600,\"height\":850},{\"@type\":\"BreadcrumbList\",\"@id\":\"https:\\\/\\\/lmf.no\\\/se\\\/produkt\\\/havneguiden-3\\\/#breadcrumb\",\"itemListElement\":[{\"@type\":\"ListItem\",\"position\":1,\"name\":\"Hjem\",\"item\":\"https:\\\/\\\/lmf.no\\\/se\\\/\"},{\"@type\":\"ListItem\",\"position\":2,\"name\":\"Butikk\",\"item\":\"https:\\\/\\\/lmf.no\\\/se\\\/butikk\\\/\"},{\"@type\":\"ListItem\",\"position\":3,\"name\":\"Havneguiden 3, Lindesnes \u2013 Bergen, utg\u00e5va 3\"}]},{\"@type\":\"WebSite\",\"@id\":\"https:\\\/\\\/lmf.no\\\/se\\\/#website\",\"url\":\"https:\\\/\\\/lmf.no\\\/se\\\/\",\"name\":\"Skagerrak Forlag AS\",\"description\":\"Publicering av l\u00e4rob\u00f6cker\",\"publisher\":{\"@id\":\"https:\\\/\\\/lmf.no\\\/se\\\/#organization\"},\"alternateName\":\"L\u00e6remiddelforlaget - Skagerrak Forlag AS\",\"potentialAction\":[{\"@type\":\"SearchAction\",\"target\":{\"@type\":\"EntryPoint\",\"urlTemplate\":\"https:\\\/\\\/lmf.no\\\/se\\\/?s={search_term_string}\"},\"query-input\":{\"@type\":\"PropertyValueSpecification\",\"valueRequired\":true,\"valueName\":\"search_term_string\"}}],\"inLanguage\":\"sv-SE\"},{\"@type\":\"Organization\",\"@id\":\"https:\\\/\\\/lmf.no\\\/se\\\/#organization\",\"name\":\"Skagerrak Forlag\",\"url\":\"https:\\\/\\\/lmf.no\\\/se\\\/\",\"logo\":{\"@type\":\"ImageObject\",\"inLanguage\":\"sv-SE\",\"@id\":\"https:\\\/\\\/lmf.no\\\/se\\\/#\\\/schema\\\/logo\\\/image\\\/\",\"url\":\"https:\\\/\\\/lmf.no\\\/se\\\/wp-content\\\/uploads\\\/2024\\\/04\\\/skagerrak-forlag.png\",\"contentUrl\":\"https:\\\/\\\/lmf.no\\\/se\\\/wp-content\\\/uploads\\\/2024\\\/04\\\/skagerrak-forlag.png\",\"width\":188,\"height\":47,\"caption\":\"Skagerrak Forlag\"},\"image\":{\"@id\":\"https:\\\/\\\/lmf.no\\\/se\\\/#\\\/schema\\\/logo\\\/image\\\/\"}}]}<\/script>\n<!-- \/ Yoast SEO plugin. -->","yoast_head_json":{"title":"Havneguiden 3, Lindesnes \u2013 Bergen, utg\u00e5va 3 | Skagerrak Forlag AS - SE","description":"Hamnguiden 3, Lindesnes \u2013 Bergen beskriver cirka 400 hamnar. Vid n\u00e5gra tillf\u00e4llen beskrivs mer \u00e4n en hamn p\u00e5 samma uppslag.","robots":{"index":"index","follow":"follow","max-snippet":"max-snippet:-1","max-image-preview":"max-image-preview:large","max-video-preview":"max-video-preview:-1"},"canonical":"https:\/\/lmf.no\/se\/produkt\/havneguiden-3\/","og_locale":"sv_SE","og_type":"article","og_title":"Havneguiden 3, Lindesnes \u2013 Bergen, utg\u00e5va 3 | Skagerrak Forlag AS - SE","og_description":"Hamnguiden 3, Lindesnes \u2013 Bergen beskriver cirka 400 hamnar. Vid n\u00e5gra tillf\u00e4llen beskrivs mer \u00e4n en hamn p\u00e5 samma uppslag.","og_url":"https:\/\/lmf.no\/se\/produkt\/havneguiden-3\/","og_site_name":"Skagerrak Forlag AS - SE","article_modified_time":"2024-04-30T08:16:13+00:00","og_image":[{"width":600,"height":850,"url":"https:\/\/lmf.no\/se\/wp-content\/uploads\/2020\/06\/hg3.jpg","type":"image\/jpeg"}],"twitter_card":"summary_large_image","twitter_misc":{"Ber\u00e4knad l\u00e4stid":"2 minuter"},"schema":{"@context":"https:\/\/schema.org","@graph":[{"@type":"WebPage","@id":"https:\/\/lmf.no\/se\/produkt\/havneguiden-3\/","url":"https:\/\/lmf.no\/se\/produkt\/havneguiden-3\/","name":"Havneguiden 3, Lindesnes \u2013 Bergen, utg\u00e5va 3 | Skagerrak Forlag AS - SE","isPartOf":{"@id":"https:\/\/lmf.no\/se\/#website"},"primaryImageOfPage":{"@id":"https:\/\/lmf.no\/se\/produkt\/havneguiden-3\/#primaryimage"},"image":{"@id":"https:\/\/lmf.no\/se\/produkt\/havneguiden-3\/#primaryimage"},"thumbnailUrl":"https:\/\/lmf.no\/se\/wp-content\/uploads\/2020\/06\/hg3.jpg","datePublished":"2020-06-01T07:30:01+00:00","dateModified":"2024-04-30T08:16:13+00:00","description":"Hamnguiden 3, Lindesnes \u2013 Bergen beskriver cirka 400 hamnar. Vid n\u00e5gra tillf\u00e4llen beskrivs mer \u00e4n en hamn p\u00e5 samma uppslag.","breadcrumb":{"@id":"https:\/\/lmf.no\/se\/produkt\/havneguiden-3\/#breadcrumb"},"inLanguage":"sv-SE","potentialAction":[{"@type":"ReadAction","target":["https:\/\/lmf.no\/se\/produkt\/havneguiden-3\/"]}]},{"@type":"ImageObject","inLanguage":"sv-SE","@id":"https:\/\/lmf.no\/se\/produkt\/havneguiden-3\/#primaryimage","url":"https:\/\/lmf.no\/se\/wp-content\/uploads\/2020\/06\/hg3.jpg","contentUrl":"https:\/\/lmf.no\/se\/wp-content\/uploads\/2020\/06\/hg3.jpg","width":600,"height":850},{"@type":"BreadcrumbList","@id":"https:\/\/lmf.no\/se\/produkt\/havneguiden-3\/#breadcrumb","itemListElement":[{"@type":"ListItem","position":1,"name":"Hjem","item":"https:\/\/lmf.no\/se\/"},{"@type":"ListItem","position":2,"name":"Butikk","item":"https:\/\/lmf.no\/se\/butikk\/"},{"@type":"ListItem","position":3,"name":"Havneguiden 3, Lindesnes \u2013 Bergen, utg\u00e5va 3"}]},{"@type":"WebSite","@id":"https:\/\/lmf.no\/se\/#website","url":"https:\/\/lmf.no\/se\/","name":"Skagerrak Forlag AS","description":"Publicering av l\u00e4rob\u00f6cker","publisher":{"@id":"https:\/\/lmf.no\/se\/#organization"},"alternateName":"L\u00e6remiddelforlaget - Skagerrak Forlag AS","potentialAction":[{"@type":"SearchAction","target":{"@type":"EntryPoint","urlTemplate":"https:\/\/lmf.no\/se\/?s={search_term_string}"},"query-input":{"@type":"PropertyValueSpecification","valueRequired":true,"valueName":"search_term_string"}}],"inLanguage":"sv-SE"},{"@type":"Organization","@id":"https:\/\/lmf.no\/se\/#organization","name":"Skagerrak Forlag","url":"https:\/\/lmf.no\/se\/","logo":{"@type":"ImageObject","inLanguage":"sv-SE","@id":"https:\/\/lmf.no\/se\/#\/schema\/logo\/image\/","url":"https:\/\/lmf.no\/se\/wp-content\/uploads\/2024\/04\/skagerrak-forlag.png","contentUrl":"https:\/\/lmf.no\/se\/wp-content\/uploads\/2024\/04\/skagerrak-forlag.png","width":188,"height":47,"caption":"Skagerrak Forlag"},"image":{"@id":"https:\/\/lmf.no\/se\/#\/schema\/logo\/image\/"}}]}},"_links":{"self":[{"href":"https:\/\/lmf.no\/se\/wp-json\/wp\/v2\/product\/1796","targetHints":{"allow":["GET"]}}],"collection":[{"href":"https:\/\/lmf.no\/se\/wp-json\/wp\/v2\/product"}],"about":[{"href":"https:\/\/lmf.no\/se\/wp-json\/wp\/v2\/types\/product"}],"wp:featuredmedia":[{"embeddable":true,"href":"https:\/\/lmf.no\/se\/wp-json\/wp\/v2\/media\/1797"}],"wp:attachment":[{"href":"https:\/\/lmf.no\/se\/wp-json\/wp\/v2\/media?parent=1796"}],"wp:term":[{"taxonomy":"product_brand","embeddable":true,"href":"https:\/\/lmf.no\/se\/wp-json\/wp\/v2\/product_brand?post=1796"},{"taxonomy":"product_cat","embeddable":true,"href":"https:\/\/lmf.no\/se\/wp-json\/wp\/v2\/product_cat?post=1796"},{"taxonomy":"product_tag","embeddable":true,"href":"https:\/\/lmf.no\/se\/wp-json\/wp\/v2\/product_tag?post=1796"}],"curies":[{"name":"wp","href":"https:\/\/api.w.org\/{rel}","templated":true}]}}