{"id":1800,"date":"2020-06-01T09:33:23","date_gmt":"2020-06-01T07:33:23","guid":{"rendered":"https:\/\/lmf.no\/se\/?post_type=product&#038;p=1800"},"modified":"2025-02-25T10:40:02","modified_gmt":"2025-02-25T09:40:02","slug":"hamnguiden-5-svensk-utgave","status":"publish","type":"product","link":"https:\/\/lmf.no\/se\/produkt\/hamnguiden-5-svensk-utgave\/","title":{"rendered":"Hamnguiden 5, G\u00f6teborg \u2013 Svinesund, utg\u00e5va 4"},"content":{"rendered":"<p>Den h\u00e4r Hamnguiden beskriver 371 natur- och g\u00e4sthamnar fr\u00e5n Tistlarna i s\u00f6der till Svinesund i norr. H\u00e4r beskrivs k\u00e4nda och mindre k\u00e4nda naturhamnar, h\u00e4r ges tips om leder, och g\u00e4sthamnarna redovisas detaljerat med service och till\u00e4ggningsm\u00f6jligheter. Alla hamnar presenteras med en detaljerad Hamnguidekarta, en helikopterbild, en guidande text samt en faktaruta.<\/p>\n<p>Denna fj\u00e4rde upplaga av Hamnguiden 5 \u00e4r en helt omarbetad uppf\u00f6ljare till den f\u00f6rsta upplagan som kom ut 2007. Samtliga Hamnguidekartor i boken \u00e4r producerade av Hydrographica och \u00e4r baserade p\u00e5 Hydrographicas bepr\u00f6vade sj\u00f6m\u00e4tningsteknik med 3D-flygfoto som underlag. Varje Hamnguidekarta har dessutom kontrollerats och verifierats genom kompletterande sj\u00f6m\u00e4tningar p\u00e5 plats.<\/p>\n<p>Hamnguidekartorna har \u00e4ven en avancerad topografisk redovisning som bygger p\u00e5 den allra senaste tekniken med laserscanning av terr\u00e4ngen. Man f\u00e5r exakta h\u00f6jdkurvor, i detta fall med 2,5 meters ekvidistans, men man f\u00e5r ocks\u00e5 m\u00f6jlighet att med skuggeffekter skapa en 3D-k\u00e4nsla av terr\u00e4ngens former som ett komplement till de traditionella h\u00f6jdkurvorna. Med denna teknik blir det mycket enkelt att i f\u00f6rv\u00e4g bed\u00f6ma egenskaperna hos en hamn och att avg\u00f6ra var de b\u00e4sta l\u00e4l\u00e4gena finns, eller var \u00f6arna \u00e4r flacka och risken f\u00f6r bl\u00e5st \u00e4r st\u00f6rre.<\/p>\n<p>Texten i Hamnguiden 5 \u00e4r uppdelad i en generell och en maritim del. Den generella delen beskriver platsens historia, natur och tipsar om olika aktiviteter som finns att tillg\u00e5 i hamnen. Den maritima delen ger information om var det \u00e4r lugnt och tryggt att ligga, hur du f\u00f6rt\u00f6jer s\u00e4krast och vad du b\u00f6r vara speciellt uppm\u00e4rksam p\u00e5. L\u00e5ngsidesf\u00f6rt\u00f6jning i naturhamnar har blivit allt mer popul\u00e4rt p\u00e5 senare \u00e5r, och i denna bok har vi markerat \u00f6ver 1000 s\u00e5dana platser.<\/p>\n","protected":false},"excerpt":{"rendered":"<p>ISBN 978-82-7997-229-7<\/p>\n<p><a href=\"https:\/\/www.flipsnack.com\/skagerrak\/hg5-pageflip-norsk-ftmqz8alu\/full-view.html\" target=\"_blank\" rel=\"noopener noreferrer\">Bl\u00e4ddra i boken<\/a><\/p>\n<p><a href=\"https:\/\/www.harbourguide.com\/\" target=\"_blank\" rel=\"noopener noreferrer\">Hamnguiden Online<\/a><\/p>\n","protected":false},"featured_media":1858,"template":"","meta":[],"product_brand":[],"product_cat":[26],"product_tag":[],"class_list":{"0":"post-1800","1":"product","2":"type-product","3":"status-publish","4":"has-post-thumbnail","6":"product_cat-hamnguiden","8":"first","9":"instock","10":"shipping-taxable","11":"purchasable","12":"product-type-simple"},"yoast_head":"<!-- This site is optimized with the Yoast SEO plugin v27.3 - https:\/\/yoast.com\/product\/yoast-seo-wordpress\/ -->\n<title>Hamnguiden 5, G\u00f6teborg \u2013 Svinesund, utg\u00e5va 4 | Skagerrak Forlag AS - SE<\/title>\n<meta name=\"description\" content=\"Den h\u00e4r Hamnguiden beskriver 371 natur- och g\u00e4sthamnar fr\u00e5n Tistlarna i s\u00f6der till Svinesund i norr. H\u00e4r beskrivs k\u00e4nda och mindre k\u00e4nda naturhamnar.\" \/>\n<meta name=\"robots\" content=\"index, follow, max-snippet:-1, max-image-preview:large, max-video-preview:-1\" \/>\n<link rel=\"canonical\" href=\"https:\/\/lmf.no\/se\/produkt\/hamnguiden-5-svensk-utgave\/\" \/>\n<meta property=\"og:locale\" content=\"sv_SE\" \/>\n<meta property=\"og:type\" content=\"article\" \/>\n<meta property=\"og:title\" content=\"Hamnguiden 5, G\u00f6teborg \u2013 Svinesund, utg\u00e5va 4 | Skagerrak Forlag AS - SE\" \/>\n<meta property=\"og:description\" content=\"Den h\u00e4r Hamnguiden beskriver 371 natur- och g\u00e4sthamnar fr\u00e5n Tistlarna i s\u00f6der till Svinesund i norr. H\u00e4r beskrivs k\u00e4nda och mindre k\u00e4nda naturhamnar.\" \/>\n<meta property=\"og:url\" content=\"https:\/\/lmf.no\/se\/produkt\/hamnguiden-5-svensk-utgave\/\" \/>\n<meta property=\"og:site_name\" content=\"Skagerrak Forlag AS - SE\" \/>\n<meta property=\"article:modified_time\" content=\"2025-02-25T09:40:02+00:00\" \/>\n<meta property=\"og:image\" content=\"https:\/\/lmf.no\/se\/wp-content\/uploads\/2020\/06\/hg5-1.jpg\" \/>\n\t<meta property=\"og:image:width\" content=\"601\" \/>\n\t<meta property=\"og:image:height\" content=\"850\" \/>\n\t<meta property=\"og:image:type\" content=\"image\/jpeg\" \/>\n<meta name=\"twitter:card\" content=\"summary_large_image\" \/>\n<meta name=\"twitter:label1\" content=\"Ber\u00e4knad l\u00e4stid\" \/>\n\t<meta name=\"twitter:data1\" content=\"2 minuter\" \/>\n<script type=\"application\/ld+json\" class=\"yoast-schema-graph\">{\"@context\":\"https:\\\/\\\/schema.org\",\"@graph\":[{\"@type\":\"WebPage\",\"@id\":\"https:\\\/\\\/lmf.no\\\/se\\\/produkt\\\/hamnguiden-5-svensk-utgave\\\/\",\"url\":\"https:\\\/\\\/lmf.no\\\/se\\\/produkt\\\/hamnguiden-5-svensk-utgave\\\/\",\"name\":\"Hamnguiden 5, G\u00f6teborg \u2013 Svinesund, utg\u00e5va 4 | Skagerrak Forlag AS - SE\",\"isPartOf\":{\"@id\":\"https:\\\/\\\/lmf.no\\\/se\\\/#website\"},\"primaryImageOfPage\":{\"@id\":\"https:\\\/\\\/lmf.no\\\/se\\\/produkt\\\/hamnguiden-5-svensk-utgave\\\/#primaryimage\"},\"image\":{\"@id\":\"https:\\\/\\\/lmf.no\\\/se\\\/produkt\\\/hamnguiden-5-svensk-utgave\\\/#primaryimage\"},\"thumbnailUrl\":\"https:\\\/\\\/lmf.no\\\/se\\\/wp-content\\\/uploads\\\/2020\\\/06\\\/hg5-1.jpg\",\"datePublished\":\"2020-06-01T07:33:23+00:00\",\"dateModified\":\"2025-02-25T09:40:02+00:00\",\"description\":\"Den h\u00e4r Hamnguiden beskriver 371 natur- och g\u00e4sthamnar fr\u00e5n Tistlarna i s\u00f6der till Svinesund i norr. H\u00e4r beskrivs k\u00e4nda och mindre k\u00e4nda naturhamnar.\",\"breadcrumb\":{\"@id\":\"https:\\\/\\\/lmf.no\\\/se\\\/produkt\\\/hamnguiden-5-svensk-utgave\\\/#breadcrumb\"},\"inLanguage\":\"sv-SE\",\"potentialAction\":[{\"@type\":\"ReadAction\",\"target\":[\"https:\\\/\\\/lmf.no\\\/se\\\/produkt\\\/hamnguiden-5-svensk-utgave\\\/\"]}]},{\"@type\":\"ImageObject\",\"inLanguage\":\"sv-SE\",\"@id\":\"https:\\\/\\\/lmf.no\\\/se\\\/produkt\\\/hamnguiden-5-svensk-utgave\\\/#primaryimage\",\"url\":\"https:\\\/\\\/lmf.no\\\/se\\\/wp-content\\\/uploads\\\/2020\\\/06\\\/hg5-1.jpg\",\"contentUrl\":\"https:\\\/\\\/lmf.no\\\/se\\\/wp-content\\\/uploads\\\/2020\\\/06\\\/hg5-1.jpg\",\"width\":601,\"height\":850},{\"@type\":\"BreadcrumbList\",\"@id\":\"https:\\\/\\\/lmf.no\\\/se\\\/produkt\\\/hamnguiden-5-svensk-utgave\\\/#breadcrumb\",\"itemListElement\":[{\"@type\":\"ListItem\",\"position\":1,\"name\":\"Hjem\",\"item\":\"https:\\\/\\\/lmf.no\\\/se\\\/\"},{\"@type\":\"ListItem\",\"position\":2,\"name\":\"Butikk\",\"item\":\"https:\\\/\\\/lmf.no\\\/se\\\/butikk\\\/\"},{\"@type\":\"ListItem\",\"position\":3,\"name\":\"Hamnguiden 5, G\u00f6teborg \u2013 Svinesund, utg\u00e5va 4\"}]},{\"@type\":\"WebSite\",\"@id\":\"https:\\\/\\\/lmf.no\\\/se\\\/#website\",\"url\":\"https:\\\/\\\/lmf.no\\\/se\\\/\",\"name\":\"Skagerrak Forlag AS\",\"description\":\"Publicering av l\u00e4rob\u00f6cker\",\"publisher\":{\"@id\":\"https:\\\/\\\/lmf.no\\\/se\\\/#organization\"},\"alternateName\":\"L\u00e6remiddelforlaget - Skagerrak Forlag AS\",\"potentialAction\":[{\"@type\":\"SearchAction\",\"target\":{\"@type\":\"EntryPoint\",\"urlTemplate\":\"https:\\\/\\\/lmf.no\\\/se\\\/?s={search_term_string}\"},\"query-input\":{\"@type\":\"PropertyValueSpecification\",\"valueRequired\":true,\"valueName\":\"search_term_string\"}}],\"inLanguage\":\"sv-SE\"},{\"@type\":\"Organization\",\"@id\":\"https:\\\/\\\/lmf.no\\\/se\\\/#organization\",\"name\":\"Skagerrak Forlag\",\"url\":\"https:\\\/\\\/lmf.no\\\/se\\\/\",\"logo\":{\"@type\":\"ImageObject\",\"inLanguage\":\"sv-SE\",\"@id\":\"https:\\\/\\\/lmf.no\\\/se\\\/#\\\/schema\\\/logo\\\/image\\\/\",\"url\":\"https:\\\/\\\/lmf.no\\\/se\\\/wp-content\\\/uploads\\\/2024\\\/04\\\/skagerrak-forlag.png\",\"contentUrl\":\"https:\\\/\\\/lmf.no\\\/se\\\/wp-content\\\/uploads\\\/2024\\\/04\\\/skagerrak-forlag.png\",\"width\":188,\"height\":47,\"caption\":\"Skagerrak Forlag\"},\"image\":{\"@id\":\"https:\\\/\\\/lmf.no\\\/se\\\/#\\\/schema\\\/logo\\\/image\\\/\"}}]}<\/script>\n<!-- \/ Yoast SEO plugin. -->","yoast_head_json":{"title":"Hamnguiden 5, G\u00f6teborg \u2013 Svinesund, utg\u00e5va 4 | Skagerrak Forlag AS - SE","description":"Den h\u00e4r Hamnguiden beskriver 371 natur- och g\u00e4sthamnar fr\u00e5n Tistlarna i s\u00f6der till Svinesund i norr. H\u00e4r beskrivs k\u00e4nda och mindre k\u00e4nda naturhamnar.","robots":{"index":"index","follow":"follow","max-snippet":"max-snippet:-1","max-image-preview":"max-image-preview:large","max-video-preview":"max-video-preview:-1"},"canonical":"https:\/\/lmf.no\/se\/produkt\/hamnguiden-5-svensk-utgave\/","og_locale":"sv_SE","og_type":"article","og_title":"Hamnguiden 5, G\u00f6teborg \u2013 Svinesund, utg\u00e5va 4 | Skagerrak Forlag AS - SE","og_description":"Den h\u00e4r Hamnguiden beskriver 371 natur- och g\u00e4sthamnar fr\u00e5n Tistlarna i s\u00f6der till Svinesund i norr. H\u00e4r beskrivs k\u00e4nda och mindre k\u00e4nda naturhamnar.","og_url":"https:\/\/lmf.no\/se\/produkt\/hamnguiden-5-svensk-utgave\/","og_site_name":"Skagerrak Forlag AS - SE","article_modified_time":"2025-02-25T09:40:02+00:00","og_image":[{"width":601,"height":850,"url":"https:\/\/lmf.no\/se\/wp-content\/uploads\/2020\/06\/hg5-1.jpg","type":"image\/jpeg"}],"twitter_card":"summary_large_image","twitter_misc":{"Ber\u00e4knad l\u00e4stid":"2 minuter"},"schema":{"@context":"https:\/\/schema.org","@graph":[{"@type":"WebPage","@id":"https:\/\/lmf.no\/se\/produkt\/hamnguiden-5-svensk-utgave\/","url":"https:\/\/lmf.no\/se\/produkt\/hamnguiden-5-svensk-utgave\/","name":"Hamnguiden 5, G\u00f6teborg \u2013 Svinesund, utg\u00e5va 4 | Skagerrak Forlag AS - SE","isPartOf":{"@id":"https:\/\/lmf.no\/se\/#website"},"primaryImageOfPage":{"@id":"https:\/\/lmf.no\/se\/produkt\/hamnguiden-5-svensk-utgave\/#primaryimage"},"image":{"@id":"https:\/\/lmf.no\/se\/produkt\/hamnguiden-5-svensk-utgave\/#primaryimage"},"thumbnailUrl":"https:\/\/lmf.no\/se\/wp-content\/uploads\/2020\/06\/hg5-1.jpg","datePublished":"2020-06-01T07:33:23+00:00","dateModified":"2025-02-25T09:40:02+00:00","description":"Den h\u00e4r Hamnguiden beskriver 371 natur- och g\u00e4sthamnar fr\u00e5n Tistlarna i s\u00f6der till Svinesund i norr. H\u00e4r beskrivs k\u00e4nda och mindre k\u00e4nda naturhamnar.","breadcrumb":{"@id":"https:\/\/lmf.no\/se\/produkt\/hamnguiden-5-svensk-utgave\/#breadcrumb"},"inLanguage":"sv-SE","potentialAction":[{"@type":"ReadAction","target":["https:\/\/lmf.no\/se\/produkt\/hamnguiden-5-svensk-utgave\/"]}]},{"@type":"ImageObject","inLanguage":"sv-SE","@id":"https:\/\/lmf.no\/se\/produkt\/hamnguiden-5-svensk-utgave\/#primaryimage","url":"https:\/\/lmf.no\/se\/wp-content\/uploads\/2020\/06\/hg5-1.jpg","contentUrl":"https:\/\/lmf.no\/se\/wp-content\/uploads\/2020\/06\/hg5-1.jpg","width":601,"height":850},{"@type":"BreadcrumbList","@id":"https:\/\/lmf.no\/se\/produkt\/hamnguiden-5-svensk-utgave\/#breadcrumb","itemListElement":[{"@type":"ListItem","position":1,"name":"Hjem","item":"https:\/\/lmf.no\/se\/"},{"@type":"ListItem","position":2,"name":"Butikk","item":"https:\/\/lmf.no\/se\/butikk\/"},{"@type":"ListItem","position":3,"name":"Hamnguiden 5, G\u00f6teborg \u2013 Svinesund, utg\u00e5va 4"}]},{"@type":"WebSite","@id":"https:\/\/lmf.no\/se\/#website","url":"https:\/\/lmf.no\/se\/","name":"Skagerrak Forlag AS","description":"Publicering av l\u00e4rob\u00f6cker","publisher":{"@id":"https:\/\/lmf.no\/se\/#organization"},"alternateName":"L\u00e6remiddelforlaget - Skagerrak Forlag AS","potentialAction":[{"@type":"SearchAction","target":{"@type":"EntryPoint","urlTemplate":"https:\/\/lmf.no\/se\/?s={search_term_string}"},"query-input":{"@type":"PropertyValueSpecification","valueRequired":true,"valueName":"search_term_string"}}],"inLanguage":"sv-SE"},{"@type":"Organization","@id":"https:\/\/lmf.no\/se\/#organization","name":"Skagerrak Forlag","url":"https:\/\/lmf.no\/se\/","logo":{"@type":"ImageObject","inLanguage":"sv-SE","@id":"https:\/\/lmf.no\/se\/#\/schema\/logo\/image\/","url":"https:\/\/lmf.no\/se\/wp-content\/uploads\/2024\/04\/skagerrak-forlag.png","contentUrl":"https:\/\/lmf.no\/se\/wp-content\/uploads\/2024\/04\/skagerrak-forlag.png","width":188,"height":47,"caption":"Skagerrak Forlag"},"image":{"@id":"https:\/\/lmf.no\/se\/#\/schema\/logo\/image\/"}}]}},"_links":{"self":[{"href":"https:\/\/lmf.no\/se\/wp-json\/wp\/v2\/product\/1800","targetHints":{"allow":["GET"]}}],"collection":[{"href":"https:\/\/lmf.no\/se\/wp-json\/wp\/v2\/product"}],"about":[{"href":"https:\/\/lmf.no\/se\/wp-json\/wp\/v2\/types\/product"}],"wp:featuredmedia":[{"embeddable":true,"href":"https:\/\/lmf.no\/se\/wp-json\/wp\/v2\/media\/1858"}],"wp:attachment":[{"href":"https:\/\/lmf.no\/se\/wp-json\/wp\/v2\/media?parent=1800"}],"wp:term":[{"taxonomy":"product_brand","embeddable":true,"href":"https:\/\/lmf.no\/se\/wp-json\/wp\/v2\/product_brand?post=1800"},{"taxonomy":"product_cat","embeddable":true,"href":"https:\/\/lmf.no\/se\/wp-json\/wp\/v2\/product_cat?post=1800"},{"taxonomy":"product_tag","embeddable":true,"href":"https:\/\/lmf.no\/se\/wp-json\/wp\/v2\/product_tag?post=1800"}],"curies":[{"name":"wp","href":"https:\/\/api.w.org\/{rel}","templated":true}]}}