{"id":1802,"date":"2020-06-01T09:34:42","date_gmt":"2020-06-01T07:34:42","guid":{"rendered":"https:\/\/lmf.no\/se\/?post_type=product&#038;p=1802"},"modified":"2024-04-30T10:15:30","modified_gmt":"2024-04-30T08:15:30","slug":"havneguiden-6-dansk-utgave","status":"publish","type":"product","link":"https:\/\/lmf.no\/se\/produkt\/havneguiden-6-dansk-utgave\/","title":{"rendered":"Havneguiden 6, Danmark og sydvestlige Sverige, utg\u00e5va 4"},"content":{"rendered":"<p>Denna hamnguide t\u00e4cker hela Danmark med undantag f\u00f6r Bornholm. Dessutom har vi tagit med den svenska v\u00e4stkusten fr\u00e5n Skan\u00f6r i s\u00f6der upp till G\u00f6teborg i norr (svensk text). Bornholm och Sveriges syd- och ostkust t\u00e4cks av Hamnguiden 7 (svensk text).<\/p>\n<p>I denna 4:e utg\u00e5va av Hamnguiden Danmark och sydv\u00e4stra Sverige har vi uppdaterat upplysningar om varje enskild hamn och har samtidigt inf\u00f6rt bl\u00e5 b\u00e5tsymboler p\u00e5 foton och kartor. Symbolerna visar vilket f\u00f6rt\u00f6jningss\u00e4tt du kan f\u00f6rv\u00e4nta dig n\u00e4r du kommer i hamn, s\u00e5 att du \u00e4r optimalt f\u00f6rberedd. G\u00e4stbryggorna \u00e4r dessutom markerade med ett r\u00f6tt streck, s\u00e5 att de \u00e4r l\u00e4tta att hitta. I texten hittar du ocks\u00e5 information om den st\u00f6rsta till\u00e5tna storleken p\u00e5 b\u00e5tar som kan komma in i hamnen.<\/p>\n<p>Vi har tagit med b\u00e5de g\u00e4sthamnar och naturhamnar. Varje hamn presenteras p\u00e5 en helsida i boken. Flygbilden tillsammans med kartan och texten ger dig bra och nyttig information. Texten om varje hamn \u00e4r uppdelad i en generell och en maritim del. Den generella delen ger upplysningar om det st\u00e4lle du bes\u00f6ker, en kort historisk bakgrund och de aktiviteter som finns att tillg\u00e5. Den maritima delen ger upplysningar om var och hur du f\u00f6rt\u00f6jer, vad du ska vara uppm\u00e4rksam p\u00e5 under inseglingen och \u00f6vriga speciella f\u00f6rh\u00e5llanden omkring hamnen. Hemsidesadresser och telefonnummer till hamnen finns i en faktaruta och \u00e4r uppdaterade i denna utg\u00e5va. H\u00e4r hittar du ocks\u00e5 en kortfattad \u00f6versikt \u00f6ver vilka faciliteter hamnen har att erbjuda.<\/p>\n<p>Denna hamnguide \u00e4r indelad i sex seglingsomr\u00e5den. Till varje omr\u00e5de finns en planeringskarta d\u00e4r varje hamn finns markerad. Planeringskartan \u00e4r ett bra hj\u00e4lpmedel n\u00e4r morgondagens rutt ska diskuteras och planeras. Dessutom finns en alfabetisk hamn\u00f6versikt l\u00e4ngst bak i boken.<\/p>\n<p>Dansk text i boken. \u00d6vers\u00e4ttning till valfritt spr\u00e5k kan g\u00f6ras via Hamnguiden Online-prenumeration. <a href=\"http:\/\/www.harbourguide.com\">www.harbourguide.com<\/a><\/p>\n","protected":false},"excerpt":{"rendered":"<p>ISBN 978-82-7997-225-9<\/p>\n<p><a href=\"https:\/\/cdn.flipsnack.com\/widget\/v2\/widget.html?hash=ftu5wcjpo&amp;bgcolor=EEEEEE&amp;t=1523524570\" target=\"_blank\" rel=\"noopener noreferrer\">Bl\u00e4ddra i boken<\/a><\/p>\n<p><a href=\"https:\/\/www.harbourguide.com\/\" target=\"_blank\" rel=\"noopener noreferrer\">Hamnguiden Online<\/a><\/p>\n","protected":false},"featured_media":1803,"template":"","meta":[],"product_brand":[],"product_cat":[26],"product_tag":[],"class_list":{"0":"post-1802","1":"product","2":"type-product","3":"status-publish","4":"has-post-thumbnail","6":"product_cat-hamnguiden","8":"first","9":"instock","10":"shipping-taxable","11":"purchasable","12":"product-type-simple"},"yoast_head":"<!-- This site is optimized with the Yoast SEO plugin v27.3 - https:\/\/yoast.com\/product\/yoast-seo-wordpress\/ -->\n<title>Havneguiden 6, Danmark og sydvestlige Sverige, utg\u00e5va 4 | Skagerrak Forlag AS - SE<\/title>\n<meta name=\"description\" content=\"Denna hamnguide t\u00e4cker hela Danmark med undantag f\u00f6r Bornholm. Dessutom har vi tagit med den svenska v\u00e4stkusten fr\u00e5n Skan\u00f6r i s\u00f6der upp till G\u00f6teborg.\" \/>\n<meta name=\"robots\" content=\"index, follow, max-snippet:-1, max-image-preview:large, max-video-preview:-1\" \/>\n<link rel=\"canonical\" href=\"https:\/\/lmf.no\/se\/produkt\/havneguiden-6-dansk-utgave\/\" \/>\n<meta property=\"og:locale\" content=\"sv_SE\" \/>\n<meta property=\"og:type\" content=\"article\" \/>\n<meta property=\"og:title\" content=\"Havneguiden 6, Danmark og sydvestlige Sverige, utg\u00e5va 4 | Skagerrak Forlag AS - SE\" \/>\n<meta property=\"og:description\" content=\"Denna hamnguide t\u00e4cker hela Danmark med undantag f\u00f6r Bornholm. Dessutom har vi tagit med den svenska v\u00e4stkusten fr\u00e5n Skan\u00f6r i s\u00f6der upp till G\u00f6teborg.\" \/>\n<meta property=\"og:url\" content=\"https:\/\/lmf.no\/se\/produkt\/havneguiden-6-dansk-utgave\/\" \/>\n<meta property=\"og:site_name\" content=\"Skagerrak Forlag AS - SE\" \/>\n<meta property=\"article:modified_time\" content=\"2024-04-30T08:15:30+00:00\" \/>\n<meta property=\"og:image\" content=\"https:\/\/lmf.no\/se\/wp-content\/uploads\/2020\/06\/hg6.jpg\" \/>\n\t<meta property=\"og:image:width\" content=\"600\" \/>\n\t<meta property=\"og:image:height\" content=\"850\" \/>\n\t<meta property=\"og:image:type\" content=\"image\/jpeg\" \/>\n<meta name=\"twitter:card\" content=\"summary_large_image\" \/>\n<meta name=\"twitter:label1\" content=\"Ber\u00e4knad l\u00e4stid\" \/>\n\t<meta name=\"twitter:data1\" content=\"2 minuter\" \/>\n<script type=\"application\/ld+json\" class=\"yoast-schema-graph\">{\"@context\":\"https:\\\/\\\/schema.org\",\"@graph\":[{\"@type\":\"WebPage\",\"@id\":\"https:\\\/\\\/lmf.no\\\/se\\\/produkt\\\/havneguiden-6-dansk-utgave\\\/\",\"url\":\"https:\\\/\\\/lmf.no\\\/se\\\/produkt\\\/havneguiden-6-dansk-utgave\\\/\",\"name\":\"Havneguiden 6, Danmark og sydvestlige Sverige, utg\u00e5va 4 | Skagerrak Forlag AS - SE\",\"isPartOf\":{\"@id\":\"https:\\\/\\\/lmf.no\\\/se\\\/#website\"},\"primaryImageOfPage\":{\"@id\":\"https:\\\/\\\/lmf.no\\\/se\\\/produkt\\\/havneguiden-6-dansk-utgave\\\/#primaryimage\"},\"image\":{\"@id\":\"https:\\\/\\\/lmf.no\\\/se\\\/produkt\\\/havneguiden-6-dansk-utgave\\\/#primaryimage\"},\"thumbnailUrl\":\"https:\\\/\\\/lmf.no\\\/se\\\/wp-content\\\/uploads\\\/2020\\\/06\\\/hg6.jpg\",\"datePublished\":\"2020-06-01T07:34:42+00:00\",\"dateModified\":\"2024-04-30T08:15:30+00:00\",\"description\":\"Denna hamnguide t\u00e4cker hela Danmark med undantag f\u00f6r Bornholm. Dessutom har vi tagit med den svenska v\u00e4stkusten fr\u00e5n Skan\u00f6r i s\u00f6der upp till G\u00f6teborg.\",\"breadcrumb\":{\"@id\":\"https:\\\/\\\/lmf.no\\\/se\\\/produkt\\\/havneguiden-6-dansk-utgave\\\/#breadcrumb\"},\"inLanguage\":\"sv-SE\",\"potentialAction\":[{\"@type\":\"ReadAction\",\"target\":[\"https:\\\/\\\/lmf.no\\\/se\\\/produkt\\\/havneguiden-6-dansk-utgave\\\/\"]}]},{\"@type\":\"ImageObject\",\"inLanguage\":\"sv-SE\",\"@id\":\"https:\\\/\\\/lmf.no\\\/se\\\/produkt\\\/havneguiden-6-dansk-utgave\\\/#primaryimage\",\"url\":\"https:\\\/\\\/lmf.no\\\/se\\\/wp-content\\\/uploads\\\/2020\\\/06\\\/hg6.jpg\",\"contentUrl\":\"https:\\\/\\\/lmf.no\\\/se\\\/wp-content\\\/uploads\\\/2020\\\/06\\\/hg6.jpg\",\"width\":600,\"height\":850},{\"@type\":\"BreadcrumbList\",\"@id\":\"https:\\\/\\\/lmf.no\\\/se\\\/produkt\\\/havneguiden-6-dansk-utgave\\\/#breadcrumb\",\"itemListElement\":[{\"@type\":\"ListItem\",\"position\":1,\"name\":\"Hjem\",\"item\":\"https:\\\/\\\/lmf.no\\\/se\\\/\"},{\"@type\":\"ListItem\",\"position\":2,\"name\":\"Butikk\",\"item\":\"https:\\\/\\\/lmf.no\\\/se\\\/butikk\\\/\"},{\"@type\":\"ListItem\",\"position\":3,\"name\":\"Havneguiden 6, Danmark og sydvestlige Sverige, utg\u00e5va 4\"}]},{\"@type\":\"WebSite\",\"@id\":\"https:\\\/\\\/lmf.no\\\/se\\\/#website\",\"url\":\"https:\\\/\\\/lmf.no\\\/se\\\/\",\"name\":\"Skagerrak Forlag AS\",\"description\":\"Publicering av l\u00e4rob\u00f6cker\",\"publisher\":{\"@id\":\"https:\\\/\\\/lmf.no\\\/se\\\/#organization\"},\"alternateName\":\"L\u00e6remiddelforlaget - Skagerrak Forlag AS\",\"potentialAction\":[{\"@type\":\"SearchAction\",\"target\":{\"@type\":\"EntryPoint\",\"urlTemplate\":\"https:\\\/\\\/lmf.no\\\/se\\\/?s={search_term_string}\"},\"query-input\":{\"@type\":\"PropertyValueSpecification\",\"valueRequired\":true,\"valueName\":\"search_term_string\"}}],\"inLanguage\":\"sv-SE\"},{\"@type\":\"Organization\",\"@id\":\"https:\\\/\\\/lmf.no\\\/se\\\/#organization\",\"name\":\"Skagerrak Forlag\",\"url\":\"https:\\\/\\\/lmf.no\\\/se\\\/\",\"logo\":{\"@type\":\"ImageObject\",\"inLanguage\":\"sv-SE\",\"@id\":\"https:\\\/\\\/lmf.no\\\/se\\\/#\\\/schema\\\/logo\\\/image\\\/\",\"url\":\"https:\\\/\\\/lmf.no\\\/se\\\/wp-content\\\/uploads\\\/2024\\\/04\\\/skagerrak-forlag.png\",\"contentUrl\":\"https:\\\/\\\/lmf.no\\\/se\\\/wp-content\\\/uploads\\\/2024\\\/04\\\/skagerrak-forlag.png\",\"width\":188,\"height\":47,\"caption\":\"Skagerrak Forlag\"},\"image\":{\"@id\":\"https:\\\/\\\/lmf.no\\\/se\\\/#\\\/schema\\\/logo\\\/image\\\/\"}}]}<\/script>\n<!-- \/ Yoast SEO plugin. -->","yoast_head_json":{"title":"Havneguiden 6, Danmark og sydvestlige Sverige, utg\u00e5va 4 | Skagerrak Forlag AS - SE","description":"Denna hamnguide t\u00e4cker hela Danmark med undantag f\u00f6r Bornholm. Dessutom har vi tagit med den svenska v\u00e4stkusten fr\u00e5n Skan\u00f6r i s\u00f6der upp till G\u00f6teborg.","robots":{"index":"index","follow":"follow","max-snippet":"max-snippet:-1","max-image-preview":"max-image-preview:large","max-video-preview":"max-video-preview:-1"},"canonical":"https:\/\/lmf.no\/se\/produkt\/havneguiden-6-dansk-utgave\/","og_locale":"sv_SE","og_type":"article","og_title":"Havneguiden 6, Danmark og sydvestlige Sverige, utg\u00e5va 4 | Skagerrak Forlag AS - SE","og_description":"Denna hamnguide t\u00e4cker hela Danmark med undantag f\u00f6r Bornholm. Dessutom har vi tagit med den svenska v\u00e4stkusten fr\u00e5n Skan\u00f6r i s\u00f6der upp till G\u00f6teborg.","og_url":"https:\/\/lmf.no\/se\/produkt\/havneguiden-6-dansk-utgave\/","og_site_name":"Skagerrak Forlag AS - SE","article_modified_time":"2024-04-30T08:15:30+00:00","og_image":[{"width":600,"height":850,"url":"https:\/\/lmf.no\/se\/wp-content\/uploads\/2020\/06\/hg6.jpg","type":"image\/jpeg"}],"twitter_card":"summary_large_image","twitter_misc":{"Ber\u00e4knad l\u00e4stid":"2 minuter"},"schema":{"@context":"https:\/\/schema.org","@graph":[{"@type":"WebPage","@id":"https:\/\/lmf.no\/se\/produkt\/havneguiden-6-dansk-utgave\/","url":"https:\/\/lmf.no\/se\/produkt\/havneguiden-6-dansk-utgave\/","name":"Havneguiden 6, Danmark og sydvestlige Sverige, utg\u00e5va 4 | Skagerrak Forlag AS - SE","isPartOf":{"@id":"https:\/\/lmf.no\/se\/#website"},"primaryImageOfPage":{"@id":"https:\/\/lmf.no\/se\/produkt\/havneguiden-6-dansk-utgave\/#primaryimage"},"image":{"@id":"https:\/\/lmf.no\/se\/produkt\/havneguiden-6-dansk-utgave\/#primaryimage"},"thumbnailUrl":"https:\/\/lmf.no\/se\/wp-content\/uploads\/2020\/06\/hg6.jpg","datePublished":"2020-06-01T07:34:42+00:00","dateModified":"2024-04-30T08:15:30+00:00","description":"Denna hamnguide t\u00e4cker hela Danmark med undantag f\u00f6r Bornholm. Dessutom har vi tagit med den svenska v\u00e4stkusten fr\u00e5n Skan\u00f6r i s\u00f6der upp till G\u00f6teborg.","breadcrumb":{"@id":"https:\/\/lmf.no\/se\/produkt\/havneguiden-6-dansk-utgave\/#breadcrumb"},"inLanguage":"sv-SE","potentialAction":[{"@type":"ReadAction","target":["https:\/\/lmf.no\/se\/produkt\/havneguiden-6-dansk-utgave\/"]}]},{"@type":"ImageObject","inLanguage":"sv-SE","@id":"https:\/\/lmf.no\/se\/produkt\/havneguiden-6-dansk-utgave\/#primaryimage","url":"https:\/\/lmf.no\/se\/wp-content\/uploads\/2020\/06\/hg6.jpg","contentUrl":"https:\/\/lmf.no\/se\/wp-content\/uploads\/2020\/06\/hg6.jpg","width":600,"height":850},{"@type":"BreadcrumbList","@id":"https:\/\/lmf.no\/se\/produkt\/havneguiden-6-dansk-utgave\/#breadcrumb","itemListElement":[{"@type":"ListItem","position":1,"name":"Hjem","item":"https:\/\/lmf.no\/se\/"},{"@type":"ListItem","position":2,"name":"Butikk","item":"https:\/\/lmf.no\/se\/butikk\/"},{"@type":"ListItem","position":3,"name":"Havneguiden 6, Danmark og sydvestlige Sverige, utg\u00e5va 4"}]},{"@type":"WebSite","@id":"https:\/\/lmf.no\/se\/#website","url":"https:\/\/lmf.no\/se\/","name":"Skagerrak Forlag AS","description":"Publicering av l\u00e4rob\u00f6cker","publisher":{"@id":"https:\/\/lmf.no\/se\/#organization"},"alternateName":"L\u00e6remiddelforlaget - Skagerrak Forlag AS","potentialAction":[{"@type":"SearchAction","target":{"@type":"EntryPoint","urlTemplate":"https:\/\/lmf.no\/se\/?s={search_term_string}"},"query-input":{"@type":"PropertyValueSpecification","valueRequired":true,"valueName":"search_term_string"}}],"inLanguage":"sv-SE"},{"@type":"Organization","@id":"https:\/\/lmf.no\/se\/#organization","name":"Skagerrak Forlag","url":"https:\/\/lmf.no\/se\/","logo":{"@type":"ImageObject","inLanguage":"sv-SE","@id":"https:\/\/lmf.no\/se\/#\/schema\/logo\/image\/","url":"https:\/\/lmf.no\/se\/wp-content\/uploads\/2024\/04\/skagerrak-forlag.png","contentUrl":"https:\/\/lmf.no\/se\/wp-content\/uploads\/2024\/04\/skagerrak-forlag.png","width":188,"height":47,"caption":"Skagerrak Forlag"},"image":{"@id":"https:\/\/lmf.no\/se\/#\/schema\/logo\/image\/"}}]}},"_links":{"self":[{"href":"https:\/\/lmf.no\/se\/wp-json\/wp\/v2\/product\/1802","targetHints":{"allow":["GET"]}}],"collection":[{"href":"https:\/\/lmf.no\/se\/wp-json\/wp\/v2\/product"}],"about":[{"href":"https:\/\/lmf.no\/se\/wp-json\/wp\/v2\/types\/product"}],"wp:featuredmedia":[{"embeddable":true,"href":"https:\/\/lmf.no\/se\/wp-json\/wp\/v2\/media\/1803"}],"wp:attachment":[{"href":"https:\/\/lmf.no\/se\/wp-json\/wp\/v2\/media?parent=1802"}],"wp:term":[{"taxonomy":"product_brand","embeddable":true,"href":"https:\/\/lmf.no\/se\/wp-json\/wp\/v2\/product_brand?post=1802"},{"taxonomy":"product_cat","embeddable":true,"href":"https:\/\/lmf.no\/se\/wp-json\/wp\/v2\/product_cat?post=1802"},{"taxonomy":"product_tag","embeddable":true,"href":"https:\/\/lmf.no\/se\/wp-json\/wp\/v2\/product_tag?post=1802"}],"curies":[{"name":"wp","href":"https:\/\/api.w.org\/{rel}","templated":true}]}}