{"id":1804,"date":"2020-06-01T09:37:10","date_gmt":"2020-06-01T07:37:10","guid":{"rendered":"https:\/\/lmf.no\/se\/?post_type=product&#038;p=1804"},"modified":"2025-02-26T11:08:38","modified_gmt":"2025-02-26T10:08:38","slug":"havneguiden-7","status":"publish","type":"product","link":"https:\/\/lmf.no\/se\/produkt\/havneguiden-7\/","title":{"rendered":"Hamnguiden 7, Landsort\u2013Skan\u00f6r, \u00d6land, Gotland &#038; Bornholm, utg\u00e5va 3"},"content":{"rendered":"<p>I den h\u00e4r Hamnguiden beskrivs 377 natur-, klubb- och g\u00e4sthamnar l\u00e4ngs kusten mellan Landsort och Skan\u00f6r samt p\u00e5 \u00d6land, Gotland och Bornholm. H\u00e4r skildras k\u00e4nda och mindre k\u00e4nda naturhamnar, h\u00e4r ges tips om farleder, och g\u00e4sthamnarna redovisas detaljerat med service och f\u00f6rt\u00f6jningsm\u00f6jligheter. Alla hamnar presenteras med en detaljerad Hamnguidekarta, en flygbild, en faktaruta samt en guidande text.<\/p>\n<p>Flygbilderna och markeringarna ger dig en snabb \u00f6versikt \u00f6ver varje hamn, med dess atmosf\u00e4r, faciliteter, inseglingsleder och f\u00f6rt\u00f6jningsm\u00f6jligheter. <\/p>\n<p>Den generella delen av texten beskriver hamnen, platsens historia och natur samt tipsar om aktiviteter som finns att tillg\u00e5 i hamnen och dess omgivning. Den maritima delen ger information om var det \u00e4r lugnt och tryggt att ligga f\u00f6rt\u00f6jd, hur du f\u00f6rt\u00f6jer s\u00e4krast och vad du b\u00f6r vara speciellt uppm\u00e4rksam p\u00e5.<\/p>\n<p>Samtliga hamnar i boken presenteras med en Hamnguidekarta i stor skala som ger detaljerad information om insegling, f\u00f6rt\u00f6jningsplatser, hamnservice m.m. Alla Hamnguidekartor p\u00e5 kuststr\u00e4ckan mellan Landsort och P\u00e5skallavik \u00e4r sj\u00f6m\u00e4tta av Hydrographica. \u00d6vriga Hamnguidekartor \u00e4r baserade p\u00e5 underlag fr\u00e5n Sj\u00f6fartsverket och andra k\u00e4llor.<\/p>\n<p>En mer inneh\u00e5llsrik hamnguide \u00e4n denna g\u00e5r knappast att hitta.<\/p>\n<p><a href=\"https:\/\/www.flipsnack.com\/skagerrak\/hg-7\/full-view.html\" target=\"_blank\" rel=\"noopener\">Bl\u00e4ddra i boken<\/a><\/p>\n<p>Svensk text i boken. \u00d6vers\u00e4ttning till valfritt spr\u00e5k kan g\u00f6ras via Hamnguiden Online-prenumeration. <a href=\"http:\/\/www.harbourguide.com\">www.harbourguide.com<\/a><\/p>\n","protected":false},"excerpt":{"rendered":"<p>ISBN 978-82-7997-243-3<\/p>\n<p><a href=\"https:\/\/www.flipsnack.com\/skagerrak\/hg-7\/full-view.html\" target=\"_blank\" rel=\"noopener noreferrer\">Bl\u00e4ddra i boken<\/a><\/p>\n<p><a href=\"https:\/\/www.harbourguide.com\/\" target=\"_blank\" rel=\"noopener noreferrer\">Hamnguiden Online<\/a><\/p>\n","protected":false},"featured_media":2001,"template":"","meta":[],"product_brand":[],"product_cat":[26],"product_tag":[],"class_list":{"0":"post-1804","1":"product","2":"type-product","3":"status-publish","4":"has-post-thumbnail","6":"product_cat-hamnguiden","8":"first","9":"instock","10":"shipping-taxable","11":"purchasable","12":"product-type-simple"},"yoast_head":"<!-- This site is optimized with the Yoast SEO plugin v27.3 - https:\/\/yoast.com\/product\/yoast-seo-wordpress\/ -->\n<title>Hamnguiden 7, Landsort\u2013Skan\u00f6r, \u00d6land, Gotland &amp; Bornholm, utg\u00e5va 3 | Skagerrak Forlag AS - SE<\/title>\n<meta name=\"description\" content=\"Det har publicerats m\u00e5nga Hamnguider \u00f6ver den svenska ostkusten genom \u00e5ren, men ingen s\u00e5 fullmatad och komplett som denna.\" \/>\n<meta name=\"robots\" content=\"index, follow, max-snippet:-1, max-image-preview:large, max-video-preview:-1\" \/>\n<link rel=\"canonical\" href=\"https:\/\/lmf.no\/se\/produkt\/havneguiden-7\/\" \/>\n<meta property=\"og:locale\" content=\"sv_SE\" \/>\n<meta property=\"og:type\" content=\"article\" \/>\n<meta property=\"og:title\" content=\"Hamnguiden 7, Landsort\u2013Skan\u00f6r, \u00d6land, Gotland &amp; Bornholm, utg\u00e5va 3 | Skagerrak Forlag AS - SE\" \/>\n<meta property=\"og:description\" content=\"Det har publicerats m\u00e5nga Hamnguider \u00f6ver den svenska ostkusten genom \u00e5ren, men ingen s\u00e5 fullmatad och komplett som denna.\" \/>\n<meta property=\"og:url\" content=\"https:\/\/lmf.no\/se\/produkt\/havneguiden-7\/\" \/>\n<meta property=\"og:site_name\" content=\"Skagerrak Forlag AS - SE\" \/>\n<meta property=\"article:modified_time\" content=\"2025-02-26T10:08:38+00:00\" \/>\n<meta property=\"og:image\" content=\"https:\/\/lmf.no\/se\/wp-content\/uploads\/2020\/06\/HG7-forside.jpg\" \/>\n\t<meta property=\"og:image:width\" content=\"595\" \/>\n\t<meta property=\"og:image:height\" content=\"842\" \/>\n\t<meta property=\"og:image:type\" content=\"image\/jpeg\" \/>\n<meta name=\"twitter:card\" content=\"summary_large_image\" \/>\n<meta name=\"twitter:label1\" content=\"Ber\u00e4knad l\u00e4stid\" \/>\n\t<meta name=\"twitter:data1\" content=\"2 minuter\" \/>\n<script type=\"application\/ld+json\" class=\"yoast-schema-graph\">{\"@context\":\"https:\\\/\\\/schema.org\",\"@graph\":[{\"@type\":\"WebPage\",\"@id\":\"https:\\\/\\\/lmf.no\\\/se\\\/produkt\\\/havneguiden-7\\\/\",\"url\":\"https:\\\/\\\/lmf.no\\\/se\\\/produkt\\\/havneguiden-7\\\/\",\"name\":\"Hamnguiden 7, Landsort\u2013Skan\u00f6r, \u00d6land, Gotland & Bornholm, utg\u00e5va 3 | Skagerrak Forlag AS - SE\",\"isPartOf\":{\"@id\":\"https:\\\/\\\/lmf.no\\\/se\\\/#website\"},\"primaryImageOfPage\":{\"@id\":\"https:\\\/\\\/lmf.no\\\/se\\\/produkt\\\/havneguiden-7\\\/#primaryimage\"},\"image\":{\"@id\":\"https:\\\/\\\/lmf.no\\\/se\\\/produkt\\\/havneguiden-7\\\/#primaryimage\"},\"thumbnailUrl\":\"https:\\\/\\\/lmf.no\\\/se\\\/wp-content\\\/uploads\\\/2020\\\/06\\\/HG7-forside.jpg\",\"datePublished\":\"2020-06-01T07:37:10+00:00\",\"dateModified\":\"2025-02-26T10:08:38+00:00\",\"description\":\"Det har publicerats m\u00e5nga Hamnguider \u00f6ver den svenska ostkusten genom \u00e5ren, men ingen s\u00e5 fullmatad och komplett som denna.\",\"breadcrumb\":{\"@id\":\"https:\\\/\\\/lmf.no\\\/se\\\/produkt\\\/havneguiden-7\\\/#breadcrumb\"},\"inLanguage\":\"sv-SE\",\"potentialAction\":[{\"@type\":\"ReadAction\",\"target\":[\"https:\\\/\\\/lmf.no\\\/se\\\/produkt\\\/havneguiden-7\\\/\"]}]},{\"@type\":\"ImageObject\",\"inLanguage\":\"sv-SE\",\"@id\":\"https:\\\/\\\/lmf.no\\\/se\\\/produkt\\\/havneguiden-7\\\/#primaryimage\",\"url\":\"https:\\\/\\\/lmf.no\\\/se\\\/wp-content\\\/uploads\\\/2020\\\/06\\\/HG7-forside.jpg\",\"contentUrl\":\"https:\\\/\\\/lmf.no\\\/se\\\/wp-content\\\/uploads\\\/2020\\\/06\\\/HG7-forside.jpg\",\"width\":595,\"height\":842},{\"@type\":\"BreadcrumbList\",\"@id\":\"https:\\\/\\\/lmf.no\\\/se\\\/produkt\\\/havneguiden-7\\\/#breadcrumb\",\"itemListElement\":[{\"@type\":\"ListItem\",\"position\":1,\"name\":\"Hjem\",\"item\":\"https:\\\/\\\/lmf.no\\\/se\\\/\"},{\"@type\":\"ListItem\",\"position\":2,\"name\":\"Butikk\",\"item\":\"https:\\\/\\\/lmf.no\\\/se\\\/butikk\\\/\"},{\"@type\":\"ListItem\",\"position\":3,\"name\":\"Hamnguiden 7, Landsort\u2013Skan\u00f6r, \u00d6land, Gotland &#038; Bornholm, utg\u00e5va 3\"}]},{\"@type\":\"WebSite\",\"@id\":\"https:\\\/\\\/lmf.no\\\/se\\\/#website\",\"url\":\"https:\\\/\\\/lmf.no\\\/se\\\/\",\"name\":\"Skagerrak Forlag AS\",\"description\":\"Publicering av l\u00e4rob\u00f6cker\",\"publisher\":{\"@id\":\"https:\\\/\\\/lmf.no\\\/se\\\/#organization\"},\"alternateName\":\"L\u00e6remiddelforlaget - Skagerrak Forlag AS\",\"potentialAction\":[{\"@type\":\"SearchAction\",\"target\":{\"@type\":\"EntryPoint\",\"urlTemplate\":\"https:\\\/\\\/lmf.no\\\/se\\\/?s={search_term_string}\"},\"query-input\":{\"@type\":\"PropertyValueSpecification\",\"valueRequired\":true,\"valueName\":\"search_term_string\"}}],\"inLanguage\":\"sv-SE\"},{\"@type\":\"Organization\",\"@id\":\"https:\\\/\\\/lmf.no\\\/se\\\/#organization\",\"name\":\"Skagerrak Forlag\",\"url\":\"https:\\\/\\\/lmf.no\\\/se\\\/\",\"logo\":{\"@type\":\"ImageObject\",\"inLanguage\":\"sv-SE\",\"@id\":\"https:\\\/\\\/lmf.no\\\/se\\\/#\\\/schema\\\/logo\\\/image\\\/\",\"url\":\"https:\\\/\\\/lmf.no\\\/se\\\/wp-content\\\/uploads\\\/2024\\\/04\\\/skagerrak-forlag.png\",\"contentUrl\":\"https:\\\/\\\/lmf.no\\\/se\\\/wp-content\\\/uploads\\\/2024\\\/04\\\/skagerrak-forlag.png\",\"width\":188,\"height\":47,\"caption\":\"Skagerrak Forlag\"},\"image\":{\"@id\":\"https:\\\/\\\/lmf.no\\\/se\\\/#\\\/schema\\\/logo\\\/image\\\/\"}}]}<\/script>\n<!-- \/ Yoast SEO plugin. -->","yoast_head_json":{"title":"Hamnguiden 7, Landsort\u2013Skan\u00f6r, \u00d6land, Gotland & Bornholm, utg\u00e5va 3 | Skagerrak Forlag AS - SE","description":"Det har publicerats m\u00e5nga Hamnguider \u00f6ver den svenska ostkusten genom \u00e5ren, men ingen s\u00e5 fullmatad och komplett som denna.","robots":{"index":"index","follow":"follow","max-snippet":"max-snippet:-1","max-image-preview":"max-image-preview:large","max-video-preview":"max-video-preview:-1"},"canonical":"https:\/\/lmf.no\/se\/produkt\/havneguiden-7\/","og_locale":"sv_SE","og_type":"article","og_title":"Hamnguiden 7, Landsort\u2013Skan\u00f6r, \u00d6land, Gotland & Bornholm, utg\u00e5va 3 | Skagerrak Forlag AS - SE","og_description":"Det har publicerats m\u00e5nga Hamnguider \u00f6ver den svenska ostkusten genom \u00e5ren, men ingen s\u00e5 fullmatad och komplett som denna.","og_url":"https:\/\/lmf.no\/se\/produkt\/havneguiden-7\/","og_site_name":"Skagerrak Forlag AS - SE","article_modified_time":"2025-02-26T10:08:38+00:00","og_image":[{"width":595,"height":842,"url":"https:\/\/lmf.no\/se\/wp-content\/uploads\/2020\/06\/HG7-forside.jpg","type":"image\/jpeg"}],"twitter_card":"summary_large_image","twitter_misc":{"Ber\u00e4knad l\u00e4stid":"2 minuter"},"schema":{"@context":"https:\/\/schema.org","@graph":[{"@type":"WebPage","@id":"https:\/\/lmf.no\/se\/produkt\/havneguiden-7\/","url":"https:\/\/lmf.no\/se\/produkt\/havneguiden-7\/","name":"Hamnguiden 7, Landsort\u2013Skan\u00f6r, \u00d6land, Gotland & Bornholm, utg\u00e5va 3 | Skagerrak Forlag AS - SE","isPartOf":{"@id":"https:\/\/lmf.no\/se\/#website"},"primaryImageOfPage":{"@id":"https:\/\/lmf.no\/se\/produkt\/havneguiden-7\/#primaryimage"},"image":{"@id":"https:\/\/lmf.no\/se\/produkt\/havneguiden-7\/#primaryimage"},"thumbnailUrl":"https:\/\/lmf.no\/se\/wp-content\/uploads\/2020\/06\/HG7-forside.jpg","datePublished":"2020-06-01T07:37:10+00:00","dateModified":"2025-02-26T10:08:38+00:00","description":"Det har publicerats m\u00e5nga Hamnguider \u00f6ver den svenska ostkusten genom \u00e5ren, men ingen s\u00e5 fullmatad och komplett som denna.","breadcrumb":{"@id":"https:\/\/lmf.no\/se\/produkt\/havneguiden-7\/#breadcrumb"},"inLanguage":"sv-SE","potentialAction":[{"@type":"ReadAction","target":["https:\/\/lmf.no\/se\/produkt\/havneguiden-7\/"]}]},{"@type":"ImageObject","inLanguage":"sv-SE","@id":"https:\/\/lmf.no\/se\/produkt\/havneguiden-7\/#primaryimage","url":"https:\/\/lmf.no\/se\/wp-content\/uploads\/2020\/06\/HG7-forside.jpg","contentUrl":"https:\/\/lmf.no\/se\/wp-content\/uploads\/2020\/06\/HG7-forside.jpg","width":595,"height":842},{"@type":"BreadcrumbList","@id":"https:\/\/lmf.no\/se\/produkt\/havneguiden-7\/#breadcrumb","itemListElement":[{"@type":"ListItem","position":1,"name":"Hjem","item":"https:\/\/lmf.no\/se\/"},{"@type":"ListItem","position":2,"name":"Butikk","item":"https:\/\/lmf.no\/se\/butikk\/"},{"@type":"ListItem","position":3,"name":"Hamnguiden 7, Landsort\u2013Skan\u00f6r, \u00d6land, Gotland &#038; Bornholm, utg\u00e5va 3"}]},{"@type":"WebSite","@id":"https:\/\/lmf.no\/se\/#website","url":"https:\/\/lmf.no\/se\/","name":"Skagerrak Forlag AS","description":"Publicering av l\u00e4rob\u00f6cker","publisher":{"@id":"https:\/\/lmf.no\/se\/#organization"},"alternateName":"L\u00e6remiddelforlaget - Skagerrak Forlag AS","potentialAction":[{"@type":"SearchAction","target":{"@type":"EntryPoint","urlTemplate":"https:\/\/lmf.no\/se\/?s={search_term_string}"},"query-input":{"@type":"PropertyValueSpecification","valueRequired":true,"valueName":"search_term_string"}}],"inLanguage":"sv-SE"},{"@type":"Organization","@id":"https:\/\/lmf.no\/se\/#organization","name":"Skagerrak Forlag","url":"https:\/\/lmf.no\/se\/","logo":{"@type":"ImageObject","inLanguage":"sv-SE","@id":"https:\/\/lmf.no\/se\/#\/schema\/logo\/image\/","url":"https:\/\/lmf.no\/se\/wp-content\/uploads\/2024\/04\/skagerrak-forlag.png","contentUrl":"https:\/\/lmf.no\/se\/wp-content\/uploads\/2024\/04\/skagerrak-forlag.png","width":188,"height":47,"caption":"Skagerrak Forlag"},"image":{"@id":"https:\/\/lmf.no\/se\/#\/schema\/logo\/image\/"}}]}},"_links":{"self":[{"href":"https:\/\/lmf.no\/se\/wp-json\/wp\/v2\/product\/1804","targetHints":{"allow":["GET"]}}],"collection":[{"href":"https:\/\/lmf.no\/se\/wp-json\/wp\/v2\/product"}],"about":[{"href":"https:\/\/lmf.no\/se\/wp-json\/wp\/v2\/types\/product"}],"wp:featuredmedia":[{"embeddable":true,"href":"https:\/\/lmf.no\/se\/wp-json\/wp\/v2\/media\/2001"}],"wp:attachment":[{"href":"https:\/\/lmf.no\/se\/wp-json\/wp\/v2\/media?parent=1804"}],"wp:term":[{"taxonomy":"product_brand","embeddable":true,"href":"https:\/\/lmf.no\/se\/wp-json\/wp\/v2\/product_brand?post=1804"},{"taxonomy":"product_cat","embeddable":true,"href":"https:\/\/lmf.no\/se\/wp-json\/wp\/v2\/product_cat?post=1804"},{"taxonomy":"product_tag","embeddable":true,"href":"https:\/\/lmf.no\/se\/wp-json\/wp\/v2\/product_tag?post=1804"}],"curies":[{"name":"wp","href":"https:\/\/api.w.org\/{rel}","templated":true}]}}