{"id":1808,"date":"2020-06-01T09:40:27","date_gmt":"2020-06-01T07:40:27","guid":{"rendered":"https:\/\/lmf.no\/se\/?post_type=product&#038;p=1808"},"modified":"2024-04-30T10:14:37","modified_gmt":"2024-04-30T08:14:37","slug":"havneguiden-9","status":"publish","type":"product","link":"https:\/\/lmf.no\/se\/produkt\/havneguiden-9\/","title":{"rendered":"Hamnguiden 9, V\u00e4nern och V\u00e4ttern, G\u00f6ta \u00e4lv \u2013 Dalslands kanal \u2013 G\u00f6ta kanal, utg\u00e5va 2"},"content":{"rendered":"<p>Den h\u00e4r Hamnguiden beskriver 255 natur- och g\u00e4sthamnar i G\u00f6ta \u00e4lv, V\u00e4nern, Dalslands kanal, Vikingaleden, G\u00f6ta kanal och V\u00e4ttern. H\u00e4r beskrivs k\u00e4nda och mindre k\u00e4nda naturhamnar, h\u00e4r ges tips om leder, och g\u00e4sthamnarna redovisas detaljerat med service och till\u00e4ggningsm\u00f6jligheter. Alla hamnar presenteras med en detaljerad Hamnguidekarta, en helikopterbild, en guidande text samt en faktaruta.<\/p>\n<p>N\u00e4r den 2:a utg\u00e5van av Hamnguiden 8 kom ut 2016 var de nya Hamnguidekartorna n\u00e5gonting nytt som aldrig tidigare f\u00f6rekommit i sj\u00f6kortssammanhang. Det blev succ\u00e9 och sedan dess har Hamnguiden 7 givits ut och nu kommer \u00e4ven en ny utg\u00e5va av Hamnguiden 9 med nya Hamnguidekartor. Samtliga Hamnguidekartor i boken \u00e4r producerade av Hydrographica och \u00e4r baserade p\u00e5 Hydrographicas bepr\u00f6vade sj\u00f6m\u00e4tningsteknik med 3D-flygfoto som underlag. Varje Hamnguidekarta har dessutom kontrollerats och verifierats genom kompletterande sj\u00f6m\u00e4tningar p\u00e5 plats.<\/p>\n<p>Hamnguidekartorna har \u00e4ven en avancerad topografisk redovisning som bygger p\u00e5 den allra senaste tekniken med laserscanning av terr\u00e4ngen. Man f\u00e5r exakta h\u00f6jdkurvor, i detta fall med 2,5 meters ekvidistans, men man f\u00e5r ocks\u00e5 m\u00f6jlighet att med skuggeffekter skapa en 3D-k\u00e4nsla av terr\u00e4ngens former som ett komplement till de traditionella h\u00f6jdkurvorna. Med denna teknik blir det mycket enkelt att i f\u00f6rv\u00e4g bed\u00f6ma egenskaperna hos en hamn och att avg\u00f6ra var de b\u00e4sta l\u00e4l\u00e4gena finns, eller var \u00f6arna \u00e4r flacka och risken f\u00f6r bl\u00e5st \u00e4r st\u00f6rre.<\/p>\n<p>Helikopterbilderna och markeringarna ger dig en snabb \u00f6versikt \u00f6ver varje hamn, med dess atmosf\u00e4r, faciliteter, inseglingsleder, faror och f\u00f6rt\u00f6jningsm\u00f6jligheter. Stenar och grund att t\u00e4nka p\u00e5 speciellt \u00e4r markerade p\u00e5 bilderna.<\/p>\n<p>Texten i Hamnguiden 9 \u00e4r uppdelad i en generell och en maritim del. Den generella delen beskriver platsens historia, natur och tipsar om olika aktiviteter som finns att tillg\u00e5 i hamnen. Den maritima delen ger information om var det \u00e4r lugnt och tryggt att ligga, hur du f\u00f6rt\u00f6jer s\u00e4krast och vad du b\u00f6r vara speciellt uppm\u00e4rksam p\u00e5.<\/p>\n<p>Svensk text i boken. \u00d6vers\u00e4ttning till valfritt spr\u00e5k kan g\u00f6ras via Hamnguiden Online-prenumeration. <a href=\"http:\/\/www.harbourguide.com\">www.harbourguide.com<\/a><\/p>\n","protected":false},"excerpt":{"rendered":"<p>ISBN 978-82-7997-221-1<\/p>\n<p><a href=\"https:\/\/www.flipsnack.com\/skagerrak\/hg9-pageflip\/full-view.html\" target=\"_blank\" rel=\"noopener noreferrer\">Bl\u00e4ddra i boken<\/a><\/p>\n<p><a href=\"https:\/\/www.harbourguide.com\/\" target=\"_blank\" rel=\"noopener noreferrer\">Hamnguiden Online<\/a><\/p>\n","protected":false},"featured_media":1809,"template":"","meta":[],"product_brand":[],"product_cat":[26],"product_tag":[],"class_list":{"0":"post-1808","1":"product","2":"type-product","3":"status-publish","4":"has-post-thumbnail","6":"product_cat-hamnguiden","8":"first","9":"instock","10":"shipping-taxable","11":"purchasable","12":"product-type-simple"},"yoast_head":"<!-- This site is optimized with the Yoast SEO plugin v27.3 - https:\/\/yoast.com\/product\/yoast-seo-wordpress\/ -->\n<title>Hamnguiden 9, V\u00e4nern och V\u00e4ttern, G\u00f6ta \u00e4lv \u2013 Dalslands kanal \u2013 G\u00f6ta kanal, utg\u00e5va 2 | Skagerrak Forlag AS - SE<\/title>\n<meta name=\"description\" content=\"Den h\u00e4r Hamnguiden beskriver 255 natur- och g\u00e4sthamnar i G\u00f6ta \u00e4lv, V\u00e4nern, Dalslands kanal, Vikingaleden, G\u00f6ta kanal och V\u00e4ttern.\" \/>\n<meta name=\"robots\" content=\"index, follow, max-snippet:-1, max-image-preview:large, max-video-preview:-1\" \/>\n<link rel=\"canonical\" href=\"https:\/\/lmf.no\/se\/produkt\/havneguiden-9\/\" \/>\n<meta property=\"og:locale\" content=\"sv_SE\" \/>\n<meta property=\"og:type\" content=\"article\" \/>\n<meta property=\"og:title\" content=\"Hamnguiden 9, V\u00e4nern och V\u00e4ttern, G\u00f6ta \u00e4lv \u2013 Dalslands kanal \u2013 G\u00f6ta kanal, utg\u00e5va 2 | Skagerrak Forlag AS - SE\" \/>\n<meta property=\"og:description\" content=\"Den h\u00e4r Hamnguiden beskriver 255 natur- och g\u00e4sthamnar i G\u00f6ta \u00e4lv, V\u00e4nern, Dalslands kanal, Vikingaleden, G\u00f6ta kanal och V\u00e4ttern.\" \/>\n<meta property=\"og:url\" content=\"https:\/\/lmf.no\/se\/produkt\/havneguiden-9\/\" \/>\n<meta property=\"og:site_name\" content=\"Skagerrak Forlag AS - SE\" \/>\n<meta property=\"article:modified_time\" content=\"2024-04-30T08:14:37+00:00\" \/>\n<meta property=\"og:image\" content=\"https:\/\/lmf.no\/se\/wp-content\/uploads\/2020\/06\/hg9.jpg\" \/>\n\t<meta property=\"og:image:width\" content=\"600\" \/>\n\t<meta property=\"og:image:height\" content=\"850\" \/>\n\t<meta property=\"og:image:type\" content=\"image\/jpeg\" \/>\n<meta name=\"twitter:card\" content=\"summary_large_image\" \/>\n<meta name=\"twitter:label1\" content=\"Ber\u00e4knad l\u00e4stid\" \/>\n\t<meta name=\"twitter:data1\" content=\"2 minuter\" \/>\n<script type=\"application\/ld+json\" class=\"yoast-schema-graph\">{\"@context\":\"https:\\\/\\\/schema.org\",\"@graph\":[{\"@type\":\"WebPage\",\"@id\":\"https:\\\/\\\/lmf.no\\\/se\\\/produkt\\\/havneguiden-9\\\/\",\"url\":\"https:\\\/\\\/lmf.no\\\/se\\\/produkt\\\/havneguiden-9\\\/\",\"name\":\"Hamnguiden 9, V\u00e4nern och V\u00e4ttern, G\u00f6ta \u00e4lv \u2013 Dalslands kanal \u2013 G\u00f6ta kanal, utg\u00e5va 2 | Skagerrak Forlag AS - SE\",\"isPartOf\":{\"@id\":\"https:\\\/\\\/lmf.no\\\/se\\\/#website\"},\"primaryImageOfPage\":{\"@id\":\"https:\\\/\\\/lmf.no\\\/se\\\/produkt\\\/havneguiden-9\\\/#primaryimage\"},\"image\":{\"@id\":\"https:\\\/\\\/lmf.no\\\/se\\\/produkt\\\/havneguiden-9\\\/#primaryimage\"},\"thumbnailUrl\":\"https:\\\/\\\/lmf.no\\\/se\\\/wp-content\\\/uploads\\\/2020\\\/06\\\/hg9.jpg\",\"datePublished\":\"2020-06-01T07:40:27+00:00\",\"dateModified\":\"2024-04-30T08:14:37+00:00\",\"description\":\"Den h\u00e4r Hamnguiden beskriver 255 natur- och g\u00e4sthamnar i G\u00f6ta \u00e4lv, V\u00e4nern, Dalslands kanal, Vikingaleden, G\u00f6ta kanal och V\u00e4ttern.\",\"breadcrumb\":{\"@id\":\"https:\\\/\\\/lmf.no\\\/se\\\/produkt\\\/havneguiden-9\\\/#breadcrumb\"},\"inLanguage\":\"sv-SE\",\"potentialAction\":[{\"@type\":\"ReadAction\",\"target\":[\"https:\\\/\\\/lmf.no\\\/se\\\/produkt\\\/havneguiden-9\\\/\"]}]},{\"@type\":\"ImageObject\",\"inLanguage\":\"sv-SE\",\"@id\":\"https:\\\/\\\/lmf.no\\\/se\\\/produkt\\\/havneguiden-9\\\/#primaryimage\",\"url\":\"https:\\\/\\\/lmf.no\\\/se\\\/wp-content\\\/uploads\\\/2020\\\/06\\\/hg9.jpg\",\"contentUrl\":\"https:\\\/\\\/lmf.no\\\/se\\\/wp-content\\\/uploads\\\/2020\\\/06\\\/hg9.jpg\",\"width\":600,\"height\":850},{\"@type\":\"BreadcrumbList\",\"@id\":\"https:\\\/\\\/lmf.no\\\/se\\\/produkt\\\/havneguiden-9\\\/#breadcrumb\",\"itemListElement\":[{\"@type\":\"ListItem\",\"position\":1,\"name\":\"Hjem\",\"item\":\"https:\\\/\\\/lmf.no\\\/se\\\/\"},{\"@type\":\"ListItem\",\"position\":2,\"name\":\"Butikk\",\"item\":\"https:\\\/\\\/lmf.no\\\/se\\\/butikk\\\/\"},{\"@type\":\"ListItem\",\"position\":3,\"name\":\"Hamnguiden 9, V\u00e4nern och V\u00e4ttern, G\u00f6ta \u00e4lv \u2013 Dalslands kanal \u2013 G\u00f6ta kanal, utg\u00e5va 2\"}]},{\"@type\":\"WebSite\",\"@id\":\"https:\\\/\\\/lmf.no\\\/se\\\/#website\",\"url\":\"https:\\\/\\\/lmf.no\\\/se\\\/\",\"name\":\"Skagerrak Forlag AS\",\"description\":\"Publicering av l\u00e4rob\u00f6cker\",\"publisher\":{\"@id\":\"https:\\\/\\\/lmf.no\\\/se\\\/#organization\"},\"alternateName\":\"L\u00e6remiddelforlaget - Skagerrak Forlag AS\",\"potentialAction\":[{\"@type\":\"SearchAction\",\"target\":{\"@type\":\"EntryPoint\",\"urlTemplate\":\"https:\\\/\\\/lmf.no\\\/se\\\/?s={search_term_string}\"},\"query-input\":{\"@type\":\"PropertyValueSpecification\",\"valueRequired\":true,\"valueName\":\"search_term_string\"}}],\"inLanguage\":\"sv-SE\"},{\"@type\":\"Organization\",\"@id\":\"https:\\\/\\\/lmf.no\\\/se\\\/#organization\",\"name\":\"Skagerrak Forlag\",\"url\":\"https:\\\/\\\/lmf.no\\\/se\\\/\",\"logo\":{\"@type\":\"ImageObject\",\"inLanguage\":\"sv-SE\",\"@id\":\"https:\\\/\\\/lmf.no\\\/se\\\/#\\\/schema\\\/logo\\\/image\\\/\",\"url\":\"https:\\\/\\\/lmf.no\\\/se\\\/wp-content\\\/uploads\\\/2024\\\/04\\\/skagerrak-forlag.png\",\"contentUrl\":\"https:\\\/\\\/lmf.no\\\/se\\\/wp-content\\\/uploads\\\/2024\\\/04\\\/skagerrak-forlag.png\",\"width\":188,\"height\":47,\"caption\":\"Skagerrak Forlag\"},\"image\":{\"@id\":\"https:\\\/\\\/lmf.no\\\/se\\\/#\\\/schema\\\/logo\\\/image\\\/\"}}]}<\/script>\n<!-- \/ Yoast SEO plugin. -->","yoast_head_json":{"title":"Hamnguiden 9, V\u00e4nern och V\u00e4ttern, G\u00f6ta \u00e4lv \u2013 Dalslands kanal \u2013 G\u00f6ta kanal, utg\u00e5va 2 | Skagerrak Forlag AS - SE","description":"Den h\u00e4r Hamnguiden beskriver 255 natur- och g\u00e4sthamnar i G\u00f6ta \u00e4lv, V\u00e4nern, Dalslands kanal, Vikingaleden, G\u00f6ta kanal och V\u00e4ttern.","robots":{"index":"index","follow":"follow","max-snippet":"max-snippet:-1","max-image-preview":"max-image-preview:large","max-video-preview":"max-video-preview:-1"},"canonical":"https:\/\/lmf.no\/se\/produkt\/havneguiden-9\/","og_locale":"sv_SE","og_type":"article","og_title":"Hamnguiden 9, V\u00e4nern och V\u00e4ttern, G\u00f6ta \u00e4lv \u2013 Dalslands kanal \u2013 G\u00f6ta kanal, utg\u00e5va 2 | Skagerrak Forlag AS - SE","og_description":"Den h\u00e4r Hamnguiden beskriver 255 natur- och g\u00e4sthamnar i G\u00f6ta \u00e4lv, V\u00e4nern, Dalslands kanal, Vikingaleden, G\u00f6ta kanal och V\u00e4ttern.","og_url":"https:\/\/lmf.no\/se\/produkt\/havneguiden-9\/","og_site_name":"Skagerrak Forlag AS - SE","article_modified_time":"2024-04-30T08:14:37+00:00","og_image":[{"width":600,"height":850,"url":"https:\/\/lmf.no\/se\/wp-content\/uploads\/2020\/06\/hg9.jpg","type":"image\/jpeg"}],"twitter_card":"summary_large_image","twitter_misc":{"Ber\u00e4knad l\u00e4stid":"2 minuter"},"schema":{"@context":"https:\/\/schema.org","@graph":[{"@type":"WebPage","@id":"https:\/\/lmf.no\/se\/produkt\/havneguiden-9\/","url":"https:\/\/lmf.no\/se\/produkt\/havneguiden-9\/","name":"Hamnguiden 9, V\u00e4nern och V\u00e4ttern, G\u00f6ta \u00e4lv \u2013 Dalslands kanal \u2013 G\u00f6ta kanal, utg\u00e5va 2 | Skagerrak Forlag AS - SE","isPartOf":{"@id":"https:\/\/lmf.no\/se\/#website"},"primaryImageOfPage":{"@id":"https:\/\/lmf.no\/se\/produkt\/havneguiden-9\/#primaryimage"},"image":{"@id":"https:\/\/lmf.no\/se\/produkt\/havneguiden-9\/#primaryimage"},"thumbnailUrl":"https:\/\/lmf.no\/se\/wp-content\/uploads\/2020\/06\/hg9.jpg","datePublished":"2020-06-01T07:40:27+00:00","dateModified":"2024-04-30T08:14:37+00:00","description":"Den h\u00e4r Hamnguiden beskriver 255 natur- och g\u00e4sthamnar i G\u00f6ta \u00e4lv, V\u00e4nern, Dalslands kanal, Vikingaleden, G\u00f6ta kanal och V\u00e4ttern.","breadcrumb":{"@id":"https:\/\/lmf.no\/se\/produkt\/havneguiden-9\/#breadcrumb"},"inLanguage":"sv-SE","potentialAction":[{"@type":"ReadAction","target":["https:\/\/lmf.no\/se\/produkt\/havneguiden-9\/"]}]},{"@type":"ImageObject","inLanguage":"sv-SE","@id":"https:\/\/lmf.no\/se\/produkt\/havneguiden-9\/#primaryimage","url":"https:\/\/lmf.no\/se\/wp-content\/uploads\/2020\/06\/hg9.jpg","contentUrl":"https:\/\/lmf.no\/se\/wp-content\/uploads\/2020\/06\/hg9.jpg","width":600,"height":850},{"@type":"BreadcrumbList","@id":"https:\/\/lmf.no\/se\/produkt\/havneguiden-9\/#breadcrumb","itemListElement":[{"@type":"ListItem","position":1,"name":"Hjem","item":"https:\/\/lmf.no\/se\/"},{"@type":"ListItem","position":2,"name":"Butikk","item":"https:\/\/lmf.no\/se\/butikk\/"},{"@type":"ListItem","position":3,"name":"Hamnguiden 9, V\u00e4nern och V\u00e4ttern, G\u00f6ta \u00e4lv \u2013 Dalslands kanal \u2013 G\u00f6ta kanal, utg\u00e5va 2"}]},{"@type":"WebSite","@id":"https:\/\/lmf.no\/se\/#website","url":"https:\/\/lmf.no\/se\/","name":"Skagerrak Forlag AS","description":"Publicering av l\u00e4rob\u00f6cker","publisher":{"@id":"https:\/\/lmf.no\/se\/#organization"},"alternateName":"L\u00e6remiddelforlaget - Skagerrak Forlag AS","potentialAction":[{"@type":"SearchAction","target":{"@type":"EntryPoint","urlTemplate":"https:\/\/lmf.no\/se\/?s={search_term_string}"},"query-input":{"@type":"PropertyValueSpecification","valueRequired":true,"valueName":"search_term_string"}}],"inLanguage":"sv-SE"},{"@type":"Organization","@id":"https:\/\/lmf.no\/se\/#organization","name":"Skagerrak Forlag","url":"https:\/\/lmf.no\/se\/","logo":{"@type":"ImageObject","inLanguage":"sv-SE","@id":"https:\/\/lmf.no\/se\/#\/schema\/logo\/image\/","url":"https:\/\/lmf.no\/se\/wp-content\/uploads\/2024\/04\/skagerrak-forlag.png","contentUrl":"https:\/\/lmf.no\/se\/wp-content\/uploads\/2024\/04\/skagerrak-forlag.png","width":188,"height":47,"caption":"Skagerrak Forlag"},"image":{"@id":"https:\/\/lmf.no\/se\/#\/schema\/logo\/image\/"}}]}},"_links":{"self":[{"href":"https:\/\/lmf.no\/se\/wp-json\/wp\/v2\/product\/1808","targetHints":{"allow":["GET"]}}],"collection":[{"href":"https:\/\/lmf.no\/se\/wp-json\/wp\/v2\/product"}],"about":[{"href":"https:\/\/lmf.no\/se\/wp-json\/wp\/v2\/types\/product"}],"wp:featuredmedia":[{"embeddable":true,"href":"https:\/\/lmf.no\/se\/wp-json\/wp\/v2\/media\/1809"}],"wp:attachment":[{"href":"https:\/\/lmf.no\/se\/wp-json\/wp\/v2\/media?parent=1808"}],"wp:term":[{"taxonomy":"product_brand","embeddable":true,"href":"https:\/\/lmf.no\/se\/wp-json\/wp\/v2\/product_brand?post=1808"},{"taxonomy":"product_cat","embeddable":true,"href":"https:\/\/lmf.no\/se\/wp-json\/wp\/v2\/product_cat?post=1808"},{"taxonomy":"product_tag","embeddable":true,"href":"https:\/\/lmf.no\/se\/wp-json\/wp\/v2\/product_tag?post=1808"}],"curies":[{"name":"wp","href":"https:\/\/api.w.org\/{rel}","templated":true}]}}