{"id":1812,"date":"2020-06-01T09:43:27","date_gmt":"2020-06-01T07:43:27","guid":{"rendered":"https:\/\/lmf.no\/se\/?post_type=product&#038;p=1812"},"modified":"2025-02-26T11:09:10","modified_gmt":"2025-02-26T10:09:10","slug":"harbour-guide-11-greece-1-engelsk-utgave","status":"publish","type":"product","link":"https:\/\/lmf.no\/se\/produkt\/harbour-guide-11-greece-1-engelsk-utgave\/","title":{"rendered":"Harbour Guide 11, Greece 1, Ionian sea \u2013 Peloponnese gulf \u2013 Athens \u2013 Saronic Gulf \u2013 Albania"},"content":{"rendered":"<p>Hamnguiden Greece 1 erbjuder en detaljerad beskrivning av alla ankringsst\u00e4llen, hamnar och marinor l\u00e4ngs den popul\u00e4ra och v\u00e4l utvecklade \u00f6stra kusten av Grekland inklusive Korintbukten, Peloponnesos, Aten och Saroniska bukten. Guiden t\u00e4cker ocks\u00e5 in hela Albaniens kustlinje, ett nytt och \u00e4nnu inte s\u00e5 utvecklat seglingsomr\u00e5de.<\/p>\n<p>Den h\u00e4r Hamnguiden \u00e4r skriven av en av Skagerrak F\u00f6rlags mest erfarna skeppare, Per Hotvedt. Per har seglat p\u00e5 m\u00e5nga av v\u00e4rldshaven, men har \u00e4ven \u00e4gnat m\u00e5nga \u00e5r \u00e5t att segla och utforska vattnen \u00f6ster om Grekland och Albanien. Han har samlat in information och sammanst\u00e4llt informationen och sj\u00f6korten som presenteras i denna guide.<\/p>\n<p>Hamnguiden Greece 1, precis som alla guider i v\u00e5r serie, presenterar varje hamn p\u00e5 en egen sida. Hamnguideformatet har utvecklats av Skagerrak F\u00f6rlag, vars guider \u00e4r producerade av f\u00f6rfattare och redakt\u00f6rer med mycket omfattande erfarenhet av segling och egen anv\u00e4ndning av f\u00f6rlagets guider till sj\u00f6ss. Vi tror att detta format ger skeppare och bes\u00e4ttning den b\u00e4sta och enklaste tillg\u00e5ngen till den information de beh\u00f6ver f\u00f6r att s\u00e4kert l\u00e4gga till i en hamn.<\/p>\n<p>P\u00e5 varje sida finns en stor flygbild \u00f6ver hamnen med den viktigaste navigationsinformationen inklusive inseglingen, ett tydligt och storskaligt sj\u00f6kort \u00f6ver sj\u00e4lva hamnen samt en text som beskriver omgivningarna, var du kan \u00e4ta samt saker att se och g\u00f6ra. D\u00e4r finns \u00e4ven en beskrivning av f\u00f6rt\u00f6jning och ankring samt en faktaruta. Alla foton \u00e4r unika och tagna eller best\u00e4llda av f\u00f6rl\u00e4ggaren. Alla sj\u00f6kort har ritats uteslutande \u00e5t f\u00f6rl\u00e4ggaren och inkluderar djupm\u00e4tningar gjorda av f\u00f6rfattaren eller Skagerrak F\u00f6rlag. Hamnarna i guiden har handplockats av oss baserat p\u00e5 v\u00e5r kunskap och utforskning av omr\u00e5det.<\/p>\n<p>&nbsp;<\/p>\n<p>En prenumeration p\u00e5 online-versionen av denna guide finns ocks\u00e5 tillg\u00e4nglig p\u00e5 www.harbourguide.com, tillsammans med alla \u00f6vriga utgivna Hamnguider.<\/p>\n<p>Engelsk text i boken. \u00d6vers\u00e4ttning till valfritt spr\u00e5k kan g\u00f6ras via Hamnguiden Online-prenumeration. <a href=\"http:\/\/www.harbourguide.com\">www.harbourguide.com<\/a><\/p>\n","protected":false},"excerpt":{"rendered":"<p>ISBN 978-82-7997-207-5<\/p>\n<p><a href=\"https:\/\/cdn.flipsnack.com\/widget\/v2\/widget.html?hash=ftk9wcjpo&amp;bgcolor=EEEEEE&amp;t=1523536945\" target=\"_blank\" rel=\"noopener noreferrer\">Bl\u00e4ddra i boken<\/a><\/p>\n<p><a href=\"https:\/\/www.harbourguide.com\/\" target=\"_blank\" rel=\"noopener noreferrer\">Hamnguiden Online<\/a><\/p>\n","protected":false},"featured_media":1813,"template":"","meta":[],"product_brand":[],"product_cat":[26],"product_tag":[],"class_list":{"0":"post-1812","1":"product","2":"type-product","3":"status-publish","4":"has-post-thumbnail","6":"product_cat-hamnguiden","8":"first","9":"outofstock","10":"shipping-taxable","11":"purchasable","12":"product-type-simple"},"yoast_head":"<!-- This site is optimized with the Yoast SEO plugin v27.3 - https:\/\/yoast.com\/product\/yoast-seo-wordpress\/ -->\n<title>Harbour Guide 11, Greece 1, Ionian sea \u2013 Peloponnese gulf \u2013 Athens \u2013 Saronic Gulf \u2013 Albania | Skagerrak Forlag AS - SE<\/title>\n<meta name=\"description\" content=\"Hamnguiden Greece 1 erbjuder en detaljerad beskrivning av alla ankringsst\u00e4llen, hamnar och marinor l\u00e4ngs den popul\u00e4ra \u00f6stra kusten av Grekland.\" \/>\n<meta name=\"robots\" content=\"index, follow, max-snippet:-1, max-image-preview:large, max-video-preview:-1\" \/>\n<link rel=\"canonical\" href=\"https:\/\/lmf.no\/se\/produkt\/harbour-guide-11-greece-1-engelsk-utgave\/\" \/>\n<meta property=\"og:locale\" content=\"sv_SE\" \/>\n<meta property=\"og:type\" content=\"article\" \/>\n<meta property=\"og:title\" content=\"Harbour Guide 11, Greece 1, Ionian sea \u2013 Peloponnese gulf \u2013 Athens \u2013 Saronic Gulf \u2013 Albania | Skagerrak Forlag AS - SE\" \/>\n<meta property=\"og:description\" content=\"Hamnguiden Greece 1 erbjuder en detaljerad beskrivning av alla ankringsst\u00e4llen, hamnar och marinor l\u00e4ngs den popul\u00e4ra \u00f6stra kusten av Grekland.\" \/>\n<meta property=\"og:url\" content=\"https:\/\/lmf.no\/se\/produkt\/harbour-guide-11-greece-1-engelsk-utgave\/\" \/>\n<meta property=\"og:site_name\" content=\"Skagerrak Forlag AS - SE\" \/>\n<meta property=\"article:modified_time\" content=\"2025-02-26T10:09:10+00:00\" \/>\n<meta property=\"og:image\" content=\"https:\/\/lmf.no\/se\/wp-content\/uploads\/2020\/06\/hg11.jpg\" \/>\n\t<meta property=\"og:image:width\" content=\"600\" \/>\n\t<meta property=\"og:image:height\" content=\"850\" \/>\n\t<meta property=\"og:image:type\" content=\"image\/jpeg\" \/>\n<meta name=\"twitter:card\" content=\"summary_large_image\" \/>\n<meta name=\"twitter:label1\" content=\"Ber\u00e4knad l\u00e4stid\" \/>\n\t<meta name=\"twitter:data1\" content=\"2 minuter\" \/>\n<script type=\"application\/ld+json\" class=\"yoast-schema-graph\">{\"@context\":\"https:\\\/\\\/schema.org\",\"@graph\":[{\"@type\":\"WebPage\",\"@id\":\"https:\\\/\\\/lmf.no\\\/se\\\/produkt\\\/harbour-guide-11-greece-1-engelsk-utgave\\\/\",\"url\":\"https:\\\/\\\/lmf.no\\\/se\\\/produkt\\\/harbour-guide-11-greece-1-engelsk-utgave\\\/\",\"name\":\"Harbour Guide 11, Greece 1, Ionian sea \u2013 Peloponnese gulf \u2013 Athens \u2013 Saronic Gulf \u2013 Albania | Skagerrak Forlag AS - SE\",\"isPartOf\":{\"@id\":\"https:\\\/\\\/lmf.no\\\/se\\\/#website\"},\"primaryImageOfPage\":{\"@id\":\"https:\\\/\\\/lmf.no\\\/se\\\/produkt\\\/harbour-guide-11-greece-1-engelsk-utgave\\\/#primaryimage\"},\"image\":{\"@id\":\"https:\\\/\\\/lmf.no\\\/se\\\/produkt\\\/harbour-guide-11-greece-1-engelsk-utgave\\\/#primaryimage\"},\"thumbnailUrl\":\"https:\\\/\\\/lmf.no\\\/se\\\/wp-content\\\/uploads\\\/2020\\\/06\\\/hg11.jpg\",\"datePublished\":\"2020-06-01T07:43:27+00:00\",\"dateModified\":\"2025-02-26T10:09:10+00:00\",\"description\":\"Hamnguiden Greece 1 erbjuder en detaljerad beskrivning av alla ankringsst\u00e4llen, hamnar och marinor l\u00e4ngs den popul\u00e4ra \u00f6stra kusten av Grekland.\",\"breadcrumb\":{\"@id\":\"https:\\\/\\\/lmf.no\\\/se\\\/produkt\\\/harbour-guide-11-greece-1-engelsk-utgave\\\/#breadcrumb\"},\"inLanguage\":\"sv-SE\",\"potentialAction\":[{\"@type\":\"ReadAction\",\"target\":[\"https:\\\/\\\/lmf.no\\\/se\\\/produkt\\\/harbour-guide-11-greece-1-engelsk-utgave\\\/\"]}]},{\"@type\":\"ImageObject\",\"inLanguage\":\"sv-SE\",\"@id\":\"https:\\\/\\\/lmf.no\\\/se\\\/produkt\\\/harbour-guide-11-greece-1-engelsk-utgave\\\/#primaryimage\",\"url\":\"https:\\\/\\\/lmf.no\\\/se\\\/wp-content\\\/uploads\\\/2020\\\/06\\\/hg11.jpg\",\"contentUrl\":\"https:\\\/\\\/lmf.no\\\/se\\\/wp-content\\\/uploads\\\/2020\\\/06\\\/hg11.jpg\",\"width\":600,\"height\":850},{\"@type\":\"BreadcrumbList\",\"@id\":\"https:\\\/\\\/lmf.no\\\/se\\\/produkt\\\/harbour-guide-11-greece-1-engelsk-utgave\\\/#breadcrumb\",\"itemListElement\":[{\"@type\":\"ListItem\",\"position\":1,\"name\":\"Hjem\",\"item\":\"https:\\\/\\\/lmf.no\\\/se\\\/\"},{\"@type\":\"ListItem\",\"position\":2,\"name\":\"Butikk\",\"item\":\"https:\\\/\\\/lmf.no\\\/se\\\/butikk\\\/\"},{\"@type\":\"ListItem\",\"position\":3,\"name\":\"Harbour Guide 11, Greece 1, Ionian sea \u2013 Peloponnese gulf \u2013 Athens \u2013 Saronic Gulf \u2013 Albania\"}]},{\"@type\":\"WebSite\",\"@id\":\"https:\\\/\\\/lmf.no\\\/se\\\/#website\",\"url\":\"https:\\\/\\\/lmf.no\\\/se\\\/\",\"name\":\"Skagerrak Forlag AS\",\"description\":\"Publicering av l\u00e4rob\u00f6cker\",\"publisher\":{\"@id\":\"https:\\\/\\\/lmf.no\\\/se\\\/#organization\"},\"alternateName\":\"L\u00e6remiddelforlaget - Skagerrak Forlag AS\",\"potentialAction\":[{\"@type\":\"SearchAction\",\"target\":{\"@type\":\"EntryPoint\",\"urlTemplate\":\"https:\\\/\\\/lmf.no\\\/se\\\/?s={search_term_string}\"},\"query-input\":{\"@type\":\"PropertyValueSpecification\",\"valueRequired\":true,\"valueName\":\"search_term_string\"}}],\"inLanguage\":\"sv-SE\"},{\"@type\":\"Organization\",\"@id\":\"https:\\\/\\\/lmf.no\\\/se\\\/#organization\",\"name\":\"Skagerrak Forlag\",\"url\":\"https:\\\/\\\/lmf.no\\\/se\\\/\",\"logo\":{\"@type\":\"ImageObject\",\"inLanguage\":\"sv-SE\",\"@id\":\"https:\\\/\\\/lmf.no\\\/se\\\/#\\\/schema\\\/logo\\\/image\\\/\",\"url\":\"https:\\\/\\\/lmf.no\\\/se\\\/wp-content\\\/uploads\\\/2024\\\/04\\\/skagerrak-forlag.png\",\"contentUrl\":\"https:\\\/\\\/lmf.no\\\/se\\\/wp-content\\\/uploads\\\/2024\\\/04\\\/skagerrak-forlag.png\",\"width\":188,\"height\":47,\"caption\":\"Skagerrak Forlag\"},\"image\":{\"@id\":\"https:\\\/\\\/lmf.no\\\/se\\\/#\\\/schema\\\/logo\\\/image\\\/\"}}]}<\/script>\n<!-- \/ Yoast SEO plugin. -->","yoast_head_json":{"title":"Harbour Guide 11, Greece 1, Ionian sea \u2013 Peloponnese gulf \u2013 Athens \u2013 Saronic Gulf \u2013 Albania | Skagerrak Forlag AS - SE","description":"Hamnguiden Greece 1 erbjuder en detaljerad beskrivning av alla ankringsst\u00e4llen, hamnar och marinor l\u00e4ngs den popul\u00e4ra \u00f6stra kusten av Grekland.","robots":{"index":"index","follow":"follow","max-snippet":"max-snippet:-1","max-image-preview":"max-image-preview:large","max-video-preview":"max-video-preview:-1"},"canonical":"https:\/\/lmf.no\/se\/produkt\/harbour-guide-11-greece-1-engelsk-utgave\/","og_locale":"sv_SE","og_type":"article","og_title":"Harbour Guide 11, Greece 1, Ionian sea \u2013 Peloponnese gulf \u2013 Athens \u2013 Saronic Gulf \u2013 Albania | Skagerrak Forlag AS - SE","og_description":"Hamnguiden Greece 1 erbjuder en detaljerad beskrivning av alla ankringsst\u00e4llen, hamnar och marinor l\u00e4ngs den popul\u00e4ra \u00f6stra kusten av Grekland.","og_url":"https:\/\/lmf.no\/se\/produkt\/harbour-guide-11-greece-1-engelsk-utgave\/","og_site_name":"Skagerrak Forlag AS - SE","article_modified_time":"2025-02-26T10:09:10+00:00","og_image":[{"width":600,"height":850,"url":"https:\/\/lmf.no\/se\/wp-content\/uploads\/2020\/06\/hg11.jpg","type":"image\/jpeg"}],"twitter_card":"summary_large_image","twitter_misc":{"Ber\u00e4knad l\u00e4stid":"2 minuter"},"schema":{"@context":"https:\/\/schema.org","@graph":[{"@type":"WebPage","@id":"https:\/\/lmf.no\/se\/produkt\/harbour-guide-11-greece-1-engelsk-utgave\/","url":"https:\/\/lmf.no\/se\/produkt\/harbour-guide-11-greece-1-engelsk-utgave\/","name":"Harbour Guide 11, Greece 1, Ionian sea \u2013 Peloponnese gulf \u2013 Athens \u2013 Saronic Gulf \u2013 Albania | Skagerrak Forlag AS - SE","isPartOf":{"@id":"https:\/\/lmf.no\/se\/#website"},"primaryImageOfPage":{"@id":"https:\/\/lmf.no\/se\/produkt\/harbour-guide-11-greece-1-engelsk-utgave\/#primaryimage"},"image":{"@id":"https:\/\/lmf.no\/se\/produkt\/harbour-guide-11-greece-1-engelsk-utgave\/#primaryimage"},"thumbnailUrl":"https:\/\/lmf.no\/se\/wp-content\/uploads\/2020\/06\/hg11.jpg","datePublished":"2020-06-01T07:43:27+00:00","dateModified":"2025-02-26T10:09:10+00:00","description":"Hamnguiden Greece 1 erbjuder en detaljerad beskrivning av alla ankringsst\u00e4llen, hamnar och marinor l\u00e4ngs den popul\u00e4ra \u00f6stra kusten av Grekland.","breadcrumb":{"@id":"https:\/\/lmf.no\/se\/produkt\/harbour-guide-11-greece-1-engelsk-utgave\/#breadcrumb"},"inLanguage":"sv-SE","potentialAction":[{"@type":"ReadAction","target":["https:\/\/lmf.no\/se\/produkt\/harbour-guide-11-greece-1-engelsk-utgave\/"]}]},{"@type":"ImageObject","inLanguage":"sv-SE","@id":"https:\/\/lmf.no\/se\/produkt\/harbour-guide-11-greece-1-engelsk-utgave\/#primaryimage","url":"https:\/\/lmf.no\/se\/wp-content\/uploads\/2020\/06\/hg11.jpg","contentUrl":"https:\/\/lmf.no\/se\/wp-content\/uploads\/2020\/06\/hg11.jpg","width":600,"height":850},{"@type":"BreadcrumbList","@id":"https:\/\/lmf.no\/se\/produkt\/harbour-guide-11-greece-1-engelsk-utgave\/#breadcrumb","itemListElement":[{"@type":"ListItem","position":1,"name":"Hjem","item":"https:\/\/lmf.no\/se\/"},{"@type":"ListItem","position":2,"name":"Butikk","item":"https:\/\/lmf.no\/se\/butikk\/"},{"@type":"ListItem","position":3,"name":"Harbour Guide 11, Greece 1, Ionian sea \u2013 Peloponnese gulf \u2013 Athens \u2013 Saronic Gulf \u2013 Albania"}]},{"@type":"WebSite","@id":"https:\/\/lmf.no\/se\/#website","url":"https:\/\/lmf.no\/se\/","name":"Skagerrak Forlag AS","description":"Publicering av l\u00e4rob\u00f6cker","publisher":{"@id":"https:\/\/lmf.no\/se\/#organization"},"alternateName":"L\u00e6remiddelforlaget - Skagerrak Forlag AS","potentialAction":[{"@type":"SearchAction","target":{"@type":"EntryPoint","urlTemplate":"https:\/\/lmf.no\/se\/?s={search_term_string}"},"query-input":{"@type":"PropertyValueSpecification","valueRequired":true,"valueName":"search_term_string"}}],"inLanguage":"sv-SE"},{"@type":"Organization","@id":"https:\/\/lmf.no\/se\/#organization","name":"Skagerrak Forlag","url":"https:\/\/lmf.no\/se\/","logo":{"@type":"ImageObject","inLanguage":"sv-SE","@id":"https:\/\/lmf.no\/se\/#\/schema\/logo\/image\/","url":"https:\/\/lmf.no\/se\/wp-content\/uploads\/2024\/04\/skagerrak-forlag.png","contentUrl":"https:\/\/lmf.no\/se\/wp-content\/uploads\/2024\/04\/skagerrak-forlag.png","width":188,"height":47,"caption":"Skagerrak Forlag"},"image":{"@id":"https:\/\/lmf.no\/se\/#\/schema\/logo\/image\/"}}]}},"_links":{"self":[{"href":"https:\/\/lmf.no\/se\/wp-json\/wp\/v2\/product\/1812","targetHints":{"allow":["GET"]}}],"collection":[{"href":"https:\/\/lmf.no\/se\/wp-json\/wp\/v2\/product"}],"about":[{"href":"https:\/\/lmf.no\/se\/wp-json\/wp\/v2\/types\/product"}],"wp:featuredmedia":[{"embeddable":true,"href":"https:\/\/lmf.no\/se\/wp-json\/wp\/v2\/media\/1813"}],"wp:attachment":[{"href":"https:\/\/lmf.no\/se\/wp-json\/wp\/v2\/media?parent=1812"}],"wp:term":[{"taxonomy":"product_brand","embeddable":true,"href":"https:\/\/lmf.no\/se\/wp-json\/wp\/v2\/product_brand?post=1812"},{"taxonomy":"product_cat","embeddable":true,"href":"https:\/\/lmf.no\/se\/wp-json\/wp\/v2\/product_cat?post=1812"},{"taxonomy":"product_tag","embeddable":true,"href":"https:\/\/lmf.no\/se\/wp-json\/wp\/v2\/product_tag?post=1812"}],"curies":[{"name":"wp","href":"https:\/\/api.w.org\/{rel}","templated":true}]}}