{"id":1814,"date":"2020-06-01T09:45:43","date_gmt":"2020-06-01T07:45:43","guid":{"rendered":"https:\/\/lmf.no\/se\/?post_type=product&#038;p=1814"},"modified":"2024-10-17T11:20:30","modified_gmt":"2024-10-17T09:20:30","slug":"harbour-guide-12-croatia-engelsk-utgave","status":"publish","type":"product","link":"https:\/\/lmf.no\/se\/produkt\/harbour-guide-12-croatia-engelsk-utgave\/","title":{"rendered":"Harbour Guide 12, Croatia \u2013 Montenegro \u2013 Slovenia"},"content":{"rendered":"<p>Imray har bemyndigat den h\u00e4r engelskspr\u00e5kiga versionen av Skagerrak F\u00f6rlags Hamnguide Slovenien, Kroatien och Montenegro som t\u00e4cker kusten av dessa tre l\u00e4nder och deras \u00f6ar. Den norska f\u00f6rl\u00e4ggaren har redan etablerat en omfattande serie Hamnguider (Havneguiden) \u00f6ver \u00d6stersj\u00f6n som koncentrerar sig p\u00e5 att f\u00f6rse l\u00e4sarna med tydligast m\u00f6jliga information f\u00f6r att ang\u00f6ra hamnar och ankringsplatser. Denna gemensamma satsning ut\u00f6kar serien till Adriatiska havet.<\/p>\n<p>Varje hamn presenteras p\u00e5 en egen sida med speciellt bemyndigat flygfoto med markeringar f\u00f6r att visa insegling och ankringsplats, kompletterad med en tydlig hamnkarta och en faktaruta. Fotot f\u00f6rser dig med en snabb \u00f6verblick \u00f6ver hamnens karakt\u00e4r, atmosf\u00e4r, faciliteter, farleder, faror och f\u00f6rt\u00f6jningsplatser. Djup, sk\u00e4r och grund \u00e4r tydligt markerade. En storskalig hamnkarta inkluderar djup, s\u00e4kraste ang\u00f6ringen och f\u00f6rt\u00f6jningsdetaljer.<\/p>\n<p>Varje hamntext \u00e4r uppdelad i tv\u00e5 delar, en generell \u00f6versikt som beskriver historia, omgivningar och vad du kan se och g\u00f6ra, samt en maritim del med information om hur du ang\u00f6r, vilka faror du ska se upp f\u00f6r samt var det \u00e4r s\u00e4kert och skyddat att f\u00f6rt\u00f6ja. Faktarutor ger dig en snabb \u00f6verblick \u00f6ver hamnens faciliteter, anv\u00e4ndbara webbsidor och kontaktuppgifter.<\/p>\n<p>Boken \u00e4r uppdelad i fem seglingsomr\u00e5den, var och en med en planeringskarta d\u00e4r hamnarna \u00e4r markerade.<\/p>\n<p>Engelsk text i boken. \u00d6vers\u00e4ttning till valfritt spr\u00e5k kan g\u00f6ras via Hamnguiden Online-prenumeration. <a href=\"http:\/\/www.harbourguide.com\">www.harbourguide.com<\/a><\/p>\n","protected":false},"excerpt":{"rendered":"<p>ISBN 978-18-4623-745-4<\/p>\n<p><a href=\"https:\/\/cdn.flipsnack.com\/widget\/v2\/widget.html?hash=ftnsv5sfh&amp;bgcolor=EEEEEE&amp;t=1523601302\" target=\"_blank\" rel=\"noopener noreferrer\">Bl\u00e4ddra i boken<\/a><\/p>\n<p><a href=\"https:\/\/www.harbourguide.com\/\" target=\"_blank\" rel=\"noopener noreferrer\">Hamnguiden Online<\/a><\/p>\n","protected":false},"featured_media":1815,"template":"","meta":[],"product_brand":[],"product_cat":[26],"product_tag":[],"class_list":{"0":"post-1814","1":"product","2":"type-product","3":"status-publish","4":"has-post-thumbnail","6":"product_cat-hamnguiden","8":"first","9":"outofstock","10":"shipping-taxable","11":"purchasable","12":"product-type-simple"},"yoast_head":"<!-- This site is optimized with the Yoast SEO plugin v27.3 - https:\/\/yoast.com\/product\/yoast-seo-wordpress\/ -->\n<title>Harbour Guide 12, Croatia \u2013 Montenegro \u2013 Slovenia | Skagerrak Forlag AS - SE<\/title>\n<meta name=\"description\" content=\"Imray har bemyndigat den h\u00e4r engelskspr\u00e5kiga versionen av Skagerrak F\u00f6rlags Hamnguide Slovenien, Kroatien och Montenegro.\" \/>\n<meta name=\"robots\" content=\"index, follow, max-snippet:-1, max-image-preview:large, max-video-preview:-1\" \/>\n<link rel=\"canonical\" href=\"https:\/\/lmf.no\/se\/produkt\/harbour-guide-12-croatia-engelsk-utgave\/\" \/>\n<meta property=\"og:locale\" content=\"sv_SE\" \/>\n<meta property=\"og:type\" content=\"article\" \/>\n<meta property=\"og:title\" content=\"Harbour Guide 12, Croatia \u2013 Montenegro \u2013 Slovenia | Skagerrak Forlag AS - SE\" \/>\n<meta property=\"og:description\" content=\"Imray har bemyndigat den h\u00e4r engelskspr\u00e5kiga versionen av Skagerrak F\u00f6rlags Hamnguide Slovenien, Kroatien och Montenegro.\" \/>\n<meta property=\"og:url\" content=\"https:\/\/lmf.no\/se\/produkt\/harbour-guide-12-croatia-engelsk-utgave\/\" \/>\n<meta property=\"og:site_name\" content=\"Skagerrak Forlag AS - SE\" \/>\n<meta property=\"article:modified_time\" content=\"2024-10-17T09:20:30+00:00\" \/>\n<meta property=\"og:image\" content=\"https:\/\/lmf.no\/se\/wp-content\/uploads\/2020\/06\/hg12.jpg\" \/>\n\t<meta property=\"og:image:width\" content=\"600\" \/>\n\t<meta property=\"og:image:height\" content=\"850\" \/>\n\t<meta property=\"og:image:type\" content=\"image\/jpeg\" \/>\n<meta name=\"twitter:card\" content=\"summary_large_image\" \/>\n<meta name=\"twitter:label1\" content=\"Ber\u00e4knad l\u00e4stid\" \/>\n\t<meta name=\"twitter:data1\" content=\"2 minuter\" \/>\n<script type=\"application\/ld+json\" class=\"yoast-schema-graph\">{\"@context\":\"https:\\\/\\\/schema.org\",\"@graph\":[{\"@type\":\"WebPage\",\"@id\":\"https:\\\/\\\/lmf.no\\\/se\\\/produkt\\\/harbour-guide-12-croatia-engelsk-utgave\\\/\",\"url\":\"https:\\\/\\\/lmf.no\\\/se\\\/produkt\\\/harbour-guide-12-croatia-engelsk-utgave\\\/\",\"name\":\"Harbour Guide 12, Croatia \u2013 Montenegro \u2013 Slovenia | Skagerrak Forlag AS - SE\",\"isPartOf\":{\"@id\":\"https:\\\/\\\/lmf.no\\\/se\\\/#website\"},\"primaryImageOfPage\":{\"@id\":\"https:\\\/\\\/lmf.no\\\/se\\\/produkt\\\/harbour-guide-12-croatia-engelsk-utgave\\\/#primaryimage\"},\"image\":{\"@id\":\"https:\\\/\\\/lmf.no\\\/se\\\/produkt\\\/harbour-guide-12-croatia-engelsk-utgave\\\/#primaryimage\"},\"thumbnailUrl\":\"https:\\\/\\\/lmf.no\\\/se\\\/wp-content\\\/uploads\\\/2020\\\/06\\\/hg12.jpg\",\"datePublished\":\"2020-06-01T07:45:43+00:00\",\"dateModified\":\"2024-10-17T09:20:30+00:00\",\"description\":\"Imray har bemyndigat den h\u00e4r engelskspr\u00e5kiga versionen av Skagerrak F\u00f6rlags Hamnguide Slovenien, Kroatien och Montenegro.\",\"breadcrumb\":{\"@id\":\"https:\\\/\\\/lmf.no\\\/se\\\/produkt\\\/harbour-guide-12-croatia-engelsk-utgave\\\/#breadcrumb\"},\"inLanguage\":\"sv-SE\",\"potentialAction\":[{\"@type\":\"ReadAction\",\"target\":[\"https:\\\/\\\/lmf.no\\\/se\\\/produkt\\\/harbour-guide-12-croatia-engelsk-utgave\\\/\"]}]},{\"@type\":\"ImageObject\",\"inLanguage\":\"sv-SE\",\"@id\":\"https:\\\/\\\/lmf.no\\\/se\\\/produkt\\\/harbour-guide-12-croatia-engelsk-utgave\\\/#primaryimage\",\"url\":\"https:\\\/\\\/lmf.no\\\/se\\\/wp-content\\\/uploads\\\/2020\\\/06\\\/hg12.jpg\",\"contentUrl\":\"https:\\\/\\\/lmf.no\\\/se\\\/wp-content\\\/uploads\\\/2020\\\/06\\\/hg12.jpg\",\"width\":600,\"height\":850},{\"@type\":\"BreadcrumbList\",\"@id\":\"https:\\\/\\\/lmf.no\\\/se\\\/produkt\\\/harbour-guide-12-croatia-engelsk-utgave\\\/#breadcrumb\",\"itemListElement\":[{\"@type\":\"ListItem\",\"position\":1,\"name\":\"Hjem\",\"item\":\"https:\\\/\\\/lmf.no\\\/se\\\/\"},{\"@type\":\"ListItem\",\"position\":2,\"name\":\"Butikk\",\"item\":\"https:\\\/\\\/lmf.no\\\/se\\\/butikk\\\/\"},{\"@type\":\"ListItem\",\"position\":3,\"name\":\"Harbour Guide 12, Croatia \u2013 Montenegro \u2013 Slovenia\"}]},{\"@type\":\"WebSite\",\"@id\":\"https:\\\/\\\/lmf.no\\\/se\\\/#website\",\"url\":\"https:\\\/\\\/lmf.no\\\/se\\\/\",\"name\":\"Skagerrak Forlag AS\",\"description\":\"Publicering av l\u00e4rob\u00f6cker\",\"publisher\":{\"@id\":\"https:\\\/\\\/lmf.no\\\/se\\\/#organization\"},\"alternateName\":\"L\u00e6remiddelforlaget - Skagerrak Forlag AS\",\"potentialAction\":[{\"@type\":\"SearchAction\",\"target\":{\"@type\":\"EntryPoint\",\"urlTemplate\":\"https:\\\/\\\/lmf.no\\\/se\\\/?s={search_term_string}\"},\"query-input\":{\"@type\":\"PropertyValueSpecification\",\"valueRequired\":true,\"valueName\":\"search_term_string\"}}],\"inLanguage\":\"sv-SE\"},{\"@type\":\"Organization\",\"@id\":\"https:\\\/\\\/lmf.no\\\/se\\\/#organization\",\"name\":\"Skagerrak Forlag\",\"url\":\"https:\\\/\\\/lmf.no\\\/se\\\/\",\"logo\":{\"@type\":\"ImageObject\",\"inLanguage\":\"sv-SE\",\"@id\":\"https:\\\/\\\/lmf.no\\\/se\\\/#\\\/schema\\\/logo\\\/image\\\/\",\"url\":\"https:\\\/\\\/lmf.no\\\/se\\\/wp-content\\\/uploads\\\/2024\\\/04\\\/skagerrak-forlag.png\",\"contentUrl\":\"https:\\\/\\\/lmf.no\\\/se\\\/wp-content\\\/uploads\\\/2024\\\/04\\\/skagerrak-forlag.png\",\"width\":188,\"height\":47,\"caption\":\"Skagerrak Forlag\"},\"image\":{\"@id\":\"https:\\\/\\\/lmf.no\\\/se\\\/#\\\/schema\\\/logo\\\/image\\\/\"}}]}<\/script>\n<!-- \/ Yoast SEO plugin. -->","yoast_head_json":{"title":"Harbour Guide 12, Croatia \u2013 Montenegro \u2013 Slovenia | Skagerrak Forlag AS - SE","description":"Imray har bemyndigat den h\u00e4r engelskspr\u00e5kiga versionen av Skagerrak F\u00f6rlags Hamnguide Slovenien, Kroatien och Montenegro.","robots":{"index":"index","follow":"follow","max-snippet":"max-snippet:-1","max-image-preview":"max-image-preview:large","max-video-preview":"max-video-preview:-1"},"canonical":"https:\/\/lmf.no\/se\/produkt\/harbour-guide-12-croatia-engelsk-utgave\/","og_locale":"sv_SE","og_type":"article","og_title":"Harbour Guide 12, Croatia \u2013 Montenegro \u2013 Slovenia | Skagerrak Forlag AS - SE","og_description":"Imray har bemyndigat den h\u00e4r engelskspr\u00e5kiga versionen av Skagerrak F\u00f6rlags Hamnguide Slovenien, Kroatien och Montenegro.","og_url":"https:\/\/lmf.no\/se\/produkt\/harbour-guide-12-croatia-engelsk-utgave\/","og_site_name":"Skagerrak Forlag AS - SE","article_modified_time":"2024-10-17T09:20:30+00:00","og_image":[{"width":600,"height":850,"url":"https:\/\/lmf.no\/se\/wp-content\/uploads\/2020\/06\/hg12.jpg","type":"image\/jpeg"}],"twitter_card":"summary_large_image","twitter_misc":{"Ber\u00e4knad l\u00e4stid":"2 minuter"},"schema":{"@context":"https:\/\/schema.org","@graph":[{"@type":"WebPage","@id":"https:\/\/lmf.no\/se\/produkt\/harbour-guide-12-croatia-engelsk-utgave\/","url":"https:\/\/lmf.no\/se\/produkt\/harbour-guide-12-croatia-engelsk-utgave\/","name":"Harbour Guide 12, Croatia \u2013 Montenegro \u2013 Slovenia | Skagerrak Forlag AS - SE","isPartOf":{"@id":"https:\/\/lmf.no\/se\/#website"},"primaryImageOfPage":{"@id":"https:\/\/lmf.no\/se\/produkt\/harbour-guide-12-croatia-engelsk-utgave\/#primaryimage"},"image":{"@id":"https:\/\/lmf.no\/se\/produkt\/harbour-guide-12-croatia-engelsk-utgave\/#primaryimage"},"thumbnailUrl":"https:\/\/lmf.no\/se\/wp-content\/uploads\/2020\/06\/hg12.jpg","datePublished":"2020-06-01T07:45:43+00:00","dateModified":"2024-10-17T09:20:30+00:00","description":"Imray har bemyndigat den h\u00e4r engelskspr\u00e5kiga versionen av Skagerrak F\u00f6rlags Hamnguide Slovenien, Kroatien och Montenegro.","breadcrumb":{"@id":"https:\/\/lmf.no\/se\/produkt\/harbour-guide-12-croatia-engelsk-utgave\/#breadcrumb"},"inLanguage":"sv-SE","potentialAction":[{"@type":"ReadAction","target":["https:\/\/lmf.no\/se\/produkt\/harbour-guide-12-croatia-engelsk-utgave\/"]}]},{"@type":"ImageObject","inLanguage":"sv-SE","@id":"https:\/\/lmf.no\/se\/produkt\/harbour-guide-12-croatia-engelsk-utgave\/#primaryimage","url":"https:\/\/lmf.no\/se\/wp-content\/uploads\/2020\/06\/hg12.jpg","contentUrl":"https:\/\/lmf.no\/se\/wp-content\/uploads\/2020\/06\/hg12.jpg","width":600,"height":850},{"@type":"BreadcrumbList","@id":"https:\/\/lmf.no\/se\/produkt\/harbour-guide-12-croatia-engelsk-utgave\/#breadcrumb","itemListElement":[{"@type":"ListItem","position":1,"name":"Hjem","item":"https:\/\/lmf.no\/se\/"},{"@type":"ListItem","position":2,"name":"Butikk","item":"https:\/\/lmf.no\/se\/butikk\/"},{"@type":"ListItem","position":3,"name":"Harbour Guide 12, Croatia \u2013 Montenegro \u2013 Slovenia"}]},{"@type":"WebSite","@id":"https:\/\/lmf.no\/se\/#website","url":"https:\/\/lmf.no\/se\/","name":"Skagerrak Forlag AS","description":"Publicering av l\u00e4rob\u00f6cker","publisher":{"@id":"https:\/\/lmf.no\/se\/#organization"},"alternateName":"L\u00e6remiddelforlaget - Skagerrak Forlag AS","potentialAction":[{"@type":"SearchAction","target":{"@type":"EntryPoint","urlTemplate":"https:\/\/lmf.no\/se\/?s={search_term_string}"},"query-input":{"@type":"PropertyValueSpecification","valueRequired":true,"valueName":"search_term_string"}}],"inLanguage":"sv-SE"},{"@type":"Organization","@id":"https:\/\/lmf.no\/se\/#organization","name":"Skagerrak Forlag","url":"https:\/\/lmf.no\/se\/","logo":{"@type":"ImageObject","inLanguage":"sv-SE","@id":"https:\/\/lmf.no\/se\/#\/schema\/logo\/image\/","url":"https:\/\/lmf.no\/se\/wp-content\/uploads\/2024\/04\/skagerrak-forlag.png","contentUrl":"https:\/\/lmf.no\/se\/wp-content\/uploads\/2024\/04\/skagerrak-forlag.png","width":188,"height":47,"caption":"Skagerrak Forlag"},"image":{"@id":"https:\/\/lmf.no\/se\/#\/schema\/logo\/image\/"}}]}},"_links":{"self":[{"href":"https:\/\/lmf.no\/se\/wp-json\/wp\/v2\/product\/1814","targetHints":{"allow":["GET"]}}],"collection":[{"href":"https:\/\/lmf.no\/se\/wp-json\/wp\/v2\/product"}],"about":[{"href":"https:\/\/lmf.no\/se\/wp-json\/wp\/v2\/types\/product"}],"wp:featuredmedia":[{"embeddable":true,"href":"https:\/\/lmf.no\/se\/wp-json\/wp\/v2\/media\/1815"}],"wp:attachment":[{"href":"https:\/\/lmf.no\/se\/wp-json\/wp\/v2\/media?parent=1814"}],"wp:term":[{"taxonomy":"product_brand","embeddable":true,"href":"https:\/\/lmf.no\/se\/wp-json\/wp\/v2\/product_brand?post=1814"},{"taxonomy":"product_cat","embeddable":true,"href":"https:\/\/lmf.no\/se\/wp-json\/wp\/v2\/product_cat?post=1814"},{"taxonomy":"product_tag","embeddable":true,"href":"https:\/\/lmf.no\/se\/wp-json\/wp\/v2\/product_tag?post=1814"}],"curies":[{"name":"wp","href":"https:\/\/api.w.org\/{rel}","templated":true}]}}