{"id":1909,"date":"2023-02-08T12:45:26","date_gmt":"2023-02-08T11:45:26","guid":{"rendered":"https:\/\/lmf.no\/se\/?post_type=product&#038;p=1909"},"modified":"2024-04-30T10:13:23","modified_gmt":"2024-04-30T08:13:23","slug":"hamnguiden-10-hoga-kusten-arholma","status":"publish","type":"product","link":"https:\/\/lmf.no\/se\/produkt\/hamnguiden-10-hoga-kusten-arholma\/","title":{"rendered":"Hamnguiden 10, H\u00f6ga kusten &#8211; Arholma"},"content":{"rendered":"<p>Den h\u00e4r boken beskriver 206 natur- och g\u00e4sthamnar fr\u00e5n H\u00f6ga kusten till Arholma . Varje hamn presenteras med en detaljerad Hamnguidekarta, en helikopterbild, en beskrivande text och en faktaruta.<\/p>\n<p>Kartmaterialet i Hamnguiden 10 \u00e4r n\u00e5gonting helt nytt som aldrig tidigare f\u00f6rekommit i sj\u00f6kortssammanhang. Samtliga kartor i boken \u00e4r producerade av Hydrographica. Det inneb\u00e4r att de \u00e4r baserade p\u00e5 Hydrographicas bepr\u00f6vade sj\u00f6m\u00e4tningsteknik med 3D-flygfoto som underlag men ocks\u00e5 att varje Hamnguidekarta dessutom \u00e4r kontrollerad och verifierad genom kompletterande sj\u00f6m\u00e4tning p\u00e5 plats.<\/p>\n<p>Helikopterbilderna och markeringarna ger dig en snabb \u00f6versikt \u00f6ver varje hamn, med dess atmosf\u00e4r, faciliteter, inseglingsleder, faror och f\u00f6rt\u00f6jningsm\u00f6jligheter. Stenar och grund att t\u00e4nka p\u00e5 speciellt \u00e4r markerade p\u00e5 bilderna.<\/p>\n<p>Svensk text i boken. \u00d6vers\u00e4ttning till valfritt spr\u00e5k kan g\u00f6ras via Hamnguiden Online-prenumeration. <a href=\"http:\/\/www.harbourguide.com\">www.harbourguide.com<\/a><\/p>\n<p>&nbsp;<\/p>\n","protected":false},"excerpt":{"rendered":"<p>ISBN 978-82-7997-240-2<\/p>\n<p><a href=\"https:\/\/www.flipsnack.com\/skagerrak\/hg10_pageflip\/full-view.html\" target=\"_blank\" rel=\"noopener noreferrer\">Bl\u00e4ddra i boken<\/a><\/p>\n<p><a href=\"https:\/\/www.harbourguide.com\/\" target=\"_blank\" rel=\"noopener noreferrer\">Hamnguiden Online<\/a><\/p>\n","protected":false},"featured_media":1910,"template":"","meta":[],"product_brand":[],"product_cat":[26],"product_tag":[],"class_list":{"0":"post-1909","1":"product","2":"type-product","3":"status-publish","4":"has-post-thumbnail","6":"product_cat-hamnguiden","8":"first","9":"instock","10":"shipping-taxable","11":"purchasable","12":"product-type-simple"},"yoast_head":"<!-- This site is optimized with the Yoast SEO plugin v27.3 - https:\/\/yoast.com\/product\/yoast-seo-wordpress\/ -->\n<title>Hamnguiden 10, H\u00f6ga kusten - Arholma | Skagerrak Forlag AS - SE<\/title>\n<meta name=\"description\" content=\"Den h\u00e4r boken beskriver 206 natur- och g\u00e4sthamnar fr\u00e5n H\u00f6ga kusten till Arholma . Varje hamn presenteras med en detaljerad Hamnguidekarta.\" \/>\n<meta name=\"robots\" content=\"index, follow, max-snippet:-1, max-image-preview:large, max-video-preview:-1\" \/>\n<link rel=\"canonical\" href=\"https:\/\/lmf.no\/se\/produkt\/hamnguiden-10-hoga-kusten-arholma\/\" \/>\n<meta property=\"og:locale\" content=\"sv_SE\" \/>\n<meta property=\"og:type\" content=\"article\" \/>\n<meta property=\"og:title\" content=\"Hamnguiden 10, H\u00f6ga kusten - Arholma | Skagerrak Forlag AS - SE\" \/>\n<meta property=\"og:description\" content=\"Den h\u00e4r boken beskriver 206 natur- och g\u00e4sthamnar fr\u00e5n H\u00f6ga kusten till Arholma . Varje hamn presenteras med en detaljerad Hamnguidekarta.\" \/>\n<meta property=\"og:url\" content=\"https:\/\/lmf.no\/se\/produkt\/hamnguiden-10-hoga-kusten-arholma\/\" \/>\n<meta property=\"og:site_name\" content=\"Skagerrak Forlag AS - SE\" \/>\n<meta property=\"article:modified_time\" content=\"2024-04-30T08:13:23+00:00\" \/>\n<meta property=\"og:image\" content=\"https:\/\/lmf.no\/se\/wp-content\/uploads\/2023\/02\/HG10_forside.jpg\" \/>\n\t<meta property=\"og:image:width\" content=\"600\" \/>\n\t<meta property=\"og:image:height\" content=\"850\" \/>\n\t<meta property=\"og:image:type\" content=\"image\/jpeg\" \/>\n<meta name=\"twitter:card\" content=\"summary_large_image\" \/>\n<meta name=\"twitter:label1\" content=\"Ber\u00e4knad l\u00e4stid\" \/>\n\t<meta name=\"twitter:data1\" content=\"1 minut\" \/>\n<script type=\"application\/ld+json\" class=\"yoast-schema-graph\">{\"@context\":\"https:\\\/\\\/schema.org\",\"@graph\":[{\"@type\":\"WebPage\",\"@id\":\"https:\\\/\\\/lmf.no\\\/se\\\/produkt\\\/hamnguiden-10-hoga-kusten-arholma\\\/\",\"url\":\"https:\\\/\\\/lmf.no\\\/se\\\/produkt\\\/hamnguiden-10-hoga-kusten-arholma\\\/\",\"name\":\"Hamnguiden 10, H\u00f6ga kusten - Arholma | Skagerrak Forlag AS - SE\",\"isPartOf\":{\"@id\":\"https:\\\/\\\/lmf.no\\\/se\\\/#website\"},\"primaryImageOfPage\":{\"@id\":\"https:\\\/\\\/lmf.no\\\/se\\\/produkt\\\/hamnguiden-10-hoga-kusten-arholma\\\/#primaryimage\"},\"image\":{\"@id\":\"https:\\\/\\\/lmf.no\\\/se\\\/produkt\\\/hamnguiden-10-hoga-kusten-arholma\\\/#primaryimage\"},\"thumbnailUrl\":\"https:\\\/\\\/lmf.no\\\/se\\\/wp-content\\\/uploads\\\/2023\\\/02\\\/HG10_forside.jpg\",\"datePublished\":\"2023-02-08T11:45:26+00:00\",\"dateModified\":\"2024-04-30T08:13:23+00:00\",\"description\":\"Den h\u00e4r boken beskriver 206 natur- och g\u00e4sthamnar fr\u00e5n H\u00f6ga kusten till Arholma . Varje hamn presenteras med en detaljerad Hamnguidekarta.\",\"breadcrumb\":{\"@id\":\"https:\\\/\\\/lmf.no\\\/se\\\/produkt\\\/hamnguiden-10-hoga-kusten-arholma\\\/#breadcrumb\"},\"inLanguage\":\"sv-SE\",\"potentialAction\":[{\"@type\":\"ReadAction\",\"target\":[\"https:\\\/\\\/lmf.no\\\/se\\\/produkt\\\/hamnguiden-10-hoga-kusten-arholma\\\/\"]}]},{\"@type\":\"ImageObject\",\"inLanguage\":\"sv-SE\",\"@id\":\"https:\\\/\\\/lmf.no\\\/se\\\/produkt\\\/hamnguiden-10-hoga-kusten-arholma\\\/#primaryimage\",\"url\":\"https:\\\/\\\/lmf.no\\\/se\\\/wp-content\\\/uploads\\\/2023\\\/02\\\/HG10_forside.jpg\",\"contentUrl\":\"https:\\\/\\\/lmf.no\\\/se\\\/wp-content\\\/uploads\\\/2023\\\/02\\\/HG10_forside.jpg\",\"width\":600,\"height\":850},{\"@type\":\"BreadcrumbList\",\"@id\":\"https:\\\/\\\/lmf.no\\\/se\\\/produkt\\\/hamnguiden-10-hoga-kusten-arholma\\\/#breadcrumb\",\"itemListElement\":[{\"@type\":\"ListItem\",\"position\":1,\"name\":\"Hjem\",\"item\":\"https:\\\/\\\/lmf.no\\\/se\\\/\"},{\"@type\":\"ListItem\",\"position\":2,\"name\":\"Butikk\",\"item\":\"https:\\\/\\\/lmf.no\\\/se\\\/butikk\\\/\"},{\"@type\":\"ListItem\",\"position\":3,\"name\":\"Hamnguiden 10, H\u00f6ga kusten &#8211; Arholma\"}]},{\"@type\":\"WebSite\",\"@id\":\"https:\\\/\\\/lmf.no\\\/se\\\/#website\",\"url\":\"https:\\\/\\\/lmf.no\\\/se\\\/\",\"name\":\"Skagerrak Forlag AS\",\"description\":\"Publicering av l\u00e4rob\u00f6cker\",\"publisher\":{\"@id\":\"https:\\\/\\\/lmf.no\\\/se\\\/#organization\"},\"alternateName\":\"L\u00e6remiddelforlaget - Skagerrak Forlag AS\",\"potentialAction\":[{\"@type\":\"SearchAction\",\"target\":{\"@type\":\"EntryPoint\",\"urlTemplate\":\"https:\\\/\\\/lmf.no\\\/se\\\/?s={search_term_string}\"},\"query-input\":{\"@type\":\"PropertyValueSpecification\",\"valueRequired\":true,\"valueName\":\"search_term_string\"}}],\"inLanguage\":\"sv-SE\"},{\"@type\":\"Organization\",\"@id\":\"https:\\\/\\\/lmf.no\\\/se\\\/#organization\",\"name\":\"Skagerrak Forlag\",\"url\":\"https:\\\/\\\/lmf.no\\\/se\\\/\",\"logo\":{\"@type\":\"ImageObject\",\"inLanguage\":\"sv-SE\",\"@id\":\"https:\\\/\\\/lmf.no\\\/se\\\/#\\\/schema\\\/logo\\\/image\\\/\",\"url\":\"https:\\\/\\\/lmf.no\\\/se\\\/wp-content\\\/uploads\\\/2024\\\/04\\\/skagerrak-forlag.png\",\"contentUrl\":\"https:\\\/\\\/lmf.no\\\/se\\\/wp-content\\\/uploads\\\/2024\\\/04\\\/skagerrak-forlag.png\",\"width\":188,\"height\":47,\"caption\":\"Skagerrak Forlag\"},\"image\":{\"@id\":\"https:\\\/\\\/lmf.no\\\/se\\\/#\\\/schema\\\/logo\\\/image\\\/\"}}]}<\/script>\n<!-- \/ Yoast SEO plugin. -->","yoast_head_json":{"title":"Hamnguiden 10, H\u00f6ga kusten - Arholma | Skagerrak Forlag AS - SE","description":"Den h\u00e4r boken beskriver 206 natur- och g\u00e4sthamnar fr\u00e5n H\u00f6ga kusten till Arholma . Varje hamn presenteras med en detaljerad Hamnguidekarta.","robots":{"index":"index","follow":"follow","max-snippet":"max-snippet:-1","max-image-preview":"max-image-preview:large","max-video-preview":"max-video-preview:-1"},"canonical":"https:\/\/lmf.no\/se\/produkt\/hamnguiden-10-hoga-kusten-arholma\/","og_locale":"sv_SE","og_type":"article","og_title":"Hamnguiden 10, H\u00f6ga kusten - Arholma | Skagerrak Forlag AS - SE","og_description":"Den h\u00e4r boken beskriver 206 natur- och g\u00e4sthamnar fr\u00e5n H\u00f6ga kusten till Arholma . Varje hamn presenteras med en detaljerad Hamnguidekarta.","og_url":"https:\/\/lmf.no\/se\/produkt\/hamnguiden-10-hoga-kusten-arholma\/","og_site_name":"Skagerrak Forlag AS - SE","article_modified_time":"2024-04-30T08:13:23+00:00","og_image":[{"width":600,"height":850,"url":"https:\/\/lmf.no\/se\/wp-content\/uploads\/2023\/02\/HG10_forside.jpg","type":"image\/jpeg"}],"twitter_card":"summary_large_image","twitter_misc":{"Ber\u00e4knad l\u00e4stid":"1 minut"},"schema":{"@context":"https:\/\/schema.org","@graph":[{"@type":"WebPage","@id":"https:\/\/lmf.no\/se\/produkt\/hamnguiden-10-hoga-kusten-arholma\/","url":"https:\/\/lmf.no\/se\/produkt\/hamnguiden-10-hoga-kusten-arholma\/","name":"Hamnguiden 10, H\u00f6ga kusten - Arholma | Skagerrak Forlag AS - SE","isPartOf":{"@id":"https:\/\/lmf.no\/se\/#website"},"primaryImageOfPage":{"@id":"https:\/\/lmf.no\/se\/produkt\/hamnguiden-10-hoga-kusten-arholma\/#primaryimage"},"image":{"@id":"https:\/\/lmf.no\/se\/produkt\/hamnguiden-10-hoga-kusten-arholma\/#primaryimage"},"thumbnailUrl":"https:\/\/lmf.no\/se\/wp-content\/uploads\/2023\/02\/HG10_forside.jpg","datePublished":"2023-02-08T11:45:26+00:00","dateModified":"2024-04-30T08:13:23+00:00","description":"Den h\u00e4r boken beskriver 206 natur- och g\u00e4sthamnar fr\u00e5n H\u00f6ga kusten till Arholma . Varje hamn presenteras med en detaljerad Hamnguidekarta.","breadcrumb":{"@id":"https:\/\/lmf.no\/se\/produkt\/hamnguiden-10-hoga-kusten-arholma\/#breadcrumb"},"inLanguage":"sv-SE","potentialAction":[{"@type":"ReadAction","target":["https:\/\/lmf.no\/se\/produkt\/hamnguiden-10-hoga-kusten-arholma\/"]}]},{"@type":"ImageObject","inLanguage":"sv-SE","@id":"https:\/\/lmf.no\/se\/produkt\/hamnguiden-10-hoga-kusten-arholma\/#primaryimage","url":"https:\/\/lmf.no\/se\/wp-content\/uploads\/2023\/02\/HG10_forside.jpg","contentUrl":"https:\/\/lmf.no\/se\/wp-content\/uploads\/2023\/02\/HG10_forside.jpg","width":600,"height":850},{"@type":"BreadcrumbList","@id":"https:\/\/lmf.no\/se\/produkt\/hamnguiden-10-hoga-kusten-arholma\/#breadcrumb","itemListElement":[{"@type":"ListItem","position":1,"name":"Hjem","item":"https:\/\/lmf.no\/se\/"},{"@type":"ListItem","position":2,"name":"Butikk","item":"https:\/\/lmf.no\/se\/butikk\/"},{"@type":"ListItem","position":3,"name":"Hamnguiden 10, H\u00f6ga kusten &#8211; Arholma"}]},{"@type":"WebSite","@id":"https:\/\/lmf.no\/se\/#website","url":"https:\/\/lmf.no\/se\/","name":"Skagerrak Forlag AS","description":"Publicering av l\u00e4rob\u00f6cker","publisher":{"@id":"https:\/\/lmf.no\/se\/#organization"},"alternateName":"L\u00e6remiddelforlaget - Skagerrak Forlag AS","potentialAction":[{"@type":"SearchAction","target":{"@type":"EntryPoint","urlTemplate":"https:\/\/lmf.no\/se\/?s={search_term_string}"},"query-input":{"@type":"PropertyValueSpecification","valueRequired":true,"valueName":"search_term_string"}}],"inLanguage":"sv-SE"},{"@type":"Organization","@id":"https:\/\/lmf.no\/se\/#organization","name":"Skagerrak Forlag","url":"https:\/\/lmf.no\/se\/","logo":{"@type":"ImageObject","inLanguage":"sv-SE","@id":"https:\/\/lmf.no\/se\/#\/schema\/logo\/image\/","url":"https:\/\/lmf.no\/se\/wp-content\/uploads\/2024\/04\/skagerrak-forlag.png","contentUrl":"https:\/\/lmf.no\/se\/wp-content\/uploads\/2024\/04\/skagerrak-forlag.png","width":188,"height":47,"caption":"Skagerrak Forlag"},"image":{"@id":"https:\/\/lmf.no\/se\/#\/schema\/logo\/image\/"}}]}},"_links":{"self":[{"href":"https:\/\/lmf.no\/se\/wp-json\/wp\/v2\/product\/1909","targetHints":{"allow":["GET"]}}],"collection":[{"href":"https:\/\/lmf.no\/se\/wp-json\/wp\/v2\/product"}],"about":[{"href":"https:\/\/lmf.no\/se\/wp-json\/wp\/v2\/types\/product"}],"wp:featuredmedia":[{"embeddable":true,"href":"https:\/\/lmf.no\/se\/wp-json\/wp\/v2\/media\/1910"}],"wp:attachment":[{"href":"https:\/\/lmf.no\/se\/wp-json\/wp\/v2\/media?parent=1909"}],"wp:term":[{"taxonomy":"product_brand","embeddable":true,"href":"https:\/\/lmf.no\/se\/wp-json\/wp\/v2\/product_brand?post=1909"},{"taxonomy":"product_cat","embeddable":true,"href":"https:\/\/lmf.no\/se\/wp-json\/wp\/v2\/product_cat?post=1909"},{"taxonomy":"product_tag","embeddable":true,"href":"https:\/\/lmf.no\/se\/wp-json\/wp\/v2\/product_tag?post=1909"}],"curies":[{"name":"wp","href":"https:\/\/api.w.org\/{rel}","templated":true}]}}