{"id":246,"date":"2017-04-13T10:49:11","date_gmt":"2017-04-13T08:49:11","guid":{"rendered":"http:\/\/laeremiddelforlaget.utkast.org\/skagerrak-forlag\/?post_type=product&#038;p=246"},"modified":"2026-01-28T11:58:17","modified_gmt":"2026-01-28T10:58:17","slug":"hamnguiden-5-goteborg-svinesund-4-utg","status":"publish","type":"product","link":"https:\/\/lmf.no\/skagerrak-forlag\/en\/butikk\/havneguidenharbour\/hamnguiden-5-goteborg-svinesund-4-utg\/","title":{"rendered":"Hamnguiden 5, G\u00f6teborg &#8211; Svinesund, 4. utg\u00e5va"},"content":{"rendered":"<p>Forfatter: Ardebrant, Engevik, Jansson, Nordstr\u00f6m och Sannel<br \/>\nISBN: 9788279972297<\/p>\n<p>We have, in this fourth edition of Havneguide 5, made a number of changes. Firstly, there are more natural harbours in the guide than before. We have also changed the way we mark where you can tie up outside of harbours. Places where you can tie up are now marked on the areal photos in the same way as on Havneguide charts, with a red line.<\/p>\n<p>The third important change we have made is to the symbols we use on our charts to mark where to tie up in harbours. We previously used just a visitor anchor to mark where to tie up. We have, however, in this edition introduced the use of a set of symbols that indicate not only where to tie up but also how to tie up. The symbols show you whether you should tie up using a stern anchor, stern mooring buoy, stern mooring lines, tie up in pens or tie up alongside. Entering a harbour with all the mooring equipment you need ready is a great way to increase the pleasure of boating.<\/p>\n<p><a href=\"https:\/\/www.flipsnack.com\/skagerrak\/hg5-pageflip-norsk-ftmqz8alu\/full-view.html\" rel=\"noopener\" target=\"_blank\">Bl\u00e4ddra i boken<\/a><\/p>\n<p><a href=\"http:\/\/harbourguide.com\">Harbour Guide Online<\/a><\/p>","protected":false},"excerpt":{"rendered":"<p>Forfatter: Ardebrant, Engevik, Jansson, Nordstr\u00f6m och Sannel ISBN: 9788279972297 We have, in this fourth edition of Havneguide 5, made a number of changes. Firstly, there are<span class=\"excerpt-hellip\"> [\u2026]<\/span><\/p>\n","protected":false},"featured_media":1717,"template":"","meta":{"rs_blank_template":"","rs_page_bg_color":"","slide_template_v7":""},"product_brand":[],"product_cat":[27],"product_tag":[],"class_list":{"0":"post-246","1":"product","2":"type-product","3":"status-publish","4":"has-post-thumbnail","6":"product_cat-havneguidenharbour","8":"first","9":"instock","10":"taxable","11":"shipping-taxable","12":"purchasable","13":"product-type-simple"},"yoast_head":"<!-- This site is optimized with the Yoast SEO plugin v27.4 - https:\/\/yoast.com\/product\/yoast-seo-wordpress\/ -->\n<title>Hamnguiden 5, G\u00f6teborg - Svinesund, 4. utg\u00e5va | L\u00e6remiddelforlaget - Skagerrak Forlag AS<\/title>\n<meta name=\"description\" content=\"Den h\u00e4r Hamnguiden beskriver 371 natur- och g\u00e4sthamnar fr\u00e5n Tistlarna i s\u00f6der till Svinesund i norr. H\u00e4r beskrivs k\u00e4nda och mindre k\u00e4nda naturhamnar.\" \/>\n<meta name=\"robots\" content=\"index, follow, max-snippet:-1, max-image-preview:large, max-video-preview:-1\" \/>\n<link rel=\"canonical\" href=\"https:\/\/lmf.no\/skagerrak-forlag\/butikk\/havneguidenharbour\/hamnguiden-5-goteborg-svinesund-4-utg\/\" \/>\n<meta property=\"og:locale\" content=\"en_US\" \/>\n<meta property=\"og:type\" content=\"article\" \/>\n<meta property=\"og:title\" content=\"Hamnguiden 5, G\u00f6teborg - Svinesund, 4. utg\u00e5va | L\u00e6remiddelforlaget - Skagerrak Forlag AS\" \/>\n<meta property=\"og:description\" content=\"Den h\u00e4r Hamnguiden beskriver 371 natur- och g\u00e4sthamnar fr\u00e5n Tistlarna i s\u00f6der till Svinesund i norr. H\u00e4r beskrivs k\u00e4nda och mindre k\u00e4nda naturhamnar.\" \/>\n<meta property=\"og:url\" content=\"https:\/\/lmf.no\/skagerrak-forlag\/butikk\/havneguidenharbour\/hamnguiden-5-goteborg-svinesund-4-utg\/\" \/>\n<meta property=\"og:site_name\" content=\"L\u00e6remiddelforlaget - Skagerrak Forlag AS\" \/>\n<meta property=\"article:modified_time\" content=\"2026-01-28T10:58:17+00:00\" \/>\n<meta property=\"og:image\" content=\"https:\/\/lmf.no\/skagerrak-forlag\/wp-content\/uploads\/2017\/04\/HG5_forside.jpg\" \/>\n\t<meta property=\"og:image:width\" content=\"600\" \/>\n\t<meta property=\"og:image:height\" content=\"850\" \/>\n\t<meta property=\"og:image:type\" content=\"image\/jpeg\" \/>\n<meta name=\"twitter:card\" content=\"summary_large_image\" \/>\n<meta name=\"twitter:label1\" content=\"Est. reading time\" \/>\n\t<meta name=\"twitter:data1\" content=\"3 minutes\" \/>\n<script type=\"application\/ld+json\" class=\"yoast-schema-graph\">{\"@context\":\"https:\\\/\\\/schema.org\",\"@graph\":[{\"@type\":\"WebPage\",\"@id\":\"https:\\\/\\\/lmf.no\\\/skagerrak-forlag\\\/butikk\\\/havneguidenharbour\\\/hamnguiden-5-goteborg-svinesund-4-utg\\\/\",\"url\":\"https:\\\/\\\/lmf.no\\\/skagerrak-forlag\\\/butikk\\\/havneguidenharbour\\\/hamnguiden-5-goteborg-svinesund-4-utg\\\/\",\"name\":\"Hamnguiden 5, G\u00f6teborg - Svinesund, 4. utg\u00e5va | L\u00e6remiddelforlaget - Skagerrak Forlag AS\",\"isPartOf\":{\"@id\":\"https:\\\/\\\/lmf.no\\\/skagerrak-forlag\\\/#website\"},\"primaryImageOfPage\":{\"@id\":\"https:\\\/\\\/lmf.no\\\/skagerrak-forlag\\\/butikk\\\/havneguidenharbour\\\/hamnguiden-5-goteborg-svinesund-4-utg\\\/#primaryimage\"},\"image\":{\"@id\":\"https:\\\/\\\/lmf.no\\\/skagerrak-forlag\\\/butikk\\\/havneguidenharbour\\\/hamnguiden-5-goteborg-svinesund-4-utg\\\/#primaryimage\"},\"thumbnailUrl\":\"https:\\\/\\\/lmf.no\\\/skagerrak-forlag\\\/wp-content\\\/uploads\\\/2017\\\/04\\\/HG5_forside.jpg\",\"datePublished\":\"2017-04-13T08:49:11+00:00\",\"dateModified\":\"2026-01-28T10:58:17+00:00\",\"description\":\"Den h\u00e4r Hamnguiden beskriver 371 natur- och g\u00e4sthamnar fr\u00e5n Tistlarna i s\u00f6der till Svinesund i norr. H\u00e4r beskrivs k\u00e4nda och mindre k\u00e4nda naturhamnar.\",\"breadcrumb\":{\"@id\":\"https:\\\/\\\/lmf.no\\\/skagerrak-forlag\\\/butikk\\\/havneguidenharbour\\\/hamnguiden-5-goteborg-svinesund-4-utg\\\/#breadcrumb\"},\"inLanguage\":\"en-US\",\"potentialAction\":[{\"@type\":\"ReadAction\",\"target\":[\"https:\\\/\\\/lmf.no\\\/skagerrak-forlag\\\/butikk\\\/havneguidenharbour\\\/hamnguiden-5-goteborg-svinesund-4-utg\\\/\"]}]},{\"@type\":\"ImageObject\",\"inLanguage\":\"en-US\",\"@id\":\"https:\\\/\\\/lmf.no\\\/skagerrak-forlag\\\/butikk\\\/havneguidenharbour\\\/hamnguiden-5-goteborg-svinesund-4-utg\\\/#primaryimage\",\"url\":\"https:\\\/\\\/lmf.no\\\/skagerrak-forlag\\\/wp-content\\\/uploads\\\/2017\\\/04\\\/HG5_forside.jpg\",\"contentUrl\":\"https:\\\/\\\/lmf.no\\\/skagerrak-forlag\\\/wp-content\\\/uploads\\\/2017\\\/04\\\/HG5_forside.jpg\",\"width\":600,\"height\":850},{\"@type\":\"BreadcrumbList\",\"@id\":\"https:\\\/\\\/lmf.no\\\/skagerrak-forlag\\\/butikk\\\/havneguidenharbour\\\/hamnguiden-5-goteborg-svinesund-4-utg\\\/#breadcrumb\",\"itemListElement\":[{\"@type\":\"ListItem\",\"position\":1,\"name\":\"Hjem\",\"item\":\"https:\\\/\\\/lmf.no\\\/skagerrak-forlag\\\/\"},{\"@type\":\"ListItem\",\"position\":2,\"name\":\"Butikk\",\"item\":\"https:\\\/\\\/lmf.no\\\/skagerrak-forlag\\\/butikk-2\\\/\"},{\"@type\":\"ListItem\",\"position\":3,\"name\":\"Hamnguiden 5, G\u00f6teborg &#8211; Svinesund, 4. utg\u00e5va\"}]},{\"@type\":\"WebSite\",\"@id\":\"https:\\\/\\\/lmf.no\\\/skagerrak-forlag\\\/#website\",\"url\":\"https:\\\/\\\/lmf.no\\\/skagerrak-forlag\\\/\",\"name\":\"Skagerrak Forlag AS\",\"description\":\"Utgivelse av l\u00e6reb\u00f8ker\",\"publisher\":{\"@id\":\"https:\\\/\\\/lmf.no\\\/skagerrak-forlag\\\/#organization\"},\"alternateName\":\"L\u00e6remiddelforlaget - Skagerrak Forlag AS\",\"potentialAction\":[{\"@type\":\"SearchAction\",\"target\":{\"@type\":\"EntryPoint\",\"urlTemplate\":\"https:\\\/\\\/lmf.no\\\/skagerrak-forlag\\\/?s={search_term_string}\"},\"query-input\":{\"@type\":\"PropertyValueSpecification\",\"valueRequired\":true,\"valueName\":\"search_term_string\"}}],\"inLanguage\":\"en-US\"},{\"@type\":\"Organization\",\"@id\":\"https:\\\/\\\/lmf.no\\\/skagerrak-forlag\\\/#organization\",\"name\":\"Skagerrak Forlag AS\",\"alternateName\":\"L\u00e6remiddelforlaget - Skagerrak Forlag\",\"url\":\"https:\\\/\\\/lmf.no\\\/skagerrak-forlag\\\/\",\"logo\":{\"@type\":\"ImageObject\",\"inLanguage\":\"en-US\",\"@id\":\"https:\\\/\\\/lmf.no\\\/skagerrak-forlag\\\/#\\\/schema\\\/logo\\\/image\\\/\",\"url\":\"https:\\\/\\\/lmf.no\\\/skagerrak-forlag\\\/wp-content\\\/uploads\\\/2024\\\/04\\\/skagerrak-forlag.png\",\"contentUrl\":\"https:\\\/\\\/lmf.no\\\/skagerrak-forlag\\\/wp-content\\\/uploads\\\/2024\\\/04\\\/skagerrak-forlag.png\",\"width\":188,\"height\":47,\"caption\":\"Skagerrak Forlag AS\"},\"image\":{\"@id\":\"https:\\\/\\\/lmf.no\\\/skagerrak-forlag\\\/#\\\/schema\\\/logo\\\/image\\\/\"}}]}<\/script>\n<!-- \/ Yoast SEO plugin. -->","yoast_head_json":{"title":"Hamnguiden 5, G\u00f6teborg - Svinesund, 4. utg\u00e5va | L\u00e6remiddelforlaget - Skagerrak Forlag AS","description":"Den h\u00e4r Hamnguiden beskriver 371 natur- och g\u00e4sthamnar fr\u00e5n Tistlarna i s\u00f6der till Svinesund i norr. H\u00e4r beskrivs k\u00e4nda och mindre k\u00e4nda naturhamnar.","robots":{"index":"index","follow":"follow","max-snippet":"max-snippet:-1","max-image-preview":"max-image-preview:large","max-video-preview":"max-video-preview:-1"},"canonical":"https:\/\/lmf.no\/skagerrak-forlag\/butikk\/havneguidenharbour\/hamnguiden-5-goteborg-svinesund-4-utg\/","og_locale":"en_US","og_type":"article","og_title":"Hamnguiden 5, G\u00f6teborg - Svinesund, 4. utg\u00e5va | L\u00e6remiddelforlaget - Skagerrak Forlag AS","og_description":"Den h\u00e4r Hamnguiden beskriver 371 natur- och g\u00e4sthamnar fr\u00e5n Tistlarna i s\u00f6der till Svinesund i norr. H\u00e4r beskrivs k\u00e4nda och mindre k\u00e4nda naturhamnar.","og_url":"https:\/\/lmf.no\/skagerrak-forlag\/butikk\/havneguidenharbour\/hamnguiden-5-goteborg-svinesund-4-utg\/","og_site_name":"L\u00e6remiddelforlaget - Skagerrak Forlag AS","article_modified_time":"2026-01-28T10:58:17+00:00","og_image":[{"width":600,"height":850,"url":"https:\/\/lmf.no\/skagerrak-forlag\/wp-content\/uploads\/2017\/04\/HG5_forside.jpg","type":"image\/jpeg"}],"twitter_card":"summary_large_image","twitter_misc":{"Est. reading time":"3 minutes"},"schema":{"@context":"https:\/\/schema.org","@graph":[{"@type":"WebPage","@id":"https:\/\/lmf.no\/skagerrak-forlag\/butikk\/havneguidenharbour\/hamnguiden-5-goteborg-svinesund-4-utg\/","url":"https:\/\/lmf.no\/skagerrak-forlag\/butikk\/havneguidenharbour\/hamnguiden-5-goteborg-svinesund-4-utg\/","name":"Hamnguiden 5, G\u00f6teborg - Svinesund, 4. utg\u00e5va | L\u00e6remiddelforlaget - Skagerrak Forlag AS","isPartOf":{"@id":"https:\/\/lmf.no\/skagerrak-forlag\/#website"},"primaryImageOfPage":{"@id":"https:\/\/lmf.no\/skagerrak-forlag\/butikk\/havneguidenharbour\/hamnguiden-5-goteborg-svinesund-4-utg\/#primaryimage"},"image":{"@id":"https:\/\/lmf.no\/skagerrak-forlag\/butikk\/havneguidenharbour\/hamnguiden-5-goteborg-svinesund-4-utg\/#primaryimage"},"thumbnailUrl":"https:\/\/lmf.no\/skagerrak-forlag\/wp-content\/uploads\/2017\/04\/HG5_forside.jpg","datePublished":"2017-04-13T08:49:11+00:00","dateModified":"2026-01-28T10:58:17+00:00","description":"Den h\u00e4r Hamnguiden beskriver 371 natur- och g\u00e4sthamnar fr\u00e5n Tistlarna i s\u00f6der till Svinesund i norr. H\u00e4r beskrivs k\u00e4nda och mindre k\u00e4nda naturhamnar.","breadcrumb":{"@id":"https:\/\/lmf.no\/skagerrak-forlag\/butikk\/havneguidenharbour\/hamnguiden-5-goteborg-svinesund-4-utg\/#breadcrumb"},"inLanguage":"en-US","potentialAction":[{"@type":"ReadAction","target":["https:\/\/lmf.no\/skagerrak-forlag\/butikk\/havneguidenharbour\/hamnguiden-5-goteborg-svinesund-4-utg\/"]}]},{"@type":"ImageObject","inLanguage":"en-US","@id":"https:\/\/lmf.no\/skagerrak-forlag\/butikk\/havneguidenharbour\/hamnguiden-5-goteborg-svinesund-4-utg\/#primaryimage","url":"https:\/\/lmf.no\/skagerrak-forlag\/wp-content\/uploads\/2017\/04\/HG5_forside.jpg","contentUrl":"https:\/\/lmf.no\/skagerrak-forlag\/wp-content\/uploads\/2017\/04\/HG5_forside.jpg","width":600,"height":850},{"@type":"BreadcrumbList","@id":"https:\/\/lmf.no\/skagerrak-forlag\/butikk\/havneguidenharbour\/hamnguiden-5-goteborg-svinesund-4-utg\/#breadcrumb","itemListElement":[{"@type":"ListItem","position":1,"name":"Hjem","item":"https:\/\/lmf.no\/skagerrak-forlag\/"},{"@type":"ListItem","position":2,"name":"Butikk","item":"https:\/\/lmf.no\/skagerrak-forlag\/butikk-2\/"},{"@type":"ListItem","position":3,"name":"Hamnguiden 5, G\u00f6teborg &#8211; Svinesund, 4. utg\u00e5va"}]},{"@type":"WebSite","@id":"https:\/\/lmf.no\/skagerrak-forlag\/#website","url":"https:\/\/lmf.no\/skagerrak-forlag\/","name":"Skagerrak Forlag AS","description":"Utgivelse av l\u00e6reb\u00f8ker","publisher":{"@id":"https:\/\/lmf.no\/skagerrak-forlag\/#organization"},"alternateName":"L\u00e6remiddelforlaget - Skagerrak Forlag AS","potentialAction":[{"@type":"SearchAction","target":{"@type":"EntryPoint","urlTemplate":"https:\/\/lmf.no\/skagerrak-forlag\/?s={search_term_string}"},"query-input":{"@type":"PropertyValueSpecification","valueRequired":true,"valueName":"search_term_string"}}],"inLanguage":"en-US"},{"@type":"Organization","@id":"https:\/\/lmf.no\/skagerrak-forlag\/#organization","name":"Skagerrak Forlag AS","alternateName":"L\u00e6remiddelforlaget - Skagerrak Forlag","url":"https:\/\/lmf.no\/skagerrak-forlag\/","logo":{"@type":"ImageObject","inLanguage":"en-US","@id":"https:\/\/lmf.no\/skagerrak-forlag\/#\/schema\/logo\/image\/","url":"https:\/\/lmf.no\/skagerrak-forlag\/wp-content\/uploads\/2024\/04\/skagerrak-forlag.png","contentUrl":"https:\/\/lmf.no\/skagerrak-forlag\/wp-content\/uploads\/2024\/04\/skagerrak-forlag.png","width":188,"height":47,"caption":"Skagerrak Forlag AS"},"image":{"@id":"https:\/\/lmf.no\/skagerrak-forlag\/#\/schema\/logo\/image\/"}}]}},"_links":{"self":[{"href":"https:\/\/lmf.no\/skagerrak-forlag\/en\/wp-json\/wp\/v2\/product\/246","targetHints":{"allow":["GET"]}}],"collection":[{"href":"https:\/\/lmf.no\/skagerrak-forlag\/en\/wp-json\/wp\/v2\/product"}],"about":[{"href":"https:\/\/lmf.no\/skagerrak-forlag\/en\/wp-json\/wp\/v2\/types\/product"}],"wp:featuredmedia":[{"embeddable":true,"href":"https:\/\/lmf.no\/skagerrak-forlag\/en\/wp-json\/wp\/v2\/media\/1717"}],"wp:attachment":[{"href":"https:\/\/lmf.no\/skagerrak-forlag\/en\/wp-json\/wp\/v2\/media?parent=246"}],"wp:term":[{"taxonomy":"product_brand","embeddable":true,"href":"https:\/\/lmf.no\/skagerrak-forlag\/en\/wp-json\/wp\/v2\/product_brand?post=246"},{"taxonomy":"product_cat","embeddable":true,"href":"https:\/\/lmf.no\/skagerrak-forlag\/en\/wp-json\/wp\/v2\/product_cat?post=246"},{"taxonomy":"product_tag","embeddable":true,"href":"https:\/\/lmf.no\/skagerrak-forlag\/en\/wp-json\/wp\/v2\/product_tag?post=246"}],"curies":[{"name":"wp","href":"https:\/\/api.w.org\/{rel}","templated":true}]}}