{"id":247,"date":"2017-04-13T10:50:16","date_gmt":"2017-04-13T08:50:16","guid":{"rendered":"http:\/\/laeremiddelforlaget.utkast.org\/skagerrak-forlag\/?post_type=product&#038;p=247"},"modified":"2026-01-28T11:58:17","modified_gmt":"2026-01-28T10:58:17","slug":"havneguiden-6-danmark-og-sydvestlige-sverige-3-utg","status":"publish","type":"product","link":"https:\/\/lmf.no\/skagerrak-forlag\/en\/butikk\/havneguidenharbour\/havneguiden-6-danmark-og-sydvestlige-sverige-3-utg\/","title":{"rendered":"Havneguiden 6, Danmark og sydvestlige Sverige, 3. utg"},"content":{"rendered":"<p>Forfatter: Per Hotvedt<br \/>\nISBN: 9788279972051<\/p>\n<p>Harbour Guide 6 describes all anchorages and guest harbours\/marinas in Denmark and the South west coast of Sweden. Bornholm is included in number 7 and not in this book. Each harbour is presented on its own page in the Guide with a detailed chart, aerial photograph, descriptive text and fact box.<\/p>\n<p>The charts include more details of depths than is usual on standard charts and chart plotters. We have also marked the best places to tie up, where the photograph was taken and where you will find the safest fairway.<\/p>\n<p>The aerial photographs and markings provide you with a quick overview of the character of the harbour, its atmosphere, facilities and fairways, danger spots and mooring points. Special skerries and similar and shallows are marked in the photographs.<\/p>\n<p>The texts in this Harbour Guide describe the history of the location and provide you with tips and ideas for the various activities available to you in the harbour. You will also find information about anchorage, sheltered places to lie, how best to moor and what you should pay special attention to.<\/p>\n<p>The texts in Harbour Guide 6 describe the history of the location and provide you with tips and ideas for the various activities available to you in the harbour. You will also find information about anchorage, sheltered places to lie, how best to moor and what you should pay special attention to.<\/p>\n<p>The text is in Danish and Swedish. An automatic generated Google translation can be downloaded here.<\/p>\n<p><a href=\"https:\/\/cdn.flipsnack.com\/widget\/v2\/widget.html?hash=ftu5wcjpo&amp;bgcolor=EEEEEE&amp;t=1523524570\" target=\"_blank\" rel=\"noopener noreferrer\">Preview the book<\/a><\/p>\n<p><a href=\"http:\/\/harbourguide.com\">Harbour Guide Online<\/a><\/p>","protected":false},"excerpt":{"rendered":"<p>Forfatter: Per Hotvedt ISBN: 9788279972051 Harbour Guide 6 describes all anchorages and guest harbours\/marinas in Denmark and the South west coast of Sweden. Bornholm is included<span class=\"excerpt-hellip\"> [\u2026]<\/span><\/p>\n","protected":false},"featured_media":1719,"template":"","meta":{"rs_blank_template":"","rs_page_bg_color":"","slide_template_v7":""},"product_brand":[],"product_cat":[27],"product_tag":[],"class_list":{"0":"post-247","1":"product","2":"type-product","3":"status-publish","4":"has-post-thumbnail","6":"product_cat-havneguidenharbour","8":"first","9":"instock","10":"taxable","11":"shipping-taxable","12":"purchasable","13":"product-type-simple"},"yoast_head":"<!-- This site is optimized with the Yoast SEO plugin v27.4 - https:\/\/yoast.com\/product\/yoast-seo-wordpress\/ -->\n<title>Havneguiden 6, Danmark og sydvestlige Sverige, 3. utg | L\u00e6remiddelforlaget - Skagerrak Forlag AS<\/title>\n<meta name=\"description\" content=\"Denne havneguide d\u00e6kker hele Danmark med undtagelse af Bornholm. Desuden har vi medtaget den svenske vestkyst fra Skan\u00f6r i syd op til G\u00f6teborg i nord.\" \/>\n<meta name=\"robots\" content=\"index, follow, max-snippet:-1, max-image-preview:large, max-video-preview:-1\" \/>\n<link rel=\"canonical\" href=\"https:\/\/lmf.no\/skagerrak-forlag\/butikk\/havneguidenharbour\/havneguiden-6-danmark-og-sydvestlige-sverige-3-utg\/\" \/>\n<meta property=\"og:locale\" content=\"en_US\" \/>\n<meta property=\"og:type\" content=\"article\" \/>\n<meta property=\"og:title\" content=\"[:no]Havneguiden 6, Danmark og sydvestlige Sverige, 4. udgave[:en]Havneguiden 6, Danmark og sydvestlige Sverige, 3. utg[:] | L\u00e6remiddelforlaget - Skagerrak Forlag AS\" \/>\n<meta property=\"og:description\" content=\"Denne havneguide d\u00e6kker hele Danmark med undtagelse af Bornholm. Desuden har vi medtaget den svenske vestkyst fra Skan\u00f6r i syd op til G\u00f6teborg i nord.\" \/>\n<meta property=\"og:url\" content=\"https:\/\/lmf.no\/skagerrak-forlag\/butikk\/havneguidenharbour\/havneguiden-6-danmark-og-sydvestlige-sverige-3-utg\/\" \/>\n<meta property=\"og:site_name\" content=\"L\u00e6remiddelforlaget - Skagerrak Forlag AS\" \/>\n<meta property=\"article:modified_time\" content=\"2026-01-28T10:58:17+00:00\" \/>\n<meta property=\"og:image\" content=\"https:\/\/lmf.no\/skagerrak-forlag\/wp-content\/uploads\/2017\/04\/HG6_forside_dansk.jpg\" \/>\n\t<meta property=\"og:image:width\" content=\"600\" \/>\n\t<meta property=\"og:image:height\" content=\"850\" \/>\n\t<meta property=\"og:image:type\" content=\"image\/jpeg\" \/>\n<meta name=\"twitter:card\" content=\"summary_large_image\" \/>\n<meta name=\"twitter:label1\" content=\"Est. reading time\" \/>\n\t<meta name=\"twitter:data1\" content=\"2 minutes\" \/>\n<script type=\"application\/ld+json\" class=\"yoast-schema-graph\">{\"@context\":\"https:\\\/\\\/schema.org\",\"@graph\":[{\"@type\":\"WebPage\",\"@id\":\"https:\\\/\\\/lmf.no\\\/skagerrak-forlag\\\/butikk\\\/havneguidenharbour\\\/havneguiden-6-danmark-og-sydvestlige-sverige-3-utg\\\/\",\"url\":\"https:\\\/\\\/lmf.no\\\/skagerrak-forlag\\\/butikk\\\/havneguidenharbour\\\/havneguiden-6-danmark-og-sydvestlige-sverige-3-utg\\\/\",\"name\":\"[:no]Havneguiden 6, Danmark og sydvestlige Sverige, 4. udgave[:en]Havneguiden 6, Danmark og sydvestlige Sverige, 3. utg[:] | L\u00e6remiddelforlaget - Skagerrak Forlag AS\",\"isPartOf\":{\"@id\":\"https:\\\/\\\/lmf.no\\\/skagerrak-forlag\\\/#website\"},\"primaryImageOfPage\":{\"@id\":\"https:\\\/\\\/lmf.no\\\/skagerrak-forlag\\\/butikk\\\/havneguidenharbour\\\/havneguiden-6-danmark-og-sydvestlige-sverige-3-utg\\\/#primaryimage\"},\"image\":{\"@id\":\"https:\\\/\\\/lmf.no\\\/skagerrak-forlag\\\/butikk\\\/havneguidenharbour\\\/havneguiden-6-danmark-og-sydvestlige-sverige-3-utg\\\/#primaryimage\"},\"thumbnailUrl\":\"https:\\\/\\\/lmf.no\\\/skagerrak-forlag\\\/wp-content\\\/uploads\\\/2017\\\/04\\\/HG6_forside_dansk.jpg\",\"datePublished\":\"2017-04-13T08:50:16+00:00\",\"dateModified\":\"2026-01-28T10:58:17+00:00\",\"description\":\"Denne havneguide d\u00e6kker hele Danmark med undtagelse af Bornholm. Desuden har vi medtaget den svenske vestkyst fra Skan\u00f6r i syd op til G\u00f6teborg i nord.\",\"breadcrumb\":{\"@id\":\"https:\\\/\\\/lmf.no\\\/skagerrak-forlag\\\/butikk\\\/havneguidenharbour\\\/havneguiden-6-danmark-og-sydvestlige-sverige-3-utg\\\/#breadcrumb\"},\"inLanguage\":\"en-US\",\"potentialAction\":[{\"@type\":\"ReadAction\",\"target\":[\"https:\\\/\\\/lmf.no\\\/skagerrak-forlag\\\/butikk\\\/havneguidenharbour\\\/havneguiden-6-danmark-og-sydvestlige-sverige-3-utg\\\/\"]}]},{\"@type\":\"ImageObject\",\"inLanguage\":\"en-US\",\"@id\":\"https:\\\/\\\/lmf.no\\\/skagerrak-forlag\\\/butikk\\\/havneguidenharbour\\\/havneguiden-6-danmark-og-sydvestlige-sverige-3-utg\\\/#primaryimage\",\"url\":\"https:\\\/\\\/lmf.no\\\/skagerrak-forlag\\\/wp-content\\\/uploads\\\/2017\\\/04\\\/HG6_forside_dansk.jpg\",\"contentUrl\":\"https:\\\/\\\/lmf.no\\\/skagerrak-forlag\\\/wp-content\\\/uploads\\\/2017\\\/04\\\/HG6_forside_dansk.jpg\",\"width\":600,\"height\":850},{\"@type\":\"BreadcrumbList\",\"@id\":\"https:\\\/\\\/lmf.no\\\/skagerrak-forlag\\\/butikk\\\/havneguidenharbour\\\/havneguiden-6-danmark-og-sydvestlige-sverige-3-utg\\\/#breadcrumb\",\"itemListElement\":[{\"@type\":\"ListItem\",\"position\":1,\"name\":\"Hjem\",\"item\":\"https:\\\/\\\/lmf.no\\\/skagerrak-forlag\\\/\"},{\"@type\":\"ListItem\",\"position\":2,\"name\":\"Butikk\",\"item\":\"https:\\\/\\\/lmf.no\\\/skagerrak-forlag\\\/butikk-2\\\/\"},{\"@type\":\"ListItem\",\"position\":3,\"name\":\"Havneguiden 6, Danmark og sydvestlige Sverige, 4. udgave\"}]},{\"@type\":\"WebSite\",\"@id\":\"https:\\\/\\\/lmf.no\\\/skagerrak-forlag\\\/#website\",\"url\":\"https:\\\/\\\/lmf.no\\\/skagerrak-forlag\\\/\",\"name\":\"Skagerrak Forlag AS\",\"description\":\"Utgivelse av l\u00e6reb\u00f8ker\",\"publisher\":{\"@id\":\"https:\\\/\\\/lmf.no\\\/skagerrak-forlag\\\/#organization\"},\"alternateName\":\"L\u00e6remiddelforlaget - Skagerrak Forlag AS\",\"potentialAction\":[{\"@type\":\"SearchAction\",\"target\":{\"@type\":\"EntryPoint\",\"urlTemplate\":\"https:\\\/\\\/lmf.no\\\/skagerrak-forlag\\\/?s={search_term_string}\"},\"query-input\":{\"@type\":\"PropertyValueSpecification\",\"valueRequired\":true,\"valueName\":\"search_term_string\"}}],\"inLanguage\":\"en-US\"},{\"@type\":\"Organization\",\"@id\":\"https:\\\/\\\/lmf.no\\\/skagerrak-forlag\\\/#organization\",\"name\":\"Skagerrak Forlag AS\",\"alternateName\":\"L\u00e6remiddelforlaget - Skagerrak Forlag\",\"url\":\"https:\\\/\\\/lmf.no\\\/skagerrak-forlag\\\/\",\"logo\":{\"@type\":\"ImageObject\",\"inLanguage\":\"en-US\",\"@id\":\"https:\\\/\\\/lmf.no\\\/skagerrak-forlag\\\/#\\\/schema\\\/logo\\\/image\\\/\",\"url\":\"https:\\\/\\\/lmf.no\\\/skagerrak-forlag\\\/wp-content\\\/uploads\\\/2024\\\/04\\\/skagerrak-forlag.png\",\"contentUrl\":\"https:\\\/\\\/lmf.no\\\/skagerrak-forlag\\\/wp-content\\\/uploads\\\/2024\\\/04\\\/skagerrak-forlag.png\",\"width\":188,\"height\":47,\"caption\":\"Skagerrak Forlag AS\"},\"image\":{\"@id\":\"https:\\\/\\\/lmf.no\\\/skagerrak-forlag\\\/#\\\/schema\\\/logo\\\/image\\\/\"}}]}<\/script>\n<!-- \/ Yoast SEO plugin. -->","yoast_head_json":{"title":"[:no]Havneguiden 6, Danmark og sydvestlige Sverige, 4. udgave[:en]Havneguiden 6, Danmark og sydvestlige Sverige, 3. utg[:] | L\u00e6remiddelforlaget - Skagerrak Forlag AS","description":"Denne havneguide d\u00e6kker hele Danmark med undtagelse af Bornholm. Desuden har vi medtaget den svenske vestkyst fra Skan\u00f6r i syd op til G\u00f6teborg i nord.","robots":{"index":"index","follow":"follow","max-snippet":"max-snippet:-1","max-image-preview":"max-image-preview:large","max-video-preview":"max-video-preview:-1"},"canonical":"https:\/\/lmf.no\/skagerrak-forlag\/butikk\/havneguidenharbour\/havneguiden-6-danmark-og-sydvestlige-sverige-3-utg\/","og_locale":"en_US","og_type":"article","og_title":"[:no]Havneguiden 6, Danmark og sydvestlige Sverige, 4. udgave[:en]Havneguiden 6, Danmark og sydvestlige Sverige, 3. utg[:] | L\u00e6remiddelforlaget - Skagerrak Forlag AS","og_description":"Denne havneguide d\u00e6kker hele Danmark med undtagelse af Bornholm. Desuden har vi medtaget den svenske vestkyst fra Skan\u00f6r i syd op til G\u00f6teborg i nord.","og_url":"https:\/\/lmf.no\/skagerrak-forlag\/butikk\/havneguidenharbour\/havneguiden-6-danmark-og-sydvestlige-sverige-3-utg\/","og_site_name":"L\u00e6remiddelforlaget - Skagerrak Forlag AS","article_modified_time":"2026-01-28T10:58:17+00:00","og_image":[{"width":600,"height":850,"url":"https:\/\/lmf.no\/skagerrak-forlag\/wp-content\/uploads\/2017\/04\/HG6_forside_dansk.jpg","type":"image\/jpeg"}],"twitter_card":"summary_large_image","twitter_misc":{"Est. reading time":"2 minutes"},"schema":{"@context":"https:\/\/schema.org","@graph":[{"@type":"WebPage","@id":"https:\/\/lmf.no\/skagerrak-forlag\/butikk\/havneguidenharbour\/havneguiden-6-danmark-og-sydvestlige-sverige-3-utg\/","url":"https:\/\/lmf.no\/skagerrak-forlag\/butikk\/havneguidenharbour\/havneguiden-6-danmark-og-sydvestlige-sverige-3-utg\/","name":"[:no]Havneguiden 6, Danmark og sydvestlige Sverige, 4. udgave[:en]Havneguiden 6, Danmark og sydvestlige Sverige, 3. utg[:] | L\u00e6remiddelforlaget - Skagerrak Forlag AS","isPartOf":{"@id":"https:\/\/lmf.no\/skagerrak-forlag\/#website"},"primaryImageOfPage":{"@id":"https:\/\/lmf.no\/skagerrak-forlag\/butikk\/havneguidenharbour\/havneguiden-6-danmark-og-sydvestlige-sverige-3-utg\/#primaryimage"},"image":{"@id":"https:\/\/lmf.no\/skagerrak-forlag\/butikk\/havneguidenharbour\/havneguiden-6-danmark-og-sydvestlige-sverige-3-utg\/#primaryimage"},"thumbnailUrl":"https:\/\/lmf.no\/skagerrak-forlag\/wp-content\/uploads\/2017\/04\/HG6_forside_dansk.jpg","datePublished":"2017-04-13T08:50:16+00:00","dateModified":"2026-01-28T10:58:17+00:00","description":"Denne havneguide d\u00e6kker hele Danmark med undtagelse af Bornholm. Desuden har vi medtaget den svenske vestkyst fra Skan\u00f6r i syd op til G\u00f6teborg i nord.","breadcrumb":{"@id":"https:\/\/lmf.no\/skagerrak-forlag\/butikk\/havneguidenharbour\/havneguiden-6-danmark-og-sydvestlige-sverige-3-utg\/#breadcrumb"},"inLanguage":"en-US","potentialAction":[{"@type":"ReadAction","target":["https:\/\/lmf.no\/skagerrak-forlag\/butikk\/havneguidenharbour\/havneguiden-6-danmark-og-sydvestlige-sverige-3-utg\/"]}]},{"@type":"ImageObject","inLanguage":"en-US","@id":"https:\/\/lmf.no\/skagerrak-forlag\/butikk\/havneguidenharbour\/havneguiden-6-danmark-og-sydvestlige-sverige-3-utg\/#primaryimage","url":"https:\/\/lmf.no\/skagerrak-forlag\/wp-content\/uploads\/2017\/04\/HG6_forside_dansk.jpg","contentUrl":"https:\/\/lmf.no\/skagerrak-forlag\/wp-content\/uploads\/2017\/04\/HG6_forside_dansk.jpg","width":600,"height":850},{"@type":"BreadcrumbList","@id":"https:\/\/lmf.no\/skagerrak-forlag\/butikk\/havneguidenharbour\/havneguiden-6-danmark-og-sydvestlige-sverige-3-utg\/#breadcrumb","itemListElement":[{"@type":"ListItem","position":1,"name":"Hjem","item":"https:\/\/lmf.no\/skagerrak-forlag\/"},{"@type":"ListItem","position":2,"name":"Butikk","item":"https:\/\/lmf.no\/skagerrak-forlag\/butikk-2\/"},{"@type":"ListItem","position":3,"name":"Havneguiden 6, Danmark og sydvestlige Sverige, 4. udgave"}]},{"@type":"WebSite","@id":"https:\/\/lmf.no\/skagerrak-forlag\/#website","url":"https:\/\/lmf.no\/skagerrak-forlag\/","name":"Skagerrak Forlag AS","description":"Utgivelse av l\u00e6reb\u00f8ker","publisher":{"@id":"https:\/\/lmf.no\/skagerrak-forlag\/#organization"},"alternateName":"L\u00e6remiddelforlaget - Skagerrak Forlag AS","potentialAction":[{"@type":"SearchAction","target":{"@type":"EntryPoint","urlTemplate":"https:\/\/lmf.no\/skagerrak-forlag\/?s={search_term_string}"},"query-input":{"@type":"PropertyValueSpecification","valueRequired":true,"valueName":"search_term_string"}}],"inLanguage":"en-US"},{"@type":"Organization","@id":"https:\/\/lmf.no\/skagerrak-forlag\/#organization","name":"Skagerrak Forlag AS","alternateName":"L\u00e6remiddelforlaget - Skagerrak Forlag","url":"https:\/\/lmf.no\/skagerrak-forlag\/","logo":{"@type":"ImageObject","inLanguage":"en-US","@id":"https:\/\/lmf.no\/skagerrak-forlag\/#\/schema\/logo\/image\/","url":"https:\/\/lmf.no\/skagerrak-forlag\/wp-content\/uploads\/2024\/04\/skagerrak-forlag.png","contentUrl":"https:\/\/lmf.no\/skagerrak-forlag\/wp-content\/uploads\/2024\/04\/skagerrak-forlag.png","width":188,"height":47,"caption":"Skagerrak Forlag AS"},"image":{"@id":"https:\/\/lmf.no\/skagerrak-forlag\/#\/schema\/logo\/image\/"}}]}},"_links":{"self":[{"href":"https:\/\/lmf.no\/skagerrak-forlag\/en\/wp-json\/wp\/v2\/product\/247","targetHints":{"allow":["GET"]}}],"collection":[{"href":"https:\/\/lmf.no\/skagerrak-forlag\/en\/wp-json\/wp\/v2\/product"}],"about":[{"href":"https:\/\/lmf.no\/skagerrak-forlag\/en\/wp-json\/wp\/v2\/types\/product"}],"wp:featuredmedia":[{"embeddable":true,"href":"https:\/\/lmf.no\/skagerrak-forlag\/en\/wp-json\/wp\/v2\/media\/1719"}],"wp:attachment":[{"href":"https:\/\/lmf.no\/skagerrak-forlag\/en\/wp-json\/wp\/v2\/media?parent=247"}],"wp:term":[{"taxonomy":"product_brand","embeddable":true,"href":"https:\/\/lmf.no\/skagerrak-forlag\/en\/wp-json\/wp\/v2\/product_brand?post=247"},{"taxonomy":"product_cat","embeddable":true,"href":"https:\/\/lmf.no\/skagerrak-forlag\/en\/wp-json\/wp\/v2\/product_cat?post=247"},{"taxonomy":"product_tag","embeddable":true,"href":"https:\/\/lmf.no\/skagerrak-forlag\/en\/wp-json\/wp\/v2\/product_tag?post=247"}],"curies":[{"name":"wp","href":"https:\/\/api.w.org\/{rel}","templated":true}]}}