{"id":249,"date":"2017-04-13T10:54:30","date_gmt":"2017-04-13T08:54:30","guid":{"rendered":"http:\/\/laeremiddelforlaget.utkast.org\/skagerrak-forlag\/?post_type=product&#038;p=249"},"modified":"2026-01-28T11:58:17","modified_gmt":"2026-01-28T10:58:17","slug":"hamnguiden-7-soderkoping-skanor-gotland-oland-och-bornholm","status":"publish","type":"product","link":"https:\/\/lmf.no\/skagerrak-forlag\/en\/butikk\/havneguidenharbour\/hamnguiden-7-soderkoping-skanor-gotland-oland-och-bornholm\/","title":{"rendered":"Hamnguiden 7, S\u00f6derk\u00f6ping &#8211; Skan\u00f6r, Gotland, \u00d6land och Bornholm"},"content":{"rendered":"<p>Forfatter: Per Hotvedt<br \/>\nISBN: 9788292284360<\/p>\n<p>Harbour Guide 7 describes all anchorages and guest harbours\/marinas from S\u00f6derk\u00f6ping \u2013 Skan\u00f6r including the islands Bornholm, \u00d6land and Gotland. Each harbour is presented on its own page in the Guide with a detailed chart, aerial photograph, descriptive text and fact box.<\/p>\n<p>The charts include more details of depths than is usual on standard charts and chart plotters. We have also marked the best places to tie up, where the photograph was taken and where you will find the safest fairway.<\/p>\n<p>The texts in Harbour Guide 7 describe the history of the location and provide you with tips and ideas for the various activities available to you in the harbour. You will also find information about anchorage, sheltered places to lie, how best to moor and what you should pay special attention to.<\/p>\n<p>The aerial photographs and markings provide you with a quick overview of the character of the harbour, its atmosphere, facilities and fairways, danger spots and mooring points. Special skerries and similar and shallows are marked in the photographs.<\/p>\n<p>The texts in Harbour Guide 7 describe the history of the location and provide you with tips and ideas for the various activities available to you in the harbour. You will also find information about anchorage, sheltered places to lie, how best to moor and what you should pay special attention to.<\/p>\n<p>The fact boxes provide you with a quick overview of the harbour facilities, useful Internet addresses and telephone numbers.<\/p>\n<p>The text is in Danish and Swedish. An automatic generated Google translation can be downloaded here.<\/p>\n<p><a href=\"http:\/\/harbourguide.com\">Harbour Guide Online<\/a><\/p>","protected":false},"excerpt":{"rendered":"<p>Forfatter: Per Hotvedt ISBN: 9788292284360 Harbour Guide 7 describes all anchorages and guest harbours\/marinas from S\u00f6derk\u00f6ping \u2013 Skan\u00f6r including the islands Bornholm, \u00d6land and Gotland. Each<span class=\"excerpt-hellip\"> [\u2026]<\/span><\/p>\n","protected":false},"featured_media":1977,"template":"","meta":{"rs_blank_template":"","rs_page_bg_color":"","slide_template_v7":""},"product_brand":[],"product_cat":[27],"product_tag":[],"class_list":{"0":"post-249","1":"product","2":"type-product","3":"status-publish","4":"has-post-thumbnail","6":"product_cat-havneguidenharbour","8":"first","9":"instock","10":"taxable","11":"shipping-taxable","12":"purchasable","13":"product-type-simple"},"yoast_head":"<!-- This site is optimized with the Yoast SEO plugin v27.5 - https:\/\/yoast.com\/product\/yoast-seo-wordpress\/ -->\n<title>Hamnguiden 7, S\u00f6derk\u00f6ping - Skan\u00f6r, Gotland, \u00d6land och Bornholm | L\u00e6remiddelforlaget - Skagerrak Forlag AS<\/title>\n<meta name=\"description\" content=\"Det har publicerats m\u00e5nga Hamnguider \u00f6ver den svenska ostkusten genom \u00e5ren, men ingen s\u00e5 fullmatad och komplett som denna.\" \/>\n<meta name=\"robots\" content=\"index, follow, max-snippet:-1, max-image-preview:large, max-video-preview:-1\" \/>\n<link rel=\"canonical\" href=\"https:\/\/lmf.no\/skagerrak-forlag\/butikk\/havneguidenharbour\/hamnguiden-7-soderkoping-skanor-gotland-oland-och-bornholm\/\" \/>\n<meta property=\"og:locale\" content=\"en_US\" \/>\n<meta property=\"og:type\" content=\"article\" \/>\n<meta property=\"og:title\" content=\"[:no]Hamnguiden 7 Landsort - Skan\u00f6r, \u00d6land, Gotland &amp; Bornholm, utg\u00e5va 3[:en]Hamnguiden 7, S\u00f6derk\u00f6ping - Skan\u00f6r, Gotland, \u00d6land och Bornholm[:] | L\u00e6remiddelforlaget - Skagerrak Forlag AS\" \/>\n<meta property=\"og:description\" content=\"Det har publicerats m\u00e5nga Hamnguider \u00f6ver den svenska ostkusten genom \u00e5ren, men ingen s\u00e5 fullmatad och komplett som denna.\" \/>\n<meta property=\"og:url\" content=\"https:\/\/lmf.no\/skagerrak-forlag\/butikk\/havneguidenharbour\/hamnguiden-7-soderkoping-skanor-gotland-oland-och-bornholm\/\" \/>\n<meta property=\"og:site_name\" content=\"L\u00e6remiddelforlaget - Skagerrak Forlag AS\" \/>\n<meta property=\"article:modified_time\" content=\"2026-01-28T10:58:17+00:00\" \/>\n<meta property=\"og:image\" content=\"https:\/\/lmf.no\/skagerrak-forlag\/wp-content\/uploads\/2017\/04\/HG7-forside.jpg\" \/>\n\t<meta property=\"og:image:width\" content=\"595\" \/>\n\t<meta property=\"og:image:height\" content=\"842\" \/>\n\t<meta property=\"og:image:type\" content=\"image\/jpeg\" \/>\n<meta name=\"twitter:card\" content=\"summary_large_image\" \/>\n<meta name=\"twitter:label1\" content=\"Est. reading time\" \/>\n\t<meta name=\"twitter:data1\" content=\"3 minutes\" \/>\n<script type=\"application\/ld+json\" class=\"yoast-schema-graph\">{\"@context\":\"https:\\\/\\\/schema.org\",\"@graph\":[{\"@type\":\"WebPage\",\"@id\":\"https:\\\/\\\/lmf.no\\\/skagerrak-forlag\\\/butikk\\\/havneguidenharbour\\\/hamnguiden-7-soderkoping-skanor-gotland-oland-och-bornholm\\\/\",\"url\":\"https:\\\/\\\/lmf.no\\\/skagerrak-forlag\\\/butikk\\\/havneguidenharbour\\\/hamnguiden-7-soderkoping-skanor-gotland-oland-och-bornholm\\\/\",\"name\":\"[:no]Hamnguiden 7 Landsort - Skan\u00f6r, \u00d6land, Gotland & Bornholm, utg\u00e5va 3[:en]Hamnguiden 7, S\u00f6derk\u00f6ping - Skan\u00f6r, Gotland, \u00d6land och Bornholm[:] | L\u00e6remiddelforlaget - Skagerrak Forlag AS\",\"isPartOf\":{\"@id\":\"https:\\\/\\\/lmf.no\\\/skagerrak-forlag\\\/#website\"},\"primaryImageOfPage\":{\"@id\":\"https:\\\/\\\/lmf.no\\\/skagerrak-forlag\\\/butikk\\\/havneguidenharbour\\\/hamnguiden-7-soderkoping-skanor-gotland-oland-och-bornholm\\\/#primaryimage\"},\"image\":{\"@id\":\"https:\\\/\\\/lmf.no\\\/skagerrak-forlag\\\/butikk\\\/havneguidenharbour\\\/hamnguiden-7-soderkoping-skanor-gotland-oland-och-bornholm\\\/#primaryimage\"},\"thumbnailUrl\":\"https:\\\/\\\/lmf.no\\\/skagerrak-forlag\\\/wp-content\\\/uploads\\\/2017\\\/04\\\/HG7-forside.jpg\",\"datePublished\":\"2017-04-13T08:54:30+00:00\",\"dateModified\":\"2026-01-28T10:58:17+00:00\",\"description\":\"Det har publicerats m\u00e5nga Hamnguider \u00f6ver den svenska ostkusten genom \u00e5ren, men ingen s\u00e5 fullmatad och komplett som denna.\",\"breadcrumb\":{\"@id\":\"https:\\\/\\\/lmf.no\\\/skagerrak-forlag\\\/butikk\\\/havneguidenharbour\\\/hamnguiden-7-soderkoping-skanor-gotland-oland-och-bornholm\\\/#breadcrumb\"},\"inLanguage\":\"en-US\",\"potentialAction\":[{\"@type\":\"ReadAction\",\"target\":[\"https:\\\/\\\/lmf.no\\\/skagerrak-forlag\\\/butikk\\\/havneguidenharbour\\\/hamnguiden-7-soderkoping-skanor-gotland-oland-och-bornholm\\\/\"]}]},{\"@type\":\"ImageObject\",\"inLanguage\":\"en-US\",\"@id\":\"https:\\\/\\\/lmf.no\\\/skagerrak-forlag\\\/butikk\\\/havneguidenharbour\\\/hamnguiden-7-soderkoping-skanor-gotland-oland-och-bornholm\\\/#primaryimage\",\"url\":\"https:\\\/\\\/lmf.no\\\/skagerrak-forlag\\\/wp-content\\\/uploads\\\/2017\\\/04\\\/HG7-forside.jpg\",\"contentUrl\":\"https:\\\/\\\/lmf.no\\\/skagerrak-forlag\\\/wp-content\\\/uploads\\\/2017\\\/04\\\/HG7-forside.jpg\",\"width\":595,\"height\":842},{\"@type\":\"BreadcrumbList\",\"@id\":\"https:\\\/\\\/lmf.no\\\/skagerrak-forlag\\\/butikk\\\/havneguidenharbour\\\/hamnguiden-7-soderkoping-skanor-gotland-oland-och-bornholm\\\/#breadcrumb\",\"itemListElement\":[{\"@type\":\"ListItem\",\"position\":1,\"name\":\"Hjem\",\"item\":\"https:\\\/\\\/lmf.no\\\/skagerrak-forlag\\\/\"},{\"@type\":\"ListItem\",\"position\":2,\"name\":\"Butikk\",\"item\":\"https:\\\/\\\/lmf.no\\\/skagerrak-forlag\\\/butikk-2\\\/\"},{\"@type\":\"ListItem\",\"position\":3,\"name\":\"Hamnguiden 7 Landsort &#8211; Skan\u00f6r, \u00d6land, Gotland &#038; Bornholm, utg\u00e5va 3\"}]},{\"@type\":\"WebSite\",\"@id\":\"https:\\\/\\\/lmf.no\\\/skagerrak-forlag\\\/#website\",\"url\":\"https:\\\/\\\/lmf.no\\\/skagerrak-forlag\\\/\",\"name\":\"Skagerrak Forlag AS\",\"description\":\"Utgivelse av l\u00e6reb\u00f8ker\",\"publisher\":{\"@id\":\"https:\\\/\\\/lmf.no\\\/skagerrak-forlag\\\/#organization\"},\"alternateName\":\"L\u00e6remiddelforlaget - Skagerrak Forlag AS\",\"potentialAction\":[{\"@type\":\"SearchAction\",\"target\":{\"@type\":\"EntryPoint\",\"urlTemplate\":\"https:\\\/\\\/lmf.no\\\/skagerrak-forlag\\\/?s={search_term_string}\"},\"query-input\":{\"@type\":\"PropertyValueSpecification\",\"valueRequired\":true,\"valueName\":\"search_term_string\"}}],\"inLanguage\":\"en-US\"},{\"@type\":\"Organization\",\"@id\":\"https:\\\/\\\/lmf.no\\\/skagerrak-forlag\\\/#organization\",\"name\":\"Skagerrak Forlag AS\",\"alternateName\":\"L\u00e6remiddelforlaget - Skagerrak Forlag\",\"url\":\"https:\\\/\\\/lmf.no\\\/skagerrak-forlag\\\/\",\"logo\":{\"@type\":\"ImageObject\",\"inLanguage\":\"en-US\",\"@id\":\"https:\\\/\\\/lmf.no\\\/skagerrak-forlag\\\/#\\\/schema\\\/logo\\\/image\\\/\",\"url\":\"https:\\\/\\\/lmf.no\\\/skagerrak-forlag\\\/wp-content\\\/uploads\\\/2024\\\/04\\\/skagerrak-forlag.png\",\"contentUrl\":\"https:\\\/\\\/lmf.no\\\/skagerrak-forlag\\\/wp-content\\\/uploads\\\/2024\\\/04\\\/skagerrak-forlag.png\",\"width\":188,\"height\":47,\"caption\":\"Skagerrak Forlag AS\"},\"image\":{\"@id\":\"https:\\\/\\\/lmf.no\\\/skagerrak-forlag\\\/#\\\/schema\\\/logo\\\/image\\\/\"}}]}<\/script>\n<!-- \/ Yoast SEO plugin. -->","yoast_head_json":{"title":"[:no]Hamnguiden 7 Landsort - Skan\u00f6r, \u00d6land, Gotland & Bornholm, utg\u00e5va 3[:en]Hamnguiden 7, S\u00f6derk\u00f6ping - Skan\u00f6r, Gotland, \u00d6land och Bornholm[:] | L\u00e6remiddelforlaget - Skagerrak Forlag AS","description":"Det har publicerats m\u00e5nga Hamnguider \u00f6ver den svenska ostkusten genom \u00e5ren, men ingen s\u00e5 fullmatad och komplett som denna.","robots":{"index":"index","follow":"follow","max-snippet":"max-snippet:-1","max-image-preview":"max-image-preview:large","max-video-preview":"max-video-preview:-1"},"canonical":"https:\/\/lmf.no\/skagerrak-forlag\/butikk\/havneguidenharbour\/hamnguiden-7-soderkoping-skanor-gotland-oland-och-bornholm\/","og_locale":"en_US","og_type":"article","og_title":"[:no]Hamnguiden 7 Landsort - Skan\u00f6r, \u00d6land, Gotland & Bornholm, utg\u00e5va 3[:en]Hamnguiden 7, S\u00f6derk\u00f6ping - Skan\u00f6r, Gotland, \u00d6land och Bornholm[:] | L\u00e6remiddelforlaget - Skagerrak Forlag AS","og_description":"Det har publicerats m\u00e5nga Hamnguider \u00f6ver den svenska ostkusten genom \u00e5ren, men ingen s\u00e5 fullmatad och komplett som denna.","og_url":"https:\/\/lmf.no\/skagerrak-forlag\/butikk\/havneguidenharbour\/hamnguiden-7-soderkoping-skanor-gotland-oland-och-bornholm\/","og_site_name":"L\u00e6remiddelforlaget - Skagerrak Forlag AS","article_modified_time":"2026-01-28T10:58:17+00:00","og_image":[{"width":595,"height":842,"url":"https:\/\/lmf.no\/skagerrak-forlag\/wp-content\/uploads\/2017\/04\/HG7-forside.jpg","type":"image\/jpeg"}],"twitter_card":"summary_large_image","twitter_misc":{"Est. reading time":"3 minutes"},"schema":{"@context":"https:\/\/schema.org","@graph":[{"@type":"WebPage","@id":"https:\/\/lmf.no\/skagerrak-forlag\/butikk\/havneguidenharbour\/hamnguiden-7-soderkoping-skanor-gotland-oland-och-bornholm\/","url":"https:\/\/lmf.no\/skagerrak-forlag\/butikk\/havneguidenharbour\/hamnguiden-7-soderkoping-skanor-gotland-oland-och-bornholm\/","name":"[:no]Hamnguiden 7 Landsort - Skan\u00f6r, \u00d6land, Gotland & Bornholm, utg\u00e5va 3[:en]Hamnguiden 7, S\u00f6derk\u00f6ping - Skan\u00f6r, Gotland, \u00d6land och Bornholm[:] | L\u00e6remiddelforlaget - Skagerrak Forlag AS","isPartOf":{"@id":"https:\/\/lmf.no\/skagerrak-forlag\/#website"},"primaryImageOfPage":{"@id":"https:\/\/lmf.no\/skagerrak-forlag\/butikk\/havneguidenharbour\/hamnguiden-7-soderkoping-skanor-gotland-oland-och-bornholm\/#primaryimage"},"image":{"@id":"https:\/\/lmf.no\/skagerrak-forlag\/butikk\/havneguidenharbour\/hamnguiden-7-soderkoping-skanor-gotland-oland-och-bornholm\/#primaryimage"},"thumbnailUrl":"https:\/\/lmf.no\/skagerrak-forlag\/wp-content\/uploads\/2017\/04\/HG7-forside.jpg","datePublished":"2017-04-13T08:54:30+00:00","dateModified":"2026-01-28T10:58:17+00:00","description":"Det har publicerats m\u00e5nga Hamnguider \u00f6ver den svenska ostkusten genom \u00e5ren, men ingen s\u00e5 fullmatad och komplett som denna.","breadcrumb":{"@id":"https:\/\/lmf.no\/skagerrak-forlag\/butikk\/havneguidenharbour\/hamnguiden-7-soderkoping-skanor-gotland-oland-och-bornholm\/#breadcrumb"},"inLanguage":"en-US","potentialAction":[{"@type":"ReadAction","target":["https:\/\/lmf.no\/skagerrak-forlag\/butikk\/havneguidenharbour\/hamnguiden-7-soderkoping-skanor-gotland-oland-och-bornholm\/"]}]},{"@type":"ImageObject","inLanguage":"en-US","@id":"https:\/\/lmf.no\/skagerrak-forlag\/butikk\/havneguidenharbour\/hamnguiden-7-soderkoping-skanor-gotland-oland-och-bornholm\/#primaryimage","url":"https:\/\/lmf.no\/skagerrak-forlag\/wp-content\/uploads\/2017\/04\/HG7-forside.jpg","contentUrl":"https:\/\/lmf.no\/skagerrak-forlag\/wp-content\/uploads\/2017\/04\/HG7-forside.jpg","width":595,"height":842},{"@type":"BreadcrumbList","@id":"https:\/\/lmf.no\/skagerrak-forlag\/butikk\/havneguidenharbour\/hamnguiden-7-soderkoping-skanor-gotland-oland-och-bornholm\/#breadcrumb","itemListElement":[{"@type":"ListItem","position":1,"name":"Hjem","item":"https:\/\/lmf.no\/skagerrak-forlag\/"},{"@type":"ListItem","position":2,"name":"Butikk","item":"https:\/\/lmf.no\/skagerrak-forlag\/butikk-2\/"},{"@type":"ListItem","position":3,"name":"Hamnguiden 7 Landsort &#8211; Skan\u00f6r, \u00d6land, Gotland &#038; Bornholm, utg\u00e5va 3"}]},{"@type":"WebSite","@id":"https:\/\/lmf.no\/skagerrak-forlag\/#website","url":"https:\/\/lmf.no\/skagerrak-forlag\/","name":"Skagerrak Forlag AS","description":"Utgivelse av l\u00e6reb\u00f8ker","publisher":{"@id":"https:\/\/lmf.no\/skagerrak-forlag\/#organization"},"alternateName":"L\u00e6remiddelforlaget - Skagerrak Forlag AS","potentialAction":[{"@type":"SearchAction","target":{"@type":"EntryPoint","urlTemplate":"https:\/\/lmf.no\/skagerrak-forlag\/?s={search_term_string}"},"query-input":{"@type":"PropertyValueSpecification","valueRequired":true,"valueName":"search_term_string"}}],"inLanguage":"en-US"},{"@type":"Organization","@id":"https:\/\/lmf.no\/skagerrak-forlag\/#organization","name":"Skagerrak Forlag AS","alternateName":"L\u00e6remiddelforlaget - Skagerrak Forlag","url":"https:\/\/lmf.no\/skagerrak-forlag\/","logo":{"@type":"ImageObject","inLanguage":"en-US","@id":"https:\/\/lmf.no\/skagerrak-forlag\/#\/schema\/logo\/image\/","url":"https:\/\/lmf.no\/skagerrak-forlag\/wp-content\/uploads\/2024\/04\/skagerrak-forlag.png","contentUrl":"https:\/\/lmf.no\/skagerrak-forlag\/wp-content\/uploads\/2024\/04\/skagerrak-forlag.png","width":188,"height":47,"caption":"Skagerrak Forlag AS"},"image":{"@id":"https:\/\/lmf.no\/skagerrak-forlag\/#\/schema\/logo\/image\/"}}]}},"_links":{"self":[{"href":"https:\/\/lmf.no\/skagerrak-forlag\/en\/wp-json\/wp\/v2\/product\/249","targetHints":{"allow":["GET"]}}],"collection":[{"href":"https:\/\/lmf.no\/skagerrak-forlag\/en\/wp-json\/wp\/v2\/product"}],"about":[{"href":"https:\/\/lmf.no\/skagerrak-forlag\/en\/wp-json\/wp\/v2\/types\/product"}],"wp:featuredmedia":[{"embeddable":true,"href":"https:\/\/lmf.no\/skagerrak-forlag\/en\/wp-json\/wp\/v2\/media\/1977"}],"wp:attachment":[{"href":"https:\/\/lmf.no\/skagerrak-forlag\/en\/wp-json\/wp\/v2\/media?parent=249"}],"wp:term":[{"taxonomy":"product_brand","embeddable":true,"href":"https:\/\/lmf.no\/skagerrak-forlag\/en\/wp-json\/wp\/v2\/product_brand?post=249"},{"taxonomy":"product_cat","embeddable":true,"href":"https:\/\/lmf.no\/skagerrak-forlag\/en\/wp-json\/wp\/v2\/product_cat?post=249"},{"taxonomy":"product_tag","embeddable":true,"href":"https:\/\/lmf.no\/skagerrak-forlag\/en\/wp-json\/wp\/v2\/product_tag?post=249"}],"curies":[{"name":"wp","href":"https:\/\/api.w.org\/{rel}","templated":true}]}}