{"id":255,"date":"2017-04-13T10:56:30","date_gmt":"2017-04-13T08:56:30","guid":{"rendered":"http:\/\/laeremiddelforlaget.utkast.org\/skagerrak-forlag\/?post_type=product&#038;p=255"},"modified":"2026-01-28T11:58:09","modified_gmt":"2026-01-28T10:58:09","slug":"hamnguiden-9-gota-kanal-med-vanern-och-vattern","status":"publish","type":"product","link":"https:\/\/lmf.no\/skagerrak-forlag\/en\/butikk\/havneguidenharbour\/hamnguiden-9-gota-kanal-med-vanern-och-vattern\/","title":{"rendered":"Hamnguiden 9, G\u00f6ta kanal med V\u00e4nern och V\u00e4ttern"},"content":{"rendered":"<p>Forfatter: Emma Glaumann og Joakim Hermansson<br \/>\nISBN: 9788292284643 English summary included<\/p>\n<p>Harbour Guide 9 describes 209 anchorages and guest harbours\/marinas. Each harbour is presented on its own page in the Guide with a detailed chart, aerial photograph, descriptive text and fact box.<\/p>\n<p>The markings on the aerial photographs and charts provide you with a quick overview of the character of the harbour, its atmosphere, facilities and fairways, danger spots and mooring points. Special skerries and similar and shallows are marked in the photographs.<\/p>\n<p>The markings on the aerial photographs and charts provide you with a quick overview of the character of the harbour, its atmosphere, facilities and fairways, danger spots and mooring points. Special skerries and similar and shallows are marked in the photographs.<\/p>\n<p>The texts in Harbour Guide 9 describe the history of the location and provide you with tips and ideas for the various activities available to you in the harbour. You will also find information about anchorage, sheltered places to lie, how best to moor and what you should pay special attention to.<\/p>\n<p>The fact boxes provide you with a quick overview of the harbour facilities, useful Internet addresses and telephone numbers.<\/p>\n<p><a href=\"http:\/\/skagerrakpageflip.yolasite.com\/resources\/hg9\/main.swf\">Preview of the book<\/a><\/p>\n<p><a href=\"http:\/\/harbourguide.com\">Harbour Guide Online<\/a><\/p>","protected":false},"excerpt":{"rendered":"<p>Forfatter: Emma Glaumann og Joakim Hermansson ISBN: 9788292284643 English summary included Harbour Guide 9 describes 209 anchorages and guest harbours\/marinas. Each harbour is presented on its<span class=\"excerpt-hellip\"> [\u2026]<\/span><\/p>\n","protected":false},"featured_media":1711,"template":"","meta":{"rs_blank_template":"","rs_page_bg_color":"","slide_template_v7":""},"product_brand":[],"product_cat":[27],"product_tag":[],"class_list":{"0":"post-255","1":"product","2":"type-product","3":"status-publish","4":"has-post-thumbnail","6":"product_cat-havneguidenharbour","8":"first","9":"instock","10":"taxable","11":"shipping-taxable","12":"purchasable","13":"product-type-simple"},"yoast_head":"<!-- This site is optimized with the Yoast SEO plugin v27.4 - https:\/\/yoast.com\/product\/yoast-seo-wordpress\/ -->\n<title>Hamnguiden 9, G\u00f6ta kanal med V\u00e4nern och V\u00e4ttern | L\u00e6remiddelforlaget - Skagerrak Forlag AS<\/title>\n<meta name=\"description\" content=\"Den h\u00e4r Hamnguiden beskriver 255 natur- och g\u00e4sthamnar i G\u00f6ta \u00e4lv, V\u00e4nern, Dalslands kanal, Vikingaleden, G\u00f6ta kanal och V\u00e4ttern.\" \/>\n<meta name=\"robots\" content=\"index, follow, max-snippet:-1, max-image-preview:large, max-video-preview:-1\" \/>\n<link rel=\"canonical\" href=\"https:\/\/lmf.no\/skagerrak-forlag\/butikk\/havneguidenharbour\/hamnguiden-9-gota-kanal-med-vanern-och-vattern\/\" \/>\n<meta property=\"og:locale\" content=\"en_US\" \/>\n<meta property=\"og:type\" content=\"article\" \/>\n<meta property=\"og:title\" content=\"[:no]Hamnguiden 9, V\u00e4nern och V\u00e4ttern, G\u00f6ta \u00e4lv - Dalslands kanal - G\u00f6ta kanal, utg\u00e5va 2 [:en]Hamnguiden 9, G\u00f6ta kanal med V\u00e4nern och V\u00e4ttern[:] | L\u00e6remiddelforlaget - Skagerrak Forlag AS\" \/>\n<meta property=\"og:description\" content=\"Den h\u00e4r Hamnguiden beskriver 255 natur- och g\u00e4sthamnar i G\u00f6ta \u00e4lv, V\u00e4nern, Dalslands kanal, Vikingaleden, G\u00f6ta kanal och V\u00e4ttern.\" \/>\n<meta property=\"og:url\" content=\"https:\/\/lmf.no\/skagerrak-forlag\/butikk\/havneguidenharbour\/hamnguiden-9-gota-kanal-med-vanern-och-vattern\/\" \/>\n<meta property=\"og:site_name\" content=\"L\u00e6remiddelforlaget - Skagerrak Forlag AS\" \/>\n<meta property=\"article:modified_time\" content=\"2026-01-28T10:58:09+00:00\" \/>\n<meta property=\"og:image\" content=\"https:\/\/lmf.no\/skagerrak-forlag\/wp-content\/uploads\/2017\/04\/HG9_forside.jpg\" \/>\n\t<meta property=\"og:image:width\" content=\"595\" \/>\n\t<meta property=\"og:image:height\" content=\"842\" \/>\n\t<meta property=\"og:image:type\" content=\"image\/jpeg\" \/>\n<meta name=\"twitter:card\" content=\"summary_large_image\" \/>\n<meta name=\"twitter:label1\" content=\"Est. reading time\" \/>\n\t<meta name=\"twitter:data1\" content=\"2 minutes\" \/>\n<script type=\"application\/ld+json\" class=\"yoast-schema-graph\">{\"@context\":\"https:\\\/\\\/schema.org\",\"@graph\":[{\"@type\":\"WebPage\",\"@id\":\"https:\\\/\\\/lmf.no\\\/skagerrak-forlag\\\/butikk\\\/havneguidenharbour\\\/hamnguiden-9-gota-kanal-med-vanern-och-vattern\\\/\",\"url\":\"https:\\\/\\\/lmf.no\\\/skagerrak-forlag\\\/butikk\\\/havneguidenharbour\\\/hamnguiden-9-gota-kanal-med-vanern-och-vattern\\\/\",\"name\":\"[:no]Hamnguiden 9, V\u00e4nern och V\u00e4ttern, G\u00f6ta \u00e4lv - Dalslands kanal - G\u00f6ta kanal, utg\u00e5va 2 [:en]Hamnguiden 9, G\u00f6ta kanal med V\u00e4nern och V\u00e4ttern[:] | L\u00e6remiddelforlaget - Skagerrak Forlag AS\",\"isPartOf\":{\"@id\":\"https:\\\/\\\/lmf.no\\\/skagerrak-forlag\\\/#website\"},\"primaryImageOfPage\":{\"@id\":\"https:\\\/\\\/lmf.no\\\/skagerrak-forlag\\\/butikk\\\/havneguidenharbour\\\/hamnguiden-9-gota-kanal-med-vanern-och-vattern\\\/#primaryimage\"},\"image\":{\"@id\":\"https:\\\/\\\/lmf.no\\\/skagerrak-forlag\\\/butikk\\\/havneguidenharbour\\\/hamnguiden-9-gota-kanal-med-vanern-och-vattern\\\/#primaryimage\"},\"thumbnailUrl\":\"https:\\\/\\\/lmf.no\\\/skagerrak-forlag\\\/wp-content\\\/uploads\\\/2017\\\/04\\\/HG9_forside.jpg\",\"datePublished\":\"2017-04-13T08:56:30+00:00\",\"dateModified\":\"2026-01-28T10:58:09+00:00\",\"description\":\"Den h\u00e4r Hamnguiden beskriver 255 natur- och g\u00e4sthamnar i G\u00f6ta \u00e4lv, V\u00e4nern, Dalslands kanal, Vikingaleden, G\u00f6ta kanal och V\u00e4ttern.\",\"breadcrumb\":{\"@id\":\"https:\\\/\\\/lmf.no\\\/skagerrak-forlag\\\/butikk\\\/havneguidenharbour\\\/hamnguiden-9-gota-kanal-med-vanern-och-vattern\\\/#breadcrumb\"},\"inLanguage\":\"en-US\",\"potentialAction\":[{\"@type\":\"ReadAction\",\"target\":[\"https:\\\/\\\/lmf.no\\\/skagerrak-forlag\\\/butikk\\\/havneguidenharbour\\\/hamnguiden-9-gota-kanal-med-vanern-och-vattern\\\/\"]}]},{\"@type\":\"ImageObject\",\"inLanguage\":\"en-US\",\"@id\":\"https:\\\/\\\/lmf.no\\\/skagerrak-forlag\\\/butikk\\\/havneguidenharbour\\\/hamnguiden-9-gota-kanal-med-vanern-och-vattern\\\/#primaryimage\",\"url\":\"https:\\\/\\\/lmf.no\\\/skagerrak-forlag\\\/wp-content\\\/uploads\\\/2017\\\/04\\\/HG9_forside.jpg\",\"contentUrl\":\"https:\\\/\\\/lmf.no\\\/skagerrak-forlag\\\/wp-content\\\/uploads\\\/2017\\\/04\\\/HG9_forside.jpg\",\"width\":595,\"height\":842},{\"@type\":\"BreadcrumbList\",\"@id\":\"https:\\\/\\\/lmf.no\\\/skagerrak-forlag\\\/butikk\\\/havneguidenharbour\\\/hamnguiden-9-gota-kanal-med-vanern-och-vattern\\\/#breadcrumb\",\"itemListElement\":[{\"@type\":\"ListItem\",\"position\":1,\"name\":\"Hjem\",\"item\":\"https:\\\/\\\/lmf.no\\\/skagerrak-forlag\\\/\"},{\"@type\":\"ListItem\",\"position\":2,\"name\":\"Butikk\",\"item\":\"https:\\\/\\\/lmf.no\\\/skagerrak-forlag\\\/butikk-2\\\/\"},{\"@type\":\"ListItem\",\"position\":3,\"name\":\"Hamnguiden 9, V\u00e4nern och V\u00e4ttern, G\u00f6ta \u00e4lv &#8211; Dalslands kanal &#8211; G\u00f6ta kanal, utg\u00e5va 2\"}]},{\"@type\":\"WebSite\",\"@id\":\"https:\\\/\\\/lmf.no\\\/skagerrak-forlag\\\/#website\",\"url\":\"https:\\\/\\\/lmf.no\\\/skagerrak-forlag\\\/\",\"name\":\"Skagerrak Forlag AS\",\"description\":\"Utgivelse av l\u00e6reb\u00f8ker\",\"publisher\":{\"@id\":\"https:\\\/\\\/lmf.no\\\/skagerrak-forlag\\\/#organization\"},\"alternateName\":\"L\u00e6remiddelforlaget - Skagerrak Forlag AS\",\"potentialAction\":[{\"@type\":\"SearchAction\",\"target\":{\"@type\":\"EntryPoint\",\"urlTemplate\":\"https:\\\/\\\/lmf.no\\\/skagerrak-forlag\\\/?s={search_term_string}\"},\"query-input\":{\"@type\":\"PropertyValueSpecification\",\"valueRequired\":true,\"valueName\":\"search_term_string\"}}],\"inLanguage\":\"en-US\"},{\"@type\":\"Organization\",\"@id\":\"https:\\\/\\\/lmf.no\\\/skagerrak-forlag\\\/#organization\",\"name\":\"Skagerrak Forlag AS\",\"alternateName\":\"L\u00e6remiddelforlaget - Skagerrak Forlag\",\"url\":\"https:\\\/\\\/lmf.no\\\/skagerrak-forlag\\\/\",\"logo\":{\"@type\":\"ImageObject\",\"inLanguage\":\"en-US\",\"@id\":\"https:\\\/\\\/lmf.no\\\/skagerrak-forlag\\\/#\\\/schema\\\/logo\\\/image\\\/\",\"url\":\"https:\\\/\\\/lmf.no\\\/skagerrak-forlag\\\/wp-content\\\/uploads\\\/2024\\\/04\\\/skagerrak-forlag.png\",\"contentUrl\":\"https:\\\/\\\/lmf.no\\\/skagerrak-forlag\\\/wp-content\\\/uploads\\\/2024\\\/04\\\/skagerrak-forlag.png\",\"width\":188,\"height\":47,\"caption\":\"Skagerrak Forlag AS\"},\"image\":{\"@id\":\"https:\\\/\\\/lmf.no\\\/skagerrak-forlag\\\/#\\\/schema\\\/logo\\\/image\\\/\"}}]}<\/script>\n<!-- \/ Yoast SEO plugin. -->","yoast_head_json":{"title":"[:no]Hamnguiden 9, V\u00e4nern och V\u00e4ttern, G\u00f6ta \u00e4lv - Dalslands kanal - G\u00f6ta kanal, utg\u00e5va 2 [:en]Hamnguiden 9, G\u00f6ta kanal med V\u00e4nern och V\u00e4ttern[:] | L\u00e6remiddelforlaget - Skagerrak Forlag AS","description":"Den h\u00e4r Hamnguiden beskriver 255 natur- och g\u00e4sthamnar i G\u00f6ta \u00e4lv, V\u00e4nern, Dalslands kanal, Vikingaleden, G\u00f6ta kanal och V\u00e4ttern.","robots":{"index":"index","follow":"follow","max-snippet":"max-snippet:-1","max-image-preview":"max-image-preview:large","max-video-preview":"max-video-preview:-1"},"canonical":"https:\/\/lmf.no\/skagerrak-forlag\/butikk\/havneguidenharbour\/hamnguiden-9-gota-kanal-med-vanern-och-vattern\/","og_locale":"en_US","og_type":"article","og_title":"[:no]Hamnguiden 9, V\u00e4nern och V\u00e4ttern, G\u00f6ta \u00e4lv - Dalslands kanal - G\u00f6ta kanal, utg\u00e5va 2 [:en]Hamnguiden 9, G\u00f6ta kanal med V\u00e4nern och V\u00e4ttern[:] | L\u00e6remiddelforlaget - Skagerrak Forlag AS","og_description":"Den h\u00e4r Hamnguiden beskriver 255 natur- och g\u00e4sthamnar i G\u00f6ta \u00e4lv, V\u00e4nern, Dalslands kanal, Vikingaleden, G\u00f6ta kanal och V\u00e4ttern.","og_url":"https:\/\/lmf.no\/skagerrak-forlag\/butikk\/havneguidenharbour\/hamnguiden-9-gota-kanal-med-vanern-och-vattern\/","og_site_name":"L\u00e6remiddelforlaget - Skagerrak Forlag AS","article_modified_time":"2026-01-28T10:58:09+00:00","og_image":[{"width":595,"height":842,"url":"https:\/\/lmf.no\/skagerrak-forlag\/wp-content\/uploads\/2017\/04\/HG9_forside.jpg","type":"image\/jpeg"}],"twitter_card":"summary_large_image","twitter_misc":{"Est. reading time":"2 minutes"},"schema":{"@context":"https:\/\/schema.org","@graph":[{"@type":"WebPage","@id":"https:\/\/lmf.no\/skagerrak-forlag\/butikk\/havneguidenharbour\/hamnguiden-9-gota-kanal-med-vanern-och-vattern\/","url":"https:\/\/lmf.no\/skagerrak-forlag\/butikk\/havneguidenharbour\/hamnguiden-9-gota-kanal-med-vanern-och-vattern\/","name":"[:no]Hamnguiden 9, V\u00e4nern och V\u00e4ttern, G\u00f6ta \u00e4lv - Dalslands kanal - G\u00f6ta kanal, utg\u00e5va 2 [:en]Hamnguiden 9, G\u00f6ta kanal med V\u00e4nern och V\u00e4ttern[:] | L\u00e6remiddelforlaget - Skagerrak Forlag AS","isPartOf":{"@id":"https:\/\/lmf.no\/skagerrak-forlag\/#website"},"primaryImageOfPage":{"@id":"https:\/\/lmf.no\/skagerrak-forlag\/butikk\/havneguidenharbour\/hamnguiden-9-gota-kanal-med-vanern-och-vattern\/#primaryimage"},"image":{"@id":"https:\/\/lmf.no\/skagerrak-forlag\/butikk\/havneguidenharbour\/hamnguiden-9-gota-kanal-med-vanern-och-vattern\/#primaryimage"},"thumbnailUrl":"https:\/\/lmf.no\/skagerrak-forlag\/wp-content\/uploads\/2017\/04\/HG9_forside.jpg","datePublished":"2017-04-13T08:56:30+00:00","dateModified":"2026-01-28T10:58:09+00:00","description":"Den h\u00e4r Hamnguiden beskriver 255 natur- och g\u00e4sthamnar i G\u00f6ta \u00e4lv, V\u00e4nern, Dalslands kanal, Vikingaleden, G\u00f6ta kanal och V\u00e4ttern.","breadcrumb":{"@id":"https:\/\/lmf.no\/skagerrak-forlag\/butikk\/havneguidenharbour\/hamnguiden-9-gota-kanal-med-vanern-och-vattern\/#breadcrumb"},"inLanguage":"en-US","potentialAction":[{"@type":"ReadAction","target":["https:\/\/lmf.no\/skagerrak-forlag\/butikk\/havneguidenharbour\/hamnguiden-9-gota-kanal-med-vanern-och-vattern\/"]}]},{"@type":"ImageObject","inLanguage":"en-US","@id":"https:\/\/lmf.no\/skagerrak-forlag\/butikk\/havneguidenharbour\/hamnguiden-9-gota-kanal-med-vanern-och-vattern\/#primaryimage","url":"https:\/\/lmf.no\/skagerrak-forlag\/wp-content\/uploads\/2017\/04\/HG9_forside.jpg","contentUrl":"https:\/\/lmf.no\/skagerrak-forlag\/wp-content\/uploads\/2017\/04\/HG9_forside.jpg","width":595,"height":842},{"@type":"BreadcrumbList","@id":"https:\/\/lmf.no\/skagerrak-forlag\/butikk\/havneguidenharbour\/hamnguiden-9-gota-kanal-med-vanern-och-vattern\/#breadcrumb","itemListElement":[{"@type":"ListItem","position":1,"name":"Hjem","item":"https:\/\/lmf.no\/skagerrak-forlag\/"},{"@type":"ListItem","position":2,"name":"Butikk","item":"https:\/\/lmf.no\/skagerrak-forlag\/butikk-2\/"},{"@type":"ListItem","position":3,"name":"Hamnguiden 9, V\u00e4nern och V\u00e4ttern, G\u00f6ta \u00e4lv &#8211; Dalslands kanal &#8211; G\u00f6ta kanal, utg\u00e5va 2"}]},{"@type":"WebSite","@id":"https:\/\/lmf.no\/skagerrak-forlag\/#website","url":"https:\/\/lmf.no\/skagerrak-forlag\/","name":"Skagerrak Forlag AS","description":"Utgivelse av l\u00e6reb\u00f8ker","publisher":{"@id":"https:\/\/lmf.no\/skagerrak-forlag\/#organization"},"alternateName":"L\u00e6remiddelforlaget - Skagerrak Forlag AS","potentialAction":[{"@type":"SearchAction","target":{"@type":"EntryPoint","urlTemplate":"https:\/\/lmf.no\/skagerrak-forlag\/?s={search_term_string}"},"query-input":{"@type":"PropertyValueSpecification","valueRequired":true,"valueName":"search_term_string"}}],"inLanguage":"en-US"},{"@type":"Organization","@id":"https:\/\/lmf.no\/skagerrak-forlag\/#organization","name":"Skagerrak Forlag AS","alternateName":"L\u00e6remiddelforlaget - Skagerrak Forlag","url":"https:\/\/lmf.no\/skagerrak-forlag\/","logo":{"@type":"ImageObject","inLanguage":"en-US","@id":"https:\/\/lmf.no\/skagerrak-forlag\/#\/schema\/logo\/image\/","url":"https:\/\/lmf.no\/skagerrak-forlag\/wp-content\/uploads\/2024\/04\/skagerrak-forlag.png","contentUrl":"https:\/\/lmf.no\/skagerrak-forlag\/wp-content\/uploads\/2024\/04\/skagerrak-forlag.png","width":188,"height":47,"caption":"Skagerrak Forlag AS"},"image":{"@id":"https:\/\/lmf.no\/skagerrak-forlag\/#\/schema\/logo\/image\/"}}]}},"_links":{"self":[{"href":"https:\/\/lmf.no\/skagerrak-forlag\/en\/wp-json\/wp\/v2\/product\/255","targetHints":{"allow":["GET"]}}],"collection":[{"href":"https:\/\/lmf.no\/skagerrak-forlag\/en\/wp-json\/wp\/v2\/product"}],"about":[{"href":"https:\/\/lmf.no\/skagerrak-forlag\/en\/wp-json\/wp\/v2\/types\/product"}],"wp:featuredmedia":[{"embeddable":true,"href":"https:\/\/lmf.no\/skagerrak-forlag\/en\/wp-json\/wp\/v2\/media\/1711"}],"wp:attachment":[{"href":"https:\/\/lmf.no\/skagerrak-forlag\/en\/wp-json\/wp\/v2\/media?parent=255"}],"wp:term":[{"taxonomy":"product_brand","embeddable":true,"href":"https:\/\/lmf.no\/skagerrak-forlag\/en\/wp-json\/wp\/v2\/product_brand?post=255"},{"taxonomy":"product_cat","embeddable":true,"href":"https:\/\/lmf.no\/skagerrak-forlag\/en\/wp-json\/wp\/v2\/product_cat?post=255"},{"taxonomy":"product_tag","embeddable":true,"href":"https:\/\/lmf.no\/skagerrak-forlag\/en\/wp-json\/wp\/v2\/product_tag?post=255"}],"curies":[{"name":"wp","href":"https:\/\/api.w.org\/{rel}","templated":true}]}}