{"id":258,"date":"2017-04-13T11:01:13","date_gmt":"2017-04-13T09:01:13","guid":{"rendered":"http:\/\/laeremiddelforlaget.utkast.org\/skagerrak-forlag\/?post_type=product&#038;p=258"},"modified":"2025-02-26T11:04:18","modified_gmt":"2025-02-26T10:04:18","slug":"hafenguide-griechenland-1-ionisches-meer-peloponnes-korinth-athen-saronischer-golf-albanien","status":"publish","type":"product","link":"https:\/\/lmf.no\/skagerrak-forlag\/en\/butikk\/havneguidenharbour\/hafenguide-griechenland-1-ionisches-meer-peloponnes-korinth-athen-saronischer-golf-albanien\/","title":{"rendered":"Hafenguide Griechenland 1, Ionisches Meer &#8211; Peloponnes &#8211; Korinth &#8211; Athen &#8211; Saronischer Golf  &#8211; Albanien"},"content":{"rendered":"<p>Forfatter: Per Hotvedt<br \/>\nISBN: 9783667101662<\/p>\n<p>Dieser Hafenguide deckt Ionisches Meer, Peloponnes, Golf von Korinth, Athen, Saronischer Golf und Albanien. Es werden sowohl Yachth\u00e4fen als auch Ankerpl\u00e4tze behandelt.<\/p>\n<p>Jeder Hafen wird auf einer eigenen Seite pr\u00e4sentiert. Luftaufnahmen sowie Hafenpl\u00e4ne und Texte vermitteln wichtige Informationen. Durch die Fotos gewinnen Sie einen schnellen Eindruck vom jeweiligen Hafen und seiner Atmosph\u00e4re; durch die Kombination von Fotos und Hafenpl\u00e4nen bekommen Sie einen guten \u00dcberblick \u00fcber die speziellen Voraussetzungen bei der Ansteuerung und beim Anlegen.<\/p>\n<p>Die Hafenbeschreibungen sind in einen allgemeinen und einen maritimen Teil gegliedert. Im allgemeinen Teil erhalten Sie generelle Informationen zu Ihrem Reiseziel sowie zum historischen und kulturellen Hintergrund der Gegend und m\u00f6glichen Freizeitaktivit\u00e4ten. Im maritimen Teil erfahren Sie, wie und wo Sie Ihr Boot festmachen k\u00f6nnen und was Sie bei der Ansteuerung und Ihrem Aufenthalt im Hafen beachten m\u00fcssen. Hinzu kommen Kontaktinformationen und eine \u00dcbersicht \u00fcber die Serviceeinrichtungen, die Sie im jeweiligen Hafen vorfinden.<\/p>\n<p>Das Buch gliedert sich in sieben K\u00fcstengebiete. F\u00fcr jedes K\u00fcstengebiet gibt es eine eigene \u00dcbersichtskarte, auf der jeder einzelne Hafen eingezeichnet ist. Diese Karten werden Ihnen bei der Planung Ihres T\u00f6rns von gro\u00dfem Nutzen sein. Dar\u00fcber hinaus befindet sich eine alphabetische Hafen\u00fcbersicht im hinteren Teil des Buchs.<\/p>\n<p><a href=\"https:\/\/cdn.flipsnack.com\/widget\/v2\/widget.html?hash=ftm2tse0p&amp;bgcolor=EEEEEE&amp;t=1523536762\" target=\"_blank\" rel=\"noopener noreferrer\">Read som pages in the book<\/a><\/p>\n<p><a href=\"http:\/\/harbourguide.com\">Hafenguide Online<\/a><\/p>","protected":false},"excerpt":{"rendered":"<p>Forfatter: Per Hotvedt ISBN: 9783667101662 Dieser Hafenguide deckt Ionisches Meer, Peloponnes, Golf von Korinth, Athen, Saronischer Golf und Albanien. Es werden sowohl Yachth\u00e4fen als auch Ankerpl\u00e4tze<span class=\"excerpt-hellip\"> [\u2026]<\/span><\/p>\n","protected":false},"featured_media":1725,"template":"","meta":{"rs_blank_template":"","rs_page_bg_color":"","slide_template_v7":""},"product_brand":[],"product_cat":[27],"product_tag":[],"class_list":{"0":"post-258","1":"product","2":"type-product","3":"status-publish","4":"has-post-thumbnail","6":"product_cat-havneguidenharbour","8":"first","9":"outofstock","10":"taxable","11":"shipping-taxable","12":"purchasable","13":"product-type-simple"},"yoast_head":"<!-- This site is optimized with the Yoast SEO plugin v27.4 - https:\/\/yoast.com\/product\/yoast-seo-wordpress\/ -->\n<title>Hafenguide Griechenland 1, Ionisches Meer - Peloponnes - Korinth - Athen - Saronischer Golf - Albanien | L\u00e6remiddelforlaget - Skagerrak Forlag AS<\/title>\n<meta name=\"description\" content=\"Strahlender Sonnenschein, idyllische Ankerbuchten, spannende Geschichte \u2013 der Westen Griechenlands ist f\u00fcr einen entspannten Bootsurlaub einfach wie gemacht!\" \/>\n<meta name=\"robots\" content=\"index, follow, max-snippet:-1, max-image-preview:large, max-video-preview:-1\" \/>\n<link rel=\"canonical\" href=\"https:\/\/lmf.no\/skagerrak-forlag\/butikk\/havneguidenharbour\/hafenguide-griechenland-1-ionisches-meer-peloponnes-korinth-athen-saronischer-golf-albanien\/\" \/>\n<meta property=\"og:locale\" content=\"en_US\" \/>\n<meta property=\"og:type\" content=\"article\" \/>\n<meta property=\"og:title\" content=\"[:no]Hafenguide 11, Griechenland 1, Ionisches Meer - Peloponnes - Golf von Korinth - Athen - Saronischer Golf - Albanien, 2. Ausgabe[:en]Hafenguide Griechenland 1, Ionisches Meer - Peloponnes - Korinth - Athen - Saronischer Golf - Albanien[:] | L\u00e6remiddelforlaget - Skagerrak Forlag AS\" \/>\n<meta property=\"og:description\" content=\"Strahlender Sonnenschein, idyllische Ankerbuchten, spannende Geschichte \u2013 der Westen Griechenlands ist f\u00fcr einen entspannten Bootsurlaub einfach wie gemacht!\" \/>\n<meta property=\"og:url\" content=\"https:\/\/lmf.no\/skagerrak-forlag\/butikk\/havneguidenharbour\/hafenguide-griechenland-1-ionisches-meer-peloponnes-korinth-athen-saronischer-golf-albanien\/\" \/>\n<meta property=\"og:site_name\" content=\"L\u00e6remiddelforlaget - Skagerrak Forlag AS\" \/>\n<meta property=\"article:modified_time\" content=\"2025-02-26T10:04:18+00:00\" \/>\n<meta property=\"og:image\" content=\"https:\/\/lmf.no\/skagerrak-forlag\/wp-content\/uploads\/2017\/04\/HG11_forside_tysk-1.jpg\" \/>\n\t<meta property=\"og:image:width\" content=\"600\" \/>\n\t<meta property=\"og:image:height\" content=\"850\" \/>\n\t<meta property=\"og:image:type\" content=\"image\/jpeg\" \/>\n<meta name=\"twitter:card\" content=\"summary_large_image\" \/>\n<meta name=\"twitter:label1\" content=\"Est. reading time\" \/>\n\t<meta name=\"twitter:data1\" content=\"3 minutes\" \/>\n<script type=\"application\/ld+json\" class=\"yoast-schema-graph\">{\"@context\":\"https:\\\/\\\/schema.org\",\"@graph\":[{\"@type\":\"WebPage\",\"@id\":\"https:\\\/\\\/lmf.no\\\/skagerrak-forlag\\\/butikk\\\/havneguidenharbour\\\/hafenguide-griechenland-1-ionisches-meer-peloponnes-korinth-athen-saronischer-golf-albanien\\\/\",\"url\":\"https:\\\/\\\/lmf.no\\\/skagerrak-forlag\\\/butikk\\\/havneguidenharbour\\\/hafenguide-griechenland-1-ionisches-meer-peloponnes-korinth-athen-saronischer-golf-albanien\\\/\",\"name\":\"[:no]Hafenguide 11, Griechenland 1, Ionisches Meer - Peloponnes - Golf von Korinth - Athen - Saronischer Golf - Albanien, 2. Ausgabe[:en]Hafenguide Griechenland 1, Ionisches Meer - Peloponnes - Korinth - Athen - Saronischer Golf - Albanien[:] | L\u00e6remiddelforlaget - Skagerrak Forlag AS\",\"isPartOf\":{\"@id\":\"https:\\\/\\\/lmf.no\\\/skagerrak-forlag\\\/#website\"},\"primaryImageOfPage\":{\"@id\":\"https:\\\/\\\/lmf.no\\\/skagerrak-forlag\\\/butikk\\\/havneguidenharbour\\\/hafenguide-griechenland-1-ionisches-meer-peloponnes-korinth-athen-saronischer-golf-albanien\\\/#primaryimage\"},\"image\":{\"@id\":\"https:\\\/\\\/lmf.no\\\/skagerrak-forlag\\\/butikk\\\/havneguidenharbour\\\/hafenguide-griechenland-1-ionisches-meer-peloponnes-korinth-athen-saronischer-golf-albanien\\\/#primaryimage\"},\"thumbnailUrl\":\"https:\\\/\\\/lmf.no\\\/skagerrak-forlag\\\/wp-content\\\/uploads\\\/2017\\\/04\\\/HG11_forside_tysk-1.jpg\",\"datePublished\":\"2017-04-13T09:01:13+00:00\",\"dateModified\":\"2025-02-26T10:04:18+00:00\",\"description\":\"Strahlender Sonnenschein, idyllische Ankerbuchten, spannende Geschichte \u2013 der Westen Griechenlands ist f\u00fcr einen entspannten Bootsurlaub einfach wie gemacht!\",\"breadcrumb\":{\"@id\":\"https:\\\/\\\/lmf.no\\\/skagerrak-forlag\\\/butikk\\\/havneguidenharbour\\\/hafenguide-griechenland-1-ionisches-meer-peloponnes-korinth-athen-saronischer-golf-albanien\\\/#breadcrumb\"},\"inLanguage\":\"en-US\",\"potentialAction\":[{\"@type\":\"ReadAction\",\"target\":[\"https:\\\/\\\/lmf.no\\\/skagerrak-forlag\\\/butikk\\\/havneguidenharbour\\\/hafenguide-griechenland-1-ionisches-meer-peloponnes-korinth-athen-saronischer-golf-albanien\\\/\"]}]},{\"@type\":\"ImageObject\",\"inLanguage\":\"en-US\",\"@id\":\"https:\\\/\\\/lmf.no\\\/skagerrak-forlag\\\/butikk\\\/havneguidenharbour\\\/hafenguide-griechenland-1-ionisches-meer-peloponnes-korinth-athen-saronischer-golf-albanien\\\/#primaryimage\",\"url\":\"https:\\\/\\\/lmf.no\\\/skagerrak-forlag\\\/wp-content\\\/uploads\\\/2017\\\/04\\\/HG11_forside_tysk-1.jpg\",\"contentUrl\":\"https:\\\/\\\/lmf.no\\\/skagerrak-forlag\\\/wp-content\\\/uploads\\\/2017\\\/04\\\/HG11_forside_tysk-1.jpg\",\"width\":600,\"height\":850},{\"@type\":\"BreadcrumbList\",\"@id\":\"https:\\\/\\\/lmf.no\\\/skagerrak-forlag\\\/butikk\\\/havneguidenharbour\\\/hafenguide-griechenland-1-ionisches-meer-peloponnes-korinth-athen-saronischer-golf-albanien\\\/#breadcrumb\",\"itemListElement\":[{\"@type\":\"ListItem\",\"position\":1,\"name\":\"Hjem\",\"item\":\"https:\\\/\\\/lmf.no\\\/skagerrak-forlag\\\/\"},{\"@type\":\"ListItem\",\"position\":2,\"name\":\"Butikk\",\"item\":\"https:\\\/\\\/lmf.no\\\/skagerrak-forlag\\\/butikk-2\\\/\"},{\"@type\":\"ListItem\",\"position\":3,\"name\":\"Hafenguide 11, Griechenland 1, Ionisches Meer &#8211; Peloponnes &#8211; Golf von Korinth &#8211; Athen &#8211; Saronischer Golf &#8211; Albanien, 2. Ausgabe\"}]},{\"@type\":\"WebSite\",\"@id\":\"https:\\\/\\\/lmf.no\\\/skagerrak-forlag\\\/#website\",\"url\":\"https:\\\/\\\/lmf.no\\\/skagerrak-forlag\\\/\",\"name\":\"Skagerrak Forlag AS\",\"description\":\"Utgivelse av l\u00e6reb\u00f8ker\",\"publisher\":{\"@id\":\"https:\\\/\\\/lmf.no\\\/skagerrak-forlag\\\/#organization\"},\"alternateName\":\"L\u00e6remiddelforlaget - Skagerrak Forlag AS\",\"potentialAction\":[{\"@type\":\"SearchAction\",\"target\":{\"@type\":\"EntryPoint\",\"urlTemplate\":\"https:\\\/\\\/lmf.no\\\/skagerrak-forlag\\\/?s={search_term_string}\"},\"query-input\":{\"@type\":\"PropertyValueSpecification\",\"valueRequired\":true,\"valueName\":\"search_term_string\"}}],\"inLanguage\":\"en-US\"},{\"@type\":\"Organization\",\"@id\":\"https:\\\/\\\/lmf.no\\\/skagerrak-forlag\\\/#organization\",\"name\":\"Skagerrak Forlag AS\",\"alternateName\":\"L\u00e6remiddelforlaget - Skagerrak Forlag\",\"url\":\"https:\\\/\\\/lmf.no\\\/skagerrak-forlag\\\/\",\"logo\":{\"@type\":\"ImageObject\",\"inLanguage\":\"en-US\",\"@id\":\"https:\\\/\\\/lmf.no\\\/skagerrak-forlag\\\/#\\\/schema\\\/logo\\\/image\\\/\",\"url\":\"https:\\\/\\\/lmf.no\\\/skagerrak-forlag\\\/wp-content\\\/uploads\\\/2024\\\/04\\\/skagerrak-forlag.png\",\"contentUrl\":\"https:\\\/\\\/lmf.no\\\/skagerrak-forlag\\\/wp-content\\\/uploads\\\/2024\\\/04\\\/skagerrak-forlag.png\",\"width\":188,\"height\":47,\"caption\":\"Skagerrak Forlag AS\"},\"image\":{\"@id\":\"https:\\\/\\\/lmf.no\\\/skagerrak-forlag\\\/#\\\/schema\\\/logo\\\/image\\\/\"}}]}<\/script>\n<!-- \/ Yoast SEO plugin. -->","yoast_head_json":{"title":"[:no]Hafenguide 11, Griechenland 1, Ionisches Meer - Peloponnes - Golf von Korinth - Athen - Saronischer Golf - Albanien, 2. Ausgabe[:en]Hafenguide Griechenland 1, Ionisches Meer - Peloponnes - Korinth - Athen - Saronischer Golf - Albanien[:] | L\u00e6remiddelforlaget - Skagerrak Forlag AS","description":"Strahlender Sonnenschein, idyllische Ankerbuchten, spannende Geschichte \u2013 der Westen Griechenlands ist f\u00fcr einen entspannten Bootsurlaub einfach wie gemacht!","robots":{"index":"index","follow":"follow","max-snippet":"max-snippet:-1","max-image-preview":"max-image-preview:large","max-video-preview":"max-video-preview:-1"},"canonical":"https:\/\/lmf.no\/skagerrak-forlag\/butikk\/havneguidenharbour\/hafenguide-griechenland-1-ionisches-meer-peloponnes-korinth-athen-saronischer-golf-albanien\/","og_locale":"en_US","og_type":"article","og_title":"[:no]Hafenguide 11, Griechenland 1, Ionisches Meer - Peloponnes - Golf von Korinth - Athen - Saronischer Golf - Albanien, 2. Ausgabe[:en]Hafenguide Griechenland 1, Ionisches Meer - Peloponnes - Korinth - Athen - Saronischer Golf - Albanien[:] | L\u00e6remiddelforlaget - Skagerrak Forlag AS","og_description":"Strahlender Sonnenschein, idyllische Ankerbuchten, spannende Geschichte \u2013 der Westen Griechenlands ist f\u00fcr einen entspannten Bootsurlaub einfach wie gemacht!","og_url":"https:\/\/lmf.no\/skagerrak-forlag\/butikk\/havneguidenharbour\/hafenguide-griechenland-1-ionisches-meer-peloponnes-korinth-athen-saronischer-golf-albanien\/","og_site_name":"L\u00e6remiddelforlaget - Skagerrak Forlag AS","article_modified_time":"2025-02-26T10:04:18+00:00","og_image":[{"width":600,"height":850,"url":"https:\/\/lmf.no\/skagerrak-forlag\/wp-content\/uploads\/2017\/04\/HG11_forside_tysk-1.jpg","type":"image\/jpeg"}],"twitter_card":"summary_large_image","twitter_misc":{"Est. reading time":"3 minutes"},"schema":{"@context":"https:\/\/schema.org","@graph":[{"@type":"WebPage","@id":"https:\/\/lmf.no\/skagerrak-forlag\/butikk\/havneguidenharbour\/hafenguide-griechenland-1-ionisches-meer-peloponnes-korinth-athen-saronischer-golf-albanien\/","url":"https:\/\/lmf.no\/skagerrak-forlag\/butikk\/havneguidenharbour\/hafenguide-griechenland-1-ionisches-meer-peloponnes-korinth-athen-saronischer-golf-albanien\/","name":"[:no]Hafenguide 11, Griechenland 1, Ionisches Meer - Peloponnes - Golf von Korinth - Athen - Saronischer Golf - Albanien, 2. Ausgabe[:en]Hafenguide Griechenland 1, Ionisches Meer - Peloponnes - Korinth - Athen - Saronischer Golf - Albanien[:] | L\u00e6remiddelforlaget - Skagerrak Forlag AS","isPartOf":{"@id":"https:\/\/lmf.no\/skagerrak-forlag\/#website"},"primaryImageOfPage":{"@id":"https:\/\/lmf.no\/skagerrak-forlag\/butikk\/havneguidenharbour\/hafenguide-griechenland-1-ionisches-meer-peloponnes-korinth-athen-saronischer-golf-albanien\/#primaryimage"},"image":{"@id":"https:\/\/lmf.no\/skagerrak-forlag\/butikk\/havneguidenharbour\/hafenguide-griechenland-1-ionisches-meer-peloponnes-korinth-athen-saronischer-golf-albanien\/#primaryimage"},"thumbnailUrl":"https:\/\/lmf.no\/skagerrak-forlag\/wp-content\/uploads\/2017\/04\/HG11_forside_tysk-1.jpg","datePublished":"2017-04-13T09:01:13+00:00","dateModified":"2025-02-26T10:04:18+00:00","description":"Strahlender Sonnenschein, idyllische Ankerbuchten, spannende Geschichte \u2013 der Westen Griechenlands ist f\u00fcr einen entspannten Bootsurlaub einfach wie gemacht!","breadcrumb":{"@id":"https:\/\/lmf.no\/skagerrak-forlag\/butikk\/havneguidenharbour\/hafenguide-griechenland-1-ionisches-meer-peloponnes-korinth-athen-saronischer-golf-albanien\/#breadcrumb"},"inLanguage":"en-US","potentialAction":[{"@type":"ReadAction","target":["https:\/\/lmf.no\/skagerrak-forlag\/butikk\/havneguidenharbour\/hafenguide-griechenland-1-ionisches-meer-peloponnes-korinth-athen-saronischer-golf-albanien\/"]}]},{"@type":"ImageObject","inLanguage":"en-US","@id":"https:\/\/lmf.no\/skagerrak-forlag\/butikk\/havneguidenharbour\/hafenguide-griechenland-1-ionisches-meer-peloponnes-korinth-athen-saronischer-golf-albanien\/#primaryimage","url":"https:\/\/lmf.no\/skagerrak-forlag\/wp-content\/uploads\/2017\/04\/HG11_forside_tysk-1.jpg","contentUrl":"https:\/\/lmf.no\/skagerrak-forlag\/wp-content\/uploads\/2017\/04\/HG11_forside_tysk-1.jpg","width":600,"height":850},{"@type":"BreadcrumbList","@id":"https:\/\/lmf.no\/skagerrak-forlag\/butikk\/havneguidenharbour\/hafenguide-griechenland-1-ionisches-meer-peloponnes-korinth-athen-saronischer-golf-albanien\/#breadcrumb","itemListElement":[{"@type":"ListItem","position":1,"name":"Hjem","item":"https:\/\/lmf.no\/skagerrak-forlag\/"},{"@type":"ListItem","position":2,"name":"Butikk","item":"https:\/\/lmf.no\/skagerrak-forlag\/butikk-2\/"},{"@type":"ListItem","position":3,"name":"Hafenguide 11, Griechenland 1, Ionisches Meer &#8211; Peloponnes &#8211; Golf von Korinth &#8211; Athen &#8211; Saronischer Golf &#8211; Albanien, 2. Ausgabe"}]},{"@type":"WebSite","@id":"https:\/\/lmf.no\/skagerrak-forlag\/#website","url":"https:\/\/lmf.no\/skagerrak-forlag\/","name":"Skagerrak Forlag AS","description":"Utgivelse av l\u00e6reb\u00f8ker","publisher":{"@id":"https:\/\/lmf.no\/skagerrak-forlag\/#organization"},"alternateName":"L\u00e6remiddelforlaget - Skagerrak Forlag AS","potentialAction":[{"@type":"SearchAction","target":{"@type":"EntryPoint","urlTemplate":"https:\/\/lmf.no\/skagerrak-forlag\/?s={search_term_string}"},"query-input":{"@type":"PropertyValueSpecification","valueRequired":true,"valueName":"search_term_string"}}],"inLanguage":"en-US"},{"@type":"Organization","@id":"https:\/\/lmf.no\/skagerrak-forlag\/#organization","name":"Skagerrak Forlag AS","alternateName":"L\u00e6remiddelforlaget - Skagerrak Forlag","url":"https:\/\/lmf.no\/skagerrak-forlag\/","logo":{"@type":"ImageObject","inLanguage":"en-US","@id":"https:\/\/lmf.no\/skagerrak-forlag\/#\/schema\/logo\/image\/","url":"https:\/\/lmf.no\/skagerrak-forlag\/wp-content\/uploads\/2024\/04\/skagerrak-forlag.png","contentUrl":"https:\/\/lmf.no\/skagerrak-forlag\/wp-content\/uploads\/2024\/04\/skagerrak-forlag.png","width":188,"height":47,"caption":"Skagerrak Forlag AS"},"image":{"@id":"https:\/\/lmf.no\/skagerrak-forlag\/#\/schema\/logo\/image\/"}}]}},"_links":{"self":[{"href":"https:\/\/lmf.no\/skagerrak-forlag\/en\/wp-json\/wp\/v2\/product\/258","targetHints":{"allow":["GET"]}}],"collection":[{"href":"https:\/\/lmf.no\/skagerrak-forlag\/en\/wp-json\/wp\/v2\/product"}],"about":[{"href":"https:\/\/lmf.no\/skagerrak-forlag\/en\/wp-json\/wp\/v2\/types\/product"}],"wp:featuredmedia":[{"embeddable":true,"href":"https:\/\/lmf.no\/skagerrak-forlag\/en\/wp-json\/wp\/v2\/media\/1725"}],"wp:attachment":[{"href":"https:\/\/lmf.no\/skagerrak-forlag\/en\/wp-json\/wp\/v2\/media?parent=258"}],"wp:term":[{"taxonomy":"product_brand","embeddable":true,"href":"https:\/\/lmf.no\/skagerrak-forlag\/en\/wp-json\/wp\/v2\/product_brand?post=258"},{"taxonomy":"product_cat","embeddable":true,"href":"https:\/\/lmf.no\/skagerrak-forlag\/en\/wp-json\/wp\/v2\/product_cat?post=258"},{"taxonomy":"product_tag","embeddable":true,"href":"https:\/\/lmf.no\/skagerrak-forlag\/en\/wp-json\/wp\/v2\/product_tag?post=258"}],"curies":[{"name":"wp","href":"https:\/\/api.w.org\/{rel}","templated":true}]}}