{"id":297,"date":"2017-04-13T10:36:15","date_gmt":"2017-04-13T09:36:15","guid":{"rendered":"http:\/\/laeremiddelforlaget.utkast.org\/skagerrak-forlag\/?post_type=product&#038;p=297"},"modified":"2026-01-28T11:58:09","modified_gmt":"2026-01-28T10:58:09","slug":"men-vanskeligst-av-alt-er-kjaerligheten","status":"publish","type":"product","link":"https:\/\/lmf.no\/skagerrak-forlag\/en\/butikk\/foredragsholdere\/per-anders-nordengen\/men-vanskeligst-av-alt-er-kjaerligheten\/","title":{"rendered":"Men vanskeligst av alt er kj\u00e6rligheten"},"content":{"rendered":"<p>Forfatter: Per Anders Nordengen<br \/>\nISBN: 788292284759<\/p>\n<p>Kj\u00e6rligheten er noe av det st\u00f8rste, beste og samtidig vanskeligste i livet. Den er fantastisk, men ogs\u00e5 skj\u00f8r og s\u00e5rbar. Kj\u00e6rligheten er b\u00e5de god og vanskelig. Det er trist at forhold som en gang var levende og lidenskapelige, blir preget av vane og selvf\u00f8lge.<\/p>\n<p>Det finnes ikke noe tema det er laget flere b\u00f8ker, dikt, filmer og sanger om enn kj\u00e6rligheten. Likevel har jeg skrevet denne boken i h\u00e5p om at den inneholder \u00abtankevekkere\u00bb som kan berike parforhold og styrke kj\u00e6rligheten. Den er skrevet p\u00e5 bakgrunn av erfaringer fra egne og andres samliv. Som prest har jeg v\u00e6rt meklingsmann ved skilsmisser, og jeg har viet mange hundre par som jeg har hatt dype samtaler med. Som samtaleveileder m\u00f8ter jeg ukentlig par og enkeltpersoner som strever med \u00e5 f\u00e5 til parforholdet. I tillegg holder jeg foredrag om blant annet kj\u00e6rlighet og samliv.<\/p>\n<p>Boken tar ikke opp alle temaer innen kj\u00e6rlighet og samliv. Gjennom korte \u00abepistler\u00bb \u00f8nsker jeg \u00e5 sette ord p\u00e5 en del temaer som kan bidra til \u00e5 senke forventninger og skape god hverdagskj\u00e6rlighet. Av innholdet nevnes:<\/p>\n<p>&#8211; \u00abEtterelskelse\u00bb<br \/>\n&#8211; \u00c5 elske krever mot<br \/>\n&#8211; Hverdagskj\u00e6rlighet<br \/>\n&#8211; \u00abBest etter\u00bb<br \/>\n&#8211; Fullkommen kj\u00e6rlighet?<br \/>\n&#8211; Raushet og tilgivelse<br \/>\n&#8211; Ulikt kj\u00e6rlighetsspr\u00e5k<br \/>\n&#8211; Sjalusi og utroskap<br \/>\n&#8211; Kj\u00e6rligheten er vanskelig<br \/>\n&#8211; Realistiske forventninger<br \/>\n&#8211; Flerfamilien<br \/>\n&#8211; Seksualitet<br \/>\n&#8211; Overhaling av parforholdet<\/p>\n<p>Per Anders Nordengen<\/p>\n","protected":false},"excerpt":{"rendered":"<p>Forfatter: Per Anders Nordengen ISBN: 788292284759 Kj\u00e6rligheten er noe av det st\u00f8rste, beste og samtidig vanskeligste i livet. Den er fantastisk, men ogs\u00e5 skj\u00f8r og s\u00e5rbar.<span class=\"excerpt-hellip\"> [\u2026]<\/span><\/p>\n","protected":false},"featured_media":302,"template":"","meta":{"rs_blank_template":"","rs_page_bg_color":"","slide_template_v7":""},"product_brand":[],"product_cat":[39],"product_tag":[],"class_list":{"0":"post-297","1":"product","2":"type-product","3":"status-publish","4":"has-post-thumbnail","6":"product_cat-per-anders-nordengen","8":"first","9":"instock","10":"taxable","11":"shipping-taxable","12":"purchasable","13":"product-type-simple"},"yoast_head":"<!-- This site is optimized with the Yoast SEO plugin v27.4 - https:\/\/yoast.com\/product\/yoast-seo-wordpress\/ -->\n<title>Men vanskeligst av alt er kj\u00e6rligheten | L\u00e6remiddelforlaget - Skagerrak Forlag AS<\/title>\n<meta name=\"robots\" content=\"index, follow, max-snippet:-1, max-image-preview:large, max-video-preview:-1\" \/>\n<link rel=\"canonical\" href=\"https:\/\/lmf.no\/skagerrak-forlag\/en\/butikk\/foredragsholdere\/per-anders-nordengen\/men-vanskeligst-av-alt-er-kjaerligheten\/\" \/>\n<meta property=\"og:locale\" content=\"en_US\" \/>\n<meta property=\"og:type\" content=\"article\" \/>\n<meta property=\"og:title\" content=\"Men vanskeligst av alt er kj\u00e6rligheten | L\u00e6remiddelforlaget - Skagerrak Forlag AS\" \/>\n<meta property=\"og:description\" content=\"Forfatter: Per Anders Nordengen ISBN: 788292284759 Kj\u00e6rligheten er noe av det st\u00f8rste, beste og samtidig vanskeligste i livet. Den er fantastisk, men ogs\u00e5 skj\u00f8r og s\u00e5rbar. [\u2026]\" \/>\n<meta property=\"og:url\" content=\"https:\/\/lmf.no\/skagerrak-forlag\/en\/butikk\/foredragsholdere\/per-anders-nordengen\/men-vanskeligst-av-alt-er-kjaerligheten\/\" \/>\n<meta property=\"og:site_name\" content=\"L\u00e6remiddelforlaget - Skagerrak Forlag AS\" \/>\n<meta property=\"article:modified_time\" content=\"2026-01-28T10:58:09+00:00\" \/>\n<meta property=\"og:image\" content=\"https:\/\/lmf.no\/skagerrak-forlag\/wp-content\/uploads\/2017\/04\/1.jpg\" \/>\n\t<meta property=\"og:image:width\" content=\"187\" \/>\n\t<meta property=\"og:image:height\" content=\"270\" \/>\n\t<meta property=\"og:image:type\" content=\"image\/jpeg\" \/>\n<meta name=\"twitter:card\" content=\"summary_large_image\" \/>\n<meta name=\"twitter:label1\" content=\"Est. reading time\" \/>\n\t<meta name=\"twitter:data1\" content=\"1 minute\" \/>\n<script type=\"application\/ld+json\" class=\"yoast-schema-graph\">{\"@context\":\"https:\\\/\\\/schema.org\",\"@graph\":[{\"@type\":\"WebPage\",\"@id\":\"https:\\\/\\\/lmf.no\\\/skagerrak-forlag\\\/en\\\/butikk\\\/foredragsholdere\\\/per-anders-nordengen\\\/men-vanskeligst-av-alt-er-kjaerligheten\\\/\",\"url\":\"https:\\\/\\\/lmf.no\\\/skagerrak-forlag\\\/en\\\/butikk\\\/foredragsholdere\\\/per-anders-nordengen\\\/men-vanskeligst-av-alt-er-kjaerligheten\\\/\",\"name\":\"Men vanskeligst av alt er kj\u00e6rligheten | L\u00e6remiddelforlaget - Skagerrak Forlag AS\",\"isPartOf\":{\"@id\":\"https:\\\/\\\/lmf.no\\\/skagerrak-forlag\\\/#website\"},\"primaryImageOfPage\":{\"@id\":\"https:\\\/\\\/lmf.no\\\/skagerrak-forlag\\\/en\\\/butikk\\\/foredragsholdere\\\/per-anders-nordengen\\\/men-vanskeligst-av-alt-er-kjaerligheten\\\/#primaryimage\"},\"image\":{\"@id\":\"https:\\\/\\\/lmf.no\\\/skagerrak-forlag\\\/en\\\/butikk\\\/foredragsholdere\\\/per-anders-nordengen\\\/men-vanskeligst-av-alt-er-kjaerligheten\\\/#primaryimage\"},\"thumbnailUrl\":\"https:\\\/\\\/lmf.no\\\/skagerrak-forlag\\\/wp-content\\\/uploads\\\/2017\\\/04\\\/1.jpg\",\"datePublished\":\"2017-04-13T09:36:15+00:00\",\"dateModified\":\"2026-01-28T10:58:09+00:00\",\"breadcrumb\":{\"@id\":\"https:\\\/\\\/lmf.no\\\/skagerrak-forlag\\\/en\\\/butikk\\\/foredragsholdere\\\/per-anders-nordengen\\\/men-vanskeligst-av-alt-er-kjaerligheten\\\/#breadcrumb\"},\"inLanguage\":\"en-US\",\"potentialAction\":[{\"@type\":\"ReadAction\",\"target\":[\"https:\\\/\\\/lmf.no\\\/skagerrak-forlag\\\/en\\\/butikk\\\/foredragsholdere\\\/per-anders-nordengen\\\/men-vanskeligst-av-alt-er-kjaerligheten\\\/\"]}]},{\"@type\":\"ImageObject\",\"inLanguage\":\"en-US\",\"@id\":\"https:\\\/\\\/lmf.no\\\/skagerrak-forlag\\\/en\\\/butikk\\\/foredragsholdere\\\/per-anders-nordengen\\\/men-vanskeligst-av-alt-er-kjaerligheten\\\/#primaryimage\",\"url\":\"https:\\\/\\\/lmf.no\\\/skagerrak-forlag\\\/wp-content\\\/uploads\\\/2017\\\/04\\\/1.jpg\",\"contentUrl\":\"https:\\\/\\\/lmf.no\\\/skagerrak-forlag\\\/wp-content\\\/uploads\\\/2017\\\/04\\\/1.jpg\",\"width\":187,\"height\":270},{\"@type\":\"BreadcrumbList\",\"@id\":\"https:\\\/\\\/lmf.no\\\/skagerrak-forlag\\\/en\\\/butikk\\\/foredragsholdere\\\/per-anders-nordengen\\\/men-vanskeligst-av-alt-er-kjaerligheten\\\/#breadcrumb\",\"itemListElement\":[{\"@type\":\"ListItem\",\"position\":1,\"name\":\"Hjem\",\"item\":\"https:\\\/\\\/lmf.no\\\/skagerrak-forlag\\\/\"},{\"@type\":\"ListItem\",\"position\":2,\"name\":\"Butikk\",\"item\":\"https:\\\/\\\/lmf.no\\\/skagerrak-forlag\\\/butikk-2\\\/\"},{\"@type\":\"ListItem\",\"position\":3,\"name\":\"Men vanskeligst av alt er kj\u00e6rligheten\"}]},{\"@type\":\"WebSite\",\"@id\":\"https:\\\/\\\/lmf.no\\\/skagerrak-forlag\\\/#website\",\"url\":\"https:\\\/\\\/lmf.no\\\/skagerrak-forlag\\\/\",\"name\":\"Skagerrak Forlag AS\",\"description\":\"Utgivelse av l\u00e6reb\u00f8ker\",\"publisher\":{\"@id\":\"https:\\\/\\\/lmf.no\\\/skagerrak-forlag\\\/#organization\"},\"alternateName\":\"L\u00e6remiddelforlaget - Skagerrak Forlag AS\",\"potentialAction\":[{\"@type\":\"SearchAction\",\"target\":{\"@type\":\"EntryPoint\",\"urlTemplate\":\"https:\\\/\\\/lmf.no\\\/skagerrak-forlag\\\/?s={search_term_string}\"},\"query-input\":{\"@type\":\"PropertyValueSpecification\",\"valueRequired\":true,\"valueName\":\"search_term_string\"}}],\"inLanguage\":\"en-US\"},{\"@type\":\"Organization\",\"@id\":\"https:\\\/\\\/lmf.no\\\/skagerrak-forlag\\\/#organization\",\"name\":\"Skagerrak Forlag AS\",\"alternateName\":\"L\u00e6remiddelforlaget - Skagerrak Forlag\",\"url\":\"https:\\\/\\\/lmf.no\\\/skagerrak-forlag\\\/\",\"logo\":{\"@type\":\"ImageObject\",\"inLanguage\":\"en-US\",\"@id\":\"https:\\\/\\\/lmf.no\\\/skagerrak-forlag\\\/#\\\/schema\\\/logo\\\/image\\\/\",\"url\":\"https:\\\/\\\/lmf.no\\\/skagerrak-forlag\\\/wp-content\\\/uploads\\\/2024\\\/04\\\/skagerrak-forlag.png\",\"contentUrl\":\"https:\\\/\\\/lmf.no\\\/skagerrak-forlag\\\/wp-content\\\/uploads\\\/2024\\\/04\\\/skagerrak-forlag.png\",\"width\":188,\"height\":47,\"caption\":\"Skagerrak Forlag AS\"},\"image\":{\"@id\":\"https:\\\/\\\/lmf.no\\\/skagerrak-forlag\\\/#\\\/schema\\\/logo\\\/image\\\/\"}}]}<\/script>\n<!-- \/ Yoast SEO plugin. -->","yoast_head_json":{"title":"Men vanskeligst av alt er kj\u00e6rligheten | L\u00e6remiddelforlaget - Skagerrak Forlag AS","robots":{"index":"index","follow":"follow","max-snippet":"max-snippet:-1","max-image-preview":"max-image-preview:large","max-video-preview":"max-video-preview:-1"},"canonical":"https:\/\/lmf.no\/skagerrak-forlag\/en\/butikk\/foredragsholdere\/per-anders-nordengen\/men-vanskeligst-av-alt-er-kjaerligheten\/","og_locale":"en_US","og_type":"article","og_title":"Men vanskeligst av alt er kj\u00e6rligheten | L\u00e6remiddelforlaget - Skagerrak Forlag AS","og_description":"Forfatter: Per Anders Nordengen ISBN: 788292284759 Kj\u00e6rligheten er noe av det st\u00f8rste, beste og samtidig vanskeligste i livet. Den er fantastisk, men ogs\u00e5 skj\u00f8r og s\u00e5rbar. [\u2026]","og_url":"https:\/\/lmf.no\/skagerrak-forlag\/en\/butikk\/foredragsholdere\/per-anders-nordengen\/men-vanskeligst-av-alt-er-kjaerligheten\/","og_site_name":"L\u00e6remiddelforlaget - Skagerrak Forlag AS","article_modified_time":"2026-01-28T10:58:09+00:00","og_image":[{"width":187,"height":270,"url":"https:\/\/lmf.no\/skagerrak-forlag\/wp-content\/uploads\/2017\/04\/1.jpg","type":"image\/jpeg"}],"twitter_card":"summary_large_image","twitter_misc":{"Est. reading time":"1 minute"},"schema":{"@context":"https:\/\/schema.org","@graph":[{"@type":"WebPage","@id":"https:\/\/lmf.no\/skagerrak-forlag\/en\/butikk\/foredragsholdere\/per-anders-nordengen\/men-vanskeligst-av-alt-er-kjaerligheten\/","url":"https:\/\/lmf.no\/skagerrak-forlag\/en\/butikk\/foredragsholdere\/per-anders-nordengen\/men-vanskeligst-av-alt-er-kjaerligheten\/","name":"Men vanskeligst av alt er kj\u00e6rligheten | L\u00e6remiddelforlaget - Skagerrak Forlag AS","isPartOf":{"@id":"https:\/\/lmf.no\/skagerrak-forlag\/#website"},"primaryImageOfPage":{"@id":"https:\/\/lmf.no\/skagerrak-forlag\/en\/butikk\/foredragsholdere\/per-anders-nordengen\/men-vanskeligst-av-alt-er-kjaerligheten\/#primaryimage"},"image":{"@id":"https:\/\/lmf.no\/skagerrak-forlag\/en\/butikk\/foredragsholdere\/per-anders-nordengen\/men-vanskeligst-av-alt-er-kjaerligheten\/#primaryimage"},"thumbnailUrl":"https:\/\/lmf.no\/skagerrak-forlag\/wp-content\/uploads\/2017\/04\/1.jpg","datePublished":"2017-04-13T09:36:15+00:00","dateModified":"2026-01-28T10:58:09+00:00","breadcrumb":{"@id":"https:\/\/lmf.no\/skagerrak-forlag\/en\/butikk\/foredragsholdere\/per-anders-nordengen\/men-vanskeligst-av-alt-er-kjaerligheten\/#breadcrumb"},"inLanguage":"en-US","potentialAction":[{"@type":"ReadAction","target":["https:\/\/lmf.no\/skagerrak-forlag\/en\/butikk\/foredragsholdere\/per-anders-nordengen\/men-vanskeligst-av-alt-er-kjaerligheten\/"]}]},{"@type":"ImageObject","inLanguage":"en-US","@id":"https:\/\/lmf.no\/skagerrak-forlag\/en\/butikk\/foredragsholdere\/per-anders-nordengen\/men-vanskeligst-av-alt-er-kjaerligheten\/#primaryimage","url":"https:\/\/lmf.no\/skagerrak-forlag\/wp-content\/uploads\/2017\/04\/1.jpg","contentUrl":"https:\/\/lmf.no\/skagerrak-forlag\/wp-content\/uploads\/2017\/04\/1.jpg","width":187,"height":270},{"@type":"BreadcrumbList","@id":"https:\/\/lmf.no\/skagerrak-forlag\/en\/butikk\/foredragsholdere\/per-anders-nordengen\/men-vanskeligst-av-alt-er-kjaerligheten\/#breadcrumb","itemListElement":[{"@type":"ListItem","position":1,"name":"Hjem","item":"https:\/\/lmf.no\/skagerrak-forlag\/"},{"@type":"ListItem","position":2,"name":"Butikk","item":"https:\/\/lmf.no\/skagerrak-forlag\/butikk-2\/"},{"@type":"ListItem","position":3,"name":"Men vanskeligst av alt er kj\u00e6rligheten"}]},{"@type":"WebSite","@id":"https:\/\/lmf.no\/skagerrak-forlag\/#website","url":"https:\/\/lmf.no\/skagerrak-forlag\/","name":"Skagerrak Forlag AS","description":"Utgivelse av l\u00e6reb\u00f8ker","publisher":{"@id":"https:\/\/lmf.no\/skagerrak-forlag\/#organization"},"alternateName":"L\u00e6remiddelforlaget - Skagerrak Forlag AS","potentialAction":[{"@type":"SearchAction","target":{"@type":"EntryPoint","urlTemplate":"https:\/\/lmf.no\/skagerrak-forlag\/?s={search_term_string}"},"query-input":{"@type":"PropertyValueSpecification","valueRequired":true,"valueName":"search_term_string"}}],"inLanguage":"en-US"},{"@type":"Organization","@id":"https:\/\/lmf.no\/skagerrak-forlag\/#organization","name":"Skagerrak Forlag AS","alternateName":"L\u00e6remiddelforlaget - Skagerrak Forlag","url":"https:\/\/lmf.no\/skagerrak-forlag\/","logo":{"@type":"ImageObject","inLanguage":"en-US","@id":"https:\/\/lmf.no\/skagerrak-forlag\/#\/schema\/logo\/image\/","url":"https:\/\/lmf.no\/skagerrak-forlag\/wp-content\/uploads\/2024\/04\/skagerrak-forlag.png","contentUrl":"https:\/\/lmf.no\/skagerrak-forlag\/wp-content\/uploads\/2024\/04\/skagerrak-forlag.png","width":188,"height":47,"caption":"Skagerrak Forlag AS"},"image":{"@id":"https:\/\/lmf.no\/skagerrak-forlag\/#\/schema\/logo\/image\/"}}]}},"_links":{"self":[{"href":"https:\/\/lmf.no\/skagerrak-forlag\/en\/wp-json\/wp\/v2\/product\/297","targetHints":{"allow":["GET"]}}],"collection":[{"href":"https:\/\/lmf.no\/skagerrak-forlag\/en\/wp-json\/wp\/v2\/product"}],"about":[{"href":"https:\/\/lmf.no\/skagerrak-forlag\/en\/wp-json\/wp\/v2\/types\/product"}],"wp:featuredmedia":[{"embeddable":true,"href":"https:\/\/lmf.no\/skagerrak-forlag\/en\/wp-json\/wp\/v2\/media\/302"}],"wp:attachment":[{"href":"https:\/\/lmf.no\/skagerrak-forlag\/en\/wp-json\/wp\/v2\/media?parent=297"}],"wp:term":[{"taxonomy":"product_brand","embeddable":true,"href":"https:\/\/lmf.no\/skagerrak-forlag\/en\/wp-json\/wp\/v2\/product_brand?post=297"},{"taxonomy":"product_cat","embeddable":true,"href":"https:\/\/lmf.no\/skagerrak-forlag\/en\/wp-json\/wp\/v2\/product_cat?post=297"},{"taxonomy":"product_tag","embeddable":true,"href":"https:\/\/lmf.no\/skagerrak-forlag\/en\/wp-json\/wp\/v2\/product_tag?post=297"}],"curies":[{"name":"wp","href":"https:\/\/api.w.org\/{rel}","templated":true}]}}