{"id":307,"date":"2017-04-13T10:38:24","date_gmt":"2017-04-13T09:38:24","guid":{"rendered":"http:\/\/laeremiddelforlaget.utkast.org\/skagerrak-forlag\/?post_type=product&#038;p=307"},"modified":"2026-03-04T09:07:15","modified_gmt":"2026-03-04T08:07:15","slug":"det-er-meg-det-kommer-an-pa","status":"publish","type":"product","link":"https:\/\/lmf.no\/skagerrak-forlag\/en\/butikk\/foredragsholdere\/gyrid-beck-solberg\/det-er-meg-det-kommer-an-pa\/","title":{"rendered":"Det er meg det kommer an p\u00e5"},"content":{"rendered":"<p>Forfatter: Gyrid Beck Solberg<br \/>\nISBN: 9788279972006<\/p>\n<p>Les disse enkle ordene, gjerne noen ganger hver dag, og la de synke inn. Denne lille boken kan f\u00e5 stor betydning for ditt liv.<\/p>\n<p>\u00c5 dra p\u00e5 ekspedisjon i egen sjel og tanker er det mest nyttige, levende og morsomme et menneske kan gj\u00f8re. Men reisen m\u00e5 ha et m\u00e5l &#8211; at du en dag ser deg i speilet og sier: Det er meg det kommer an p\u00e5! Da er du kommet fram til kjernen. Heretter mestrer du det du vil &#8211; fordi du trives med deg selv.<\/p>\n<p>Gyrid Beck Solberg holder foredrag om motivasjon, mental trening og bevisstgj\u00f8ring av ansvar for eget liv.<\/p>\n<p>&#8220;Jeg er her jeg er i dag fordi jeg har tatt et valg &#8211; et valg om \u00e5 lykkes med det jeg brenner for. Jeg tror s\u00e5 p\u00e5 det jeg snakker om, og vil at s\u00e5 mange som mulig skal h\u00f8re det.<br \/>\nJeg vil at folk skal skj\u00f8nne hvor viktig det er \u00e5 selv ta ansvar for egen utvikling, egen trivsel og eget liv &#8211; denne boken hjelper deg til det&#8221; Gyrid Beck Solberg<\/p>\n<p>Les mer om Gyrid Beck Solberg <a href=\"http:\/\/gyridbecksolberg.no\/\" target=\"_blank\" rel=\"noopener\">her <\/a>.<\/p>\n","protected":false},"excerpt":{"rendered":"<p>Forfatter: Gyrid Beck Solberg ISBN: 9788279972006 Les disse enkle ordene, gjerne noen ganger hver dag, og la de synke inn. Denne lille boken kan f\u00e5 stor<span class=\"excerpt-hellip\"> [\u2026]<\/span><\/p>\n","protected":false},"featured_media":2071,"template":"","meta":{"rs_blank_template":"","rs_page_bg_color":"","slide_template_v7":""},"product_brand":[],"product_cat":[40],"product_tag":[],"class_list":{"0":"post-307","1":"product","2":"type-product","3":"status-publish","4":"has-post-thumbnail","6":"product_cat-gyrid-beck-solberg","8":"first","9":"instock","10":"taxable","11":"shipping-taxable","12":"purchasable","13":"product-type-simple"},"yoast_head":"<!-- This site is optimized with the Yoast SEO plugin v27.4 - https:\/\/yoast.com\/product\/yoast-seo-wordpress\/ -->\n<title>Det er meg det kommer an p\u00e5 | L\u00e6remiddelforlaget - Skagerrak Forlag AS<\/title>\n<meta name=\"robots\" content=\"index, follow, max-snippet:-1, max-image-preview:large, max-video-preview:-1\" \/>\n<link rel=\"canonical\" href=\"https:\/\/lmf.no\/skagerrak-forlag\/butikk\/foredragsholdere\/gyrid-beck-solberg\/det-er-meg-det-kommer-an-pa\/\" \/>\n<meta property=\"og:locale\" content=\"en_US\" \/>\n<meta property=\"og:type\" content=\"article\" \/>\n<meta property=\"og:title\" content=\"Det er meg det kommer an p\u00e5 | L\u00e6remiddelforlaget - Skagerrak Forlag AS\" \/>\n<meta property=\"og:description\" content=\"Forfatter: Gyrid Beck Solberg ISBN: 9788279972006 Les disse enkle ordene, gjerne noen ganger hver dag, og la de synke inn. Denne lille boken kan f\u00e5 stor [\u2026]\" \/>\n<meta property=\"og:url\" content=\"https:\/\/lmf.no\/skagerrak-forlag\/butikk\/foredragsholdere\/gyrid-beck-solberg\/det-er-meg-det-kommer-an-pa\/\" \/>\n<meta property=\"og:site_name\" content=\"L\u00e6remiddelforlaget - Skagerrak Forlag AS\" \/>\n<meta property=\"article:modified_time\" content=\"2026-03-04T08:07:15+00:00\" \/>\n<meta property=\"og:image\" content=\"https:\/\/lmf.no\/skagerrak-forlag\/wp-content\/uploads\/2017\/04\/Gyrid_omslag_web-1.jpg\" \/>\n\t<meta property=\"og:image:width\" content=\"1718\" \/>\n\t<meta property=\"og:image:height\" content=\"2474\" \/>\n\t<meta property=\"og:image:type\" content=\"image\/jpeg\" \/>\n<meta name=\"twitter:card\" content=\"summary_large_image\" \/>\n<meta name=\"twitter:label1\" content=\"Est. reading time\" \/>\n\t<meta name=\"twitter:data1\" content=\"2 minutes\" \/>\n<script type=\"application\/ld+json\" class=\"yoast-schema-graph\">{\"@context\":\"https:\\\/\\\/schema.org\",\"@graph\":[{\"@type\":\"WebPage\",\"@id\":\"https:\\\/\\\/lmf.no\\\/skagerrak-forlag\\\/butikk\\\/foredragsholdere\\\/gyrid-beck-solberg\\\/det-er-meg-det-kommer-an-pa\\\/\",\"url\":\"https:\\\/\\\/lmf.no\\\/skagerrak-forlag\\\/butikk\\\/foredragsholdere\\\/gyrid-beck-solberg\\\/det-er-meg-det-kommer-an-pa\\\/\",\"name\":\"Det er meg det kommer an p\u00e5 | L\u00e6remiddelforlaget - Skagerrak Forlag AS\",\"isPartOf\":{\"@id\":\"https:\\\/\\\/lmf.no\\\/skagerrak-forlag\\\/#website\"},\"primaryImageOfPage\":{\"@id\":\"https:\\\/\\\/lmf.no\\\/skagerrak-forlag\\\/butikk\\\/foredragsholdere\\\/gyrid-beck-solberg\\\/det-er-meg-det-kommer-an-pa\\\/#primaryimage\"},\"image\":{\"@id\":\"https:\\\/\\\/lmf.no\\\/skagerrak-forlag\\\/butikk\\\/foredragsholdere\\\/gyrid-beck-solberg\\\/det-er-meg-det-kommer-an-pa\\\/#primaryimage\"},\"thumbnailUrl\":\"https:\\\/\\\/lmf.no\\\/skagerrak-forlag\\\/wp-content\\\/uploads\\\/2017\\\/04\\\/Gyrid_omslag_web-1.jpg\",\"datePublished\":\"2017-04-13T09:38:24+00:00\",\"dateModified\":\"2026-03-04T08:07:15+00:00\",\"breadcrumb\":{\"@id\":\"https:\\\/\\\/lmf.no\\\/skagerrak-forlag\\\/butikk\\\/foredragsholdere\\\/gyrid-beck-solberg\\\/det-er-meg-det-kommer-an-pa\\\/#breadcrumb\"},\"inLanguage\":\"en-US\",\"potentialAction\":[{\"@type\":\"ReadAction\",\"target\":[\"https:\\\/\\\/lmf.no\\\/skagerrak-forlag\\\/butikk\\\/foredragsholdere\\\/gyrid-beck-solberg\\\/det-er-meg-det-kommer-an-pa\\\/\"]}]},{\"@type\":\"ImageObject\",\"inLanguage\":\"en-US\",\"@id\":\"https:\\\/\\\/lmf.no\\\/skagerrak-forlag\\\/butikk\\\/foredragsholdere\\\/gyrid-beck-solberg\\\/det-er-meg-det-kommer-an-pa\\\/#primaryimage\",\"url\":\"https:\\\/\\\/lmf.no\\\/skagerrak-forlag\\\/wp-content\\\/uploads\\\/2017\\\/04\\\/Gyrid_omslag_web-1.jpg\",\"contentUrl\":\"https:\\\/\\\/lmf.no\\\/skagerrak-forlag\\\/wp-content\\\/uploads\\\/2017\\\/04\\\/Gyrid_omslag_web-1.jpg\",\"width\":1718,\"height\":2474},{\"@type\":\"BreadcrumbList\",\"@id\":\"https:\\\/\\\/lmf.no\\\/skagerrak-forlag\\\/butikk\\\/foredragsholdere\\\/gyrid-beck-solberg\\\/det-er-meg-det-kommer-an-pa\\\/#breadcrumb\",\"itemListElement\":[{\"@type\":\"ListItem\",\"position\":1,\"name\":\"Hjem\",\"item\":\"https:\\\/\\\/lmf.no\\\/skagerrak-forlag\\\/\"},{\"@type\":\"ListItem\",\"position\":2,\"name\":\"Butikk\",\"item\":\"https:\\\/\\\/lmf.no\\\/skagerrak-forlag\\\/butikk-2\\\/\"},{\"@type\":\"ListItem\",\"position\":3,\"name\":\"Det er meg det kommer an p\u00e5\"}]},{\"@type\":\"WebSite\",\"@id\":\"https:\\\/\\\/lmf.no\\\/skagerrak-forlag\\\/#website\",\"url\":\"https:\\\/\\\/lmf.no\\\/skagerrak-forlag\\\/\",\"name\":\"Skagerrak Forlag AS\",\"description\":\"Utgivelse av l\u00e6reb\u00f8ker\",\"publisher\":{\"@id\":\"https:\\\/\\\/lmf.no\\\/skagerrak-forlag\\\/#organization\"},\"alternateName\":\"L\u00e6remiddelforlaget - Skagerrak Forlag AS\",\"potentialAction\":[{\"@type\":\"SearchAction\",\"target\":{\"@type\":\"EntryPoint\",\"urlTemplate\":\"https:\\\/\\\/lmf.no\\\/skagerrak-forlag\\\/?s={search_term_string}\"},\"query-input\":{\"@type\":\"PropertyValueSpecification\",\"valueRequired\":true,\"valueName\":\"search_term_string\"}}],\"inLanguage\":\"en-US\"},{\"@type\":\"Organization\",\"@id\":\"https:\\\/\\\/lmf.no\\\/skagerrak-forlag\\\/#organization\",\"name\":\"Skagerrak Forlag AS\",\"alternateName\":\"L\u00e6remiddelforlaget - Skagerrak Forlag\",\"url\":\"https:\\\/\\\/lmf.no\\\/skagerrak-forlag\\\/\",\"logo\":{\"@type\":\"ImageObject\",\"inLanguage\":\"en-US\",\"@id\":\"https:\\\/\\\/lmf.no\\\/skagerrak-forlag\\\/#\\\/schema\\\/logo\\\/image\\\/\",\"url\":\"https:\\\/\\\/lmf.no\\\/skagerrak-forlag\\\/wp-content\\\/uploads\\\/2024\\\/04\\\/skagerrak-forlag.png\",\"contentUrl\":\"https:\\\/\\\/lmf.no\\\/skagerrak-forlag\\\/wp-content\\\/uploads\\\/2024\\\/04\\\/skagerrak-forlag.png\",\"width\":188,\"height\":47,\"caption\":\"Skagerrak Forlag AS\"},\"image\":{\"@id\":\"https:\\\/\\\/lmf.no\\\/skagerrak-forlag\\\/#\\\/schema\\\/logo\\\/image\\\/\"}}]}<\/script>\n<!-- \/ Yoast SEO plugin. -->","yoast_head_json":{"title":"Det er meg det kommer an p\u00e5 | L\u00e6remiddelforlaget - Skagerrak Forlag AS","robots":{"index":"index","follow":"follow","max-snippet":"max-snippet:-1","max-image-preview":"max-image-preview:large","max-video-preview":"max-video-preview:-1"},"canonical":"https:\/\/lmf.no\/skagerrak-forlag\/butikk\/foredragsholdere\/gyrid-beck-solberg\/det-er-meg-det-kommer-an-pa\/","og_locale":"en_US","og_type":"article","og_title":"Det er meg det kommer an p\u00e5 | L\u00e6remiddelforlaget - Skagerrak Forlag AS","og_description":"Forfatter: Gyrid Beck Solberg ISBN: 9788279972006 Les disse enkle ordene, gjerne noen ganger hver dag, og la de synke inn. Denne lille boken kan f\u00e5 stor [\u2026]","og_url":"https:\/\/lmf.no\/skagerrak-forlag\/butikk\/foredragsholdere\/gyrid-beck-solberg\/det-er-meg-det-kommer-an-pa\/","og_site_name":"L\u00e6remiddelforlaget - Skagerrak Forlag AS","article_modified_time":"2026-03-04T08:07:15+00:00","og_image":[{"width":1718,"height":2474,"url":"https:\/\/lmf.no\/skagerrak-forlag\/wp-content\/uploads\/2017\/04\/Gyrid_omslag_web-1.jpg","type":"image\/jpeg"}],"twitter_card":"summary_large_image","twitter_misc":{"Est. reading time":"2 minutes"},"schema":{"@context":"https:\/\/schema.org","@graph":[{"@type":"WebPage","@id":"https:\/\/lmf.no\/skagerrak-forlag\/butikk\/foredragsholdere\/gyrid-beck-solberg\/det-er-meg-det-kommer-an-pa\/","url":"https:\/\/lmf.no\/skagerrak-forlag\/butikk\/foredragsholdere\/gyrid-beck-solberg\/det-er-meg-det-kommer-an-pa\/","name":"Det er meg det kommer an p\u00e5 | L\u00e6remiddelforlaget - Skagerrak Forlag AS","isPartOf":{"@id":"https:\/\/lmf.no\/skagerrak-forlag\/#website"},"primaryImageOfPage":{"@id":"https:\/\/lmf.no\/skagerrak-forlag\/butikk\/foredragsholdere\/gyrid-beck-solberg\/det-er-meg-det-kommer-an-pa\/#primaryimage"},"image":{"@id":"https:\/\/lmf.no\/skagerrak-forlag\/butikk\/foredragsholdere\/gyrid-beck-solberg\/det-er-meg-det-kommer-an-pa\/#primaryimage"},"thumbnailUrl":"https:\/\/lmf.no\/skagerrak-forlag\/wp-content\/uploads\/2017\/04\/Gyrid_omslag_web-1.jpg","datePublished":"2017-04-13T09:38:24+00:00","dateModified":"2026-03-04T08:07:15+00:00","breadcrumb":{"@id":"https:\/\/lmf.no\/skagerrak-forlag\/butikk\/foredragsholdere\/gyrid-beck-solberg\/det-er-meg-det-kommer-an-pa\/#breadcrumb"},"inLanguage":"en-US","potentialAction":[{"@type":"ReadAction","target":["https:\/\/lmf.no\/skagerrak-forlag\/butikk\/foredragsholdere\/gyrid-beck-solberg\/det-er-meg-det-kommer-an-pa\/"]}]},{"@type":"ImageObject","inLanguage":"en-US","@id":"https:\/\/lmf.no\/skagerrak-forlag\/butikk\/foredragsholdere\/gyrid-beck-solberg\/det-er-meg-det-kommer-an-pa\/#primaryimage","url":"https:\/\/lmf.no\/skagerrak-forlag\/wp-content\/uploads\/2017\/04\/Gyrid_omslag_web-1.jpg","contentUrl":"https:\/\/lmf.no\/skagerrak-forlag\/wp-content\/uploads\/2017\/04\/Gyrid_omslag_web-1.jpg","width":1718,"height":2474},{"@type":"BreadcrumbList","@id":"https:\/\/lmf.no\/skagerrak-forlag\/butikk\/foredragsholdere\/gyrid-beck-solberg\/det-er-meg-det-kommer-an-pa\/#breadcrumb","itemListElement":[{"@type":"ListItem","position":1,"name":"Hjem","item":"https:\/\/lmf.no\/skagerrak-forlag\/"},{"@type":"ListItem","position":2,"name":"Butikk","item":"https:\/\/lmf.no\/skagerrak-forlag\/butikk-2\/"},{"@type":"ListItem","position":3,"name":"Det er meg det kommer an p\u00e5"}]},{"@type":"WebSite","@id":"https:\/\/lmf.no\/skagerrak-forlag\/#website","url":"https:\/\/lmf.no\/skagerrak-forlag\/","name":"Skagerrak Forlag AS","description":"Utgivelse av l\u00e6reb\u00f8ker","publisher":{"@id":"https:\/\/lmf.no\/skagerrak-forlag\/#organization"},"alternateName":"L\u00e6remiddelforlaget - Skagerrak Forlag AS","potentialAction":[{"@type":"SearchAction","target":{"@type":"EntryPoint","urlTemplate":"https:\/\/lmf.no\/skagerrak-forlag\/?s={search_term_string}"},"query-input":{"@type":"PropertyValueSpecification","valueRequired":true,"valueName":"search_term_string"}}],"inLanguage":"en-US"},{"@type":"Organization","@id":"https:\/\/lmf.no\/skagerrak-forlag\/#organization","name":"Skagerrak Forlag AS","alternateName":"L\u00e6remiddelforlaget - Skagerrak Forlag","url":"https:\/\/lmf.no\/skagerrak-forlag\/","logo":{"@type":"ImageObject","inLanguage":"en-US","@id":"https:\/\/lmf.no\/skagerrak-forlag\/#\/schema\/logo\/image\/","url":"https:\/\/lmf.no\/skagerrak-forlag\/wp-content\/uploads\/2024\/04\/skagerrak-forlag.png","contentUrl":"https:\/\/lmf.no\/skagerrak-forlag\/wp-content\/uploads\/2024\/04\/skagerrak-forlag.png","width":188,"height":47,"caption":"Skagerrak Forlag AS"},"image":{"@id":"https:\/\/lmf.no\/skagerrak-forlag\/#\/schema\/logo\/image\/"}}]}},"_links":{"self":[{"href":"https:\/\/lmf.no\/skagerrak-forlag\/en\/wp-json\/wp\/v2\/product\/307","targetHints":{"allow":["GET"]}}],"collection":[{"href":"https:\/\/lmf.no\/skagerrak-forlag\/en\/wp-json\/wp\/v2\/product"}],"about":[{"href":"https:\/\/lmf.no\/skagerrak-forlag\/en\/wp-json\/wp\/v2\/types\/product"}],"wp:featuredmedia":[{"embeddable":true,"href":"https:\/\/lmf.no\/skagerrak-forlag\/en\/wp-json\/wp\/v2\/media\/2071"}],"wp:attachment":[{"href":"https:\/\/lmf.no\/skagerrak-forlag\/en\/wp-json\/wp\/v2\/media?parent=307"}],"wp:term":[{"taxonomy":"product_brand","embeddable":true,"href":"https:\/\/lmf.no\/skagerrak-forlag\/en\/wp-json\/wp\/v2\/product_brand?post=307"},{"taxonomy":"product_cat","embeddable":true,"href":"https:\/\/lmf.no\/skagerrak-forlag\/en\/wp-json\/wp\/v2\/product_cat?post=307"},{"taxonomy":"product_tag","embeddable":true,"href":"https:\/\/lmf.no\/skagerrak-forlag\/en\/wp-json\/wp\/v2\/product_tag?post=307"}],"curies":[{"name":"wp","href":"https:\/\/api.w.org\/{rel}","templated":true}]}}