{"id":601,"date":"2018-09-10T09:21:48","date_gmt":"2018-09-10T07:21:48","guid":{"rendered":"https:\/\/lmf.no\/skagerrak-forlag\/?post_type=product&#038;p=601"},"modified":"2026-01-28T11:57:58","modified_gmt":"2026-01-28T10:57:58","slug":"stang-ut-stang-inn","status":"publish","type":"product","link":"https:\/\/lmf.no\/skagerrak-forlag\/en\/butikk\/lokal-litteratur\/stang-ut-stang-inn\/stang-ut-stang-inn\/","title":{"rendered":"Stang ut &#8211; Stang inn!"},"content":{"rendered":"<p>Hva i all verden skjedde midt p\u00e5 90-tallet som fikk Ballklubben og Runar til \u00e5 skape et nytt fotballag i Sandefjord?<\/p>\n<p>Hva i all verden fikk byens ordf\u00f8rer til \u00e5 kaste kl\u00e6rne, l\u00f8pe ut p\u00e5 banen, kysse samtlige spillere, vise vill glede, galskap og frie f\u00f8lelser for Sandefjord Fotball?<\/p>\n<p>Hva i all verden skjedde en h\u00f8stkveld i Trondheim i 2006 som gjorde at Sandefjord Fotball rundspilte Rosenborg og vant med tre m\u00e5l?<\/p>\n<p>Leseren f\u00e5r i denne boken innblikk i hvordan Sandefjord Fotball ble skapt, og hvordan klubben har utviklet seg fra brakketilv\u00e6relse i 2. divisjon p\u00e5 Storstadion til eliteseriespill p\u00e5 Komplett Arena.<\/p>\n<p>Husker du de v\u00e5rk\u00e5te spillere som gjennomf\u00f8rte den f\u00f8rste sesongen uten ett eneste tap?<\/p>\n<p>Husker du slaget i Moss i 2005 og byfesten i sentrum etterp\u00e5 som fikk borgerlige beboere i byen til \u00e5 sl\u00e5 blikket ned?<\/p>\n<p>Husker du 10, 10, 10 sesongen \u2013 Sandefjord Fotballs beste noensinne?<\/p>\n<p>Denne jubileumsboken tar leseren med inn i alle h\u00f8ydepunktene, og alle nedturene, gjennom Sandefjord Fotballs 20-\u00e5rige historie.<\/p>","protected":false},"excerpt":{"rendered":"<p>Hva i all verden skjedde midt p\u00e5 90-tallet som fikk Ballklubben og Runar til \u00e5 skape et nytt fotballag i Sandefjord? Hva i all verden fikk<span class=\"excerpt-hellip\"> [\u2026]<\/span><\/p>\n","protected":false},"featured_media":604,"template":"","meta":{"rs_blank_template":"","rs_page_bg_color":"","slide_template_v7":""},"product_brand":[],"product_cat":[44,45],"product_tag":[],"class_list":{"0":"post-601","1":"product","2":"type-product","3":"status-publish","4":"has-post-thumbnail","6":"product_cat-lokal-litteratur","7":"product_cat-stang-ut-stang-inn","9":"first","10":"instock","11":"taxable","12":"shipping-taxable","13":"purchasable","14":"product-type-simple"},"yoast_head":"<!-- This site is optimized with the Yoast SEO plugin v27.4 - https:\/\/yoast.com\/product\/yoast-seo-wordpress\/ -->\n<title>Stang ut - Stang inn! | L\u00e6remiddelforlaget - Skagerrak Forlag AS<\/title>\n<meta name=\"robots\" content=\"index, follow, max-snippet:-1, max-image-preview:large, max-video-preview:-1\" \/>\n<link rel=\"canonical\" href=\"https:\/\/lmf.no\/skagerrak-forlag\/en\/butikk\/lokal-litteratur\/stang-ut-stang-inn\/stang-ut-stang-inn\/\" \/>\n<meta property=\"og:locale\" content=\"en_US\" \/>\n<meta property=\"og:type\" content=\"article\" \/>\n<meta property=\"og:title\" content=\"Stang ut - Stang inn! | L\u00e6remiddelforlaget - Skagerrak Forlag AS\" \/>\n<meta property=\"og:description\" content=\"Hva i all verden skjedde midt p\u00e5 90-tallet som fikk Ballklubben og Runar til \u00e5 skape et nytt fotballag i Sandefjord? Hva i all verden fikk [\u2026]\" \/>\n<meta property=\"og:url\" content=\"https:\/\/lmf.no\/skagerrak-forlag\/en\/butikk\/lokal-litteratur\/stang-ut-stang-inn\/stang-ut-stang-inn\/\" \/>\n<meta property=\"og:site_name\" content=\"L\u00e6remiddelforlaget - Skagerrak Forlag AS\" \/>\n<meta property=\"article:modified_time\" content=\"2026-01-28T10:57:58+00:00\" \/>\n<meta property=\"og:image\" content=\"https:\/\/lmf.no\/skagerrak-forlag\/wp-content\/uploads\/2018\/09\/boken.jpg\" \/>\n\t<meta property=\"og:image:width\" content=\"200\" \/>\n\t<meta property=\"og:image:height\" content=\"224\" \/>\n\t<meta property=\"og:image:type\" content=\"image\/jpeg\" \/>\n<meta name=\"twitter:card\" content=\"summary_large_image\" \/>\n<meta name=\"twitter:label1\" content=\"Est. reading time\" \/>\n\t<meta name=\"twitter:data1\" content=\"2 minutes\" \/>\n<script type=\"application\/ld+json\" class=\"yoast-schema-graph\">{\"@context\":\"https:\\\/\\\/schema.org\",\"@graph\":[{\"@type\":\"WebPage\",\"@id\":\"https:\\\/\\\/lmf.no\\\/skagerrak-forlag\\\/en\\\/butikk\\\/lokal-litteratur\\\/stang-ut-stang-inn\\\/stang-ut-stang-inn\\\/\",\"url\":\"https:\\\/\\\/lmf.no\\\/skagerrak-forlag\\\/en\\\/butikk\\\/lokal-litteratur\\\/stang-ut-stang-inn\\\/stang-ut-stang-inn\\\/\",\"name\":\"Stang ut - Stang inn! | L\u00e6remiddelforlaget - Skagerrak Forlag AS\",\"isPartOf\":{\"@id\":\"https:\\\/\\\/lmf.no\\\/skagerrak-forlag\\\/#website\"},\"primaryImageOfPage\":{\"@id\":\"https:\\\/\\\/lmf.no\\\/skagerrak-forlag\\\/en\\\/butikk\\\/lokal-litteratur\\\/stang-ut-stang-inn\\\/stang-ut-stang-inn\\\/#primaryimage\"},\"image\":{\"@id\":\"https:\\\/\\\/lmf.no\\\/skagerrak-forlag\\\/en\\\/butikk\\\/lokal-litteratur\\\/stang-ut-stang-inn\\\/stang-ut-stang-inn\\\/#primaryimage\"},\"thumbnailUrl\":\"https:\\\/\\\/lmf.no\\\/skagerrak-forlag\\\/wp-content\\\/uploads\\\/2018\\\/09\\\/boken.jpg\",\"datePublished\":\"2018-09-10T07:21:48+00:00\",\"dateModified\":\"2026-01-28T10:57:58+00:00\",\"breadcrumb\":{\"@id\":\"https:\\\/\\\/lmf.no\\\/skagerrak-forlag\\\/en\\\/butikk\\\/lokal-litteratur\\\/stang-ut-stang-inn\\\/stang-ut-stang-inn\\\/#breadcrumb\"},\"inLanguage\":\"en-US\",\"potentialAction\":[{\"@type\":\"ReadAction\",\"target\":[\"https:\\\/\\\/lmf.no\\\/skagerrak-forlag\\\/en\\\/butikk\\\/lokal-litteratur\\\/stang-ut-stang-inn\\\/stang-ut-stang-inn\\\/\"]}]},{\"@type\":\"ImageObject\",\"inLanguage\":\"en-US\",\"@id\":\"https:\\\/\\\/lmf.no\\\/skagerrak-forlag\\\/en\\\/butikk\\\/lokal-litteratur\\\/stang-ut-stang-inn\\\/stang-ut-stang-inn\\\/#primaryimage\",\"url\":\"https:\\\/\\\/lmf.no\\\/skagerrak-forlag\\\/wp-content\\\/uploads\\\/2018\\\/09\\\/boken.jpg\",\"contentUrl\":\"https:\\\/\\\/lmf.no\\\/skagerrak-forlag\\\/wp-content\\\/uploads\\\/2018\\\/09\\\/boken.jpg\",\"width\":200,\"height\":224},{\"@type\":\"BreadcrumbList\",\"@id\":\"https:\\\/\\\/lmf.no\\\/skagerrak-forlag\\\/en\\\/butikk\\\/lokal-litteratur\\\/stang-ut-stang-inn\\\/stang-ut-stang-inn\\\/#breadcrumb\",\"itemListElement\":[{\"@type\":\"ListItem\",\"position\":1,\"name\":\"Hjem\",\"item\":\"https:\\\/\\\/lmf.no\\\/skagerrak-forlag\\\/\"},{\"@type\":\"ListItem\",\"position\":2,\"name\":\"Butikk\",\"item\":\"https:\\\/\\\/lmf.no\\\/skagerrak-forlag\\\/butikk-2\\\/\"},{\"@type\":\"ListItem\",\"position\":3,\"name\":\"Stang ut &#8211; Stang inn!\"}]},{\"@type\":\"WebSite\",\"@id\":\"https:\\\/\\\/lmf.no\\\/skagerrak-forlag\\\/#website\",\"url\":\"https:\\\/\\\/lmf.no\\\/skagerrak-forlag\\\/\",\"name\":\"Skagerrak Forlag AS\",\"description\":\"Utgivelse av l\u00e6reb\u00f8ker\",\"publisher\":{\"@id\":\"https:\\\/\\\/lmf.no\\\/skagerrak-forlag\\\/#organization\"},\"alternateName\":\"L\u00e6remiddelforlaget - Skagerrak Forlag AS\",\"potentialAction\":[{\"@type\":\"SearchAction\",\"target\":{\"@type\":\"EntryPoint\",\"urlTemplate\":\"https:\\\/\\\/lmf.no\\\/skagerrak-forlag\\\/?s={search_term_string}\"},\"query-input\":{\"@type\":\"PropertyValueSpecification\",\"valueRequired\":true,\"valueName\":\"search_term_string\"}}],\"inLanguage\":\"en-US\"},{\"@type\":\"Organization\",\"@id\":\"https:\\\/\\\/lmf.no\\\/skagerrak-forlag\\\/#organization\",\"name\":\"Skagerrak Forlag AS\",\"alternateName\":\"L\u00e6remiddelforlaget - Skagerrak Forlag\",\"url\":\"https:\\\/\\\/lmf.no\\\/skagerrak-forlag\\\/\",\"logo\":{\"@type\":\"ImageObject\",\"inLanguage\":\"en-US\",\"@id\":\"https:\\\/\\\/lmf.no\\\/skagerrak-forlag\\\/#\\\/schema\\\/logo\\\/image\\\/\",\"url\":\"https:\\\/\\\/lmf.no\\\/skagerrak-forlag\\\/wp-content\\\/uploads\\\/2024\\\/04\\\/skagerrak-forlag.png\",\"contentUrl\":\"https:\\\/\\\/lmf.no\\\/skagerrak-forlag\\\/wp-content\\\/uploads\\\/2024\\\/04\\\/skagerrak-forlag.png\",\"width\":188,\"height\":47,\"caption\":\"Skagerrak Forlag AS\"},\"image\":{\"@id\":\"https:\\\/\\\/lmf.no\\\/skagerrak-forlag\\\/#\\\/schema\\\/logo\\\/image\\\/\"}}]}<\/script>\n<!-- \/ Yoast SEO plugin. -->","yoast_head_json":{"title":"Stang ut - Stang inn! | L\u00e6remiddelforlaget - Skagerrak Forlag AS","robots":{"index":"index","follow":"follow","max-snippet":"max-snippet:-1","max-image-preview":"max-image-preview:large","max-video-preview":"max-video-preview:-1"},"canonical":"https:\/\/lmf.no\/skagerrak-forlag\/en\/butikk\/lokal-litteratur\/stang-ut-stang-inn\/stang-ut-stang-inn\/","og_locale":"en_US","og_type":"article","og_title":"Stang ut - Stang inn! | L\u00e6remiddelforlaget - Skagerrak Forlag AS","og_description":"Hva i all verden skjedde midt p\u00e5 90-tallet som fikk Ballklubben og Runar til \u00e5 skape et nytt fotballag i Sandefjord? Hva i all verden fikk [\u2026]","og_url":"https:\/\/lmf.no\/skagerrak-forlag\/en\/butikk\/lokal-litteratur\/stang-ut-stang-inn\/stang-ut-stang-inn\/","og_site_name":"L\u00e6remiddelforlaget - Skagerrak Forlag AS","article_modified_time":"2026-01-28T10:57:58+00:00","og_image":[{"width":200,"height":224,"url":"https:\/\/lmf.no\/skagerrak-forlag\/wp-content\/uploads\/2018\/09\/boken.jpg","type":"image\/jpeg"}],"twitter_card":"summary_large_image","twitter_misc":{"Est. reading time":"2 minutes"},"schema":{"@context":"https:\/\/schema.org","@graph":[{"@type":"WebPage","@id":"https:\/\/lmf.no\/skagerrak-forlag\/en\/butikk\/lokal-litteratur\/stang-ut-stang-inn\/stang-ut-stang-inn\/","url":"https:\/\/lmf.no\/skagerrak-forlag\/en\/butikk\/lokal-litteratur\/stang-ut-stang-inn\/stang-ut-stang-inn\/","name":"Stang ut - Stang inn! | L\u00e6remiddelforlaget - Skagerrak Forlag AS","isPartOf":{"@id":"https:\/\/lmf.no\/skagerrak-forlag\/#website"},"primaryImageOfPage":{"@id":"https:\/\/lmf.no\/skagerrak-forlag\/en\/butikk\/lokal-litteratur\/stang-ut-stang-inn\/stang-ut-stang-inn\/#primaryimage"},"image":{"@id":"https:\/\/lmf.no\/skagerrak-forlag\/en\/butikk\/lokal-litteratur\/stang-ut-stang-inn\/stang-ut-stang-inn\/#primaryimage"},"thumbnailUrl":"https:\/\/lmf.no\/skagerrak-forlag\/wp-content\/uploads\/2018\/09\/boken.jpg","datePublished":"2018-09-10T07:21:48+00:00","dateModified":"2026-01-28T10:57:58+00:00","breadcrumb":{"@id":"https:\/\/lmf.no\/skagerrak-forlag\/en\/butikk\/lokal-litteratur\/stang-ut-stang-inn\/stang-ut-stang-inn\/#breadcrumb"},"inLanguage":"en-US","potentialAction":[{"@type":"ReadAction","target":["https:\/\/lmf.no\/skagerrak-forlag\/en\/butikk\/lokal-litteratur\/stang-ut-stang-inn\/stang-ut-stang-inn\/"]}]},{"@type":"ImageObject","inLanguage":"en-US","@id":"https:\/\/lmf.no\/skagerrak-forlag\/en\/butikk\/lokal-litteratur\/stang-ut-stang-inn\/stang-ut-stang-inn\/#primaryimage","url":"https:\/\/lmf.no\/skagerrak-forlag\/wp-content\/uploads\/2018\/09\/boken.jpg","contentUrl":"https:\/\/lmf.no\/skagerrak-forlag\/wp-content\/uploads\/2018\/09\/boken.jpg","width":200,"height":224},{"@type":"BreadcrumbList","@id":"https:\/\/lmf.no\/skagerrak-forlag\/en\/butikk\/lokal-litteratur\/stang-ut-stang-inn\/stang-ut-stang-inn\/#breadcrumb","itemListElement":[{"@type":"ListItem","position":1,"name":"Hjem","item":"https:\/\/lmf.no\/skagerrak-forlag\/"},{"@type":"ListItem","position":2,"name":"Butikk","item":"https:\/\/lmf.no\/skagerrak-forlag\/butikk-2\/"},{"@type":"ListItem","position":3,"name":"Stang ut &#8211; Stang inn!"}]},{"@type":"WebSite","@id":"https:\/\/lmf.no\/skagerrak-forlag\/#website","url":"https:\/\/lmf.no\/skagerrak-forlag\/","name":"Skagerrak Forlag AS","description":"Utgivelse av l\u00e6reb\u00f8ker","publisher":{"@id":"https:\/\/lmf.no\/skagerrak-forlag\/#organization"},"alternateName":"L\u00e6remiddelforlaget - Skagerrak Forlag AS","potentialAction":[{"@type":"SearchAction","target":{"@type":"EntryPoint","urlTemplate":"https:\/\/lmf.no\/skagerrak-forlag\/?s={search_term_string}"},"query-input":{"@type":"PropertyValueSpecification","valueRequired":true,"valueName":"search_term_string"}}],"inLanguage":"en-US"},{"@type":"Organization","@id":"https:\/\/lmf.no\/skagerrak-forlag\/#organization","name":"Skagerrak Forlag AS","alternateName":"L\u00e6remiddelforlaget - Skagerrak Forlag","url":"https:\/\/lmf.no\/skagerrak-forlag\/","logo":{"@type":"ImageObject","inLanguage":"en-US","@id":"https:\/\/lmf.no\/skagerrak-forlag\/#\/schema\/logo\/image\/","url":"https:\/\/lmf.no\/skagerrak-forlag\/wp-content\/uploads\/2024\/04\/skagerrak-forlag.png","contentUrl":"https:\/\/lmf.no\/skagerrak-forlag\/wp-content\/uploads\/2024\/04\/skagerrak-forlag.png","width":188,"height":47,"caption":"Skagerrak Forlag AS"},"image":{"@id":"https:\/\/lmf.no\/skagerrak-forlag\/#\/schema\/logo\/image\/"}}]}},"_links":{"self":[{"href":"https:\/\/lmf.no\/skagerrak-forlag\/en\/wp-json\/wp\/v2\/product\/601","targetHints":{"allow":["GET"]}}],"collection":[{"href":"https:\/\/lmf.no\/skagerrak-forlag\/en\/wp-json\/wp\/v2\/product"}],"about":[{"href":"https:\/\/lmf.no\/skagerrak-forlag\/en\/wp-json\/wp\/v2\/types\/product"}],"wp:featuredmedia":[{"embeddable":true,"href":"https:\/\/lmf.no\/skagerrak-forlag\/en\/wp-json\/wp\/v2\/media\/604"}],"wp:attachment":[{"href":"https:\/\/lmf.no\/skagerrak-forlag\/en\/wp-json\/wp\/v2\/media?parent=601"}],"wp:term":[{"taxonomy":"product_brand","embeddable":true,"href":"https:\/\/lmf.no\/skagerrak-forlag\/en\/wp-json\/wp\/v2\/product_brand?post=601"},{"taxonomy":"product_cat","embeddable":true,"href":"https:\/\/lmf.no\/skagerrak-forlag\/en\/wp-json\/wp\/v2\/product_cat?post=601"},{"taxonomy":"product_tag","embeddable":true,"href":"https:\/\/lmf.no\/skagerrak-forlag\/en\/wp-json\/wp\/v2\/product_tag?post=601"}],"curies":[{"name":"wp","href":"https:\/\/api.w.org\/{rel}","templated":true}]}}