{"id":108,"date":"2014-11-20T07:57:03","date_gmt":"2014-11-20T07:57:03","guid":{"rendered":"http:\/\/themes.muffingroup.com\/be\/language\/?page_id=2"},"modified":"2024-04-30T09:43:59","modified_gmt":"2024-04-30T07:43:59","slug":"home","status":"publish","type":"page","link":"https:\/\/lmf.no\/skagerrak-forlag\/","title":{"rendered":"Forsiden"},"content":{"rendered":"<div class=\"wpb-content-wrapper\"><p>[vc_row full_width=&raquo;stretch_row&raquo; full_height=&raquo;yes&raquo; content_placement=&raquo;middle&raquo; css=&raquo;.vc_custom_1712571979494{background-image: url(https:\/\/lmf.no\/skagerrak-forlag\/wp-content\/uploads\/2017\/05\/skagerrak.jpg?id=373) !important;background-position: center !important;background-repeat: no-repeat !important;background-size: cover !important;}&raquo;][vc_column][vc_row_inner][vc_column_inner el_class=&raquo;whitetext&raquo; width=&raquo;1\/2&#8243; css=&raquo;.vc_custom_1712572275404{background-color: rgba(22,67,92,0.86) !important;*background-color: rgb(22,67,92) !important;}&raquo;][vc_column_text el_class=&raquo;whitetext&raquo; css=&raquo;.vc_custom_1712572283327{padding-top: 35px !important;padding-right: 35px !important;padding-bottom: 35px !important;padding-left: 35px !important;}&raquo;]<\/p>\n<h3>Skagerrak Forlag utgir b\u00f8ker innenfor f\u00f8lgende omr\u00e5der:<\/h3>\n<p>&#8211; <a href=\"\/skagerrak-forlag\/havneguiden\/\">Havneguiden<\/a><br \/>\n&#8211; <a href=\"\/skagerrak-forlag\/produktkategori\/maritim-litteratur\/\">Nautisk litteratur<\/a><br \/>\n&#8211; <a href=\"\/skagerrak-forlag\/produktkategori\/foredragsholdere\/\">Kjente foredragsholdere<\/a><br \/>\n&#8211; <a href=\"\/skagerrak-forlag\/produktkategori\/lokal-litteratur\/\">Lokal litteratur<\/a>[\/vc_column_text][\/vc_column_inner][vc_column_inner width=&raquo;1\/2&#8243;][\/vc_column_inner][\/vc_row_inner][\/vc_column][\/vc_row]<\/p>\n<\/div>","protected":false},"excerpt":{"rendered":"<p>[vc_row full_width=&raquo;stretch_row&raquo; full_height=&raquo;yes&raquo; content_placement=&raquo;middle&raquo; css=&raquo;.vc_custom_1712571979494{background-image: url(https:\/\/lmf.no\/skagerrak-forlag\/wp-content\/uploads\/2017\/05\/skagerrak.jpg?id=373) !important;background-position: center !important;background-repeat: no-repeat !important;background-size: cover !important;}&raquo;][vc_column][vc_row_inner][vc_column_inner el_class=&raquo;whitetext&raquo; width=&raquo;1\/2&#8243; css=&raquo;.vc_custom_1712572275404{background-color: rgba(22,67,92,0.86) !important;*background-color: rgb(22,67,92) !important;}&raquo;][vc_column_text el_class=&raquo;whitetext&raquo; css=&raquo;.vc_custom_1712572283327{padding-top: 35px !important;padding-right: 35px !important;padding-bottom:<span class=\"excerpt-hellip\"> [\u2026]<\/span><\/p>\n","protected":false},"author":1,"featured_media":0,"parent":0,"menu_order":0,"comment_status":"open","ping_status":"closed","template":"","meta":{"rs_blank_template":"","rs_page_bg_color":"","slide_template_v7":"","footnotes":""},"class_list":["post-108","page","type-page","status-publish","hentry"],"yoast_head":"<!-- This site is optimized with the Yoast SEO plugin v27.4 - https:\/\/yoast.com\/product\/yoast-seo-wordpress\/ -->\n<title>L\u00e6remiddelforlaget - Skagerrak Forlag AS | Utgivelse av l\u00e6reb\u00f8ker<\/title>\n<meta name=\"description\" content=\"Skagerrak Forlag utgir b\u00f8ker innenfor f\u00f8lgende omr\u00e5der: \u2013 Havneguiden \u2013 Nautisk litteratur \u2013 Kjente foredragsholdere \u2013 Lokal litteratur\" \/>\n<meta name=\"robots\" content=\"index, follow, max-snippet:-1, max-image-preview:large, max-video-preview:-1\" \/>\n<link rel=\"canonical\" href=\"https:\/\/lmf.no\/skagerrak-forlag\/\" \/>\n<meta property=\"og:locale\" content=\"nb_NO\" \/>\n<meta property=\"og:type\" content=\"article\" \/>\n<meta property=\"og:title\" content=\"L\u00e6remiddelforlaget - Skagerrak Forlag AS | Utgivelse av l\u00e6reb\u00f8ker\" \/>\n<meta property=\"og:description\" content=\"Skagerrak Forlag utgir b\u00f8ker innenfor f\u00f8lgende omr\u00e5der: \u2013 Havneguiden \u2013 Nautisk litteratur \u2013 Kjente foredragsholdere \u2013 Lokal litteratur\" \/>\n<meta property=\"og:url\" content=\"https:\/\/lmf.no\/skagerrak-forlag\/\" \/>\n<meta property=\"og:site_name\" content=\"L\u00e6remiddelforlaget - Skagerrak Forlag AS\" \/>\n<meta property=\"article:modified_time\" content=\"2024-04-30T07:43:59+00:00\" \/>\n<meta property=\"og:image\" content=\"https:\/\/lmf.no\/skagerrak-forlag\/wp-content\/uploads\/2024\/04\/skagerrak-forlag.jpg\" \/>\n\t<meta property=\"og:image:width\" content=\"1200\" \/>\n\t<meta property=\"og:image:height\" content=\"675\" \/>\n\t<meta property=\"og:image:type\" content=\"image\/jpeg\" \/>\n<meta name=\"twitter:card\" content=\"summary_large_image\" \/>\n<meta name=\"twitter:label1\" content=\"Ansl. lesetid\" \/>\n\t<meta name=\"twitter:data1\" content=\"1 minutt\" \/>\n<script type=\"application\/ld+json\" class=\"yoast-schema-graph\">{\"@context\":\"https:\\\/\\\/schema.org\",\"@graph\":[{\"@type\":\"WebPage\",\"@id\":\"https:\\\/\\\/lmf.no\\\/skagerrak-forlag\\\/\",\"url\":\"https:\\\/\\\/lmf.no\\\/skagerrak-forlag\\\/\",\"name\":\"L\u00e6remiddelforlaget - Skagerrak Forlag AS | Utgivelse av l\u00e6reb\u00f8ker\",\"isPartOf\":{\"@id\":\"https:\\\/\\\/lmf.no\\\/skagerrak-forlag\\\/#website\"},\"datePublished\":\"2014-11-20T07:57:03+00:00\",\"dateModified\":\"2024-04-30T07:43:59+00:00\",\"description\":\"Skagerrak Forlag utgir b\u00f8ker innenfor f\u00f8lgende omr\u00e5der: \u2013 Havneguiden \u2013 Nautisk litteratur \u2013 Kjente foredragsholdere \u2013 Lokal litteratur\",\"breadcrumb\":{\"@id\":\"https:\\\/\\\/lmf.no\\\/skagerrak-forlag\\\/#breadcrumb\"},\"inLanguage\":\"nb-NO\",\"potentialAction\":[{\"@type\":\"ReadAction\",\"target\":[\"https:\\\/\\\/lmf.no\\\/skagerrak-forlag\\\/\"]}]},{\"@type\":\"BreadcrumbList\",\"@id\":\"https:\\\/\\\/lmf.no\\\/skagerrak-forlag\\\/#breadcrumb\",\"itemListElement\":[{\"@type\":\"ListItem\",\"position\":1,\"name\":\"Hjem\",\"item\":\"https:\\\/\\\/lmf.no\\\/skagerrak-forlag\\\/\"},{\"@type\":\"ListItem\",\"position\":2,\"name\":\"Forsiden\"}]},{\"@type\":\"WebSite\",\"@id\":\"https:\\\/\\\/lmf.no\\\/skagerrak-forlag\\\/#website\",\"url\":\"https:\\\/\\\/lmf.no\\\/skagerrak-forlag\\\/\",\"name\":\"Skagerrak Forlag AS\",\"description\":\"Utgivelse av l\u00e6reb\u00f8ker\",\"publisher\":{\"@id\":\"https:\\\/\\\/lmf.no\\\/skagerrak-forlag\\\/#organization\"},\"alternateName\":\"L\u00e6remiddelforlaget - Skagerrak Forlag AS\",\"potentialAction\":[{\"@type\":\"SearchAction\",\"target\":{\"@type\":\"EntryPoint\",\"urlTemplate\":\"https:\\\/\\\/lmf.no\\\/skagerrak-forlag\\\/?s={search_term_string}\"},\"query-input\":{\"@type\":\"PropertyValueSpecification\",\"valueRequired\":true,\"valueName\":\"search_term_string\"}}],\"inLanguage\":\"nb-NO\"},{\"@type\":\"Organization\",\"@id\":\"https:\\\/\\\/lmf.no\\\/skagerrak-forlag\\\/#organization\",\"name\":\"Skagerrak Forlag AS\",\"alternateName\":\"L\u00e6remiddelforlaget - Skagerrak Forlag\",\"url\":\"https:\\\/\\\/lmf.no\\\/skagerrak-forlag\\\/\",\"logo\":{\"@type\":\"ImageObject\",\"inLanguage\":\"nb-NO\",\"@id\":\"https:\\\/\\\/lmf.no\\\/skagerrak-forlag\\\/#\\\/schema\\\/logo\\\/image\\\/\",\"url\":\"https:\\\/\\\/lmf.no\\\/skagerrak-forlag\\\/wp-content\\\/uploads\\\/2024\\\/04\\\/skagerrak-forlag.png\",\"contentUrl\":\"https:\\\/\\\/lmf.no\\\/skagerrak-forlag\\\/wp-content\\\/uploads\\\/2024\\\/04\\\/skagerrak-forlag.png\",\"width\":188,\"height\":47,\"caption\":\"Skagerrak Forlag AS\"},\"image\":{\"@id\":\"https:\\\/\\\/lmf.no\\\/skagerrak-forlag\\\/#\\\/schema\\\/logo\\\/image\\\/\"}}]}<\/script>\n<!-- \/ Yoast SEO plugin. -->","yoast_head_json":{"title":"L\u00e6remiddelforlaget - Skagerrak Forlag AS | Utgivelse av l\u00e6reb\u00f8ker","description":"Skagerrak Forlag utgir b\u00f8ker innenfor f\u00f8lgende omr\u00e5der: \u2013 Havneguiden \u2013 Nautisk litteratur \u2013 Kjente foredragsholdere \u2013 Lokal litteratur","robots":{"index":"index","follow":"follow","max-snippet":"max-snippet:-1","max-image-preview":"max-image-preview:large","max-video-preview":"max-video-preview:-1"},"canonical":"https:\/\/lmf.no\/skagerrak-forlag\/","og_locale":"nb_NO","og_type":"article","og_title":"L\u00e6remiddelforlaget - Skagerrak Forlag AS | Utgivelse av l\u00e6reb\u00f8ker","og_description":"Skagerrak Forlag utgir b\u00f8ker innenfor f\u00f8lgende omr\u00e5der: \u2013 Havneguiden \u2013 Nautisk litteratur \u2013 Kjente foredragsholdere \u2013 Lokal litteratur","og_url":"https:\/\/lmf.no\/skagerrak-forlag\/","og_site_name":"L\u00e6remiddelforlaget - Skagerrak Forlag AS","article_modified_time":"2024-04-30T07:43:59+00:00","og_image":[{"width":1200,"height":675,"url":"https:\/\/lmf.no\/skagerrak-forlag\/wp-content\/uploads\/2024\/04\/skagerrak-forlag.jpg","type":"image\/jpeg"}],"twitter_card":"summary_large_image","twitter_misc":{"Ansl. lesetid":"1 minutt"},"schema":{"@context":"https:\/\/schema.org","@graph":[{"@type":"WebPage","@id":"https:\/\/lmf.no\/skagerrak-forlag\/","url":"https:\/\/lmf.no\/skagerrak-forlag\/","name":"L\u00e6remiddelforlaget - Skagerrak Forlag AS | Utgivelse av l\u00e6reb\u00f8ker","isPartOf":{"@id":"https:\/\/lmf.no\/skagerrak-forlag\/#website"},"datePublished":"2014-11-20T07:57:03+00:00","dateModified":"2024-04-30T07:43:59+00:00","description":"Skagerrak Forlag utgir b\u00f8ker innenfor f\u00f8lgende omr\u00e5der: \u2013 Havneguiden \u2013 Nautisk litteratur \u2013 Kjente foredragsholdere \u2013 Lokal litteratur","breadcrumb":{"@id":"https:\/\/lmf.no\/skagerrak-forlag\/#breadcrumb"},"inLanguage":"nb-NO","potentialAction":[{"@type":"ReadAction","target":["https:\/\/lmf.no\/skagerrak-forlag\/"]}]},{"@type":"BreadcrumbList","@id":"https:\/\/lmf.no\/skagerrak-forlag\/#breadcrumb","itemListElement":[{"@type":"ListItem","position":1,"name":"Hjem","item":"https:\/\/lmf.no\/skagerrak-forlag\/"},{"@type":"ListItem","position":2,"name":"Forsiden"}]},{"@type":"WebSite","@id":"https:\/\/lmf.no\/skagerrak-forlag\/#website","url":"https:\/\/lmf.no\/skagerrak-forlag\/","name":"Skagerrak Forlag AS","description":"Utgivelse av l\u00e6reb\u00f8ker","publisher":{"@id":"https:\/\/lmf.no\/skagerrak-forlag\/#organization"},"alternateName":"L\u00e6remiddelforlaget - Skagerrak Forlag AS","potentialAction":[{"@type":"SearchAction","target":{"@type":"EntryPoint","urlTemplate":"https:\/\/lmf.no\/skagerrak-forlag\/?s={search_term_string}"},"query-input":{"@type":"PropertyValueSpecification","valueRequired":true,"valueName":"search_term_string"}}],"inLanguage":"nb-NO"},{"@type":"Organization","@id":"https:\/\/lmf.no\/skagerrak-forlag\/#organization","name":"Skagerrak Forlag AS","alternateName":"L\u00e6remiddelforlaget - Skagerrak Forlag","url":"https:\/\/lmf.no\/skagerrak-forlag\/","logo":{"@type":"ImageObject","inLanguage":"nb-NO","@id":"https:\/\/lmf.no\/skagerrak-forlag\/#\/schema\/logo\/image\/","url":"https:\/\/lmf.no\/skagerrak-forlag\/wp-content\/uploads\/2024\/04\/skagerrak-forlag.png","contentUrl":"https:\/\/lmf.no\/skagerrak-forlag\/wp-content\/uploads\/2024\/04\/skagerrak-forlag.png","width":188,"height":47,"caption":"Skagerrak Forlag AS"},"image":{"@id":"https:\/\/lmf.no\/skagerrak-forlag\/#\/schema\/logo\/image\/"}}]}},"_links":{"self":[{"href":"https:\/\/lmf.no\/skagerrak-forlag\/wp-json\/wp\/v2\/pages\/108","targetHints":{"allow":["GET"]}}],"collection":[{"href":"https:\/\/lmf.no\/skagerrak-forlag\/wp-json\/wp\/v2\/pages"}],"about":[{"href":"https:\/\/lmf.no\/skagerrak-forlag\/wp-json\/wp\/v2\/types\/page"}],"author":[{"embeddable":true,"href":"https:\/\/lmf.no\/skagerrak-forlag\/wp-json\/wp\/v2\/users\/1"}],"replies":[{"embeddable":true,"href":"https:\/\/lmf.no\/skagerrak-forlag\/wp-json\/wp\/v2\/comments?post=108"}],"version-history":[{"count":9,"href":"https:\/\/lmf.no\/skagerrak-forlag\/wp-json\/wp\/v2\/pages\/108\/revisions"}],"predecessor-version":[{"id":1869,"href":"https:\/\/lmf.no\/skagerrak-forlag\/wp-json\/wp\/v2\/pages\/108\/revisions\/1869"}],"wp:attachment":[{"href":"https:\/\/lmf.no\/skagerrak-forlag\/wp-json\/wp\/v2\/media?parent=108"}],"curies":[{"name":"wp","href":"https:\/\/api.w.org\/{rel}","templated":true}]}}