{"id":1511,"date":"2022-04-08T09:32:26","date_gmt":"2022-04-08T07:32:26","guid":{"rendered":"https:\/\/lmf.no\/skagerrak-forlag\/?post_type=product&#038;p=1511"},"modified":"2026-03-04T09:10:54","modified_gmt":"2026-03-04T08:10:54","slug":"tenk-om-det-gar","status":"publish","type":"product","link":"https:\/\/lmf.no\/skagerrak-forlag\/butikk\/foredragsholdere\/nina-nakling\/tenk-om-det-gar\/","title":{"rendered":"Tenk om det g\u00e5r!"},"content":{"rendered":"<p>Forfatter: Nina Nakling<br \/>\nISBN: 9788279972358<\/p>\n<p>Det er normalt \u00e5 v\u00e6re skeptisk, bekymret eller motvillig. Noen ganger er det lett \u00e5 tenke at det som ligger foran deg vil bli vanskelig, kanskje til og med umulig. Men \u2013 tenk om det g\u00e5r!<\/p>\n<p>Tvil er helt naturlig, og livet g\u00e5r i b\u00f8lgedaler, b\u00e5de privat og i jobb. Men, se for deg en matrett uten krydder. Ikke s\u00e5 fristende? S\u00e5nn kan man se p\u00e5 livet ogs\u00e5. Uten b\u00f8lgedalene ville livet v\u00e6rt en matrett uten krydder! \u00c5 leve livet godt handler om fokus, valg og vilje. Heldigvis har vi kraft til \u00e5 styre mesteparten av dette selv.<\/p>\n<p>Denne boken gir deg et \u00abTenk om det g\u00e5r!\u00bb-perspektiv p\u00e5 blant annet initiativ, handlekraft, motstand og endringsmot. Du vil kjenne p\u00e5 refleksjon, nyoppdagelse og gjenkjennelse. Ja, og det er en mulighet for at du vil trekke p\u00e5 smileb\u00e5ndet ogs\u00e5. Boken gir deg ogs\u00e5 tips og sp\u00f8rsm\u00e5l til ettertanke, slik at du kan fortsette refleksjonene alene eller sammen med kollegaer, familie eller venner.<\/p>\n<p>&nbsp;<\/p>\n<p>&nbsp;<\/p>\n<p>&nbsp;<\/p>\n<p>&nbsp;<\/p>\n<p>&nbsp;<\/p>\n<p>&nbsp;<\/p>","protected":false},"excerpt":{"rendered":"<p>Forfatter: Nina Nakling ISBN: 9788279972358 Det er normalt \u00e5 v\u00e6re skeptisk, bekymret eller motvillig. Noen ganger er det lett \u00e5 tenke at det som ligger foran<span class=\"excerpt-hellip\"> [\u2026]<\/span><\/p>\n","protected":false},"featured_media":2072,"template":"","meta":{"rs_blank_template":"","rs_page_bg_color":"","slide_template_v7":""},"product_brand":[],"product_cat":[19,47],"product_tag":[],"class_list":{"0":"post-1511","1":"product","2":"type-product","3":"status-publish","4":"has-post-thumbnail","6":"product_cat-foredragsholdere","7":"product_cat-nina-nakling","9":"first","10":"instock","11":"taxable","12":"shipping-taxable","13":"purchasable","14":"product-type-simple"},"yoast_head":"<!-- This site is optimized with the Yoast SEO plugin v27.4 - https:\/\/yoast.com\/product\/yoast-seo-wordpress\/ -->\n<title>Tenk om det g\u00e5r! | L\u00e6remiddelforlaget - Skagerrak Forlag AS<\/title>\n<meta name=\"robots\" content=\"index, follow, max-snippet:-1, max-image-preview:large, max-video-preview:-1\" \/>\n<link rel=\"canonical\" href=\"https:\/\/lmf.no\/skagerrak-forlag\/butikk\/foredragsholdere\/nina-nakling\/tenk-om-det-gar\/\" \/>\n<meta property=\"og:locale\" content=\"nb_NO\" \/>\n<meta property=\"og:type\" content=\"article\" \/>\n<meta property=\"og:title\" content=\"[:no]Tenk om det g\u00e5r![:] | L\u00e6remiddelforlaget - Skagerrak Forlag AS\" \/>\n<meta property=\"og:description\" content=\"Forfatter: Nina Nakling ISBN: 9788279972358 Det er normalt \u00e5 v\u00e6re skeptisk, bekymret eller motvillig. Noen ganger er det lett \u00e5 tenke at det som ligger foran [\u2026]\" \/>\n<meta property=\"og:url\" content=\"https:\/\/lmf.no\/skagerrak-forlag\/butikk\/foredragsholdere\/nina-nakling\/tenk-om-det-gar\/\" \/>\n<meta property=\"og:site_name\" content=\"L\u00e6remiddelforlaget - Skagerrak Forlag AS\" \/>\n<meta property=\"article:modified_time\" content=\"2026-03-04T08:10:54+00:00\" \/>\n<meta property=\"og:image\" content=\"https:\/\/lmf.no\/skagerrak-forlag\/wp-content\/uploads\/2022\/04\/Forside_Tenk-om-det-gar-2-scaled.jpg\" \/>\n\t<meta property=\"og:image:width\" content=\"1778\" \/>\n\t<meta property=\"og:image:height\" content=\"2560\" \/>\n\t<meta property=\"og:image:type\" content=\"image\/jpeg\" \/>\n<meta name=\"twitter:card\" content=\"summary_large_image\" \/>\n<meta name=\"twitter:label1\" content=\"Ansl. lesetid\" \/>\n\t<meta name=\"twitter:data1\" content=\"2 minutter\" \/>\n<script type=\"application\/ld+json\" class=\"yoast-schema-graph\">{\"@context\":\"https:\\\/\\\/schema.org\",\"@graph\":[{\"@type\":\"WebPage\",\"@id\":\"https:\\\/\\\/lmf.no\\\/skagerrak-forlag\\\/butikk\\\/foredragsholdere\\\/nina-nakling\\\/tenk-om-det-gar\\\/\",\"url\":\"https:\\\/\\\/lmf.no\\\/skagerrak-forlag\\\/butikk\\\/foredragsholdere\\\/nina-nakling\\\/tenk-om-det-gar\\\/\",\"name\":\"[:no]Tenk om det g\u00e5r![:] | L\u00e6remiddelforlaget - Skagerrak Forlag AS\",\"isPartOf\":{\"@id\":\"https:\\\/\\\/lmf.no\\\/skagerrak-forlag\\\/#website\"},\"primaryImageOfPage\":{\"@id\":\"https:\\\/\\\/lmf.no\\\/skagerrak-forlag\\\/butikk\\\/foredragsholdere\\\/nina-nakling\\\/tenk-om-det-gar\\\/#primaryimage\"},\"image\":{\"@id\":\"https:\\\/\\\/lmf.no\\\/skagerrak-forlag\\\/butikk\\\/foredragsholdere\\\/nina-nakling\\\/tenk-om-det-gar\\\/#primaryimage\"},\"thumbnailUrl\":\"https:\\\/\\\/lmf.no\\\/skagerrak-forlag\\\/wp-content\\\/uploads\\\/2022\\\/04\\\/Forside_Tenk-om-det-gar-2-scaled.jpg\",\"datePublished\":\"2022-04-08T07:32:26+00:00\",\"dateModified\":\"2026-03-04T08:10:54+00:00\",\"breadcrumb\":{\"@id\":\"https:\\\/\\\/lmf.no\\\/skagerrak-forlag\\\/butikk\\\/foredragsholdere\\\/nina-nakling\\\/tenk-om-det-gar\\\/#breadcrumb\"},\"inLanguage\":\"nb-NO\",\"potentialAction\":[{\"@type\":\"ReadAction\",\"target\":[\"https:\\\/\\\/lmf.no\\\/skagerrak-forlag\\\/butikk\\\/foredragsholdere\\\/nina-nakling\\\/tenk-om-det-gar\\\/\"]}]},{\"@type\":\"ImageObject\",\"inLanguage\":\"nb-NO\",\"@id\":\"https:\\\/\\\/lmf.no\\\/skagerrak-forlag\\\/butikk\\\/foredragsholdere\\\/nina-nakling\\\/tenk-om-det-gar\\\/#primaryimage\",\"url\":\"https:\\\/\\\/lmf.no\\\/skagerrak-forlag\\\/wp-content\\\/uploads\\\/2022\\\/04\\\/Forside_Tenk-om-det-gar-2-scaled.jpg\",\"contentUrl\":\"https:\\\/\\\/lmf.no\\\/skagerrak-forlag\\\/wp-content\\\/uploads\\\/2022\\\/04\\\/Forside_Tenk-om-det-gar-2-scaled.jpg\",\"width\":1778,\"height\":2560},{\"@type\":\"BreadcrumbList\",\"@id\":\"https:\\\/\\\/lmf.no\\\/skagerrak-forlag\\\/butikk\\\/foredragsholdere\\\/nina-nakling\\\/tenk-om-det-gar\\\/#breadcrumb\",\"itemListElement\":[{\"@type\":\"ListItem\",\"position\":1,\"name\":\"Hjem\",\"item\":\"https:\\\/\\\/lmf.no\\\/skagerrak-forlag\\\/\"},{\"@type\":\"ListItem\",\"position\":2,\"name\":\"Butikk\",\"item\":\"https:\\\/\\\/lmf.no\\\/skagerrak-forlag\\\/butikk-2\\\/\"},{\"@type\":\"ListItem\",\"position\":3,\"name\":\"Tenk om det g\u00e5r!\"}]},{\"@type\":\"WebSite\",\"@id\":\"https:\\\/\\\/lmf.no\\\/skagerrak-forlag\\\/#website\",\"url\":\"https:\\\/\\\/lmf.no\\\/skagerrak-forlag\\\/\",\"name\":\"Skagerrak Forlag AS\",\"description\":\"Utgivelse av l\u00e6reb\u00f8ker\",\"publisher\":{\"@id\":\"https:\\\/\\\/lmf.no\\\/skagerrak-forlag\\\/#organization\"},\"alternateName\":\"L\u00e6remiddelforlaget - Skagerrak Forlag AS\",\"potentialAction\":[{\"@type\":\"SearchAction\",\"target\":{\"@type\":\"EntryPoint\",\"urlTemplate\":\"https:\\\/\\\/lmf.no\\\/skagerrak-forlag\\\/?s={search_term_string}\"},\"query-input\":{\"@type\":\"PropertyValueSpecification\",\"valueRequired\":true,\"valueName\":\"search_term_string\"}}],\"inLanguage\":\"nb-NO\"},{\"@type\":\"Organization\",\"@id\":\"https:\\\/\\\/lmf.no\\\/skagerrak-forlag\\\/#organization\",\"name\":\"Skagerrak Forlag AS\",\"alternateName\":\"L\u00e6remiddelforlaget - Skagerrak Forlag\",\"url\":\"https:\\\/\\\/lmf.no\\\/skagerrak-forlag\\\/\",\"logo\":{\"@type\":\"ImageObject\",\"inLanguage\":\"nb-NO\",\"@id\":\"https:\\\/\\\/lmf.no\\\/skagerrak-forlag\\\/#\\\/schema\\\/logo\\\/image\\\/\",\"url\":\"https:\\\/\\\/lmf.no\\\/skagerrak-forlag\\\/wp-content\\\/uploads\\\/2024\\\/04\\\/skagerrak-forlag.png\",\"contentUrl\":\"https:\\\/\\\/lmf.no\\\/skagerrak-forlag\\\/wp-content\\\/uploads\\\/2024\\\/04\\\/skagerrak-forlag.png\",\"width\":188,\"height\":47,\"caption\":\"Skagerrak Forlag AS\"},\"image\":{\"@id\":\"https:\\\/\\\/lmf.no\\\/skagerrak-forlag\\\/#\\\/schema\\\/logo\\\/image\\\/\"}}]}<\/script>\n<!-- \/ Yoast SEO plugin. -->","yoast_head_json":{"title":"[:no]Tenk om det g\u00e5r![:] | L\u00e6remiddelforlaget - Skagerrak Forlag AS","robots":{"index":"index","follow":"follow","max-snippet":"max-snippet:-1","max-image-preview":"max-image-preview:large","max-video-preview":"max-video-preview:-1"},"canonical":"https:\/\/lmf.no\/skagerrak-forlag\/butikk\/foredragsholdere\/nina-nakling\/tenk-om-det-gar\/","og_locale":"nb_NO","og_type":"article","og_title":"[:no]Tenk om det g\u00e5r![:] | L\u00e6remiddelforlaget - Skagerrak Forlag AS","og_description":"Forfatter: Nina Nakling ISBN: 9788279972358 Det er normalt \u00e5 v\u00e6re skeptisk, bekymret eller motvillig. Noen ganger er det lett \u00e5 tenke at det som ligger foran [\u2026]","og_url":"https:\/\/lmf.no\/skagerrak-forlag\/butikk\/foredragsholdere\/nina-nakling\/tenk-om-det-gar\/","og_site_name":"L\u00e6remiddelforlaget - Skagerrak Forlag AS","article_modified_time":"2026-03-04T08:10:54+00:00","og_image":[{"width":1778,"height":2560,"url":"https:\/\/lmf.no\/skagerrak-forlag\/wp-content\/uploads\/2022\/04\/Forside_Tenk-om-det-gar-2-scaled.jpg","type":"image\/jpeg"}],"twitter_card":"summary_large_image","twitter_misc":{"Ansl. lesetid":"2 minutter"},"schema":{"@context":"https:\/\/schema.org","@graph":[{"@type":"WebPage","@id":"https:\/\/lmf.no\/skagerrak-forlag\/butikk\/foredragsholdere\/nina-nakling\/tenk-om-det-gar\/","url":"https:\/\/lmf.no\/skagerrak-forlag\/butikk\/foredragsholdere\/nina-nakling\/tenk-om-det-gar\/","name":"[:no]Tenk om det g\u00e5r![:] | L\u00e6remiddelforlaget - Skagerrak Forlag AS","isPartOf":{"@id":"https:\/\/lmf.no\/skagerrak-forlag\/#website"},"primaryImageOfPage":{"@id":"https:\/\/lmf.no\/skagerrak-forlag\/butikk\/foredragsholdere\/nina-nakling\/tenk-om-det-gar\/#primaryimage"},"image":{"@id":"https:\/\/lmf.no\/skagerrak-forlag\/butikk\/foredragsholdere\/nina-nakling\/tenk-om-det-gar\/#primaryimage"},"thumbnailUrl":"https:\/\/lmf.no\/skagerrak-forlag\/wp-content\/uploads\/2022\/04\/Forside_Tenk-om-det-gar-2-scaled.jpg","datePublished":"2022-04-08T07:32:26+00:00","dateModified":"2026-03-04T08:10:54+00:00","breadcrumb":{"@id":"https:\/\/lmf.no\/skagerrak-forlag\/butikk\/foredragsholdere\/nina-nakling\/tenk-om-det-gar\/#breadcrumb"},"inLanguage":"nb-NO","potentialAction":[{"@type":"ReadAction","target":["https:\/\/lmf.no\/skagerrak-forlag\/butikk\/foredragsholdere\/nina-nakling\/tenk-om-det-gar\/"]}]},{"@type":"ImageObject","inLanguage":"nb-NO","@id":"https:\/\/lmf.no\/skagerrak-forlag\/butikk\/foredragsholdere\/nina-nakling\/tenk-om-det-gar\/#primaryimage","url":"https:\/\/lmf.no\/skagerrak-forlag\/wp-content\/uploads\/2022\/04\/Forside_Tenk-om-det-gar-2-scaled.jpg","contentUrl":"https:\/\/lmf.no\/skagerrak-forlag\/wp-content\/uploads\/2022\/04\/Forside_Tenk-om-det-gar-2-scaled.jpg","width":1778,"height":2560},{"@type":"BreadcrumbList","@id":"https:\/\/lmf.no\/skagerrak-forlag\/butikk\/foredragsholdere\/nina-nakling\/tenk-om-det-gar\/#breadcrumb","itemListElement":[{"@type":"ListItem","position":1,"name":"Hjem","item":"https:\/\/lmf.no\/skagerrak-forlag\/"},{"@type":"ListItem","position":2,"name":"Butikk","item":"https:\/\/lmf.no\/skagerrak-forlag\/butikk-2\/"},{"@type":"ListItem","position":3,"name":"Tenk om det g\u00e5r!"}]},{"@type":"WebSite","@id":"https:\/\/lmf.no\/skagerrak-forlag\/#website","url":"https:\/\/lmf.no\/skagerrak-forlag\/","name":"Skagerrak Forlag AS","description":"Utgivelse av l\u00e6reb\u00f8ker","publisher":{"@id":"https:\/\/lmf.no\/skagerrak-forlag\/#organization"},"alternateName":"L\u00e6remiddelforlaget - Skagerrak Forlag AS","potentialAction":[{"@type":"SearchAction","target":{"@type":"EntryPoint","urlTemplate":"https:\/\/lmf.no\/skagerrak-forlag\/?s={search_term_string}"},"query-input":{"@type":"PropertyValueSpecification","valueRequired":true,"valueName":"search_term_string"}}],"inLanguage":"nb-NO"},{"@type":"Organization","@id":"https:\/\/lmf.no\/skagerrak-forlag\/#organization","name":"Skagerrak Forlag AS","alternateName":"L\u00e6remiddelforlaget - Skagerrak Forlag","url":"https:\/\/lmf.no\/skagerrak-forlag\/","logo":{"@type":"ImageObject","inLanguage":"nb-NO","@id":"https:\/\/lmf.no\/skagerrak-forlag\/#\/schema\/logo\/image\/","url":"https:\/\/lmf.no\/skagerrak-forlag\/wp-content\/uploads\/2024\/04\/skagerrak-forlag.png","contentUrl":"https:\/\/lmf.no\/skagerrak-forlag\/wp-content\/uploads\/2024\/04\/skagerrak-forlag.png","width":188,"height":47,"caption":"Skagerrak Forlag AS"},"image":{"@id":"https:\/\/lmf.no\/skagerrak-forlag\/#\/schema\/logo\/image\/"}}]}},"_links":{"self":[{"href":"https:\/\/lmf.no\/skagerrak-forlag\/wp-json\/wp\/v2\/product\/1511","targetHints":{"allow":["GET"]}}],"collection":[{"href":"https:\/\/lmf.no\/skagerrak-forlag\/wp-json\/wp\/v2\/product"}],"about":[{"href":"https:\/\/lmf.no\/skagerrak-forlag\/wp-json\/wp\/v2\/types\/product"}],"wp:featuredmedia":[{"embeddable":true,"href":"https:\/\/lmf.no\/skagerrak-forlag\/wp-json\/wp\/v2\/media\/2072"}],"wp:attachment":[{"href":"https:\/\/lmf.no\/skagerrak-forlag\/wp-json\/wp\/v2\/media?parent=1511"}],"wp:term":[{"taxonomy":"product_brand","embeddable":true,"href":"https:\/\/lmf.no\/skagerrak-forlag\/wp-json\/wp\/v2\/product_brand?post=1511"},{"taxonomy":"product_cat","embeddable":true,"href":"https:\/\/lmf.no\/skagerrak-forlag\/wp-json\/wp\/v2\/product_cat?post=1511"},{"taxonomy":"product_tag","embeddable":true,"href":"https:\/\/lmf.no\/skagerrak-forlag\/wp-json\/wp\/v2\/product_tag?post=1511"}],"curies":[{"name":"wp","href":"https:\/\/api.w.org\/{rel}","templated":true}]}}