{"id":1723,"date":"2023-02-08T12:18:28","date_gmt":"2023-02-08T11:18:28","guid":{"rendered":"https:\/\/lmf.no\/skagerrak-forlag\/?post_type=product&#038;p=1723"},"modified":"2024-04-30T10:11:04","modified_gmt":"2024-04-30T08:11:04","slug":"hamnguiden-10-hoga-kusten-arholma","status":"publish","type":"product","link":"https:\/\/lmf.no\/skagerrak-forlag\/butikk\/havneguidenharbour\/hamnguiden-10-hoga-kusten-arholma\/","title":{"rendered":"Hamnguiden 10, H\u00f6ga kusten &#8211; Arholma"},"content":{"rendered":"<p>Forfattere: Ardebrant, Jansson, Nordstr\u00f6m, Sannel, Skoogh<br \/>\nISBN: 9788279972402<\/p>\n<p>Den h\u00e4r boken beskriver 206 natur-, klubb- och g\u00e4sthamnar fr\u00e5n H\u00f6ga kusten i norr till Arholma i s\u00f6der. H\u00e4r beskrivs k\u00e4nda och mindre k\u00e4nda naturhamnar, h\u00e4r ges tips om leder, och g\u00e4sthamnarna redovisas detaljerat med service och f\u00f6rt\u00f6jningsm\u00f6jligheter. Alla hamnar presenteras med en detaljerad Hamnguidekarta, en helikopterbild, en guidande text samt en faktaruta.<br \/>\nHamnguiden 10 \u00e4r en helt nyproducerad bok som tagits fram i samarbete med Svenska B\u00e5tunionens b\u00e5tf\u00f6rbund l\u00e4ngs kuststr\u00e4ckan. Samtliga Hamnguidekartor i boken \u00e4r producerade av Hydrographica och \u00e4r baserade p\u00e5 Hydrographicas bepr\u00f6vade sj\u00f6m\u00e4tningsteknik med 3D-flygfoto som underlag. Varje Hamnguidekarta har dessutom kontrollerats och verifierats genom kompletterande sj\u00f6m\u00e4tningar p\u00e5 plats.<br \/>\nHelikopterbilderna och markeringarna ger dig en snabb \u00f6versikt \u00f6ver varje hamn, med dess atmosf\u00e4r, faciliteter, inseglingsleder, faror och f\u00f6rt\u00f6jningsm\u00f6jligheter. Stenar och grund att t\u00e4nka p\u00e5 speciellt \u00e4r markerade p\u00e5 bilderna.<\/p>\n<p><a href=\"https:\/\/www.flipsnack.com\/skagerrak\/hg10_pageflip\/full-view.html\" target=\"_blank\" rel=\"noopener noreferrer\">Bl\u00e4ddra i boken<\/a><\/p>\n<p><a href=\"https:\/\/www.harbourguide.com\/\">Havneguiden Online<\/a><\/p>","protected":false},"excerpt":{"rendered":"<p>Forfattere: Ardebrant, Jansson, Nordstr\u00f6m, Sannel, Skoogh ISBN: 9788279972402 Den h\u00e4r boken beskriver 206 natur-, klubb- och g\u00e4sthamnar fr\u00e5n H\u00f6ga kusten i norr till Arholma i s\u00f6der.<span class=\"excerpt-hellip\"> [\u2026]<\/span><\/p>\n","protected":false},"featured_media":1724,"template":"","meta":{"rs_blank_template":"","rs_page_bg_color":"","slide_template_v7":""},"product_brand":[],"product_cat":[27],"product_tag":[],"class_list":{"0":"post-1723","1":"product","2":"type-product","3":"status-publish","4":"has-post-thumbnail","6":"product_cat-havneguidenharbour","8":"first","9":"instock","10":"taxable","11":"shipping-taxable","12":"purchasable","13":"product-type-simple"},"yoast_head":"<!-- This site is optimized with the Yoast SEO plugin v27.6 - https:\/\/yoast.com\/product\/yoast-seo-wordpress\/ -->\n<title>Hamnguiden 10, H\u00f6ga kusten - Arholma | L\u00e6remiddelforlaget - Skagerrak Forlag AS<\/title>\n<meta name=\"description\" content=\"Den h\u00e4r boken beskriver 206 natur-, klubb- och g\u00e4sthamnar fr\u00e5n H\u00f6ga kusten i norr till Arholma i s\u00f6der. H\u00e4r beskrivs k\u00e4nda och mindre k\u00e4nda naturhamnar.\" \/>\n<meta name=\"robots\" content=\"index, follow, max-snippet:-1, max-image-preview:large, max-video-preview:-1\" \/>\n<link rel=\"canonical\" href=\"https:\/\/lmf.no\/skagerrak-forlag\/butikk\/havneguidenharbour\/hamnguiden-10-hoga-kusten-arholma\/\" \/>\n<meta property=\"og:locale\" content=\"nb_NO\" \/>\n<meta property=\"og:type\" content=\"article\" \/>\n<meta property=\"og:title\" content=\"[:no]Hamnguiden 10, H\u00f6ga kusten - Arholma[:] | L\u00e6remiddelforlaget - Skagerrak Forlag AS\" \/>\n<meta property=\"og:description\" content=\"Den h\u00e4r boken beskriver 206 natur-, klubb- och g\u00e4sthamnar fr\u00e5n H\u00f6ga kusten i norr till Arholma i s\u00f6der. H\u00e4r beskrivs k\u00e4nda och mindre k\u00e4nda naturhamnar.\" \/>\n<meta property=\"og:url\" content=\"https:\/\/lmf.no\/skagerrak-forlag\/butikk\/havneguidenharbour\/hamnguiden-10-hoga-kusten-arholma\/\" \/>\n<meta property=\"og:site_name\" content=\"L\u00e6remiddelforlaget - Skagerrak Forlag AS\" \/>\n<meta property=\"article:modified_time\" content=\"2024-04-30T08:11:04+00:00\" \/>\n<meta property=\"og:image\" content=\"https:\/\/lmf.no\/skagerrak-forlag\/wp-content\/uploads\/2023\/02\/HG10_forside.jpg\" \/>\n\t<meta property=\"og:image:width\" content=\"600\" \/>\n\t<meta property=\"og:image:height\" content=\"850\" \/>\n\t<meta property=\"og:image:type\" content=\"image\/jpeg\" \/>\n<meta name=\"twitter:card\" content=\"summary_large_image\" \/>\n<meta name=\"twitter:label1\" content=\"Ansl. lesetid\" \/>\n\t<meta name=\"twitter:data1\" content=\"1 minutt\" \/>\n<script type=\"application\/ld+json\" class=\"yoast-schema-graph\">{\"@context\":\"https:\\\/\\\/schema.org\",\"@graph\":[{\"@type\":\"WebPage\",\"@id\":\"https:\\\/\\\/lmf.no\\\/skagerrak-forlag\\\/butikk\\\/havneguidenharbour\\\/hamnguiden-10-hoga-kusten-arholma\\\/\",\"url\":\"https:\\\/\\\/lmf.no\\\/skagerrak-forlag\\\/butikk\\\/havneguidenharbour\\\/hamnguiden-10-hoga-kusten-arholma\\\/\",\"name\":\"[:no]Hamnguiden 10, H\u00f6ga kusten - Arholma[:] | L\u00e6remiddelforlaget - Skagerrak Forlag AS\",\"isPartOf\":{\"@id\":\"https:\\\/\\\/lmf.no\\\/skagerrak-forlag\\\/#website\"},\"primaryImageOfPage\":{\"@id\":\"https:\\\/\\\/lmf.no\\\/skagerrak-forlag\\\/butikk\\\/havneguidenharbour\\\/hamnguiden-10-hoga-kusten-arholma\\\/#primaryimage\"},\"image\":{\"@id\":\"https:\\\/\\\/lmf.no\\\/skagerrak-forlag\\\/butikk\\\/havneguidenharbour\\\/hamnguiden-10-hoga-kusten-arholma\\\/#primaryimage\"},\"thumbnailUrl\":\"https:\\\/\\\/lmf.no\\\/skagerrak-forlag\\\/wp-content\\\/uploads\\\/2023\\\/02\\\/HG10_forside.jpg\",\"datePublished\":\"2023-02-08T11:18:28+00:00\",\"dateModified\":\"2024-04-30T08:11:04+00:00\",\"description\":\"Den h\u00e4r boken beskriver 206 natur-, klubb- och g\u00e4sthamnar fr\u00e5n H\u00f6ga kusten i norr till Arholma i s\u00f6der. H\u00e4r beskrivs k\u00e4nda och mindre k\u00e4nda naturhamnar.\",\"breadcrumb\":{\"@id\":\"https:\\\/\\\/lmf.no\\\/skagerrak-forlag\\\/butikk\\\/havneguidenharbour\\\/hamnguiden-10-hoga-kusten-arholma\\\/#breadcrumb\"},\"inLanguage\":\"nb-NO\",\"potentialAction\":[{\"@type\":\"ReadAction\",\"target\":[\"https:\\\/\\\/lmf.no\\\/skagerrak-forlag\\\/butikk\\\/havneguidenharbour\\\/hamnguiden-10-hoga-kusten-arholma\\\/\"]}]},{\"@type\":\"ImageObject\",\"inLanguage\":\"nb-NO\",\"@id\":\"https:\\\/\\\/lmf.no\\\/skagerrak-forlag\\\/butikk\\\/havneguidenharbour\\\/hamnguiden-10-hoga-kusten-arholma\\\/#primaryimage\",\"url\":\"https:\\\/\\\/lmf.no\\\/skagerrak-forlag\\\/wp-content\\\/uploads\\\/2023\\\/02\\\/HG10_forside.jpg\",\"contentUrl\":\"https:\\\/\\\/lmf.no\\\/skagerrak-forlag\\\/wp-content\\\/uploads\\\/2023\\\/02\\\/HG10_forside.jpg\",\"width\":600,\"height\":850},{\"@type\":\"BreadcrumbList\",\"@id\":\"https:\\\/\\\/lmf.no\\\/skagerrak-forlag\\\/butikk\\\/havneguidenharbour\\\/hamnguiden-10-hoga-kusten-arholma\\\/#breadcrumb\",\"itemListElement\":[{\"@type\":\"ListItem\",\"position\":1,\"name\":\"Hjem\",\"item\":\"https:\\\/\\\/lmf.no\\\/skagerrak-forlag\\\/\"},{\"@type\":\"ListItem\",\"position\":2,\"name\":\"Butikk\",\"item\":\"https:\\\/\\\/lmf.no\\\/skagerrak-forlag\\\/butikk-2\\\/\"},{\"@type\":\"ListItem\",\"position\":3,\"name\":\"Hamnguiden 10, H\u00f6ga kusten &#8211; Arholma\"}]},{\"@type\":\"WebSite\",\"@id\":\"https:\\\/\\\/lmf.no\\\/skagerrak-forlag\\\/#website\",\"url\":\"https:\\\/\\\/lmf.no\\\/skagerrak-forlag\\\/\",\"name\":\"Skagerrak Forlag AS\",\"description\":\"Utgivelse av l\u00e6reb\u00f8ker\",\"publisher\":{\"@id\":\"https:\\\/\\\/lmf.no\\\/skagerrak-forlag\\\/#organization\"},\"alternateName\":\"L\u00e6remiddelforlaget - Skagerrak Forlag AS\",\"potentialAction\":[{\"@type\":\"SearchAction\",\"target\":{\"@type\":\"EntryPoint\",\"urlTemplate\":\"https:\\\/\\\/lmf.no\\\/skagerrak-forlag\\\/?s={search_term_string}\"},\"query-input\":{\"@type\":\"PropertyValueSpecification\",\"valueRequired\":true,\"valueName\":\"search_term_string\"}}],\"inLanguage\":\"nb-NO\"},{\"@type\":\"Organization\",\"@id\":\"https:\\\/\\\/lmf.no\\\/skagerrak-forlag\\\/#organization\",\"name\":\"Skagerrak Forlag AS\",\"alternateName\":\"L\u00e6remiddelforlaget - Skagerrak Forlag\",\"url\":\"https:\\\/\\\/lmf.no\\\/skagerrak-forlag\\\/\",\"logo\":{\"@type\":\"ImageObject\",\"inLanguage\":\"nb-NO\",\"@id\":\"https:\\\/\\\/lmf.no\\\/skagerrak-forlag\\\/#\\\/schema\\\/logo\\\/image\\\/\",\"url\":\"https:\\\/\\\/lmf.no\\\/skagerrak-forlag\\\/wp-content\\\/uploads\\\/2024\\\/04\\\/skagerrak-forlag.png\",\"contentUrl\":\"https:\\\/\\\/lmf.no\\\/skagerrak-forlag\\\/wp-content\\\/uploads\\\/2024\\\/04\\\/skagerrak-forlag.png\",\"width\":188,\"height\":47,\"caption\":\"Skagerrak Forlag AS\"},\"image\":{\"@id\":\"https:\\\/\\\/lmf.no\\\/skagerrak-forlag\\\/#\\\/schema\\\/logo\\\/image\\\/\"}}]}<\/script>\n<!-- \/ Yoast SEO plugin. -->","yoast_head_json":{"title":"[:no]Hamnguiden 10, H\u00f6ga kusten - Arholma[:] | L\u00e6remiddelforlaget - Skagerrak Forlag AS","description":"Den h\u00e4r boken beskriver 206 natur-, klubb- och g\u00e4sthamnar fr\u00e5n H\u00f6ga kusten i norr till Arholma i s\u00f6der. H\u00e4r beskrivs k\u00e4nda och mindre k\u00e4nda naturhamnar.","robots":{"index":"index","follow":"follow","max-snippet":"max-snippet:-1","max-image-preview":"max-image-preview:large","max-video-preview":"max-video-preview:-1"},"canonical":"https:\/\/lmf.no\/skagerrak-forlag\/butikk\/havneguidenharbour\/hamnguiden-10-hoga-kusten-arholma\/","og_locale":"nb_NO","og_type":"article","og_title":"[:no]Hamnguiden 10, H\u00f6ga kusten - Arholma[:] | L\u00e6remiddelforlaget - Skagerrak Forlag AS","og_description":"Den h\u00e4r boken beskriver 206 natur-, klubb- och g\u00e4sthamnar fr\u00e5n H\u00f6ga kusten i norr till Arholma i s\u00f6der. H\u00e4r beskrivs k\u00e4nda och mindre k\u00e4nda naturhamnar.","og_url":"https:\/\/lmf.no\/skagerrak-forlag\/butikk\/havneguidenharbour\/hamnguiden-10-hoga-kusten-arholma\/","og_site_name":"L\u00e6remiddelforlaget - Skagerrak Forlag AS","article_modified_time":"2024-04-30T08:11:04+00:00","og_image":[{"width":600,"height":850,"url":"https:\/\/lmf.no\/skagerrak-forlag\/wp-content\/uploads\/2023\/02\/HG10_forside.jpg","type":"image\/jpeg"}],"twitter_card":"summary_large_image","twitter_misc":{"Ansl. lesetid":"1 minutt"},"schema":{"@context":"https:\/\/schema.org","@graph":[{"@type":"WebPage","@id":"https:\/\/lmf.no\/skagerrak-forlag\/butikk\/havneguidenharbour\/hamnguiden-10-hoga-kusten-arholma\/","url":"https:\/\/lmf.no\/skagerrak-forlag\/butikk\/havneguidenharbour\/hamnguiden-10-hoga-kusten-arholma\/","name":"[:no]Hamnguiden 10, H\u00f6ga kusten - Arholma[:] | L\u00e6remiddelforlaget - Skagerrak Forlag AS","isPartOf":{"@id":"https:\/\/lmf.no\/skagerrak-forlag\/#website"},"primaryImageOfPage":{"@id":"https:\/\/lmf.no\/skagerrak-forlag\/butikk\/havneguidenharbour\/hamnguiden-10-hoga-kusten-arholma\/#primaryimage"},"image":{"@id":"https:\/\/lmf.no\/skagerrak-forlag\/butikk\/havneguidenharbour\/hamnguiden-10-hoga-kusten-arholma\/#primaryimage"},"thumbnailUrl":"https:\/\/lmf.no\/skagerrak-forlag\/wp-content\/uploads\/2023\/02\/HG10_forside.jpg","datePublished":"2023-02-08T11:18:28+00:00","dateModified":"2024-04-30T08:11:04+00:00","description":"Den h\u00e4r boken beskriver 206 natur-, klubb- och g\u00e4sthamnar fr\u00e5n H\u00f6ga kusten i norr till Arholma i s\u00f6der. H\u00e4r beskrivs k\u00e4nda och mindre k\u00e4nda naturhamnar.","breadcrumb":{"@id":"https:\/\/lmf.no\/skagerrak-forlag\/butikk\/havneguidenharbour\/hamnguiden-10-hoga-kusten-arholma\/#breadcrumb"},"inLanguage":"nb-NO","potentialAction":[{"@type":"ReadAction","target":["https:\/\/lmf.no\/skagerrak-forlag\/butikk\/havneguidenharbour\/hamnguiden-10-hoga-kusten-arholma\/"]}]},{"@type":"ImageObject","inLanguage":"nb-NO","@id":"https:\/\/lmf.no\/skagerrak-forlag\/butikk\/havneguidenharbour\/hamnguiden-10-hoga-kusten-arholma\/#primaryimage","url":"https:\/\/lmf.no\/skagerrak-forlag\/wp-content\/uploads\/2023\/02\/HG10_forside.jpg","contentUrl":"https:\/\/lmf.no\/skagerrak-forlag\/wp-content\/uploads\/2023\/02\/HG10_forside.jpg","width":600,"height":850},{"@type":"BreadcrumbList","@id":"https:\/\/lmf.no\/skagerrak-forlag\/butikk\/havneguidenharbour\/hamnguiden-10-hoga-kusten-arholma\/#breadcrumb","itemListElement":[{"@type":"ListItem","position":1,"name":"Hjem","item":"https:\/\/lmf.no\/skagerrak-forlag\/"},{"@type":"ListItem","position":2,"name":"Butikk","item":"https:\/\/lmf.no\/skagerrak-forlag\/butikk-2\/"},{"@type":"ListItem","position":3,"name":"Hamnguiden 10, H\u00f6ga kusten &#8211; Arholma"}]},{"@type":"WebSite","@id":"https:\/\/lmf.no\/skagerrak-forlag\/#website","url":"https:\/\/lmf.no\/skagerrak-forlag\/","name":"Skagerrak Forlag AS","description":"Utgivelse av l\u00e6reb\u00f8ker","publisher":{"@id":"https:\/\/lmf.no\/skagerrak-forlag\/#organization"},"alternateName":"L\u00e6remiddelforlaget - Skagerrak Forlag AS","potentialAction":[{"@type":"SearchAction","target":{"@type":"EntryPoint","urlTemplate":"https:\/\/lmf.no\/skagerrak-forlag\/?s={search_term_string}"},"query-input":{"@type":"PropertyValueSpecification","valueRequired":true,"valueName":"search_term_string"}}],"inLanguage":"nb-NO"},{"@type":"Organization","@id":"https:\/\/lmf.no\/skagerrak-forlag\/#organization","name":"Skagerrak Forlag AS","alternateName":"L\u00e6remiddelforlaget - Skagerrak Forlag","url":"https:\/\/lmf.no\/skagerrak-forlag\/","logo":{"@type":"ImageObject","inLanguage":"nb-NO","@id":"https:\/\/lmf.no\/skagerrak-forlag\/#\/schema\/logo\/image\/","url":"https:\/\/lmf.no\/skagerrak-forlag\/wp-content\/uploads\/2024\/04\/skagerrak-forlag.png","contentUrl":"https:\/\/lmf.no\/skagerrak-forlag\/wp-content\/uploads\/2024\/04\/skagerrak-forlag.png","width":188,"height":47,"caption":"Skagerrak Forlag AS"},"image":{"@id":"https:\/\/lmf.no\/skagerrak-forlag\/#\/schema\/logo\/image\/"}}]}},"_links":{"self":[{"href":"https:\/\/lmf.no\/skagerrak-forlag\/wp-json\/wp\/v2\/product\/1723","targetHints":{"allow":["GET"]}}],"collection":[{"href":"https:\/\/lmf.no\/skagerrak-forlag\/wp-json\/wp\/v2\/product"}],"about":[{"href":"https:\/\/lmf.no\/skagerrak-forlag\/wp-json\/wp\/v2\/types\/product"}],"wp:featuredmedia":[{"embeddable":true,"href":"https:\/\/lmf.no\/skagerrak-forlag\/wp-json\/wp\/v2\/media\/1724"}],"wp:attachment":[{"href":"https:\/\/lmf.no\/skagerrak-forlag\/wp-json\/wp\/v2\/media?parent=1723"}],"wp:term":[{"taxonomy":"product_brand","embeddable":true,"href":"https:\/\/lmf.no\/skagerrak-forlag\/wp-json\/wp\/v2\/product_brand?post=1723"},{"taxonomy":"product_cat","embeddable":true,"href":"https:\/\/lmf.no\/skagerrak-forlag\/wp-json\/wp\/v2\/product_cat?post=1723"},{"taxonomy":"product_tag","embeddable":true,"href":"https:\/\/lmf.no\/skagerrak-forlag\/wp-json\/wp\/v2\/product_tag?post=1723"}],"curies":[{"name":"wp","href":"https:\/\/api.w.org\/{rel}","templated":true}]}}